{"id":62761,"date":"2026-04-27T04:43:15","date_gmt":"2026-04-27T04:43:15","guid":{"rendered":""},"modified":"2026-04-27T04:43:15","modified_gmt":"2026-04-27T04:43:15","slug":"advantix-cleviva-vkladaci-prvek-do-sprchoveho-zlabku-champagne-794-156-ihned-k-objednani-62761","status":"publish","type":"product","link":"https:\/\/www.domkraftpro.com\/index.php\/produkt\/advantix-cleviva-vkladaci-prvek-do-sprchoveho-zlabku-champagne-794-156-ihned-k-objednani-62761\/","title":{"rendered":"Advantix Cleviva vkl\u00e1dac\u00ed prvek do sprchov\u00e9ho \u017el\u00e1bku champagne, 794 156 Ihned K Objedn\u00e1n\u00ed"},"content":{"rendered":"<div class=\"basic-description\">\n<h3>Detailn\u00ed popis produktu<\/h3>\n<p><span style=\"font-size: 14pt;\">Advantix Cleviva vkl\u00e1dac\u00ed prvek do sprchov\u00e9ho \u017el\u00e1bku champagne, 794 156<\/span><\/p>\n<p>&nbsp;<\/p>\n<p><span style=\"font-size: 11pt; font-family: 'Source Sans 3', sans-serif;\">Visign C1&nbsp;<\/span><span style=\"font-size: 11pt; font-family: 'Source Sans 3', sans-serif;\">jednoduch\u00fd vtokov\u00fd otvor<\/span><\/p>\n<ul>\n<li><span style=\"font-size: 11pt; font-family: 'Source Sans 3', sans-serif;\">pro pou\u017eit\u00ed s n\u00e1sleduj\u00edc\u00edmi v\u00fdrobky:&nbsp;<br \/>&#8211;&nbsp;Advantix Cleviva-odtok sprchov\u00e9ho \u017el\u00e1bku model 4981.90<br \/>&#8211;&nbsp;Advantix Cleviva-z\u00e1kladn\u00ed t\u011bleso sprchov\u00e9ho \u017el\u00e1bku model 4981.80<br \/>&#8211;&nbsp;Advantix Cleviva-z\u00e1kladn\u00ed t\u011bleso sprchov\u00e9ho \u017el\u00e1bku model 4981.81\n<p><\/span><\/li>\n<li><span style=\"font-size: 11pt; font-family: 'Source Sans 3', sans-serif;\">u\u0161lechtil\u00e1 ocel 1.4301<\/span><\/li>\n<\/ul>\n<p>&nbsp;<\/p>\n<h3><span style=\"font-size: 11pt;\"><strong><span style=\"font-family: 'Source Sans 3', sans-serif;\">Upozorn\u011bn\u00ed:<\/span><\/strong><\/span><\/h3>\n<p><span style=\"font-size: 11pt; font-family: 'Source Sans 3', sans-serif;\">Na PVD povr\u0161\u00edch se mohou objevit barevn\u00e9 odchylky v d\u016fsledku pou\u017eit\u00fdch v\u00fdrobn\u00edch proces\u016f, povahy z\u00e1kladn\u00edho materi\u00e1lu a sv\u011bteln\u00fdch podm\u00ednek.<\/span><\/p>\n<p><span style=\"font-size: 11pt; font-family: 'Source Sans 3', sans-serif;\"><strong><\/strong><\/span><\/p>\n<p><span style=\"font-size: 11pt; font-family: 'Source Sans 3', sans-serif;\"><strong>model 4981.50<\/strong><\/span><\/p>\n<\/p><\/div>\n","protected":false},"excerpt":{"rendered":"<p>Detailn\u00ed popis produktu Advantix Cleviva vkl\u00e1dac\u00ed prvek do sprchov\u00e9ho \u017el\u00e1bku champagne, 794 156 &nbsp; Visign C1&nbsp;jednoduch\u00fd vtokov\u00fd otvor pro pou\u017eit\u00ed s n\u00e1sleduj\u00edc\u00edmi v\u00fdrobky:&nbsp;&#8211;&nbsp;Advantix Cleviva-odtok sprchov\u00e9ho \u017el\u00e1bku model 4981.90&#8211;&nbsp;Advantix Cleviva-z\u00e1kladn\u00ed t\u011bleso sprchov\u00e9ho \u017el\u00e1bku model 4981.80&#8211;&nbsp;Advantix Cleviva-z\u00e1kladn\u00ed t\u011bleso sprchov\u00e9ho \u017el\u00e1bku model 4981.81 u\u0161lechtil\u00e1 ocel 1.4301 &nbsp; Upozorn\u011bn\u00ed: Na PVD povr\u0161\u00edch se mohou objevit barevn\u00e9 odchylky v d\u016fsledku [&hellip;]<\/p>\n","protected":false},"featured_media":62861,"comment_status":"open","ping_status":"open","template":"","meta":[],"product_brand":[],"product_cat":[96],"product_tag":[],"class_list":{"0":"post-62761","1":"product","2":"type-product","3":"status-publish","4":"has-post-thumbnail","6":"product_cat-koupelny-a-sanitarni-technika","8":"first","9":"instock","10":"sale","11":"shipping-taxable","12":"purchasable","13":"product-type-simple"},"yoast_head":"<!-- This site is optimized with the Yoast SEO plugin v26.8 - https:\/\/yoast.com\/product\/yoast-seo-wordpress\/ -->\n<title>Advantix Cleviva vkl\u00e1dac\u00ed prvek do sprchov\u00e9ho \u017el\u00e1bku champagne, 794 156 Ihned K Objedn\u00e1n\u00ed -<\/title>\n<meta name=\"robots\" content=\"index, follow, max-snippet:-1, max-image-preview:large, max-video-preview:-1\" \/>\n<link rel=\"canonical\" href=\"https:\/\/www.domkraftpro.com\/index.php\/produkt\/advantix-cleviva-vkladaci-prvek-do-sprchoveho-zlabku-champagne-794-156-ihned-k-objednani-62761\/\" \/>\n<meta property=\"og:locale\" content=\"cs_CZ\" \/>\n<meta property=\"og:type\" content=\"article\" \/>\n<meta property=\"og:title\" content=\"Advantix Cleviva vkl\u00e1dac\u00ed prvek do sprchov\u00e9ho \u017el\u00e1bku champagne, 794 156 Ihned K Objedn\u00e1n\u00ed -\" \/>\n<meta property=\"og:description\" content=\"Detailn\u00ed popis produktu Advantix Cleviva vkl\u00e1dac\u00ed prvek do sprchov\u00e9ho \u017el\u00e1bku champagne, 794 156 &nbsp; Visign C1&nbsp;jednoduch\u00fd vtokov\u00fd otvor pro pou\u017eit\u00ed s n\u00e1sleduj\u00edc\u00edmi v\u00fdrobky:&nbsp;&#8211;&nbsp;Advantix Cleviva-odtok sprchov\u00e9ho \u017el\u00e1bku model 4981.90&#8211;&nbsp;Advantix Cleviva-z\u00e1kladn\u00ed t\u011bleso sprchov\u00e9ho \u017el\u00e1bku model 4981.80&#8211;&nbsp;Advantix Cleviva-z\u00e1kladn\u00ed t\u011bleso sprchov\u00e9ho \u017el\u00e1bku model 4981.81 u\u0161lechtil\u00e1 ocel 1.4301 &nbsp; Upozorn\u011bn\u00ed: Na PVD povr\u0161\u00edch se mohou objevit barevn\u00e9 odchylky v d\u016fsledku [&hellip;]\" \/>\n<meta property=\"og:url\" content=\"https:\/\/www.domkraftpro.com\/index.php\/produkt\/advantix-cleviva-vkladaci-prvek-do-sprchoveho-zlabku-champagne-794-156-ihned-k-objednani-62761\/\" \/>\n<meta property=\"og:image\" content=\"https:\/\/www.domkraftpro.com\/wp-content\/uploads\/2026\/SK0008375-CZ20260425-093351-0-1777080838-1210038_1_794156-jpg.webp\" \/>\n\t<meta property=\"og:image:width\" content=\"1000\" \/>\n\t<meta property=\"og:image:height\" content=\"750\" \/>\n\t<meta property=\"og:image:type\" content=\"image\/webp\" \/>\n<meta name=\"twitter:card\" content=\"summary_large_image\" \/>\n<meta name=\"twitter:label1\" content=\"Odhadovan\u00e1 doba \u010dten\u00ed\" \/>\n\t<meta name=\"twitter:data1\" content=\"1 minuta\" \/>\n<script type=\"application\/ld+json\" class=\"yoast-schema-graph\">{\"@context\":\"https:\/\/schema.org\",\"@graph\":[{\"@type\":\"WebPage\",\"@id\":\"https:\/\/www.domkraftpro.com\/index.php\/produkt\/advantix-cleviva-vkladaci-prvek-do-sprchoveho-zlabku-champagne-794-156-ihned-k-objednani-62761\/\",\"url\":\"https:\/\/www.domkraftpro.com\/index.php\/produkt\/advantix-cleviva-vkladaci-prvek-do-sprchoveho-zlabku-champagne-794-156-ihned-k-objednani-62761\/\",\"name\":\"Advantix Cleviva vkl\u00e1dac\u00ed prvek do sprchov\u00e9ho \u017el\u00e1bku champagne, 794 156 Ihned K Objedn\u00e1n\u00ed -\",\"isPartOf\":{\"@id\":\"https:\/\/www.domkraftpro.com\/#website\"},\"primaryImageOfPage\":{\"@id\":\"https:\/\/www.domkraftpro.com\/index.php\/produkt\/advantix-cleviva-vkladaci-prvek-do-sprchoveho-zlabku-champagne-794-156-ihned-k-objednani-62761\/#primaryimage\"},\"image\":{\"@id\":\"https:\/\/www.domkraftpro.com\/index.php\/produkt\/advantix-cleviva-vkladaci-prvek-do-sprchoveho-zlabku-champagne-794-156-ihned-k-objednani-62761\/#primaryimage\"},\"thumbnailUrl\":\"https:\/\/www.domkraftpro.com\/wp-content\/uploads\/2026\/SK0008375-CZ20260425-093351-0-1777080838-1210038_1_794156-jpg.webp\",\"datePublished\":\"2026-04-27T04:43:15+00:00\",\"breadcrumb\":{\"@id\":\"https:\/\/www.domkraftpro.com\/index.php\/produkt\/advantix-cleviva-vkladaci-prvek-do-sprchoveho-zlabku-champagne-794-156-ihned-k-objednani-62761\/#breadcrumb\"},\"inLanguage\":\"cs\",\"potentialAction\":[{\"@type\":\"ReadAction\",\"target\":[\"https:\/\/www.domkraftpro.com\/index.php\/produkt\/advantix-cleviva-vkladaci-prvek-do-sprchoveho-zlabku-champagne-794-156-ihned-k-objednani-62761\/\"]}]},{\"@type\":\"ImageObject\",\"inLanguage\":\"cs\",\"@id\":\"https:\/\/www.domkraftpro.com\/index.php\/produkt\/advantix-cleviva-vkladaci-prvek-do-sprchoveho-zlabku-champagne-794-156-ihned-k-objednani-62761\/#primaryimage\",\"url\":\"https:\/\/www.domkraftpro.com\/wp-content\/uploads\/2026\/SK0008375-CZ20260425-093351-0-1777080838-1210038_1_794156-jpg.webp\",\"contentUrl\":\"https:\/\/www.domkraftpro.com\/wp-content\/uploads\/2026\/SK0008375-CZ20260425-093351-0-1777080838-1210038_1_794156-jpg.webp\",\"width\":1000,\"height\":750},{\"@type\":\"BreadcrumbList\",\"@id\":\"https:\/\/www.domkraftpro.com\/index.php\/produkt\/advantix-cleviva-vkladaci-prvek-do-sprchoveho-zlabku-champagne-794-156-ihned-k-objednani-62761\/#breadcrumb\",\"itemListElement\":[{\"@type\":\"ListItem\",\"position\":1,\"name\":\"Home\",\"item\":\"https:\/\/www.domkraftpro.com\/\"},{\"@type\":\"ListItem\",\"position\":2,\"name\":\"Products\",\"item\":\"https:\/\/www.domkraftpro.com\/index.php\/products\/\"},{\"@type\":\"ListItem\",\"position\":3,\"name\":\"Advantix Cleviva vkl\u00e1dac\u00ed prvek do sprchov\u00e9ho \u017el\u00e1bku champagne, 794 156 Ihned K Objedn\u00e1n\u00ed\"}]},{\"@type\":\"WebSite\",\"@id\":\"https:\/\/www.domkraftpro.com\/#website\",\"url\":\"https:\/\/www.domkraftpro.com\/\",\"name\":\"\",\"description\":\"\",\"potentialAction\":[{\"@type\":\"SearchAction\",\"target\":{\"@type\":\"EntryPoint\",\"urlTemplate\":\"https:\/\/www.domkraftpro.com\/?s={search_term_string}\"},\"query-input\":{\"@type\":\"PropertyValueSpecification\",\"valueRequired\":true,\"valueName\":\"search_term_string\"}}],\"inLanguage\":\"cs\"}]}<\/script>\n<!-- \/ Yoast SEO plugin. -->","yoast_head_json":{"title":"Advantix Cleviva vkl\u00e1dac\u00ed prvek do sprchov\u00e9ho \u017el\u00e1bku champagne, 794 156 Ihned K Objedn\u00e1n\u00ed -","robots":{"index":"index","follow":"follow","max-snippet":"max-snippet:-1","max-image-preview":"max-image-preview:large","max-video-preview":"max-video-preview:-1"},"canonical":"https:\/\/www.domkraftpro.com\/index.php\/produkt\/advantix-cleviva-vkladaci-prvek-do-sprchoveho-zlabku-champagne-794-156-ihned-k-objednani-62761\/","og_locale":"cs_CZ","og_type":"article","og_title":"Advantix Cleviva vkl\u00e1dac\u00ed prvek do sprchov\u00e9ho \u017el\u00e1bku champagne, 794 156 Ihned K Objedn\u00e1n\u00ed -","og_description":"Detailn\u00ed popis produktu Advantix Cleviva vkl\u00e1dac\u00ed prvek do sprchov\u00e9ho \u017el\u00e1bku champagne, 794 156 &nbsp; Visign C1&nbsp;jednoduch\u00fd vtokov\u00fd otvor pro pou\u017eit\u00ed s n\u00e1sleduj\u00edc\u00edmi v\u00fdrobky:&nbsp;&#8211;&nbsp;Advantix Cleviva-odtok sprchov\u00e9ho \u017el\u00e1bku model 4981.90&#8211;&nbsp;Advantix Cleviva-z\u00e1kladn\u00ed t\u011bleso sprchov\u00e9ho \u017el\u00e1bku model 4981.80&#8211;&nbsp;Advantix Cleviva-z\u00e1kladn\u00ed t\u011bleso sprchov\u00e9ho \u017el\u00e1bku model 4981.81 u\u0161lechtil\u00e1 ocel 1.4301 &nbsp; Upozorn\u011bn\u00ed: Na PVD povr\u0161\u00edch se mohou objevit barevn\u00e9 odchylky v d\u016fsledku [&hellip;]","og_url":"https:\/\/www.domkraftpro.com\/index.php\/produkt\/advantix-cleviva-vkladaci-prvek-do-sprchoveho-zlabku-champagne-794-156-ihned-k-objednani-62761\/","og_image":[{"width":1000,"height":750,"url":"https:\/\/www.domkraftpro.com\/wp-content\/uploads\/2026\/SK0008375-CZ20260425-093351-0-1777080838-1210038_1_794156-jpg.webp","type":"image\/webp"}],"twitter_card":"summary_large_image","twitter_misc":{"Odhadovan\u00e1 doba \u010dten\u00ed":"1 minuta"},"schema":{"@context":"https:\/\/schema.org","@graph":[{"@type":"WebPage","@id":"https:\/\/www.domkraftpro.com\/index.php\/produkt\/advantix-cleviva-vkladaci-prvek-do-sprchoveho-zlabku-champagne-794-156-ihned-k-objednani-62761\/","url":"https:\/\/www.domkraftpro.com\/index.php\/produkt\/advantix-cleviva-vkladaci-prvek-do-sprchoveho-zlabku-champagne-794-156-ihned-k-objednani-62761\/","name":"Advantix Cleviva vkl\u00e1dac\u00ed prvek do sprchov\u00e9ho \u017el\u00e1bku champagne, 794 156 Ihned K Objedn\u00e1n\u00ed -","isPartOf":{"@id":"https:\/\/www.domkraftpro.com\/#website"},"primaryImageOfPage":{"@id":"https:\/\/www.domkraftpro.com\/index.php\/produkt\/advantix-cleviva-vkladaci-prvek-do-sprchoveho-zlabku-champagne-794-156-ihned-k-objednani-62761\/#primaryimage"},"image":{"@id":"https:\/\/www.domkraftpro.com\/index.php\/produkt\/advantix-cleviva-vkladaci-prvek-do-sprchoveho-zlabku-champagne-794-156-ihned-k-objednani-62761\/#primaryimage"},"thumbnailUrl":"https:\/\/www.domkraftpro.com\/wp-content\/uploads\/2026\/SK0008375-CZ20260425-093351-0-1777080838-1210038_1_794156-jpg.webp","datePublished":"2026-04-27T04:43:15+00:00","breadcrumb":{"@id":"https:\/\/www.domkraftpro.com\/index.php\/produkt\/advantix-cleviva-vkladaci-prvek-do-sprchoveho-zlabku-champagne-794-156-ihned-k-objednani-62761\/#breadcrumb"},"inLanguage":"cs","potentialAction":[{"@type":"ReadAction","target":["https:\/\/www.domkraftpro.com\/index.php\/produkt\/advantix-cleviva-vkladaci-prvek-do-sprchoveho-zlabku-champagne-794-156-ihned-k-objednani-62761\/"]}]},{"@type":"ImageObject","inLanguage":"cs","@id":"https:\/\/www.domkraftpro.com\/index.php\/produkt\/advantix-cleviva-vkladaci-prvek-do-sprchoveho-zlabku-champagne-794-156-ihned-k-objednani-62761\/#primaryimage","url":"https:\/\/www.domkraftpro.com\/wp-content\/uploads\/2026\/SK0008375-CZ20260425-093351-0-1777080838-1210038_1_794156-jpg.webp","contentUrl":"https:\/\/www.domkraftpro.com\/wp-content\/uploads\/2026\/SK0008375-CZ20260425-093351-0-1777080838-1210038_1_794156-jpg.webp","width":1000,"height":750},{"@type":"BreadcrumbList","@id":"https:\/\/www.domkraftpro.com\/index.php\/produkt\/advantix-cleviva-vkladaci-prvek-do-sprchoveho-zlabku-champagne-794-156-ihned-k-objednani-62761\/#breadcrumb","itemListElement":[{"@type":"ListItem","position":1,"name":"Home","item":"https:\/\/www.domkraftpro.com\/"},{"@type":"ListItem","position":2,"name":"Products","item":"https:\/\/www.domkraftpro.com\/index.php\/products\/"},{"@type":"ListItem","position":3,"name":"Advantix Cleviva vkl\u00e1dac\u00ed prvek do sprchov\u00e9ho \u017el\u00e1bku champagne, 794 156 Ihned K Objedn\u00e1n\u00ed"}]},{"@type":"WebSite","@id":"https:\/\/www.domkraftpro.com\/#website","url":"https:\/\/www.domkraftpro.com\/","name":"","description":"","potentialAction":[{"@type":"SearchAction","target":{"@type":"EntryPoint","urlTemplate":"https:\/\/www.domkraftpro.com\/?s={search_term_string}"},"query-input":{"@type":"PropertyValueSpecification","valueRequired":true,"valueName":"search_term_string"}}],"inLanguage":"cs"}]}},"_links":{"self":[{"href":"https:\/\/www.domkraftpro.com\/index.php\/wp-json\/wp\/v2\/product\/62761","targetHints":{"allow":["GET"]}}],"collection":[{"href":"https:\/\/www.domkraftpro.com\/index.php\/wp-json\/wp\/v2\/product"}],"about":[{"href":"https:\/\/www.domkraftpro.com\/index.php\/wp-json\/wp\/v2\/types\/product"}],"replies":[{"embeddable":true,"href":"https:\/\/www.domkraftpro.com\/index.php\/wp-json\/wp\/v2\/comments?post=62761"}],"wp:featuredmedia":[{"embeddable":true,"href":"https:\/\/www.domkraftpro.com\/index.php\/wp-json\/wp\/v2\/media\/62861"}],"wp:attachment":[{"href":"https:\/\/www.domkraftpro.com\/index.php\/wp-json\/wp\/v2\/media?parent=62761"}],"wp:term":[{"taxonomy":"product_brand","embeddable":true,"href":"https:\/\/www.domkraftpro.com\/index.php\/wp-json\/wp\/v2\/product_brand?post=62761"},{"taxonomy":"product_cat","embeddable":true,"href":"https:\/\/www.domkraftpro.com\/index.php\/wp-json\/wp\/v2\/product_cat?post=62761"},{"taxonomy":"product_tag","embeddable":true,"href":"https:\/\/www.domkraftpro.com\/index.php\/wp-json\/wp\/v2\/product_tag?post=62761"}],"curies":[{"name":"wp","href":"https:\/\/api.w.org\/{rel}","templated":true}]}}