{"id":62760,"date":"2026-04-27T04:43:15","date_gmt":"2026-04-27T04:43:15","guid":{"rendered":""},"modified":"2026-04-27T04:43:15","modified_gmt":"2026-04-27T04:43:15","slug":"advantix-cleviva-profil-sprchoveho-zlabku-champagne-1200-mm-794-392-odeslani-ihned-62760","status":"publish","type":"product","link":"https:\/\/www.domkraftpro.com\/index.php\/produkt\/advantix-cleviva-profil-sprchoveho-zlabku-champagne-1200-mm-794-392-odeslani-ihned-62760\/","title":{"rendered":"Advantix Cleviva profil sprchov\u00e9ho \u017el\u00e1bku champagne 1200 mm, 794 392 Odesl\u00e1n\u00ed Ihned"},"content":{"rendered":"<div class=\"basic-description\">\n<h3>Detailn\u00ed popis produktu<\/h3>\n<div class=\"c-headline c-headline--h2\" data-controller=\"c-headline\">\n<h2 class=\"a-headline a-headline--h2 c-headline__headline g-spacing-bottom--medium\" id=\"model\"><span style=\"font-family: 'Source Sans 3', sans-serif; font-size: 14pt;\">Advantix Cleviva profil sprchov\u00e9ho \u017el\u00e1bku champagne 1200 mm, 794 392<\/span><\/h2>\n<h2 class=\"a-headline a-headline--h2 c-headline__headline g-spacing-bottom--medium\"><\/h2>\n<\/div>\n<div class=\"m-richtext g-spacing-bottom--medium\">\n<ul>\n<li><span style=\"font-family: 'Source Sans 3', sans-serif; font-size: 11pt;\">pro pou\u017eit\u00ed s n\u00e1sleduj\u00edc\u00edmi v\u00fdrobky:<br \/>&#8211;&nbsp;&nbsp;Advantix Cleviva-odtok sprchov\u00e9ho \u017el\u00e1bku model 4981.90<br \/>&#8211;&nbsp;Advantix Cleviva-z\u00e1kladn\u00ed t\u011bleso sprchov\u00e9ho \u017el\u00e1bku model 4981.80<br \/>&#8211;&nbsp;Advantix Cleviva-z\u00e1kladn\u00ed t\u011bleso sprchov\u00e9ho \u017el\u00e1bku model 4981.81\n<p><\/span><\/li>\n<li><span style=\"font-family: 'Source Sans 3', sans-serif; font-size: 11pt;\">u\u0161lechtil\u00e1 ocel 1.4301<\/span><\/li>\n<\/ul>\n<h3><span style=\"font-family: 'Source Sans 3', sans-serif; font-size: 11pt;\"><\/span><\/h3>\n<h3><span style=\"font-size: 11pt;\"><strong><span style=\"font-family: 'Source Sans 3', sans-serif;\">Upozorn\u011bn\u00ed:<\/span><\/strong><\/span><\/h3>\n<p><span style=\"font-family: 'Source Sans 3', sans-serif; font-size: 11pt;\">Na PVD povr\u0161\u00edch se mohou objevit barevn\u00e9 odchylky v d\u016fsledku pou\u017eit\u00fdch v\u00fdrobn\u00edch proces\u016f, povahy z\u00e1kladn\u00edho materi\u00e1lu a sv\u011bteln\u00fdch podm\u00ednek.<\/span><\/p>\n<p><span style=\"font-family: 'Source Sans 3', sans-serif; font-size: 11pt;\"><strong><br \/>model 4981.32<\/strong><\/span><\/div>\n<\/p><\/div>\n","protected":false},"excerpt":{"rendered":"<p>Detailn\u00ed popis produktu Advantix Cleviva profil sprchov\u00e9ho \u017el\u00e1bku champagne 1200 mm, 794 392 pro pou\u017eit\u00ed s n\u00e1sleduj\u00edc\u00edmi v\u00fdrobky:&#8211;&nbsp;&nbsp;Advantix Cleviva-odtok sprchov\u00e9ho \u017el\u00e1bku model 4981.90&#8211;&nbsp;Advantix Cleviva-z\u00e1kladn\u00ed t\u011bleso sprchov\u00e9ho \u017el\u00e1bku model 4981.80&#8211;&nbsp;Advantix Cleviva-z\u00e1kladn\u00ed t\u011bleso sprchov\u00e9ho \u017el\u00e1bku model 4981.81 u\u0161lechtil\u00e1 ocel 1.4301 Upozorn\u011bn\u00ed: Na PVD povr\u0161\u00edch se mohou objevit barevn\u00e9 odchylky v d\u016fsledku pou\u017eit\u00fdch v\u00fdrobn\u00edch proces\u016f, povahy z\u00e1kladn\u00edho materi\u00e1lu [&hellip;]<\/p>\n","protected":false},"featured_media":62860,"comment_status":"open","ping_status":"open","template":"","meta":[],"product_brand":[],"product_cat":[96],"product_tag":[],"class_list":{"0":"post-62760","1":"product","2":"type-product","3":"status-publish","4":"has-post-thumbnail","6":"product_cat-koupelny-a-sanitarni-technika","8":"first","9":"instock","10":"sale","11":"shipping-taxable","12":"purchasable","13":"product-type-simple"},"yoast_head":"<!-- This site is optimized with the Yoast SEO plugin v26.8 - https:\/\/yoast.com\/product\/yoast-seo-wordpress\/ -->\n<title>Advantix Cleviva profil sprchov\u00e9ho \u017el\u00e1bku champagne 1200 mm, 794 392 Odesl\u00e1n\u00ed Ihned -<\/title>\n<meta name=\"robots\" content=\"index, follow, max-snippet:-1, max-image-preview:large, max-video-preview:-1\" \/>\n<link rel=\"canonical\" href=\"https:\/\/www.domkraftpro.com\/index.php\/produkt\/advantix-cleviva-profil-sprchoveho-zlabku-champagne-1200-mm-794-392-odeslani-ihned-62760\/\" \/>\n<meta property=\"og:locale\" content=\"cs_CZ\" \/>\n<meta property=\"og:type\" content=\"article\" \/>\n<meta property=\"og:title\" content=\"Advantix Cleviva profil sprchov\u00e9ho \u017el\u00e1bku champagne 1200 mm, 794 392 Odesl\u00e1n\u00ed Ihned -\" \/>\n<meta property=\"og:description\" content=\"Detailn\u00ed popis produktu Advantix Cleviva profil sprchov\u00e9ho \u017el\u00e1bku champagne 1200 mm, 794 392 pro pou\u017eit\u00ed s n\u00e1sleduj\u00edc\u00edmi v\u00fdrobky:&#8211;&nbsp;&nbsp;Advantix Cleviva-odtok sprchov\u00e9ho \u017el\u00e1bku model 4981.90&#8211;&nbsp;Advantix Cleviva-z\u00e1kladn\u00ed t\u011bleso sprchov\u00e9ho \u017el\u00e1bku model 4981.80&#8211;&nbsp;Advantix Cleviva-z\u00e1kladn\u00ed t\u011bleso sprchov\u00e9ho \u017el\u00e1bku model 4981.81 u\u0161lechtil\u00e1 ocel 1.4301 Upozorn\u011bn\u00ed: Na PVD povr\u0161\u00edch se mohou objevit barevn\u00e9 odchylky v d\u016fsledku pou\u017eit\u00fdch v\u00fdrobn\u00edch proces\u016f, povahy z\u00e1kladn\u00edho materi\u00e1lu [&hellip;]\" \/>\n<meta property=\"og:url\" content=\"https:\/\/www.domkraftpro.com\/index.php\/produkt\/advantix-cleviva-profil-sprchoveho-zlabku-champagne-1200-mm-794-392-odeslani-ihned-62760\/\" \/>\n<meta property=\"og:image\" content=\"https:\/\/www.domkraftpro.com\/wp-content\/uploads\/2026\/SK0008374-CZ20260425-093351-0-1777080838-1210041_1_794392-jpg.webp\" \/>\n\t<meta property=\"og:image:width\" content=\"1000\" \/>\n\t<meta property=\"og:image:height\" content=\"750\" \/>\n\t<meta property=\"og:image:type\" content=\"image\/webp\" \/>\n<meta name=\"twitter:card\" content=\"summary_large_image\" \/>\n<script type=\"application\/ld+json\" class=\"yoast-schema-graph\">{\"@context\":\"https:\/\/schema.org\",\"@graph\":[{\"@type\":\"WebPage\",\"@id\":\"https:\/\/www.domkraftpro.com\/index.php\/produkt\/advantix-cleviva-profil-sprchoveho-zlabku-champagne-1200-mm-794-392-odeslani-ihned-62760\/\",\"url\":\"https:\/\/www.domkraftpro.com\/index.php\/produkt\/advantix-cleviva-profil-sprchoveho-zlabku-champagne-1200-mm-794-392-odeslani-ihned-62760\/\",\"name\":\"Advantix Cleviva profil sprchov\u00e9ho \u017el\u00e1bku champagne 1200 mm, 794 392 Odesl\u00e1n\u00ed Ihned -\",\"isPartOf\":{\"@id\":\"https:\/\/www.domkraftpro.com\/#website\"},\"primaryImageOfPage\":{\"@id\":\"https:\/\/www.domkraftpro.com\/index.php\/produkt\/advantix-cleviva-profil-sprchoveho-zlabku-champagne-1200-mm-794-392-odeslani-ihned-62760\/#primaryimage\"},\"image\":{\"@id\":\"https:\/\/www.domkraftpro.com\/index.php\/produkt\/advantix-cleviva-profil-sprchoveho-zlabku-champagne-1200-mm-794-392-odeslani-ihned-62760\/#primaryimage\"},\"thumbnailUrl\":\"https:\/\/www.domkraftpro.com\/wp-content\/uploads\/2026\/SK0008374-CZ20260425-093351-0-1777080838-1210041_1_794392-jpg.webp\",\"datePublished\":\"2026-04-27T04:43:15+00:00\",\"breadcrumb\":{\"@id\":\"https:\/\/www.domkraftpro.com\/index.php\/produkt\/advantix-cleviva-profil-sprchoveho-zlabku-champagne-1200-mm-794-392-odeslani-ihned-62760\/#breadcrumb\"},\"inLanguage\":\"cs\",\"potentialAction\":[{\"@type\":\"ReadAction\",\"target\":[\"https:\/\/www.domkraftpro.com\/index.php\/produkt\/advantix-cleviva-profil-sprchoveho-zlabku-champagne-1200-mm-794-392-odeslani-ihned-62760\/\"]}]},{\"@type\":\"ImageObject\",\"inLanguage\":\"cs\",\"@id\":\"https:\/\/www.domkraftpro.com\/index.php\/produkt\/advantix-cleviva-profil-sprchoveho-zlabku-champagne-1200-mm-794-392-odeslani-ihned-62760\/#primaryimage\",\"url\":\"https:\/\/www.domkraftpro.com\/wp-content\/uploads\/2026\/SK0008374-CZ20260425-093351-0-1777080838-1210041_1_794392-jpg.webp\",\"contentUrl\":\"https:\/\/www.domkraftpro.com\/wp-content\/uploads\/2026\/SK0008374-CZ20260425-093351-0-1777080838-1210041_1_794392-jpg.webp\",\"width\":1000,\"height\":750},{\"@type\":\"BreadcrumbList\",\"@id\":\"https:\/\/www.domkraftpro.com\/index.php\/produkt\/advantix-cleviva-profil-sprchoveho-zlabku-champagne-1200-mm-794-392-odeslani-ihned-62760\/#breadcrumb\",\"itemListElement\":[{\"@type\":\"ListItem\",\"position\":1,\"name\":\"Home\",\"item\":\"https:\/\/www.domkraftpro.com\/\"},{\"@type\":\"ListItem\",\"position\":2,\"name\":\"Products\",\"item\":\"https:\/\/www.domkraftpro.com\/index.php\/products\/\"},{\"@type\":\"ListItem\",\"position\":3,\"name\":\"Advantix Cleviva profil sprchov\u00e9ho \u017el\u00e1bku champagne 1200 mm, 794 392 Odesl\u00e1n\u00ed Ihned\"}]},{\"@type\":\"WebSite\",\"@id\":\"https:\/\/www.domkraftpro.com\/#website\",\"url\":\"https:\/\/www.domkraftpro.com\/\",\"name\":\"\",\"description\":\"\",\"potentialAction\":[{\"@type\":\"SearchAction\",\"target\":{\"@type\":\"EntryPoint\",\"urlTemplate\":\"https:\/\/www.domkraftpro.com\/?s={search_term_string}\"},\"query-input\":{\"@type\":\"PropertyValueSpecification\",\"valueRequired\":true,\"valueName\":\"search_term_string\"}}],\"inLanguage\":\"cs\"}]}<\/script>\n<!-- \/ Yoast SEO plugin. -->","yoast_head_json":{"title":"Advantix Cleviva profil sprchov\u00e9ho \u017el\u00e1bku champagne 1200 mm, 794 392 Odesl\u00e1n\u00ed Ihned -","robots":{"index":"index","follow":"follow","max-snippet":"max-snippet:-1","max-image-preview":"max-image-preview:large","max-video-preview":"max-video-preview:-1"},"canonical":"https:\/\/www.domkraftpro.com\/index.php\/produkt\/advantix-cleviva-profil-sprchoveho-zlabku-champagne-1200-mm-794-392-odeslani-ihned-62760\/","og_locale":"cs_CZ","og_type":"article","og_title":"Advantix Cleviva profil sprchov\u00e9ho \u017el\u00e1bku champagne 1200 mm, 794 392 Odesl\u00e1n\u00ed Ihned -","og_description":"Detailn\u00ed popis produktu Advantix Cleviva profil sprchov\u00e9ho \u017el\u00e1bku champagne 1200 mm, 794 392 pro pou\u017eit\u00ed s n\u00e1sleduj\u00edc\u00edmi v\u00fdrobky:&#8211;&nbsp;&nbsp;Advantix Cleviva-odtok sprchov\u00e9ho \u017el\u00e1bku model 4981.90&#8211;&nbsp;Advantix Cleviva-z\u00e1kladn\u00ed t\u011bleso sprchov\u00e9ho \u017el\u00e1bku model 4981.80&#8211;&nbsp;Advantix Cleviva-z\u00e1kladn\u00ed t\u011bleso sprchov\u00e9ho \u017el\u00e1bku model 4981.81 u\u0161lechtil\u00e1 ocel 1.4301 Upozorn\u011bn\u00ed: Na PVD povr\u0161\u00edch se mohou objevit barevn\u00e9 odchylky v d\u016fsledku pou\u017eit\u00fdch v\u00fdrobn\u00edch proces\u016f, povahy z\u00e1kladn\u00edho materi\u00e1lu [&hellip;]","og_url":"https:\/\/www.domkraftpro.com\/index.php\/produkt\/advantix-cleviva-profil-sprchoveho-zlabku-champagne-1200-mm-794-392-odeslani-ihned-62760\/","og_image":[{"width":1000,"height":750,"url":"https:\/\/www.domkraftpro.com\/wp-content\/uploads\/2026\/SK0008374-CZ20260425-093351-0-1777080838-1210041_1_794392-jpg.webp","type":"image\/webp"}],"twitter_card":"summary_large_image","schema":{"@context":"https:\/\/schema.org","@graph":[{"@type":"WebPage","@id":"https:\/\/www.domkraftpro.com\/index.php\/produkt\/advantix-cleviva-profil-sprchoveho-zlabku-champagne-1200-mm-794-392-odeslani-ihned-62760\/","url":"https:\/\/www.domkraftpro.com\/index.php\/produkt\/advantix-cleviva-profil-sprchoveho-zlabku-champagne-1200-mm-794-392-odeslani-ihned-62760\/","name":"Advantix Cleviva profil sprchov\u00e9ho \u017el\u00e1bku champagne 1200 mm, 794 392 Odesl\u00e1n\u00ed Ihned -","isPartOf":{"@id":"https:\/\/www.domkraftpro.com\/#website"},"primaryImageOfPage":{"@id":"https:\/\/www.domkraftpro.com\/index.php\/produkt\/advantix-cleviva-profil-sprchoveho-zlabku-champagne-1200-mm-794-392-odeslani-ihned-62760\/#primaryimage"},"image":{"@id":"https:\/\/www.domkraftpro.com\/index.php\/produkt\/advantix-cleviva-profil-sprchoveho-zlabku-champagne-1200-mm-794-392-odeslani-ihned-62760\/#primaryimage"},"thumbnailUrl":"https:\/\/www.domkraftpro.com\/wp-content\/uploads\/2026\/SK0008374-CZ20260425-093351-0-1777080838-1210041_1_794392-jpg.webp","datePublished":"2026-04-27T04:43:15+00:00","breadcrumb":{"@id":"https:\/\/www.domkraftpro.com\/index.php\/produkt\/advantix-cleviva-profil-sprchoveho-zlabku-champagne-1200-mm-794-392-odeslani-ihned-62760\/#breadcrumb"},"inLanguage":"cs","potentialAction":[{"@type":"ReadAction","target":["https:\/\/www.domkraftpro.com\/index.php\/produkt\/advantix-cleviva-profil-sprchoveho-zlabku-champagne-1200-mm-794-392-odeslani-ihned-62760\/"]}]},{"@type":"ImageObject","inLanguage":"cs","@id":"https:\/\/www.domkraftpro.com\/index.php\/produkt\/advantix-cleviva-profil-sprchoveho-zlabku-champagne-1200-mm-794-392-odeslani-ihned-62760\/#primaryimage","url":"https:\/\/www.domkraftpro.com\/wp-content\/uploads\/2026\/SK0008374-CZ20260425-093351-0-1777080838-1210041_1_794392-jpg.webp","contentUrl":"https:\/\/www.domkraftpro.com\/wp-content\/uploads\/2026\/SK0008374-CZ20260425-093351-0-1777080838-1210041_1_794392-jpg.webp","width":1000,"height":750},{"@type":"BreadcrumbList","@id":"https:\/\/www.domkraftpro.com\/index.php\/produkt\/advantix-cleviva-profil-sprchoveho-zlabku-champagne-1200-mm-794-392-odeslani-ihned-62760\/#breadcrumb","itemListElement":[{"@type":"ListItem","position":1,"name":"Home","item":"https:\/\/www.domkraftpro.com\/"},{"@type":"ListItem","position":2,"name":"Products","item":"https:\/\/www.domkraftpro.com\/index.php\/products\/"},{"@type":"ListItem","position":3,"name":"Advantix Cleviva profil sprchov\u00e9ho \u017el\u00e1bku champagne 1200 mm, 794 392 Odesl\u00e1n\u00ed Ihned"}]},{"@type":"WebSite","@id":"https:\/\/www.domkraftpro.com\/#website","url":"https:\/\/www.domkraftpro.com\/","name":"","description":"","potentialAction":[{"@type":"SearchAction","target":{"@type":"EntryPoint","urlTemplate":"https:\/\/www.domkraftpro.com\/?s={search_term_string}"},"query-input":{"@type":"PropertyValueSpecification","valueRequired":true,"valueName":"search_term_string"}}],"inLanguage":"cs"}]}},"_links":{"self":[{"href":"https:\/\/www.domkraftpro.com\/index.php\/wp-json\/wp\/v2\/product\/62760","targetHints":{"allow":["GET"]}}],"collection":[{"href":"https:\/\/www.domkraftpro.com\/index.php\/wp-json\/wp\/v2\/product"}],"about":[{"href":"https:\/\/www.domkraftpro.com\/index.php\/wp-json\/wp\/v2\/types\/product"}],"replies":[{"embeddable":true,"href":"https:\/\/www.domkraftpro.com\/index.php\/wp-json\/wp\/v2\/comments?post=62760"}],"wp:featuredmedia":[{"embeddable":true,"href":"https:\/\/www.domkraftpro.com\/index.php\/wp-json\/wp\/v2\/media\/62860"}],"wp:attachment":[{"href":"https:\/\/www.domkraftpro.com\/index.php\/wp-json\/wp\/v2\/media?parent=62760"}],"wp:term":[{"taxonomy":"product_brand","embeddable":true,"href":"https:\/\/www.domkraftpro.com\/index.php\/wp-json\/wp\/v2\/product_brand?post=62760"},{"taxonomy":"product_cat","embeddable":true,"href":"https:\/\/www.domkraftpro.com\/index.php\/wp-json\/wp\/v2\/product_cat?post=62760"},{"taxonomy":"product_tag","embeddable":true,"href":"https:\/\/www.domkraftpro.com\/index.php\/wp-json\/wp\/v2\/product_tag?post=62760"}],"curies":[{"name":"wp","href":"https:\/\/api.w.org\/{rel}","templated":true}]}}