{"id":62535,"date":"2026-04-27T04:43:14","date_gmt":"2026-04-27T04:43:14","guid":{"rendered":""},"modified":"2026-04-27T04:43:14","modified_gmt":"2026-04-27T04:43:14","slug":"znackovy-nimco-nikau-chrom-toaletni-wc-kartac-s-hranatou-rukojeti-nk-30094kn-hr-26-62535","status":"publish","type":"product","link":"https:\/\/www.domkraftpro.com\/index.php\/produkt\/znackovy-nimco-nikau-chrom-toaletni-wc-kartac-s-hranatou-rukojeti-nk-30094kn-hr-26-62535\/","title":{"rendered":"Zna\u010dkov\u00fd Nimco NIKAU &#8211; Chrom Toaletn\u00ed WC kart\u00e1\u010d s hranatou rukojet\u00ed NK 30094KN-HR-26"},"content":{"rendered":"<div class=\"basic-description\">\n<h3>Detailn\u00ed popis produktu<\/h3>\n<p>                                    WC \u0161t\u011btka s dr\u017e\u00e1kem na ze\u010f n\u00edzk\u00e1 keramick\u00e1 n\u00e1doba, hranat\u00e1 rukoje\u0165, chrom je skv\u011bl\u00fdm dopl\u0148kem k WC.&nbsp;  Toaletn\u00ed WC kart\u00e1\u010d s hranatou rukojet\u00ed bude koupeln\u011b slu\u0161et mnohem v\u00edce, pokud zvol\u00edte i dal\u0161\u00ed dopl\u0148ky s\u00e9rie Nikau z nab\u00eddky koupelnov\u00fdch a WC dopl\u0148k\u016f NIMCO.                            <\/p><\/div>\n","protected":false},"excerpt":{"rendered":"<p>Detailn\u00ed popis produktu WC \u0161t\u011btka s dr\u017e\u00e1kem na ze\u010f n\u00edzk\u00e1 keramick\u00e1 n\u00e1doba, hranat\u00e1 rukoje\u0165, chrom je skv\u011bl\u00fdm dopl\u0148kem k WC.&nbsp; Toaletn\u00ed WC kart\u00e1\u010d s hranatou rukojet\u00ed bude koupeln\u011b slu\u0161et mnohem v\u00edce, pokud zvol\u00edte i dal\u0161\u00ed dopl\u0148ky s\u00e9rie Nikau z nab\u00eddky koupelnov\u00fdch a WC dopl\u0148k\u016f NIMCO.<\/p>\n","protected":false},"featured_media":62635,"comment_status":"open","ping_status":"open","template":"","meta":[],"product_brand":[],"product_cat":[96],"product_tag":[],"class_list":{"0":"post-62535","1":"product","2":"type-product","3":"status-publish","4":"has-post-thumbnail","6":"product_cat-koupelny-a-sanitarni-technika","8":"first","9":"instock","10":"sale","11":"shipping-taxable","12":"purchasable","13":"product-type-simple"},"yoast_head":"<!-- This site is optimized with the Yoast SEO plugin v26.8 - https:\/\/yoast.com\/product\/yoast-seo-wordpress\/ -->\n<title>Zna\u010dkov\u00fd Nimco NIKAU - Chrom Toaletn\u00ed WC kart\u00e1\u010d s hranatou rukojet\u00ed NK 30094KN-HR-26 -<\/title>\n<meta name=\"robots\" content=\"index, follow, max-snippet:-1, max-image-preview:large, max-video-preview:-1\" \/>\n<link rel=\"canonical\" href=\"https:\/\/www.domkraftpro.com\/index.php\/produkt\/znackovy-nimco-nikau-chrom-toaletni-wc-kartac-s-hranatou-rukojeti-nk-30094kn-hr-26-62535\/\" \/>\n<meta property=\"og:locale\" content=\"cs_CZ\" \/>\n<meta property=\"og:type\" content=\"article\" \/>\n<meta property=\"og:title\" content=\"Zna\u010dkov\u00fd Nimco NIKAU - Chrom Toaletn\u00ed WC kart\u00e1\u010d s hranatou rukojet\u00ed NK 30094KN-HR-26 -\" \/>\n<meta property=\"og:description\" content=\"Detailn\u00ed popis produktu WC \u0161t\u011btka s dr\u017e\u00e1kem na ze\u010f n\u00edzk\u00e1 keramick\u00e1 n\u00e1doba, hranat\u00e1 rukoje\u0165, chrom je skv\u011bl\u00fdm dopl\u0148kem k WC.&nbsp; Toaletn\u00ed WC kart\u00e1\u010d s hranatou rukojet\u00ed bude koupeln\u011b slu\u0161et mnohem v\u00edce, pokud zvol\u00edte i dal\u0161\u00ed dopl\u0148ky s\u00e9rie Nikau z nab\u00eddky koupelnov\u00fdch a WC dopl\u0148k\u016f NIMCO.\" \/>\n<meta property=\"og:url\" content=\"https:\/\/www.domkraftpro.com\/index.php\/produkt\/znackovy-nimco-nikau-chrom-toaletni-wc-kartac-s-hranatou-rukojeti-nk-30094kn-hr-26-62535\/\" \/>\n<meta property=\"og:image\" content=\"https:\/\/www.domkraftpro.com\/wp-content\/uploads\/2026\/SK0008249-CZ20260425-093351-0-1777080838-1213523_vykres.webp\" \/>\n\t<meta property=\"og:image:width\" content=\"1000\" \/>\n\t<meta property=\"og:image:height\" content=\"750\" \/>\n\t<meta property=\"og:image:type\" content=\"image\/webp\" \/>\n<meta name=\"twitter:card\" content=\"summary_large_image\" \/>\n<script type=\"application\/ld+json\" class=\"yoast-schema-graph\">{\"@context\":\"https:\/\/schema.org\",\"@graph\":[{\"@type\":\"WebPage\",\"@id\":\"https:\/\/www.domkraftpro.com\/index.php\/produkt\/znackovy-nimco-nikau-chrom-toaletni-wc-kartac-s-hranatou-rukojeti-nk-30094kn-hr-26-62535\/\",\"url\":\"https:\/\/www.domkraftpro.com\/index.php\/produkt\/znackovy-nimco-nikau-chrom-toaletni-wc-kartac-s-hranatou-rukojeti-nk-30094kn-hr-26-62535\/\",\"name\":\"Zna\u010dkov\u00fd Nimco NIKAU - Chrom Toaletn\u00ed WC kart\u00e1\u010d s hranatou rukojet\u00ed NK 30094KN-HR-26 -\",\"isPartOf\":{\"@id\":\"https:\/\/www.domkraftpro.com\/#website\"},\"primaryImageOfPage\":{\"@id\":\"https:\/\/www.domkraftpro.com\/index.php\/produkt\/znackovy-nimco-nikau-chrom-toaletni-wc-kartac-s-hranatou-rukojeti-nk-30094kn-hr-26-62535\/#primaryimage\"},\"image\":{\"@id\":\"https:\/\/www.domkraftpro.com\/index.php\/produkt\/znackovy-nimco-nikau-chrom-toaletni-wc-kartac-s-hranatou-rukojeti-nk-30094kn-hr-26-62535\/#primaryimage\"},\"thumbnailUrl\":\"https:\/\/www.domkraftpro.com\/wp-content\/uploads\/2026\/SK0008249-CZ20260425-093351-0-1777080838-1213523_vykres.webp\",\"datePublished\":\"2026-04-27T04:43:14+00:00\",\"breadcrumb\":{\"@id\":\"https:\/\/www.domkraftpro.com\/index.php\/produkt\/znackovy-nimco-nikau-chrom-toaletni-wc-kartac-s-hranatou-rukojeti-nk-30094kn-hr-26-62535\/#breadcrumb\"},\"inLanguage\":\"cs\",\"potentialAction\":[{\"@type\":\"ReadAction\",\"target\":[\"https:\/\/www.domkraftpro.com\/index.php\/produkt\/znackovy-nimco-nikau-chrom-toaletni-wc-kartac-s-hranatou-rukojeti-nk-30094kn-hr-26-62535\/\"]}]},{\"@type\":\"ImageObject\",\"inLanguage\":\"cs\",\"@id\":\"https:\/\/www.domkraftpro.com\/index.php\/produkt\/znackovy-nimco-nikau-chrom-toaletni-wc-kartac-s-hranatou-rukojeti-nk-30094kn-hr-26-62535\/#primaryimage\",\"url\":\"https:\/\/www.domkraftpro.com\/wp-content\/uploads\/2026\/SK0008249-CZ20260425-093351-0-1777080838-1213523_vykres.webp\",\"contentUrl\":\"https:\/\/www.domkraftpro.com\/wp-content\/uploads\/2026\/SK0008249-CZ20260425-093351-0-1777080838-1213523_vykres.webp\",\"width\":1000,\"height\":750},{\"@type\":\"BreadcrumbList\",\"@id\":\"https:\/\/www.domkraftpro.com\/index.php\/produkt\/znackovy-nimco-nikau-chrom-toaletni-wc-kartac-s-hranatou-rukojeti-nk-30094kn-hr-26-62535\/#breadcrumb\",\"itemListElement\":[{\"@type\":\"ListItem\",\"position\":1,\"name\":\"Home\",\"item\":\"https:\/\/www.domkraftpro.com\/\"},{\"@type\":\"ListItem\",\"position\":2,\"name\":\"Products\",\"item\":\"https:\/\/www.domkraftpro.com\/index.php\/products\/\"},{\"@type\":\"ListItem\",\"position\":3,\"name\":\"Zna\u010dkov\u00fd Nimco NIKAU &#8211; Chrom Toaletn\u00ed WC kart\u00e1\u010d s hranatou rukojet\u00ed NK 30094KN-HR-26\"}]},{\"@type\":\"WebSite\",\"@id\":\"https:\/\/www.domkraftpro.com\/#website\",\"url\":\"https:\/\/www.domkraftpro.com\/\",\"name\":\"\",\"description\":\"\",\"potentialAction\":[{\"@type\":\"SearchAction\",\"target\":{\"@type\":\"EntryPoint\",\"urlTemplate\":\"https:\/\/www.domkraftpro.com\/?s={search_term_string}\"},\"query-input\":{\"@type\":\"PropertyValueSpecification\",\"valueRequired\":true,\"valueName\":\"search_term_string\"}}],\"inLanguage\":\"cs\"}]}<\/script>\n<!-- \/ Yoast SEO plugin. -->","yoast_head_json":{"title":"Zna\u010dkov\u00fd Nimco NIKAU - Chrom Toaletn\u00ed WC kart\u00e1\u010d s hranatou rukojet\u00ed NK 30094KN-HR-26 -","robots":{"index":"index","follow":"follow","max-snippet":"max-snippet:-1","max-image-preview":"max-image-preview:large","max-video-preview":"max-video-preview:-1"},"canonical":"https:\/\/www.domkraftpro.com\/index.php\/produkt\/znackovy-nimco-nikau-chrom-toaletni-wc-kartac-s-hranatou-rukojeti-nk-30094kn-hr-26-62535\/","og_locale":"cs_CZ","og_type":"article","og_title":"Zna\u010dkov\u00fd Nimco NIKAU - Chrom Toaletn\u00ed WC kart\u00e1\u010d s hranatou rukojet\u00ed NK 30094KN-HR-26 -","og_description":"Detailn\u00ed popis produktu WC \u0161t\u011btka s dr\u017e\u00e1kem na ze\u010f n\u00edzk\u00e1 keramick\u00e1 n\u00e1doba, hranat\u00e1 rukoje\u0165, chrom je skv\u011bl\u00fdm dopl\u0148kem k WC.&nbsp; Toaletn\u00ed WC kart\u00e1\u010d s hranatou rukojet\u00ed bude koupeln\u011b slu\u0161et mnohem v\u00edce, pokud zvol\u00edte i dal\u0161\u00ed dopl\u0148ky s\u00e9rie Nikau z nab\u00eddky koupelnov\u00fdch a WC dopl\u0148k\u016f NIMCO.","og_url":"https:\/\/www.domkraftpro.com\/index.php\/produkt\/znackovy-nimco-nikau-chrom-toaletni-wc-kartac-s-hranatou-rukojeti-nk-30094kn-hr-26-62535\/","og_image":[{"width":1000,"height":750,"url":"https:\/\/www.domkraftpro.com\/wp-content\/uploads\/2026\/SK0008249-CZ20260425-093351-0-1777080838-1213523_vykres.webp","type":"image\/webp"}],"twitter_card":"summary_large_image","schema":{"@context":"https:\/\/schema.org","@graph":[{"@type":"WebPage","@id":"https:\/\/www.domkraftpro.com\/index.php\/produkt\/znackovy-nimco-nikau-chrom-toaletni-wc-kartac-s-hranatou-rukojeti-nk-30094kn-hr-26-62535\/","url":"https:\/\/www.domkraftpro.com\/index.php\/produkt\/znackovy-nimco-nikau-chrom-toaletni-wc-kartac-s-hranatou-rukojeti-nk-30094kn-hr-26-62535\/","name":"Zna\u010dkov\u00fd Nimco NIKAU - Chrom Toaletn\u00ed WC kart\u00e1\u010d s hranatou rukojet\u00ed NK 30094KN-HR-26 -","isPartOf":{"@id":"https:\/\/www.domkraftpro.com\/#website"},"primaryImageOfPage":{"@id":"https:\/\/www.domkraftpro.com\/index.php\/produkt\/znackovy-nimco-nikau-chrom-toaletni-wc-kartac-s-hranatou-rukojeti-nk-30094kn-hr-26-62535\/#primaryimage"},"image":{"@id":"https:\/\/www.domkraftpro.com\/index.php\/produkt\/znackovy-nimco-nikau-chrom-toaletni-wc-kartac-s-hranatou-rukojeti-nk-30094kn-hr-26-62535\/#primaryimage"},"thumbnailUrl":"https:\/\/www.domkraftpro.com\/wp-content\/uploads\/2026\/SK0008249-CZ20260425-093351-0-1777080838-1213523_vykres.webp","datePublished":"2026-04-27T04:43:14+00:00","breadcrumb":{"@id":"https:\/\/www.domkraftpro.com\/index.php\/produkt\/znackovy-nimco-nikau-chrom-toaletni-wc-kartac-s-hranatou-rukojeti-nk-30094kn-hr-26-62535\/#breadcrumb"},"inLanguage":"cs","potentialAction":[{"@type":"ReadAction","target":["https:\/\/www.domkraftpro.com\/index.php\/produkt\/znackovy-nimco-nikau-chrom-toaletni-wc-kartac-s-hranatou-rukojeti-nk-30094kn-hr-26-62535\/"]}]},{"@type":"ImageObject","inLanguage":"cs","@id":"https:\/\/www.domkraftpro.com\/index.php\/produkt\/znackovy-nimco-nikau-chrom-toaletni-wc-kartac-s-hranatou-rukojeti-nk-30094kn-hr-26-62535\/#primaryimage","url":"https:\/\/www.domkraftpro.com\/wp-content\/uploads\/2026\/SK0008249-CZ20260425-093351-0-1777080838-1213523_vykres.webp","contentUrl":"https:\/\/www.domkraftpro.com\/wp-content\/uploads\/2026\/SK0008249-CZ20260425-093351-0-1777080838-1213523_vykres.webp","width":1000,"height":750},{"@type":"BreadcrumbList","@id":"https:\/\/www.domkraftpro.com\/index.php\/produkt\/znackovy-nimco-nikau-chrom-toaletni-wc-kartac-s-hranatou-rukojeti-nk-30094kn-hr-26-62535\/#breadcrumb","itemListElement":[{"@type":"ListItem","position":1,"name":"Home","item":"https:\/\/www.domkraftpro.com\/"},{"@type":"ListItem","position":2,"name":"Products","item":"https:\/\/www.domkraftpro.com\/index.php\/products\/"},{"@type":"ListItem","position":3,"name":"Zna\u010dkov\u00fd Nimco NIKAU &#8211; Chrom Toaletn\u00ed WC kart\u00e1\u010d s hranatou rukojet\u00ed NK 30094KN-HR-26"}]},{"@type":"WebSite","@id":"https:\/\/www.domkraftpro.com\/#website","url":"https:\/\/www.domkraftpro.com\/","name":"","description":"","potentialAction":[{"@type":"SearchAction","target":{"@type":"EntryPoint","urlTemplate":"https:\/\/www.domkraftpro.com\/?s={search_term_string}"},"query-input":{"@type":"PropertyValueSpecification","valueRequired":true,"valueName":"search_term_string"}}],"inLanguage":"cs"}]}},"_links":{"self":[{"href":"https:\/\/www.domkraftpro.com\/index.php\/wp-json\/wp\/v2\/product\/62535","targetHints":{"allow":["GET"]}}],"collection":[{"href":"https:\/\/www.domkraftpro.com\/index.php\/wp-json\/wp\/v2\/product"}],"about":[{"href":"https:\/\/www.domkraftpro.com\/index.php\/wp-json\/wp\/v2\/types\/product"}],"replies":[{"embeddable":true,"href":"https:\/\/www.domkraftpro.com\/index.php\/wp-json\/wp\/v2\/comments?post=62535"}],"wp:featuredmedia":[{"embeddable":true,"href":"https:\/\/www.domkraftpro.com\/index.php\/wp-json\/wp\/v2\/media\/62635"}],"wp:attachment":[{"href":"https:\/\/www.domkraftpro.com\/index.php\/wp-json\/wp\/v2\/media?parent=62535"}],"wp:term":[{"taxonomy":"product_brand","embeddable":true,"href":"https:\/\/www.domkraftpro.com\/index.php\/wp-json\/wp\/v2\/product_brand?post=62535"},{"taxonomy":"product_cat","embeddable":true,"href":"https:\/\/www.domkraftpro.com\/index.php\/wp-json\/wp\/v2\/product_cat?post=62535"},{"taxonomy":"product_tag","embeddable":true,"href":"https:\/\/www.domkraftpro.com\/index.php\/wp-json\/wp\/v2\/product_tag?post=62535"}],"curies":[{"name":"wp","href":"https:\/\/api.w.org\/{rel}","templated":true}]}}