{"id":62525,"date":"2026-04-27T04:43:14","date_gmt":"2026-04-27T04:43:14","guid":{"rendered":""},"modified":"2026-04-27T04:43:14","modified_gmt":"2026-04-27T04:43:14","slug":"akce-nimco-nikau-chrom-police-30-cm-nk-30091b-30-26-62525","status":"publish","type":"product","link":"https:\/\/www.domkraftpro.com\/index.php\/produkt\/akce-nimco-nikau-chrom-police-30-cm-nk-30091b-30-26-62525\/","title":{"rendered":"Akce Nimco NIKAU &#8211; Chrom Police, 30 cm NK 30091B-30-26"},"content":{"rendered":"<div class=\"basic-description\">\n<h3>Detailn\u00ed popis produktu<\/h3>\n<p>                                    Police do koupelny skl\u011bn\u011bn\u00e1 30 cm b\u00edl\u00e1 mat, chrom je skv\u011bl\u00fdm dopl\u0148kem do koupelny. Uchycen\u00ed dv\u011bma \u0161rouby. Vzd\u00e1lenost mezi vyvrtan\u00fdmi otvory 113 mm.                            <\/p><\/div>\n","protected":false},"excerpt":{"rendered":"<p>Detailn\u00ed popis produktu Police do koupelny skl\u011bn\u011bn\u00e1 30 cm b\u00edl\u00e1 mat, chrom je skv\u011bl\u00fdm dopl\u0148kem do koupelny. Uchycen\u00ed dv\u011bma \u0161rouby. Vzd\u00e1lenost mezi vyvrtan\u00fdmi otvory 113 mm.<\/p>\n","protected":false},"featured_media":62625,"comment_status":"open","ping_status":"open","template":"","meta":[],"product_brand":[],"product_cat":[96],"product_tag":[],"class_list":{"0":"post-62525","1":"product","2":"type-product","3":"status-publish","4":"has-post-thumbnail","6":"product_cat-koupelny-a-sanitarni-technika","8":"first","9":"instock","10":"sale","11":"shipping-taxable","12":"purchasable","13":"product-type-simple"},"yoast_head":"<!-- This site is optimized with the Yoast SEO plugin v26.8 - https:\/\/yoast.com\/product\/yoast-seo-wordpress\/ -->\n<title>Akce Nimco NIKAU - Chrom Police, 30 cm NK 30091B-30-26 -<\/title>\n<meta name=\"robots\" content=\"index, follow, max-snippet:-1, max-image-preview:large, max-video-preview:-1\" \/>\n<link rel=\"canonical\" href=\"https:\/\/www.domkraftpro.com\/index.php\/produkt\/akce-nimco-nikau-chrom-police-30-cm-nk-30091b-30-26-62525\/\" \/>\n<meta property=\"og:locale\" content=\"cs_CZ\" \/>\n<meta property=\"og:type\" content=\"article\" \/>\n<meta property=\"og:title\" content=\"Akce Nimco NIKAU - Chrom Police, 30 cm NK 30091B-30-26 -\" \/>\n<meta property=\"og:description\" content=\"Detailn\u00ed popis produktu Police do koupelny skl\u011bn\u011bn\u00e1 30 cm b\u00edl\u00e1 mat, chrom je skv\u011bl\u00fdm dopl\u0148kem do koupelny. Uchycen\u00ed dv\u011bma \u0161rouby. Vzd\u00e1lenost mezi vyvrtan\u00fdmi otvory 113 mm.\" \/>\n<meta property=\"og:url\" content=\"https:\/\/www.domkraftpro.com\/index.php\/produkt\/akce-nimco-nikau-chrom-police-30-cm-nk-30091b-30-26-62525\/\" \/>\n<meta property=\"og:image\" content=\"https:\/\/www.domkraftpro.com\/wp-content\/uploads\/2026\/SK0008239-CZ20260425-093351-0-1777080838-1213553_vykres.webp\" \/>\n\t<meta property=\"og:image:width\" content=\"1000\" \/>\n\t<meta property=\"og:image:height\" content=\"750\" \/>\n\t<meta property=\"og:image:type\" content=\"image\/webp\" \/>\n<meta name=\"twitter:card\" content=\"summary_large_image\" \/>\n<script type=\"application\/ld+json\" class=\"yoast-schema-graph\">{\"@context\":\"https:\/\/schema.org\",\"@graph\":[{\"@type\":\"WebPage\",\"@id\":\"https:\/\/www.domkraftpro.com\/index.php\/produkt\/akce-nimco-nikau-chrom-police-30-cm-nk-30091b-30-26-62525\/\",\"url\":\"https:\/\/www.domkraftpro.com\/index.php\/produkt\/akce-nimco-nikau-chrom-police-30-cm-nk-30091b-30-26-62525\/\",\"name\":\"Akce Nimco NIKAU - Chrom Police, 30 cm NK 30091B-30-26 -\",\"isPartOf\":{\"@id\":\"https:\/\/www.domkraftpro.com\/#website\"},\"primaryImageOfPage\":{\"@id\":\"https:\/\/www.domkraftpro.com\/index.php\/produkt\/akce-nimco-nikau-chrom-police-30-cm-nk-30091b-30-26-62525\/#primaryimage\"},\"image\":{\"@id\":\"https:\/\/www.domkraftpro.com\/index.php\/produkt\/akce-nimco-nikau-chrom-police-30-cm-nk-30091b-30-26-62525\/#primaryimage\"},\"thumbnailUrl\":\"https:\/\/www.domkraftpro.com\/wp-content\/uploads\/2026\/SK0008239-CZ20260425-093351-0-1777080838-1213553_vykres.webp\",\"datePublished\":\"2026-04-27T04:43:14+00:00\",\"breadcrumb\":{\"@id\":\"https:\/\/www.domkraftpro.com\/index.php\/produkt\/akce-nimco-nikau-chrom-police-30-cm-nk-30091b-30-26-62525\/#breadcrumb\"},\"inLanguage\":\"cs\",\"potentialAction\":[{\"@type\":\"ReadAction\",\"target\":[\"https:\/\/www.domkraftpro.com\/index.php\/produkt\/akce-nimco-nikau-chrom-police-30-cm-nk-30091b-30-26-62525\/\"]}]},{\"@type\":\"ImageObject\",\"inLanguage\":\"cs\",\"@id\":\"https:\/\/www.domkraftpro.com\/index.php\/produkt\/akce-nimco-nikau-chrom-police-30-cm-nk-30091b-30-26-62525\/#primaryimage\",\"url\":\"https:\/\/www.domkraftpro.com\/wp-content\/uploads\/2026\/SK0008239-CZ20260425-093351-0-1777080838-1213553_vykres.webp\",\"contentUrl\":\"https:\/\/www.domkraftpro.com\/wp-content\/uploads\/2026\/SK0008239-CZ20260425-093351-0-1777080838-1213553_vykres.webp\",\"width\":1000,\"height\":750},{\"@type\":\"BreadcrumbList\",\"@id\":\"https:\/\/www.domkraftpro.com\/index.php\/produkt\/akce-nimco-nikau-chrom-police-30-cm-nk-30091b-30-26-62525\/#breadcrumb\",\"itemListElement\":[{\"@type\":\"ListItem\",\"position\":1,\"name\":\"Home\",\"item\":\"https:\/\/www.domkraftpro.com\/\"},{\"@type\":\"ListItem\",\"position\":2,\"name\":\"Products\",\"item\":\"https:\/\/www.domkraftpro.com\/index.php\/products\/\"},{\"@type\":\"ListItem\",\"position\":3,\"name\":\"Akce Nimco NIKAU &#8211; Chrom Police, 30 cm NK 30091B-30-26\"}]},{\"@type\":\"WebSite\",\"@id\":\"https:\/\/www.domkraftpro.com\/#website\",\"url\":\"https:\/\/www.domkraftpro.com\/\",\"name\":\"\",\"description\":\"\",\"potentialAction\":[{\"@type\":\"SearchAction\",\"target\":{\"@type\":\"EntryPoint\",\"urlTemplate\":\"https:\/\/www.domkraftpro.com\/?s={search_term_string}\"},\"query-input\":{\"@type\":\"PropertyValueSpecification\",\"valueRequired\":true,\"valueName\":\"search_term_string\"}}],\"inLanguage\":\"cs\"}]}<\/script>\n<!-- \/ Yoast SEO plugin. -->","yoast_head_json":{"title":"Akce Nimco NIKAU - Chrom Police, 30 cm NK 30091B-30-26 -","robots":{"index":"index","follow":"follow","max-snippet":"max-snippet:-1","max-image-preview":"max-image-preview:large","max-video-preview":"max-video-preview:-1"},"canonical":"https:\/\/www.domkraftpro.com\/index.php\/produkt\/akce-nimco-nikau-chrom-police-30-cm-nk-30091b-30-26-62525\/","og_locale":"cs_CZ","og_type":"article","og_title":"Akce Nimco NIKAU - Chrom Police, 30 cm NK 30091B-30-26 -","og_description":"Detailn\u00ed popis produktu Police do koupelny skl\u011bn\u011bn\u00e1 30 cm b\u00edl\u00e1 mat, chrom je skv\u011bl\u00fdm dopl\u0148kem do koupelny. Uchycen\u00ed dv\u011bma \u0161rouby. Vzd\u00e1lenost mezi vyvrtan\u00fdmi otvory 113 mm.","og_url":"https:\/\/www.domkraftpro.com\/index.php\/produkt\/akce-nimco-nikau-chrom-police-30-cm-nk-30091b-30-26-62525\/","og_image":[{"width":1000,"height":750,"url":"https:\/\/www.domkraftpro.com\/wp-content\/uploads\/2026\/SK0008239-CZ20260425-093351-0-1777080838-1213553_vykres.webp","type":"image\/webp"}],"twitter_card":"summary_large_image","schema":{"@context":"https:\/\/schema.org","@graph":[{"@type":"WebPage","@id":"https:\/\/www.domkraftpro.com\/index.php\/produkt\/akce-nimco-nikau-chrom-police-30-cm-nk-30091b-30-26-62525\/","url":"https:\/\/www.domkraftpro.com\/index.php\/produkt\/akce-nimco-nikau-chrom-police-30-cm-nk-30091b-30-26-62525\/","name":"Akce Nimco NIKAU - Chrom Police, 30 cm NK 30091B-30-26 -","isPartOf":{"@id":"https:\/\/www.domkraftpro.com\/#website"},"primaryImageOfPage":{"@id":"https:\/\/www.domkraftpro.com\/index.php\/produkt\/akce-nimco-nikau-chrom-police-30-cm-nk-30091b-30-26-62525\/#primaryimage"},"image":{"@id":"https:\/\/www.domkraftpro.com\/index.php\/produkt\/akce-nimco-nikau-chrom-police-30-cm-nk-30091b-30-26-62525\/#primaryimage"},"thumbnailUrl":"https:\/\/www.domkraftpro.com\/wp-content\/uploads\/2026\/SK0008239-CZ20260425-093351-0-1777080838-1213553_vykres.webp","datePublished":"2026-04-27T04:43:14+00:00","breadcrumb":{"@id":"https:\/\/www.domkraftpro.com\/index.php\/produkt\/akce-nimco-nikau-chrom-police-30-cm-nk-30091b-30-26-62525\/#breadcrumb"},"inLanguage":"cs","potentialAction":[{"@type":"ReadAction","target":["https:\/\/www.domkraftpro.com\/index.php\/produkt\/akce-nimco-nikau-chrom-police-30-cm-nk-30091b-30-26-62525\/"]}]},{"@type":"ImageObject","inLanguage":"cs","@id":"https:\/\/www.domkraftpro.com\/index.php\/produkt\/akce-nimco-nikau-chrom-police-30-cm-nk-30091b-30-26-62525\/#primaryimage","url":"https:\/\/www.domkraftpro.com\/wp-content\/uploads\/2026\/SK0008239-CZ20260425-093351-0-1777080838-1213553_vykres.webp","contentUrl":"https:\/\/www.domkraftpro.com\/wp-content\/uploads\/2026\/SK0008239-CZ20260425-093351-0-1777080838-1213553_vykres.webp","width":1000,"height":750},{"@type":"BreadcrumbList","@id":"https:\/\/www.domkraftpro.com\/index.php\/produkt\/akce-nimco-nikau-chrom-police-30-cm-nk-30091b-30-26-62525\/#breadcrumb","itemListElement":[{"@type":"ListItem","position":1,"name":"Home","item":"https:\/\/www.domkraftpro.com\/"},{"@type":"ListItem","position":2,"name":"Products","item":"https:\/\/www.domkraftpro.com\/index.php\/products\/"},{"@type":"ListItem","position":3,"name":"Akce Nimco NIKAU &#8211; Chrom Police, 30 cm NK 30091B-30-26"}]},{"@type":"WebSite","@id":"https:\/\/www.domkraftpro.com\/#website","url":"https:\/\/www.domkraftpro.com\/","name":"","description":"","potentialAction":[{"@type":"SearchAction","target":{"@type":"EntryPoint","urlTemplate":"https:\/\/www.domkraftpro.com\/?s={search_term_string}"},"query-input":{"@type":"PropertyValueSpecification","valueRequired":true,"valueName":"search_term_string"}}],"inLanguage":"cs"}]}},"_links":{"self":[{"href":"https:\/\/www.domkraftpro.com\/index.php\/wp-json\/wp\/v2\/product\/62525","targetHints":{"allow":["GET"]}}],"collection":[{"href":"https:\/\/www.domkraftpro.com\/index.php\/wp-json\/wp\/v2\/product"}],"about":[{"href":"https:\/\/www.domkraftpro.com\/index.php\/wp-json\/wp\/v2\/types\/product"}],"replies":[{"embeddable":true,"href":"https:\/\/www.domkraftpro.com\/index.php\/wp-json\/wp\/v2\/comments?post=62525"}],"wp:featuredmedia":[{"embeddable":true,"href":"https:\/\/www.domkraftpro.com\/index.php\/wp-json\/wp\/v2\/media\/62625"}],"wp:attachment":[{"href":"https:\/\/www.domkraftpro.com\/index.php\/wp-json\/wp\/v2\/media?parent=62525"}],"wp:term":[{"taxonomy":"product_brand","embeddable":true,"href":"https:\/\/www.domkraftpro.com\/index.php\/wp-json\/wp\/v2\/product_brand?post=62525"},{"taxonomy":"product_cat","embeddable":true,"href":"https:\/\/www.domkraftpro.com\/index.php\/wp-json\/wp\/v2\/product_cat?post=62525"},{"taxonomy":"product_tag","embeddable":true,"href":"https:\/\/www.domkraftpro.com\/index.php\/wp-json\/wp\/v2\/product_tag?post=62525"}],"curies":[{"name":"wp","href":"https:\/\/api.w.org\/{rel}","templated":true}]}}