{"id":62136,"date":"2026-04-27T04:43:13","date_gmt":"2026-04-27T04:43:13","guid":{"rendered":""},"modified":"2026-04-27T04:43:13","modified_gmt":"2026-04-27T04:43:13","slug":"akce-nimco-unix-hacek-kratky-unm-13054s-10-62136","status":"publish","type":"product","link":"https:\/\/www.domkraftpro.com\/index.php\/produkt\/akce-nimco-unix-hacek-kratky-unm-13054s-10-62136\/","title":{"rendered":"Akce Nimco UNIX &#8211; H\u00e1\u010dek kr\u00e1tk\u00fd UNM 13054S-10"},"content":{"rendered":"<div class=\"basic-description\">\n<h3>Detailn\u00ed popis produktu<\/h3>\n<p>                                    H\u00e1\u010dek ve tvaru v\u00e1le\u010dku nerez 3 cm minimalistick\u00fd je skv\u011bl\u00fdm dopl\u0148kem do koupelny. Lesk nebo mat? P\u0159i v\u00fdb\u011bru koupelnov\u00fdch dopl\u0148k\u016f budete \u0159e\u0161it nejen praktickou str\u00e1nku, ale tak\u00e9 design, proveden\u00ed a zp\u016fsob zpracov\u00e1n\u00ed v\u00a0matu \u010di lesku. Leskl\u00e1 je kr\u00e1sn\u00e1, doslova zrcadlov\u00e1. Matn\u00e1 je p\u0159irozen\u011bj\u0161\u00ed, p\u0159\u00edjemn\u00e1, interi\u00e9ru dod\u00e1v\u00e1 na \u00fatulnosti. Je to jen na v\u00e1\u0161 jakou variantu si zvol\u00edte. H\u00e1\u010dek nen\u00ed k lepen\u00ed!\u00a0  H\u00e1\u010dek kr\u00e1tk\u00fd bude koupeln\u011b slu\u0161et mnohem v\u00edce, pokud zvol\u00edte i dal\u0161\u00ed dopl\u0148ky s\u00e9rie Unix nerez z nab\u00eddky koupelnov\u00fdch a WC dopl\u0148k\u016f NIMCO.                            <\/p><\/div>\n","protected":false},"excerpt":{"rendered":"<p>Detailn\u00ed popis produktu H\u00e1\u010dek ve tvaru v\u00e1le\u010dku nerez 3 cm minimalistick\u00fd je skv\u011bl\u00fdm dopl\u0148kem do koupelny. Lesk nebo mat? P\u0159i v\u00fdb\u011bru koupelnov\u00fdch dopl\u0148k\u016f budete \u0159e\u0161it nejen praktickou str\u00e1nku, ale tak\u00e9 design, proveden\u00ed a zp\u016fsob zpracov\u00e1n\u00ed v\u00a0matu \u010di lesku. Leskl\u00e1 je kr\u00e1sn\u00e1, doslova zrcadlov\u00e1. Matn\u00e1 je p\u0159irozen\u011bj\u0161\u00ed, p\u0159\u00edjemn\u00e1, interi\u00e9ru dod\u00e1v\u00e1 na \u00fatulnosti. Je to jen na [&hellip;]<\/p>\n","protected":false},"featured_media":62236,"comment_status":"open","ping_status":"open","template":"","meta":[],"product_brand":[],"product_cat":[96],"product_tag":[],"class_list":{"0":"post-62136","1":"product","2":"type-product","3":"status-publish","4":"has-post-thumbnail","6":"product_cat-koupelny-a-sanitarni-technika","8":"first","9":"instock","10":"sale","11":"shipping-taxable","12":"purchasable","13":"product-type-simple"},"yoast_head":"<!-- This site is optimized with the Yoast SEO plugin v26.8 - https:\/\/yoast.com\/product\/yoast-seo-wordpress\/ -->\n<title>Akce Nimco UNIX - H\u00e1\u010dek kr\u00e1tk\u00fd UNM 13054S-10 -<\/title>\n<meta name=\"robots\" content=\"index, follow, max-snippet:-1, max-image-preview:large, max-video-preview:-1\" \/>\n<link rel=\"canonical\" href=\"https:\/\/www.domkraftpro.com\/index.php\/produkt\/akce-nimco-unix-hacek-kratky-unm-13054s-10-62136\/\" \/>\n<meta property=\"og:locale\" content=\"cs_CZ\" \/>\n<meta property=\"og:type\" content=\"article\" \/>\n<meta property=\"og:title\" content=\"Akce Nimco UNIX - H\u00e1\u010dek kr\u00e1tk\u00fd UNM 13054S-10 -\" \/>\n<meta property=\"og:description\" content=\"Detailn\u00ed popis produktu H\u00e1\u010dek ve tvaru v\u00e1le\u010dku nerez 3 cm minimalistick\u00fd je skv\u011bl\u00fdm dopl\u0148kem do koupelny. Lesk nebo mat? P\u0159i v\u00fdb\u011bru koupelnov\u00fdch dopl\u0148k\u016f budete \u0159e\u0161it nejen praktickou str\u00e1nku, ale tak\u00e9 design, proveden\u00ed a zp\u016fsob zpracov\u00e1n\u00ed v\u00a0matu \u010di lesku. Leskl\u00e1 je kr\u00e1sn\u00e1, doslova zrcadlov\u00e1. Matn\u00e1 je p\u0159irozen\u011bj\u0161\u00ed, p\u0159\u00edjemn\u00e1, interi\u00e9ru dod\u00e1v\u00e1 na \u00fatulnosti. Je to jen na [&hellip;]\" \/>\n<meta property=\"og:url\" content=\"https:\/\/www.domkraftpro.com\/index.php\/produkt\/akce-nimco-unix-hacek-kratky-unm-13054s-10-62136\/\" \/>\n<meta property=\"og:image\" content=\"https:\/\/www.domkraftpro.com\/wp-content\/uploads\/2026\/SK0008050-CZ20260425-093351-0-1777080838-1214132_vykres.webp\" \/>\n\t<meta property=\"og:image:width\" content=\"1000\" \/>\n\t<meta property=\"og:image:height\" content=\"750\" \/>\n\t<meta property=\"og:image:type\" content=\"image\/webp\" \/>\n<meta name=\"twitter:card\" content=\"summary_large_image\" \/>\n<meta name=\"twitter:label1\" content=\"Odhadovan\u00e1 doba \u010dten\u00ed\" \/>\n\t<meta name=\"twitter:data1\" content=\"1 minuta\" \/>\n<script type=\"application\/ld+json\" class=\"yoast-schema-graph\">{\"@context\":\"https:\/\/schema.org\",\"@graph\":[{\"@type\":\"WebPage\",\"@id\":\"https:\/\/www.domkraftpro.com\/index.php\/produkt\/akce-nimco-unix-hacek-kratky-unm-13054s-10-62136\/\",\"url\":\"https:\/\/www.domkraftpro.com\/index.php\/produkt\/akce-nimco-unix-hacek-kratky-unm-13054s-10-62136\/\",\"name\":\"Akce Nimco UNIX - H\u00e1\u010dek kr\u00e1tk\u00fd UNM 13054S-10 -\",\"isPartOf\":{\"@id\":\"https:\/\/www.domkraftpro.com\/#website\"},\"primaryImageOfPage\":{\"@id\":\"https:\/\/www.domkraftpro.com\/index.php\/produkt\/akce-nimco-unix-hacek-kratky-unm-13054s-10-62136\/#primaryimage\"},\"image\":{\"@id\":\"https:\/\/www.domkraftpro.com\/index.php\/produkt\/akce-nimco-unix-hacek-kratky-unm-13054s-10-62136\/#primaryimage\"},\"thumbnailUrl\":\"https:\/\/www.domkraftpro.com\/wp-content\/uploads\/2026\/SK0008050-CZ20260425-093351-0-1777080838-1214132_vykres.webp\",\"datePublished\":\"2026-04-27T04:43:13+00:00\",\"breadcrumb\":{\"@id\":\"https:\/\/www.domkraftpro.com\/index.php\/produkt\/akce-nimco-unix-hacek-kratky-unm-13054s-10-62136\/#breadcrumb\"},\"inLanguage\":\"cs\",\"potentialAction\":[{\"@type\":\"ReadAction\",\"target\":[\"https:\/\/www.domkraftpro.com\/index.php\/produkt\/akce-nimco-unix-hacek-kratky-unm-13054s-10-62136\/\"]}]},{\"@type\":\"ImageObject\",\"inLanguage\":\"cs\",\"@id\":\"https:\/\/www.domkraftpro.com\/index.php\/produkt\/akce-nimco-unix-hacek-kratky-unm-13054s-10-62136\/#primaryimage\",\"url\":\"https:\/\/www.domkraftpro.com\/wp-content\/uploads\/2026\/SK0008050-CZ20260425-093351-0-1777080838-1214132_vykres.webp\",\"contentUrl\":\"https:\/\/www.domkraftpro.com\/wp-content\/uploads\/2026\/SK0008050-CZ20260425-093351-0-1777080838-1214132_vykres.webp\",\"width\":1000,\"height\":750},{\"@type\":\"BreadcrumbList\",\"@id\":\"https:\/\/www.domkraftpro.com\/index.php\/produkt\/akce-nimco-unix-hacek-kratky-unm-13054s-10-62136\/#breadcrumb\",\"itemListElement\":[{\"@type\":\"ListItem\",\"position\":1,\"name\":\"Home\",\"item\":\"https:\/\/www.domkraftpro.com\/\"},{\"@type\":\"ListItem\",\"position\":2,\"name\":\"Products\",\"item\":\"https:\/\/www.domkraftpro.com\/index.php\/products\/\"},{\"@type\":\"ListItem\",\"position\":3,\"name\":\"Akce Nimco UNIX &#8211; H\u00e1\u010dek kr\u00e1tk\u00fd UNM 13054S-10\"}]},{\"@type\":\"WebSite\",\"@id\":\"https:\/\/www.domkraftpro.com\/#website\",\"url\":\"https:\/\/www.domkraftpro.com\/\",\"name\":\"\",\"description\":\"\",\"potentialAction\":[{\"@type\":\"SearchAction\",\"target\":{\"@type\":\"EntryPoint\",\"urlTemplate\":\"https:\/\/www.domkraftpro.com\/?s={search_term_string}\"},\"query-input\":{\"@type\":\"PropertyValueSpecification\",\"valueRequired\":true,\"valueName\":\"search_term_string\"}}],\"inLanguage\":\"cs\"}]}<\/script>\n<!-- \/ Yoast SEO plugin. -->","yoast_head_json":{"title":"Akce Nimco UNIX - H\u00e1\u010dek kr\u00e1tk\u00fd UNM 13054S-10 -","robots":{"index":"index","follow":"follow","max-snippet":"max-snippet:-1","max-image-preview":"max-image-preview:large","max-video-preview":"max-video-preview:-1"},"canonical":"https:\/\/www.domkraftpro.com\/index.php\/produkt\/akce-nimco-unix-hacek-kratky-unm-13054s-10-62136\/","og_locale":"cs_CZ","og_type":"article","og_title":"Akce Nimco UNIX - H\u00e1\u010dek kr\u00e1tk\u00fd UNM 13054S-10 -","og_description":"Detailn\u00ed popis produktu H\u00e1\u010dek ve tvaru v\u00e1le\u010dku nerez 3 cm minimalistick\u00fd je skv\u011bl\u00fdm dopl\u0148kem do koupelny. Lesk nebo mat? P\u0159i v\u00fdb\u011bru koupelnov\u00fdch dopl\u0148k\u016f budete \u0159e\u0161it nejen praktickou str\u00e1nku, ale tak\u00e9 design, proveden\u00ed a zp\u016fsob zpracov\u00e1n\u00ed v\u00a0matu \u010di lesku. Leskl\u00e1 je kr\u00e1sn\u00e1, doslova zrcadlov\u00e1. Matn\u00e1 je p\u0159irozen\u011bj\u0161\u00ed, p\u0159\u00edjemn\u00e1, interi\u00e9ru dod\u00e1v\u00e1 na \u00fatulnosti. Je to jen na [&hellip;]","og_url":"https:\/\/www.domkraftpro.com\/index.php\/produkt\/akce-nimco-unix-hacek-kratky-unm-13054s-10-62136\/","og_image":[{"width":1000,"height":750,"url":"https:\/\/www.domkraftpro.com\/wp-content\/uploads\/2026\/SK0008050-CZ20260425-093351-0-1777080838-1214132_vykres.webp","type":"image\/webp"}],"twitter_card":"summary_large_image","twitter_misc":{"Odhadovan\u00e1 doba \u010dten\u00ed":"1 minuta"},"schema":{"@context":"https:\/\/schema.org","@graph":[{"@type":"WebPage","@id":"https:\/\/www.domkraftpro.com\/index.php\/produkt\/akce-nimco-unix-hacek-kratky-unm-13054s-10-62136\/","url":"https:\/\/www.domkraftpro.com\/index.php\/produkt\/akce-nimco-unix-hacek-kratky-unm-13054s-10-62136\/","name":"Akce Nimco UNIX - H\u00e1\u010dek kr\u00e1tk\u00fd UNM 13054S-10 -","isPartOf":{"@id":"https:\/\/www.domkraftpro.com\/#website"},"primaryImageOfPage":{"@id":"https:\/\/www.domkraftpro.com\/index.php\/produkt\/akce-nimco-unix-hacek-kratky-unm-13054s-10-62136\/#primaryimage"},"image":{"@id":"https:\/\/www.domkraftpro.com\/index.php\/produkt\/akce-nimco-unix-hacek-kratky-unm-13054s-10-62136\/#primaryimage"},"thumbnailUrl":"https:\/\/www.domkraftpro.com\/wp-content\/uploads\/2026\/SK0008050-CZ20260425-093351-0-1777080838-1214132_vykres.webp","datePublished":"2026-04-27T04:43:13+00:00","breadcrumb":{"@id":"https:\/\/www.domkraftpro.com\/index.php\/produkt\/akce-nimco-unix-hacek-kratky-unm-13054s-10-62136\/#breadcrumb"},"inLanguage":"cs","potentialAction":[{"@type":"ReadAction","target":["https:\/\/www.domkraftpro.com\/index.php\/produkt\/akce-nimco-unix-hacek-kratky-unm-13054s-10-62136\/"]}]},{"@type":"ImageObject","inLanguage":"cs","@id":"https:\/\/www.domkraftpro.com\/index.php\/produkt\/akce-nimco-unix-hacek-kratky-unm-13054s-10-62136\/#primaryimage","url":"https:\/\/www.domkraftpro.com\/wp-content\/uploads\/2026\/SK0008050-CZ20260425-093351-0-1777080838-1214132_vykres.webp","contentUrl":"https:\/\/www.domkraftpro.com\/wp-content\/uploads\/2026\/SK0008050-CZ20260425-093351-0-1777080838-1214132_vykres.webp","width":1000,"height":750},{"@type":"BreadcrumbList","@id":"https:\/\/www.domkraftpro.com\/index.php\/produkt\/akce-nimco-unix-hacek-kratky-unm-13054s-10-62136\/#breadcrumb","itemListElement":[{"@type":"ListItem","position":1,"name":"Home","item":"https:\/\/www.domkraftpro.com\/"},{"@type":"ListItem","position":2,"name":"Products","item":"https:\/\/www.domkraftpro.com\/index.php\/products\/"},{"@type":"ListItem","position":3,"name":"Akce Nimco UNIX &#8211; H\u00e1\u010dek kr\u00e1tk\u00fd UNM 13054S-10"}]},{"@type":"WebSite","@id":"https:\/\/www.domkraftpro.com\/#website","url":"https:\/\/www.domkraftpro.com\/","name":"","description":"","potentialAction":[{"@type":"SearchAction","target":{"@type":"EntryPoint","urlTemplate":"https:\/\/www.domkraftpro.com\/?s={search_term_string}"},"query-input":{"@type":"PropertyValueSpecification","valueRequired":true,"valueName":"search_term_string"}}],"inLanguage":"cs"}]}},"_links":{"self":[{"href":"https:\/\/www.domkraftpro.com\/index.php\/wp-json\/wp\/v2\/product\/62136","targetHints":{"allow":["GET"]}}],"collection":[{"href":"https:\/\/www.domkraftpro.com\/index.php\/wp-json\/wp\/v2\/product"}],"about":[{"href":"https:\/\/www.domkraftpro.com\/index.php\/wp-json\/wp\/v2\/types\/product"}],"replies":[{"embeddable":true,"href":"https:\/\/www.domkraftpro.com\/index.php\/wp-json\/wp\/v2\/comments?post=62136"}],"wp:featuredmedia":[{"embeddable":true,"href":"https:\/\/www.domkraftpro.com\/index.php\/wp-json\/wp\/v2\/media\/62236"}],"wp:attachment":[{"href":"https:\/\/www.domkraftpro.com\/index.php\/wp-json\/wp\/v2\/media?parent=62136"}],"wp:term":[{"taxonomy":"product_brand","embeddable":true,"href":"https:\/\/www.domkraftpro.com\/index.php\/wp-json\/wp\/v2\/product_brand?post=62136"},{"taxonomy":"product_cat","embeddable":true,"href":"https:\/\/www.domkraftpro.com\/index.php\/wp-json\/wp\/v2\/product_cat?post=62136"},{"taxonomy":"product_tag","embeddable":true,"href":"https:\/\/www.domkraftpro.com\/index.php\/wp-json\/wp\/v2\/product_tag?post=62136"}],"curies":[{"name":"wp","href":"https:\/\/api.w.org\/{rel}","templated":true}]}}