{"id":61387,"date":"2026-04-27T04:43:11","date_gmt":"2026-04-27T04:43:11","guid":{"rendered":""},"modified":"2026-04-27T04:43:11","modified_gmt":"2026-04-27T04:43:11","slug":"znackovy-nimco-hotelovy-program-stribrna-metalicka-bezdotykovy-zasobnik-dezinfekcniho-gelu-nebo-tekuteho-mydla-hp-9531s-m-04-61387","status":"publish","type":"product","link":"https:\/\/www.domkraftpro.com\/index.php\/produkt\/znackovy-nimco-hotelovy-program-stribrna-metalicka-bezdotykovy-zasobnik-dezinfekcniho-gelu-nebo-tekuteho-mydla-hp-9531s-m-04-61387\/","title":{"rendered":"Zna\u010dkov\u00fd Nimco hotelov\u00fd program &#8211; St\u0159\u00edbrn\u00e1 metalick\u00e1 Bezdotykov\u00fd z\u00e1sobn\u00edk dezinfek\u010dn\u00edho gelu nebo tekut\u00e9ho m\u00fddla HP 9531S-M-04"},"content":{"rendered":"<div class=\"basic-description\">\n<h3>Detailn\u00ed popis produktu<\/h3>\n<p>                                    Bezdotykov\u00fd z\u00e1sobn\u00edk dezinfek\u010dn\u00edho gelu nebo tekut\u00e9ho m\u00fddla je skv\u011bl\u00fdm dopl\u0148kem do koupelny. Balen\u00ed obsahuje: 4 \u0161rouby, bezpe\u010dnostn\u00ed kl\u00ed\u010d k otev\u00edr\u00e1n\u00ed z\u00e1sobn\u00edku, n\u00e1stavec k p\u0159ipadn\u00e9mu otev\u00edr\u00e1n\u00ed z\u00e1sobn\u00edku bez kl\u00ed\u010de. Sou\u010d\u00e1st\u00ed balen\u00ed nejsou baterie-nutn\u00e9 zakoupit 4 x kvalitn\u00ed baterie 1,5V typ C &#8211; cca 60 tis d\u00e1vkov\u00e1n\u00ed. Jedna d\u00e1vka 2 ml. Dob\u00edjec\u00ed baterie jsou zak\u00e1z\u00e1ny! Objem z\u00e1sobn\u00edku 1000 ml. \u017divotnost d\u00e1vkovac\u00ed pumpi\u010dky &#8211; 300 tis d\u00e1vek. Senzorov\u00fd d\u00e1vkova\u010d nen\u00ed uzp\u016fsoben do sprchov\u00e9ho koutu pro p\u0159\u00edm\u00fd kontakt s vodou.\u00a0Nutn\u00e9 dodr\u017eet vzd\u00e1lenost d\u00e1vkova\u010de od umyvadla 12 cm! Materi\u00e1l plast ABS-odoln\u00fd v\u016f\u010di mechanick\u00e9mu po\u0161kozen\u00ed. Plast je tuh\u00fd, hou\u017eevnat\u00fd, zdravotn\u011b nez\u00e1vadn\u00fd.                            <\/p><\/div>\n","protected":false},"excerpt":{"rendered":"<p>Detailn\u00ed popis produktu Bezdotykov\u00fd z\u00e1sobn\u00edk dezinfek\u010dn\u00edho gelu nebo tekut\u00e9ho m\u00fddla je skv\u011bl\u00fdm dopl\u0148kem do koupelny. Balen\u00ed obsahuje: 4 \u0161rouby, bezpe\u010dnostn\u00ed kl\u00ed\u010d k otev\u00edr\u00e1n\u00ed z\u00e1sobn\u00edku, n\u00e1stavec k p\u0159ipadn\u00e9mu otev\u00edr\u00e1n\u00ed z\u00e1sobn\u00edku bez kl\u00ed\u010de. Sou\u010d\u00e1st\u00ed balen\u00ed nejsou baterie-nutn\u00e9 zakoupit 4 x kvalitn\u00ed baterie 1,5V typ C &#8211; cca 60 tis d\u00e1vkov\u00e1n\u00ed. Jedna d\u00e1vka 2 ml. Dob\u00edjec\u00ed baterie jsou [&hellip;]<\/p>\n","protected":false},"featured_media":61487,"comment_status":"open","ping_status":"open","template":"","meta":[],"product_brand":[],"product_cat":[96],"product_tag":[],"class_list":{"0":"post-61387","1":"product","2":"type-product","3":"status-publish","4":"has-post-thumbnail","6":"product_cat-koupelny-a-sanitarni-technika","8":"first","9":"instock","10":"sale","11":"shipping-taxable","12":"purchasable","13":"product-type-simple"},"yoast_head":"<!-- This site is optimized with the Yoast SEO plugin v26.8 - https:\/\/yoast.com\/product\/yoast-seo-wordpress\/ -->\n<title>Zna\u010dkov\u00fd Nimco hotelov\u00fd program - St\u0159\u00edbrn\u00e1 metalick\u00e1 Bezdotykov\u00fd z\u00e1sobn\u00edk dezinfek\u010dn\u00edho gelu nebo tekut\u00e9ho m\u00fddla HP 9531S-M-04 -<\/title>\n<meta name=\"robots\" content=\"index, follow, max-snippet:-1, max-image-preview:large, max-video-preview:-1\" \/>\n<link rel=\"canonical\" href=\"https:\/\/www.domkraftpro.com\/index.php\/produkt\/znackovy-nimco-hotelovy-program-stribrna-metalicka-bezdotykovy-zasobnik-dezinfekcniho-gelu-nebo-tekuteho-mydla-hp-9531s-m-04-61387\/\" \/>\n<meta property=\"og:locale\" content=\"cs_CZ\" \/>\n<meta property=\"og:type\" content=\"article\" \/>\n<meta property=\"og:title\" content=\"Zna\u010dkov\u00fd Nimco hotelov\u00fd program - St\u0159\u00edbrn\u00e1 metalick\u00e1 Bezdotykov\u00fd z\u00e1sobn\u00edk dezinfek\u010dn\u00edho gelu nebo tekut\u00e9ho m\u00fddla HP 9531S-M-04 -\" \/>\n<meta property=\"og:description\" content=\"Detailn\u00ed popis produktu Bezdotykov\u00fd z\u00e1sobn\u00edk dezinfek\u010dn\u00edho gelu nebo tekut\u00e9ho m\u00fddla je skv\u011bl\u00fdm dopl\u0148kem do koupelny. Balen\u00ed obsahuje: 4 \u0161rouby, bezpe\u010dnostn\u00ed kl\u00ed\u010d k otev\u00edr\u00e1n\u00ed z\u00e1sobn\u00edku, n\u00e1stavec k p\u0159ipadn\u00e9mu otev\u00edr\u00e1n\u00ed z\u00e1sobn\u00edku bez kl\u00ed\u010de. Sou\u010d\u00e1st\u00ed balen\u00ed nejsou baterie-nutn\u00e9 zakoupit 4 x kvalitn\u00ed baterie 1,5V typ C &#8211; cca 60 tis d\u00e1vkov\u00e1n\u00ed. Jedna d\u00e1vka 2 ml. Dob\u00edjec\u00ed baterie jsou [&hellip;]\" \/>\n<meta property=\"og:url\" content=\"https:\/\/www.domkraftpro.com\/index.php\/produkt\/znackovy-nimco-hotelovy-program-stribrna-metalicka-bezdotykovy-zasobnik-dezinfekcniho-gelu-nebo-tekuteho-mydla-hp-9531s-m-04-61387\/\" \/>\n<meta property=\"og:image\" content=\"https:\/\/www.domkraftpro.com\/wp-content\/uploads\/2026\/SK0007700-CZ20260425-093351-0-1777080838-1215236_vykres.webp\" \/>\n\t<meta property=\"og:image:width\" content=\"1000\" \/>\n\t<meta property=\"og:image:height\" content=\"750\" \/>\n\t<meta property=\"og:image:type\" content=\"image\/webp\" \/>\n<meta name=\"twitter:card\" content=\"summary_large_image\" \/>\n<meta name=\"twitter:label1\" content=\"Odhadovan\u00e1 doba \u010dten\u00ed\" \/>\n\t<meta name=\"twitter:data1\" content=\"1 minuta\" \/>\n<script type=\"application\/ld+json\" class=\"yoast-schema-graph\">{\"@context\":\"https:\/\/schema.org\",\"@graph\":[{\"@type\":\"WebPage\",\"@id\":\"https:\/\/www.domkraftpro.com\/index.php\/produkt\/znackovy-nimco-hotelovy-program-stribrna-metalicka-bezdotykovy-zasobnik-dezinfekcniho-gelu-nebo-tekuteho-mydla-hp-9531s-m-04-61387\/\",\"url\":\"https:\/\/www.domkraftpro.com\/index.php\/produkt\/znackovy-nimco-hotelovy-program-stribrna-metalicka-bezdotykovy-zasobnik-dezinfekcniho-gelu-nebo-tekuteho-mydla-hp-9531s-m-04-61387\/\",\"name\":\"Zna\u010dkov\u00fd Nimco hotelov\u00fd program - St\u0159\u00edbrn\u00e1 metalick\u00e1 Bezdotykov\u00fd z\u00e1sobn\u00edk dezinfek\u010dn\u00edho gelu nebo tekut\u00e9ho m\u00fddla HP 9531S-M-04 -\",\"isPartOf\":{\"@id\":\"https:\/\/www.domkraftpro.com\/#website\"},\"primaryImageOfPage\":{\"@id\":\"https:\/\/www.domkraftpro.com\/index.php\/produkt\/znackovy-nimco-hotelovy-program-stribrna-metalicka-bezdotykovy-zasobnik-dezinfekcniho-gelu-nebo-tekuteho-mydla-hp-9531s-m-04-61387\/#primaryimage\"},\"image\":{\"@id\":\"https:\/\/www.domkraftpro.com\/index.php\/produkt\/znackovy-nimco-hotelovy-program-stribrna-metalicka-bezdotykovy-zasobnik-dezinfekcniho-gelu-nebo-tekuteho-mydla-hp-9531s-m-04-61387\/#primaryimage\"},\"thumbnailUrl\":\"https:\/\/www.domkraftpro.com\/wp-content\/uploads\/2026\/SK0007700-CZ20260425-093351-0-1777080838-1215236_vykres.webp\",\"datePublished\":\"2026-04-27T04:43:11+00:00\",\"breadcrumb\":{\"@id\":\"https:\/\/www.domkraftpro.com\/index.php\/produkt\/znackovy-nimco-hotelovy-program-stribrna-metalicka-bezdotykovy-zasobnik-dezinfekcniho-gelu-nebo-tekuteho-mydla-hp-9531s-m-04-61387\/#breadcrumb\"},\"inLanguage\":\"cs\",\"potentialAction\":[{\"@type\":\"ReadAction\",\"target\":[\"https:\/\/www.domkraftpro.com\/index.php\/produkt\/znackovy-nimco-hotelovy-program-stribrna-metalicka-bezdotykovy-zasobnik-dezinfekcniho-gelu-nebo-tekuteho-mydla-hp-9531s-m-04-61387\/\"]}]},{\"@type\":\"ImageObject\",\"inLanguage\":\"cs\",\"@id\":\"https:\/\/www.domkraftpro.com\/index.php\/produkt\/znackovy-nimco-hotelovy-program-stribrna-metalicka-bezdotykovy-zasobnik-dezinfekcniho-gelu-nebo-tekuteho-mydla-hp-9531s-m-04-61387\/#primaryimage\",\"url\":\"https:\/\/www.domkraftpro.com\/wp-content\/uploads\/2026\/SK0007700-CZ20260425-093351-0-1777080838-1215236_vykres.webp\",\"contentUrl\":\"https:\/\/www.domkraftpro.com\/wp-content\/uploads\/2026\/SK0007700-CZ20260425-093351-0-1777080838-1215236_vykres.webp\",\"width\":1000,\"height\":750},{\"@type\":\"BreadcrumbList\",\"@id\":\"https:\/\/www.domkraftpro.com\/index.php\/produkt\/znackovy-nimco-hotelovy-program-stribrna-metalicka-bezdotykovy-zasobnik-dezinfekcniho-gelu-nebo-tekuteho-mydla-hp-9531s-m-04-61387\/#breadcrumb\",\"itemListElement\":[{\"@type\":\"ListItem\",\"position\":1,\"name\":\"Home\",\"item\":\"https:\/\/www.domkraftpro.com\/\"},{\"@type\":\"ListItem\",\"position\":2,\"name\":\"Products\",\"item\":\"https:\/\/www.domkraftpro.com\/index.php\/products\/\"},{\"@type\":\"ListItem\",\"position\":3,\"name\":\"Zna\u010dkov\u00fd Nimco hotelov\u00fd program &#8211; St\u0159\u00edbrn\u00e1 metalick\u00e1 Bezdotykov\u00fd z\u00e1sobn\u00edk dezinfek\u010dn\u00edho gelu nebo tekut\u00e9ho m\u00fddla HP 9531S-M-04\"}]},{\"@type\":\"WebSite\",\"@id\":\"https:\/\/www.domkraftpro.com\/#website\",\"url\":\"https:\/\/www.domkraftpro.com\/\",\"name\":\"\",\"description\":\"\",\"potentialAction\":[{\"@type\":\"SearchAction\",\"target\":{\"@type\":\"EntryPoint\",\"urlTemplate\":\"https:\/\/www.domkraftpro.com\/?s={search_term_string}\"},\"query-input\":{\"@type\":\"PropertyValueSpecification\",\"valueRequired\":true,\"valueName\":\"search_term_string\"}}],\"inLanguage\":\"cs\"}]}<\/script>\n<!-- \/ Yoast SEO plugin. -->","yoast_head_json":{"title":"Zna\u010dkov\u00fd Nimco hotelov\u00fd program - St\u0159\u00edbrn\u00e1 metalick\u00e1 Bezdotykov\u00fd z\u00e1sobn\u00edk dezinfek\u010dn\u00edho gelu nebo tekut\u00e9ho m\u00fddla HP 9531S-M-04 -","robots":{"index":"index","follow":"follow","max-snippet":"max-snippet:-1","max-image-preview":"max-image-preview:large","max-video-preview":"max-video-preview:-1"},"canonical":"https:\/\/www.domkraftpro.com\/index.php\/produkt\/znackovy-nimco-hotelovy-program-stribrna-metalicka-bezdotykovy-zasobnik-dezinfekcniho-gelu-nebo-tekuteho-mydla-hp-9531s-m-04-61387\/","og_locale":"cs_CZ","og_type":"article","og_title":"Zna\u010dkov\u00fd Nimco hotelov\u00fd program - St\u0159\u00edbrn\u00e1 metalick\u00e1 Bezdotykov\u00fd z\u00e1sobn\u00edk dezinfek\u010dn\u00edho gelu nebo tekut\u00e9ho m\u00fddla HP 9531S-M-04 -","og_description":"Detailn\u00ed popis produktu Bezdotykov\u00fd z\u00e1sobn\u00edk dezinfek\u010dn\u00edho gelu nebo tekut\u00e9ho m\u00fddla je skv\u011bl\u00fdm dopl\u0148kem do koupelny. Balen\u00ed obsahuje: 4 \u0161rouby, bezpe\u010dnostn\u00ed kl\u00ed\u010d k otev\u00edr\u00e1n\u00ed z\u00e1sobn\u00edku, n\u00e1stavec k p\u0159ipadn\u00e9mu otev\u00edr\u00e1n\u00ed z\u00e1sobn\u00edku bez kl\u00ed\u010de. Sou\u010d\u00e1st\u00ed balen\u00ed nejsou baterie-nutn\u00e9 zakoupit 4 x kvalitn\u00ed baterie 1,5V typ C &#8211; cca 60 tis d\u00e1vkov\u00e1n\u00ed. Jedna d\u00e1vka 2 ml. Dob\u00edjec\u00ed baterie jsou [&hellip;]","og_url":"https:\/\/www.domkraftpro.com\/index.php\/produkt\/znackovy-nimco-hotelovy-program-stribrna-metalicka-bezdotykovy-zasobnik-dezinfekcniho-gelu-nebo-tekuteho-mydla-hp-9531s-m-04-61387\/","og_image":[{"width":1000,"height":750,"url":"https:\/\/www.domkraftpro.com\/wp-content\/uploads\/2026\/SK0007700-CZ20260425-093351-0-1777080838-1215236_vykres.webp","type":"image\/webp"}],"twitter_card":"summary_large_image","twitter_misc":{"Odhadovan\u00e1 doba \u010dten\u00ed":"1 minuta"},"schema":{"@context":"https:\/\/schema.org","@graph":[{"@type":"WebPage","@id":"https:\/\/www.domkraftpro.com\/index.php\/produkt\/znackovy-nimco-hotelovy-program-stribrna-metalicka-bezdotykovy-zasobnik-dezinfekcniho-gelu-nebo-tekuteho-mydla-hp-9531s-m-04-61387\/","url":"https:\/\/www.domkraftpro.com\/index.php\/produkt\/znackovy-nimco-hotelovy-program-stribrna-metalicka-bezdotykovy-zasobnik-dezinfekcniho-gelu-nebo-tekuteho-mydla-hp-9531s-m-04-61387\/","name":"Zna\u010dkov\u00fd Nimco hotelov\u00fd program - St\u0159\u00edbrn\u00e1 metalick\u00e1 Bezdotykov\u00fd z\u00e1sobn\u00edk dezinfek\u010dn\u00edho gelu nebo tekut\u00e9ho m\u00fddla HP 9531S-M-04 -","isPartOf":{"@id":"https:\/\/www.domkraftpro.com\/#website"},"primaryImageOfPage":{"@id":"https:\/\/www.domkraftpro.com\/index.php\/produkt\/znackovy-nimco-hotelovy-program-stribrna-metalicka-bezdotykovy-zasobnik-dezinfekcniho-gelu-nebo-tekuteho-mydla-hp-9531s-m-04-61387\/#primaryimage"},"image":{"@id":"https:\/\/www.domkraftpro.com\/index.php\/produkt\/znackovy-nimco-hotelovy-program-stribrna-metalicka-bezdotykovy-zasobnik-dezinfekcniho-gelu-nebo-tekuteho-mydla-hp-9531s-m-04-61387\/#primaryimage"},"thumbnailUrl":"https:\/\/www.domkraftpro.com\/wp-content\/uploads\/2026\/SK0007700-CZ20260425-093351-0-1777080838-1215236_vykres.webp","datePublished":"2026-04-27T04:43:11+00:00","breadcrumb":{"@id":"https:\/\/www.domkraftpro.com\/index.php\/produkt\/znackovy-nimco-hotelovy-program-stribrna-metalicka-bezdotykovy-zasobnik-dezinfekcniho-gelu-nebo-tekuteho-mydla-hp-9531s-m-04-61387\/#breadcrumb"},"inLanguage":"cs","potentialAction":[{"@type":"ReadAction","target":["https:\/\/www.domkraftpro.com\/index.php\/produkt\/znackovy-nimco-hotelovy-program-stribrna-metalicka-bezdotykovy-zasobnik-dezinfekcniho-gelu-nebo-tekuteho-mydla-hp-9531s-m-04-61387\/"]}]},{"@type":"ImageObject","inLanguage":"cs","@id":"https:\/\/www.domkraftpro.com\/index.php\/produkt\/znackovy-nimco-hotelovy-program-stribrna-metalicka-bezdotykovy-zasobnik-dezinfekcniho-gelu-nebo-tekuteho-mydla-hp-9531s-m-04-61387\/#primaryimage","url":"https:\/\/www.domkraftpro.com\/wp-content\/uploads\/2026\/SK0007700-CZ20260425-093351-0-1777080838-1215236_vykres.webp","contentUrl":"https:\/\/www.domkraftpro.com\/wp-content\/uploads\/2026\/SK0007700-CZ20260425-093351-0-1777080838-1215236_vykres.webp","width":1000,"height":750},{"@type":"BreadcrumbList","@id":"https:\/\/www.domkraftpro.com\/index.php\/produkt\/znackovy-nimco-hotelovy-program-stribrna-metalicka-bezdotykovy-zasobnik-dezinfekcniho-gelu-nebo-tekuteho-mydla-hp-9531s-m-04-61387\/#breadcrumb","itemListElement":[{"@type":"ListItem","position":1,"name":"Home","item":"https:\/\/www.domkraftpro.com\/"},{"@type":"ListItem","position":2,"name":"Products","item":"https:\/\/www.domkraftpro.com\/index.php\/products\/"},{"@type":"ListItem","position":3,"name":"Zna\u010dkov\u00fd Nimco hotelov\u00fd program &#8211; St\u0159\u00edbrn\u00e1 metalick\u00e1 Bezdotykov\u00fd z\u00e1sobn\u00edk dezinfek\u010dn\u00edho gelu nebo tekut\u00e9ho m\u00fddla HP 9531S-M-04"}]},{"@type":"WebSite","@id":"https:\/\/www.domkraftpro.com\/#website","url":"https:\/\/www.domkraftpro.com\/","name":"","description":"","potentialAction":[{"@type":"SearchAction","target":{"@type":"EntryPoint","urlTemplate":"https:\/\/www.domkraftpro.com\/?s={search_term_string}"},"query-input":{"@type":"PropertyValueSpecification","valueRequired":true,"valueName":"search_term_string"}}],"inLanguage":"cs"}]}},"_links":{"self":[{"href":"https:\/\/www.domkraftpro.com\/index.php\/wp-json\/wp\/v2\/product\/61387","targetHints":{"allow":["GET"]}}],"collection":[{"href":"https:\/\/www.domkraftpro.com\/index.php\/wp-json\/wp\/v2\/product"}],"about":[{"href":"https:\/\/www.domkraftpro.com\/index.php\/wp-json\/wp\/v2\/types\/product"}],"replies":[{"embeddable":true,"href":"https:\/\/www.domkraftpro.com\/index.php\/wp-json\/wp\/v2\/comments?post=61387"}],"wp:featuredmedia":[{"embeddable":true,"href":"https:\/\/www.domkraftpro.com\/index.php\/wp-json\/wp\/v2\/media\/61487"}],"wp:attachment":[{"href":"https:\/\/www.domkraftpro.com\/index.php\/wp-json\/wp\/v2\/media?parent=61387"}],"wp:term":[{"taxonomy":"product_brand","embeddable":true,"href":"https:\/\/www.domkraftpro.com\/index.php\/wp-json\/wp\/v2\/product_brand?post=61387"},{"taxonomy":"product_cat","embeddable":true,"href":"https:\/\/www.domkraftpro.com\/index.php\/wp-json\/wp\/v2\/product_cat?post=61387"},{"taxonomy":"product_tag","embeddable":true,"href":"https:\/\/www.domkraftpro.com\/index.php\/wp-json\/wp\/v2\/product_tag?post=61387"}],"curies":[{"name":"wp","href":"https:\/\/api.w.org\/{rel}","templated":true}]}}