{"id":61381,"date":"2026-04-27T04:43:11","date_gmt":"2026-04-27T04:43:11","guid":{"rendered":""},"modified":"2026-04-27T04:43:11","modified_gmt":"2026-04-27T04:43:11","slug":"akce-nimco-hotelovy-program-chrom-zasobnik-hygienickych-sacku-un-9005p-26-61381","status":"publish","type":"product","link":"https:\/\/www.domkraftpro.com\/index.php\/produkt\/akce-nimco-hotelovy-program-chrom-zasobnik-hygienickych-sacku-un-9005p-26-61381\/","title":{"rendered":"Akce Nimco hotelov\u00fd program &#8211; Chrom Z\u00e1sobn\u00edk hygienick\u00fdch s\u00e1\u010dk\u016f UN 9005P-26"},"content":{"rendered":"<div class=\"basic-description\">\n<h3>Detailn\u00ed popis produktu<\/h3>\n<p>                                    Z\u00e1sobn\u00edk hygienick\u00fdch s\u00e1\u010dk\u016f je skv\u011bl\u00fdm dopl\u0148kem do koupelny. \u010casto b\u00fdv\u00e1 koupeln\u011b vy\u010dlen\u011bna jen opravdu mal\u00e1 plocha. A pr\u00e1v\u011b proto, \u017ee v t\u00e9to \u010dasto nejmen\u0161\u00ed m\u00edstnosti neb\u00fdv\u00e1 p\u0159\u00edli\u0161 prostoru pro estetick\u00e9 dopl\u0148ky, m\u011bli bychom zaost\u0159it svoji pozornost p\u0159edev\u0161\u00edm na p\u0159edm\u011bty, kter\u00e9 pln\u00ed konkr\u00e9tn\u00ed funkce. T\u0159eba i z\u00e1sobn\u00edk hygienick\u00fdch s\u00e1\u010dk\u016f. Mont\u00e1\u017e pomoc\u00ed dvou \u0161roub\u016f. Pln\u011bn\u00ed z\u00e1sobn\u00edku odkryt\u00edm horn\u00edho v\u00edka a vlo\u017een\u00edm n\u00e1hradn\u00edch s\u00e1\u010dk\u016f.                            <\/p><\/div>\n","protected":false},"excerpt":{"rendered":"<p>Detailn\u00ed popis produktu Z\u00e1sobn\u00edk hygienick\u00fdch s\u00e1\u010dk\u016f je skv\u011bl\u00fdm dopl\u0148kem do koupelny. \u010casto b\u00fdv\u00e1 koupeln\u011b vy\u010dlen\u011bna jen opravdu mal\u00e1 plocha. A pr\u00e1v\u011b proto, \u017ee v t\u00e9to \u010dasto nejmen\u0161\u00ed m\u00edstnosti neb\u00fdv\u00e1 p\u0159\u00edli\u0161 prostoru pro estetick\u00e9 dopl\u0148ky, m\u011bli bychom zaost\u0159it svoji pozornost p\u0159edev\u0161\u00edm na p\u0159edm\u011bty, kter\u00e9 pln\u00ed konkr\u00e9tn\u00ed funkce. T\u0159eba i z\u00e1sobn\u00edk hygienick\u00fdch s\u00e1\u010dk\u016f. Mont\u00e1\u017e pomoc\u00ed dvou \u0161roub\u016f. [&hellip;]<\/p>\n","protected":false},"featured_media":61481,"comment_status":"open","ping_status":"open","template":"","meta":[],"product_brand":[],"product_cat":[96],"product_tag":[],"class_list":{"0":"post-61381","1":"product","2":"type-product","3":"status-publish","4":"has-post-thumbnail","6":"product_cat-koupelny-a-sanitarni-technika","8":"first","9":"instock","10":"sale","11":"shipping-taxable","12":"purchasable","13":"product-type-simple"},"yoast_head":"<!-- This site is optimized with the Yoast SEO plugin v26.8 - https:\/\/yoast.com\/product\/yoast-seo-wordpress\/ -->\n<title>Akce Nimco hotelov\u00fd program - Chrom Z\u00e1sobn\u00edk hygienick\u00fdch s\u00e1\u010dk\u016f UN 9005P-26 -<\/title>\n<meta name=\"robots\" content=\"index, follow, max-snippet:-1, max-image-preview:large, max-video-preview:-1\" \/>\n<link rel=\"canonical\" href=\"https:\/\/www.domkraftpro.com\/index.php\/produkt\/akce-nimco-hotelovy-program-chrom-zasobnik-hygienickych-sacku-un-9005p-26-61381\/\" \/>\n<meta property=\"og:locale\" content=\"cs_CZ\" \/>\n<meta property=\"og:type\" content=\"article\" \/>\n<meta property=\"og:title\" content=\"Akce Nimco hotelov\u00fd program - Chrom Z\u00e1sobn\u00edk hygienick\u00fdch s\u00e1\u010dk\u016f UN 9005P-26 -\" \/>\n<meta property=\"og:description\" content=\"Detailn\u00ed popis produktu Z\u00e1sobn\u00edk hygienick\u00fdch s\u00e1\u010dk\u016f je skv\u011bl\u00fdm dopl\u0148kem do koupelny. \u010casto b\u00fdv\u00e1 koupeln\u011b vy\u010dlen\u011bna jen opravdu mal\u00e1 plocha. A pr\u00e1v\u011b proto, \u017ee v t\u00e9to \u010dasto nejmen\u0161\u00ed m\u00edstnosti neb\u00fdv\u00e1 p\u0159\u00edli\u0161 prostoru pro estetick\u00e9 dopl\u0148ky, m\u011bli bychom zaost\u0159it svoji pozornost p\u0159edev\u0161\u00edm na p\u0159edm\u011bty, kter\u00e9 pln\u00ed konkr\u00e9tn\u00ed funkce. T\u0159eba i z\u00e1sobn\u00edk hygienick\u00fdch s\u00e1\u010dk\u016f. Mont\u00e1\u017e pomoc\u00ed dvou \u0161roub\u016f. [&hellip;]\" \/>\n<meta property=\"og:url\" content=\"https:\/\/www.domkraftpro.com\/index.php\/produkt\/akce-nimco-hotelovy-program-chrom-zasobnik-hygienickych-sacku-un-9005p-26-61381\/\" \/>\n<meta property=\"og:image\" content=\"https:\/\/www.domkraftpro.com\/wp-content\/uploads\/2026\/SK0007694-CZ20260425-093351-0-1777080838-1215266_vykres.webp\" \/>\n\t<meta property=\"og:image:width\" content=\"1000\" \/>\n\t<meta property=\"og:image:height\" content=\"750\" \/>\n\t<meta property=\"og:image:type\" content=\"image\/webp\" \/>\n<meta name=\"twitter:card\" content=\"summary_large_image\" \/>\n<meta name=\"twitter:label1\" content=\"Odhadovan\u00e1 doba \u010dten\u00ed\" \/>\n\t<meta name=\"twitter:data1\" content=\"1 minuta\" \/>\n<script type=\"application\/ld+json\" class=\"yoast-schema-graph\">{\"@context\":\"https:\/\/schema.org\",\"@graph\":[{\"@type\":\"WebPage\",\"@id\":\"https:\/\/www.domkraftpro.com\/index.php\/produkt\/akce-nimco-hotelovy-program-chrom-zasobnik-hygienickych-sacku-un-9005p-26-61381\/\",\"url\":\"https:\/\/www.domkraftpro.com\/index.php\/produkt\/akce-nimco-hotelovy-program-chrom-zasobnik-hygienickych-sacku-un-9005p-26-61381\/\",\"name\":\"Akce Nimco hotelov\u00fd program - Chrom Z\u00e1sobn\u00edk hygienick\u00fdch s\u00e1\u010dk\u016f UN 9005P-26 -\",\"isPartOf\":{\"@id\":\"https:\/\/www.domkraftpro.com\/#website\"},\"primaryImageOfPage\":{\"@id\":\"https:\/\/www.domkraftpro.com\/index.php\/produkt\/akce-nimco-hotelovy-program-chrom-zasobnik-hygienickych-sacku-un-9005p-26-61381\/#primaryimage\"},\"image\":{\"@id\":\"https:\/\/www.domkraftpro.com\/index.php\/produkt\/akce-nimco-hotelovy-program-chrom-zasobnik-hygienickych-sacku-un-9005p-26-61381\/#primaryimage\"},\"thumbnailUrl\":\"https:\/\/www.domkraftpro.com\/wp-content\/uploads\/2026\/SK0007694-CZ20260425-093351-0-1777080838-1215266_vykres.webp\",\"datePublished\":\"2026-04-27T04:43:11+00:00\",\"breadcrumb\":{\"@id\":\"https:\/\/www.domkraftpro.com\/index.php\/produkt\/akce-nimco-hotelovy-program-chrom-zasobnik-hygienickych-sacku-un-9005p-26-61381\/#breadcrumb\"},\"inLanguage\":\"cs\",\"potentialAction\":[{\"@type\":\"ReadAction\",\"target\":[\"https:\/\/www.domkraftpro.com\/index.php\/produkt\/akce-nimco-hotelovy-program-chrom-zasobnik-hygienickych-sacku-un-9005p-26-61381\/\"]}]},{\"@type\":\"ImageObject\",\"inLanguage\":\"cs\",\"@id\":\"https:\/\/www.domkraftpro.com\/index.php\/produkt\/akce-nimco-hotelovy-program-chrom-zasobnik-hygienickych-sacku-un-9005p-26-61381\/#primaryimage\",\"url\":\"https:\/\/www.domkraftpro.com\/wp-content\/uploads\/2026\/SK0007694-CZ20260425-093351-0-1777080838-1215266_vykres.webp\",\"contentUrl\":\"https:\/\/www.domkraftpro.com\/wp-content\/uploads\/2026\/SK0007694-CZ20260425-093351-0-1777080838-1215266_vykres.webp\",\"width\":1000,\"height\":750},{\"@type\":\"BreadcrumbList\",\"@id\":\"https:\/\/www.domkraftpro.com\/index.php\/produkt\/akce-nimco-hotelovy-program-chrom-zasobnik-hygienickych-sacku-un-9005p-26-61381\/#breadcrumb\",\"itemListElement\":[{\"@type\":\"ListItem\",\"position\":1,\"name\":\"Home\",\"item\":\"https:\/\/www.domkraftpro.com\/\"},{\"@type\":\"ListItem\",\"position\":2,\"name\":\"Products\",\"item\":\"https:\/\/www.domkraftpro.com\/index.php\/products\/\"},{\"@type\":\"ListItem\",\"position\":3,\"name\":\"Akce Nimco hotelov\u00fd program &#8211; Chrom Z\u00e1sobn\u00edk hygienick\u00fdch s\u00e1\u010dk\u016f UN 9005P-26\"}]},{\"@type\":\"WebSite\",\"@id\":\"https:\/\/www.domkraftpro.com\/#website\",\"url\":\"https:\/\/www.domkraftpro.com\/\",\"name\":\"\",\"description\":\"\",\"potentialAction\":[{\"@type\":\"SearchAction\",\"target\":{\"@type\":\"EntryPoint\",\"urlTemplate\":\"https:\/\/www.domkraftpro.com\/?s={search_term_string}\"},\"query-input\":{\"@type\":\"PropertyValueSpecification\",\"valueRequired\":true,\"valueName\":\"search_term_string\"}}],\"inLanguage\":\"cs\"}]}<\/script>\n<!-- \/ Yoast SEO plugin. -->","yoast_head_json":{"title":"Akce Nimco hotelov\u00fd program - Chrom Z\u00e1sobn\u00edk hygienick\u00fdch s\u00e1\u010dk\u016f UN 9005P-26 -","robots":{"index":"index","follow":"follow","max-snippet":"max-snippet:-1","max-image-preview":"max-image-preview:large","max-video-preview":"max-video-preview:-1"},"canonical":"https:\/\/www.domkraftpro.com\/index.php\/produkt\/akce-nimco-hotelovy-program-chrom-zasobnik-hygienickych-sacku-un-9005p-26-61381\/","og_locale":"cs_CZ","og_type":"article","og_title":"Akce Nimco hotelov\u00fd program - Chrom Z\u00e1sobn\u00edk hygienick\u00fdch s\u00e1\u010dk\u016f UN 9005P-26 -","og_description":"Detailn\u00ed popis produktu Z\u00e1sobn\u00edk hygienick\u00fdch s\u00e1\u010dk\u016f je skv\u011bl\u00fdm dopl\u0148kem do koupelny. \u010casto b\u00fdv\u00e1 koupeln\u011b vy\u010dlen\u011bna jen opravdu mal\u00e1 plocha. A pr\u00e1v\u011b proto, \u017ee v t\u00e9to \u010dasto nejmen\u0161\u00ed m\u00edstnosti neb\u00fdv\u00e1 p\u0159\u00edli\u0161 prostoru pro estetick\u00e9 dopl\u0148ky, m\u011bli bychom zaost\u0159it svoji pozornost p\u0159edev\u0161\u00edm na p\u0159edm\u011bty, kter\u00e9 pln\u00ed konkr\u00e9tn\u00ed funkce. T\u0159eba i z\u00e1sobn\u00edk hygienick\u00fdch s\u00e1\u010dk\u016f. Mont\u00e1\u017e pomoc\u00ed dvou \u0161roub\u016f. [&hellip;]","og_url":"https:\/\/www.domkraftpro.com\/index.php\/produkt\/akce-nimco-hotelovy-program-chrom-zasobnik-hygienickych-sacku-un-9005p-26-61381\/","og_image":[{"width":1000,"height":750,"url":"https:\/\/www.domkraftpro.com\/wp-content\/uploads\/2026\/SK0007694-CZ20260425-093351-0-1777080838-1215266_vykres.webp","type":"image\/webp"}],"twitter_card":"summary_large_image","twitter_misc":{"Odhadovan\u00e1 doba \u010dten\u00ed":"1 minuta"},"schema":{"@context":"https:\/\/schema.org","@graph":[{"@type":"WebPage","@id":"https:\/\/www.domkraftpro.com\/index.php\/produkt\/akce-nimco-hotelovy-program-chrom-zasobnik-hygienickych-sacku-un-9005p-26-61381\/","url":"https:\/\/www.domkraftpro.com\/index.php\/produkt\/akce-nimco-hotelovy-program-chrom-zasobnik-hygienickych-sacku-un-9005p-26-61381\/","name":"Akce Nimco hotelov\u00fd program - Chrom Z\u00e1sobn\u00edk hygienick\u00fdch s\u00e1\u010dk\u016f UN 9005P-26 -","isPartOf":{"@id":"https:\/\/www.domkraftpro.com\/#website"},"primaryImageOfPage":{"@id":"https:\/\/www.domkraftpro.com\/index.php\/produkt\/akce-nimco-hotelovy-program-chrom-zasobnik-hygienickych-sacku-un-9005p-26-61381\/#primaryimage"},"image":{"@id":"https:\/\/www.domkraftpro.com\/index.php\/produkt\/akce-nimco-hotelovy-program-chrom-zasobnik-hygienickych-sacku-un-9005p-26-61381\/#primaryimage"},"thumbnailUrl":"https:\/\/www.domkraftpro.com\/wp-content\/uploads\/2026\/SK0007694-CZ20260425-093351-0-1777080838-1215266_vykres.webp","datePublished":"2026-04-27T04:43:11+00:00","breadcrumb":{"@id":"https:\/\/www.domkraftpro.com\/index.php\/produkt\/akce-nimco-hotelovy-program-chrom-zasobnik-hygienickych-sacku-un-9005p-26-61381\/#breadcrumb"},"inLanguage":"cs","potentialAction":[{"@type":"ReadAction","target":["https:\/\/www.domkraftpro.com\/index.php\/produkt\/akce-nimco-hotelovy-program-chrom-zasobnik-hygienickych-sacku-un-9005p-26-61381\/"]}]},{"@type":"ImageObject","inLanguage":"cs","@id":"https:\/\/www.domkraftpro.com\/index.php\/produkt\/akce-nimco-hotelovy-program-chrom-zasobnik-hygienickych-sacku-un-9005p-26-61381\/#primaryimage","url":"https:\/\/www.domkraftpro.com\/wp-content\/uploads\/2026\/SK0007694-CZ20260425-093351-0-1777080838-1215266_vykres.webp","contentUrl":"https:\/\/www.domkraftpro.com\/wp-content\/uploads\/2026\/SK0007694-CZ20260425-093351-0-1777080838-1215266_vykres.webp","width":1000,"height":750},{"@type":"BreadcrumbList","@id":"https:\/\/www.domkraftpro.com\/index.php\/produkt\/akce-nimco-hotelovy-program-chrom-zasobnik-hygienickych-sacku-un-9005p-26-61381\/#breadcrumb","itemListElement":[{"@type":"ListItem","position":1,"name":"Home","item":"https:\/\/www.domkraftpro.com\/"},{"@type":"ListItem","position":2,"name":"Products","item":"https:\/\/www.domkraftpro.com\/index.php\/products\/"},{"@type":"ListItem","position":3,"name":"Akce Nimco hotelov\u00fd program &#8211; Chrom Z\u00e1sobn\u00edk hygienick\u00fdch s\u00e1\u010dk\u016f UN 9005P-26"}]},{"@type":"WebSite","@id":"https:\/\/www.domkraftpro.com\/#website","url":"https:\/\/www.domkraftpro.com\/","name":"","description":"","potentialAction":[{"@type":"SearchAction","target":{"@type":"EntryPoint","urlTemplate":"https:\/\/www.domkraftpro.com\/?s={search_term_string}"},"query-input":{"@type":"PropertyValueSpecification","valueRequired":true,"valueName":"search_term_string"}}],"inLanguage":"cs"}]}},"_links":{"self":[{"href":"https:\/\/www.domkraftpro.com\/index.php\/wp-json\/wp\/v2\/product\/61381","targetHints":{"allow":["GET"]}}],"collection":[{"href":"https:\/\/www.domkraftpro.com\/index.php\/wp-json\/wp\/v2\/product"}],"about":[{"href":"https:\/\/www.domkraftpro.com\/index.php\/wp-json\/wp\/v2\/types\/product"}],"replies":[{"embeddable":true,"href":"https:\/\/www.domkraftpro.com\/index.php\/wp-json\/wp\/v2\/comments?post=61381"}],"wp:featuredmedia":[{"embeddable":true,"href":"https:\/\/www.domkraftpro.com\/index.php\/wp-json\/wp\/v2\/media\/61481"}],"wp:attachment":[{"href":"https:\/\/www.domkraftpro.com\/index.php\/wp-json\/wp\/v2\/media?parent=61381"}],"wp:term":[{"taxonomy":"product_brand","embeddable":true,"href":"https:\/\/www.domkraftpro.com\/index.php\/wp-json\/wp\/v2\/product_brand?post=61381"},{"taxonomy":"product_cat","embeddable":true,"href":"https:\/\/www.domkraftpro.com\/index.php\/wp-json\/wp\/v2\/product_cat?post=61381"},{"taxonomy":"product_tag","embeddable":true,"href":"https:\/\/www.domkraftpro.com\/index.php\/wp-json\/wp\/v2\/product_tag?post=61381"}],"curies":[{"name":"wp","href":"https:\/\/api.w.org\/{rel}","templated":true}]}}