{"id":61334,"date":"2026-04-27T04:43:11","date_gmt":"2026-04-27T04:43:11","guid":{"rendered":""},"modified":"2026-04-27T04:43:11","modified_gmt":"2026-04-27T04:43:11","slug":"akce-nimco-zrcadlo-led-900x700-zp-13019-61334","status":"publish","type":"product","link":"https:\/\/www.domkraftpro.com\/index.php\/produkt\/akce-nimco-zrcadlo-led-900x700-zp-13019-61334\/","title":{"rendered":"Akce Nimco zrcadlo LED 900&#215;700 ZP 13019"},"content":{"rendered":"<div class=\"basic-description\">\n<h3>Detailn\u00ed popis produktu<\/h3>\n<p>                                    Obd\u00e9ln\u00edkov\u00e9 zrcadlo s r\u00e1mem s ostr\u00fdmi rohy a celoobvodov\u00fdm sv\u00edcen\u00edm pro dokonal\u00e9 a rovnom\u011brn\u00e9 osv\u011btlen\u00ed. Zrcadlo bez integrovan\u00e9ho vyp\u00edna\u010de je ur\u010den\u00e9 k p\u0159ipojen\u00ed a ovl\u00e1d\u00e1n\u00ed n\u00e1st\u011bnn\u00fdm vyp\u00edna\u010dem. Barva sv\u011btla zrcadla je pevn\u011b nastavena. Pro dosa\u017een\u00ed kvalitn\u00edho a rovnom\u011brn\u00e9ho sv\u00edcen\u00ed je pou\u017eit akrylov\u00fd difuzor, kter\u00fd zaji\u0161\u0165uje m\u011bkk\u00fd a harmonick\u00fd rozptyl sv\u011btla bez viditeln\u00fdch bodov\u00fdch zdroj\u016f. LED diody jsou vkusn\u011b integrov\u00e1ny do r\u00e1mu spolu s difuzorem, co\u017e p\u0159isp\u00edv\u00e1 k elegantn\u00edmu a \u010dist\u00e9mu vzhledu zrcadla. Zrcadlo vyu\u017e\u00edv\u00e1 nejmodern\u011bj\u0161\u00ed LED \u010dipy SMD 2835, kter\u00e9 jsou zn\u00e1m\u00e9 svou vysokou sv\u00edtivost\u00ed, energetickou \u00faspornost\u00ed a dlouhou \u017eivotnost\u00ed. Hustota \u010dip\u016f 96\/m, \u017eivotnost 50 000 hodin. Parametry LED: Survival Factor = 1, Lumen Maintenance Factor 0,99 a Flicker Metric 0,02, pak zaji\u0161\u0165uj\u00ed stabiln\u00ed, bezblikav\u00e9 a dlouhodob\u011b konzistentn\u00ed osv\u011btlen\u00ed. Nosn\u00e1 konstrukce zrcadla je vyrobena z masivn\u00edho hlin\u00edkov\u00e9ho r\u00e1mu o rozm\u011brech 32&#215;19 mm, kter\u00fd zaji\u0161\u0165uje vysokou pevnost a stabilitu. Stejn\u011b tak je z hlin\u00edku vyroben kryt zdroje a v\u0161ech elektronick\u00fdch sou\u010d\u00e1stek. Sklo o tlou\u0161\u0165ce 5 mm je opat\u0159eno bezpe\u010dnostn\u00ed f\u00f3li\u00ed, kter\u00e1 chr\u00e1n\u00ed p\u0159ed zran\u011bn\u00edm v p\u0159\u00edpad\u011b rozbit\u00ed. Zrcadlo nav\u00edc disponuje stupn\u011bm ochrany proti vlhkosti IP44, co\u017e zaru\u010duje spolehlivost i v prost\u0159ed\u00ed s vy\u0161\u0161\u00ed vlhkost\u00ed. Zrcadlo spl\u0148uje v\u0161echny \u010desk\u00e9 normy a je opat\u0159eno \u010desk\u00fdm certifik\u00e1tem CE, kter\u00fd zaru\u010duje jeho kvalitu a bezpe\u010dnost. Nab\u00edz\u00ed flexibiln\u00ed mo\u017enosti upevn\u011bn\u00ed, a to jak vertik\u00e1ln\u011b, tak horizont\u00e1ln\u011b, a je dod\u00e1v\u00e1no v\u010detn\u011b kompletn\u00ed mont\u00e1\u017en\u00ed sady a kabelov\u00e9 spojky s ochranou IP44. Pro zaji\u0161t\u011bn\u00ed bezpe\u010dn\u00e9 p\u0159epravy je zrcadlo pe\u010dliv\u011b zabaleno a p\u0159ipraveno k expedici prost\u0159ednictv\u00edm kur\u00fdrn\u00ed slu\u017eby.  Ovl\u00e1d\u00e1n\u00ed: Bez integrovan\u00e9ho sp\u00edna\u010de Ovl\u00e1d\u00e1n\u00ed n\u00e1st\u011bnn\u00fdm vyp\u00edna\u010dem  Nastaven\u00ed barvy sv\u011btla: Barva sv\u011btla pevn\u011b nastavena  Barva sv\u011btla: 4000 K (neutr\u00e1ln\u00ed b\u00edl\u00e9 sv\u011btlo, ide\u00e1ln\u00ed pro p\u0159esn\u00e9 a p\u0159irozen\u00e9 osv\u011btlen\u00ed)  Funkce stm\u00edv\u00e1n\u00ed: Nen\u00ed instalov\u00e1no  Pam\u011b\u0165 nastaven\u00ed: Nen\u00ed instalov\u00e1no  Konstrukce sv\u00edcen\u00ed: K rovnom\u011brn\u00e9mu rozptylu sv\u011btla zrcadlo disponuje akrylov\u00fdm matovan\u00fdm difuzorem  Integrace LED: Led diody jsou zabudovan\u00e9 v r\u00e1mu  LED \u010dip: Nejmodern\u011bj\u0161\u00ed LED \u010dipy SMD 2835  LED p\u00e1sek &#8211; hustota \u010dip\u016f: 96\/m \u017divotnost LED \u010dip\u016f: A\u017e 50 000 hodin  Kvalita osv\u011btlen\u00ed LED: Survival Factor = 1; Lumen maintenance factor = 0,99; Flicker metric = 0,02  Materi\u00e1l: Zrcadlov\u00e9 sklo, hlin\u00edk  Materi\u00e1l konstrukce: R\u00e1m zrcadla a kryt zdroje jsou vyrobeny z hlin\u00edku  Tlou\u0161\u0165ka skla: 5 mm Ochrana p\u0159i rozbit\u00ed: Bezpe\u010dnostn\u00ed f\u00f3lie  Stupe\u0148 ochrany: IP 44 Certifikace: \u010cesk\u00fd certifik\u00e1t CE  Um\u00edst\u011bn\u00ed: Mont\u00e1\u017e na st\u011bnu Mo\u017enost upevn\u011bn\u00ed vertik\u00e1ln\u011b i horizont\u00e1ln\u011b  Mont\u00e1\u017en\u00ed p\u0159\u00edslu\u0161enstv\u00ed: Sou\u010d\u00e1st\u00ed balen\u00ed je mont\u00e1\u017en\u00ed sada a kabelov\u00e1 spojka s ochranou IP 44 Obal: Zabalen\u00e9 pro p\u0159epravu kur\u00fdrn\u00ed slu\u017ebou  Nap\u011bt\u00ed: Vstupn\u00ed nap\u011bt\u00ed 220-240 V V\u00fdstupn\u00ed nap\u011bt\u00ed 12 V  P\u0159\u00edkon: 47 W, sv\u011bteln\u00fd tok: 3384 lm Rozm\u011br: v: 700 mm \u0161: 35 mm d: 900 mm Hmotnost: 10,4 kg                            <\/p><\/div>\n","protected":false},"excerpt":{"rendered":"<p>Detailn\u00ed popis produktu Obd\u00e9ln\u00edkov\u00e9 zrcadlo s r\u00e1mem s ostr\u00fdmi rohy a celoobvodov\u00fdm sv\u00edcen\u00edm pro dokonal\u00e9 a rovnom\u011brn\u00e9 osv\u011btlen\u00ed. Zrcadlo bez integrovan\u00e9ho vyp\u00edna\u010de je ur\u010den\u00e9 k p\u0159ipojen\u00ed a ovl\u00e1d\u00e1n\u00ed n\u00e1st\u011bnn\u00fdm vyp\u00edna\u010dem. Barva sv\u011btla zrcadla je pevn\u011b nastavena. Pro dosa\u017een\u00ed kvalitn\u00edho a rovnom\u011brn\u00e9ho sv\u00edcen\u00ed je pou\u017eit akrylov\u00fd difuzor, kter\u00fd zaji\u0161\u0165uje m\u011bkk\u00fd a harmonick\u00fd rozptyl sv\u011btla bez viditeln\u00fdch [&hellip;]<\/p>\n","protected":false},"featured_media":61434,"comment_status":"open","ping_status":"open","template":"","meta":[],"product_brand":[],"product_cat":[96],"product_tag":[],"class_list":{"0":"post-61334","1":"product","2":"type-product","3":"status-publish","4":"has-post-thumbnail","6":"product_cat-koupelny-a-sanitarni-technika","8":"first","9":"instock","10":"sale","11":"shipping-taxable","12":"purchasable","13":"product-type-simple"},"yoast_head":"<!-- This site is optimized with the Yoast SEO plugin v26.8 - https:\/\/yoast.com\/product\/yoast-seo-wordpress\/ -->\n<title>Akce Nimco zrcadlo LED 900x700 ZP 13019 -<\/title>\n<meta name=\"robots\" content=\"index, follow, max-snippet:-1, max-image-preview:large, max-video-preview:-1\" \/>\n<link rel=\"canonical\" href=\"https:\/\/www.domkraftpro.com\/index.php\/produkt\/akce-nimco-zrcadlo-led-900x700-zp-13019-61334\/\" \/>\n<meta property=\"og:locale\" content=\"cs_CZ\" \/>\n<meta property=\"og:type\" content=\"article\" \/>\n<meta property=\"og:title\" content=\"Akce Nimco zrcadlo LED 900x700 ZP 13019 -\" \/>\n<meta property=\"og:description\" content=\"Detailn\u00ed popis produktu Obd\u00e9ln\u00edkov\u00e9 zrcadlo s r\u00e1mem s ostr\u00fdmi rohy a celoobvodov\u00fdm sv\u00edcen\u00edm pro dokonal\u00e9 a rovnom\u011brn\u00e9 osv\u011btlen\u00ed. Zrcadlo bez integrovan\u00e9ho vyp\u00edna\u010de je ur\u010den\u00e9 k p\u0159ipojen\u00ed a ovl\u00e1d\u00e1n\u00ed n\u00e1st\u011bnn\u00fdm vyp\u00edna\u010dem. Barva sv\u011btla zrcadla je pevn\u011b nastavena. Pro dosa\u017een\u00ed kvalitn\u00edho a rovnom\u011brn\u00e9ho sv\u00edcen\u00ed je pou\u017eit akrylov\u00fd difuzor, kter\u00fd zaji\u0161\u0165uje m\u011bkk\u00fd a harmonick\u00fd rozptyl sv\u011btla bez viditeln\u00fdch [&hellip;]\" \/>\n<meta property=\"og:url\" content=\"https:\/\/www.domkraftpro.com\/index.php\/produkt\/akce-nimco-zrcadlo-led-900x700-zp-13019-61334\/\" \/>\n<meta property=\"og:image\" content=\"https:\/\/www.domkraftpro.com\/wp-content\/uploads\/2026\/SK0007647-CZ20260425-093351-0-1777080838-1215461_energeticky-stitek.webp\" \/>\n\t<meta property=\"og:image:width\" content=\"1000\" \/>\n\t<meta property=\"og:image:height\" content=\"750\" \/>\n\t<meta property=\"og:image:type\" content=\"image\/webp\" \/>\n<meta name=\"twitter:card\" content=\"summary_large_image\" \/>\n<meta name=\"twitter:label1\" content=\"Odhadovan\u00e1 doba \u010dten\u00ed\" \/>\n\t<meta name=\"twitter:data1\" content=\"3 minuty\" \/>\n<script type=\"application\/ld+json\" class=\"yoast-schema-graph\">{\"@context\":\"https:\/\/schema.org\",\"@graph\":[{\"@type\":\"WebPage\",\"@id\":\"https:\/\/www.domkraftpro.com\/index.php\/produkt\/akce-nimco-zrcadlo-led-900x700-zp-13019-61334\/\",\"url\":\"https:\/\/www.domkraftpro.com\/index.php\/produkt\/akce-nimco-zrcadlo-led-900x700-zp-13019-61334\/\",\"name\":\"Akce Nimco zrcadlo LED 900x700 ZP 13019 -\",\"isPartOf\":{\"@id\":\"https:\/\/www.domkraftpro.com\/#website\"},\"primaryImageOfPage\":{\"@id\":\"https:\/\/www.domkraftpro.com\/index.php\/produkt\/akce-nimco-zrcadlo-led-900x700-zp-13019-61334\/#primaryimage\"},\"image\":{\"@id\":\"https:\/\/www.domkraftpro.com\/index.php\/produkt\/akce-nimco-zrcadlo-led-900x700-zp-13019-61334\/#primaryimage\"},\"thumbnailUrl\":\"https:\/\/www.domkraftpro.com\/wp-content\/uploads\/2026\/SK0007647-CZ20260425-093351-0-1777080838-1215461_energeticky-stitek.webp\",\"datePublished\":\"2026-04-27T04:43:11+00:00\",\"breadcrumb\":{\"@id\":\"https:\/\/www.domkraftpro.com\/index.php\/produkt\/akce-nimco-zrcadlo-led-900x700-zp-13019-61334\/#breadcrumb\"},\"inLanguage\":\"cs\",\"potentialAction\":[{\"@type\":\"ReadAction\",\"target\":[\"https:\/\/www.domkraftpro.com\/index.php\/produkt\/akce-nimco-zrcadlo-led-900x700-zp-13019-61334\/\"]}]},{\"@type\":\"ImageObject\",\"inLanguage\":\"cs\",\"@id\":\"https:\/\/www.domkraftpro.com\/index.php\/produkt\/akce-nimco-zrcadlo-led-900x700-zp-13019-61334\/#primaryimage\",\"url\":\"https:\/\/www.domkraftpro.com\/wp-content\/uploads\/2026\/SK0007647-CZ20260425-093351-0-1777080838-1215461_energeticky-stitek.webp\",\"contentUrl\":\"https:\/\/www.domkraftpro.com\/wp-content\/uploads\/2026\/SK0007647-CZ20260425-093351-0-1777080838-1215461_energeticky-stitek.webp\",\"width\":1000,\"height\":750},{\"@type\":\"BreadcrumbList\",\"@id\":\"https:\/\/www.domkraftpro.com\/index.php\/produkt\/akce-nimco-zrcadlo-led-900x700-zp-13019-61334\/#breadcrumb\",\"itemListElement\":[{\"@type\":\"ListItem\",\"position\":1,\"name\":\"Home\",\"item\":\"https:\/\/www.domkraftpro.com\/\"},{\"@type\":\"ListItem\",\"position\":2,\"name\":\"Products\",\"item\":\"https:\/\/www.domkraftpro.com\/index.php\/products\/\"},{\"@type\":\"ListItem\",\"position\":3,\"name\":\"Akce Nimco zrcadlo LED 900&#215;700 ZP 13019\"}]},{\"@type\":\"WebSite\",\"@id\":\"https:\/\/www.domkraftpro.com\/#website\",\"url\":\"https:\/\/www.domkraftpro.com\/\",\"name\":\"\",\"description\":\"\",\"potentialAction\":[{\"@type\":\"SearchAction\",\"target\":{\"@type\":\"EntryPoint\",\"urlTemplate\":\"https:\/\/www.domkraftpro.com\/?s={search_term_string}\"},\"query-input\":{\"@type\":\"PropertyValueSpecification\",\"valueRequired\":true,\"valueName\":\"search_term_string\"}}],\"inLanguage\":\"cs\"}]}<\/script>\n<!-- \/ Yoast SEO plugin. -->","yoast_head_json":{"title":"Akce Nimco zrcadlo LED 900x700 ZP 13019 -","robots":{"index":"index","follow":"follow","max-snippet":"max-snippet:-1","max-image-preview":"max-image-preview:large","max-video-preview":"max-video-preview:-1"},"canonical":"https:\/\/www.domkraftpro.com\/index.php\/produkt\/akce-nimco-zrcadlo-led-900x700-zp-13019-61334\/","og_locale":"cs_CZ","og_type":"article","og_title":"Akce Nimco zrcadlo LED 900x700 ZP 13019 -","og_description":"Detailn\u00ed popis produktu Obd\u00e9ln\u00edkov\u00e9 zrcadlo s r\u00e1mem s ostr\u00fdmi rohy a celoobvodov\u00fdm sv\u00edcen\u00edm pro dokonal\u00e9 a rovnom\u011brn\u00e9 osv\u011btlen\u00ed. Zrcadlo bez integrovan\u00e9ho vyp\u00edna\u010de je ur\u010den\u00e9 k p\u0159ipojen\u00ed a ovl\u00e1d\u00e1n\u00ed n\u00e1st\u011bnn\u00fdm vyp\u00edna\u010dem. Barva sv\u011btla zrcadla je pevn\u011b nastavena. Pro dosa\u017een\u00ed kvalitn\u00edho a rovnom\u011brn\u00e9ho sv\u00edcen\u00ed je pou\u017eit akrylov\u00fd difuzor, kter\u00fd zaji\u0161\u0165uje m\u011bkk\u00fd a harmonick\u00fd rozptyl sv\u011btla bez viditeln\u00fdch [&hellip;]","og_url":"https:\/\/www.domkraftpro.com\/index.php\/produkt\/akce-nimco-zrcadlo-led-900x700-zp-13019-61334\/","og_image":[{"width":1000,"height":750,"url":"https:\/\/www.domkraftpro.com\/wp-content\/uploads\/2026\/SK0007647-CZ20260425-093351-0-1777080838-1215461_energeticky-stitek.webp","type":"image\/webp"}],"twitter_card":"summary_large_image","twitter_misc":{"Odhadovan\u00e1 doba \u010dten\u00ed":"3 minuty"},"schema":{"@context":"https:\/\/schema.org","@graph":[{"@type":"WebPage","@id":"https:\/\/www.domkraftpro.com\/index.php\/produkt\/akce-nimco-zrcadlo-led-900x700-zp-13019-61334\/","url":"https:\/\/www.domkraftpro.com\/index.php\/produkt\/akce-nimco-zrcadlo-led-900x700-zp-13019-61334\/","name":"Akce Nimco zrcadlo LED 900x700 ZP 13019 -","isPartOf":{"@id":"https:\/\/www.domkraftpro.com\/#website"},"primaryImageOfPage":{"@id":"https:\/\/www.domkraftpro.com\/index.php\/produkt\/akce-nimco-zrcadlo-led-900x700-zp-13019-61334\/#primaryimage"},"image":{"@id":"https:\/\/www.domkraftpro.com\/index.php\/produkt\/akce-nimco-zrcadlo-led-900x700-zp-13019-61334\/#primaryimage"},"thumbnailUrl":"https:\/\/www.domkraftpro.com\/wp-content\/uploads\/2026\/SK0007647-CZ20260425-093351-0-1777080838-1215461_energeticky-stitek.webp","datePublished":"2026-04-27T04:43:11+00:00","breadcrumb":{"@id":"https:\/\/www.domkraftpro.com\/index.php\/produkt\/akce-nimco-zrcadlo-led-900x700-zp-13019-61334\/#breadcrumb"},"inLanguage":"cs","potentialAction":[{"@type":"ReadAction","target":["https:\/\/www.domkraftpro.com\/index.php\/produkt\/akce-nimco-zrcadlo-led-900x700-zp-13019-61334\/"]}]},{"@type":"ImageObject","inLanguage":"cs","@id":"https:\/\/www.domkraftpro.com\/index.php\/produkt\/akce-nimco-zrcadlo-led-900x700-zp-13019-61334\/#primaryimage","url":"https:\/\/www.domkraftpro.com\/wp-content\/uploads\/2026\/SK0007647-CZ20260425-093351-0-1777080838-1215461_energeticky-stitek.webp","contentUrl":"https:\/\/www.domkraftpro.com\/wp-content\/uploads\/2026\/SK0007647-CZ20260425-093351-0-1777080838-1215461_energeticky-stitek.webp","width":1000,"height":750},{"@type":"BreadcrumbList","@id":"https:\/\/www.domkraftpro.com\/index.php\/produkt\/akce-nimco-zrcadlo-led-900x700-zp-13019-61334\/#breadcrumb","itemListElement":[{"@type":"ListItem","position":1,"name":"Home","item":"https:\/\/www.domkraftpro.com\/"},{"@type":"ListItem","position":2,"name":"Products","item":"https:\/\/www.domkraftpro.com\/index.php\/products\/"},{"@type":"ListItem","position":3,"name":"Akce Nimco zrcadlo LED 900&#215;700 ZP 13019"}]},{"@type":"WebSite","@id":"https:\/\/www.domkraftpro.com\/#website","url":"https:\/\/www.domkraftpro.com\/","name":"","description":"","potentialAction":[{"@type":"SearchAction","target":{"@type":"EntryPoint","urlTemplate":"https:\/\/www.domkraftpro.com\/?s={search_term_string}"},"query-input":{"@type":"PropertyValueSpecification","valueRequired":true,"valueName":"search_term_string"}}],"inLanguage":"cs"}]}},"_links":{"self":[{"href":"https:\/\/www.domkraftpro.com\/index.php\/wp-json\/wp\/v2\/product\/61334","targetHints":{"allow":["GET"]}}],"collection":[{"href":"https:\/\/www.domkraftpro.com\/index.php\/wp-json\/wp\/v2\/product"}],"about":[{"href":"https:\/\/www.domkraftpro.com\/index.php\/wp-json\/wp\/v2\/types\/product"}],"replies":[{"embeddable":true,"href":"https:\/\/www.domkraftpro.com\/index.php\/wp-json\/wp\/v2\/comments?post=61334"}],"wp:featuredmedia":[{"embeddable":true,"href":"https:\/\/www.domkraftpro.com\/index.php\/wp-json\/wp\/v2\/media\/61434"}],"wp:attachment":[{"href":"https:\/\/www.domkraftpro.com\/index.php\/wp-json\/wp\/v2\/media?parent=61334"}],"wp:term":[{"taxonomy":"product_brand","embeddable":true,"href":"https:\/\/www.domkraftpro.com\/index.php\/wp-json\/wp\/v2\/product_brand?post=61334"},{"taxonomy":"product_cat","embeddable":true,"href":"https:\/\/www.domkraftpro.com\/index.php\/wp-json\/wp\/v2\/product_cat?post=61334"},{"taxonomy":"product_tag","embeddable":true,"href":"https:\/\/www.domkraftpro.com\/index.php\/wp-json\/wp\/v2\/product_tag?post=61334"}],"curies":[{"name":"wp","href":"https:\/\/api.w.org\/{rel}","templated":true}]}}