{"id":6122,"date":"2026-04-27T04:40:36","date_gmt":"2026-04-27T04:40:36","guid":{"rendered":""},"modified":"2026-04-27T04:40:36","modified_gmt":"2026-04-27T04:40:36","slug":"akce-gutta-guttaprofil-alu-u-elox-s-okapnickou-6-mm-6400-mm-prirodni-hlinik-6122","status":"publish","type":"product","link":"https:\/\/www.domkraftpro.com\/index.php\/produkt\/akce-gutta-guttaprofil-alu-u-elox-s-okapnickou-6-mm-6400-mm-prirodni-hlinik-6122\/","title":{"rendered":"Akce Gutta Guttaprofil ALU-U elox s okapni\u010dkou 6 mm 6400 mm p\u0159\u00edrodn\u00ed hlin\u00edk"},"content":{"rendered":"<div class=\"detail-description__right\">\n<div class=\"parameters\">\n<div class=\"table table--simple\">\n<table>\n<tbody>\n<tr>\n<td colspan=\"2\">\n<h4>Vlastnosti<\/h4>\n<\/td>\n<\/tr>\n<tr>\n<td>Materi\u00e1l<\/td>\n<td>hlin\u00edk<\/td>\n<\/tr>\n<tr>\n<td>Povrchov\u00e1 \u00faprava<\/td>\n<td>eloxov\u00e1n\u00ed<\/td>\n<\/tr>\n<tr data-perex=\"1\">\n<td>D\u00e9lka<\/td>\n<td>2130\u00a0\u2013 6300\u00a0mm<\/td>\n<\/tr>\n<tr data-perex=\"1\">\n<td>Pou\u017eit\u00ed<\/td>\n<td>pro spodn\u00ed hranu<\/td>\n<\/tr>\n<tr>\n<td>Barva<\/td>\n<td>p\u0159\u00edrodn\u00ed hlin\u00edk, bronz<\/td>\n<\/tr>\n<tr>\n<td>UV ochrana<\/td>\n<td>ano<\/td>\n<\/tr>\n<tr>\n<td colspan=\"2\">\n<h4>Parametry<\/h4>\n<\/td>\n<\/tr>\n<tr>\n<td>P\u016fvod<\/td>\n<td>Vyrobeno v\u00a0DE<\/td>\n<\/tr>\n<tr>\n<td>Z\u00e1ruka<\/td>\n<td>2 roky<\/td>\n<\/tr>\n<tr>\n<td>Zna\u010dka<\/td>\n<td>Gutta<\/td>\n<\/tr>\n<\/tbody>\n<\/table><\/div>\n<\/div><\/div>\n<div class=\"detail-description__top\">\t\t\t\t<\/div>\n<div class=\"detail-description__left\">\n<div class=\"detail-description__left__overflow\">\n<div class=\"detail-description__left__head\">\t\t\t\t\t\tPopis:\t\t\t\t\t<\/div>\n<div class=\"ul-style ul-style--check\">\n<p>Hlin\u00edkov\u00e1 ukon\u010dovac\u00ed li\u0161ta s eloxovan\u00fdm povrchem s okapnoi\u010dkou. Ur\u010den\u00e1 pro uzav\u0159en\u00ed a zakon\u010den\u00ed dutinkov\u00fdch desek (lze pou\u017e\u00edt tak\u00e9 jako bo\u010dn\u00ed lem &#8211; okapni\u010dku sm\u011b\u0159ujte vzh\u016fru). P\u0159\u00edslu\u0161enstv\u00ed pro polykarbon\u00e1tov\u00e9 desky.<\/p>\n<\/div>\n<div class=\"detail-description__left__more\">\t\t\t\t\t\t<span> <\/span><span> <\/span>\t\t\t\t\t<\/div>\n<\/p><\/div>\n<div class=\"extra-note\">\n<p>Li\u0161ty dod\u00e1v\u00e1me pouze s odpov\u00eddaj\u00edc\u00edmi deskami zna\u010dky Gutta. Samostatn\u011b si je m\u016f\u017eete objednat od v\u00fdrobce Covestro v sekci\u00a0Li\u0161ty.<\/p>\n<\/p><\/div>\n<\/p><\/div>\n<div class=\"detail-description__more\"><span> <\/span><span> <\/span><\/div>\n<\/p><\/div>\n<\/p><\/div>\n","protected":false},"excerpt":{"rendered":"<p>Vlastnosti Materi\u00e1l hlin\u00edk Povrchov\u00e1 \u00faprava eloxov\u00e1n\u00ed D\u00e9lka 2130\u00a0\u2013 6300\u00a0mm Pou\u017eit\u00ed pro spodn\u00ed hranu Barva p\u0159\u00edrodn\u00ed hlin\u00edk, bronz UV ochrana ano Parametry P\u016fvod Vyrobeno v\u00a0DE Z\u00e1ruka 2 roky Zna\u010dka Gutta Popis: Hlin\u00edkov\u00e1 ukon\u010dovac\u00ed li\u0161ta s eloxovan\u00fdm povrchem s okapnoi\u010dkou. Ur\u010den\u00e1 pro uzav\u0159en\u00ed a zakon\u010den\u00ed dutinkov\u00fdch desek (lze pou\u017e\u00edt tak\u00e9 jako bo\u010dn\u00ed lem &#8211; okapni\u010dku sm\u011b\u0159ujte vzh\u016fru). [&hellip;]<\/p>\n","protected":false},"featured_media":6222,"comment_status":"open","ping_status":"open","template":"","meta":[],"product_brand":[],"product_cat":[51],"product_tag":[],"class_list":{"0":"post-6122","1":"product","2":"type-product","3":"status-publish","4":"has-post-thumbnail","6":"product_cat-plasty","8":"first","9":"instock","10":"sale","11":"shipping-taxable","12":"purchasable","13":"product-type-simple"},"yoast_head":"<!-- This site is optimized with the Yoast SEO plugin v26.8 - https:\/\/yoast.com\/product\/yoast-seo-wordpress\/ -->\n<title>Akce Gutta Guttaprofil ALU-U elox s okapni\u010dkou 6 mm 6400 mm p\u0159\u00edrodn\u00ed hlin\u00edk -<\/title>\n<meta name=\"robots\" content=\"index, follow, max-snippet:-1, max-image-preview:large, max-video-preview:-1\" \/>\n<link rel=\"canonical\" href=\"https:\/\/www.domkraftpro.com\/index.php\/produkt\/akce-gutta-guttaprofil-alu-u-elox-s-okapnickou-6-mm-6400-mm-prirodni-hlinik-6122\/\" \/>\n<meta property=\"og:locale\" content=\"cs_CZ\" \/>\n<meta property=\"og:type\" content=\"article\" \/>\n<meta property=\"og:title\" content=\"Akce Gutta Guttaprofil ALU-U elox s okapni\u010dkou 6 mm 6400 mm p\u0159\u00edrodn\u00ed hlin\u00edk -\" \/>\n<meta property=\"og:description\" content=\"Vlastnosti Materi\u00e1l hlin\u00edk Povrchov\u00e1 \u00faprava eloxov\u00e1n\u00ed D\u00e9lka 2130\u00a0\u2013 6300\u00a0mm Pou\u017eit\u00ed pro spodn\u00ed hranu Barva p\u0159\u00edrodn\u00ed hlin\u00edk, bronz UV ochrana ano Parametry P\u016fvod Vyrobeno v\u00a0DE Z\u00e1ruka 2 roky Zna\u010dka Gutta Popis: Hlin\u00edkov\u00e1 ukon\u010dovac\u00ed li\u0161ta s eloxovan\u00fdm povrchem s okapnoi\u010dkou. Ur\u010den\u00e1 pro uzav\u0159en\u00ed a zakon\u010den\u00ed dutinkov\u00fdch desek (lze pou\u017e\u00edt tak\u00e9 jako bo\u010dn\u00ed lem &#8211; okapni\u010dku sm\u011b\u0159ujte vzh\u016fru). [&hellip;]\" \/>\n<meta property=\"og:url\" content=\"https:\/\/www.domkraftpro.com\/index.php\/produkt\/akce-gutta-guttaprofil-alu-u-elox-s-okapnickou-6-mm-6400-mm-prirodni-hlinik-6122\/\" \/>\n<meta property=\"og:image\" content=\"https:\/\/www.domkraftpro.com\/wp-content\/uploads\/2026\/SK0009782-CZ20260425-091936-0-1777079982-ukoncovaci-lista-gutta-guttaprofil-alu-u-elox-s-okapnickou-.webp\" \/>\n\t<meta property=\"og:image:width\" content=\"1000\" \/>\n\t<meta property=\"og:image:height\" content=\"523\" \/>\n\t<meta property=\"og:image:type\" content=\"image\/webp\" \/>\n<meta name=\"twitter:card\" content=\"summary_large_image\" \/>\n<script type=\"application\/ld+json\" class=\"yoast-schema-graph\">{\"@context\":\"https:\/\/schema.org\",\"@graph\":[{\"@type\":\"WebPage\",\"@id\":\"https:\/\/www.domkraftpro.com\/index.php\/produkt\/akce-gutta-guttaprofil-alu-u-elox-s-okapnickou-6-mm-6400-mm-prirodni-hlinik-6122\/\",\"url\":\"https:\/\/www.domkraftpro.com\/index.php\/produkt\/akce-gutta-guttaprofil-alu-u-elox-s-okapnickou-6-mm-6400-mm-prirodni-hlinik-6122\/\",\"name\":\"Akce Gutta Guttaprofil ALU-U elox s okapni\u010dkou 6 mm 6400 mm p\u0159\u00edrodn\u00ed hlin\u00edk -\",\"isPartOf\":{\"@id\":\"https:\/\/www.domkraftpro.com\/#website\"},\"primaryImageOfPage\":{\"@id\":\"https:\/\/www.domkraftpro.com\/index.php\/produkt\/akce-gutta-guttaprofil-alu-u-elox-s-okapnickou-6-mm-6400-mm-prirodni-hlinik-6122\/#primaryimage\"},\"image\":{\"@id\":\"https:\/\/www.domkraftpro.com\/index.php\/produkt\/akce-gutta-guttaprofil-alu-u-elox-s-okapnickou-6-mm-6400-mm-prirodni-hlinik-6122\/#primaryimage\"},\"thumbnailUrl\":\"https:\/\/www.domkraftpro.com\/wp-content\/uploads\/2026\/SK0009782-CZ20260425-091936-0-1777079982-ukoncovaci-lista-gutta-guttaprofil-alu-u-elox-s-okapnickou-.webp\",\"datePublished\":\"2026-04-27T04:40:36+00:00\",\"breadcrumb\":{\"@id\":\"https:\/\/www.domkraftpro.com\/index.php\/produkt\/akce-gutta-guttaprofil-alu-u-elox-s-okapnickou-6-mm-6400-mm-prirodni-hlinik-6122\/#breadcrumb\"},\"inLanguage\":\"cs\",\"potentialAction\":[{\"@type\":\"ReadAction\",\"target\":[\"https:\/\/www.domkraftpro.com\/index.php\/produkt\/akce-gutta-guttaprofil-alu-u-elox-s-okapnickou-6-mm-6400-mm-prirodni-hlinik-6122\/\"]}]},{\"@type\":\"ImageObject\",\"inLanguage\":\"cs\",\"@id\":\"https:\/\/www.domkraftpro.com\/index.php\/produkt\/akce-gutta-guttaprofil-alu-u-elox-s-okapnickou-6-mm-6400-mm-prirodni-hlinik-6122\/#primaryimage\",\"url\":\"https:\/\/www.domkraftpro.com\/wp-content\/uploads\/2026\/SK0009782-CZ20260425-091936-0-1777079982-ukoncovaci-lista-gutta-guttaprofil-alu-u-elox-s-okapnickou-.webp\",\"contentUrl\":\"https:\/\/www.domkraftpro.com\/wp-content\/uploads\/2026\/SK0009782-CZ20260425-091936-0-1777079982-ukoncovaci-lista-gutta-guttaprofil-alu-u-elox-s-okapnickou-.webp\",\"width\":1000,\"height\":523},{\"@type\":\"BreadcrumbList\",\"@id\":\"https:\/\/www.domkraftpro.com\/index.php\/produkt\/akce-gutta-guttaprofil-alu-u-elox-s-okapnickou-6-mm-6400-mm-prirodni-hlinik-6122\/#breadcrumb\",\"itemListElement\":[{\"@type\":\"ListItem\",\"position\":1,\"name\":\"Home\",\"item\":\"https:\/\/www.domkraftpro.com\/\"},{\"@type\":\"ListItem\",\"position\":2,\"name\":\"Products\",\"item\":\"https:\/\/www.domkraftpro.com\/index.php\/products\/\"},{\"@type\":\"ListItem\",\"position\":3,\"name\":\"Akce Gutta Guttaprofil ALU-U elox s okapni\u010dkou 6 mm 6400 mm p\u0159\u00edrodn\u00ed hlin\u00edk\"}]},{\"@type\":\"WebSite\",\"@id\":\"https:\/\/www.domkraftpro.com\/#website\",\"url\":\"https:\/\/www.domkraftpro.com\/\",\"name\":\"\",\"description\":\"\",\"potentialAction\":[{\"@type\":\"SearchAction\",\"target\":{\"@type\":\"EntryPoint\",\"urlTemplate\":\"https:\/\/www.domkraftpro.com\/?s={search_term_string}\"},\"query-input\":{\"@type\":\"PropertyValueSpecification\",\"valueRequired\":true,\"valueName\":\"search_term_string\"}}],\"inLanguage\":\"cs\"}]}<\/script>\n<!-- \/ Yoast SEO plugin. -->","yoast_head_json":{"title":"Akce Gutta Guttaprofil ALU-U elox s okapni\u010dkou 6 mm 6400 mm p\u0159\u00edrodn\u00ed hlin\u00edk -","robots":{"index":"index","follow":"follow","max-snippet":"max-snippet:-1","max-image-preview":"max-image-preview:large","max-video-preview":"max-video-preview:-1"},"canonical":"https:\/\/www.domkraftpro.com\/index.php\/produkt\/akce-gutta-guttaprofil-alu-u-elox-s-okapnickou-6-mm-6400-mm-prirodni-hlinik-6122\/","og_locale":"cs_CZ","og_type":"article","og_title":"Akce Gutta Guttaprofil ALU-U elox s okapni\u010dkou 6 mm 6400 mm p\u0159\u00edrodn\u00ed hlin\u00edk -","og_description":"Vlastnosti Materi\u00e1l hlin\u00edk Povrchov\u00e1 \u00faprava eloxov\u00e1n\u00ed D\u00e9lka 2130\u00a0\u2013 6300\u00a0mm Pou\u017eit\u00ed pro spodn\u00ed hranu Barva p\u0159\u00edrodn\u00ed hlin\u00edk, bronz UV ochrana ano Parametry P\u016fvod Vyrobeno v\u00a0DE Z\u00e1ruka 2 roky Zna\u010dka Gutta Popis: Hlin\u00edkov\u00e1 ukon\u010dovac\u00ed li\u0161ta s eloxovan\u00fdm povrchem s okapnoi\u010dkou. Ur\u010den\u00e1 pro uzav\u0159en\u00ed a zakon\u010den\u00ed dutinkov\u00fdch desek (lze pou\u017e\u00edt tak\u00e9 jako bo\u010dn\u00ed lem &#8211; okapni\u010dku sm\u011b\u0159ujte vzh\u016fru). [&hellip;]","og_url":"https:\/\/www.domkraftpro.com\/index.php\/produkt\/akce-gutta-guttaprofil-alu-u-elox-s-okapnickou-6-mm-6400-mm-prirodni-hlinik-6122\/","og_image":[{"width":1000,"height":523,"url":"https:\/\/www.domkraftpro.com\/wp-content\/uploads\/2026\/SK0009782-CZ20260425-091936-0-1777079982-ukoncovaci-lista-gutta-guttaprofil-alu-u-elox-s-okapnickou-.webp","type":"image\/webp"}],"twitter_card":"summary_large_image","schema":{"@context":"https:\/\/schema.org","@graph":[{"@type":"WebPage","@id":"https:\/\/www.domkraftpro.com\/index.php\/produkt\/akce-gutta-guttaprofil-alu-u-elox-s-okapnickou-6-mm-6400-mm-prirodni-hlinik-6122\/","url":"https:\/\/www.domkraftpro.com\/index.php\/produkt\/akce-gutta-guttaprofil-alu-u-elox-s-okapnickou-6-mm-6400-mm-prirodni-hlinik-6122\/","name":"Akce Gutta Guttaprofil ALU-U elox s okapni\u010dkou 6 mm 6400 mm p\u0159\u00edrodn\u00ed hlin\u00edk -","isPartOf":{"@id":"https:\/\/www.domkraftpro.com\/#website"},"primaryImageOfPage":{"@id":"https:\/\/www.domkraftpro.com\/index.php\/produkt\/akce-gutta-guttaprofil-alu-u-elox-s-okapnickou-6-mm-6400-mm-prirodni-hlinik-6122\/#primaryimage"},"image":{"@id":"https:\/\/www.domkraftpro.com\/index.php\/produkt\/akce-gutta-guttaprofil-alu-u-elox-s-okapnickou-6-mm-6400-mm-prirodni-hlinik-6122\/#primaryimage"},"thumbnailUrl":"https:\/\/www.domkraftpro.com\/wp-content\/uploads\/2026\/SK0009782-CZ20260425-091936-0-1777079982-ukoncovaci-lista-gutta-guttaprofil-alu-u-elox-s-okapnickou-.webp","datePublished":"2026-04-27T04:40:36+00:00","breadcrumb":{"@id":"https:\/\/www.domkraftpro.com\/index.php\/produkt\/akce-gutta-guttaprofil-alu-u-elox-s-okapnickou-6-mm-6400-mm-prirodni-hlinik-6122\/#breadcrumb"},"inLanguage":"cs","potentialAction":[{"@type":"ReadAction","target":["https:\/\/www.domkraftpro.com\/index.php\/produkt\/akce-gutta-guttaprofil-alu-u-elox-s-okapnickou-6-mm-6400-mm-prirodni-hlinik-6122\/"]}]},{"@type":"ImageObject","inLanguage":"cs","@id":"https:\/\/www.domkraftpro.com\/index.php\/produkt\/akce-gutta-guttaprofil-alu-u-elox-s-okapnickou-6-mm-6400-mm-prirodni-hlinik-6122\/#primaryimage","url":"https:\/\/www.domkraftpro.com\/wp-content\/uploads\/2026\/SK0009782-CZ20260425-091936-0-1777079982-ukoncovaci-lista-gutta-guttaprofil-alu-u-elox-s-okapnickou-.webp","contentUrl":"https:\/\/www.domkraftpro.com\/wp-content\/uploads\/2026\/SK0009782-CZ20260425-091936-0-1777079982-ukoncovaci-lista-gutta-guttaprofil-alu-u-elox-s-okapnickou-.webp","width":1000,"height":523},{"@type":"BreadcrumbList","@id":"https:\/\/www.domkraftpro.com\/index.php\/produkt\/akce-gutta-guttaprofil-alu-u-elox-s-okapnickou-6-mm-6400-mm-prirodni-hlinik-6122\/#breadcrumb","itemListElement":[{"@type":"ListItem","position":1,"name":"Home","item":"https:\/\/www.domkraftpro.com\/"},{"@type":"ListItem","position":2,"name":"Products","item":"https:\/\/www.domkraftpro.com\/index.php\/products\/"},{"@type":"ListItem","position":3,"name":"Akce Gutta Guttaprofil ALU-U elox s okapni\u010dkou 6 mm 6400 mm p\u0159\u00edrodn\u00ed hlin\u00edk"}]},{"@type":"WebSite","@id":"https:\/\/www.domkraftpro.com\/#website","url":"https:\/\/www.domkraftpro.com\/","name":"","description":"","potentialAction":[{"@type":"SearchAction","target":{"@type":"EntryPoint","urlTemplate":"https:\/\/www.domkraftpro.com\/?s={search_term_string}"},"query-input":{"@type":"PropertyValueSpecification","valueRequired":true,"valueName":"search_term_string"}}],"inLanguage":"cs"}]}},"_links":{"self":[{"href":"https:\/\/www.domkraftpro.com\/index.php\/wp-json\/wp\/v2\/product\/6122","targetHints":{"allow":["GET"]}}],"collection":[{"href":"https:\/\/www.domkraftpro.com\/index.php\/wp-json\/wp\/v2\/product"}],"about":[{"href":"https:\/\/www.domkraftpro.com\/index.php\/wp-json\/wp\/v2\/types\/product"}],"replies":[{"embeddable":true,"href":"https:\/\/www.domkraftpro.com\/index.php\/wp-json\/wp\/v2\/comments?post=6122"}],"wp:featuredmedia":[{"embeddable":true,"href":"https:\/\/www.domkraftpro.com\/index.php\/wp-json\/wp\/v2\/media\/6222"}],"wp:attachment":[{"href":"https:\/\/www.domkraftpro.com\/index.php\/wp-json\/wp\/v2\/media?parent=6122"}],"wp:term":[{"taxonomy":"product_brand","embeddable":true,"href":"https:\/\/www.domkraftpro.com\/index.php\/wp-json\/wp\/v2\/product_brand?post=6122"},{"taxonomy":"product_cat","embeddable":true,"href":"https:\/\/www.domkraftpro.com\/index.php\/wp-json\/wp\/v2\/product_cat?post=6122"},{"taxonomy":"product_tag","embeddable":true,"href":"https:\/\/www.domkraftpro.com\/index.php\/wp-json\/wp\/v2\/product_tag?post=6122"}],"curies":[{"name":"wp","href":"https:\/\/api.w.org\/{rel}","templated":true}]}}