{"id":61125,"date":"2026-04-27T04:43:11","date_gmt":"2026-04-27T04:43:11","guid":{"rendered":""},"modified":"2026-04-27T04:43:11","modified_gmt":"2026-04-27T04:43:11","slug":"znackovy-sapho-twiga-umyvadlovy-stolek-110x72x50-cm-cerna-mat-dub-tmavy-vc453-110-11-61125","status":"publish","type":"product","link":"https:\/\/www.domkraftpro.com\/index.php\/produkt\/znackovy-sapho-twiga-umyvadlovy-stolek-110x72x50-cm-cerna-mat-dub-tmavy-vc453-110-11-61125\/","title":{"rendered":"Zna\u010dkov\u00fd Sapho TWIGA umyvadlov\u00fd stolek 110x72x50 cm, \u010dern\u00e1 mat\/dub tmav\u00fd VC453-110-11"},"content":{"rendered":"<h3>Dopl\u0148kov\u00e9 parametry<\/h3>\n<table class=\"detail-parameters\">\n<tbody>\n<tr>\n<th>        <span class=\"row-header-label\">            Kategorie<span class=\"row-header-label-colon\">:<\/span>        <\/span>    <\/th>\n<td>        Desky pod umyvadlo    <\/td>\n<\/tr>\n<tr>\n<th>            <span class=\"row-header-label\">                Hmotnost<span class=\"row-header-label-colon\">:<\/span>            <\/span>        <\/th>\n<td>            37.32 kg        <\/td>\n<\/tr>\n<tr class=\"productEan\">\n<th>          <span class=\"row-header-label productEan__label\">              EAN<span class=\"row-header-label-colon\">:<\/span>          <\/span>      <\/th>\n<td>          <span class=\"productEan__value\">8590913915178<\/span>      <\/td>\n<\/tr>\n<tr>\n<th>                <span class=\"row-header-label\">                                            3D model<span class=\"row-header-label-colon\">:<\/span>                                    <\/span>            <\/th>\n<td>                                                            ANO                                                <\/td>\n<\/tr>\n<tr>\n<th>                <span class=\"row-header-label\">                                            Balen\u00ed<span class=\"row-header-label-colon\">:<\/span>                                    <\/span>            <\/th>\n<td>                                                            3 ks                                                <\/td>\n<\/tr>\n<tr>\n<th>                <span class=\"row-header-label\">                                            Barva<span class=\"row-header-label-colon\">:<\/span>                                    <\/span>            <\/th>\n<td>                                                            \u010cern\u00e1                                                <\/td>\n<\/tr>\n<tr>\n<th>                <span class=\"row-header-label\">                                            Dekor<span class=\"row-header-label-colon\">:<\/span>                                    <\/span>            <\/th>\n<td>                                                            Dub tmav\u00fd                                                <\/td>\n<\/tr>\n<tr>\n<th>                <span class=\"row-header-label\">                                            Hloubka<span class=\"row-header-label-colon\">:<\/span>                                    <\/span>            <\/th>\n<td>                                                            500 mm                                                <\/td>\n<\/tr>\n<tr>\n<th>                <span class=\"row-header-label\">                                            Hmotnost<span class=\"row-header-label-colon\">:<\/span>                                    <\/span>            <\/th>\n<td>                                                            37.32 kg                                                <\/td>\n<\/tr>\n<tr>\n<th>                <span class=\"row-header-label\">                                            Jin\u00e9 barevn\u00e9 proveden\u00ed<span class=\"row-header-label-colon\">:<\/span>                                    <\/span>            <\/th>\n<td>                                                            Dle vzorn\u00edku                                                <\/td>\n<\/tr>\n<tr>\n<th>                <span class=\"row-header-label\">                                            Materi\u00e1l<span class=\"row-header-label-colon\">:<\/span>                                    <\/span>            <\/th>\n<td>                                                            DTD\/HPL lamin\u00e1t\/ocel                                                <\/td>\n<\/tr>\n<tr>\n<th>                <span class=\"row-header-label\">                                            Rozm\u011br<span class=\"row-header-label-colon\">:<\/span>                                    <\/span>            <\/th>\n<td>                                                            110x72x50 cm                                                <\/td>\n<\/tr>\n<tr>\n<th>                <span class=\"row-header-label\">                                            S\u00e9rie<span class=\"row-header-label-colon\">:<\/span>                                    <\/span>            <\/th>\n<td>                                                            TWIGA                                                <\/td>\n<\/tr>\n<tr>\n<th>                <span class=\"row-header-label\">                                            \u0160\u00ed\u0159ka<span class=\"row-header-label-colon\">:<\/span>                                    <\/span>            <\/th>\n<td>                                                            1100 mm                                                <\/td>\n<\/tr>\n<tr>\n<th>                <span class=\"row-header-label\">                                            Typ sk\u0159\u00ed\u0148ky<span class=\"row-header-label-colon\">:<\/span>                                    <\/span>            <\/th>\n<td>                                                            Otev\u0159en\u00e1                                                <\/td>\n<\/tr>\n<tr>\n<th>                <span class=\"row-header-label\">                                            Typ umyvadla<span class=\"row-header-label-colon\">:<\/span>                                    <\/span>            <\/th>\n<td>                                                            Umyvadlo na desku                                                <\/td>\n<\/tr>\n<tr>\n<th>                <span class=\"row-header-label\">                                            V\u00fd\u0161ka<span class=\"row-header-label-colon\">:<\/span>                                    <\/span>            <\/th>\n<td>                                                            720 mm                                                <\/td>\n<\/tr>\n<tr>\n<th>                <span class=\"row-header-label\">                                            Z\u00e1ru\u010dn\u00ed doba<span class=\"row-header-label-colon\">:<\/span>                                    <\/span>            <\/th>\n<td>                                                            2 roky                                                <\/td>\n<\/tr>\n<tr>\n<th>                <span class=\"row-header-label\">                                            Instalace<span class=\"row-header-label-colon\">:<\/span>                                    <\/span>            <\/th>\n<td>                                                            K postaven\u00ed                                                <\/td>\n<\/tr>\n<tr>\n<th>                <span class=\"row-header-label\">                                            Balen\u00ed &#8211; hmotnost<span class=\"row-header-label-colon\">:<\/span>                                    <\/span>            <\/th>\n<td>                                                            37.320 kg                                                <\/td>\n<\/tr>\n<\/tbody>\n<\/table><\/div>\n<\/p><\/div>\n<\/p><\/div>\n","protected":false},"excerpt":{"rendered":"<p>Dopl\u0148kov\u00e9 parametry Kategorie: Desky pod umyvadlo Hmotnost: 37.32 kg EAN: 8590913915178 3D model: ANO Balen\u00ed: 3 ks Barva: \u010cern\u00e1 Dekor: Dub tmav\u00fd Hloubka: 500 mm Hmotnost: 37.32 kg Jin\u00e9 barevn\u00e9 proveden\u00ed: Dle vzorn\u00edku Materi\u00e1l: DTD\/HPL lamin\u00e1t\/ocel Rozm\u011br: 110x72x50 cm S\u00e9rie: TWIGA \u0160\u00ed\u0159ka: 1100 mm Typ sk\u0159\u00ed\u0148ky: Otev\u0159en\u00e1 Typ umyvadla: Umyvadlo na desku V\u00fd\u0161ka: 720 mm [&hellip;]<\/p>\n","protected":false},"featured_media":61225,"comment_status":"open","ping_status":"open","template":"","meta":[],"product_brand":[],"product_cat":[90],"product_tag":[],"class_list":{"0":"post-61125","1":"product","2":"type-product","3":"status-publish","4":"has-post-thumbnail","6":"product_cat-koupelny","8":"first","9":"instock","10":"sale","11":"shipping-taxable","12":"purchasable","13":"product-type-simple"},"yoast_head":"<!-- This site is optimized with the Yoast SEO plugin v26.8 - https:\/\/yoast.com\/product\/yoast-seo-wordpress\/ -->\n<title>Zna\u010dkov\u00fd Sapho TWIGA umyvadlov\u00fd stolek 110x72x50 cm, \u010dern\u00e1 mat\/dub tmav\u00fd VC453-110-11 -<\/title>\n<meta name=\"robots\" content=\"index, follow, max-snippet:-1, max-image-preview:large, max-video-preview:-1\" \/>\n<link rel=\"canonical\" href=\"https:\/\/www.domkraftpro.com\/index.php\/produkt\/znackovy-sapho-twiga-umyvadlovy-stolek-110x72x50-cm-cerna-mat-dub-tmavy-vc453-110-11-61125\/\" \/>\n<meta property=\"og:locale\" content=\"cs_CZ\" \/>\n<meta property=\"og:type\" content=\"article\" \/>\n<meta property=\"og:title\" content=\"Zna\u010dkov\u00fd Sapho TWIGA umyvadlov\u00fd stolek 110x72x50 cm, \u010dern\u00e1 mat\/dub tmav\u00fd VC453-110-11 -\" \/>\n<meta property=\"og:description\" content=\"Dopl\u0148kov\u00e9 parametry Kategorie: Desky pod umyvadlo Hmotnost: 37.32 kg EAN: 8590913915178 3D model: ANO Balen\u00ed: 3 ks Barva: \u010cern\u00e1 Dekor: Dub tmav\u00fd Hloubka: 500 mm Hmotnost: 37.32 kg Jin\u00e9 barevn\u00e9 proveden\u00ed: Dle vzorn\u00edku Materi\u00e1l: DTD\/HPL lamin\u00e1t\/ocel Rozm\u011br: 110x72x50 cm S\u00e9rie: TWIGA \u0160\u00ed\u0159ka: 1100 mm Typ sk\u0159\u00ed\u0148ky: Otev\u0159en\u00e1 Typ umyvadla: Umyvadlo na desku V\u00fd\u0161ka: 720 mm [&hellip;]\" \/>\n<meta property=\"og:url\" content=\"https:\/\/www.domkraftpro.com\/index.php\/produkt\/znackovy-sapho-twiga-umyvadlovy-stolek-110x72x50-cm-cerna-mat-dub-tmavy-vc453-110-11-61125\/\" \/>\n<meta property=\"og:image\" content=\"https:\/\/www.domkraftpro.com\/wp-content\/uploads\/2026\/SK0008176-CZ20260425-093136-0-1777080698-26718_vc453-110-11-159051228906011.webp\" \/>\n\t<meta property=\"og:image:width\" content=\"1000\" \/>\n\t<meta property=\"og:image:height\" content=\"750\" \/>\n\t<meta property=\"og:image:type\" content=\"image\/webp\" \/>\n<meta name=\"twitter:card\" content=\"summary_large_image\" \/>\n<script type=\"application\/ld+json\" class=\"yoast-schema-graph\">{\"@context\":\"https:\/\/schema.org\",\"@graph\":[{\"@type\":\"WebPage\",\"@id\":\"https:\/\/www.domkraftpro.com\/index.php\/produkt\/znackovy-sapho-twiga-umyvadlovy-stolek-110x72x50-cm-cerna-mat-dub-tmavy-vc453-110-11-61125\/\",\"url\":\"https:\/\/www.domkraftpro.com\/index.php\/produkt\/znackovy-sapho-twiga-umyvadlovy-stolek-110x72x50-cm-cerna-mat-dub-tmavy-vc453-110-11-61125\/\",\"name\":\"Zna\u010dkov\u00fd Sapho TWIGA umyvadlov\u00fd stolek 110x72x50 cm, \u010dern\u00e1 mat\/dub tmav\u00fd VC453-110-11 -\",\"isPartOf\":{\"@id\":\"https:\/\/www.domkraftpro.com\/#website\"},\"primaryImageOfPage\":{\"@id\":\"https:\/\/www.domkraftpro.com\/index.php\/produkt\/znackovy-sapho-twiga-umyvadlovy-stolek-110x72x50-cm-cerna-mat-dub-tmavy-vc453-110-11-61125\/#primaryimage\"},\"image\":{\"@id\":\"https:\/\/www.domkraftpro.com\/index.php\/produkt\/znackovy-sapho-twiga-umyvadlovy-stolek-110x72x50-cm-cerna-mat-dub-tmavy-vc453-110-11-61125\/#primaryimage\"},\"thumbnailUrl\":\"https:\/\/www.domkraftpro.com\/wp-content\/uploads\/2026\/SK0008176-CZ20260425-093136-0-1777080698-26718_vc453-110-11-159051228906011.webp\",\"datePublished\":\"2026-04-27T04:43:11+00:00\",\"breadcrumb\":{\"@id\":\"https:\/\/www.domkraftpro.com\/index.php\/produkt\/znackovy-sapho-twiga-umyvadlovy-stolek-110x72x50-cm-cerna-mat-dub-tmavy-vc453-110-11-61125\/#breadcrumb\"},\"inLanguage\":\"cs\",\"potentialAction\":[{\"@type\":\"ReadAction\",\"target\":[\"https:\/\/www.domkraftpro.com\/index.php\/produkt\/znackovy-sapho-twiga-umyvadlovy-stolek-110x72x50-cm-cerna-mat-dub-tmavy-vc453-110-11-61125\/\"]}]},{\"@type\":\"ImageObject\",\"inLanguage\":\"cs\",\"@id\":\"https:\/\/www.domkraftpro.com\/index.php\/produkt\/znackovy-sapho-twiga-umyvadlovy-stolek-110x72x50-cm-cerna-mat-dub-tmavy-vc453-110-11-61125\/#primaryimage\",\"url\":\"https:\/\/www.domkraftpro.com\/wp-content\/uploads\/2026\/SK0008176-CZ20260425-093136-0-1777080698-26718_vc453-110-11-159051228906011.webp\",\"contentUrl\":\"https:\/\/www.domkraftpro.com\/wp-content\/uploads\/2026\/SK0008176-CZ20260425-093136-0-1777080698-26718_vc453-110-11-159051228906011.webp\",\"width\":1000,\"height\":750},{\"@type\":\"BreadcrumbList\",\"@id\":\"https:\/\/www.domkraftpro.com\/index.php\/produkt\/znackovy-sapho-twiga-umyvadlovy-stolek-110x72x50-cm-cerna-mat-dub-tmavy-vc453-110-11-61125\/#breadcrumb\",\"itemListElement\":[{\"@type\":\"ListItem\",\"position\":1,\"name\":\"Home\",\"item\":\"https:\/\/www.domkraftpro.com\/\"},{\"@type\":\"ListItem\",\"position\":2,\"name\":\"Products\",\"item\":\"https:\/\/www.domkraftpro.com\/index.php\/products\/\"},{\"@type\":\"ListItem\",\"position\":3,\"name\":\"Zna\u010dkov\u00fd Sapho TWIGA umyvadlov\u00fd stolek 110x72x50 cm, \u010dern\u00e1 mat\/dub tmav\u00fd VC453-110-11\"}]},{\"@type\":\"WebSite\",\"@id\":\"https:\/\/www.domkraftpro.com\/#website\",\"url\":\"https:\/\/www.domkraftpro.com\/\",\"name\":\"\",\"description\":\"\",\"potentialAction\":[{\"@type\":\"SearchAction\",\"target\":{\"@type\":\"EntryPoint\",\"urlTemplate\":\"https:\/\/www.domkraftpro.com\/?s={search_term_string}\"},\"query-input\":{\"@type\":\"PropertyValueSpecification\",\"valueRequired\":true,\"valueName\":\"search_term_string\"}}],\"inLanguage\":\"cs\"}]}<\/script>\n<!-- \/ Yoast SEO plugin. -->","yoast_head_json":{"title":"Zna\u010dkov\u00fd Sapho TWIGA umyvadlov\u00fd stolek 110x72x50 cm, \u010dern\u00e1 mat\/dub tmav\u00fd VC453-110-11 -","robots":{"index":"index","follow":"follow","max-snippet":"max-snippet:-1","max-image-preview":"max-image-preview:large","max-video-preview":"max-video-preview:-1"},"canonical":"https:\/\/www.domkraftpro.com\/index.php\/produkt\/znackovy-sapho-twiga-umyvadlovy-stolek-110x72x50-cm-cerna-mat-dub-tmavy-vc453-110-11-61125\/","og_locale":"cs_CZ","og_type":"article","og_title":"Zna\u010dkov\u00fd Sapho TWIGA umyvadlov\u00fd stolek 110x72x50 cm, \u010dern\u00e1 mat\/dub tmav\u00fd VC453-110-11 -","og_description":"Dopl\u0148kov\u00e9 parametry Kategorie: Desky pod umyvadlo Hmotnost: 37.32 kg EAN: 8590913915178 3D model: ANO Balen\u00ed: 3 ks Barva: \u010cern\u00e1 Dekor: Dub tmav\u00fd Hloubka: 500 mm Hmotnost: 37.32 kg Jin\u00e9 barevn\u00e9 proveden\u00ed: Dle vzorn\u00edku Materi\u00e1l: DTD\/HPL lamin\u00e1t\/ocel Rozm\u011br: 110x72x50 cm S\u00e9rie: TWIGA \u0160\u00ed\u0159ka: 1100 mm Typ sk\u0159\u00ed\u0148ky: Otev\u0159en\u00e1 Typ umyvadla: Umyvadlo na desku V\u00fd\u0161ka: 720 mm [&hellip;]","og_url":"https:\/\/www.domkraftpro.com\/index.php\/produkt\/znackovy-sapho-twiga-umyvadlovy-stolek-110x72x50-cm-cerna-mat-dub-tmavy-vc453-110-11-61125\/","og_image":[{"width":1000,"height":750,"url":"https:\/\/www.domkraftpro.com\/wp-content\/uploads\/2026\/SK0008176-CZ20260425-093136-0-1777080698-26718_vc453-110-11-159051228906011.webp","type":"image\/webp"}],"twitter_card":"summary_large_image","schema":{"@context":"https:\/\/schema.org","@graph":[{"@type":"WebPage","@id":"https:\/\/www.domkraftpro.com\/index.php\/produkt\/znackovy-sapho-twiga-umyvadlovy-stolek-110x72x50-cm-cerna-mat-dub-tmavy-vc453-110-11-61125\/","url":"https:\/\/www.domkraftpro.com\/index.php\/produkt\/znackovy-sapho-twiga-umyvadlovy-stolek-110x72x50-cm-cerna-mat-dub-tmavy-vc453-110-11-61125\/","name":"Zna\u010dkov\u00fd Sapho TWIGA umyvadlov\u00fd stolek 110x72x50 cm, \u010dern\u00e1 mat\/dub tmav\u00fd VC453-110-11 -","isPartOf":{"@id":"https:\/\/www.domkraftpro.com\/#website"},"primaryImageOfPage":{"@id":"https:\/\/www.domkraftpro.com\/index.php\/produkt\/znackovy-sapho-twiga-umyvadlovy-stolek-110x72x50-cm-cerna-mat-dub-tmavy-vc453-110-11-61125\/#primaryimage"},"image":{"@id":"https:\/\/www.domkraftpro.com\/index.php\/produkt\/znackovy-sapho-twiga-umyvadlovy-stolek-110x72x50-cm-cerna-mat-dub-tmavy-vc453-110-11-61125\/#primaryimage"},"thumbnailUrl":"https:\/\/www.domkraftpro.com\/wp-content\/uploads\/2026\/SK0008176-CZ20260425-093136-0-1777080698-26718_vc453-110-11-159051228906011.webp","datePublished":"2026-04-27T04:43:11+00:00","breadcrumb":{"@id":"https:\/\/www.domkraftpro.com\/index.php\/produkt\/znackovy-sapho-twiga-umyvadlovy-stolek-110x72x50-cm-cerna-mat-dub-tmavy-vc453-110-11-61125\/#breadcrumb"},"inLanguage":"cs","potentialAction":[{"@type":"ReadAction","target":["https:\/\/www.domkraftpro.com\/index.php\/produkt\/znackovy-sapho-twiga-umyvadlovy-stolek-110x72x50-cm-cerna-mat-dub-tmavy-vc453-110-11-61125\/"]}]},{"@type":"ImageObject","inLanguage":"cs","@id":"https:\/\/www.domkraftpro.com\/index.php\/produkt\/znackovy-sapho-twiga-umyvadlovy-stolek-110x72x50-cm-cerna-mat-dub-tmavy-vc453-110-11-61125\/#primaryimage","url":"https:\/\/www.domkraftpro.com\/wp-content\/uploads\/2026\/SK0008176-CZ20260425-093136-0-1777080698-26718_vc453-110-11-159051228906011.webp","contentUrl":"https:\/\/www.domkraftpro.com\/wp-content\/uploads\/2026\/SK0008176-CZ20260425-093136-0-1777080698-26718_vc453-110-11-159051228906011.webp","width":1000,"height":750},{"@type":"BreadcrumbList","@id":"https:\/\/www.domkraftpro.com\/index.php\/produkt\/znackovy-sapho-twiga-umyvadlovy-stolek-110x72x50-cm-cerna-mat-dub-tmavy-vc453-110-11-61125\/#breadcrumb","itemListElement":[{"@type":"ListItem","position":1,"name":"Home","item":"https:\/\/www.domkraftpro.com\/"},{"@type":"ListItem","position":2,"name":"Products","item":"https:\/\/www.domkraftpro.com\/index.php\/products\/"},{"@type":"ListItem","position":3,"name":"Zna\u010dkov\u00fd Sapho TWIGA umyvadlov\u00fd stolek 110x72x50 cm, \u010dern\u00e1 mat\/dub tmav\u00fd VC453-110-11"}]},{"@type":"WebSite","@id":"https:\/\/www.domkraftpro.com\/#website","url":"https:\/\/www.domkraftpro.com\/","name":"","description":"","potentialAction":[{"@type":"SearchAction","target":{"@type":"EntryPoint","urlTemplate":"https:\/\/www.domkraftpro.com\/?s={search_term_string}"},"query-input":{"@type":"PropertyValueSpecification","valueRequired":true,"valueName":"search_term_string"}}],"inLanguage":"cs"}]}},"_links":{"self":[{"href":"https:\/\/www.domkraftpro.com\/index.php\/wp-json\/wp\/v2\/product\/61125","targetHints":{"allow":["GET"]}}],"collection":[{"href":"https:\/\/www.domkraftpro.com\/index.php\/wp-json\/wp\/v2\/product"}],"about":[{"href":"https:\/\/www.domkraftpro.com\/index.php\/wp-json\/wp\/v2\/types\/product"}],"replies":[{"embeddable":true,"href":"https:\/\/www.domkraftpro.com\/index.php\/wp-json\/wp\/v2\/comments?post=61125"}],"wp:featuredmedia":[{"embeddable":true,"href":"https:\/\/www.domkraftpro.com\/index.php\/wp-json\/wp\/v2\/media\/61225"}],"wp:attachment":[{"href":"https:\/\/www.domkraftpro.com\/index.php\/wp-json\/wp\/v2\/media?parent=61125"}],"wp:term":[{"taxonomy":"product_brand","embeddable":true,"href":"https:\/\/www.domkraftpro.com\/index.php\/wp-json\/wp\/v2\/product_brand?post=61125"},{"taxonomy":"product_cat","embeddable":true,"href":"https:\/\/www.domkraftpro.com\/index.php\/wp-json\/wp\/v2\/product_cat?post=61125"},{"taxonomy":"product_tag","embeddable":true,"href":"https:\/\/www.domkraftpro.com\/index.php\/wp-json\/wp\/v2\/product_tag?post=61125"}],"curies":[{"name":"wp","href":"https:\/\/api.w.org\/{rel}","templated":true}]}}