{"id":60717,"date":"2026-04-27T04:43:09","date_gmt":"2026-04-27T04:43:09","guid":{"rendered":""},"modified":"2026-04-27T04:43:09","modified_gmt":"2026-04-27T04:43:09","slug":"akce-mereo-mailo-koupelnova-skrinka-101-cm-dub-riviera-chrom-madlo-cn522s-60717","status":"publish","type":"product","link":"https:\/\/www.domkraftpro.com\/index.php\/produkt\/akce-mereo-mailo-koupelnova-skrinka-101-cm-dub-riviera-chrom-madlo-cn522s-60717\/","title":{"rendered":"Akce Mereo Mailo, koupelnov\u00e1 sk\u0159\u00ed\u0148ka 101 cm, dub Riviera, chrom madlo CN522S"},"content":{"rendered":"<h3>Dopl\u0148kov\u00e9 parametry<\/h3>\n<table class=\"detail-parameters\">\n<tbody>\n<tr>\n<th>        <span class=\"row-header-label\">            Kategorie<span class=\"row-header-label-colon\">:<\/span>        <\/span>    <\/th>\n<td>        S\u00e9rie MEREO    <\/td>\n<\/tr>\n<tr>\n<th>            <span class=\"row-header-label\">                Hmotnost<span class=\"row-header-label-colon\">:<\/span>            <\/span>        <\/th>\n<td>            47.83 kg        <\/td>\n<\/tr>\n<tr class=\"productEan\">\n<th>          <span class=\"row-header-label productEan__label\">              EAN<span class=\"row-header-label-colon\">:<\/span>          <\/span>      <\/th>\n<td>          <span class=\"productEan__value\">8592480086206<\/span>      <\/td>\n<\/tr>\n<tr>\n<th>                <span class=\"row-header-label\">                                            Barva<span class=\"row-header-label-colon\">:<\/span>                                    <\/span>            <\/th>\n<td>                                                            Dub Riviera                                                <\/td>\n<\/tr>\n<tr>\n<th>                <span class=\"row-header-label\">                                            D\u00e9lka<span class=\"row-header-label-colon\">:<\/span>                                    <\/span>            <\/th>\n<td>                                                            700 mm                                                <\/td>\n<\/tr>\n<tr>\n<th>                <span class=\"row-header-label\">                                            Hloubka<span class=\"row-header-label-colon\">:<\/span>                                    <\/span>            <\/th>\n<td>                                                            476 mm                                                <\/td>\n<\/tr>\n<tr>\n<th>                <span class=\"row-header-label\">                                            Hmotnost<span class=\"row-header-label-colon\">:<\/span>                                    <\/span>            <\/th>\n<td>                                                            47.83 kg                                                <\/td>\n<\/tr>\n<tr>\n<th>                <span class=\"row-header-label\">                                            S\u00e9rie<span class=\"row-header-label-colon\">:<\/span>                                    <\/span>            <\/th>\n<td>                                                            Mailo                                                <\/td>\n<\/tr>\n<tr>\n<th>                <span class=\"row-header-label\">                                            \u0160\u00ed\u0159ka<span class=\"row-header-label-colon\">:<\/span>                                    <\/span>            <\/th>\n<td>                                                            1005 mm                                                <\/td>\n<\/tr>\n<tr>\n<th>                <span class=\"row-header-label\">                                            Typ<span class=\"row-header-label-colon\">:<\/span>                                    <\/span>            <\/th>\n<td>                                                            Pod umyvadlo                                                <\/td>\n<\/tr>\n<tr>\n<th>                <span class=\"row-header-label\">                                            Um\u00edst\u011bn\u00ed<span class=\"row-header-label-colon\">:<\/span>                                    <\/span>            <\/th>\n<td>                                                            K zav\u011b\u0161en\u00ed                                                <\/td>\n<\/tr>\n<tr>\n<th>                <span class=\"row-header-label\">                                            Z\u00e1ru\u010dn\u00ed doba<span class=\"row-header-label-colon\">:<\/span>                                    <\/span>            <\/th>\n<td>                                                            2 roky                                                <\/td>\n<\/tr>\n<tr>\n<th>                <span class=\"row-header-label\">                                            Barva madla<span class=\"row-header-label-colon\">:<\/span>                                    <\/span>            <\/th>\n<td>                                                            Chrom                                                <\/td>\n<\/tr>\n<\/tbody>\n<\/table><\/div>\n<\/p><\/div>\n<\/p><\/div>\n","protected":false},"excerpt":{"rendered":"<p>Dopl\u0148kov\u00e9 parametry Kategorie: S\u00e9rie MEREO Hmotnost: 47.83 kg EAN: 8592480086206 Barva: Dub Riviera D\u00e9lka: 700 mm Hloubka: 476 mm Hmotnost: 47.83 kg S\u00e9rie: Mailo \u0160\u00ed\u0159ka: 1005 mm Typ: Pod umyvadlo Um\u00edst\u011bn\u00ed: K zav\u011b\u0161en\u00ed Z\u00e1ru\u010dn\u00ed doba: 2 roky Barva madla: Chrom<\/p>\n","protected":false},"featured_media":60817,"comment_status":"open","ping_status":"open","template":"","meta":[],"product_brand":[],"product_cat":[90],"product_tag":[],"class_list":{"0":"post-60717","1":"product","2":"type-product","3":"status-publish","4":"has-post-thumbnail","6":"product_cat-koupelny","8":"first","9":"instock","10":"sale","11":"shipping-taxable","12":"purchasable","13":"product-type-simple"},"yoast_head":"<!-- This site is optimized with the Yoast SEO plugin v26.8 - https:\/\/yoast.com\/product\/yoast-seo-wordpress\/ -->\n<title>Akce Mereo Mailo, koupelnov\u00e1 sk\u0159\u00ed\u0148ka 101 cm, dub Riviera, chrom madlo CN522S -<\/title>\n<meta name=\"robots\" content=\"index, follow, max-snippet:-1, max-image-preview:large, max-video-preview:-1\" \/>\n<link rel=\"canonical\" href=\"https:\/\/www.domkraftpro.com\/index.php\/produkt\/akce-mereo-mailo-koupelnova-skrinka-101-cm-dub-riviera-chrom-madlo-cn522s-60717\/\" \/>\n<meta property=\"og:locale\" content=\"cs_CZ\" \/>\n<meta property=\"og:type\" content=\"article\" \/>\n<meta property=\"og:title\" content=\"Akce Mereo Mailo, koupelnov\u00e1 sk\u0159\u00ed\u0148ka 101 cm, dub Riviera, chrom madlo CN522S -\" \/>\n<meta property=\"og:description\" content=\"Dopl\u0148kov\u00e9 parametry Kategorie: S\u00e9rie MEREO Hmotnost: 47.83 kg EAN: 8592480086206 Barva: Dub Riviera D\u00e9lka: 700 mm Hloubka: 476 mm Hmotnost: 47.83 kg S\u00e9rie: Mailo \u0160\u00ed\u0159ka: 1005 mm Typ: Pod umyvadlo Um\u00edst\u011bn\u00ed: K zav\u011b\u0161en\u00ed Z\u00e1ru\u010dn\u00ed doba: 2 roky Barva madla: Chrom\" \/>\n<meta property=\"og:url\" content=\"https:\/\/www.domkraftpro.com\/index.php\/produkt\/akce-mereo-mailo-koupelnova-skrinka-101-cm-dub-riviera-chrom-madlo-cn522s-60717\/\" \/>\n<meta property=\"og:image\" content=\"https:\/\/www.domkraftpro.com\/wp-content\/uploads\/2026\/SK0007961-CZ20260425-093136-0-1777080698-27471-7_d673947b060b13-cn522s-a-jpg-2023-12-08-12-42-02.webp\" \/>\n\t<meta property=\"og:image:width\" content=\"1000\" \/>\n\t<meta property=\"og:image:height\" content=\"750\" \/>\n\t<meta property=\"og:image:type\" content=\"image\/webp\" \/>\n<meta name=\"twitter:card\" content=\"summary_large_image\" \/>\n<script type=\"application\/ld+json\" class=\"yoast-schema-graph\">{\"@context\":\"https:\/\/schema.org\",\"@graph\":[{\"@type\":\"WebPage\",\"@id\":\"https:\/\/www.domkraftpro.com\/index.php\/produkt\/akce-mereo-mailo-koupelnova-skrinka-101-cm-dub-riviera-chrom-madlo-cn522s-60717\/\",\"url\":\"https:\/\/www.domkraftpro.com\/index.php\/produkt\/akce-mereo-mailo-koupelnova-skrinka-101-cm-dub-riviera-chrom-madlo-cn522s-60717\/\",\"name\":\"Akce Mereo Mailo, koupelnov\u00e1 sk\u0159\u00ed\u0148ka 101 cm, dub Riviera, chrom madlo CN522S -\",\"isPartOf\":{\"@id\":\"https:\/\/www.domkraftpro.com\/#website\"},\"primaryImageOfPage\":{\"@id\":\"https:\/\/www.domkraftpro.com\/index.php\/produkt\/akce-mereo-mailo-koupelnova-skrinka-101-cm-dub-riviera-chrom-madlo-cn522s-60717\/#primaryimage\"},\"image\":{\"@id\":\"https:\/\/www.domkraftpro.com\/index.php\/produkt\/akce-mereo-mailo-koupelnova-skrinka-101-cm-dub-riviera-chrom-madlo-cn522s-60717\/#primaryimage\"},\"thumbnailUrl\":\"https:\/\/www.domkraftpro.com\/wp-content\/uploads\/2026\/SK0007961-CZ20260425-093136-0-1777080698-27471-7_d673947b060b13-cn522s-a-jpg-2023-12-08-12-42-02.webp\",\"datePublished\":\"2026-04-27T04:43:09+00:00\",\"breadcrumb\":{\"@id\":\"https:\/\/www.domkraftpro.com\/index.php\/produkt\/akce-mereo-mailo-koupelnova-skrinka-101-cm-dub-riviera-chrom-madlo-cn522s-60717\/#breadcrumb\"},\"inLanguage\":\"cs\",\"potentialAction\":[{\"@type\":\"ReadAction\",\"target\":[\"https:\/\/www.domkraftpro.com\/index.php\/produkt\/akce-mereo-mailo-koupelnova-skrinka-101-cm-dub-riviera-chrom-madlo-cn522s-60717\/\"]}]},{\"@type\":\"ImageObject\",\"inLanguage\":\"cs\",\"@id\":\"https:\/\/www.domkraftpro.com\/index.php\/produkt\/akce-mereo-mailo-koupelnova-skrinka-101-cm-dub-riviera-chrom-madlo-cn522s-60717\/#primaryimage\",\"url\":\"https:\/\/www.domkraftpro.com\/wp-content\/uploads\/2026\/SK0007961-CZ20260425-093136-0-1777080698-27471-7_d673947b060b13-cn522s-a-jpg-2023-12-08-12-42-02.webp\",\"contentUrl\":\"https:\/\/www.domkraftpro.com\/wp-content\/uploads\/2026\/SK0007961-CZ20260425-093136-0-1777080698-27471-7_d673947b060b13-cn522s-a-jpg-2023-12-08-12-42-02.webp\",\"width\":1000,\"height\":750},{\"@type\":\"BreadcrumbList\",\"@id\":\"https:\/\/www.domkraftpro.com\/index.php\/produkt\/akce-mereo-mailo-koupelnova-skrinka-101-cm-dub-riviera-chrom-madlo-cn522s-60717\/#breadcrumb\",\"itemListElement\":[{\"@type\":\"ListItem\",\"position\":1,\"name\":\"Home\",\"item\":\"https:\/\/www.domkraftpro.com\/\"},{\"@type\":\"ListItem\",\"position\":2,\"name\":\"Products\",\"item\":\"https:\/\/www.domkraftpro.com\/index.php\/products\/\"},{\"@type\":\"ListItem\",\"position\":3,\"name\":\"Akce Mereo Mailo, koupelnov\u00e1 sk\u0159\u00ed\u0148ka 101 cm, dub Riviera, chrom madlo CN522S\"}]},{\"@type\":\"WebSite\",\"@id\":\"https:\/\/www.domkraftpro.com\/#website\",\"url\":\"https:\/\/www.domkraftpro.com\/\",\"name\":\"\",\"description\":\"\",\"potentialAction\":[{\"@type\":\"SearchAction\",\"target\":{\"@type\":\"EntryPoint\",\"urlTemplate\":\"https:\/\/www.domkraftpro.com\/?s={search_term_string}\"},\"query-input\":{\"@type\":\"PropertyValueSpecification\",\"valueRequired\":true,\"valueName\":\"search_term_string\"}}],\"inLanguage\":\"cs\"}]}<\/script>\n<!-- \/ Yoast SEO plugin. -->","yoast_head_json":{"title":"Akce Mereo Mailo, koupelnov\u00e1 sk\u0159\u00ed\u0148ka 101 cm, dub Riviera, chrom madlo CN522S -","robots":{"index":"index","follow":"follow","max-snippet":"max-snippet:-1","max-image-preview":"max-image-preview:large","max-video-preview":"max-video-preview:-1"},"canonical":"https:\/\/www.domkraftpro.com\/index.php\/produkt\/akce-mereo-mailo-koupelnova-skrinka-101-cm-dub-riviera-chrom-madlo-cn522s-60717\/","og_locale":"cs_CZ","og_type":"article","og_title":"Akce Mereo Mailo, koupelnov\u00e1 sk\u0159\u00ed\u0148ka 101 cm, dub Riviera, chrom madlo CN522S -","og_description":"Dopl\u0148kov\u00e9 parametry Kategorie: S\u00e9rie MEREO Hmotnost: 47.83 kg EAN: 8592480086206 Barva: Dub Riviera D\u00e9lka: 700 mm Hloubka: 476 mm Hmotnost: 47.83 kg S\u00e9rie: Mailo \u0160\u00ed\u0159ka: 1005 mm Typ: Pod umyvadlo Um\u00edst\u011bn\u00ed: K zav\u011b\u0161en\u00ed Z\u00e1ru\u010dn\u00ed doba: 2 roky Barva madla: Chrom","og_url":"https:\/\/www.domkraftpro.com\/index.php\/produkt\/akce-mereo-mailo-koupelnova-skrinka-101-cm-dub-riviera-chrom-madlo-cn522s-60717\/","og_image":[{"width":1000,"height":750,"url":"https:\/\/www.domkraftpro.com\/wp-content\/uploads\/2026\/SK0007961-CZ20260425-093136-0-1777080698-27471-7_d673947b060b13-cn522s-a-jpg-2023-12-08-12-42-02.webp","type":"image\/webp"}],"twitter_card":"summary_large_image","schema":{"@context":"https:\/\/schema.org","@graph":[{"@type":"WebPage","@id":"https:\/\/www.domkraftpro.com\/index.php\/produkt\/akce-mereo-mailo-koupelnova-skrinka-101-cm-dub-riviera-chrom-madlo-cn522s-60717\/","url":"https:\/\/www.domkraftpro.com\/index.php\/produkt\/akce-mereo-mailo-koupelnova-skrinka-101-cm-dub-riviera-chrom-madlo-cn522s-60717\/","name":"Akce Mereo Mailo, koupelnov\u00e1 sk\u0159\u00ed\u0148ka 101 cm, dub Riviera, chrom madlo CN522S -","isPartOf":{"@id":"https:\/\/www.domkraftpro.com\/#website"},"primaryImageOfPage":{"@id":"https:\/\/www.domkraftpro.com\/index.php\/produkt\/akce-mereo-mailo-koupelnova-skrinka-101-cm-dub-riviera-chrom-madlo-cn522s-60717\/#primaryimage"},"image":{"@id":"https:\/\/www.domkraftpro.com\/index.php\/produkt\/akce-mereo-mailo-koupelnova-skrinka-101-cm-dub-riviera-chrom-madlo-cn522s-60717\/#primaryimage"},"thumbnailUrl":"https:\/\/www.domkraftpro.com\/wp-content\/uploads\/2026\/SK0007961-CZ20260425-093136-0-1777080698-27471-7_d673947b060b13-cn522s-a-jpg-2023-12-08-12-42-02.webp","datePublished":"2026-04-27T04:43:09+00:00","breadcrumb":{"@id":"https:\/\/www.domkraftpro.com\/index.php\/produkt\/akce-mereo-mailo-koupelnova-skrinka-101-cm-dub-riviera-chrom-madlo-cn522s-60717\/#breadcrumb"},"inLanguage":"cs","potentialAction":[{"@type":"ReadAction","target":["https:\/\/www.domkraftpro.com\/index.php\/produkt\/akce-mereo-mailo-koupelnova-skrinka-101-cm-dub-riviera-chrom-madlo-cn522s-60717\/"]}]},{"@type":"ImageObject","inLanguage":"cs","@id":"https:\/\/www.domkraftpro.com\/index.php\/produkt\/akce-mereo-mailo-koupelnova-skrinka-101-cm-dub-riviera-chrom-madlo-cn522s-60717\/#primaryimage","url":"https:\/\/www.domkraftpro.com\/wp-content\/uploads\/2026\/SK0007961-CZ20260425-093136-0-1777080698-27471-7_d673947b060b13-cn522s-a-jpg-2023-12-08-12-42-02.webp","contentUrl":"https:\/\/www.domkraftpro.com\/wp-content\/uploads\/2026\/SK0007961-CZ20260425-093136-0-1777080698-27471-7_d673947b060b13-cn522s-a-jpg-2023-12-08-12-42-02.webp","width":1000,"height":750},{"@type":"BreadcrumbList","@id":"https:\/\/www.domkraftpro.com\/index.php\/produkt\/akce-mereo-mailo-koupelnova-skrinka-101-cm-dub-riviera-chrom-madlo-cn522s-60717\/#breadcrumb","itemListElement":[{"@type":"ListItem","position":1,"name":"Home","item":"https:\/\/www.domkraftpro.com\/"},{"@type":"ListItem","position":2,"name":"Products","item":"https:\/\/www.domkraftpro.com\/index.php\/products\/"},{"@type":"ListItem","position":3,"name":"Akce Mereo Mailo, koupelnov\u00e1 sk\u0159\u00ed\u0148ka 101 cm, dub Riviera, chrom madlo CN522S"}]},{"@type":"WebSite","@id":"https:\/\/www.domkraftpro.com\/#website","url":"https:\/\/www.domkraftpro.com\/","name":"","description":"","potentialAction":[{"@type":"SearchAction","target":{"@type":"EntryPoint","urlTemplate":"https:\/\/www.domkraftpro.com\/?s={search_term_string}"},"query-input":{"@type":"PropertyValueSpecification","valueRequired":true,"valueName":"search_term_string"}}],"inLanguage":"cs"}]}},"_links":{"self":[{"href":"https:\/\/www.domkraftpro.com\/index.php\/wp-json\/wp\/v2\/product\/60717","targetHints":{"allow":["GET"]}}],"collection":[{"href":"https:\/\/www.domkraftpro.com\/index.php\/wp-json\/wp\/v2\/product"}],"about":[{"href":"https:\/\/www.domkraftpro.com\/index.php\/wp-json\/wp\/v2\/types\/product"}],"replies":[{"embeddable":true,"href":"https:\/\/www.domkraftpro.com\/index.php\/wp-json\/wp\/v2\/comments?post=60717"}],"wp:featuredmedia":[{"embeddable":true,"href":"https:\/\/www.domkraftpro.com\/index.php\/wp-json\/wp\/v2\/media\/60817"}],"wp:attachment":[{"href":"https:\/\/www.domkraftpro.com\/index.php\/wp-json\/wp\/v2\/media?parent=60717"}],"wp:term":[{"taxonomy":"product_brand","embeddable":true,"href":"https:\/\/www.domkraftpro.com\/index.php\/wp-json\/wp\/v2\/product_brand?post=60717"},{"taxonomy":"product_cat","embeddable":true,"href":"https:\/\/www.domkraftpro.com\/index.php\/wp-json\/wp\/v2\/product_cat?post=60717"},{"taxonomy":"product_tag","embeddable":true,"href":"https:\/\/www.domkraftpro.com\/index.php\/wp-json\/wp\/v2\/product_tag?post=60717"}],"curies":[{"name":"wp","href":"https:\/\/api.w.org\/{rel}","templated":true}]}}