{"id":60509,"date":"2026-04-27T04:43:09","date_gmt":"2026-04-27T04:43:09","guid":{"rendered":""},"modified":"2026-04-27T04:43:09","modified_gmt":"2026-04-27T04:43:09","slug":"akce-gelco-sigma-simply-obdelnikovy-sprchovy-kout-1100x700mm-l-p-varianta-sklo-brick-gs4211gs4370-60509","status":"publish","type":"product","link":"https:\/\/www.domkraftpro.com\/index.php\/produkt\/akce-gelco-sigma-simply-obdelnikovy-sprchovy-kout-1100x700mm-l-p-varianta-sklo-brick-gs4211gs4370-60509\/","title":{"rendered":"Akce Gelco SIGMA SIMPLY obd\u00e9ln\u00edkov\u00fd sprchov\u00fd kout 1100x700mm L\/P varianta, sklo Brick GS4211GS4370"},"content":{"rendered":"<h3>Dopl\u0148kov\u00e9 parametry<\/h3>\n<table class=\"detail-parameters\">\n<tbody>\n<tr>\n<th>        <span class=\"row-header-label\">            Kategorie<span class=\"row-header-label-colon\">:<\/span>        <\/span>    <\/th>\n<td>        Sprchov\u00e9 kouty obd\u00e9ln\u00edkov\u00e9    <\/td>\n<\/tr>\n<tr>\n<th>            <span class=\"row-header-label\">                Hmotnost<span class=\"row-header-label-colon\">:<\/span>            <\/span>        <\/th>\n<td>            65 kg        <\/td>\n<\/tr>\n<tr class=\"productEan\">\n<th>          <span class=\"row-header-label productEan__label\">              EAN<span class=\"row-header-label-colon\">:<\/span>          <\/span>      <\/th>\n<td>          <span class=\"productEan__value\">8590913913228<\/span>      <\/td>\n<\/tr>\n<tr>\n<th>                <span class=\"row-header-label\">                                            Balen\u00ed<span class=\"row-header-label-colon\">:<\/span>                                    <\/span>            <\/th>\n<td>                                                            2 ks                                                <\/td>\n<\/tr>\n<tr>\n<th>                <span class=\"row-header-label\">                                            Barva profilu<span class=\"row-header-label-colon\">:<\/span>                                    <\/span>            <\/th>\n<td>                                                            Chrom &#8211; Le\u0161t\u011bn\u00fd hlin\u00edk                                                <\/td>\n<\/tr>\n<tr>\n<th>                <span class=\"row-header-label\">                                            Hloubka<span class=\"row-header-label-colon\">:<\/span>                                    <\/span>            <\/th>\n<td>                                                            700 mm                                                <\/td>\n<\/tr>\n<tr>\n<th>                <span class=\"row-header-label\">                                            Hmotnost<span class=\"row-header-label-colon\">:<\/span>                                    <\/span>            <\/th>\n<td>                                                            65 kg                                                <\/td>\n<\/tr>\n<tr>\n<th>                <span class=\"row-header-label\">                                            Rozm\u011br<span class=\"row-header-label-colon\">:<\/span>                                    <\/span>            <\/th>\n<td>                                                            110&#215;70 cm                                                <\/td>\n<\/tr>\n<tr>\n<th>                <span class=\"row-header-label\">                                            S\u00e9rie<span class=\"row-header-label-colon\">:<\/span>                                    <\/span>            <\/th>\n<td>                                                            SIGMA SIMPLY                                                <\/td>\n<\/tr>\n<tr>\n<th>                <span class=\"row-header-label\">                                            Sm\u011br otev\u00edr\u00e1n\u00ed<span class=\"row-header-label-colon\">:<\/span>                                    <\/span>            <\/th>\n<td>                                                            Univerz\u00e1ln\u00ed                                                <\/td>\n<\/tr>\n<tr>\n<th>                <span class=\"row-header-label\">                                            \u0160\u00ed\u0159ka<span class=\"row-header-label-colon\">:<\/span>                                    <\/span>            <\/th>\n<td>                                                            1100 mm                                                <\/td>\n<\/tr>\n<tr>\n<th>                <span class=\"row-header-label\">                                            \u0160\u00ed\u0159ka vstupu<span class=\"row-header-label-colon\">:<\/span>                                    <\/span>            <\/th>\n<td>                                                            435 mm                                                <\/td>\n<\/tr>\n<tr>\n<th>                <span class=\"row-header-label\">                                            Tlou\u0161\u0165ka skla<span class=\"row-header-label-colon\">:<\/span>                                    <\/span>            <\/th>\n<td>                                                            6 mm                                                <\/td>\n<\/tr>\n<tr>\n<th>                <span class=\"row-header-label\">                                            Tvar<span class=\"row-header-label-colon\">:<\/span>                                    <\/span>            <\/th>\n<td>                                                            Obd\u00e9ln\u00edkov\u00e9 z\u00e1st\u011bny                                                <\/td>\n<\/tr>\n<tr>\n<th>                <span class=\"row-header-label\">                                            Typ otev\u00edran\u00ed<span class=\"row-header-label-colon\">:<\/span>                                    <\/span>            <\/th>\n<td>                                                            Posuvn\u00e9                                                <\/td>\n<\/tr>\n<tr>\n<th>                <span class=\"row-header-label\">                                            Typ v\u00fdpln\u011b<span class=\"row-header-label-colon\">:<\/span>                                    <\/span>            <\/th>\n<td>                                                            Brick sklo                                                <\/td>\n<\/tr>\n<tr>\n<th>                <span class=\"row-header-label\">                                            \u00daprava skla<span class=\"row-header-label-colon\">:<\/span>                                    <\/span>            <\/th>\n<td>                                                            Coated glass                                                <\/td>\n<\/tr>\n<tr>\n<th>                <span class=\"row-header-label\">                                            Vlastnosti<span class=\"row-header-label-colon\">:<\/span>                                    <\/span>            <\/th>\n<td>                                                            R\u00e1mov\u00e9 proveden\u00ed                                                <\/td>\n<\/tr>\n<tr>\n<th>                <span class=\"row-header-label\">                                            V\u00fd\u0161ka<span class=\"row-header-label-colon\">:<\/span>                                    <\/span>            <\/th>\n<td>                                                            1900 mm                                                <\/td>\n<\/tr>\n<tr>\n<th>                <span class=\"row-header-label\">                                            Z\u00e1ru\u010dn\u00ed doba<span class=\"row-header-label-colon\">:<\/span>                                    <\/span>            <\/th>\n<td>                                                            3 roky                                                <\/td>\n<\/tr>\n<tr>\n<th>                <span class=\"row-header-label\">                                            Balen\u00ed &#8211; hmotnost<span class=\"row-header-label-colon\">:<\/span>                                    <\/span>            <\/th>\n<td>                                                            65.000 kg                                                <\/td>\n<\/tr>\n<\/tbody>\n<\/table><\/div>\n<\/p><\/div>\n<\/p><\/div>\n","protected":false},"excerpt":{"rendered":"<p>Dopl\u0148kov\u00e9 parametry Kategorie: Sprchov\u00e9 kouty obd\u00e9ln\u00edkov\u00e9 Hmotnost: 65 kg EAN: 8590913913228 Balen\u00ed: 2 ks Barva profilu: Chrom &#8211; Le\u0161t\u011bn\u00fd hlin\u00edk Hloubka: 700 mm Hmotnost: 65 kg Rozm\u011br: 110&#215;70 cm S\u00e9rie: SIGMA SIMPLY Sm\u011br otev\u00edr\u00e1n\u00ed: Univerz\u00e1ln\u00ed \u0160\u00ed\u0159ka: 1100 mm \u0160\u00ed\u0159ka vstupu: 435 mm Tlou\u0161\u0165ka skla: 6 mm Tvar: Obd\u00e9ln\u00edkov\u00e9 z\u00e1st\u011bny Typ otev\u00edran\u00ed: Posuvn\u00e9 Typ v\u00fdpln\u011b: Brick [&hellip;]<\/p>\n","protected":false},"featured_media":60609,"comment_status":"open","ping_status":"open","template":"","meta":[],"product_brand":[],"product_cat":[90],"product_tag":[],"class_list":{"0":"post-60509","1":"product","2":"type-product","3":"status-publish","4":"has-post-thumbnail","6":"product_cat-koupelny","8":"first","9":"instock","10":"sale","11":"shipping-taxable","12":"purchasable","13":"product-type-simple"},"yoast_head":"<!-- This site is optimized with the Yoast SEO plugin v26.8 - https:\/\/yoast.com\/product\/yoast-seo-wordpress\/ -->\n<title>Akce Gelco SIGMA SIMPLY obd\u00e9ln\u00edkov\u00fd sprchov\u00fd kout 1100x700mm L\/P varianta, sklo Brick GS4211GS4370 -<\/title>\n<meta name=\"robots\" content=\"index, follow, max-snippet:-1, max-image-preview:large, max-video-preview:-1\" \/>\n<link rel=\"canonical\" href=\"https:\/\/www.domkraftpro.com\/index.php\/produkt\/akce-gelco-sigma-simply-obdelnikovy-sprchovy-kout-1100x700mm-l-p-varianta-sklo-brick-gs4211gs4370-60509\/\" \/>\n<meta property=\"og:locale\" content=\"cs_CZ\" \/>\n<meta property=\"og:type\" content=\"article\" \/>\n<meta property=\"og:title\" content=\"Akce Gelco SIGMA SIMPLY obd\u00e9ln\u00edkov\u00fd sprchov\u00fd kout 1100x700mm L\/P varianta, sklo Brick GS4211GS4370 -\" \/>\n<meta property=\"og:description\" content=\"Dopl\u0148kov\u00e9 parametry Kategorie: Sprchov\u00e9 kouty obd\u00e9ln\u00edkov\u00e9 Hmotnost: 65 kg EAN: 8590913913228 Balen\u00ed: 2 ks Barva profilu: Chrom &#8211; Le\u0161t\u011bn\u00fd hlin\u00edk Hloubka: 700 mm Hmotnost: 65 kg Rozm\u011br: 110&#215;70 cm S\u00e9rie: SIGMA SIMPLY Sm\u011br otev\u00edr\u00e1n\u00ed: Univerz\u00e1ln\u00ed \u0160\u00ed\u0159ka: 1100 mm \u0160\u00ed\u0159ka vstupu: 435 mm Tlou\u0161\u0165ka skla: 6 mm Tvar: Obd\u00e9ln\u00edkov\u00e9 z\u00e1st\u011bny Typ otev\u00edran\u00ed: Posuvn\u00e9 Typ v\u00fdpln\u011b: Brick [&hellip;]\" \/>\n<meta property=\"og:url\" content=\"https:\/\/www.domkraftpro.com\/index.php\/produkt\/akce-gelco-sigma-simply-obdelnikovy-sprchovy-kout-1100x700mm-l-p-varianta-sklo-brick-gs4211gs4370-60509\/\" \/>\n<meta property=\"og:image\" content=\"https:\/\/www.domkraftpro.com\/wp-content\/uploads\/2026\/SK0007852-CZ20260425-093136-0-1777080698-27918-7_gs4211gs4370-161834367715817.webp\" \/>\n\t<meta property=\"og:image:width\" content=\"1000\" \/>\n\t<meta property=\"og:image:height\" content=\"750\" \/>\n\t<meta property=\"og:image:type\" content=\"image\/webp\" \/>\n<meta name=\"twitter:card\" content=\"summary_large_image\" \/>\n<script type=\"application\/ld+json\" class=\"yoast-schema-graph\">{\"@context\":\"https:\/\/schema.org\",\"@graph\":[{\"@type\":\"WebPage\",\"@id\":\"https:\/\/www.domkraftpro.com\/index.php\/produkt\/akce-gelco-sigma-simply-obdelnikovy-sprchovy-kout-1100x700mm-l-p-varianta-sklo-brick-gs4211gs4370-60509\/\",\"url\":\"https:\/\/www.domkraftpro.com\/index.php\/produkt\/akce-gelco-sigma-simply-obdelnikovy-sprchovy-kout-1100x700mm-l-p-varianta-sklo-brick-gs4211gs4370-60509\/\",\"name\":\"Akce Gelco SIGMA SIMPLY obd\u00e9ln\u00edkov\u00fd sprchov\u00fd kout 1100x700mm L\/P varianta, sklo Brick GS4211GS4370 -\",\"isPartOf\":{\"@id\":\"https:\/\/www.domkraftpro.com\/#website\"},\"primaryImageOfPage\":{\"@id\":\"https:\/\/www.domkraftpro.com\/index.php\/produkt\/akce-gelco-sigma-simply-obdelnikovy-sprchovy-kout-1100x700mm-l-p-varianta-sklo-brick-gs4211gs4370-60509\/#primaryimage\"},\"image\":{\"@id\":\"https:\/\/www.domkraftpro.com\/index.php\/produkt\/akce-gelco-sigma-simply-obdelnikovy-sprchovy-kout-1100x700mm-l-p-varianta-sklo-brick-gs4211gs4370-60509\/#primaryimage\"},\"thumbnailUrl\":\"https:\/\/www.domkraftpro.com\/wp-content\/uploads\/2026\/SK0007852-CZ20260425-093136-0-1777080698-27918-7_gs4211gs4370-161834367715817.webp\",\"datePublished\":\"2026-04-27T04:43:09+00:00\",\"breadcrumb\":{\"@id\":\"https:\/\/www.domkraftpro.com\/index.php\/produkt\/akce-gelco-sigma-simply-obdelnikovy-sprchovy-kout-1100x700mm-l-p-varianta-sklo-brick-gs4211gs4370-60509\/#breadcrumb\"},\"inLanguage\":\"cs\",\"potentialAction\":[{\"@type\":\"ReadAction\",\"target\":[\"https:\/\/www.domkraftpro.com\/index.php\/produkt\/akce-gelco-sigma-simply-obdelnikovy-sprchovy-kout-1100x700mm-l-p-varianta-sklo-brick-gs4211gs4370-60509\/\"]}]},{\"@type\":\"ImageObject\",\"inLanguage\":\"cs\",\"@id\":\"https:\/\/www.domkraftpro.com\/index.php\/produkt\/akce-gelco-sigma-simply-obdelnikovy-sprchovy-kout-1100x700mm-l-p-varianta-sklo-brick-gs4211gs4370-60509\/#primaryimage\",\"url\":\"https:\/\/www.domkraftpro.com\/wp-content\/uploads\/2026\/SK0007852-CZ20260425-093136-0-1777080698-27918-7_gs4211gs4370-161834367715817.webp\",\"contentUrl\":\"https:\/\/www.domkraftpro.com\/wp-content\/uploads\/2026\/SK0007852-CZ20260425-093136-0-1777080698-27918-7_gs4211gs4370-161834367715817.webp\",\"width\":1000,\"height\":750},{\"@type\":\"BreadcrumbList\",\"@id\":\"https:\/\/www.domkraftpro.com\/index.php\/produkt\/akce-gelco-sigma-simply-obdelnikovy-sprchovy-kout-1100x700mm-l-p-varianta-sklo-brick-gs4211gs4370-60509\/#breadcrumb\",\"itemListElement\":[{\"@type\":\"ListItem\",\"position\":1,\"name\":\"Home\",\"item\":\"https:\/\/www.domkraftpro.com\/\"},{\"@type\":\"ListItem\",\"position\":2,\"name\":\"Products\",\"item\":\"https:\/\/www.domkraftpro.com\/index.php\/products\/\"},{\"@type\":\"ListItem\",\"position\":3,\"name\":\"Akce Gelco SIGMA SIMPLY obd\u00e9ln\u00edkov\u00fd sprchov\u00fd kout 1100x700mm L\/P varianta, sklo Brick GS4211GS4370\"}]},{\"@type\":\"WebSite\",\"@id\":\"https:\/\/www.domkraftpro.com\/#website\",\"url\":\"https:\/\/www.domkraftpro.com\/\",\"name\":\"\",\"description\":\"\",\"potentialAction\":[{\"@type\":\"SearchAction\",\"target\":{\"@type\":\"EntryPoint\",\"urlTemplate\":\"https:\/\/www.domkraftpro.com\/?s={search_term_string}\"},\"query-input\":{\"@type\":\"PropertyValueSpecification\",\"valueRequired\":true,\"valueName\":\"search_term_string\"}}],\"inLanguage\":\"cs\"}]}<\/script>\n<!-- \/ Yoast SEO plugin. -->","yoast_head_json":{"title":"Akce Gelco SIGMA SIMPLY obd\u00e9ln\u00edkov\u00fd sprchov\u00fd kout 1100x700mm L\/P varianta, sklo Brick GS4211GS4370 -","robots":{"index":"index","follow":"follow","max-snippet":"max-snippet:-1","max-image-preview":"max-image-preview:large","max-video-preview":"max-video-preview:-1"},"canonical":"https:\/\/www.domkraftpro.com\/index.php\/produkt\/akce-gelco-sigma-simply-obdelnikovy-sprchovy-kout-1100x700mm-l-p-varianta-sklo-brick-gs4211gs4370-60509\/","og_locale":"cs_CZ","og_type":"article","og_title":"Akce Gelco SIGMA SIMPLY obd\u00e9ln\u00edkov\u00fd sprchov\u00fd kout 1100x700mm L\/P varianta, sklo Brick GS4211GS4370 -","og_description":"Dopl\u0148kov\u00e9 parametry Kategorie: Sprchov\u00e9 kouty obd\u00e9ln\u00edkov\u00e9 Hmotnost: 65 kg EAN: 8590913913228 Balen\u00ed: 2 ks Barva profilu: Chrom &#8211; Le\u0161t\u011bn\u00fd hlin\u00edk Hloubka: 700 mm Hmotnost: 65 kg Rozm\u011br: 110&#215;70 cm S\u00e9rie: SIGMA SIMPLY Sm\u011br otev\u00edr\u00e1n\u00ed: Univerz\u00e1ln\u00ed \u0160\u00ed\u0159ka: 1100 mm \u0160\u00ed\u0159ka vstupu: 435 mm Tlou\u0161\u0165ka skla: 6 mm Tvar: Obd\u00e9ln\u00edkov\u00e9 z\u00e1st\u011bny Typ otev\u00edran\u00ed: Posuvn\u00e9 Typ v\u00fdpln\u011b: Brick [&hellip;]","og_url":"https:\/\/www.domkraftpro.com\/index.php\/produkt\/akce-gelco-sigma-simply-obdelnikovy-sprchovy-kout-1100x700mm-l-p-varianta-sklo-brick-gs4211gs4370-60509\/","og_image":[{"width":1000,"height":750,"url":"https:\/\/www.domkraftpro.com\/wp-content\/uploads\/2026\/SK0007852-CZ20260425-093136-0-1777080698-27918-7_gs4211gs4370-161834367715817.webp","type":"image\/webp"}],"twitter_card":"summary_large_image","schema":{"@context":"https:\/\/schema.org","@graph":[{"@type":"WebPage","@id":"https:\/\/www.domkraftpro.com\/index.php\/produkt\/akce-gelco-sigma-simply-obdelnikovy-sprchovy-kout-1100x700mm-l-p-varianta-sklo-brick-gs4211gs4370-60509\/","url":"https:\/\/www.domkraftpro.com\/index.php\/produkt\/akce-gelco-sigma-simply-obdelnikovy-sprchovy-kout-1100x700mm-l-p-varianta-sklo-brick-gs4211gs4370-60509\/","name":"Akce Gelco SIGMA SIMPLY obd\u00e9ln\u00edkov\u00fd sprchov\u00fd kout 1100x700mm L\/P varianta, sklo Brick GS4211GS4370 -","isPartOf":{"@id":"https:\/\/www.domkraftpro.com\/#website"},"primaryImageOfPage":{"@id":"https:\/\/www.domkraftpro.com\/index.php\/produkt\/akce-gelco-sigma-simply-obdelnikovy-sprchovy-kout-1100x700mm-l-p-varianta-sklo-brick-gs4211gs4370-60509\/#primaryimage"},"image":{"@id":"https:\/\/www.domkraftpro.com\/index.php\/produkt\/akce-gelco-sigma-simply-obdelnikovy-sprchovy-kout-1100x700mm-l-p-varianta-sklo-brick-gs4211gs4370-60509\/#primaryimage"},"thumbnailUrl":"https:\/\/www.domkraftpro.com\/wp-content\/uploads\/2026\/SK0007852-CZ20260425-093136-0-1777080698-27918-7_gs4211gs4370-161834367715817.webp","datePublished":"2026-04-27T04:43:09+00:00","breadcrumb":{"@id":"https:\/\/www.domkraftpro.com\/index.php\/produkt\/akce-gelco-sigma-simply-obdelnikovy-sprchovy-kout-1100x700mm-l-p-varianta-sklo-brick-gs4211gs4370-60509\/#breadcrumb"},"inLanguage":"cs","potentialAction":[{"@type":"ReadAction","target":["https:\/\/www.domkraftpro.com\/index.php\/produkt\/akce-gelco-sigma-simply-obdelnikovy-sprchovy-kout-1100x700mm-l-p-varianta-sklo-brick-gs4211gs4370-60509\/"]}]},{"@type":"ImageObject","inLanguage":"cs","@id":"https:\/\/www.domkraftpro.com\/index.php\/produkt\/akce-gelco-sigma-simply-obdelnikovy-sprchovy-kout-1100x700mm-l-p-varianta-sklo-brick-gs4211gs4370-60509\/#primaryimage","url":"https:\/\/www.domkraftpro.com\/wp-content\/uploads\/2026\/SK0007852-CZ20260425-093136-0-1777080698-27918-7_gs4211gs4370-161834367715817.webp","contentUrl":"https:\/\/www.domkraftpro.com\/wp-content\/uploads\/2026\/SK0007852-CZ20260425-093136-0-1777080698-27918-7_gs4211gs4370-161834367715817.webp","width":1000,"height":750},{"@type":"BreadcrumbList","@id":"https:\/\/www.domkraftpro.com\/index.php\/produkt\/akce-gelco-sigma-simply-obdelnikovy-sprchovy-kout-1100x700mm-l-p-varianta-sklo-brick-gs4211gs4370-60509\/#breadcrumb","itemListElement":[{"@type":"ListItem","position":1,"name":"Home","item":"https:\/\/www.domkraftpro.com\/"},{"@type":"ListItem","position":2,"name":"Products","item":"https:\/\/www.domkraftpro.com\/index.php\/products\/"},{"@type":"ListItem","position":3,"name":"Akce Gelco SIGMA SIMPLY obd\u00e9ln\u00edkov\u00fd sprchov\u00fd kout 1100x700mm L\/P varianta, sklo Brick GS4211GS4370"}]},{"@type":"WebSite","@id":"https:\/\/www.domkraftpro.com\/#website","url":"https:\/\/www.domkraftpro.com\/","name":"","description":"","potentialAction":[{"@type":"SearchAction","target":{"@type":"EntryPoint","urlTemplate":"https:\/\/www.domkraftpro.com\/?s={search_term_string}"},"query-input":{"@type":"PropertyValueSpecification","valueRequired":true,"valueName":"search_term_string"}}],"inLanguage":"cs"}]}},"_links":{"self":[{"href":"https:\/\/www.domkraftpro.com\/index.php\/wp-json\/wp\/v2\/product\/60509","targetHints":{"allow":["GET"]}}],"collection":[{"href":"https:\/\/www.domkraftpro.com\/index.php\/wp-json\/wp\/v2\/product"}],"about":[{"href":"https:\/\/www.domkraftpro.com\/index.php\/wp-json\/wp\/v2\/types\/product"}],"replies":[{"embeddable":true,"href":"https:\/\/www.domkraftpro.com\/index.php\/wp-json\/wp\/v2\/comments?post=60509"}],"wp:featuredmedia":[{"embeddable":true,"href":"https:\/\/www.domkraftpro.com\/index.php\/wp-json\/wp\/v2\/media\/60609"}],"wp:attachment":[{"href":"https:\/\/www.domkraftpro.com\/index.php\/wp-json\/wp\/v2\/media?parent=60509"}],"wp:term":[{"taxonomy":"product_brand","embeddable":true,"href":"https:\/\/www.domkraftpro.com\/index.php\/wp-json\/wp\/v2\/product_brand?post=60509"},{"taxonomy":"product_cat","embeddable":true,"href":"https:\/\/www.domkraftpro.com\/index.php\/wp-json\/wp\/v2\/product_cat?post=60509"},{"taxonomy":"product_tag","embeddable":true,"href":"https:\/\/www.domkraftpro.com\/index.php\/wp-json\/wp\/v2\/product_tag?post=60509"}],"curies":[{"name":"wp","href":"https:\/\/api.w.org\/{rel}","templated":true}]}}