{"id":60298,"date":"2026-04-27T04:43:08","date_gmt":"2026-04-27T04:43:08","guid":{"rendered":""},"modified":"2026-04-27T04:43:08","modified_gmt":"2026-04-27T04:43:08","slug":"akce-sapho-cimbura-umyvadlovy-stolek-80x50x75cm-starobila-cim850-60298","status":"publish","type":"product","link":"https:\/\/www.domkraftpro.com\/produkt\/akce-sapho-cimbura-umyvadlovy-stolek-80x50x75cm-starobila-cim850-60298\/","title":{"rendered":"Akce Sapho CIMBURA umyvadlov\u00fd stolek 80x50x75cm, starob\u00edl\u00e1 CIM850"},"content":{"rendered":"<h3>Dopl\u0148kov\u00e9 parametry<\/h3>\n<table class=\"detail-parameters\">\n<tbody>\n<tr>\n<th>        <span class=\"row-header-label\">            Kategorie<span class=\"row-header-label-colon\">:<\/span>        <\/span>    <\/th>\n<td>        Umyvadla na desku    <\/td>\n<\/tr>\n<tr>\n<th>            <span class=\"row-header-label\">                Hmotnost<span class=\"row-header-label-colon\">:<\/span>            <\/span>        <\/th>\n<td>            22 kg        <\/td>\n<\/tr>\n<tr class=\"productEan\">\n<th>          <span class=\"row-header-label productEan__label\">              EAN<span class=\"row-header-label-colon\">:<\/span>          <\/span>      <\/th>\n<td>          <span class=\"productEan__value\">8590913898426<\/span>      <\/td>\n<\/tr>\n<tr>\n<th>                <span class=\"row-header-label\">                                            3D model<span class=\"row-header-label-colon\">:<\/span>                                    <\/span>            <\/th>\n<td>                                                            ANO                                                <\/td>\n<\/tr>\n<tr>\n<th>                <span class=\"row-header-label\">                                            Balen\u00ed<span class=\"row-header-label-colon\">:<\/span>                                    <\/span>            <\/th>\n<td>                                                            1 ks                                                <\/td>\n<\/tr>\n<tr>\n<th>                <span class=\"row-header-label\">                                            Balen\u00ed neobsahuje<span class=\"row-header-label-colon\">:<\/span>                                    <\/span>            <\/th>\n<td>                                                            Umyvadlo                                                <\/td>\n<\/tr>\n<tr>\n<th>                <span class=\"row-header-label\">                                            Barva<span class=\"row-header-label-colon\">:<\/span>                                    <\/span>            <\/th>\n<td>                                                            B\u00edl\u00e1 mat                                                <\/td>\n<\/tr>\n<tr>\n<th>                <span class=\"row-header-label\">                                            Dekor<span class=\"row-header-label-colon\">:<\/span>                                    <\/span>            <\/th>\n<td>                                                            Starob\u00edl\u00e1                                                <\/td>\n<\/tr>\n<tr>\n<th>                <span class=\"row-header-label\">                                            Hloubka<span class=\"row-header-label-colon\">:<\/span>                                    <\/span>            <\/th>\n<td>                                                            500 mm                                                <\/td>\n<\/tr>\n<tr>\n<th>                <span class=\"row-header-label\">                                            Hmotnost<span class=\"row-header-label-colon\">:<\/span>                                    <\/span>            <\/th>\n<td>                                                            22 kg                                                <\/td>\n<\/tr>\n<tr>\n<th>                <span class=\"row-header-label\">                                            Materi\u00e1l<span class=\"row-header-label-colon\">:<\/span>                                    <\/span>            <\/th>\n<td>                                                            Masiv d\u0159evo                                                <\/td>\n<\/tr>\n<tr>\n<th>                <span class=\"row-header-label\">                                            Rozm\u011br<span class=\"row-header-label-colon\">:<\/span>                                    <\/span>            <\/th>\n<td>                                                            80x75x50 cm                                                <\/td>\n<\/tr>\n<tr>\n<th>                <span class=\"row-header-label\">                                            S\u00e9rie<span class=\"row-header-label-colon\">:<\/span>                                    <\/span>            <\/th>\n<td>                                                            CIMBURA                                                <\/td>\n<\/tr>\n<tr>\n<th>                <span class=\"row-header-label\">                                            \u0160\u00ed\u0159ka<span class=\"row-header-label-colon\">:<\/span>                                    <\/span>            <\/th>\n<td>                                                            800 mm                                                <\/td>\n<\/tr>\n<tr>\n<th>                <span class=\"row-header-label\">                                            Typ sk\u0159\u00ed\u0148ky<span class=\"row-header-label-colon\">:<\/span>                                    <\/span>            <\/th>\n<td>                                                            Otev\u0159en\u00e1                                                <\/td>\n<\/tr>\n<tr>\n<th>                <span class=\"row-header-label\">                                            Typ umyvadla<span class=\"row-header-label-colon\">:<\/span>                                    <\/span>            <\/th>\n<td>                                                            Umyvadlo na desku                                                <\/td>\n<\/tr>\n<tr>\n<th>                <span class=\"row-header-label\">                                            V\u00fd\u0161ka<span class=\"row-header-label-colon\">:<\/span>                                    <\/span>            <\/th>\n<td>                                                            750 mm                                                <\/td>\n<\/tr>\n<tr>\n<th>                <span class=\"row-header-label\">                                            Z\u00e1ru\u010dn\u00ed doba<span class=\"row-header-label-colon\">:<\/span>                                    <\/span>            <\/th>\n<td>                                                            2 roky                                                <\/td>\n<\/tr>\n<tr>\n<th>                <span class=\"row-header-label\">                                            Instalace<span class=\"row-header-label-colon\">:<\/span>                                    <\/span>            <\/th>\n<td>                                                            K postaven\u00ed                                                <\/td>\n<\/tr>\n<tr>\n<th>                <span class=\"row-header-label\">                                            Balen\u00ed &#8211; hmotnost<span class=\"row-header-label-colon\">:<\/span>                                    <\/span>            <\/th>\n<td>                                                            22.000 kg                                                <\/td>\n<\/tr>\n<\/tbody>\n<\/table><\/div>\n<\/p><\/div>\n<\/p><\/div>\n","protected":false},"excerpt":{"rendered":"<p>Dopl\u0148kov\u00e9 parametry Kategorie: Umyvadla na desku Hmotnost: 22 kg EAN: 8590913898426 3D model: ANO Balen\u00ed: 1 ks Balen\u00ed neobsahuje: Umyvadlo Barva: B\u00edl\u00e1 mat Dekor: Starob\u00edl\u00e1 Hloubka: 500 mm Hmotnost: 22 kg Materi\u00e1l: Masiv d\u0159evo Rozm\u011br: 80x75x50 cm S\u00e9rie: CIMBURA \u0160\u00ed\u0159ka: 800 mm Typ sk\u0159\u00ed\u0148ky: Otev\u0159en\u00e1 Typ umyvadla: Umyvadlo na desku V\u00fd\u0161ka: 750 mm Z\u00e1ru\u010dn\u00ed doba: [&hellip;]<\/p>\n","protected":false},"featured_media":60398,"comment_status":"open","ping_status":"open","template":"","meta":[],"product_brand":[],"product_cat":[90],"product_tag":[],"class_list":{"0":"post-60298","1":"product","2":"type-product","3":"status-publish","4":"has-post-thumbnail","6":"product_cat-koupelny","8":"first","9":"instock","10":"sale","11":"shipping-taxable","12":"purchasable","13":"product-type-simple"},"yoast_head":"<!-- This site is optimized with the Yoast SEO plugin v26.8 - https:\/\/yoast.com\/product\/yoast-seo-wordpress\/ -->\n<title>Akce Sapho CIMBURA umyvadlov\u00fd stolek 80x50x75cm, starob\u00edl\u00e1 CIM850 -<\/title>\n<meta name=\"robots\" content=\"index, follow, max-snippet:-1, max-image-preview:large, max-video-preview:-1\" \/>\n<link rel=\"canonical\" href=\"https:\/\/www.domkraftpro.com\/index.php\/produkt\/akce-sapho-cimbura-umyvadlovy-stolek-80x50x75cm-starobila-cim850-60298\/\" \/>\n<meta property=\"og:locale\" content=\"cs_CZ\" \/>\n<meta property=\"og:type\" content=\"article\" \/>\n<meta property=\"og:title\" content=\"Akce Sapho CIMBURA umyvadlov\u00fd stolek 80x50x75cm, starob\u00edl\u00e1 CIM850 -\" \/>\n<meta property=\"og:description\" content=\"Dopl\u0148kov\u00e9 parametry Kategorie: Umyvadla na desku Hmotnost: 22 kg EAN: 8590913898426 3D model: ANO Balen\u00ed: 1 ks Balen\u00ed neobsahuje: Umyvadlo Barva: B\u00edl\u00e1 mat Dekor: Starob\u00edl\u00e1 Hloubka: 500 mm Hmotnost: 22 kg Materi\u00e1l: Masiv d\u0159evo Rozm\u011br: 80x75x50 cm S\u00e9rie: CIMBURA \u0160\u00ed\u0159ka: 800 mm Typ sk\u0159\u00ed\u0148ky: Otev\u0159en\u00e1 Typ umyvadla: Umyvadlo na desku V\u00fd\u0161ka: 750 mm Z\u00e1ru\u010dn\u00ed doba: [&hellip;]\" \/>\n<meta property=\"og:url\" content=\"https:\/\/www.domkraftpro.com\/index.php\/produkt\/akce-sapho-cimbura-umyvadlovy-stolek-80x50x75cm-starobila-cim850-60298\/\" \/>\n<meta property=\"og:image\" content=\"https:\/\/www.domkraftpro.com\/wp-content\/uploads\/2026\/SK0007736-CZ20260425-093136-0-1777080698-28314_cim850-159914517332055.webp\" \/>\n\t<meta property=\"og:image:width\" content=\"1000\" \/>\n\t<meta property=\"og:image:height\" content=\"750\" \/>\n\t<meta property=\"og:image:type\" content=\"image\/webp\" \/>\n<meta name=\"twitter:card\" content=\"summary_large_image\" \/>\n<script type=\"application\/ld+json\" class=\"yoast-schema-graph\">{\"@context\":\"https:\/\/schema.org\",\"@graph\":[{\"@type\":\"WebPage\",\"@id\":\"https:\/\/www.domkraftpro.com\/index.php\/produkt\/akce-sapho-cimbura-umyvadlovy-stolek-80x50x75cm-starobila-cim850-60298\/\",\"url\":\"https:\/\/www.domkraftpro.com\/index.php\/produkt\/akce-sapho-cimbura-umyvadlovy-stolek-80x50x75cm-starobila-cim850-60298\/\",\"name\":\"Akce Sapho CIMBURA umyvadlov\u00fd stolek 80x50x75cm, starob\u00edl\u00e1 CIM850 -\",\"isPartOf\":{\"@id\":\"https:\/\/www.domkraftpro.com\/#website\"},\"primaryImageOfPage\":{\"@id\":\"https:\/\/www.domkraftpro.com\/index.php\/produkt\/akce-sapho-cimbura-umyvadlovy-stolek-80x50x75cm-starobila-cim850-60298\/#primaryimage\"},\"image\":{\"@id\":\"https:\/\/www.domkraftpro.com\/index.php\/produkt\/akce-sapho-cimbura-umyvadlovy-stolek-80x50x75cm-starobila-cim850-60298\/#primaryimage\"},\"thumbnailUrl\":\"https:\/\/www.domkraftpro.com\/wp-content\/uploads\/2026\/SK0007736-CZ20260425-093136-0-1777080698-28314_cim850-159914517332055.webp\",\"datePublished\":\"2026-04-27T04:43:08+00:00\",\"breadcrumb\":{\"@id\":\"https:\/\/www.domkraftpro.com\/index.php\/produkt\/akce-sapho-cimbura-umyvadlovy-stolek-80x50x75cm-starobila-cim850-60298\/#breadcrumb\"},\"inLanguage\":\"cs\",\"potentialAction\":[{\"@type\":\"ReadAction\",\"target\":[\"https:\/\/www.domkraftpro.com\/index.php\/produkt\/akce-sapho-cimbura-umyvadlovy-stolek-80x50x75cm-starobila-cim850-60298\/\"]}]},{\"@type\":\"ImageObject\",\"inLanguage\":\"cs\",\"@id\":\"https:\/\/www.domkraftpro.com\/index.php\/produkt\/akce-sapho-cimbura-umyvadlovy-stolek-80x50x75cm-starobila-cim850-60298\/#primaryimage\",\"url\":\"https:\/\/www.domkraftpro.com\/wp-content\/uploads\/2026\/SK0007736-CZ20260425-093136-0-1777080698-28314_cim850-159914517332055.webp\",\"contentUrl\":\"https:\/\/www.domkraftpro.com\/wp-content\/uploads\/2026\/SK0007736-CZ20260425-093136-0-1777080698-28314_cim850-159914517332055.webp\",\"width\":1000,\"height\":750},{\"@type\":\"BreadcrumbList\",\"@id\":\"https:\/\/www.domkraftpro.com\/index.php\/produkt\/akce-sapho-cimbura-umyvadlovy-stolek-80x50x75cm-starobila-cim850-60298\/#breadcrumb\",\"itemListElement\":[{\"@type\":\"ListItem\",\"position\":1,\"name\":\"Home\",\"item\":\"https:\/\/www.domkraftpro.com\/\"},{\"@type\":\"ListItem\",\"position\":2,\"name\":\"Products\",\"item\":\"https:\/\/www.domkraftpro.com\/products\/\"},{\"@type\":\"ListItem\",\"position\":3,\"name\":\"Akce Sapho CIMBURA umyvadlov\u00fd stolek 80x50x75cm, starob\u00edl\u00e1 CIM850\"}]},{\"@type\":\"WebSite\",\"@id\":\"https:\/\/www.domkraftpro.com\/#website\",\"url\":\"https:\/\/www.domkraftpro.com\/\",\"name\":\"\",\"description\":\"\",\"potentialAction\":[{\"@type\":\"SearchAction\",\"target\":{\"@type\":\"EntryPoint\",\"urlTemplate\":\"https:\/\/www.domkraftpro.com\/?s={search_term_string}\"},\"query-input\":{\"@type\":\"PropertyValueSpecification\",\"valueRequired\":true,\"valueName\":\"search_term_string\"}}],\"inLanguage\":\"cs\"}]}<\/script>\n<!-- \/ Yoast SEO plugin. -->","yoast_head_json":{"title":"Akce Sapho CIMBURA umyvadlov\u00fd stolek 80x50x75cm, starob\u00edl\u00e1 CIM850 -","robots":{"index":"index","follow":"follow","max-snippet":"max-snippet:-1","max-image-preview":"max-image-preview:large","max-video-preview":"max-video-preview:-1"},"canonical":"https:\/\/www.domkraftpro.com\/index.php\/produkt\/akce-sapho-cimbura-umyvadlovy-stolek-80x50x75cm-starobila-cim850-60298\/","og_locale":"cs_CZ","og_type":"article","og_title":"Akce Sapho CIMBURA umyvadlov\u00fd stolek 80x50x75cm, starob\u00edl\u00e1 CIM850 -","og_description":"Dopl\u0148kov\u00e9 parametry Kategorie: Umyvadla na desku Hmotnost: 22 kg EAN: 8590913898426 3D model: ANO Balen\u00ed: 1 ks Balen\u00ed neobsahuje: Umyvadlo Barva: B\u00edl\u00e1 mat Dekor: Starob\u00edl\u00e1 Hloubka: 500 mm Hmotnost: 22 kg Materi\u00e1l: Masiv d\u0159evo Rozm\u011br: 80x75x50 cm S\u00e9rie: CIMBURA \u0160\u00ed\u0159ka: 800 mm Typ sk\u0159\u00ed\u0148ky: Otev\u0159en\u00e1 Typ umyvadla: Umyvadlo na desku V\u00fd\u0161ka: 750 mm Z\u00e1ru\u010dn\u00ed doba: [&hellip;]","og_url":"https:\/\/www.domkraftpro.com\/index.php\/produkt\/akce-sapho-cimbura-umyvadlovy-stolek-80x50x75cm-starobila-cim850-60298\/","og_image":[{"width":1000,"height":750,"url":"https:\/\/www.domkraftpro.com\/wp-content\/uploads\/2026\/SK0007736-CZ20260425-093136-0-1777080698-28314_cim850-159914517332055.webp","type":"image\/webp"}],"twitter_card":"summary_large_image","schema":{"@context":"https:\/\/schema.org","@graph":[{"@type":"WebPage","@id":"https:\/\/www.domkraftpro.com\/index.php\/produkt\/akce-sapho-cimbura-umyvadlovy-stolek-80x50x75cm-starobila-cim850-60298\/","url":"https:\/\/www.domkraftpro.com\/index.php\/produkt\/akce-sapho-cimbura-umyvadlovy-stolek-80x50x75cm-starobila-cim850-60298\/","name":"Akce Sapho CIMBURA umyvadlov\u00fd stolek 80x50x75cm, starob\u00edl\u00e1 CIM850 -","isPartOf":{"@id":"https:\/\/www.domkraftpro.com\/#website"},"primaryImageOfPage":{"@id":"https:\/\/www.domkraftpro.com\/index.php\/produkt\/akce-sapho-cimbura-umyvadlovy-stolek-80x50x75cm-starobila-cim850-60298\/#primaryimage"},"image":{"@id":"https:\/\/www.domkraftpro.com\/index.php\/produkt\/akce-sapho-cimbura-umyvadlovy-stolek-80x50x75cm-starobila-cim850-60298\/#primaryimage"},"thumbnailUrl":"https:\/\/www.domkraftpro.com\/wp-content\/uploads\/2026\/SK0007736-CZ20260425-093136-0-1777080698-28314_cim850-159914517332055.webp","datePublished":"2026-04-27T04:43:08+00:00","breadcrumb":{"@id":"https:\/\/www.domkraftpro.com\/index.php\/produkt\/akce-sapho-cimbura-umyvadlovy-stolek-80x50x75cm-starobila-cim850-60298\/#breadcrumb"},"inLanguage":"cs","potentialAction":[{"@type":"ReadAction","target":["https:\/\/www.domkraftpro.com\/index.php\/produkt\/akce-sapho-cimbura-umyvadlovy-stolek-80x50x75cm-starobila-cim850-60298\/"]}]},{"@type":"ImageObject","inLanguage":"cs","@id":"https:\/\/www.domkraftpro.com\/index.php\/produkt\/akce-sapho-cimbura-umyvadlovy-stolek-80x50x75cm-starobila-cim850-60298\/#primaryimage","url":"https:\/\/www.domkraftpro.com\/wp-content\/uploads\/2026\/SK0007736-CZ20260425-093136-0-1777080698-28314_cim850-159914517332055.webp","contentUrl":"https:\/\/www.domkraftpro.com\/wp-content\/uploads\/2026\/SK0007736-CZ20260425-093136-0-1777080698-28314_cim850-159914517332055.webp","width":1000,"height":750},{"@type":"BreadcrumbList","@id":"https:\/\/www.domkraftpro.com\/index.php\/produkt\/akce-sapho-cimbura-umyvadlovy-stolek-80x50x75cm-starobila-cim850-60298\/#breadcrumb","itemListElement":[{"@type":"ListItem","position":1,"name":"Home","item":"https:\/\/www.domkraftpro.com\/"},{"@type":"ListItem","position":2,"name":"Products","item":"https:\/\/www.domkraftpro.com\/products\/"},{"@type":"ListItem","position":3,"name":"Akce Sapho CIMBURA umyvadlov\u00fd stolek 80x50x75cm, starob\u00edl\u00e1 CIM850"}]},{"@type":"WebSite","@id":"https:\/\/www.domkraftpro.com\/#website","url":"https:\/\/www.domkraftpro.com\/","name":"","description":"","potentialAction":[{"@type":"SearchAction","target":{"@type":"EntryPoint","urlTemplate":"https:\/\/www.domkraftpro.com\/?s={search_term_string}"},"query-input":{"@type":"PropertyValueSpecification","valueRequired":true,"valueName":"search_term_string"}}],"inLanguage":"cs"}]}},"_links":{"self":[{"href":"https:\/\/www.domkraftpro.com\/wp-json\/wp\/v2\/product\/60298","targetHints":{"allow":["GET"]}}],"collection":[{"href":"https:\/\/www.domkraftpro.com\/wp-json\/wp\/v2\/product"}],"about":[{"href":"https:\/\/www.domkraftpro.com\/wp-json\/wp\/v2\/types\/product"}],"replies":[{"embeddable":true,"href":"https:\/\/www.domkraftpro.com\/wp-json\/wp\/v2\/comments?post=60298"}],"wp:featuredmedia":[{"embeddable":true,"href":"https:\/\/www.domkraftpro.com\/wp-json\/wp\/v2\/media\/60398"}],"wp:attachment":[{"href":"https:\/\/www.domkraftpro.com\/wp-json\/wp\/v2\/media?parent=60298"}],"wp:term":[{"taxonomy":"product_brand","embeddable":true,"href":"https:\/\/www.domkraftpro.com\/wp-json\/wp\/v2\/product_brand?post=60298"},{"taxonomy":"product_cat","embeddable":true,"href":"https:\/\/www.domkraftpro.com\/wp-json\/wp\/v2\/product_cat?post=60298"},{"taxonomy":"product_tag","embeddable":true,"href":"https:\/\/www.domkraftpro.com\/wp-json\/wp\/v2\/product_tag?post=60298"}],"curies":[{"name":"wp","href":"https:\/\/api.w.org\/{rel}","templated":true}]}}