{"id":59756,"date":"2026-04-27T04:43:06","date_gmt":"2026-04-27T04:43:06","guid":{"rendered":""},"modified":"2026-04-27T04:43:06","modified_gmt":"2026-04-27T04:43:06","slug":"akce-gelco-vario-chrome-jednodilna-sprchova-zastena-do-prostoru-cire-sklo-1100-mm-gx1211gx2210-59756","status":"publish","type":"product","link":"https:\/\/www.domkraftpro.com\/index.php\/produkt\/akce-gelco-vario-chrome-jednodilna-sprchova-zastena-do-prostoru-cire-sklo-1100-mm-gx1211gx2210-59756\/","title":{"rendered":"Akce Gelco VARIO CHROME jednod\u00edln\u00e1 sprchov\u00e1 z\u00e1st\u011bna do prostoru, \u010dir\u00e9 sklo, 1100 mm GX1211GX2210"},"content":{"rendered":"<h3>Dopl\u0148kov\u00e9 parametry<\/h3>\n<table class=\"detail-parameters\">\n<tbody>\n<tr>\n<th>        <span class=\"row-header-label\">            Kategorie<span class=\"row-header-label-colon\">:<\/span>        <\/span>    <\/th>\n<td>        S\u00e9rie VARIO    <\/td>\n<\/tr>\n<tr>\n<th>            <span class=\"row-header-label\">                Hmotnost<span class=\"row-header-label-colon\">:<\/span>            <\/span>        <\/th>\n<td>            58 kg        <\/td>\n<\/tr>\n<tr class=\"productEan\">\n<th>          <span class=\"row-header-label productEan__label\">              EAN<span class=\"row-header-label-colon\">:<\/span>          <\/span>      <\/th>\n<td>          <span class=\"productEan__value\">8590913908750<\/span>      <\/td>\n<\/tr>\n<tr>\n<th>                <span class=\"row-header-label\">                                            3D model<span class=\"row-header-label-colon\">:<\/span>                                    <\/span>            <\/th>\n<td>                                                            ANO                                                <\/td>\n<\/tr>\n<tr>\n<th>                <span class=\"row-header-label\">                                            Balen\u00ed<span class=\"row-header-label-colon\">:<\/span>                                    <\/span>            <\/th>\n<td>                                                            3 ks                                                <\/td>\n<\/tr>\n<tr>\n<th>                <span class=\"row-header-label\">                                            Barva profilu<span class=\"row-header-label-colon\">:<\/span>                                    <\/span>            <\/th>\n<td>                                                            Chrom &#8211; Le\u0161t\u011bn\u00fd hlin\u00edk                                                <\/td>\n<\/tr>\n<tr>\n<th>                <span class=\"row-header-label\">                                            Hmotnost<span class=\"row-header-label-colon\">:<\/span>                                    <\/span>            <\/th>\n<td>                                                            58 kg                                                <\/td>\n<\/tr>\n<tr>\n<th>                <span class=\"row-header-label\">                                            S\u00e9rie<span class=\"row-header-label-colon\">:<\/span>                                    <\/span>            <\/th>\n<td>                                                            VARIO                                                <\/td>\n<\/tr>\n<tr>\n<th>                <span class=\"row-header-label\">                                            \u0160\u00ed\u0159ka<span class=\"row-header-label-colon\">:<\/span>                                    <\/span>            <\/th>\n<td>                                                            1100 mm                                                <\/td>\n<\/tr>\n<tr>\n<th>                <span class=\"row-header-label\">                                            Tlou\u0161\u0165ka skla<span class=\"row-header-label-colon\">:<\/span>                                    <\/span>            <\/th>\n<td>                                                            8 mm                                                <\/td>\n<\/tr>\n<tr>\n<th>                <span class=\"row-header-label\">                                            Tvar<span class=\"row-header-label-colon\">:<\/span>                                    <\/span>            <\/th>\n<td>                                                            Jednost\u011bnn\u00e1 Walk                                                <\/td>\n<\/tr>\n<tr>\n<th>                <span class=\"row-header-label\">                                            Typ v\u00fdpln\u011b<span class=\"row-header-label-colon\">:<\/span>                                    <\/span>            <\/th>\n<td>                                                            \u010cir\u00e9 sklo                                                <\/td>\n<\/tr>\n<tr>\n<th>                <span class=\"row-header-label\">                                            \u00daprava skla<span class=\"row-header-label-colon\">:<\/span>                                    <\/span>            <\/th>\n<td>                                                            Coated glass                                                <\/td>\n<\/tr>\n<tr>\n<th>                <span class=\"row-header-label\">                                            V\u00fd\u0161ka<span class=\"row-header-label-colon\">:<\/span>                                    <\/span>            <\/th>\n<td>                                                            2000 mm                                                <\/td>\n<\/tr>\n<tr>\n<th>                <span class=\"row-header-label\">                                            Z\u00e1ru\u010dn\u00ed doba<span class=\"row-header-label-colon\">:<\/span>                                    <\/span>            <\/th>\n<td>                                                            3 roky                                                <\/td>\n<\/tr>\n<tr>\n<th>                <span class=\"row-header-label\">                                            Balen\u00ed &#8211; hmotnost<span class=\"row-header-label-colon\">:<\/span>                                    <\/span>            <\/th>\n<td>                                                            58.000 kg                                                <\/td>\n<\/tr>\n<\/tbody>\n<\/table><\/div>\n<\/p><\/div>\n<\/p><\/div>\n","protected":false},"excerpt":{"rendered":"<p>Dopl\u0148kov\u00e9 parametry Kategorie: S\u00e9rie VARIO Hmotnost: 58 kg EAN: 8590913908750 3D model: ANO Balen\u00ed: 3 ks Barva profilu: Chrom &#8211; Le\u0161t\u011bn\u00fd hlin\u00edk Hmotnost: 58 kg S\u00e9rie: VARIO \u0160\u00ed\u0159ka: 1100 mm Tlou\u0161\u0165ka skla: 8 mm Tvar: Jednost\u011bnn\u00e1 Walk Typ v\u00fdpln\u011b: \u010cir\u00e9 sklo \u00daprava skla: Coated glass V\u00fd\u0161ka: 2000 mm Z\u00e1ru\u010dn\u00ed doba: 3 roky Balen\u00ed &#8211; hmotnost: [&hellip;]<\/p>\n","protected":false},"featured_media":59856,"comment_status":"open","ping_status":"open","template":"","meta":[],"product_brand":[],"product_cat":[90],"product_tag":[],"class_list":{"0":"post-59756","1":"product","2":"type-product","3":"status-publish","4":"has-post-thumbnail","6":"product_cat-koupelny","8":"first","9":"instock","10":"sale","11":"shipping-taxable","12":"purchasable","13":"product-type-simple"},"yoast_head":"<!-- This site is optimized with the Yoast SEO plugin v26.8 - https:\/\/yoast.com\/product\/yoast-seo-wordpress\/ -->\n<title>Akce Gelco VARIO CHROME jednod\u00edln\u00e1 sprchov\u00e1 z\u00e1st\u011bna do prostoru, \u010dir\u00e9 sklo, 1100 mm GX1211GX2210 -<\/title>\n<meta name=\"robots\" content=\"index, follow, max-snippet:-1, max-image-preview:large, max-video-preview:-1\" \/>\n<link rel=\"canonical\" href=\"https:\/\/www.domkraftpro.com\/index.php\/produkt\/akce-gelco-vario-chrome-jednodilna-sprchova-zastena-do-prostoru-cire-sklo-1100-mm-gx1211gx2210-59756\/\" \/>\n<meta property=\"og:locale\" content=\"cs_CZ\" \/>\n<meta property=\"og:type\" content=\"article\" \/>\n<meta property=\"og:title\" content=\"Akce Gelco VARIO CHROME jednod\u00edln\u00e1 sprchov\u00e1 z\u00e1st\u011bna do prostoru, \u010dir\u00e9 sklo, 1100 mm GX1211GX2210 -\" \/>\n<meta property=\"og:description\" content=\"Dopl\u0148kov\u00e9 parametry Kategorie: S\u00e9rie VARIO Hmotnost: 58 kg EAN: 8590913908750 3D model: ANO Balen\u00ed: 3 ks Barva profilu: Chrom &#8211; Le\u0161t\u011bn\u00fd hlin\u00edk Hmotnost: 58 kg S\u00e9rie: VARIO \u0160\u00ed\u0159ka: 1100 mm Tlou\u0161\u0165ka skla: 8 mm Tvar: Jednost\u011bnn\u00e1 Walk Typ v\u00fdpln\u011b: \u010cir\u00e9 sklo \u00daprava skla: Coated glass V\u00fd\u0161ka: 2000 mm Z\u00e1ru\u010dn\u00ed doba: 3 roky Balen\u00ed &#8211; hmotnost: [&hellip;]\" \/>\n<meta property=\"og:url\" content=\"https:\/\/www.domkraftpro.com\/index.php\/produkt\/akce-gelco-vario-chrome-jednodilna-sprchova-zastena-do-prostoru-cire-sklo-1100-mm-gx1211gx2210-59756\/\" \/>\n<meta property=\"og:image\" content=\"https:\/\/www.domkraftpro.com\/wp-content\/uploads\/2026\/SK0007472-CZ20260425-093136-0-1777080698-29382-3_gx1211gx2210-157809983364178.webp\" \/>\n\t<meta property=\"og:image:width\" content=\"1000\" \/>\n\t<meta property=\"og:image:height\" content=\"750\" \/>\n\t<meta property=\"og:image:type\" content=\"image\/webp\" \/>\n<meta name=\"twitter:card\" content=\"summary_large_image\" \/>\n<script type=\"application\/ld+json\" class=\"yoast-schema-graph\">{\"@context\":\"https:\/\/schema.org\",\"@graph\":[{\"@type\":\"WebPage\",\"@id\":\"https:\/\/www.domkraftpro.com\/index.php\/produkt\/akce-gelco-vario-chrome-jednodilna-sprchova-zastena-do-prostoru-cire-sklo-1100-mm-gx1211gx2210-59756\/\",\"url\":\"https:\/\/www.domkraftpro.com\/index.php\/produkt\/akce-gelco-vario-chrome-jednodilna-sprchova-zastena-do-prostoru-cire-sklo-1100-mm-gx1211gx2210-59756\/\",\"name\":\"Akce Gelco VARIO CHROME jednod\u00edln\u00e1 sprchov\u00e1 z\u00e1st\u011bna do prostoru, \u010dir\u00e9 sklo, 1100 mm GX1211GX2210 -\",\"isPartOf\":{\"@id\":\"https:\/\/www.domkraftpro.com\/#website\"},\"primaryImageOfPage\":{\"@id\":\"https:\/\/www.domkraftpro.com\/index.php\/produkt\/akce-gelco-vario-chrome-jednodilna-sprchova-zastena-do-prostoru-cire-sklo-1100-mm-gx1211gx2210-59756\/#primaryimage\"},\"image\":{\"@id\":\"https:\/\/www.domkraftpro.com\/index.php\/produkt\/akce-gelco-vario-chrome-jednodilna-sprchova-zastena-do-prostoru-cire-sklo-1100-mm-gx1211gx2210-59756\/#primaryimage\"},\"thumbnailUrl\":\"https:\/\/www.domkraftpro.com\/wp-content\/uploads\/2026\/SK0007472-CZ20260425-093136-0-1777080698-29382-3_gx1211gx2210-157809983364178.webp\",\"datePublished\":\"2026-04-27T04:43:06+00:00\",\"breadcrumb\":{\"@id\":\"https:\/\/www.domkraftpro.com\/index.php\/produkt\/akce-gelco-vario-chrome-jednodilna-sprchova-zastena-do-prostoru-cire-sklo-1100-mm-gx1211gx2210-59756\/#breadcrumb\"},\"inLanguage\":\"cs\",\"potentialAction\":[{\"@type\":\"ReadAction\",\"target\":[\"https:\/\/www.domkraftpro.com\/index.php\/produkt\/akce-gelco-vario-chrome-jednodilna-sprchova-zastena-do-prostoru-cire-sklo-1100-mm-gx1211gx2210-59756\/\"]}]},{\"@type\":\"ImageObject\",\"inLanguage\":\"cs\",\"@id\":\"https:\/\/www.domkraftpro.com\/index.php\/produkt\/akce-gelco-vario-chrome-jednodilna-sprchova-zastena-do-prostoru-cire-sklo-1100-mm-gx1211gx2210-59756\/#primaryimage\",\"url\":\"https:\/\/www.domkraftpro.com\/wp-content\/uploads\/2026\/SK0007472-CZ20260425-093136-0-1777080698-29382-3_gx1211gx2210-157809983364178.webp\",\"contentUrl\":\"https:\/\/www.domkraftpro.com\/wp-content\/uploads\/2026\/SK0007472-CZ20260425-093136-0-1777080698-29382-3_gx1211gx2210-157809983364178.webp\",\"width\":1000,\"height\":750},{\"@type\":\"BreadcrumbList\",\"@id\":\"https:\/\/www.domkraftpro.com\/index.php\/produkt\/akce-gelco-vario-chrome-jednodilna-sprchova-zastena-do-prostoru-cire-sklo-1100-mm-gx1211gx2210-59756\/#breadcrumb\",\"itemListElement\":[{\"@type\":\"ListItem\",\"position\":1,\"name\":\"Home\",\"item\":\"https:\/\/www.domkraftpro.com\/\"},{\"@type\":\"ListItem\",\"position\":2,\"name\":\"Products\",\"item\":\"https:\/\/www.domkraftpro.com\/index.php\/products\/\"},{\"@type\":\"ListItem\",\"position\":3,\"name\":\"Akce Gelco VARIO CHROME jednod\u00edln\u00e1 sprchov\u00e1 z\u00e1st\u011bna do prostoru, \u010dir\u00e9 sklo, 1100 mm GX1211GX2210\"}]},{\"@type\":\"WebSite\",\"@id\":\"https:\/\/www.domkraftpro.com\/#website\",\"url\":\"https:\/\/www.domkraftpro.com\/\",\"name\":\"\",\"description\":\"\",\"potentialAction\":[{\"@type\":\"SearchAction\",\"target\":{\"@type\":\"EntryPoint\",\"urlTemplate\":\"https:\/\/www.domkraftpro.com\/?s={search_term_string}\"},\"query-input\":{\"@type\":\"PropertyValueSpecification\",\"valueRequired\":true,\"valueName\":\"search_term_string\"}}],\"inLanguage\":\"cs\"}]}<\/script>\n<!-- \/ Yoast SEO plugin. -->","yoast_head_json":{"title":"Akce Gelco VARIO CHROME jednod\u00edln\u00e1 sprchov\u00e1 z\u00e1st\u011bna do prostoru, \u010dir\u00e9 sklo, 1100 mm GX1211GX2210 -","robots":{"index":"index","follow":"follow","max-snippet":"max-snippet:-1","max-image-preview":"max-image-preview:large","max-video-preview":"max-video-preview:-1"},"canonical":"https:\/\/www.domkraftpro.com\/index.php\/produkt\/akce-gelco-vario-chrome-jednodilna-sprchova-zastena-do-prostoru-cire-sklo-1100-mm-gx1211gx2210-59756\/","og_locale":"cs_CZ","og_type":"article","og_title":"Akce Gelco VARIO CHROME jednod\u00edln\u00e1 sprchov\u00e1 z\u00e1st\u011bna do prostoru, \u010dir\u00e9 sklo, 1100 mm GX1211GX2210 -","og_description":"Dopl\u0148kov\u00e9 parametry Kategorie: S\u00e9rie VARIO Hmotnost: 58 kg EAN: 8590913908750 3D model: ANO Balen\u00ed: 3 ks Barva profilu: Chrom &#8211; Le\u0161t\u011bn\u00fd hlin\u00edk Hmotnost: 58 kg S\u00e9rie: VARIO \u0160\u00ed\u0159ka: 1100 mm Tlou\u0161\u0165ka skla: 8 mm Tvar: Jednost\u011bnn\u00e1 Walk Typ v\u00fdpln\u011b: \u010cir\u00e9 sklo \u00daprava skla: Coated glass V\u00fd\u0161ka: 2000 mm Z\u00e1ru\u010dn\u00ed doba: 3 roky Balen\u00ed &#8211; hmotnost: [&hellip;]","og_url":"https:\/\/www.domkraftpro.com\/index.php\/produkt\/akce-gelco-vario-chrome-jednodilna-sprchova-zastena-do-prostoru-cire-sklo-1100-mm-gx1211gx2210-59756\/","og_image":[{"width":1000,"height":750,"url":"https:\/\/www.domkraftpro.com\/wp-content\/uploads\/2026\/SK0007472-CZ20260425-093136-0-1777080698-29382-3_gx1211gx2210-157809983364178.webp","type":"image\/webp"}],"twitter_card":"summary_large_image","schema":{"@context":"https:\/\/schema.org","@graph":[{"@type":"WebPage","@id":"https:\/\/www.domkraftpro.com\/index.php\/produkt\/akce-gelco-vario-chrome-jednodilna-sprchova-zastena-do-prostoru-cire-sklo-1100-mm-gx1211gx2210-59756\/","url":"https:\/\/www.domkraftpro.com\/index.php\/produkt\/akce-gelco-vario-chrome-jednodilna-sprchova-zastena-do-prostoru-cire-sklo-1100-mm-gx1211gx2210-59756\/","name":"Akce Gelco VARIO CHROME jednod\u00edln\u00e1 sprchov\u00e1 z\u00e1st\u011bna do prostoru, \u010dir\u00e9 sklo, 1100 mm GX1211GX2210 -","isPartOf":{"@id":"https:\/\/www.domkraftpro.com\/#website"},"primaryImageOfPage":{"@id":"https:\/\/www.domkraftpro.com\/index.php\/produkt\/akce-gelco-vario-chrome-jednodilna-sprchova-zastena-do-prostoru-cire-sklo-1100-mm-gx1211gx2210-59756\/#primaryimage"},"image":{"@id":"https:\/\/www.domkraftpro.com\/index.php\/produkt\/akce-gelco-vario-chrome-jednodilna-sprchova-zastena-do-prostoru-cire-sklo-1100-mm-gx1211gx2210-59756\/#primaryimage"},"thumbnailUrl":"https:\/\/www.domkraftpro.com\/wp-content\/uploads\/2026\/SK0007472-CZ20260425-093136-0-1777080698-29382-3_gx1211gx2210-157809983364178.webp","datePublished":"2026-04-27T04:43:06+00:00","breadcrumb":{"@id":"https:\/\/www.domkraftpro.com\/index.php\/produkt\/akce-gelco-vario-chrome-jednodilna-sprchova-zastena-do-prostoru-cire-sklo-1100-mm-gx1211gx2210-59756\/#breadcrumb"},"inLanguage":"cs","potentialAction":[{"@type":"ReadAction","target":["https:\/\/www.domkraftpro.com\/index.php\/produkt\/akce-gelco-vario-chrome-jednodilna-sprchova-zastena-do-prostoru-cire-sklo-1100-mm-gx1211gx2210-59756\/"]}]},{"@type":"ImageObject","inLanguage":"cs","@id":"https:\/\/www.domkraftpro.com\/index.php\/produkt\/akce-gelco-vario-chrome-jednodilna-sprchova-zastena-do-prostoru-cire-sklo-1100-mm-gx1211gx2210-59756\/#primaryimage","url":"https:\/\/www.domkraftpro.com\/wp-content\/uploads\/2026\/SK0007472-CZ20260425-093136-0-1777080698-29382-3_gx1211gx2210-157809983364178.webp","contentUrl":"https:\/\/www.domkraftpro.com\/wp-content\/uploads\/2026\/SK0007472-CZ20260425-093136-0-1777080698-29382-3_gx1211gx2210-157809983364178.webp","width":1000,"height":750},{"@type":"BreadcrumbList","@id":"https:\/\/www.domkraftpro.com\/index.php\/produkt\/akce-gelco-vario-chrome-jednodilna-sprchova-zastena-do-prostoru-cire-sklo-1100-mm-gx1211gx2210-59756\/#breadcrumb","itemListElement":[{"@type":"ListItem","position":1,"name":"Home","item":"https:\/\/www.domkraftpro.com\/"},{"@type":"ListItem","position":2,"name":"Products","item":"https:\/\/www.domkraftpro.com\/index.php\/products\/"},{"@type":"ListItem","position":3,"name":"Akce Gelco VARIO CHROME jednod\u00edln\u00e1 sprchov\u00e1 z\u00e1st\u011bna do prostoru, \u010dir\u00e9 sklo, 1100 mm GX1211GX2210"}]},{"@type":"WebSite","@id":"https:\/\/www.domkraftpro.com\/#website","url":"https:\/\/www.domkraftpro.com\/","name":"","description":"","potentialAction":[{"@type":"SearchAction","target":{"@type":"EntryPoint","urlTemplate":"https:\/\/www.domkraftpro.com\/?s={search_term_string}"},"query-input":{"@type":"PropertyValueSpecification","valueRequired":true,"valueName":"search_term_string"}}],"inLanguage":"cs"}]}},"_links":{"self":[{"href":"https:\/\/www.domkraftpro.com\/index.php\/wp-json\/wp\/v2\/product\/59756","targetHints":{"allow":["GET"]}}],"collection":[{"href":"https:\/\/www.domkraftpro.com\/index.php\/wp-json\/wp\/v2\/product"}],"about":[{"href":"https:\/\/www.domkraftpro.com\/index.php\/wp-json\/wp\/v2\/types\/product"}],"replies":[{"embeddable":true,"href":"https:\/\/www.domkraftpro.com\/index.php\/wp-json\/wp\/v2\/comments?post=59756"}],"wp:featuredmedia":[{"embeddable":true,"href":"https:\/\/www.domkraftpro.com\/index.php\/wp-json\/wp\/v2\/media\/59856"}],"wp:attachment":[{"href":"https:\/\/www.domkraftpro.com\/index.php\/wp-json\/wp\/v2\/media?parent=59756"}],"wp:term":[{"taxonomy":"product_brand","embeddable":true,"href":"https:\/\/www.domkraftpro.com\/index.php\/wp-json\/wp\/v2\/product_brand?post=59756"},{"taxonomy":"product_cat","embeddable":true,"href":"https:\/\/www.domkraftpro.com\/index.php\/wp-json\/wp\/v2\/product_cat?post=59756"},{"taxonomy":"product_tag","embeddable":true,"href":"https:\/\/www.domkraftpro.com\/index.php\/wp-json\/wp\/v2\/product_tag?post=59756"}],"curies":[{"name":"wp","href":"https:\/\/api.w.org\/{rel}","templated":true}]}}