{"id":59324,"date":"2026-04-27T04:43:05","date_gmt":"2026-04-27T04:43:05","guid":{"rendered":""},"modified":"2026-04-27T04:43:05","modified_gmt":"2026-04-27T04:43:05","slug":"akce-mereo-sprchovy-set-s-dvoucestnou-podomitkovou-baterii-cb650sv2-59324","status":"publish","type":"product","link":"https:\/\/www.domkraftpro.com\/index.php\/produkt\/akce-mereo-sprchovy-set-s-dvoucestnou-podomitkovou-baterii-cb650sv2-59324\/","title":{"rendered":"Akce Mereo Sprchov\u00fd set s dvoucestnou podom\u00edtkovou bater\u00ed\u00ed CB650SV2"},"content":{"rendered":"<h3>Dopl\u0148kov\u00e9 parametry<\/h3>\n<table class=\"detail-parameters\">\n<tbody>\n<tr>\n<th>        <span class=\"row-header-label\">            Kategorie<span class=\"row-header-label-colon\">:<\/span>        <\/span>    <\/th>\n<td>        Podom\u00edtkov\u00e9 sprchov\u00e9 sety    <\/td>\n<\/tr>\n<tr>\n<th>            <span class=\"row-header-label\">                Hmotnost<span class=\"row-header-label-colon\">:<\/span>            <\/span>        <\/th>\n<td>            0.7 kg        <\/td>\n<\/tr>\n<tr class=\"productEan\">\n<th>          <span class=\"row-header-label productEan__label\">              EAN<span class=\"row-header-label-colon\">:<\/span>          <\/span>      <\/th>\n<td>          <span class=\"productEan__value\">8592480083519<\/span>      <\/td>\n<\/tr>\n<tr>\n<th>                <span class=\"row-header-label\">                                            Barva<span class=\"row-header-label-colon\">:<\/span>                                    <\/span>            <\/th>\n<td>                                                            Nerez                                                <\/td>\n<\/tr>\n<tr>\n<th>                <span class=\"row-header-label\">                                            D\u00e9lka<span class=\"row-header-label-colon\">:<\/span>                                    <\/span>            <\/th>\n<td>                                                            360 mm                                                <\/td>\n<\/tr>\n<tr>\n<th>                <span class=\"row-header-label\">                                            Design<span class=\"row-header-label-colon\">:<\/span>                                    <\/span>            <\/th>\n<td>                                                            Obl\u00fd                                                <\/td>\n<\/tr>\n<tr>\n<th>                <span class=\"row-header-label\">                                            Hmotnost<span class=\"row-header-label-colon\">:<\/span>                                    <\/span>            <\/th>\n<td>                                                            0.7 kg                                                <\/td>\n<\/tr>\n<tr>\n<th>                <span class=\"row-header-label\">                                            Materi\u00e1l<span class=\"row-header-label-colon\">:<\/span>                                    <\/span>            <\/th>\n<td>                                                            Pochromovan\u00e1 mosaz\/nerez\/plast                                                <\/td>\n<\/tr>\n<tr>\n<th>                <span class=\"row-header-label\">                                            Ovl\u00e1d\u00e1n\u00ed baterie<span class=\"row-header-label-colon\">:<\/span>                                    <\/span>            <\/th>\n<td>                                                            Podom\u00edtkov\u00e1                                                <\/td>\n<\/tr>\n<tr>\n<th>                <span class=\"row-header-label\">                                            S\u00e9rie<span class=\"row-header-label-colon\">:<\/span>                                    <\/span>            <\/th>\n<td>                                                            Viana                                                <\/td>\n<\/tr>\n<tr>\n<th>                <span class=\"row-header-label\">                                            Typ<span class=\"row-header-label-colon\">:<\/span>                                    <\/span>            <\/th>\n<td>                                                            Sprchov\u00fd set,                                                                                 S podom\u00edtkovou                                                <\/td>\n<\/tr>\n<tr>\n<th>                <span class=\"row-header-label\">                                            Typ dr\u017e\u00e1ku<span class=\"row-header-label-colon\">:<\/span>                                    <\/span>            <\/th>\n<td>                                                            S kombinovanou ty\u010d\u00ed                                                <\/td>\n<\/tr>\n<tr>\n<th>                <span class=\"row-header-label\">                                            Z\u00e1ru\u010dn\u00ed doba<span class=\"row-header-label-colon\">:<\/span>                                    <\/span>            <\/th>\n<td>                                                            2 roky                                                <\/td>\n<\/tr>\n<\/tbody>\n<\/table><\/div>\n<\/p><\/div>\n<\/p><\/div>\n","protected":false},"excerpt":{"rendered":"<p>Dopl\u0148kov\u00e9 parametry Kategorie: Podom\u00edtkov\u00e9 sprchov\u00e9 sety Hmotnost: 0.7 kg EAN: 8592480083519 Barva: Nerez D\u00e9lka: 360 mm Design: Obl\u00fd Hmotnost: 0.7 kg Materi\u00e1l: Pochromovan\u00e1 mosaz\/nerez\/plast Ovl\u00e1d\u00e1n\u00ed baterie: Podom\u00edtkov\u00e1 S\u00e9rie: Viana Typ: Sprchov\u00fd set, S podom\u00edtkovou Typ dr\u017e\u00e1ku: S kombinovanou ty\u010d\u00ed Z\u00e1ru\u010dn\u00ed doba: 2 roky<\/p>\n","protected":false},"featured_media":59424,"comment_status":"open","ping_status":"open","template":"","meta":[],"product_brand":[],"product_cat":[90],"product_tag":[],"class_list":{"0":"post-59324","1":"product","2":"type-product","3":"status-publish","4":"has-post-thumbnail","6":"product_cat-koupelny","8":"first","9":"instock","10":"sale","11":"shipping-taxable","12":"purchasable","13":"product-type-simple"},"yoast_head":"<!-- This site is optimized with the Yoast SEO plugin v26.8 - https:\/\/yoast.com\/product\/yoast-seo-wordpress\/ -->\n<title>Akce Mereo Sprchov\u00fd set s dvoucestnou podom\u00edtkovou bater\u00ed\u00ed CB650SV2 -<\/title>\n<meta name=\"robots\" content=\"index, follow, max-snippet:-1, max-image-preview:large, max-video-preview:-1\" \/>\n<link rel=\"canonical\" href=\"https:\/\/www.domkraftpro.com\/index.php\/produkt\/akce-mereo-sprchovy-set-s-dvoucestnou-podomitkovou-baterii-cb650sv2-59324\/\" \/>\n<meta property=\"og:locale\" content=\"cs_CZ\" \/>\n<meta property=\"og:type\" content=\"article\" \/>\n<meta property=\"og:title\" content=\"Akce Mereo Sprchov\u00fd set s dvoucestnou podom\u00edtkovou bater\u00ed\u00ed CB650SV2 -\" \/>\n<meta property=\"og:description\" content=\"Dopl\u0148kov\u00e9 parametry Kategorie: Podom\u00edtkov\u00e9 sprchov\u00e9 sety Hmotnost: 0.7 kg EAN: 8592480083519 Barva: Nerez D\u00e9lka: 360 mm Design: Obl\u00fd Hmotnost: 0.7 kg Materi\u00e1l: Pochromovan\u00e1 mosaz\/nerez\/plast Ovl\u00e1d\u00e1n\u00ed baterie: Podom\u00edtkov\u00e1 S\u00e9rie: Viana Typ: Sprchov\u00fd set, S podom\u00edtkovou Typ dr\u017e\u00e1ku: S kombinovanou ty\u010d\u00ed Z\u00e1ru\u010dn\u00ed doba: 2 roky\" \/>\n<meta property=\"og:url\" content=\"https:\/\/www.domkraftpro.com\/index.php\/produkt\/akce-mereo-sprchovy-set-s-dvoucestnou-podomitkovou-baterii-cb650sv2-59324\/\" \/>\n<meta property=\"og:image\" content=\"https:\/\/www.domkraftpro.com\/wp-content\/uploads\/2026\/SK0007237-CZ20260425-093136-0-1777080698-30210_1673947ac01738-cb650sv2-a-jpg-2023-12-11-12-38-48.webp\" \/>\n\t<meta property=\"og:image:width\" content=\"1000\" \/>\n\t<meta property=\"og:image:height\" content=\"750\" \/>\n\t<meta property=\"og:image:type\" content=\"image\/webp\" \/>\n<meta name=\"twitter:card\" content=\"summary_large_image\" \/>\n<script type=\"application\/ld+json\" class=\"yoast-schema-graph\">{\"@context\":\"https:\/\/schema.org\",\"@graph\":[{\"@type\":\"WebPage\",\"@id\":\"https:\/\/www.domkraftpro.com\/index.php\/produkt\/akce-mereo-sprchovy-set-s-dvoucestnou-podomitkovou-baterii-cb650sv2-59324\/\",\"url\":\"https:\/\/www.domkraftpro.com\/index.php\/produkt\/akce-mereo-sprchovy-set-s-dvoucestnou-podomitkovou-baterii-cb650sv2-59324\/\",\"name\":\"Akce Mereo Sprchov\u00fd set s dvoucestnou podom\u00edtkovou bater\u00ed\u00ed CB650SV2 -\",\"isPartOf\":{\"@id\":\"https:\/\/www.domkraftpro.com\/#website\"},\"primaryImageOfPage\":{\"@id\":\"https:\/\/www.domkraftpro.com\/index.php\/produkt\/akce-mereo-sprchovy-set-s-dvoucestnou-podomitkovou-baterii-cb650sv2-59324\/#primaryimage\"},\"image\":{\"@id\":\"https:\/\/www.domkraftpro.com\/index.php\/produkt\/akce-mereo-sprchovy-set-s-dvoucestnou-podomitkovou-baterii-cb650sv2-59324\/#primaryimage\"},\"thumbnailUrl\":\"https:\/\/www.domkraftpro.com\/wp-content\/uploads\/2026\/SK0007237-CZ20260425-093136-0-1777080698-30210_1673947ac01738-cb650sv2-a-jpg-2023-12-11-12-38-48.webp\",\"datePublished\":\"2026-04-27T04:43:05+00:00\",\"breadcrumb\":{\"@id\":\"https:\/\/www.domkraftpro.com\/index.php\/produkt\/akce-mereo-sprchovy-set-s-dvoucestnou-podomitkovou-baterii-cb650sv2-59324\/#breadcrumb\"},\"inLanguage\":\"cs\",\"potentialAction\":[{\"@type\":\"ReadAction\",\"target\":[\"https:\/\/www.domkraftpro.com\/index.php\/produkt\/akce-mereo-sprchovy-set-s-dvoucestnou-podomitkovou-baterii-cb650sv2-59324\/\"]}]},{\"@type\":\"ImageObject\",\"inLanguage\":\"cs\",\"@id\":\"https:\/\/www.domkraftpro.com\/index.php\/produkt\/akce-mereo-sprchovy-set-s-dvoucestnou-podomitkovou-baterii-cb650sv2-59324\/#primaryimage\",\"url\":\"https:\/\/www.domkraftpro.com\/wp-content\/uploads\/2026\/SK0007237-CZ20260425-093136-0-1777080698-30210_1673947ac01738-cb650sv2-a-jpg-2023-12-11-12-38-48.webp\",\"contentUrl\":\"https:\/\/www.domkraftpro.com\/wp-content\/uploads\/2026\/SK0007237-CZ20260425-093136-0-1777080698-30210_1673947ac01738-cb650sv2-a-jpg-2023-12-11-12-38-48.webp\",\"width\":1000,\"height\":750},{\"@type\":\"BreadcrumbList\",\"@id\":\"https:\/\/www.domkraftpro.com\/index.php\/produkt\/akce-mereo-sprchovy-set-s-dvoucestnou-podomitkovou-baterii-cb650sv2-59324\/#breadcrumb\",\"itemListElement\":[{\"@type\":\"ListItem\",\"position\":1,\"name\":\"Home\",\"item\":\"https:\/\/www.domkraftpro.com\/\"},{\"@type\":\"ListItem\",\"position\":2,\"name\":\"Products\",\"item\":\"https:\/\/www.domkraftpro.com\/index.php\/products\/\"},{\"@type\":\"ListItem\",\"position\":3,\"name\":\"Akce Mereo Sprchov\u00fd set s dvoucestnou podom\u00edtkovou bater\u00ed\u00ed CB650SV2\"}]},{\"@type\":\"WebSite\",\"@id\":\"https:\/\/www.domkraftpro.com\/#website\",\"url\":\"https:\/\/www.domkraftpro.com\/\",\"name\":\"\",\"description\":\"\",\"potentialAction\":[{\"@type\":\"SearchAction\",\"target\":{\"@type\":\"EntryPoint\",\"urlTemplate\":\"https:\/\/www.domkraftpro.com\/?s={search_term_string}\"},\"query-input\":{\"@type\":\"PropertyValueSpecification\",\"valueRequired\":true,\"valueName\":\"search_term_string\"}}],\"inLanguage\":\"cs\"}]}<\/script>\n<!-- \/ Yoast SEO plugin. -->","yoast_head_json":{"title":"Akce Mereo Sprchov\u00fd set s dvoucestnou podom\u00edtkovou bater\u00ed\u00ed CB650SV2 -","robots":{"index":"index","follow":"follow","max-snippet":"max-snippet:-1","max-image-preview":"max-image-preview:large","max-video-preview":"max-video-preview:-1"},"canonical":"https:\/\/www.domkraftpro.com\/index.php\/produkt\/akce-mereo-sprchovy-set-s-dvoucestnou-podomitkovou-baterii-cb650sv2-59324\/","og_locale":"cs_CZ","og_type":"article","og_title":"Akce Mereo Sprchov\u00fd set s dvoucestnou podom\u00edtkovou bater\u00ed\u00ed CB650SV2 -","og_description":"Dopl\u0148kov\u00e9 parametry Kategorie: Podom\u00edtkov\u00e9 sprchov\u00e9 sety Hmotnost: 0.7 kg EAN: 8592480083519 Barva: Nerez D\u00e9lka: 360 mm Design: Obl\u00fd Hmotnost: 0.7 kg Materi\u00e1l: Pochromovan\u00e1 mosaz\/nerez\/plast Ovl\u00e1d\u00e1n\u00ed baterie: Podom\u00edtkov\u00e1 S\u00e9rie: Viana Typ: Sprchov\u00fd set, S podom\u00edtkovou Typ dr\u017e\u00e1ku: S kombinovanou ty\u010d\u00ed Z\u00e1ru\u010dn\u00ed doba: 2 roky","og_url":"https:\/\/www.domkraftpro.com\/index.php\/produkt\/akce-mereo-sprchovy-set-s-dvoucestnou-podomitkovou-baterii-cb650sv2-59324\/","og_image":[{"width":1000,"height":750,"url":"https:\/\/www.domkraftpro.com\/wp-content\/uploads\/2026\/SK0007237-CZ20260425-093136-0-1777080698-30210_1673947ac01738-cb650sv2-a-jpg-2023-12-11-12-38-48.webp","type":"image\/webp"}],"twitter_card":"summary_large_image","schema":{"@context":"https:\/\/schema.org","@graph":[{"@type":"WebPage","@id":"https:\/\/www.domkraftpro.com\/index.php\/produkt\/akce-mereo-sprchovy-set-s-dvoucestnou-podomitkovou-baterii-cb650sv2-59324\/","url":"https:\/\/www.domkraftpro.com\/index.php\/produkt\/akce-mereo-sprchovy-set-s-dvoucestnou-podomitkovou-baterii-cb650sv2-59324\/","name":"Akce Mereo Sprchov\u00fd set s dvoucestnou podom\u00edtkovou bater\u00ed\u00ed CB650SV2 -","isPartOf":{"@id":"https:\/\/www.domkraftpro.com\/#website"},"primaryImageOfPage":{"@id":"https:\/\/www.domkraftpro.com\/index.php\/produkt\/akce-mereo-sprchovy-set-s-dvoucestnou-podomitkovou-baterii-cb650sv2-59324\/#primaryimage"},"image":{"@id":"https:\/\/www.domkraftpro.com\/index.php\/produkt\/akce-mereo-sprchovy-set-s-dvoucestnou-podomitkovou-baterii-cb650sv2-59324\/#primaryimage"},"thumbnailUrl":"https:\/\/www.domkraftpro.com\/wp-content\/uploads\/2026\/SK0007237-CZ20260425-093136-0-1777080698-30210_1673947ac01738-cb650sv2-a-jpg-2023-12-11-12-38-48.webp","datePublished":"2026-04-27T04:43:05+00:00","breadcrumb":{"@id":"https:\/\/www.domkraftpro.com\/index.php\/produkt\/akce-mereo-sprchovy-set-s-dvoucestnou-podomitkovou-baterii-cb650sv2-59324\/#breadcrumb"},"inLanguage":"cs","potentialAction":[{"@type":"ReadAction","target":["https:\/\/www.domkraftpro.com\/index.php\/produkt\/akce-mereo-sprchovy-set-s-dvoucestnou-podomitkovou-baterii-cb650sv2-59324\/"]}]},{"@type":"ImageObject","inLanguage":"cs","@id":"https:\/\/www.domkraftpro.com\/index.php\/produkt\/akce-mereo-sprchovy-set-s-dvoucestnou-podomitkovou-baterii-cb650sv2-59324\/#primaryimage","url":"https:\/\/www.domkraftpro.com\/wp-content\/uploads\/2026\/SK0007237-CZ20260425-093136-0-1777080698-30210_1673947ac01738-cb650sv2-a-jpg-2023-12-11-12-38-48.webp","contentUrl":"https:\/\/www.domkraftpro.com\/wp-content\/uploads\/2026\/SK0007237-CZ20260425-093136-0-1777080698-30210_1673947ac01738-cb650sv2-a-jpg-2023-12-11-12-38-48.webp","width":1000,"height":750},{"@type":"BreadcrumbList","@id":"https:\/\/www.domkraftpro.com\/index.php\/produkt\/akce-mereo-sprchovy-set-s-dvoucestnou-podomitkovou-baterii-cb650sv2-59324\/#breadcrumb","itemListElement":[{"@type":"ListItem","position":1,"name":"Home","item":"https:\/\/www.domkraftpro.com\/"},{"@type":"ListItem","position":2,"name":"Products","item":"https:\/\/www.domkraftpro.com\/index.php\/products\/"},{"@type":"ListItem","position":3,"name":"Akce Mereo Sprchov\u00fd set s dvoucestnou podom\u00edtkovou bater\u00ed\u00ed CB650SV2"}]},{"@type":"WebSite","@id":"https:\/\/www.domkraftpro.com\/#website","url":"https:\/\/www.domkraftpro.com\/","name":"","description":"","potentialAction":[{"@type":"SearchAction","target":{"@type":"EntryPoint","urlTemplate":"https:\/\/www.domkraftpro.com\/?s={search_term_string}"},"query-input":{"@type":"PropertyValueSpecification","valueRequired":true,"valueName":"search_term_string"}}],"inLanguage":"cs"}]}},"_links":{"self":[{"href":"https:\/\/www.domkraftpro.com\/index.php\/wp-json\/wp\/v2\/product\/59324","targetHints":{"allow":["GET"]}}],"collection":[{"href":"https:\/\/www.domkraftpro.com\/index.php\/wp-json\/wp\/v2\/product"}],"about":[{"href":"https:\/\/www.domkraftpro.com\/index.php\/wp-json\/wp\/v2\/types\/product"}],"replies":[{"embeddable":true,"href":"https:\/\/www.domkraftpro.com\/index.php\/wp-json\/wp\/v2\/comments?post=59324"}],"wp:featuredmedia":[{"embeddable":true,"href":"https:\/\/www.domkraftpro.com\/index.php\/wp-json\/wp\/v2\/media\/59424"}],"wp:attachment":[{"href":"https:\/\/www.domkraftpro.com\/index.php\/wp-json\/wp\/v2\/media?parent=59324"}],"wp:term":[{"taxonomy":"product_brand","embeddable":true,"href":"https:\/\/www.domkraftpro.com\/index.php\/wp-json\/wp\/v2\/product_brand?post=59324"},{"taxonomy":"product_cat","embeddable":true,"href":"https:\/\/www.domkraftpro.com\/index.php\/wp-json\/wp\/v2\/product_cat?post=59324"},{"taxonomy":"product_tag","embeddable":true,"href":"https:\/\/www.domkraftpro.com\/index.php\/wp-json\/wp\/v2\/product_tag?post=59324"}],"curies":[{"name":"wp","href":"https:\/\/api.w.org\/{rel}","templated":true}]}}