{"id":5913,"date":"2026-04-27T04:40:36","date_gmt":"2026-04-27T04:40:36","guid":{"rendered":""},"modified":"2026-04-27T04:40:36","modified_gmt":"2026-04-27T04:40:36","slug":"covestro-h-8-mm-4000-mm-cira-jen-po-omezenou-doba-5913","status":"publish","type":"product","link":"https:\/\/www.domkraftpro.com\/index.php\/produkt\/covestro-h-8-mm-4000-mm-cira-jen-po-omezenou-doba-5913\/","title":{"rendered":"Covestro H 8 mm 4000 mm \u010dir\u00e1 Jen Po Omezenou Doba"},"content":{"rendered":"<div class=\"detail-description__right\">\n<div class=\"parameters\">\n<div class=\"table table--simple\">\n<table>\n<tbody>\n<tr>\n<td colspan=\"2\">\n<h4>Vlastnosti<\/h4>\n<\/td>\n<\/tr>\n<tr>\n<td>Materi\u00e1l<\/td>\n<td>polykarbon\u00e1t<\/td>\n<\/tr>\n<tr>\n<td>Povrchov\u00e1 \u00faprava<\/td>\n<td>&#8211;<\/td>\n<\/tr>\n<tr data-perex=\"1\">\n<td>D\u00e9lka<\/td>\n<td>2000\u00a0\u2013 6000\u00a0mm<\/td>\n<\/tr>\n<tr>\n<td>Barva<\/td>\n<td>\u010dir\u00e1, hn\u011bd\u00e1<\/td>\n<\/tr>\n<tr>\n<td>UV ochrana<\/td>\n<td>ano<\/td>\n<\/tr>\n<tr>\n<td colspan=\"2\">\n<h4>Parametry<\/h4>\n<\/td>\n<\/tr>\n<tr>\n<td>P\u016fvod<\/td>\n<td>Vyrobeno v\u00a0DE<\/td>\n<\/tr>\n<tr>\n<td>Z\u00e1ruka<\/td>\n<td>2 roky<\/td>\n<\/tr>\n<tr>\n<td>Zna\u010dka<\/td>\n<td>Covestro<\/td>\n<\/tr>\n<\/tbody>\n<\/table><\/div>\n<\/div><\/div>\n<div class=\"detail-description__top\">\t\t\t\t<\/div>\n<div class=\"detail-description__left\">\n<div class=\"detail-description__left__overflow\">\n<div class=\"detail-description__left__head\">\t\t\t\t\t\tPopis:\t\t\t\t\t<\/div>\n<div class=\"ul-style ul-style--check\">\n<p>Polykarbon\u00e1tov\u00fd profil H\u00a0se pou\u017e\u00edv\u00e1 pro pod\u00e9ln\u00e9 spojen\u00ed dvou desek tlou\u0161\u0165ky\u00a08 mm. P\u0159\u00ed\u010dn\u00e9 napojov\u00e1n\u00ed s\u00a0ohledem na mo\u017enou net\u011bsnost nedoporu\u010dujeme p\u0159edev\u0161\u00edm tehdy, kdy\u017e spoj desek nevych\u00e1z\u00ed nad nosn\u00edkem.<\/p>\n<\/div>\n<div class=\"detail-description__left__more\">\t\t\t\t\t\t<span> <\/span><span> <\/span>\t\t\t\t\t<\/div>\n<\/p><\/div>\n<\/p><\/div>\n<div class=\"detail-description__more\"><span> <\/span><span> <\/span><\/div>\n<\/p><\/div>\n<\/p><\/div>\n","protected":false},"excerpt":{"rendered":"<p>Vlastnosti Materi\u00e1l polykarbon\u00e1t Povrchov\u00e1 \u00faprava &#8211; D\u00e9lka 2000\u00a0\u2013 6000\u00a0mm Barva \u010dir\u00e1, hn\u011bd\u00e1 UV ochrana ano Parametry P\u016fvod Vyrobeno v\u00a0DE Z\u00e1ruka 2 roky Zna\u010dka Covestro Popis: Polykarbon\u00e1tov\u00fd profil H\u00a0se pou\u017e\u00edv\u00e1 pro pod\u00e9ln\u00e9 spojen\u00ed dvou desek tlou\u0161\u0165ky\u00a08 mm. P\u0159\u00ed\u010dn\u00e9 napojov\u00e1n\u00ed s\u00a0ohledem na mo\u017enou net\u011bsnost nedoporu\u010dujeme p\u0159edev\u0161\u00edm tehdy, kdy\u017e spoj desek nevych\u00e1z\u00ed nad nosn\u00edkem.<\/p>\n","protected":false},"featured_media":6013,"comment_status":"open","ping_status":"open","template":"","meta":[],"product_brand":[],"product_cat":[51],"product_tag":[],"class_list":{"0":"post-5913","1":"product","2":"type-product","3":"status-publish","4":"has-post-thumbnail","6":"product_cat-plasty","8":"first","9":"instock","10":"sale","11":"shipping-taxable","12":"purchasable","13":"product-type-simple"},"yoast_head":"<!-- This site is optimized with the Yoast SEO plugin v26.8 - https:\/\/yoast.com\/product\/yoast-seo-wordpress\/ -->\n<title>Covestro H 8 mm 4000 mm \u010dir\u00e1 Jen Po Omezenou Doba -<\/title>\n<meta name=\"robots\" content=\"index, follow, max-snippet:-1, max-image-preview:large, max-video-preview:-1\" \/>\n<link rel=\"canonical\" href=\"https:\/\/www.domkraftpro.com\/index.php\/produkt\/covestro-h-8-mm-4000-mm-cira-jen-po-omezenou-doba-5913\/\" \/>\n<meta property=\"og:locale\" content=\"cs_CZ\" \/>\n<meta property=\"og:type\" content=\"article\" \/>\n<meta property=\"og:title\" content=\"Covestro H 8 mm 4000 mm \u010dir\u00e1 Jen Po Omezenou Doba -\" \/>\n<meta property=\"og:description\" content=\"Vlastnosti Materi\u00e1l polykarbon\u00e1t Povrchov\u00e1 \u00faprava &#8211; D\u00e9lka 2000\u00a0\u2013 6000\u00a0mm Barva \u010dir\u00e1, hn\u011bd\u00e1 UV ochrana ano Parametry P\u016fvod Vyrobeno v\u00a0DE Z\u00e1ruka 2 roky Zna\u010dka Covestro Popis: Polykarbon\u00e1tov\u00fd profil H\u00a0se pou\u017e\u00edv\u00e1 pro pod\u00e9ln\u00e9 spojen\u00ed dvou desek tlou\u0161\u0165ky\u00a08 mm. P\u0159\u00ed\u010dn\u00e9 napojov\u00e1n\u00ed s\u00a0ohledem na mo\u017enou net\u011bsnost nedoporu\u010dujeme p\u0159edev\u0161\u00edm tehdy, kdy\u017e spoj desek nevych\u00e1z\u00ed nad nosn\u00edkem.\" \/>\n<meta property=\"og:url\" content=\"https:\/\/www.domkraftpro.com\/index.php\/produkt\/covestro-h-8-mm-4000-mm-cira-jen-po-omezenou-doba-5913\/\" \/>\n<meta property=\"og:image\" content=\"https:\/\/www.domkraftpro.com\/wp-content\/uploads\/2026\/SK0009671-CZ20260425-091936-0-1777079982-spojovaci-lista-covestro-h-8-mm-4000-mm-cira-w1200-h628-f8-.webp\" \/>\n\t<meta property=\"og:image:width\" content=\"1000\" \/>\n\t<meta property=\"og:image:height\" content=\"523\" \/>\n\t<meta property=\"og:image:type\" content=\"image\/webp\" \/>\n<meta name=\"twitter:card\" content=\"summary_large_image\" \/>\n<script type=\"application\/ld+json\" class=\"yoast-schema-graph\">{\"@context\":\"https:\/\/schema.org\",\"@graph\":[{\"@type\":\"WebPage\",\"@id\":\"https:\/\/www.domkraftpro.com\/index.php\/produkt\/covestro-h-8-mm-4000-mm-cira-jen-po-omezenou-doba-5913\/\",\"url\":\"https:\/\/www.domkraftpro.com\/index.php\/produkt\/covestro-h-8-mm-4000-mm-cira-jen-po-omezenou-doba-5913\/\",\"name\":\"Covestro H 8 mm 4000 mm \u010dir\u00e1 Jen Po Omezenou Doba -\",\"isPartOf\":{\"@id\":\"https:\/\/www.domkraftpro.com\/#website\"},\"primaryImageOfPage\":{\"@id\":\"https:\/\/www.domkraftpro.com\/index.php\/produkt\/covestro-h-8-mm-4000-mm-cira-jen-po-omezenou-doba-5913\/#primaryimage\"},\"image\":{\"@id\":\"https:\/\/www.domkraftpro.com\/index.php\/produkt\/covestro-h-8-mm-4000-mm-cira-jen-po-omezenou-doba-5913\/#primaryimage\"},\"thumbnailUrl\":\"https:\/\/www.domkraftpro.com\/wp-content\/uploads\/2026\/SK0009671-CZ20260425-091936-0-1777079982-spojovaci-lista-covestro-h-8-mm-4000-mm-cira-w1200-h628-f8-.webp\",\"datePublished\":\"2026-04-27T04:40:36+00:00\",\"breadcrumb\":{\"@id\":\"https:\/\/www.domkraftpro.com\/index.php\/produkt\/covestro-h-8-mm-4000-mm-cira-jen-po-omezenou-doba-5913\/#breadcrumb\"},\"inLanguage\":\"cs\",\"potentialAction\":[{\"@type\":\"ReadAction\",\"target\":[\"https:\/\/www.domkraftpro.com\/index.php\/produkt\/covestro-h-8-mm-4000-mm-cira-jen-po-omezenou-doba-5913\/\"]}]},{\"@type\":\"ImageObject\",\"inLanguage\":\"cs\",\"@id\":\"https:\/\/www.domkraftpro.com\/index.php\/produkt\/covestro-h-8-mm-4000-mm-cira-jen-po-omezenou-doba-5913\/#primaryimage\",\"url\":\"https:\/\/www.domkraftpro.com\/wp-content\/uploads\/2026\/SK0009671-CZ20260425-091936-0-1777079982-spojovaci-lista-covestro-h-8-mm-4000-mm-cira-w1200-h628-f8-.webp\",\"contentUrl\":\"https:\/\/www.domkraftpro.com\/wp-content\/uploads\/2026\/SK0009671-CZ20260425-091936-0-1777079982-spojovaci-lista-covestro-h-8-mm-4000-mm-cira-w1200-h628-f8-.webp\",\"width\":1000,\"height\":523},{\"@type\":\"BreadcrumbList\",\"@id\":\"https:\/\/www.domkraftpro.com\/index.php\/produkt\/covestro-h-8-mm-4000-mm-cira-jen-po-omezenou-doba-5913\/#breadcrumb\",\"itemListElement\":[{\"@type\":\"ListItem\",\"position\":1,\"name\":\"Home\",\"item\":\"https:\/\/www.domkraftpro.com\/\"},{\"@type\":\"ListItem\",\"position\":2,\"name\":\"Products\",\"item\":\"https:\/\/www.domkraftpro.com\/index.php\/products\/\"},{\"@type\":\"ListItem\",\"position\":3,\"name\":\"Covestro H 8 mm 4000 mm \u010dir\u00e1 Jen Po Omezenou Doba\"}]},{\"@type\":\"WebSite\",\"@id\":\"https:\/\/www.domkraftpro.com\/#website\",\"url\":\"https:\/\/www.domkraftpro.com\/\",\"name\":\"\",\"description\":\"\",\"potentialAction\":[{\"@type\":\"SearchAction\",\"target\":{\"@type\":\"EntryPoint\",\"urlTemplate\":\"https:\/\/www.domkraftpro.com\/?s={search_term_string}\"},\"query-input\":{\"@type\":\"PropertyValueSpecification\",\"valueRequired\":true,\"valueName\":\"search_term_string\"}}],\"inLanguage\":\"cs\"}]}<\/script>\n<!-- \/ Yoast SEO plugin. -->","yoast_head_json":{"title":"Covestro H 8 mm 4000 mm \u010dir\u00e1 Jen Po Omezenou Doba -","robots":{"index":"index","follow":"follow","max-snippet":"max-snippet:-1","max-image-preview":"max-image-preview:large","max-video-preview":"max-video-preview:-1"},"canonical":"https:\/\/www.domkraftpro.com\/index.php\/produkt\/covestro-h-8-mm-4000-mm-cira-jen-po-omezenou-doba-5913\/","og_locale":"cs_CZ","og_type":"article","og_title":"Covestro H 8 mm 4000 mm \u010dir\u00e1 Jen Po Omezenou Doba -","og_description":"Vlastnosti Materi\u00e1l polykarbon\u00e1t Povrchov\u00e1 \u00faprava &#8211; D\u00e9lka 2000\u00a0\u2013 6000\u00a0mm Barva \u010dir\u00e1, hn\u011bd\u00e1 UV ochrana ano Parametry P\u016fvod Vyrobeno v\u00a0DE Z\u00e1ruka 2 roky Zna\u010dka Covestro Popis: Polykarbon\u00e1tov\u00fd profil H\u00a0se pou\u017e\u00edv\u00e1 pro pod\u00e9ln\u00e9 spojen\u00ed dvou desek tlou\u0161\u0165ky\u00a08 mm. P\u0159\u00ed\u010dn\u00e9 napojov\u00e1n\u00ed s\u00a0ohledem na mo\u017enou net\u011bsnost nedoporu\u010dujeme p\u0159edev\u0161\u00edm tehdy, kdy\u017e spoj desek nevych\u00e1z\u00ed nad nosn\u00edkem.","og_url":"https:\/\/www.domkraftpro.com\/index.php\/produkt\/covestro-h-8-mm-4000-mm-cira-jen-po-omezenou-doba-5913\/","og_image":[{"width":1000,"height":523,"url":"https:\/\/www.domkraftpro.com\/wp-content\/uploads\/2026\/SK0009671-CZ20260425-091936-0-1777079982-spojovaci-lista-covestro-h-8-mm-4000-mm-cira-w1200-h628-f8-.webp","type":"image\/webp"}],"twitter_card":"summary_large_image","schema":{"@context":"https:\/\/schema.org","@graph":[{"@type":"WebPage","@id":"https:\/\/www.domkraftpro.com\/index.php\/produkt\/covestro-h-8-mm-4000-mm-cira-jen-po-omezenou-doba-5913\/","url":"https:\/\/www.domkraftpro.com\/index.php\/produkt\/covestro-h-8-mm-4000-mm-cira-jen-po-omezenou-doba-5913\/","name":"Covestro H 8 mm 4000 mm \u010dir\u00e1 Jen Po Omezenou Doba -","isPartOf":{"@id":"https:\/\/www.domkraftpro.com\/#website"},"primaryImageOfPage":{"@id":"https:\/\/www.domkraftpro.com\/index.php\/produkt\/covestro-h-8-mm-4000-mm-cira-jen-po-omezenou-doba-5913\/#primaryimage"},"image":{"@id":"https:\/\/www.domkraftpro.com\/index.php\/produkt\/covestro-h-8-mm-4000-mm-cira-jen-po-omezenou-doba-5913\/#primaryimage"},"thumbnailUrl":"https:\/\/www.domkraftpro.com\/wp-content\/uploads\/2026\/SK0009671-CZ20260425-091936-0-1777079982-spojovaci-lista-covestro-h-8-mm-4000-mm-cira-w1200-h628-f8-.webp","datePublished":"2026-04-27T04:40:36+00:00","breadcrumb":{"@id":"https:\/\/www.domkraftpro.com\/index.php\/produkt\/covestro-h-8-mm-4000-mm-cira-jen-po-omezenou-doba-5913\/#breadcrumb"},"inLanguage":"cs","potentialAction":[{"@type":"ReadAction","target":["https:\/\/www.domkraftpro.com\/index.php\/produkt\/covestro-h-8-mm-4000-mm-cira-jen-po-omezenou-doba-5913\/"]}]},{"@type":"ImageObject","inLanguage":"cs","@id":"https:\/\/www.domkraftpro.com\/index.php\/produkt\/covestro-h-8-mm-4000-mm-cira-jen-po-omezenou-doba-5913\/#primaryimage","url":"https:\/\/www.domkraftpro.com\/wp-content\/uploads\/2026\/SK0009671-CZ20260425-091936-0-1777079982-spojovaci-lista-covestro-h-8-mm-4000-mm-cira-w1200-h628-f8-.webp","contentUrl":"https:\/\/www.domkraftpro.com\/wp-content\/uploads\/2026\/SK0009671-CZ20260425-091936-0-1777079982-spojovaci-lista-covestro-h-8-mm-4000-mm-cira-w1200-h628-f8-.webp","width":1000,"height":523},{"@type":"BreadcrumbList","@id":"https:\/\/www.domkraftpro.com\/index.php\/produkt\/covestro-h-8-mm-4000-mm-cira-jen-po-omezenou-doba-5913\/#breadcrumb","itemListElement":[{"@type":"ListItem","position":1,"name":"Home","item":"https:\/\/www.domkraftpro.com\/"},{"@type":"ListItem","position":2,"name":"Products","item":"https:\/\/www.domkraftpro.com\/index.php\/products\/"},{"@type":"ListItem","position":3,"name":"Covestro H 8 mm 4000 mm \u010dir\u00e1 Jen Po Omezenou Doba"}]},{"@type":"WebSite","@id":"https:\/\/www.domkraftpro.com\/#website","url":"https:\/\/www.domkraftpro.com\/","name":"","description":"","potentialAction":[{"@type":"SearchAction","target":{"@type":"EntryPoint","urlTemplate":"https:\/\/www.domkraftpro.com\/?s={search_term_string}"},"query-input":{"@type":"PropertyValueSpecification","valueRequired":true,"valueName":"search_term_string"}}],"inLanguage":"cs"}]}},"_links":{"self":[{"href":"https:\/\/www.domkraftpro.com\/index.php\/wp-json\/wp\/v2\/product\/5913","targetHints":{"allow":["GET"]}}],"collection":[{"href":"https:\/\/www.domkraftpro.com\/index.php\/wp-json\/wp\/v2\/product"}],"about":[{"href":"https:\/\/www.domkraftpro.com\/index.php\/wp-json\/wp\/v2\/types\/product"}],"replies":[{"embeddable":true,"href":"https:\/\/www.domkraftpro.com\/index.php\/wp-json\/wp\/v2\/comments?post=5913"}],"wp:featuredmedia":[{"embeddable":true,"href":"https:\/\/www.domkraftpro.com\/index.php\/wp-json\/wp\/v2\/media\/6013"}],"wp:attachment":[{"href":"https:\/\/www.domkraftpro.com\/index.php\/wp-json\/wp\/v2\/media?parent=5913"}],"wp:term":[{"taxonomy":"product_brand","embeddable":true,"href":"https:\/\/www.domkraftpro.com\/index.php\/wp-json\/wp\/v2\/product_brand?post=5913"},{"taxonomy":"product_cat","embeddable":true,"href":"https:\/\/www.domkraftpro.com\/index.php\/wp-json\/wp\/v2\/product_cat?post=5913"},{"taxonomy":"product_tag","embeddable":true,"href":"https:\/\/www.domkraftpro.com\/index.php\/wp-json\/wp\/v2\/product_tag?post=5913"}],"curies":[{"name":"wp","href":"https:\/\/api.w.org\/{rel}","templated":true}]}}