{"id":58945,"date":"2026-04-27T04:43:04","date_gmt":"2026-04-27T04:43:04","guid":{"rendered":""},"modified":"2026-04-27T04:43:04","modified_gmt":"2026-04-27T04:43:04","slug":"akce-sapho-riwa-otevrena-police-20x70x15-cm-leva-prava-bila-lesk-riw250-0030-58945","status":"publish","type":"product","link":"https:\/\/www.domkraftpro.com\/produkt\/akce-sapho-riwa-otevrena-police-20x70x15-cm-leva-prava-bila-lesk-riw250-0030-58945\/","title":{"rendered":"Akce Sapho RIWA otev\u0159en\u00e1 police 20x70x15 cm, lev\u00e1\/prav\u00e1, b\u00edl\u00e1 lesk RIW250-0030"},"content":{"rendered":"<h3>Dopl\u0148kov\u00e9 parametry<\/h3>\n<table class=\"detail-parameters\">\n<tbody>\n<tr>\n<th>        <span class=\"row-header-label\">            Kategorie<span class=\"row-header-label-colon\">:<\/span>        <\/span>    <\/th>\n<td>        Horn\u00ed sk\u0159\u00ed\u0148ky    <\/td>\n<\/tr>\n<tr>\n<th>            <span class=\"row-header-label\">                Hmotnost<span class=\"row-header-label-colon\">:<\/span>            <\/span>        <\/th>\n<td>            5.5 kg        <\/td>\n<\/tr>\n<tr class=\"productEan\">\n<th>          <span class=\"row-header-label productEan__label\">              EAN<span class=\"row-header-label-colon\">:<\/span>          <\/span>      <\/th>\n<td>          <span class=\"productEan__value\">8590913870675<\/span>      <\/td>\n<\/tr>\n<tr>\n<th>                <span class=\"row-header-label\">                                            3D model<span class=\"row-header-label-colon\">:<\/span>                                    <\/span>            <\/th>\n<td>                                                            ANO                                                <\/td>\n<\/tr>\n<tr>\n<th>                <span class=\"row-header-label\">                                            Balen\u00ed<span class=\"row-header-label-colon\">:<\/span>                                    <\/span>            <\/th>\n<td>                                                            1 ks                                                <\/td>\n<\/tr>\n<tr>\n<th>                <span class=\"row-header-label\">                                            Barva<span class=\"row-header-label-colon\">:<\/span>                                    <\/span>            <\/th>\n<td>                                                            B\u00edl\u00e1                                                <\/td>\n<\/tr>\n<tr>\n<th>                <span class=\"row-header-label\">                                            Hloubka<span class=\"row-header-label-colon\">:<\/span>                                    <\/span>            <\/th>\n<td>                                                            150 mm                                                <\/td>\n<\/tr>\n<tr>\n<th>                <span class=\"row-header-label\">                                            Hmotnost<span class=\"row-header-label-colon\">:<\/span>                                    <\/span>            <\/th>\n<td>                                                            5.5 kg                                                <\/td>\n<\/tr>\n<tr>\n<th>                <span class=\"row-header-label\">                                            Jin\u00e9 barevn\u00e9 proveden\u00ed<span class=\"row-header-label-colon\">:<\/span>                                    <\/span>            <\/th>\n<td>                                                            Dle vzorn\u00edku                                                <\/td>\n<\/tr>\n<tr>\n<th>                <span class=\"row-header-label\">                                            Materi\u00e1l<span class=\"row-header-label-colon\">:<\/span>                                    <\/span>            <\/th>\n<td>                                                            MDF\/lamino                                                <\/td>\n<\/tr>\n<tr>\n<th>                <span class=\"row-header-label\">                                            Rozm\u011br<span class=\"row-header-label-colon\">:<\/span>                                    <\/span>            <\/th>\n<td>                                                            20x70x15 cm                                                <\/td>\n<\/tr>\n<tr>\n<th>                <span class=\"row-header-label\">                                            S\u00e9rie<span class=\"row-header-label-colon\">:<\/span>                                    <\/span>            <\/th>\n<td>                                                            RIWA GALERKY                                                <\/td>\n<\/tr>\n<tr>\n<th>                <span class=\"row-header-label\">                                            \u0160\u00ed\u0159ka<span class=\"row-header-label-colon\">:<\/span>                                    <\/span>            <\/th>\n<td>                                                            200 mm                                                <\/td>\n<\/tr>\n<tr>\n<th>                <span class=\"row-header-label\">                                            Typ sk\u0159\u00ed\u0148ky<span class=\"row-header-label-colon\">:<\/span>                                    <\/span>            <\/th>\n<td>                                                            Otev\u0159en\u00e1                                                <\/td>\n<\/tr>\n<tr>\n<th>                <span class=\"row-header-label\">                                            V\u00fd\u0161ka<span class=\"row-header-label-colon\">:<\/span>                                    <\/span>            <\/th>\n<td>                                                            700 mm                                                <\/td>\n<\/tr>\n<tr>\n<th>                <span class=\"row-header-label\">                                            Z\u00e1ru\u010dn\u00ed doba<span class=\"row-header-label-colon\">:<\/span>                                    <\/span>            <\/th>\n<td>                                                            2 roky                                                <\/td>\n<\/tr>\n<tr>\n<th>                <span class=\"row-header-label\">                                            Instalace<span class=\"row-header-label-colon\">:<\/span>                                    <\/span>            <\/th>\n<td>                                                            Z\u00e1v\u011bsn\u00e9 na st\u011bnu                                                <\/td>\n<\/tr>\n<tr>\n<th>                <span class=\"row-header-label\">                                            Balen\u00ed &#8211; hmotnost<span class=\"row-header-label-colon\">:<\/span>                                    <\/span>            <\/th>\n<td>                                                            5.500 kg                                                <\/td>\n<\/tr>\n<tr>\n<th>                <span class=\"row-header-label\">                                            Balen\u00ed &#8211; \u0161\u00ed\u0159ka<span class=\"row-header-label-colon\">:<\/span>                                    <\/span>            <\/th>\n<td>                                                            230 mm                                                <\/td>\n<\/tr>\n<tr>\n<th>                <span class=\"row-header-label\">                                            Balen\u00ed &#8211; tlou\u0161\u0165ka<span class=\"row-header-label-colon\">:<\/span>                                    <\/span>            <\/th>\n<td>                                                            180 mm                                                <\/td>\n<\/tr>\n<tr>\n<th>                <span class=\"row-header-label\">                                            Balen\u00ed &#8211; v\u00fd\u0161ka<span class=\"row-header-label-colon\">:<\/span>                                    <\/span>            <\/th>\n<td>                                                            725 mm                                                <\/td>\n<\/tr>\n<\/tbody>\n<\/table><\/div>\n<\/p><\/div>\n<\/p><\/div>\n","protected":false},"excerpt":{"rendered":"<p>Dopl\u0148kov\u00e9 parametry Kategorie: Horn\u00ed sk\u0159\u00ed\u0148ky Hmotnost: 5.5 kg EAN: 8590913870675 3D model: ANO Balen\u00ed: 1 ks Barva: B\u00edl\u00e1 Hloubka: 150 mm Hmotnost: 5.5 kg Jin\u00e9 barevn\u00e9 proveden\u00ed: Dle vzorn\u00edku Materi\u00e1l: MDF\/lamino Rozm\u011br: 20x70x15 cm S\u00e9rie: RIWA GALERKY \u0160\u00ed\u0159ka: 200 mm Typ sk\u0159\u00ed\u0148ky: Otev\u0159en\u00e1 V\u00fd\u0161ka: 700 mm Z\u00e1ru\u010dn\u00ed doba: 2 roky Instalace: Z\u00e1v\u011bsn\u00e9 na st\u011bnu Balen\u00ed [&hellip;]<\/p>\n","protected":false},"featured_media":59045,"template":"","meta":[],"product_brand":[],"product_cat":[90],"product_tag":[],"class_list":{"0":"post-58945","1":"product","2":"type-product","3":"status-publish","4":"has-post-thumbnail","6":"product_cat-koupelny","8":"first","9":"instock","10":"sale","11":"shipping-taxable","12":"purchasable","13":"product-type-simple"},"yoast_head":"<!-- This site is optimized with the Yoast SEO plugin v26.8 - https:\/\/yoast.com\/product\/yoast-seo-wordpress\/ -->\n<title>Akce Sapho RIWA otev\u0159en\u00e1 police 20x70x15 cm, lev\u00e1\/prav\u00e1, b\u00edl\u00e1 lesk RIW250-0030 - Koupelna &amp; N\u00e1\u0159ad\u00ed &amp; Osv\u011btlen\u00ed a Stavebn\u00ed pot\u0159by<\/title>\n<meta name=\"robots\" content=\"index, follow, max-snippet:-1, max-image-preview:large, max-video-preview:-1\" \/>\n<link rel=\"canonical\" href=\"https:\/\/www.domkraftpro.com\/index.php\/produkt\/akce-sapho-riwa-otevrena-police-20x70x15-cm-leva-prava-bila-lesk-riw250-0030-58945\/\" \/>\n<meta property=\"og:locale\" content=\"cs_CZ\" \/>\n<meta property=\"og:type\" content=\"article\" \/>\n<meta property=\"og:title\" content=\"Akce Sapho RIWA otev\u0159en\u00e1 police 20x70x15 cm, lev\u00e1\/prav\u00e1, b\u00edl\u00e1 lesk RIW250-0030 - Koupelna &amp; N\u00e1\u0159ad\u00ed &amp; Osv\u011btlen\u00ed a Stavebn\u00ed pot\u0159by\" \/>\n<meta property=\"og:description\" content=\"Dopl\u0148kov\u00e9 parametry Kategorie: Horn\u00ed sk\u0159\u00ed\u0148ky Hmotnost: 5.5 kg EAN: 8590913870675 3D model: ANO Balen\u00ed: 1 ks Barva: B\u00edl\u00e1 Hloubka: 150 mm Hmotnost: 5.5 kg Jin\u00e9 barevn\u00e9 proveden\u00ed: Dle vzorn\u00edku Materi\u00e1l: MDF\/lamino Rozm\u011br: 20x70x15 cm S\u00e9rie: RIWA GALERKY \u0160\u00ed\u0159ka: 200 mm Typ sk\u0159\u00ed\u0148ky: Otev\u0159en\u00e1 V\u00fd\u0161ka: 700 mm Z\u00e1ru\u010dn\u00ed doba: 2 roky Instalace: Z\u00e1v\u011bsn\u00e9 na st\u011bnu Balen\u00ed [&hellip;]\" \/>\n<meta property=\"og:url\" content=\"https:\/\/www.domkraftpro.com\/index.php\/produkt\/akce-sapho-riwa-otevrena-police-20x70x15-cm-leva-prava-bila-lesk-riw250-0030-58945\/\" \/>\n<meta property=\"og:site_name\" content=\"Koupelna &amp; N\u00e1\u0159ad\u00ed &amp; Osv\u011btlen\u00ed a Stavebn\u00ed pot\u0159by\" \/>\n<meta property=\"og:image\" content=\"https:\/\/www.domkraftpro.com\/wp-content\/uploads\/2026\/SK0007055-CZ20260425-093136-0-1777080698-30876_riw250-0030-153785599000579.webp\" \/>\n\t<meta property=\"og:image:width\" content=\"1000\" \/>\n\t<meta property=\"og:image:height\" content=\"750\" \/>\n\t<meta property=\"og:image:type\" content=\"image\/webp\" \/>\n<meta name=\"twitter:card\" content=\"summary_large_image\" \/>\n<script type=\"application\/ld+json\" class=\"yoast-schema-graph\">{\"@context\":\"https:\/\/schema.org\",\"@graph\":[{\"@type\":\"WebPage\",\"@id\":\"https:\/\/www.domkraftpro.com\/index.php\/produkt\/akce-sapho-riwa-otevrena-police-20x70x15-cm-leva-prava-bila-lesk-riw250-0030-58945\/\",\"url\":\"https:\/\/www.domkraftpro.com\/index.php\/produkt\/akce-sapho-riwa-otevrena-police-20x70x15-cm-leva-prava-bila-lesk-riw250-0030-58945\/\",\"name\":\"Akce Sapho RIWA otev\u0159en\u00e1 police 20x70x15 cm, lev\u00e1\/prav\u00e1, b\u00edl\u00e1 lesk RIW250-0030 - Koupelna &amp; N\u00e1\u0159ad\u00ed &amp; Osv\u011btlen\u00ed a Stavebn\u00ed pot\u0159by\",\"isPartOf\":{\"@id\":\"https:\/\/www.domkraftpro.com\/#website\"},\"primaryImageOfPage\":{\"@id\":\"https:\/\/www.domkraftpro.com\/index.php\/produkt\/akce-sapho-riwa-otevrena-police-20x70x15-cm-leva-prava-bila-lesk-riw250-0030-58945\/#primaryimage\"},\"image\":{\"@id\":\"https:\/\/www.domkraftpro.com\/index.php\/produkt\/akce-sapho-riwa-otevrena-police-20x70x15-cm-leva-prava-bila-lesk-riw250-0030-58945\/#primaryimage\"},\"thumbnailUrl\":\"https:\/\/www.domkraftpro.com\/wp-content\/uploads\/2026\/SK0007055-CZ20260425-093136-0-1777080698-30876_riw250-0030-153785599000579.webp\",\"datePublished\":\"2026-04-27T04:43:04+00:00\",\"breadcrumb\":{\"@id\":\"https:\/\/www.domkraftpro.com\/index.php\/produkt\/akce-sapho-riwa-otevrena-police-20x70x15-cm-leva-prava-bila-lesk-riw250-0030-58945\/#breadcrumb\"},\"inLanguage\":\"cs\",\"potentialAction\":[{\"@type\":\"ReadAction\",\"target\":[\"https:\/\/www.domkraftpro.com\/index.php\/produkt\/akce-sapho-riwa-otevrena-police-20x70x15-cm-leva-prava-bila-lesk-riw250-0030-58945\/\"]}]},{\"@type\":\"ImageObject\",\"inLanguage\":\"cs\",\"@id\":\"https:\/\/www.domkraftpro.com\/index.php\/produkt\/akce-sapho-riwa-otevrena-police-20x70x15-cm-leva-prava-bila-lesk-riw250-0030-58945\/#primaryimage\",\"url\":\"https:\/\/www.domkraftpro.com\/wp-content\/uploads\/2026\/SK0007055-CZ20260425-093136-0-1777080698-30876_riw250-0030-153785599000579.webp\",\"contentUrl\":\"https:\/\/www.domkraftpro.com\/wp-content\/uploads\/2026\/SK0007055-CZ20260425-093136-0-1777080698-30876_riw250-0030-153785599000579.webp\",\"width\":1000,\"height\":750},{\"@type\":\"BreadcrumbList\",\"@id\":\"https:\/\/www.domkraftpro.com\/index.php\/produkt\/akce-sapho-riwa-otevrena-police-20x70x15-cm-leva-prava-bila-lesk-riw250-0030-58945\/#breadcrumb\",\"itemListElement\":[{\"@type\":\"ListItem\",\"position\":1,\"name\":\"Home\",\"item\":\"https:\/\/www.domkraftpro.com\/\"},{\"@type\":\"ListItem\",\"position\":2,\"name\":\"Products\",\"item\":\"https:\/\/www.domkraftpro.com\/products\/\"},{\"@type\":\"ListItem\",\"position\":3,\"name\":\"Akce Sapho RIWA otev\u0159en\u00e1 police 20x70x15 cm, lev\u00e1\/prav\u00e1, b\u00edl\u00e1 lesk RIW250-0030\"}]},{\"@type\":\"WebSite\",\"@id\":\"https:\/\/www.domkraftpro.com\/#website\",\"url\":\"https:\/\/www.domkraftpro.com\/\",\"name\":\"Koupelna &amp; N\u00e1\u0159ad\u00ed &amp; Osv\u011btlen\u00ed a Stavebn\u00ed pot\u0159by\",\"description\":\"Koupelna &amp; N\u00e1\u0159ad\u00ed &amp; Osv\u011btlen\u00ed a Stavebn\u00ed pot\u0159by\",\"publisher\":{\"@id\":\"https:\/\/www.domkraftpro.com\/#organization\"},\"potentialAction\":[{\"@type\":\"SearchAction\",\"target\":{\"@type\":\"EntryPoint\",\"urlTemplate\":\"https:\/\/www.domkraftpro.com\/?s={search_term_string}\"},\"query-input\":{\"@type\":\"PropertyValueSpecification\",\"valueRequired\":true,\"valueName\":\"search_term_string\"}}],\"inLanguage\":\"cs\"},{\"@type\":\"Organization\",\"@id\":\"https:\/\/www.domkraftpro.com\/#organization\",\"name\":\"Koupelna &amp; N\u00e1\u0159ad\u00ed &amp; Osv\u011btlen\u00ed a Stavebn\u00ed pot\u0159by\",\"url\":\"https:\/\/www.domkraftpro.com\/\",\"logo\":{\"@type\":\"ImageObject\",\"inLanguage\":\"cs\",\"@id\":\"https:\/\/www.domkraftpro.com\/#\/schema\/logo\/image\/\",\"url\":\"https:\/\/www.domkraftpro.com\/wp-content\/uploads\/2026\/04\/domkraftpro_logo.svg\",\"contentUrl\":\"https:\/\/www.domkraftpro.com\/wp-content\/uploads\/2026\/04\/domkraftpro_logo.svg\",\"width\":760,\"height\":180,\"caption\":\"Koupelna &amp; N\u00e1\u0159ad\u00ed &amp; Osv\u011btlen\u00ed a Stavebn\u00ed pot\u0159by\"},\"image\":{\"@id\":\"https:\/\/www.domkraftpro.com\/#\/schema\/logo\/image\/\"}}]}<\/script>\n<!-- \/ Yoast SEO plugin. -->","yoast_head_json":{"title":"Akce Sapho RIWA otev\u0159en\u00e1 police 20x70x15 cm, lev\u00e1\/prav\u00e1, b\u00edl\u00e1 lesk RIW250-0030 - Koupelna &amp; N\u00e1\u0159ad\u00ed &amp; Osv\u011btlen\u00ed a Stavebn\u00ed pot\u0159by","robots":{"index":"index","follow":"follow","max-snippet":"max-snippet:-1","max-image-preview":"max-image-preview:large","max-video-preview":"max-video-preview:-1"},"canonical":"https:\/\/www.domkraftpro.com\/index.php\/produkt\/akce-sapho-riwa-otevrena-police-20x70x15-cm-leva-prava-bila-lesk-riw250-0030-58945\/","og_locale":"cs_CZ","og_type":"article","og_title":"Akce Sapho RIWA otev\u0159en\u00e1 police 20x70x15 cm, lev\u00e1\/prav\u00e1, b\u00edl\u00e1 lesk RIW250-0030 - Koupelna &amp; N\u00e1\u0159ad\u00ed &amp; Osv\u011btlen\u00ed a Stavebn\u00ed pot\u0159by","og_description":"Dopl\u0148kov\u00e9 parametry Kategorie: Horn\u00ed sk\u0159\u00ed\u0148ky Hmotnost: 5.5 kg EAN: 8590913870675 3D model: ANO Balen\u00ed: 1 ks Barva: B\u00edl\u00e1 Hloubka: 150 mm Hmotnost: 5.5 kg Jin\u00e9 barevn\u00e9 proveden\u00ed: Dle vzorn\u00edku Materi\u00e1l: MDF\/lamino Rozm\u011br: 20x70x15 cm S\u00e9rie: RIWA GALERKY \u0160\u00ed\u0159ka: 200 mm Typ sk\u0159\u00ed\u0148ky: Otev\u0159en\u00e1 V\u00fd\u0161ka: 700 mm Z\u00e1ru\u010dn\u00ed doba: 2 roky Instalace: Z\u00e1v\u011bsn\u00e9 na st\u011bnu Balen\u00ed [&hellip;]","og_url":"https:\/\/www.domkraftpro.com\/index.php\/produkt\/akce-sapho-riwa-otevrena-police-20x70x15-cm-leva-prava-bila-lesk-riw250-0030-58945\/","og_site_name":"Koupelna &amp; N\u00e1\u0159ad\u00ed &amp; Osv\u011btlen\u00ed a Stavebn\u00ed pot\u0159by","og_image":[{"width":1000,"height":750,"url":"https:\/\/www.domkraftpro.com\/wp-content\/uploads\/2026\/SK0007055-CZ20260425-093136-0-1777080698-30876_riw250-0030-153785599000579.webp","type":"image\/webp"}],"twitter_card":"summary_large_image","schema":{"@context":"https:\/\/schema.org","@graph":[{"@type":"WebPage","@id":"https:\/\/www.domkraftpro.com\/index.php\/produkt\/akce-sapho-riwa-otevrena-police-20x70x15-cm-leva-prava-bila-lesk-riw250-0030-58945\/","url":"https:\/\/www.domkraftpro.com\/index.php\/produkt\/akce-sapho-riwa-otevrena-police-20x70x15-cm-leva-prava-bila-lesk-riw250-0030-58945\/","name":"Akce Sapho RIWA otev\u0159en\u00e1 police 20x70x15 cm, lev\u00e1\/prav\u00e1, b\u00edl\u00e1 lesk RIW250-0030 - Koupelna &amp; N\u00e1\u0159ad\u00ed &amp; Osv\u011btlen\u00ed a Stavebn\u00ed pot\u0159by","isPartOf":{"@id":"https:\/\/www.domkraftpro.com\/#website"},"primaryImageOfPage":{"@id":"https:\/\/www.domkraftpro.com\/index.php\/produkt\/akce-sapho-riwa-otevrena-police-20x70x15-cm-leva-prava-bila-lesk-riw250-0030-58945\/#primaryimage"},"image":{"@id":"https:\/\/www.domkraftpro.com\/index.php\/produkt\/akce-sapho-riwa-otevrena-police-20x70x15-cm-leva-prava-bila-lesk-riw250-0030-58945\/#primaryimage"},"thumbnailUrl":"https:\/\/www.domkraftpro.com\/wp-content\/uploads\/2026\/SK0007055-CZ20260425-093136-0-1777080698-30876_riw250-0030-153785599000579.webp","datePublished":"2026-04-27T04:43:04+00:00","breadcrumb":{"@id":"https:\/\/www.domkraftpro.com\/index.php\/produkt\/akce-sapho-riwa-otevrena-police-20x70x15-cm-leva-prava-bila-lesk-riw250-0030-58945\/#breadcrumb"},"inLanguage":"cs","potentialAction":[{"@type":"ReadAction","target":["https:\/\/www.domkraftpro.com\/index.php\/produkt\/akce-sapho-riwa-otevrena-police-20x70x15-cm-leva-prava-bila-lesk-riw250-0030-58945\/"]}]},{"@type":"ImageObject","inLanguage":"cs","@id":"https:\/\/www.domkraftpro.com\/index.php\/produkt\/akce-sapho-riwa-otevrena-police-20x70x15-cm-leva-prava-bila-lesk-riw250-0030-58945\/#primaryimage","url":"https:\/\/www.domkraftpro.com\/wp-content\/uploads\/2026\/SK0007055-CZ20260425-093136-0-1777080698-30876_riw250-0030-153785599000579.webp","contentUrl":"https:\/\/www.domkraftpro.com\/wp-content\/uploads\/2026\/SK0007055-CZ20260425-093136-0-1777080698-30876_riw250-0030-153785599000579.webp","width":1000,"height":750},{"@type":"BreadcrumbList","@id":"https:\/\/www.domkraftpro.com\/index.php\/produkt\/akce-sapho-riwa-otevrena-police-20x70x15-cm-leva-prava-bila-lesk-riw250-0030-58945\/#breadcrumb","itemListElement":[{"@type":"ListItem","position":1,"name":"Home","item":"https:\/\/www.domkraftpro.com\/"},{"@type":"ListItem","position":2,"name":"Products","item":"https:\/\/www.domkraftpro.com\/products\/"},{"@type":"ListItem","position":3,"name":"Akce Sapho RIWA otev\u0159en\u00e1 police 20x70x15 cm, lev\u00e1\/prav\u00e1, b\u00edl\u00e1 lesk RIW250-0030"}]},{"@type":"WebSite","@id":"https:\/\/www.domkraftpro.com\/#website","url":"https:\/\/www.domkraftpro.com\/","name":"Koupelna &amp; N\u00e1\u0159ad\u00ed &amp; Osv\u011btlen\u00ed a Stavebn\u00ed pot\u0159by","description":"Koupelna &amp; N\u00e1\u0159ad\u00ed &amp; Osv\u011btlen\u00ed a Stavebn\u00ed pot\u0159by","publisher":{"@id":"https:\/\/www.domkraftpro.com\/#organization"},"potentialAction":[{"@type":"SearchAction","target":{"@type":"EntryPoint","urlTemplate":"https:\/\/www.domkraftpro.com\/?s={search_term_string}"},"query-input":{"@type":"PropertyValueSpecification","valueRequired":true,"valueName":"search_term_string"}}],"inLanguage":"cs"},{"@type":"Organization","@id":"https:\/\/www.domkraftpro.com\/#organization","name":"Koupelna &amp; N\u00e1\u0159ad\u00ed &amp; Osv\u011btlen\u00ed a Stavebn\u00ed pot\u0159by","url":"https:\/\/www.domkraftpro.com\/","logo":{"@type":"ImageObject","inLanguage":"cs","@id":"https:\/\/www.domkraftpro.com\/#\/schema\/logo\/image\/","url":"https:\/\/www.domkraftpro.com\/wp-content\/uploads\/2026\/04\/domkraftpro_logo.svg","contentUrl":"https:\/\/www.domkraftpro.com\/wp-content\/uploads\/2026\/04\/domkraftpro_logo.svg","width":760,"height":180,"caption":"Koupelna &amp; N\u00e1\u0159ad\u00ed &amp; Osv\u011btlen\u00ed a Stavebn\u00ed pot\u0159by"},"image":{"@id":"https:\/\/www.domkraftpro.com\/#\/schema\/logo\/image\/"}}]}},"_links":{"self":[{"href":"https:\/\/www.domkraftpro.com\/wp-json\/wp\/v2\/product\/58945","targetHints":{"allow":["GET"]}}],"collection":[{"href":"https:\/\/www.domkraftpro.com\/wp-json\/wp\/v2\/product"}],"about":[{"href":"https:\/\/www.domkraftpro.com\/wp-json\/wp\/v2\/types\/product"}],"wp:featuredmedia":[{"embeddable":true,"href":"https:\/\/www.domkraftpro.com\/wp-json\/wp\/v2\/media\/59045"}],"wp:attachment":[{"href":"https:\/\/www.domkraftpro.com\/wp-json\/wp\/v2\/media?parent=58945"}],"wp:term":[{"taxonomy":"product_brand","embeddable":true,"href":"https:\/\/www.domkraftpro.com\/wp-json\/wp\/v2\/product_brand?post=58945"},{"taxonomy":"product_cat","embeddable":true,"href":"https:\/\/www.domkraftpro.com\/wp-json\/wp\/v2\/product_cat?post=58945"},{"taxonomy":"product_tag","embeddable":true,"href":"https:\/\/www.domkraftpro.com\/wp-json\/wp\/v2\/product_tag?post=58945"}],"curies":[{"name":"wp","href":"https:\/\/api.w.org\/{rel}","templated":true}]}}