{"id":58546,"date":"2026-04-27T04:43:03","date_gmt":"2026-04-27T04:43:03","guid":{"rendered":""},"modified":"2026-04-27T04:43:03","modified_gmt":"2026-04-27T04:43:03","slug":"znackovy-zapustna-police-pod-omitku-mexen-x-wall-nr-45x30-cm-bila-1921453010-58546","status":"publish","type":"product","link":"https:\/\/www.domkraftpro.com\/index.php\/produkt\/znackovy-zapustna-police-pod-omitku-mexen-x-wall-nr-45x30-cm-bila-1921453010-58546\/","title":{"rendered":"Zna\u010dkov\u00fd Z\u00e1pustn\u00e1 police pod om\u00edtku Mexen X-Wall-NR 45&#215;30 cm &#8211; b\u00edl\u00e1, 1921453010"},"content":{"rendered":"<div class=\"tabs__content-outer\" id=\"tab_description\" data-hash=\"description\" data-tabindex=\"-1\">\n<div class=\"tabs__content toggle_description\" id=\"content_description\">\n<div class=\"wysiwyg-content\">\n<div class=\"product__tab product__description full-width\">\n<div class=\"container\">\n<div >\n<h3>Z\u00e1pustn\u00e1 police pod om\u00edtku X-Wall-NR 45&#215;30 cm &#8211; b\u00edl\u00e1<\/h3>\n<p><span style=\"font-family: verdana, geneva, sans-serif; font-size: 12pt;\">Podom\u00edtkov\u00e1 police vyroben\u00e1 z nerezov\u00e9 oceli s b\u00edlou povrchovou \u00fapravou nab\u00eddne jednoduch\u00e9 \u0159e\u0161en\u00ed pro uskladn\u011bn\u00ed kosmetick\u00fdch pot\u0159eb, kter\u00e9 zabere minimum m\u00edsta v prostoru. Polici toti\u017e snadno zabudujete p\u0159\u00edmo do zdi a d\u00edky podom\u00edtkov\u00e9mu l\u00edmci ji oblo\u017e\u00edte kachli\u010dkami nebo om\u00edtkou. D\u00edky pou\u017eit\u00fdm materi\u00e1l\u016fm tedy velice dob\u0159e odol\u00e1v\u00e1 vlhkosti.\u00a0<\/span><\/p>\n<p><span style=\"font-family: verdana, geneva, sans-serif; font-size: 12pt;\"><strong>Parametry:\u00a0<\/strong><\/span><\/p>\n<ul>\n<li style=\"font-family: verdana, geneva, sans-serif; font-size: 12pt;\"><span style=\"font-family: verdana, geneva, sans-serif; font-size: 12pt;\">materi\u00e1l: nerezov\u00e1 ocel AISI 304\u00a0<\/span><\/li>\n<li style=\"font-family: verdana, geneva, sans-serif; font-size: 12pt;\"><span style=\"font-family: verdana, geneva, sans-serif; font-size: 12pt;\">barva: b\u00edl\u00e1\u00a0<\/span><\/li>\n<li style=\"font-family: verdana, geneva, sans-serif; font-size: 12pt;\"><span style=\"font-family: verdana, geneva, sans-serif; font-size: 12pt;\">\u0161\u00ed\u0159ka: 490 mm\u00a0<\/span><\/li>\n<li style=\"font-family: verdana, geneva, sans-serif; font-size: 12pt;\"><span style=\"font-family: verdana, geneva, sans-serif; font-size: 12pt;\">v\u00fd\u0161ka: 340 mm\u00a0<\/span><\/li>\n<li style=\"font-family: verdana, geneva, sans-serif; font-size: 12pt;\"><span style=\"font-family: verdana, geneva, sans-serif; font-size: 12pt;\">hloubka: 103 mm\u00a0<\/span><\/li>\n<\/ul>\n<\/div><\/div>\n<\/p><\/div>\n<\/p><\/div>\n<\/p><\/div>\n","protected":false},"excerpt":{"rendered":"<p>Z\u00e1pustn\u00e1 police pod om\u00edtku X-Wall-NR 45&#215;30 cm &#8211; b\u00edl\u00e1 Podom\u00edtkov\u00e1 police vyroben\u00e1 z nerezov\u00e9 oceli s b\u00edlou povrchovou \u00fapravou nab\u00eddne jednoduch\u00e9 \u0159e\u0161en\u00ed pro uskladn\u011bn\u00ed kosmetick\u00fdch pot\u0159eb, kter\u00e9 zabere minimum m\u00edsta v prostoru. Polici toti\u017e snadno zabudujete p\u0159\u00edmo do zdi a d\u00edky podom\u00edtkov\u00e9mu l\u00edmci ji oblo\u017e\u00edte kachli\u010dkami nebo om\u00edtkou. D\u00edky pou\u017eit\u00fdm materi\u00e1l\u016fm tedy velice dob\u0159e odol\u00e1v\u00e1 [&hellip;]<\/p>\n","protected":false},"featured_media":58646,"comment_status":"open","ping_status":"open","template":"","meta":[],"product_brand":[],"product_cat":[95],"product_tag":[],"class_list":{"0":"post-58546","1":"product","2":"type-product","3":"status-publish","4":"has-post-thumbnail","6":"product_cat-koupelna","8":"first","9":"instock","10":"sale","11":"shipping-taxable","12":"purchasable","13":"product-type-simple"},"yoast_head":"<!-- This site is optimized with the Yoast SEO plugin v26.8 - https:\/\/yoast.com\/product\/yoast-seo-wordpress\/ -->\n<title>Zna\u010dkov\u00fd Z\u00e1pustn\u00e1 police pod om\u00edtku Mexen X-Wall-NR 45x30 cm - b\u00edl\u00e1, 1921453010 -<\/title>\n<meta name=\"robots\" content=\"index, follow, max-snippet:-1, max-image-preview:large, max-video-preview:-1\" \/>\n<link rel=\"canonical\" href=\"https:\/\/www.domkraftpro.com\/index.php\/produkt\/znackovy-zapustna-police-pod-omitku-mexen-x-wall-nr-45x30-cm-bila-1921453010-58546\/\" \/>\n<meta property=\"og:locale\" content=\"cs_CZ\" \/>\n<meta property=\"og:type\" content=\"article\" \/>\n<meta property=\"og:title\" content=\"Zna\u010dkov\u00fd Z\u00e1pustn\u00e1 police pod om\u00edtku Mexen X-Wall-NR 45x30 cm - b\u00edl\u00e1, 1921453010 -\" \/>\n<meta property=\"og:description\" content=\"Z\u00e1pustn\u00e1 police pod om\u00edtku X-Wall-NR 45&#215;30 cm &#8211; b\u00edl\u00e1 Podom\u00edtkov\u00e1 police vyroben\u00e1 z nerezov\u00e9 oceli s b\u00edlou povrchovou \u00fapravou nab\u00eddne jednoduch\u00e9 \u0159e\u0161en\u00ed pro uskladn\u011bn\u00ed kosmetick\u00fdch pot\u0159eb, kter\u00e9 zabere minimum m\u00edsta v prostoru. Polici toti\u017e snadno zabudujete p\u0159\u00edmo do zdi a d\u00edky podom\u00edtkov\u00e9mu l\u00edmci ji oblo\u017e\u00edte kachli\u010dkami nebo om\u00edtkou. D\u00edky pou\u017eit\u00fdm materi\u00e1l\u016fm tedy velice dob\u0159e odol\u00e1v\u00e1 [&hellip;]\" \/>\n<meta property=\"og:url\" content=\"https:\/\/www.domkraftpro.com\/index.php\/produkt\/znackovy-zapustna-police-pod-omitku-mexen-x-wall-nr-45x30-cm-bila-1921453010-58546\/\" \/>\n<meta property=\"og:image\" content=\"https:\/\/www.domkraftpro.com\/wp-content\/uploads\/2026\/SK0009304-CZ20260425-093041-0-1777080643-export_tchs-3b.webp\" \/>\n\t<meta property=\"og:image:width\" content=\"924\" \/>\n\t<meta property=\"og:image:height\" content=\"800\" \/>\n\t<meta property=\"og:image:type\" content=\"image\/webp\" \/>\n<meta name=\"twitter:card\" content=\"summary_large_image\" \/>\n<script type=\"application\/ld+json\" class=\"yoast-schema-graph\">{\"@context\":\"https:\/\/schema.org\",\"@graph\":[{\"@type\":\"WebPage\",\"@id\":\"https:\/\/www.domkraftpro.com\/index.php\/produkt\/znackovy-zapustna-police-pod-omitku-mexen-x-wall-nr-45x30-cm-bila-1921453010-58546\/\",\"url\":\"https:\/\/www.domkraftpro.com\/index.php\/produkt\/znackovy-zapustna-police-pod-omitku-mexen-x-wall-nr-45x30-cm-bila-1921453010-58546\/\",\"name\":\"Zna\u010dkov\u00fd Z\u00e1pustn\u00e1 police pod om\u00edtku Mexen X-Wall-NR 45x30 cm - b\u00edl\u00e1, 1921453010 -\",\"isPartOf\":{\"@id\":\"https:\/\/www.domkraftpro.com\/#website\"},\"primaryImageOfPage\":{\"@id\":\"https:\/\/www.domkraftpro.com\/index.php\/produkt\/znackovy-zapustna-police-pod-omitku-mexen-x-wall-nr-45x30-cm-bila-1921453010-58546\/#primaryimage\"},\"image\":{\"@id\":\"https:\/\/www.domkraftpro.com\/index.php\/produkt\/znackovy-zapustna-police-pod-omitku-mexen-x-wall-nr-45x30-cm-bila-1921453010-58546\/#primaryimage\"},\"thumbnailUrl\":\"https:\/\/www.domkraftpro.com\/wp-content\/uploads\/2026\/SK0009304-CZ20260425-093041-0-1777080643-export_tchs-3b.webp\",\"datePublished\":\"2026-04-27T04:43:03+00:00\",\"breadcrumb\":{\"@id\":\"https:\/\/www.domkraftpro.com\/index.php\/produkt\/znackovy-zapustna-police-pod-omitku-mexen-x-wall-nr-45x30-cm-bila-1921453010-58546\/#breadcrumb\"},\"inLanguage\":\"cs\",\"potentialAction\":[{\"@type\":\"ReadAction\",\"target\":[\"https:\/\/www.domkraftpro.com\/index.php\/produkt\/znackovy-zapustna-police-pod-omitku-mexen-x-wall-nr-45x30-cm-bila-1921453010-58546\/\"]}]},{\"@type\":\"ImageObject\",\"inLanguage\":\"cs\",\"@id\":\"https:\/\/www.domkraftpro.com\/index.php\/produkt\/znackovy-zapustna-police-pod-omitku-mexen-x-wall-nr-45x30-cm-bila-1921453010-58546\/#primaryimage\",\"url\":\"https:\/\/www.domkraftpro.com\/wp-content\/uploads\/2026\/SK0009304-CZ20260425-093041-0-1777080643-export_tchs-3b.webp\",\"contentUrl\":\"https:\/\/www.domkraftpro.com\/wp-content\/uploads\/2026\/SK0009304-CZ20260425-093041-0-1777080643-export_tchs-3b.webp\",\"width\":924,\"height\":800},{\"@type\":\"BreadcrumbList\",\"@id\":\"https:\/\/www.domkraftpro.com\/index.php\/produkt\/znackovy-zapustna-police-pod-omitku-mexen-x-wall-nr-45x30-cm-bila-1921453010-58546\/#breadcrumb\",\"itemListElement\":[{\"@type\":\"ListItem\",\"position\":1,\"name\":\"Home\",\"item\":\"https:\/\/www.domkraftpro.com\/\"},{\"@type\":\"ListItem\",\"position\":2,\"name\":\"Products\",\"item\":\"https:\/\/www.domkraftpro.com\/index.php\/products\/\"},{\"@type\":\"ListItem\",\"position\":3,\"name\":\"Zna\u010dkov\u00fd Z\u00e1pustn\u00e1 police pod om\u00edtku Mexen X-Wall-NR 45&#215;30 cm &#8211; b\u00edl\u00e1, 1921453010\"}]},{\"@type\":\"WebSite\",\"@id\":\"https:\/\/www.domkraftpro.com\/#website\",\"url\":\"https:\/\/www.domkraftpro.com\/\",\"name\":\"\",\"description\":\"\",\"potentialAction\":[{\"@type\":\"SearchAction\",\"target\":{\"@type\":\"EntryPoint\",\"urlTemplate\":\"https:\/\/www.domkraftpro.com\/?s={search_term_string}\"},\"query-input\":{\"@type\":\"PropertyValueSpecification\",\"valueRequired\":true,\"valueName\":\"search_term_string\"}}],\"inLanguage\":\"cs\"}]}<\/script>\n<!-- \/ Yoast SEO plugin. -->","yoast_head_json":{"title":"Zna\u010dkov\u00fd Z\u00e1pustn\u00e1 police pod om\u00edtku Mexen X-Wall-NR 45x30 cm - b\u00edl\u00e1, 1921453010 -","robots":{"index":"index","follow":"follow","max-snippet":"max-snippet:-1","max-image-preview":"max-image-preview:large","max-video-preview":"max-video-preview:-1"},"canonical":"https:\/\/www.domkraftpro.com\/index.php\/produkt\/znackovy-zapustna-police-pod-omitku-mexen-x-wall-nr-45x30-cm-bila-1921453010-58546\/","og_locale":"cs_CZ","og_type":"article","og_title":"Zna\u010dkov\u00fd Z\u00e1pustn\u00e1 police pod om\u00edtku Mexen X-Wall-NR 45x30 cm - b\u00edl\u00e1, 1921453010 -","og_description":"Z\u00e1pustn\u00e1 police pod om\u00edtku X-Wall-NR 45&#215;30 cm &#8211; b\u00edl\u00e1 Podom\u00edtkov\u00e1 police vyroben\u00e1 z nerezov\u00e9 oceli s b\u00edlou povrchovou \u00fapravou nab\u00eddne jednoduch\u00e9 \u0159e\u0161en\u00ed pro uskladn\u011bn\u00ed kosmetick\u00fdch pot\u0159eb, kter\u00e9 zabere minimum m\u00edsta v prostoru. Polici toti\u017e snadno zabudujete p\u0159\u00edmo do zdi a d\u00edky podom\u00edtkov\u00e9mu l\u00edmci ji oblo\u017e\u00edte kachli\u010dkami nebo om\u00edtkou. D\u00edky pou\u017eit\u00fdm materi\u00e1l\u016fm tedy velice dob\u0159e odol\u00e1v\u00e1 [&hellip;]","og_url":"https:\/\/www.domkraftpro.com\/index.php\/produkt\/znackovy-zapustna-police-pod-omitku-mexen-x-wall-nr-45x30-cm-bila-1921453010-58546\/","og_image":[{"width":924,"height":800,"url":"https:\/\/www.domkraftpro.com\/wp-content\/uploads\/2026\/SK0009304-CZ20260425-093041-0-1777080643-export_tchs-3b.webp","type":"image\/webp"}],"twitter_card":"summary_large_image","schema":{"@context":"https:\/\/schema.org","@graph":[{"@type":"WebPage","@id":"https:\/\/www.domkraftpro.com\/index.php\/produkt\/znackovy-zapustna-police-pod-omitku-mexen-x-wall-nr-45x30-cm-bila-1921453010-58546\/","url":"https:\/\/www.domkraftpro.com\/index.php\/produkt\/znackovy-zapustna-police-pod-omitku-mexen-x-wall-nr-45x30-cm-bila-1921453010-58546\/","name":"Zna\u010dkov\u00fd Z\u00e1pustn\u00e1 police pod om\u00edtku Mexen X-Wall-NR 45x30 cm - b\u00edl\u00e1, 1921453010 -","isPartOf":{"@id":"https:\/\/www.domkraftpro.com\/#website"},"primaryImageOfPage":{"@id":"https:\/\/www.domkraftpro.com\/index.php\/produkt\/znackovy-zapustna-police-pod-omitku-mexen-x-wall-nr-45x30-cm-bila-1921453010-58546\/#primaryimage"},"image":{"@id":"https:\/\/www.domkraftpro.com\/index.php\/produkt\/znackovy-zapustna-police-pod-omitku-mexen-x-wall-nr-45x30-cm-bila-1921453010-58546\/#primaryimage"},"thumbnailUrl":"https:\/\/www.domkraftpro.com\/wp-content\/uploads\/2026\/SK0009304-CZ20260425-093041-0-1777080643-export_tchs-3b.webp","datePublished":"2026-04-27T04:43:03+00:00","breadcrumb":{"@id":"https:\/\/www.domkraftpro.com\/index.php\/produkt\/znackovy-zapustna-police-pod-omitku-mexen-x-wall-nr-45x30-cm-bila-1921453010-58546\/#breadcrumb"},"inLanguage":"cs","potentialAction":[{"@type":"ReadAction","target":["https:\/\/www.domkraftpro.com\/index.php\/produkt\/znackovy-zapustna-police-pod-omitku-mexen-x-wall-nr-45x30-cm-bila-1921453010-58546\/"]}]},{"@type":"ImageObject","inLanguage":"cs","@id":"https:\/\/www.domkraftpro.com\/index.php\/produkt\/znackovy-zapustna-police-pod-omitku-mexen-x-wall-nr-45x30-cm-bila-1921453010-58546\/#primaryimage","url":"https:\/\/www.domkraftpro.com\/wp-content\/uploads\/2026\/SK0009304-CZ20260425-093041-0-1777080643-export_tchs-3b.webp","contentUrl":"https:\/\/www.domkraftpro.com\/wp-content\/uploads\/2026\/SK0009304-CZ20260425-093041-0-1777080643-export_tchs-3b.webp","width":924,"height":800},{"@type":"BreadcrumbList","@id":"https:\/\/www.domkraftpro.com\/index.php\/produkt\/znackovy-zapustna-police-pod-omitku-mexen-x-wall-nr-45x30-cm-bila-1921453010-58546\/#breadcrumb","itemListElement":[{"@type":"ListItem","position":1,"name":"Home","item":"https:\/\/www.domkraftpro.com\/"},{"@type":"ListItem","position":2,"name":"Products","item":"https:\/\/www.domkraftpro.com\/index.php\/products\/"},{"@type":"ListItem","position":3,"name":"Zna\u010dkov\u00fd Z\u00e1pustn\u00e1 police pod om\u00edtku Mexen X-Wall-NR 45&#215;30 cm &#8211; b\u00edl\u00e1, 1921453010"}]},{"@type":"WebSite","@id":"https:\/\/www.domkraftpro.com\/#website","url":"https:\/\/www.domkraftpro.com\/","name":"","description":"","potentialAction":[{"@type":"SearchAction","target":{"@type":"EntryPoint","urlTemplate":"https:\/\/www.domkraftpro.com\/?s={search_term_string}"},"query-input":{"@type":"PropertyValueSpecification","valueRequired":true,"valueName":"search_term_string"}}],"inLanguage":"cs"}]}},"_links":{"self":[{"href":"https:\/\/www.domkraftpro.com\/index.php\/wp-json\/wp\/v2\/product\/58546","targetHints":{"allow":["GET"]}}],"collection":[{"href":"https:\/\/www.domkraftpro.com\/index.php\/wp-json\/wp\/v2\/product"}],"about":[{"href":"https:\/\/www.domkraftpro.com\/index.php\/wp-json\/wp\/v2\/types\/product"}],"replies":[{"embeddable":true,"href":"https:\/\/www.domkraftpro.com\/index.php\/wp-json\/wp\/v2\/comments?post=58546"}],"wp:featuredmedia":[{"embeddable":true,"href":"https:\/\/www.domkraftpro.com\/index.php\/wp-json\/wp\/v2\/media\/58646"}],"wp:attachment":[{"href":"https:\/\/www.domkraftpro.com\/index.php\/wp-json\/wp\/v2\/media?parent=58546"}],"wp:term":[{"taxonomy":"product_brand","embeddable":true,"href":"https:\/\/www.domkraftpro.com\/index.php\/wp-json\/wp\/v2\/product_brand?post=58546"},{"taxonomy":"product_cat","embeddable":true,"href":"https:\/\/www.domkraftpro.com\/index.php\/wp-json\/wp\/v2\/product_cat?post=58546"},{"taxonomy":"product_tag","embeddable":true,"href":"https:\/\/www.domkraftpro.com\/index.php\/wp-json\/wp\/v2\/product_tag?post=58546"}],"curies":[{"name":"wp","href":"https:\/\/api.w.org\/{rel}","templated":true}]}}