{"id":58523,"date":"2026-04-27T04:43:03","date_gmt":"2026-04-27T04:43:03","guid":{"rendered":""},"modified":"2026-04-27T04:43:03","modified_gmt":"2026-04-27T04:43:03","slug":"zlevneny-vanova-4otvorova-baterie-aspira-s-prislusenstvim-zlata-58523","status":"publish","type":"product","link":"https:\/\/www.domkraftpro.com\/produkt\/zlevneny-vanova-4otvorova-baterie-aspira-s-prislusenstvim-zlata-58523\/","title":{"rendered":"Zlevn\u011bn\u00fd Vanov\u00e1 4otvorov\u00e1 baterie ASPIRA s p\u0159\u00edslu\u0161enstv\u00edm &#8211; zlat\u00e1"},"content":{"rendered":"<div class=\"tabs__content-outer\" id=\"tab_description\" data-hash=\"description\" data-tabindex=\"-1\">\n<div class=\"tabs__content toggle_description\" id=\"content_description\">\n<div class=\"wysiwyg-content\">\n<div class=\"product__tab product__description full-width\">\n<div class=\"container\">\n<div >\n<h3>Vanov\u00e1 4otvorov\u00e1 baterie ASPIRA s p\u0159\u00edslu\u0161enstv\u00edm &#8211; zlat\u00e1<\/h3>\n<p><strong>4otvorov\u00e1 <\/strong><strong>vanov\u00e1 baterie <\/strong><strong>ASPIRA <\/strong>z prvot\u0159\u00eddn\u00edho materi\u00e1lu. Uvnit\u0159 baterie je keramick\u00e1 kartu\u0161e, ta se star\u00e1 o dlouhou \u017eivotnost a spolehlivost. Sou\u010d\u00e1st\u00ed balen\u00ed je <strong>p\u0159\u00edslu\u0161enstv\u00ed pro vanov\u00e9 baterie<\/strong> &#8211; obsahuje: ru\u010dn\u00ed sprchu, sprchovou hadici, sprchov\u00fd dr\u017e\u00e1k, p\u0159ep\u00edna\u010d proudu, kohoutek a baterii. Ur\u010den\u00e1 k instalaci <strong>na okraj vany.<\/strong> Dod\u00e1v\u00e1me ve <strong>t\u0159ech <\/strong><strong>barv\u00e1ch<\/strong> a to leskl\u00fd <strong>chrom<\/strong>, <strong>\u010dern\u00e1 matn\u00e1 <\/strong>nebo<strong> zlat\u00e1.<\/strong><\/p>\n<p><strong>4otvorov\u00e1 vanov\u00e1 baterie s\u00e9rie <\/strong><strong>ASPIRA\u00a0<\/strong>je pro z\u00e1kazn\u00edky, kte\u0159\u00ed cht\u011bj\u00ed pohodln\u00e9, elegantn\u00ed a p\u0159itom minimalistick\u00e9 \u0159e\u0161en\u00ed s modern\u00edm designem.\u00a0<strong>Vanov\u00e1\u00a0baterie<\/strong>\u00a0m\u00e1 minimum detail\u016f, co\u017e produkt v\u00fdrazn\u011b odleh\u010duje.\u00a0<\/p>\n<p><strong>P\u0159ednosti 4otvorov\u00e9 vanov\u00e9 baterie ASPIRA :<\/strong><\/p>\n<ul>\n<li><strong>Obsahuje p\u0159ep\u00edna\u010d\u00a0vana\/sprcha<\/strong><\/li>\n<li><strong>Vytahovac\u00ed ru\u010dn\u00ed sprcha\u00a0<\/strong><\/li>\n<li><strong>Elegance\u00a0a\u00a0minimalismus<\/strong><\/li>\n<li><strong>Anti line aretator\u00a0<\/strong>(proti usazov\u00e1n\u00ed vodn\u00edho kamene)<\/li>\n<li><strong>Proveden\u00ed:<\/strong>\u00a0pochromovan\u00fd kov, \u010dern\u00e1 matn\u00e1, zlat\u00e1<\/li>\n<li><strong>Modern\u00ed perl\u00e1tor<\/strong><\/li>\n<li><strong>Prov\u011b\u0159en\u00e1<\/strong>\u00a0technologie<\/li>\n<li><strong>Keramick\u00e1 kartu\u0161e<\/strong><\/li>\n<li>V\u0161echny d\u00edly odpov\u00eddaj\u00ed p\u0159edpis\u016fm<strong>\u00a0EN817<\/strong><\/li>\n<li><strong>P\u0159\u00edslu\u0161enstv\u00ed:\u00a0<\/strong>ru\u010dn\u00ed sprcha, sprchov\u00e1 hadice, sprchov\u00fd dr\u017e\u00e1k, p\u0159ep\u00edna\u010d proudu, kohoutek a baterie<\/li>\n<li><strong>\u00daspora vody<\/strong><\/li>\n<li><strong>Mont\u00e1\u017e na okraj vany<\/strong><\/li>\n<\/ul>\n<div>\n<div class=\"gtx-trans-icon\">\u00a0<\/div>\n<\/p><\/div>\n<p><strong>Vlastnosti<\/strong><\/p>\n<ul>\n<li><span>Materi\u00e1l:<\/span> Mosaz<\/li>\n<li><span>Barva:<\/span> Zlat\u00e1<\/li>\n<li><span>Ovl\u00e1d\u00e1n\u00ed_baterie:<\/span> P\u00e1kov\u00e9<\/li>\n<li><span>Druh baterie:<\/span> Na okraj vany<\/li>\n<li><span>Vyu\u017eit\u00ed_baterie:<\/span> Koupelnov\u00e9<\/li>\n<\/ul>\n<\/div><\/div>\n<\/p><\/div>\n<\/p><\/div>\n<\/p><\/div>\n","protected":false},"excerpt":{"rendered":"<p>Vanov\u00e1 4otvorov\u00e1 baterie ASPIRA s p\u0159\u00edslu\u0161enstv\u00edm &#8211; zlat\u00e1 4otvorov\u00e1 vanov\u00e1 baterie ASPIRA z prvot\u0159\u00eddn\u00edho materi\u00e1lu. Uvnit\u0159 baterie je keramick\u00e1 kartu\u0161e, ta se star\u00e1 o dlouhou \u017eivotnost a spolehlivost. Sou\u010d\u00e1st\u00ed balen\u00ed je p\u0159\u00edslu\u0161enstv\u00ed pro vanov\u00e9 baterie &#8211; obsahuje: ru\u010dn\u00ed sprchu, sprchovou hadici, sprchov\u00fd dr\u017e\u00e1k, p\u0159ep\u00edna\u010d proudu, kohoutek a baterii. Ur\u010den\u00e1 k instalaci na okraj vany. Dod\u00e1v\u00e1me [&hellip;]<\/p>\n","protected":false},"featured_media":58623,"template":"","meta":[],"product_brand":[],"product_cat":[95],"product_tag":[],"class_list":{"0":"post-58523","1":"product","2":"type-product","3":"status-publish","4":"has-post-thumbnail","6":"product_cat-koupelna","8":"first","9":"instock","10":"sale","11":"shipping-taxable","12":"purchasable","13":"product-type-simple"},"yoast_head":"<!-- This site is optimized with the Yoast SEO plugin v26.8 - https:\/\/yoast.com\/product\/yoast-seo-wordpress\/ -->\n<title>Zlevn\u011bn\u00fd Vanov\u00e1 4otvorov\u00e1 baterie ASPIRA s p\u0159\u00edslu\u0161enstv\u00edm - zlat\u00e1 - Koupelna &amp; N\u00e1\u0159ad\u00ed &amp; Osv\u011btlen\u00ed a Stavebn\u00ed pot\u0159by<\/title>\n<meta name=\"robots\" content=\"index, follow, max-snippet:-1, max-image-preview:large, max-video-preview:-1\" \/>\n<link rel=\"canonical\" href=\"https:\/\/www.domkraftpro.com\/index.php\/produkt\/zlevneny-vanova-4otvorova-baterie-aspira-s-prislusenstvim-zlata-58523\/\" \/>\n<meta property=\"og:locale\" content=\"cs_CZ\" \/>\n<meta property=\"og:type\" content=\"article\" \/>\n<meta property=\"og:title\" content=\"Zlevn\u011bn\u00fd Vanov\u00e1 4otvorov\u00e1 baterie ASPIRA s p\u0159\u00edslu\u0161enstv\u00edm - zlat\u00e1 - Koupelna &amp; N\u00e1\u0159ad\u00ed &amp; Osv\u011btlen\u00ed a Stavebn\u00ed pot\u0159by\" \/>\n<meta property=\"og:description\" content=\"Vanov\u00e1 4otvorov\u00e1 baterie ASPIRA s p\u0159\u00edslu\u0161enstv\u00edm &#8211; zlat\u00e1 4otvorov\u00e1 vanov\u00e1 baterie ASPIRA z prvot\u0159\u00eddn\u00edho materi\u00e1lu. Uvnit\u0159 baterie je keramick\u00e1 kartu\u0161e, ta se star\u00e1 o dlouhou \u017eivotnost a spolehlivost. Sou\u010d\u00e1st\u00ed balen\u00ed je p\u0159\u00edslu\u0161enstv\u00ed pro vanov\u00e9 baterie &#8211; obsahuje: ru\u010dn\u00ed sprchu, sprchovou hadici, sprchov\u00fd dr\u017e\u00e1k, p\u0159ep\u00edna\u010d proudu, kohoutek a baterii. Ur\u010den\u00e1 k instalaci na okraj vany. Dod\u00e1v\u00e1me [&hellip;]\" \/>\n<meta property=\"og:url\" content=\"https:\/\/www.domkraftpro.com\/index.php\/produkt\/zlevneny-vanova-4otvorova-baterie-aspira-s-prislusenstvim-zlata-58523\/\" \/>\n<meta property=\"og:site_name\" content=\"Koupelna &amp; N\u00e1\u0159ad\u00ed &amp; Osv\u011btlen\u00ed a Stavebn\u00ed pot\u0159by\" \/>\n<meta property=\"og:image\" content=\"https:\/\/www.domkraftpro.com\/wp-content\/uploads\/2026\/SK0009281-CZ20260425-093041-0-1777080643-4-otvorova-vanova-baterie-aspira-zlata-s-prislusenstvim.webp\" \/>\n\t<meta property=\"og:image:width\" content=\"1000\" \/>\n\t<meta property=\"og:image:height\" content=\"449\" \/>\n\t<meta property=\"og:image:type\" content=\"image\/webp\" \/>\n<meta name=\"twitter:card\" content=\"summary_large_image\" \/>\n<meta name=\"twitter:label1\" content=\"Odhadovan\u00e1 doba \u010dten\u00ed\" \/>\n\t<meta name=\"twitter:data1\" content=\"1 minuta\" \/>\n<script type=\"application\/ld+json\" class=\"yoast-schema-graph\">{\"@context\":\"https:\/\/schema.org\",\"@graph\":[{\"@type\":\"WebPage\",\"@id\":\"https:\/\/www.domkraftpro.com\/index.php\/produkt\/zlevneny-vanova-4otvorova-baterie-aspira-s-prislusenstvim-zlata-58523\/\",\"url\":\"https:\/\/www.domkraftpro.com\/index.php\/produkt\/zlevneny-vanova-4otvorova-baterie-aspira-s-prislusenstvim-zlata-58523\/\",\"name\":\"Zlevn\u011bn\u00fd Vanov\u00e1 4otvorov\u00e1 baterie ASPIRA s p\u0159\u00edslu\u0161enstv\u00edm - zlat\u00e1 - Koupelna &amp; N\u00e1\u0159ad\u00ed &amp; Osv\u011btlen\u00ed a Stavebn\u00ed pot\u0159by\",\"isPartOf\":{\"@id\":\"https:\/\/www.domkraftpro.com\/#website\"},\"primaryImageOfPage\":{\"@id\":\"https:\/\/www.domkraftpro.com\/index.php\/produkt\/zlevneny-vanova-4otvorova-baterie-aspira-s-prislusenstvim-zlata-58523\/#primaryimage\"},\"image\":{\"@id\":\"https:\/\/www.domkraftpro.com\/index.php\/produkt\/zlevneny-vanova-4otvorova-baterie-aspira-s-prislusenstvim-zlata-58523\/#primaryimage\"},\"thumbnailUrl\":\"https:\/\/www.domkraftpro.com\/wp-content\/uploads\/2026\/SK0009281-CZ20260425-093041-0-1777080643-4-otvorova-vanova-baterie-aspira-zlata-s-prislusenstvim.webp\",\"datePublished\":\"2026-04-27T04:43:03+00:00\",\"breadcrumb\":{\"@id\":\"https:\/\/www.domkraftpro.com\/index.php\/produkt\/zlevneny-vanova-4otvorova-baterie-aspira-s-prislusenstvim-zlata-58523\/#breadcrumb\"},\"inLanguage\":\"cs\",\"potentialAction\":[{\"@type\":\"ReadAction\",\"target\":[\"https:\/\/www.domkraftpro.com\/index.php\/produkt\/zlevneny-vanova-4otvorova-baterie-aspira-s-prislusenstvim-zlata-58523\/\"]}]},{\"@type\":\"ImageObject\",\"inLanguage\":\"cs\",\"@id\":\"https:\/\/www.domkraftpro.com\/index.php\/produkt\/zlevneny-vanova-4otvorova-baterie-aspira-s-prislusenstvim-zlata-58523\/#primaryimage\",\"url\":\"https:\/\/www.domkraftpro.com\/wp-content\/uploads\/2026\/SK0009281-CZ20260425-093041-0-1777080643-4-otvorova-vanova-baterie-aspira-zlata-s-prislusenstvim.webp\",\"contentUrl\":\"https:\/\/www.domkraftpro.com\/wp-content\/uploads\/2026\/SK0009281-CZ20260425-093041-0-1777080643-4-otvorova-vanova-baterie-aspira-zlata-s-prislusenstvim.webp\",\"width\":1000,\"height\":449},{\"@type\":\"BreadcrumbList\",\"@id\":\"https:\/\/www.domkraftpro.com\/index.php\/produkt\/zlevneny-vanova-4otvorova-baterie-aspira-s-prislusenstvim-zlata-58523\/#breadcrumb\",\"itemListElement\":[{\"@type\":\"ListItem\",\"position\":1,\"name\":\"Home\",\"item\":\"https:\/\/www.domkraftpro.com\/\"},{\"@type\":\"ListItem\",\"position\":2,\"name\":\"Products\",\"item\":\"https:\/\/www.domkraftpro.com\/products\/\"},{\"@type\":\"ListItem\",\"position\":3,\"name\":\"Zlevn\u011bn\u00fd Vanov\u00e1 4otvorov\u00e1 baterie ASPIRA s p\u0159\u00edslu\u0161enstv\u00edm &#8211; zlat\u00e1\"}]},{\"@type\":\"WebSite\",\"@id\":\"https:\/\/www.domkraftpro.com\/#website\",\"url\":\"https:\/\/www.domkraftpro.com\/\",\"name\":\"Koupelna &amp; N\u00e1\u0159ad\u00ed &amp; Osv\u011btlen\u00ed a Stavebn\u00ed pot\u0159by\",\"description\":\"Koupelna &amp; N\u00e1\u0159ad\u00ed &amp; Osv\u011btlen\u00ed a Stavebn\u00ed pot\u0159by\",\"publisher\":{\"@id\":\"https:\/\/www.domkraftpro.com\/#organization\"},\"potentialAction\":[{\"@type\":\"SearchAction\",\"target\":{\"@type\":\"EntryPoint\",\"urlTemplate\":\"https:\/\/www.domkraftpro.com\/?s={search_term_string}\"},\"query-input\":{\"@type\":\"PropertyValueSpecification\",\"valueRequired\":true,\"valueName\":\"search_term_string\"}}],\"inLanguage\":\"cs\"},{\"@type\":\"Organization\",\"@id\":\"https:\/\/www.domkraftpro.com\/#organization\",\"name\":\"Koupelna &amp; N\u00e1\u0159ad\u00ed &amp; Osv\u011btlen\u00ed a Stavebn\u00ed pot\u0159by\",\"url\":\"https:\/\/www.domkraftpro.com\/\",\"logo\":{\"@type\":\"ImageObject\",\"inLanguage\":\"cs\",\"@id\":\"https:\/\/www.domkraftpro.com\/#\/schema\/logo\/image\/\",\"url\":\"https:\/\/www.domkraftpro.com\/wp-content\/uploads\/2026\/04\/domkraftpro_logo.svg\",\"contentUrl\":\"https:\/\/www.domkraftpro.com\/wp-content\/uploads\/2026\/04\/domkraftpro_logo.svg\",\"width\":760,\"height\":180,\"caption\":\"Koupelna &amp; N\u00e1\u0159ad\u00ed &amp; Osv\u011btlen\u00ed a Stavebn\u00ed pot\u0159by\"},\"image\":{\"@id\":\"https:\/\/www.domkraftpro.com\/#\/schema\/logo\/image\/\"}}]}<\/script>\n<!-- \/ Yoast SEO plugin. -->","yoast_head_json":{"title":"Zlevn\u011bn\u00fd Vanov\u00e1 4otvorov\u00e1 baterie ASPIRA s p\u0159\u00edslu\u0161enstv\u00edm - zlat\u00e1 - Koupelna &amp; N\u00e1\u0159ad\u00ed &amp; Osv\u011btlen\u00ed a Stavebn\u00ed pot\u0159by","robots":{"index":"index","follow":"follow","max-snippet":"max-snippet:-1","max-image-preview":"max-image-preview:large","max-video-preview":"max-video-preview:-1"},"canonical":"https:\/\/www.domkraftpro.com\/index.php\/produkt\/zlevneny-vanova-4otvorova-baterie-aspira-s-prislusenstvim-zlata-58523\/","og_locale":"cs_CZ","og_type":"article","og_title":"Zlevn\u011bn\u00fd Vanov\u00e1 4otvorov\u00e1 baterie ASPIRA s p\u0159\u00edslu\u0161enstv\u00edm - zlat\u00e1 - Koupelna &amp; N\u00e1\u0159ad\u00ed &amp; Osv\u011btlen\u00ed a Stavebn\u00ed pot\u0159by","og_description":"Vanov\u00e1 4otvorov\u00e1 baterie ASPIRA s p\u0159\u00edslu\u0161enstv\u00edm &#8211; zlat\u00e1 4otvorov\u00e1 vanov\u00e1 baterie ASPIRA z prvot\u0159\u00eddn\u00edho materi\u00e1lu. Uvnit\u0159 baterie je keramick\u00e1 kartu\u0161e, ta se star\u00e1 o dlouhou \u017eivotnost a spolehlivost. Sou\u010d\u00e1st\u00ed balen\u00ed je p\u0159\u00edslu\u0161enstv\u00ed pro vanov\u00e9 baterie &#8211; obsahuje: ru\u010dn\u00ed sprchu, sprchovou hadici, sprchov\u00fd dr\u017e\u00e1k, p\u0159ep\u00edna\u010d proudu, kohoutek a baterii. Ur\u010den\u00e1 k instalaci na okraj vany. Dod\u00e1v\u00e1me [&hellip;]","og_url":"https:\/\/www.domkraftpro.com\/index.php\/produkt\/zlevneny-vanova-4otvorova-baterie-aspira-s-prislusenstvim-zlata-58523\/","og_site_name":"Koupelna &amp; N\u00e1\u0159ad\u00ed &amp; Osv\u011btlen\u00ed a Stavebn\u00ed pot\u0159by","og_image":[{"width":1000,"height":449,"url":"https:\/\/www.domkraftpro.com\/wp-content\/uploads\/2026\/SK0009281-CZ20260425-093041-0-1777080643-4-otvorova-vanova-baterie-aspira-zlata-s-prislusenstvim.webp","type":"image\/webp"}],"twitter_card":"summary_large_image","twitter_misc":{"Odhadovan\u00e1 doba \u010dten\u00ed":"1 minuta"},"schema":{"@context":"https:\/\/schema.org","@graph":[{"@type":"WebPage","@id":"https:\/\/www.domkraftpro.com\/index.php\/produkt\/zlevneny-vanova-4otvorova-baterie-aspira-s-prislusenstvim-zlata-58523\/","url":"https:\/\/www.domkraftpro.com\/index.php\/produkt\/zlevneny-vanova-4otvorova-baterie-aspira-s-prislusenstvim-zlata-58523\/","name":"Zlevn\u011bn\u00fd Vanov\u00e1 4otvorov\u00e1 baterie ASPIRA s p\u0159\u00edslu\u0161enstv\u00edm - zlat\u00e1 - Koupelna &amp; N\u00e1\u0159ad\u00ed &amp; Osv\u011btlen\u00ed a Stavebn\u00ed pot\u0159by","isPartOf":{"@id":"https:\/\/www.domkraftpro.com\/#website"},"primaryImageOfPage":{"@id":"https:\/\/www.domkraftpro.com\/index.php\/produkt\/zlevneny-vanova-4otvorova-baterie-aspira-s-prislusenstvim-zlata-58523\/#primaryimage"},"image":{"@id":"https:\/\/www.domkraftpro.com\/index.php\/produkt\/zlevneny-vanova-4otvorova-baterie-aspira-s-prislusenstvim-zlata-58523\/#primaryimage"},"thumbnailUrl":"https:\/\/www.domkraftpro.com\/wp-content\/uploads\/2026\/SK0009281-CZ20260425-093041-0-1777080643-4-otvorova-vanova-baterie-aspira-zlata-s-prislusenstvim.webp","datePublished":"2026-04-27T04:43:03+00:00","breadcrumb":{"@id":"https:\/\/www.domkraftpro.com\/index.php\/produkt\/zlevneny-vanova-4otvorova-baterie-aspira-s-prislusenstvim-zlata-58523\/#breadcrumb"},"inLanguage":"cs","potentialAction":[{"@type":"ReadAction","target":["https:\/\/www.domkraftpro.com\/index.php\/produkt\/zlevneny-vanova-4otvorova-baterie-aspira-s-prislusenstvim-zlata-58523\/"]}]},{"@type":"ImageObject","inLanguage":"cs","@id":"https:\/\/www.domkraftpro.com\/index.php\/produkt\/zlevneny-vanova-4otvorova-baterie-aspira-s-prislusenstvim-zlata-58523\/#primaryimage","url":"https:\/\/www.domkraftpro.com\/wp-content\/uploads\/2026\/SK0009281-CZ20260425-093041-0-1777080643-4-otvorova-vanova-baterie-aspira-zlata-s-prislusenstvim.webp","contentUrl":"https:\/\/www.domkraftpro.com\/wp-content\/uploads\/2026\/SK0009281-CZ20260425-093041-0-1777080643-4-otvorova-vanova-baterie-aspira-zlata-s-prislusenstvim.webp","width":1000,"height":449},{"@type":"BreadcrumbList","@id":"https:\/\/www.domkraftpro.com\/index.php\/produkt\/zlevneny-vanova-4otvorova-baterie-aspira-s-prislusenstvim-zlata-58523\/#breadcrumb","itemListElement":[{"@type":"ListItem","position":1,"name":"Home","item":"https:\/\/www.domkraftpro.com\/"},{"@type":"ListItem","position":2,"name":"Products","item":"https:\/\/www.domkraftpro.com\/products\/"},{"@type":"ListItem","position":3,"name":"Zlevn\u011bn\u00fd Vanov\u00e1 4otvorov\u00e1 baterie ASPIRA s p\u0159\u00edslu\u0161enstv\u00edm &#8211; zlat\u00e1"}]},{"@type":"WebSite","@id":"https:\/\/www.domkraftpro.com\/#website","url":"https:\/\/www.domkraftpro.com\/","name":"Koupelna &amp; N\u00e1\u0159ad\u00ed &amp; Osv\u011btlen\u00ed a Stavebn\u00ed pot\u0159by","description":"Koupelna &amp; N\u00e1\u0159ad\u00ed &amp; Osv\u011btlen\u00ed a Stavebn\u00ed pot\u0159by","publisher":{"@id":"https:\/\/www.domkraftpro.com\/#organization"},"potentialAction":[{"@type":"SearchAction","target":{"@type":"EntryPoint","urlTemplate":"https:\/\/www.domkraftpro.com\/?s={search_term_string}"},"query-input":{"@type":"PropertyValueSpecification","valueRequired":true,"valueName":"search_term_string"}}],"inLanguage":"cs"},{"@type":"Organization","@id":"https:\/\/www.domkraftpro.com\/#organization","name":"Koupelna &amp; N\u00e1\u0159ad\u00ed &amp; Osv\u011btlen\u00ed a Stavebn\u00ed pot\u0159by","url":"https:\/\/www.domkraftpro.com\/","logo":{"@type":"ImageObject","inLanguage":"cs","@id":"https:\/\/www.domkraftpro.com\/#\/schema\/logo\/image\/","url":"https:\/\/www.domkraftpro.com\/wp-content\/uploads\/2026\/04\/domkraftpro_logo.svg","contentUrl":"https:\/\/www.domkraftpro.com\/wp-content\/uploads\/2026\/04\/domkraftpro_logo.svg","width":760,"height":180,"caption":"Koupelna &amp; N\u00e1\u0159ad\u00ed &amp; Osv\u011btlen\u00ed a Stavebn\u00ed pot\u0159by"},"image":{"@id":"https:\/\/www.domkraftpro.com\/#\/schema\/logo\/image\/"}}]}},"_links":{"self":[{"href":"https:\/\/www.domkraftpro.com\/wp-json\/wp\/v2\/product\/58523","targetHints":{"allow":["GET"]}}],"collection":[{"href":"https:\/\/www.domkraftpro.com\/wp-json\/wp\/v2\/product"}],"about":[{"href":"https:\/\/www.domkraftpro.com\/wp-json\/wp\/v2\/types\/product"}],"wp:featuredmedia":[{"embeddable":true,"href":"https:\/\/www.domkraftpro.com\/wp-json\/wp\/v2\/media\/58623"}],"wp:attachment":[{"href":"https:\/\/www.domkraftpro.com\/wp-json\/wp\/v2\/media?parent=58523"}],"wp:term":[{"taxonomy":"product_brand","embeddable":true,"href":"https:\/\/www.domkraftpro.com\/wp-json\/wp\/v2\/product_brand?post=58523"},{"taxonomy":"product_cat","embeddable":true,"href":"https:\/\/www.domkraftpro.com\/wp-json\/wp\/v2\/product_cat?post=58523"},{"taxonomy":"product_tag","embeddable":true,"href":"https:\/\/www.domkraftpro.com\/wp-json\/wp\/v2\/product_tag?post=58523"}],"curies":[{"name":"wp","href":"https:\/\/api.w.org\/{rel}","templated":true}]}}