{"id":58372,"date":"2026-04-27T04:43:02","date_gmt":"2026-04-27T04:43:02","guid":{"rendered":""},"modified":"2026-04-27T04:43:02","modified_gmt":"2026-04-27T04:43:02","slug":"znackovy-sapho-sanna-umyvadlo-na-desku-lity-mramor-25x25cm-bila-sn250-58372","status":"publish","type":"product","link":"https:\/\/www.domkraftpro.com\/index.php\/produkt\/znackovy-sapho-sanna-umyvadlo-na-desku-lity-mramor-25x25cm-bila-sn250-58372\/","title":{"rendered":"Zna\u010dkov\u00fd Sapho SANNA umyvadlo na desku, lit\u00fd mramor, 25x25cm, b\u00edl\u00e1 SN250"},"content":{"rendered":"<div class=\"tabs__content-outer\" id=\"tab_description\" data-hash=\"description\" data-tabindex=\"-1\">\n<div class=\"tabs__content toggle_description\" id=\"content_description\">\n<div class=\"wysiwyg-content\">\n<div class=\"product__tab product__description full-width\">\n<div class=\"container\">\n<div >\n<h3>Sapho SANNA umyvadlo na desku, lit\u00fd mramor, 25x25cm, b\u00edl\u00e1 SN250<\/h3>\n<div class=\"product-explanation-item\">\n<h3><strong>Lit\u00fd mramor &#8211; materi\u00e1l s tepeln\u011b-izola\u010dn\u00edmi vlastnostmi, kter\u00e9 ocen\u00edte p\u0159i ka\u017ed\u00e9m doteku<\/strong><\/h3>\n<p style=\"text-align: justify;\">Pou\u017e\u00edv\u00e1 se pro v\u00fdrobu sprchov\u00fdch vani\u010dek, van, umyvadel i dal\u0161\u00edch produkt\u016f. Vyr\u00e1b\u00ed se ze sm\u011bsi mlet\u00e9ho v\u00e1pence, skl\u00e1\u0159sk\u00e9ho p\u00edsku, polyesterov\u00e9 prysky\u0159ice a barviv. V\u00fdrobky z lit\u00e9ho mramoru se vyzna\u010duj\u00ed vysokou pevnost\u00ed, nulov\u00fdm pr\u016fhybem, stabilitou a elegantn\u00edm designem.<\/p>\n<\/p><\/div>\n<p> <\/p>\n<p><strong>Vlastnosti<\/strong><\/p>\n<ul>\n<li><span>Materi\u00e1l:<\/span> Lit\u00fd mramor<\/li>\n<li><span>Barva:<\/span> B\u00edl\u00e1<\/li>\n<li><span>Instalace:<\/span> K postaven\u00ed<\/li>\n<li><span>P\u0159epad:<\/span> Ne<\/li>\n<li><span>Tvar:<\/span> \u010ctverec<\/li>\n<li><span>Otvor pro baterii:<\/span> Bez otvoru<\/li>\n<li><span>Rozm\u011br:<\/span> 25&#215;25 cm<\/li>\n<li><span>\u0160\u00ed\u0159ka:<\/span> 250 mm<\/li>\n<li><span>V\u00fd\u0161ka:<\/span> 102 mm<\/li>\n<li><span>Hloubka:<\/span> 250 mm<\/li>\n<li><span>Typ umyvadla:<\/span> Umyvadlo na desku<\/li>\n<\/ul>\n<\/div><\/div>\n<\/p><\/div>\n<\/p><\/div>\n<\/p><\/div>\n","protected":false},"excerpt":{"rendered":"<p>Sapho SANNA umyvadlo na desku, lit\u00fd mramor, 25x25cm, b\u00edl\u00e1 SN250 Lit\u00fd mramor &#8211; materi\u00e1l s tepeln\u011b-izola\u010dn\u00edmi vlastnostmi, kter\u00e9 ocen\u00edte p\u0159i ka\u017ed\u00e9m doteku Pou\u017e\u00edv\u00e1 se pro v\u00fdrobu sprchov\u00fdch vani\u010dek, van, umyvadel i dal\u0161\u00edch produkt\u016f. Vyr\u00e1b\u00ed se ze sm\u011bsi mlet\u00e9ho v\u00e1pence, skl\u00e1\u0159sk\u00e9ho p\u00edsku, polyesterov\u00e9 prysky\u0159ice a barviv. V\u00fdrobky z lit\u00e9ho mramoru se vyzna\u010duj\u00ed vysokou pevnost\u00ed, nulov\u00fdm pr\u016fhybem, [&hellip;]<\/p>\n","protected":false},"featured_media":58472,"comment_status":"open","ping_status":"open","template":"","meta":[],"product_brand":[],"product_cat":[95],"product_tag":[],"class_list":{"0":"post-58372","1":"product","2":"type-product","3":"status-publish","4":"has-post-thumbnail","6":"product_cat-koupelna","8":"first","9":"instock","10":"sale","11":"shipping-taxable","12":"purchasable","13":"product-type-simple"},"yoast_head":"<!-- This site is optimized with the Yoast SEO plugin v26.8 - https:\/\/yoast.com\/product\/yoast-seo-wordpress\/ -->\n<title>Zna\u010dkov\u00fd Sapho SANNA umyvadlo na desku, lit\u00fd mramor, 25x25cm, b\u00edl\u00e1 SN250 -<\/title>\n<meta name=\"robots\" content=\"index, follow, max-snippet:-1, max-image-preview:large, max-video-preview:-1\" \/>\n<link rel=\"canonical\" href=\"https:\/\/www.domkraftpro.com\/index.php\/produkt\/znackovy-sapho-sanna-umyvadlo-na-desku-lity-mramor-25x25cm-bila-sn250-58372\/\" \/>\n<meta property=\"og:locale\" content=\"cs_CZ\" \/>\n<meta property=\"og:type\" content=\"article\" \/>\n<meta property=\"og:title\" content=\"Zna\u010dkov\u00fd Sapho SANNA umyvadlo na desku, lit\u00fd mramor, 25x25cm, b\u00edl\u00e1 SN250 -\" \/>\n<meta property=\"og:description\" content=\"Sapho SANNA umyvadlo na desku, lit\u00fd mramor, 25x25cm, b\u00edl\u00e1 SN250 Lit\u00fd mramor &#8211; materi\u00e1l s tepeln\u011b-izola\u010dn\u00edmi vlastnostmi, kter\u00e9 ocen\u00edte p\u0159i ka\u017ed\u00e9m doteku Pou\u017e\u00edv\u00e1 se pro v\u00fdrobu sprchov\u00fdch vani\u010dek, van, umyvadel i dal\u0161\u00edch produkt\u016f. Vyr\u00e1b\u00ed se ze sm\u011bsi mlet\u00e9ho v\u00e1pence, skl\u00e1\u0159sk\u00e9ho p\u00edsku, polyesterov\u00e9 prysky\u0159ice a barviv. V\u00fdrobky z lit\u00e9ho mramoru se vyzna\u010duj\u00ed vysokou pevnost\u00ed, nulov\u00fdm pr\u016fhybem, [&hellip;]\" \/>\n<meta property=\"og:url\" content=\"https:\/\/www.domkraftpro.com\/index.php\/produkt\/znackovy-sapho-sanna-umyvadlo-na-desku-lity-mramor-25x25cm-bila-sn250-58372\/\" \/>\n<meta property=\"og:image\" content=\"https:\/\/www.domkraftpro.com\/wp-content\/uploads\/2026\/SK0009229-CZ20260425-093041-0-1777080643-ce88c785f22477cdd848b51c684129ad.webp\" \/>\n\t<meta property=\"og:image:width\" content=\"1000\" \/>\n\t<meta property=\"og:image:height\" content=\"793\" \/>\n\t<meta property=\"og:image:type\" content=\"image\/webp\" \/>\n<meta name=\"twitter:card\" content=\"summary_large_image\" \/>\n<meta name=\"twitter:label1\" content=\"Odhadovan\u00e1 doba \u010dten\u00ed\" \/>\n\t<meta name=\"twitter:data1\" content=\"1 minuta\" \/>\n<script type=\"application\/ld+json\" class=\"yoast-schema-graph\">{\"@context\":\"https:\/\/schema.org\",\"@graph\":[{\"@type\":\"WebPage\",\"@id\":\"https:\/\/www.domkraftpro.com\/index.php\/produkt\/znackovy-sapho-sanna-umyvadlo-na-desku-lity-mramor-25x25cm-bila-sn250-58372\/\",\"url\":\"https:\/\/www.domkraftpro.com\/index.php\/produkt\/znackovy-sapho-sanna-umyvadlo-na-desku-lity-mramor-25x25cm-bila-sn250-58372\/\",\"name\":\"Zna\u010dkov\u00fd Sapho SANNA umyvadlo na desku, lit\u00fd mramor, 25x25cm, b\u00edl\u00e1 SN250 -\",\"isPartOf\":{\"@id\":\"https:\/\/www.domkraftpro.com\/#website\"},\"primaryImageOfPage\":{\"@id\":\"https:\/\/www.domkraftpro.com\/index.php\/produkt\/znackovy-sapho-sanna-umyvadlo-na-desku-lity-mramor-25x25cm-bila-sn250-58372\/#primaryimage\"},\"image\":{\"@id\":\"https:\/\/www.domkraftpro.com\/index.php\/produkt\/znackovy-sapho-sanna-umyvadlo-na-desku-lity-mramor-25x25cm-bila-sn250-58372\/#primaryimage\"},\"thumbnailUrl\":\"https:\/\/www.domkraftpro.com\/wp-content\/uploads\/2026\/SK0009229-CZ20260425-093041-0-1777080643-ce88c785f22477cdd848b51c684129ad.webp\",\"datePublished\":\"2026-04-27T04:43:02+00:00\",\"breadcrumb\":{\"@id\":\"https:\/\/www.domkraftpro.com\/index.php\/produkt\/znackovy-sapho-sanna-umyvadlo-na-desku-lity-mramor-25x25cm-bila-sn250-58372\/#breadcrumb\"},\"inLanguage\":\"cs\",\"potentialAction\":[{\"@type\":\"ReadAction\",\"target\":[\"https:\/\/www.domkraftpro.com\/index.php\/produkt\/znackovy-sapho-sanna-umyvadlo-na-desku-lity-mramor-25x25cm-bila-sn250-58372\/\"]}]},{\"@type\":\"ImageObject\",\"inLanguage\":\"cs\",\"@id\":\"https:\/\/www.domkraftpro.com\/index.php\/produkt\/znackovy-sapho-sanna-umyvadlo-na-desku-lity-mramor-25x25cm-bila-sn250-58372\/#primaryimage\",\"url\":\"https:\/\/www.domkraftpro.com\/wp-content\/uploads\/2026\/SK0009229-CZ20260425-093041-0-1777080643-ce88c785f22477cdd848b51c684129ad.webp\",\"contentUrl\":\"https:\/\/www.domkraftpro.com\/wp-content\/uploads\/2026\/SK0009229-CZ20260425-093041-0-1777080643-ce88c785f22477cdd848b51c684129ad.webp\",\"width\":1000,\"height\":793},{\"@type\":\"BreadcrumbList\",\"@id\":\"https:\/\/www.domkraftpro.com\/index.php\/produkt\/znackovy-sapho-sanna-umyvadlo-na-desku-lity-mramor-25x25cm-bila-sn250-58372\/#breadcrumb\",\"itemListElement\":[{\"@type\":\"ListItem\",\"position\":1,\"name\":\"Home\",\"item\":\"https:\/\/www.domkraftpro.com\/\"},{\"@type\":\"ListItem\",\"position\":2,\"name\":\"Products\",\"item\":\"https:\/\/www.domkraftpro.com\/index.php\/products\/\"},{\"@type\":\"ListItem\",\"position\":3,\"name\":\"Zna\u010dkov\u00fd Sapho SANNA umyvadlo na desku, lit\u00fd mramor, 25x25cm, b\u00edl\u00e1 SN250\"}]},{\"@type\":\"WebSite\",\"@id\":\"https:\/\/www.domkraftpro.com\/#website\",\"url\":\"https:\/\/www.domkraftpro.com\/\",\"name\":\"\",\"description\":\"\",\"potentialAction\":[{\"@type\":\"SearchAction\",\"target\":{\"@type\":\"EntryPoint\",\"urlTemplate\":\"https:\/\/www.domkraftpro.com\/?s={search_term_string}\"},\"query-input\":{\"@type\":\"PropertyValueSpecification\",\"valueRequired\":true,\"valueName\":\"search_term_string\"}}],\"inLanguage\":\"cs\"}]}<\/script>\n<!-- \/ Yoast SEO plugin. -->","yoast_head_json":{"title":"Zna\u010dkov\u00fd Sapho SANNA umyvadlo na desku, lit\u00fd mramor, 25x25cm, b\u00edl\u00e1 SN250 -","robots":{"index":"index","follow":"follow","max-snippet":"max-snippet:-1","max-image-preview":"max-image-preview:large","max-video-preview":"max-video-preview:-1"},"canonical":"https:\/\/www.domkraftpro.com\/index.php\/produkt\/znackovy-sapho-sanna-umyvadlo-na-desku-lity-mramor-25x25cm-bila-sn250-58372\/","og_locale":"cs_CZ","og_type":"article","og_title":"Zna\u010dkov\u00fd Sapho SANNA umyvadlo na desku, lit\u00fd mramor, 25x25cm, b\u00edl\u00e1 SN250 -","og_description":"Sapho SANNA umyvadlo na desku, lit\u00fd mramor, 25x25cm, b\u00edl\u00e1 SN250 Lit\u00fd mramor &#8211; materi\u00e1l s tepeln\u011b-izola\u010dn\u00edmi vlastnostmi, kter\u00e9 ocen\u00edte p\u0159i ka\u017ed\u00e9m doteku Pou\u017e\u00edv\u00e1 se pro v\u00fdrobu sprchov\u00fdch vani\u010dek, van, umyvadel i dal\u0161\u00edch produkt\u016f. Vyr\u00e1b\u00ed se ze sm\u011bsi mlet\u00e9ho v\u00e1pence, skl\u00e1\u0159sk\u00e9ho p\u00edsku, polyesterov\u00e9 prysky\u0159ice a barviv. V\u00fdrobky z lit\u00e9ho mramoru se vyzna\u010duj\u00ed vysokou pevnost\u00ed, nulov\u00fdm pr\u016fhybem, [&hellip;]","og_url":"https:\/\/www.domkraftpro.com\/index.php\/produkt\/znackovy-sapho-sanna-umyvadlo-na-desku-lity-mramor-25x25cm-bila-sn250-58372\/","og_image":[{"width":1000,"height":793,"url":"https:\/\/www.domkraftpro.com\/wp-content\/uploads\/2026\/SK0009229-CZ20260425-093041-0-1777080643-ce88c785f22477cdd848b51c684129ad.webp","type":"image\/webp"}],"twitter_card":"summary_large_image","twitter_misc":{"Odhadovan\u00e1 doba \u010dten\u00ed":"1 minuta"},"schema":{"@context":"https:\/\/schema.org","@graph":[{"@type":"WebPage","@id":"https:\/\/www.domkraftpro.com\/index.php\/produkt\/znackovy-sapho-sanna-umyvadlo-na-desku-lity-mramor-25x25cm-bila-sn250-58372\/","url":"https:\/\/www.domkraftpro.com\/index.php\/produkt\/znackovy-sapho-sanna-umyvadlo-na-desku-lity-mramor-25x25cm-bila-sn250-58372\/","name":"Zna\u010dkov\u00fd Sapho SANNA umyvadlo na desku, lit\u00fd mramor, 25x25cm, b\u00edl\u00e1 SN250 -","isPartOf":{"@id":"https:\/\/www.domkraftpro.com\/#website"},"primaryImageOfPage":{"@id":"https:\/\/www.domkraftpro.com\/index.php\/produkt\/znackovy-sapho-sanna-umyvadlo-na-desku-lity-mramor-25x25cm-bila-sn250-58372\/#primaryimage"},"image":{"@id":"https:\/\/www.domkraftpro.com\/index.php\/produkt\/znackovy-sapho-sanna-umyvadlo-na-desku-lity-mramor-25x25cm-bila-sn250-58372\/#primaryimage"},"thumbnailUrl":"https:\/\/www.domkraftpro.com\/wp-content\/uploads\/2026\/SK0009229-CZ20260425-093041-0-1777080643-ce88c785f22477cdd848b51c684129ad.webp","datePublished":"2026-04-27T04:43:02+00:00","breadcrumb":{"@id":"https:\/\/www.domkraftpro.com\/index.php\/produkt\/znackovy-sapho-sanna-umyvadlo-na-desku-lity-mramor-25x25cm-bila-sn250-58372\/#breadcrumb"},"inLanguage":"cs","potentialAction":[{"@type":"ReadAction","target":["https:\/\/www.domkraftpro.com\/index.php\/produkt\/znackovy-sapho-sanna-umyvadlo-na-desku-lity-mramor-25x25cm-bila-sn250-58372\/"]}]},{"@type":"ImageObject","inLanguage":"cs","@id":"https:\/\/www.domkraftpro.com\/index.php\/produkt\/znackovy-sapho-sanna-umyvadlo-na-desku-lity-mramor-25x25cm-bila-sn250-58372\/#primaryimage","url":"https:\/\/www.domkraftpro.com\/wp-content\/uploads\/2026\/SK0009229-CZ20260425-093041-0-1777080643-ce88c785f22477cdd848b51c684129ad.webp","contentUrl":"https:\/\/www.domkraftpro.com\/wp-content\/uploads\/2026\/SK0009229-CZ20260425-093041-0-1777080643-ce88c785f22477cdd848b51c684129ad.webp","width":1000,"height":793},{"@type":"BreadcrumbList","@id":"https:\/\/www.domkraftpro.com\/index.php\/produkt\/znackovy-sapho-sanna-umyvadlo-na-desku-lity-mramor-25x25cm-bila-sn250-58372\/#breadcrumb","itemListElement":[{"@type":"ListItem","position":1,"name":"Home","item":"https:\/\/www.domkraftpro.com\/"},{"@type":"ListItem","position":2,"name":"Products","item":"https:\/\/www.domkraftpro.com\/index.php\/products\/"},{"@type":"ListItem","position":3,"name":"Zna\u010dkov\u00fd Sapho SANNA umyvadlo na desku, lit\u00fd mramor, 25x25cm, b\u00edl\u00e1 SN250"}]},{"@type":"WebSite","@id":"https:\/\/www.domkraftpro.com\/#website","url":"https:\/\/www.domkraftpro.com\/","name":"","description":"","potentialAction":[{"@type":"SearchAction","target":{"@type":"EntryPoint","urlTemplate":"https:\/\/www.domkraftpro.com\/?s={search_term_string}"},"query-input":{"@type":"PropertyValueSpecification","valueRequired":true,"valueName":"search_term_string"}}],"inLanguage":"cs"}]}},"_links":{"self":[{"href":"https:\/\/www.domkraftpro.com\/index.php\/wp-json\/wp\/v2\/product\/58372","targetHints":{"allow":["GET"]}}],"collection":[{"href":"https:\/\/www.domkraftpro.com\/index.php\/wp-json\/wp\/v2\/product"}],"about":[{"href":"https:\/\/www.domkraftpro.com\/index.php\/wp-json\/wp\/v2\/types\/product"}],"replies":[{"embeddable":true,"href":"https:\/\/www.domkraftpro.com\/index.php\/wp-json\/wp\/v2\/comments?post=58372"}],"wp:featuredmedia":[{"embeddable":true,"href":"https:\/\/www.domkraftpro.com\/index.php\/wp-json\/wp\/v2\/media\/58472"}],"wp:attachment":[{"href":"https:\/\/www.domkraftpro.com\/index.php\/wp-json\/wp\/v2\/media?parent=58372"}],"wp:term":[{"taxonomy":"product_brand","embeddable":true,"href":"https:\/\/www.domkraftpro.com\/index.php\/wp-json\/wp\/v2\/product_brand?post=58372"},{"taxonomy":"product_cat","embeddable":true,"href":"https:\/\/www.domkraftpro.com\/index.php\/wp-json\/wp\/v2\/product_cat?post=58372"},{"taxonomy":"product_tag","embeddable":true,"href":"https:\/\/www.domkraftpro.com\/index.php\/wp-json\/wp\/v2\/product_tag?post=58372"}],"curies":[{"name":"wp","href":"https:\/\/api.w.org\/{rel}","templated":true}]}}