{"id":58336,"date":"2026-04-27T04:43:02","date_gmt":"2026-04-27T04:43:02","guid":{"rendered":""},"modified":"2026-04-27T04:43:02","modified_gmt":"2026-04-27T04:43:02","slug":"znackovy-bidetova-baterie-pira-2114-cerna-matna-58336","status":"publish","type":"product","link":"https:\/\/www.domkraftpro.com\/produkt\/znackovy-bidetova-baterie-pira-2114-cerna-matna-58336\/","title":{"rendered":"Zna\u010dkov\u00fd Bidetov\u00e1 baterie PIRA 2114 &#8211; \u010dern\u00e1 matn\u00e1"},"content":{"rendered":"<div class=\"tabs__content-outer\" id=\"tab_description\" data-hash=\"description\" data-tabindex=\"-1\">\n<div class=\"tabs__content toggle_description\" id=\"content_description\">\n<div class=\"wysiwyg-content\">\n<div class=\"product__tab product__description full-width\">\n<div class=\"container\">\n<div >\n<h3>Bidetov\u00e1 baterie PIRA 2114 &#8211; \u010dern\u00e1 matn\u00e1<\/h3>\n<p><strong>Stoj\u00e1nkov\u00e1 bidetov\u00e1 baterie PIRA 21 <\/strong>nab\u00edz\u00ed trendy designov\u00e9 linie s minimem v\u00fdrazn\u00fdch detail\u016f, d\u00edky \u010demu\u017e se snadno kombinuje s ostatn\u00edmi dopl\u0148ky ve va\u0161\u00ed koupeln\u011b \u010di toalet\u011b. Konec bidetov\u00e9 baterie je opat\u0159en <strong>nastavitelnou v\u00fdpust\u00ed s perl\u00e1torem<\/strong>. Spolehliv\u00e1 a \u00fasporn\u00e1 vodovodn\u00ed baterie. <strong>Sou\u010d\u00e1st\u00ed dod\u00e1vky bidetov\u00e9 baterie jsou p\u0159\u00edvodn\u00ed hadi\u010dky a upev\u0148ovac\u00ed sada. <\/strong>Vodovodn\u00ed baterie s\u00e9rie\u00a0<strong>PIRA<\/strong>\u00a0je pro z\u00e1kazn\u00edky, kte\u0159\u00ed cht\u011bj\u00ed pohodln\u00e9, elegantn\u00ed a p\u0159itom praktick\u00e9 \u0159e\u0161en\u00ed s jednoduch\u00fdm nad\u010dasov\u00fdm designem.\u00a0<strong>Bidetov\u00e1<\/strong>\u00a0<strong>baterie<\/strong> m\u00e1 minimum detail\u016f, co\u017e produkt\u00a0opticky odleh\u010duje.\u00a0Baterie je vhodn\u00e1 pro z\u00e1v\u011bsn\u00e9 bidety, i ty voln\u011b stoj\u00edc\u00ed. K obl\u00edben\u00fdm dopl\u0148k\u016fm k bidetov\u00fdch bateri\u00ed pat\u0159\u00ed WC \u0161t\u011btky, v\u011b\u0161\u00e1ky do koupelny a mal\u00e1 umyvadla a um\u00fdv\u00e1tka.\u00a0<\/p>\n<p><strong>Upozorn\u011bn\u00ed<\/strong>: \u00davodn\u00ed fotografie je pouze ilustra\u010dn\u00ed, barevn\u00e9 proveden\u00ed je vyobrazeno v galerii.\u00a0<\/p>\n<p><strong>P\u0159ednosti bidetov\u00e9 baterie PIRA 2114:<\/strong><\/p>\n<ul>\n<li><strong>Elegance\u00a0a\u00a0modern\u00ed design<\/strong><\/li>\n<li><strong>Stoj\u00e1nkov\u00e1\u00a0p\u00e1kov\u00e1 baterie\u00a0<\/strong><\/li>\n<li><strong>Anti line aretator\u00a0<\/strong>(proti usazov\u00e1n\u00ed vodn\u00edho kamene)<\/li>\n<li><strong>Proveden\u00ed:<\/strong>\u00a0\u010dern\u00e1 matn\u00e1<\/li>\n<li><strong>Modern\u00ed perl\u00e1tor<\/strong><\/li>\n<li><strong>Prov\u011b\u0159en\u00e1<\/strong>\u00a0technologie<\/li>\n<li><strong>Keramick\u00e1 kartu\u0161e<\/strong><\/li>\n<li><strong>Nastaviteln\u00e1 v\u00fdpus\u0165\u00a0<\/strong><\/li>\n<li><strong>\u00daspora vody<\/strong><\/li>\n<li><strong>Z\u00c1RUKA 5 LET<\/strong><\/li>\n<\/ul>\n<p><b>Vlastnosti<\/b><\/p>\n<ul>\n<li><span>Materi\u00e1l:<\/span> Mosaz<\/li>\n<li><span>Barva:<\/span> \u010cern\u00e1<\/li>\n<li><span>Ovl\u00e1d\u00e1n\u00ed_baterie:<\/span> P\u00e1kov\u00e9<\/li>\n<li><span>Druh baterie:<\/span> Stoj\u00e1nkov\u00e9<\/li>\n<li><span>Vyu\u017eit\u00ed_baterie:<\/span> Koupelnov\u00e9<\/li>\n<\/ul>\n<\/div><\/div>\n<\/p><\/div>\n<\/p><\/div>\n<\/p><\/div>\n","protected":false},"excerpt":{"rendered":"<p>Bidetov\u00e1 baterie PIRA 2114 &#8211; \u010dern\u00e1 matn\u00e1 Stoj\u00e1nkov\u00e1 bidetov\u00e1 baterie PIRA 21 nab\u00edz\u00ed trendy designov\u00e9 linie s minimem v\u00fdrazn\u00fdch detail\u016f, d\u00edky \u010demu\u017e se snadno kombinuje s ostatn\u00edmi dopl\u0148ky ve va\u0161\u00ed koupeln\u011b \u010di toalet\u011b. Konec bidetov\u00e9 baterie je opat\u0159en nastavitelnou v\u00fdpust\u00ed s perl\u00e1torem. Spolehliv\u00e1 a \u00fasporn\u00e1 vodovodn\u00ed baterie. Sou\u010d\u00e1st\u00ed dod\u00e1vky bidetov\u00e9 baterie jsou p\u0159\u00edvodn\u00ed hadi\u010dky a [&hellip;]<\/p>\n","protected":false},"featured_media":58436,"comment_status":"open","ping_status":"open","template":"","meta":[],"product_brand":[],"product_cat":[95],"product_tag":[],"class_list":{"0":"post-58336","1":"product","2":"type-product","3":"status-publish","4":"has-post-thumbnail","6":"product_cat-koupelna","8":"first","9":"instock","10":"sale","11":"shipping-taxable","12":"purchasable","13":"product-type-simple"},"yoast_head":"<!-- This site is optimized with the Yoast SEO plugin v26.8 - https:\/\/yoast.com\/product\/yoast-seo-wordpress\/ -->\n<title>Zna\u010dkov\u00fd Bidetov\u00e1 baterie PIRA 2114 - \u010dern\u00e1 matn\u00e1 -<\/title>\n<meta name=\"robots\" content=\"index, follow, max-snippet:-1, max-image-preview:large, max-video-preview:-1\" \/>\n<link rel=\"canonical\" href=\"https:\/\/www.domkraftpro.com\/index.php\/produkt\/znackovy-bidetova-baterie-pira-2114-cerna-matna-58336\/\" \/>\n<meta property=\"og:locale\" content=\"cs_CZ\" \/>\n<meta property=\"og:type\" content=\"article\" \/>\n<meta property=\"og:title\" content=\"Zna\u010dkov\u00fd Bidetov\u00e1 baterie PIRA 2114 - \u010dern\u00e1 matn\u00e1 -\" \/>\n<meta property=\"og:description\" content=\"Bidetov\u00e1 baterie PIRA 2114 &#8211; \u010dern\u00e1 matn\u00e1 Stoj\u00e1nkov\u00e1 bidetov\u00e1 baterie PIRA 21 nab\u00edz\u00ed trendy designov\u00e9 linie s minimem v\u00fdrazn\u00fdch detail\u016f, d\u00edky \u010demu\u017e se snadno kombinuje s ostatn\u00edmi dopl\u0148ky ve va\u0161\u00ed koupeln\u011b \u010di toalet\u011b. Konec bidetov\u00e9 baterie je opat\u0159en nastavitelnou v\u00fdpust\u00ed s perl\u00e1torem. Spolehliv\u00e1 a \u00fasporn\u00e1 vodovodn\u00ed baterie. Sou\u010d\u00e1st\u00ed dod\u00e1vky bidetov\u00e9 baterie jsou p\u0159\u00edvodn\u00ed hadi\u010dky a [&hellip;]\" \/>\n<meta property=\"og:url\" content=\"https:\/\/www.domkraftpro.com\/index.php\/produkt\/znackovy-bidetova-baterie-pira-2114-cerna-matna-58336\/\" \/>\n<meta property=\"og:image\" content=\"https:\/\/www.domkraftpro.com\/wp-content\/uploads\/2026\/SK0009193-CZ20260425-093041-0-1777080643-bidetova-baterie-pira-2114-cerna-matna.webp\" \/>\n\t<meta property=\"og:image:width\" content=\"347\" \/>\n\t<meta property=\"og:image:height\" content=\"367\" \/>\n\t<meta property=\"og:image:type\" content=\"image\/webp\" \/>\n<meta name=\"twitter:card\" content=\"summary_large_image\" \/>\n<meta name=\"twitter:label1\" content=\"Odhadovan\u00e1 doba \u010dten\u00ed\" \/>\n\t<meta name=\"twitter:data1\" content=\"1 minuta\" \/>\n<script type=\"application\/ld+json\" class=\"yoast-schema-graph\">{\"@context\":\"https:\/\/schema.org\",\"@graph\":[{\"@type\":\"WebPage\",\"@id\":\"https:\/\/www.domkraftpro.com\/index.php\/produkt\/znackovy-bidetova-baterie-pira-2114-cerna-matna-58336\/\",\"url\":\"https:\/\/www.domkraftpro.com\/index.php\/produkt\/znackovy-bidetova-baterie-pira-2114-cerna-matna-58336\/\",\"name\":\"Zna\u010dkov\u00fd Bidetov\u00e1 baterie PIRA 2114 - \u010dern\u00e1 matn\u00e1 -\",\"isPartOf\":{\"@id\":\"https:\/\/www.domkraftpro.com\/#website\"},\"primaryImageOfPage\":{\"@id\":\"https:\/\/www.domkraftpro.com\/index.php\/produkt\/znackovy-bidetova-baterie-pira-2114-cerna-matna-58336\/#primaryimage\"},\"image\":{\"@id\":\"https:\/\/www.domkraftpro.com\/index.php\/produkt\/znackovy-bidetova-baterie-pira-2114-cerna-matna-58336\/#primaryimage\"},\"thumbnailUrl\":\"https:\/\/www.domkraftpro.com\/wp-content\/uploads\/2026\/SK0009193-CZ20260425-093041-0-1777080643-bidetova-baterie-pira-2114-cerna-matna.webp\",\"datePublished\":\"2026-04-27T04:43:02+00:00\",\"breadcrumb\":{\"@id\":\"https:\/\/www.domkraftpro.com\/index.php\/produkt\/znackovy-bidetova-baterie-pira-2114-cerna-matna-58336\/#breadcrumb\"},\"inLanguage\":\"cs\",\"potentialAction\":[{\"@type\":\"ReadAction\",\"target\":[\"https:\/\/www.domkraftpro.com\/index.php\/produkt\/znackovy-bidetova-baterie-pira-2114-cerna-matna-58336\/\"]}]},{\"@type\":\"ImageObject\",\"inLanguage\":\"cs\",\"@id\":\"https:\/\/www.domkraftpro.com\/index.php\/produkt\/znackovy-bidetova-baterie-pira-2114-cerna-matna-58336\/#primaryimage\",\"url\":\"https:\/\/www.domkraftpro.com\/wp-content\/uploads\/2026\/SK0009193-CZ20260425-093041-0-1777080643-bidetova-baterie-pira-2114-cerna-matna.webp\",\"contentUrl\":\"https:\/\/www.domkraftpro.com\/wp-content\/uploads\/2026\/SK0009193-CZ20260425-093041-0-1777080643-bidetova-baterie-pira-2114-cerna-matna.webp\",\"width\":347,\"height\":367},{\"@type\":\"BreadcrumbList\",\"@id\":\"https:\/\/www.domkraftpro.com\/index.php\/produkt\/znackovy-bidetova-baterie-pira-2114-cerna-matna-58336\/#breadcrumb\",\"itemListElement\":[{\"@type\":\"ListItem\",\"position\":1,\"name\":\"Home\",\"item\":\"https:\/\/www.domkraftpro.com\/\"},{\"@type\":\"ListItem\",\"position\":2,\"name\":\"Products\",\"item\":\"https:\/\/www.domkraftpro.com\/products\/\"},{\"@type\":\"ListItem\",\"position\":3,\"name\":\"Zna\u010dkov\u00fd Bidetov\u00e1 baterie PIRA 2114 &#8211; \u010dern\u00e1 matn\u00e1\"}]},{\"@type\":\"WebSite\",\"@id\":\"https:\/\/www.domkraftpro.com\/#website\",\"url\":\"https:\/\/www.domkraftpro.com\/\",\"name\":\"\",\"description\":\"\",\"potentialAction\":[{\"@type\":\"SearchAction\",\"target\":{\"@type\":\"EntryPoint\",\"urlTemplate\":\"https:\/\/www.domkraftpro.com\/?s={search_term_string}\"},\"query-input\":{\"@type\":\"PropertyValueSpecification\",\"valueRequired\":true,\"valueName\":\"search_term_string\"}}],\"inLanguage\":\"cs\"}]}<\/script>\n<!-- \/ Yoast SEO plugin. -->","yoast_head_json":{"title":"Zna\u010dkov\u00fd Bidetov\u00e1 baterie PIRA 2114 - \u010dern\u00e1 matn\u00e1 -","robots":{"index":"index","follow":"follow","max-snippet":"max-snippet:-1","max-image-preview":"max-image-preview:large","max-video-preview":"max-video-preview:-1"},"canonical":"https:\/\/www.domkraftpro.com\/index.php\/produkt\/znackovy-bidetova-baterie-pira-2114-cerna-matna-58336\/","og_locale":"cs_CZ","og_type":"article","og_title":"Zna\u010dkov\u00fd Bidetov\u00e1 baterie PIRA 2114 - \u010dern\u00e1 matn\u00e1 -","og_description":"Bidetov\u00e1 baterie PIRA 2114 &#8211; \u010dern\u00e1 matn\u00e1 Stoj\u00e1nkov\u00e1 bidetov\u00e1 baterie PIRA 21 nab\u00edz\u00ed trendy designov\u00e9 linie s minimem v\u00fdrazn\u00fdch detail\u016f, d\u00edky \u010demu\u017e se snadno kombinuje s ostatn\u00edmi dopl\u0148ky ve va\u0161\u00ed koupeln\u011b \u010di toalet\u011b. Konec bidetov\u00e9 baterie je opat\u0159en nastavitelnou v\u00fdpust\u00ed s perl\u00e1torem. Spolehliv\u00e1 a \u00fasporn\u00e1 vodovodn\u00ed baterie. Sou\u010d\u00e1st\u00ed dod\u00e1vky bidetov\u00e9 baterie jsou p\u0159\u00edvodn\u00ed hadi\u010dky a [&hellip;]","og_url":"https:\/\/www.domkraftpro.com\/index.php\/produkt\/znackovy-bidetova-baterie-pira-2114-cerna-matna-58336\/","og_image":[{"width":347,"height":367,"url":"https:\/\/www.domkraftpro.com\/wp-content\/uploads\/2026\/SK0009193-CZ20260425-093041-0-1777080643-bidetova-baterie-pira-2114-cerna-matna.webp","type":"image\/webp"}],"twitter_card":"summary_large_image","twitter_misc":{"Odhadovan\u00e1 doba \u010dten\u00ed":"1 minuta"},"schema":{"@context":"https:\/\/schema.org","@graph":[{"@type":"WebPage","@id":"https:\/\/www.domkraftpro.com\/index.php\/produkt\/znackovy-bidetova-baterie-pira-2114-cerna-matna-58336\/","url":"https:\/\/www.domkraftpro.com\/index.php\/produkt\/znackovy-bidetova-baterie-pira-2114-cerna-matna-58336\/","name":"Zna\u010dkov\u00fd Bidetov\u00e1 baterie PIRA 2114 - \u010dern\u00e1 matn\u00e1 -","isPartOf":{"@id":"https:\/\/www.domkraftpro.com\/#website"},"primaryImageOfPage":{"@id":"https:\/\/www.domkraftpro.com\/index.php\/produkt\/znackovy-bidetova-baterie-pira-2114-cerna-matna-58336\/#primaryimage"},"image":{"@id":"https:\/\/www.domkraftpro.com\/index.php\/produkt\/znackovy-bidetova-baterie-pira-2114-cerna-matna-58336\/#primaryimage"},"thumbnailUrl":"https:\/\/www.domkraftpro.com\/wp-content\/uploads\/2026\/SK0009193-CZ20260425-093041-0-1777080643-bidetova-baterie-pira-2114-cerna-matna.webp","datePublished":"2026-04-27T04:43:02+00:00","breadcrumb":{"@id":"https:\/\/www.domkraftpro.com\/index.php\/produkt\/znackovy-bidetova-baterie-pira-2114-cerna-matna-58336\/#breadcrumb"},"inLanguage":"cs","potentialAction":[{"@type":"ReadAction","target":["https:\/\/www.domkraftpro.com\/index.php\/produkt\/znackovy-bidetova-baterie-pira-2114-cerna-matna-58336\/"]}]},{"@type":"ImageObject","inLanguage":"cs","@id":"https:\/\/www.domkraftpro.com\/index.php\/produkt\/znackovy-bidetova-baterie-pira-2114-cerna-matna-58336\/#primaryimage","url":"https:\/\/www.domkraftpro.com\/wp-content\/uploads\/2026\/SK0009193-CZ20260425-093041-0-1777080643-bidetova-baterie-pira-2114-cerna-matna.webp","contentUrl":"https:\/\/www.domkraftpro.com\/wp-content\/uploads\/2026\/SK0009193-CZ20260425-093041-0-1777080643-bidetova-baterie-pira-2114-cerna-matna.webp","width":347,"height":367},{"@type":"BreadcrumbList","@id":"https:\/\/www.domkraftpro.com\/index.php\/produkt\/znackovy-bidetova-baterie-pira-2114-cerna-matna-58336\/#breadcrumb","itemListElement":[{"@type":"ListItem","position":1,"name":"Home","item":"https:\/\/www.domkraftpro.com\/"},{"@type":"ListItem","position":2,"name":"Products","item":"https:\/\/www.domkraftpro.com\/products\/"},{"@type":"ListItem","position":3,"name":"Zna\u010dkov\u00fd Bidetov\u00e1 baterie PIRA 2114 &#8211; \u010dern\u00e1 matn\u00e1"}]},{"@type":"WebSite","@id":"https:\/\/www.domkraftpro.com\/#website","url":"https:\/\/www.domkraftpro.com\/","name":"","description":"","potentialAction":[{"@type":"SearchAction","target":{"@type":"EntryPoint","urlTemplate":"https:\/\/www.domkraftpro.com\/?s={search_term_string}"},"query-input":{"@type":"PropertyValueSpecification","valueRequired":true,"valueName":"search_term_string"}}],"inLanguage":"cs"}]}},"_links":{"self":[{"href":"https:\/\/www.domkraftpro.com\/wp-json\/wp\/v2\/product\/58336","targetHints":{"allow":["GET"]}}],"collection":[{"href":"https:\/\/www.domkraftpro.com\/wp-json\/wp\/v2\/product"}],"about":[{"href":"https:\/\/www.domkraftpro.com\/wp-json\/wp\/v2\/types\/product"}],"replies":[{"embeddable":true,"href":"https:\/\/www.domkraftpro.com\/wp-json\/wp\/v2\/comments?post=58336"}],"wp:featuredmedia":[{"embeddable":true,"href":"https:\/\/www.domkraftpro.com\/wp-json\/wp\/v2\/media\/58436"}],"wp:attachment":[{"href":"https:\/\/www.domkraftpro.com\/wp-json\/wp\/v2\/media?parent=58336"}],"wp:term":[{"taxonomy":"product_brand","embeddable":true,"href":"https:\/\/www.domkraftpro.com\/wp-json\/wp\/v2\/product_brand?post=58336"},{"taxonomy":"product_cat","embeddable":true,"href":"https:\/\/www.domkraftpro.com\/wp-json\/wp\/v2\/product_cat?post=58336"},{"taxonomy":"product_tag","embeddable":true,"href":"https:\/\/www.domkraftpro.com\/wp-json\/wp\/v2\/product_tag?post=58336"}],"curies":[{"name":"wp","href":"https:\/\/api.w.org\/{rel}","templated":true}]}}