{"id":58333,"date":"2026-04-27T04:43:02","date_gmt":"2026-04-27T04:43:02","guid":{"rendered":""},"modified":"2026-04-27T04:43:02","modified_gmt":"2026-04-27T04:43:02","slug":"akce-polysan-asc-cistici-a-ochranny-prostredek-500-ml-94000-58333","status":"publish","type":"product","link":"https:\/\/www.domkraftpro.com\/index.php\/produkt\/akce-polysan-asc-cistici-a-ochranny-prostredek-500-ml-94000-58333\/","title":{"rendered":"Akce Polysan ASC \u010dist\u00edc\u00ed a ochrann\u00fd prost\u0159edek, 500 ml 94000"},"content":{"rendered":"<div class=\"tabs__content-outer\" id=\"tab_description\" data-hash=\"description\" data-tabindex=\"-1\">\n<div class=\"tabs__content toggle_description\" id=\"content_description\">\n<div class=\"wysiwyg-content\">\n<div class=\"product__tab product__description full-width\">\n<div class=\"container\">\n<div >\n<h3>Polysan ASC \u010dist\u00edc\u00ed a ochrann\u00fd prost\u0159edek, 500 ml 94000<\/h3>\n<p>Univerz\u00e1ln\u00ed, vysoce \u00fa\u010dinn\u00fd \u010dist\u00edc\u00ed a konzerva\u010dn\u00ed prost\u0159edek k\u202fpravideln\u00e9mu \u00faklidu s impregna\u010dn\u00ed slo\u017ekou omezuj\u00edc\u00ed usazov\u00e1n\u00ed vodn\u00edho kamene a\u202fsni\u017euj\u00edc\u00ed pot\u0159ebu \u010detnosti \u00faklidu.<br \/>Prost\u0159edek je ur\u010den\u00fd ke komplexn\u00ed \u00fadr\u017eb\u011b koupelen \u2013 myt\u00ed sprchov\u00fdch z\u00e1st\u011bn, vani\u010dek, van, vodovodn\u00edch bateri\u00ed, keramiky, apod. Zachov\u00e1v\u00e1 vysok\u00fd lesk a\u202fp\u0159\u00edjemnou v\u016fni.<\/p>\n<\/div><\/div>\n<\/p><\/div>\n<\/p><\/div>\n<\/p><\/div>\n","protected":false},"excerpt":{"rendered":"<p>Polysan ASC \u010dist\u00edc\u00ed a ochrann\u00fd prost\u0159edek, 500 ml 94000 Univerz\u00e1ln\u00ed, vysoce \u00fa\u010dinn\u00fd \u010dist\u00edc\u00ed a konzerva\u010dn\u00ed prost\u0159edek k\u202fpravideln\u00e9mu \u00faklidu s impregna\u010dn\u00ed slo\u017ekou omezuj\u00edc\u00ed usazov\u00e1n\u00ed vodn\u00edho kamene a\u202fsni\u017euj\u00edc\u00ed pot\u0159ebu \u010detnosti \u00faklidu.Prost\u0159edek je ur\u010den\u00fd ke komplexn\u00ed \u00fadr\u017eb\u011b koupelen \u2013 myt\u00ed sprchov\u00fdch z\u00e1st\u011bn, vani\u010dek, van, vodovodn\u00edch bateri\u00ed, keramiky, apod. Zachov\u00e1v\u00e1 vysok\u00fd lesk a\u202fp\u0159\u00edjemnou v\u016fni.<\/p>\n","protected":false},"featured_media":58433,"comment_status":"open","ping_status":"open","template":"","meta":[],"product_brand":[],"product_cat":[95],"product_tag":[],"class_list":{"0":"post-58333","1":"product","2":"type-product","3":"status-publish","4":"has-post-thumbnail","6":"product_cat-koupelna","8":"first","9":"instock","10":"sale","11":"shipping-taxable","12":"purchasable","13":"product-type-simple"},"yoast_head":"<!-- This site is optimized with the Yoast SEO plugin v26.8 - https:\/\/yoast.com\/product\/yoast-seo-wordpress\/ -->\n<title>Akce Polysan ASC \u010dist\u00edc\u00ed a ochrann\u00fd prost\u0159edek, 500 ml 94000 -<\/title>\n<meta name=\"robots\" content=\"index, follow, max-snippet:-1, max-image-preview:large, max-video-preview:-1\" \/>\n<link rel=\"canonical\" href=\"https:\/\/www.domkraftpro.com\/index.php\/produkt\/akce-polysan-asc-cistici-a-ochranny-prostredek-500-ml-94000-58333\/\" \/>\n<meta property=\"og:locale\" content=\"cs_CZ\" \/>\n<meta property=\"og:type\" content=\"article\" \/>\n<meta property=\"og:title\" content=\"Akce Polysan ASC \u010dist\u00edc\u00ed a ochrann\u00fd prost\u0159edek, 500 ml 94000 -\" \/>\n<meta property=\"og:description\" content=\"Polysan ASC \u010dist\u00edc\u00ed a ochrann\u00fd prost\u0159edek, 500 ml 94000 Univerz\u00e1ln\u00ed, vysoce \u00fa\u010dinn\u00fd \u010dist\u00edc\u00ed a konzerva\u010dn\u00ed prost\u0159edek k\u202fpravideln\u00e9mu \u00faklidu s impregna\u010dn\u00ed slo\u017ekou omezuj\u00edc\u00ed usazov\u00e1n\u00ed vodn\u00edho kamene a\u202fsni\u017euj\u00edc\u00ed pot\u0159ebu \u010detnosti \u00faklidu.Prost\u0159edek je ur\u010den\u00fd ke komplexn\u00ed \u00fadr\u017eb\u011b koupelen \u2013 myt\u00ed sprchov\u00fdch z\u00e1st\u011bn, vani\u010dek, van, vodovodn\u00edch bateri\u00ed, keramiky, apod. Zachov\u00e1v\u00e1 vysok\u00fd lesk a\u202fp\u0159\u00edjemnou v\u016fni.\" \/>\n<meta property=\"og:url\" content=\"https:\/\/www.domkraftpro.com\/index.php\/produkt\/akce-polysan-asc-cistici-a-ochranny-prostredek-500-ml-94000-58333\/\" \/>\n<meta property=\"og:image\" content=\"https:\/\/www.domkraftpro.com\/wp-content\/uploads\/2026\/SK0009190-CZ20260425-093041-0-1777080643-98064bb5d9b49c05fb4b51e7bf8106ec.webp\" \/>\n\t<meta property=\"og:image:width\" content=\"295\" \/>\n\t<meta property=\"og:image:height\" content=\"800\" \/>\n\t<meta property=\"og:image:type\" content=\"image\/webp\" \/>\n<meta name=\"twitter:card\" content=\"summary_large_image\" \/>\n<script type=\"application\/ld+json\" class=\"yoast-schema-graph\">{\"@context\":\"https:\/\/schema.org\",\"@graph\":[{\"@type\":\"WebPage\",\"@id\":\"https:\/\/www.domkraftpro.com\/index.php\/produkt\/akce-polysan-asc-cistici-a-ochranny-prostredek-500-ml-94000-58333\/\",\"url\":\"https:\/\/www.domkraftpro.com\/index.php\/produkt\/akce-polysan-asc-cistici-a-ochranny-prostredek-500-ml-94000-58333\/\",\"name\":\"Akce Polysan ASC \u010dist\u00edc\u00ed a ochrann\u00fd prost\u0159edek, 500 ml 94000 -\",\"isPartOf\":{\"@id\":\"https:\/\/www.domkraftpro.com\/#website\"},\"primaryImageOfPage\":{\"@id\":\"https:\/\/www.domkraftpro.com\/index.php\/produkt\/akce-polysan-asc-cistici-a-ochranny-prostredek-500-ml-94000-58333\/#primaryimage\"},\"image\":{\"@id\":\"https:\/\/www.domkraftpro.com\/index.php\/produkt\/akce-polysan-asc-cistici-a-ochranny-prostredek-500-ml-94000-58333\/#primaryimage\"},\"thumbnailUrl\":\"https:\/\/www.domkraftpro.com\/wp-content\/uploads\/2026\/SK0009190-CZ20260425-093041-0-1777080643-98064bb5d9b49c05fb4b51e7bf8106ec.webp\",\"datePublished\":\"2026-04-27T04:43:02+00:00\",\"breadcrumb\":{\"@id\":\"https:\/\/www.domkraftpro.com\/index.php\/produkt\/akce-polysan-asc-cistici-a-ochranny-prostredek-500-ml-94000-58333\/#breadcrumb\"},\"inLanguage\":\"cs\",\"potentialAction\":[{\"@type\":\"ReadAction\",\"target\":[\"https:\/\/www.domkraftpro.com\/index.php\/produkt\/akce-polysan-asc-cistici-a-ochranny-prostredek-500-ml-94000-58333\/\"]}]},{\"@type\":\"ImageObject\",\"inLanguage\":\"cs\",\"@id\":\"https:\/\/www.domkraftpro.com\/index.php\/produkt\/akce-polysan-asc-cistici-a-ochranny-prostredek-500-ml-94000-58333\/#primaryimage\",\"url\":\"https:\/\/www.domkraftpro.com\/wp-content\/uploads\/2026\/SK0009190-CZ20260425-093041-0-1777080643-98064bb5d9b49c05fb4b51e7bf8106ec.webp\",\"contentUrl\":\"https:\/\/www.domkraftpro.com\/wp-content\/uploads\/2026\/SK0009190-CZ20260425-093041-0-1777080643-98064bb5d9b49c05fb4b51e7bf8106ec.webp\",\"width\":295,\"height\":800},{\"@type\":\"BreadcrumbList\",\"@id\":\"https:\/\/www.domkraftpro.com\/index.php\/produkt\/akce-polysan-asc-cistici-a-ochranny-prostredek-500-ml-94000-58333\/#breadcrumb\",\"itemListElement\":[{\"@type\":\"ListItem\",\"position\":1,\"name\":\"Home\",\"item\":\"https:\/\/www.domkraftpro.com\/\"},{\"@type\":\"ListItem\",\"position\":2,\"name\":\"Products\",\"item\":\"https:\/\/www.domkraftpro.com\/index.php\/products\/\"},{\"@type\":\"ListItem\",\"position\":3,\"name\":\"Akce Polysan ASC \u010dist\u00edc\u00ed a ochrann\u00fd prost\u0159edek, 500 ml 94000\"}]},{\"@type\":\"WebSite\",\"@id\":\"https:\/\/www.domkraftpro.com\/#website\",\"url\":\"https:\/\/www.domkraftpro.com\/\",\"name\":\"\",\"description\":\"\",\"potentialAction\":[{\"@type\":\"SearchAction\",\"target\":{\"@type\":\"EntryPoint\",\"urlTemplate\":\"https:\/\/www.domkraftpro.com\/?s={search_term_string}\"},\"query-input\":{\"@type\":\"PropertyValueSpecification\",\"valueRequired\":true,\"valueName\":\"search_term_string\"}}],\"inLanguage\":\"cs\"}]}<\/script>\n<!-- \/ Yoast SEO plugin. -->","yoast_head_json":{"title":"Akce Polysan ASC \u010dist\u00edc\u00ed a ochrann\u00fd prost\u0159edek, 500 ml 94000 -","robots":{"index":"index","follow":"follow","max-snippet":"max-snippet:-1","max-image-preview":"max-image-preview:large","max-video-preview":"max-video-preview:-1"},"canonical":"https:\/\/www.domkraftpro.com\/index.php\/produkt\/akce-polysan-asc-cistici-a-ochranny-prostredek-500-ml-94000-58333\/","og_locale":"cs_CZ","og_type":"article","og_title":"Akce Polysan ASC \u010dist\u00edc\u00ed a ochrann\u00fd prost\u0159edek, 500 ml 94000 -","og_description":"Polysan ASC \u010dist\u00edc\u00ed a ochrann\u00fd prost\u0159edek, 500 ml 94000 Univerz\u00e1ln\u00ed, vysoce \u00fa\u010dinn\u00fd \u010dist\u00edc\u00ed a konzerva\u010dn\u00ed prost\u0159edek k\u202fpravideln\u00e9mu \u00faklidu s impregna\u010dn\u00ed slo\u017ekou omezuj\u00edc\u00ed usazov\u00e1n\u00ed vodn\u00edho kamene a\u202fsni\u017euj\u00edc\u00ed pot\u0159ebu \u010detnosti \u00faklidu.Prost\u0159edek je ur\u010den\u00fd ke komplexn\u00ed \u00fadr\u017eb\u011b koupelen \u2013 myt\u00ed sprchov\u00fdch z\u00e1st\u011bn, vani\u010dek, van, vodovodn\u00edch bateri\u00ed, keramiky, apod. Zachov\u00e1v\u00e1 vysok\u00fd lesk a\u202fp\u0159\u00edjemnou v\u016fni.","og_url":"https:\/\/www.domkraftpro.com\/index.php\/produkt\/akce-polysan-asc-cistici-a-ochranny-prostredek-500-ml-94000-58333\/","og_image":[{"width":295,"height":800,"url":"https:\/\/www.domkraftpro.com\/wp-content\/uploads\/2026\/SK0009190-CZ20260425-093041-0-1777080643-98064bb5d9b49c05fb4b51e7bf8106ec.webp","type":"image\/webp"}],"twitter_card":"summary_large_image","schema":{"@context":"https:\/\/schema.org","@graph":[{"@type":"WebPage","@id":"https:\/\/www.domkraftpro.com\/index.php\/produkt\/akce-polysan-asc-cistici-a-ochranny-prostredek-500-ml-94000-58333\/","url":"https:\/\/www.domkraftpro.com\/index.php\/produkt\/akce-polysan-asc-cistici-a-ochranny-prostredek-500-ml-94000-58333\/","name":"Akce Polysan ASC \u010dist\u00edc\u00ed a ochrann\u00fd prost\u0159edek, 500 ml 94000 -","isPartOf":{"@id":"https:\/\/www.domkraftpro.com\/#website"},"primaryImageOfPage":{"@id":"https:\/\/www.domkraftpro.com\/index.php\/produkt\/akce-polysan-asc-cistici-a-ochranny-prostredek-500-ml-94000-58333\/#primaryimage"},"image":{"@id":"https:\/\/www.domkraftpro.com\/index.php\/produkt\/akce-polysan-asc-cistici-a-ochranny-prostredek-500-ml-94000-58333\/#primaryimage"},"thumbnailUrl":"https:\/\/www.domkraftpro.com\/wp-content\/uploads\/2026\/SK0009190-CZ20260425-093041-0-1777080643-98064bb5d9b49c05fb4b51e7bf8106ec.webp","datePublished":"2026-04-27T04:43:02+00:00","breadcrumb":{"@id":"https:\/\/www.domkraftpro.com\/index.php\/produkt\/akce-polysan-asc-cistici-a-ochranny-prostredek-500-ml-94000-58333\/#breadcrumb"},"inLanguage":"cs","potentialAction":[{"@type":"ReadAction","target":["https:\/\/www.domkraftpro.com\/index.php\/produkt\/akce-polysan-asc-cistici-a-ochranny-prostredek-500-ml-94000-58333\/"]}]},{"@type":"ImageObject","inLanguage":"cs","@id":"https:\/\/www.domkraftpro.com\/index.php\/produkt\/akce-polysan-asc-cistici-a-ochranny-prostredek-500-ml-94000-58333\/#primaryimage","url":"https:\/\/www.domkraftpro.com\/wp-content\/uploads\/2026\/SK0009190-CZ20260425-093041-0-1777080643-98064bb5d9b49c05fb4b51e7bf8106ec.webp","contentUrl":"https:\/\/www.domkraftpro.com\/wp-content\/uploads\/2026\/SK0009190-CZ20260425-093041-0-1777080643-98064bb5d9b49c05fb4b51e7bf8106ec.webp","width":295,"height":800},{"@type":"BreadcrumbList","@id":"https:\/\/www.domkraftpro.com\/index.php\/produkt\/akce-polysan-asc-cistici-a-ochranny-prostredek-500-ml-94000-58333\/#breadcrumb","itemListElement":[{"@type":"ListItem","position":1,"name":"Home","item":"https:\/\/www.domkraftpro.com\/"},{"@type":"ListItem","position":2,"name":"Products","item":"https:\/\/www.domkraftpro.com\/index.php\/products\/"},{"@type":"ListItem","position":3,"name":"Akce Polysan ASC \u010dist\u00edc\u00ed a ochrann\u00fd prost\u0159edek, 500 ml 94000"}]},{"@type":"WebSite","@id":"https:\/\/www.domkraftpro.com\/#website","url":"https:\/\/www.domkraftpro.com\/","name":"","description":"","potentialAction":[{"@type":"SearchAction","target":{"@type":"EntryPoint","urlTemplate":"https:\/\/www.domkraftpro.com\/?s={search_term_string}"},"query-input":{"@type":"PropertyValueSpecification","valueRequired":true,"valueName":"search_term_string"}}],"inLanguage":"cs"}]}},"_links":{"self":[{"href":"https:\/\/www.domkraftpro.com\/index.php\/wp-json\/wp\/v2\/product\/58333","targetHints":{"allow":["GET"]}}],"collection":[{"href":"https:\/\/www.domkraftpro.com\/index.php\/wp-json\/wp\/v2\/product"}],"about":[{"href":"https:\/\/www.domkraftpro.com\/index.php\/wp-json\/wp\/v2\/types\/product"}],"replies":[{"embeddable":true,"href":"https:\/\/www.domkraftpro.com\/index.php\/wp-json\/wp\/v2\/comments?post=58333"}],"wp:featuredmedia":[{"embeddable":true,"href":"https:\/\/www.domkraftpro.com\/index.php\/wp-json\/wp\/v2\/media\/58433"}],"wp:attachment":[{"href":"https:\/\/www.domkraftpro.com\/index.php\/wp-json\/wp\/v2\/media?parent=58333"}],"wp:term":[{"taxonomy":"product_brand","embeddable":true,"href":"https:\/\/www.domkraftpro.com\/index.php\/wp-json\/wp\/v2\/product_brand?post=58333"},{"taxonomy":"product_cat","embeddable":true,"href":"https:\/\/www.domkraftpro.com\/index.php\/wp-json\/wp\/v2\/product_cat?post=58333"},{"taxonomy":"product_tag","embeddable":true,"href":"https:\/\/www.domkraftpro.com\/index.php\/wp-json\/wp\/v2\/product_tag?post=58333"}],"curies":[{"name":"wp","href":"https:\/\/api.w.org\/{rel}","templated":true}]}}