{"id":58114,"date":"2026-04-27T04:43:02","date_gmt":"2026-04-27T04:43:02","guid":{"rendered":""},"modified":"2026-04-27T04:43:02","modified_gmt":"2026-04-27T04:43:02","slug":"akce-sapho-handicap-madlo-sklopne-s-opernou-nohou-813mm-nerez-lesk-xh523-58114","status":"publish","type":"product","link":"https:\/\/www.domkraftpro.com\/produkt\/akce-sapho-handicap-madlo-sklopne-s-opernou-nohou-813mm-nerez-lesk-xh523-58114\/","title":{"rendered":"Akce Sapho HANDICAP madlo sklopn\u00e9 s op\u011brnou nohou 813mm, nerez lesk XH523"},"content":{"rendered":"<div class=\"tabs__content-outer\" id=\"tab_description\" data-hash=\"description\" data-tabindex=\"-1\">\n<div class=\"tabs__content toggle_description\" id=\"content_description\">\n<div class=\"wysiwyg-content\">\n<div class=\"product__tab product__description full-width\">\n<div class=\"container\">\n<div >\n<h3>Sapho HANDICAP madlo sklopn\u00e9 s op\u011brnou nohou 813mm, nerez lesk XH523<\/h3>\n<p><\/p>\n<p><b>Vlastnosti<\/b><\/p>\n<ul>\n<li><span>Materi\u00e1l:<\/span> Nerez<\/li>\n<li><span>Barva:<\/span> Nerez le\u0161t\u011bn\u00fd<\/li>\n<li><span>Instalace:<\/span> Vrt\u00e1n\u00ed<\/li>\n<li><span>Tvar:<\/span> Ostatn\u00ed tvary<\/li>\n<li><span>Rozm\u011br:<\/span> 100x800x829 mm<\/li>\n<li><span>Druh:<\/span> Madlo<\/li>\n<li><span>\u0160\u00ed\u0159ka:<\/span> 100 mm<\/li>\n<li><span>V\u00fd\u0161ka:<\/span> 800 mm<\/li>\n<li><span>Hloubka:<\/span> 829 mm<\/li>\n<li><span>Nosnost:<\/span> 120 kg<\/li>\n<\/ul>\n<\/div><\/div>\n<\/p><\/div>\n<\/p><\/div>\n<\/p><\/div>\n","protected":false},"excerpt":{"rendered":"<p>Sapho HANDICAP madlo sklopn\u00e9 s op\u011brnou nohou 813mm, nerez lesk XH523 Vlastnosti Materi\u00e1l: Nerez Barva: Nerez le\u0161t\u011bn\u00fd Instalace: Vrt\u00e1n\u00ed Tvar: Ostatn\u00ed tvary Rozm\u011br: 100x800x829 mm Druh: Madlo \u0160\u00ed\u0159ka: 100 mm V\u00fd\u0161ka: 800 mm Hloubka: 829 mm Nosnost: 120 kg<\/p>\n","protected":false},"featured_media":58214,"template":"","meta":[],"product_brand":[],"product_cat":[95],"product_tag":[],"class_list":{"0":"post-58114","1":"product","2":"type-product","3":"status-publish","4":"has-post-thumbnail","6":"product_cat-koupelna","8":"first","9":"instock","10":"sale","11":"shipping-taxable","12":"purchasable","13":"product-type-simple"},"yoast_head":"<!-- This site is optimized with the Yoast SEO plugin v26.8 - https:\/\/yoast.com\/product\/yoast-seo-wordpress\/ -->\n<title>Akce Sapho HANDICAP madlo sklopn\u00e9 s op\u011brnou nohou 813mm, nerez lesk XH523 - Koupelna &amp; N\u00e1\u0159ad\u00ed &amp; Osv\u011btlen\u00ed a Stavebn\u00ed pot\u0159by<\/title>\n<meta name=\"robots\" content=\"index, follow, max-snippet:-1, max-image-preview:large, max-video-preview:-1\" \/>\n<link rel=\"canonical\" href=\"https:\/\/www.domkraftpro.com\/index.php\/produkt\/akce-sapho-handicap-madlo-sklopne-s-opernou-nohou-813mm-nerez-lesk-xh523-58114\/\" \/>\n<meta property=\"og:locale\" content=\"cs_CZ\" \/>\n<meta property=\"og:type\" content=\"article\" \/>\n<meta property=\"og:title\" content=\"Akce Sapho HANDICAP madlo sklopn\u00e9 s op\u011brnou nohou 813mm, nerez lesk XH523 - Koupelna &amp; N\u00e1\u0159ad\u00ed &amp; Osv\u011btlen\u00ed a Stavebn\u00ed pot\u0159by\" \/>\n<meta property=\"og:description\" content=\"Sapho HANDICAP madlo sklopn\u00e9 s op\u011brnou nohou 813mm, nerez lesk XH523 Vlastnosti Materi\u00e1l: Nerez Barva: Nerez le\u0161t\u011bn\u00fd Instalace: Vrt\u00e1n\u00ed Tvar: Ostatn\u00ed tvary Rozm\u011br: 100x800x829 mm Druh: Madlo \u0160\u00ed\u0159ka: 100 mm V\u00fd\u0161ka: 800 mm Hloubka: 829 mm Nosnost: 120 kg\" \/>\n<meta property=\"og:url\" content=\"https:\/\/www.domkraftpro.com\/index.php\/produkt\/akce-sapho-handicap-madlo-sklopne-s-opernou-nohou-813mm-nerez-lesk-xh523-58114\/\" \/>\n<meta property=\"og:site_name\" content=\"Koupelna &amp; N\u00e1\u0159ad\u00ed &amp; Osv\u011btlen\u00ed a Stavebn\u00ed pot\u0159by\" \/>\n<meta property=\"og:image\" content=\"https:\/\/www.domkraftpro.com\/wp-content\/uploads\/2026\/SK0009068-CZ20260425-093041-0-1777080643-322d0869f714142556af77ab33bc97c6.webp\" \/>\n\t<meta property=\"og:image:width\" content=\"683\" \/>\n\t<meta property=\"og:image:height\" content=\"800\" \/>\n\t<meta property=\"og:image:type\" content=\"image\/webp\" \/>\n<meta name=\"twitter:card\" content=\"summary_large_image\" \/>\n<script type=\"application\/ld+json\" class=\"yoast-schema-graph\">{\"@context\":\"https:\/\/schema.org\",\"@graph\":[{\"@type\":\"WebPage\",\"@id\":\"https:\/\/www.domkraftpro.com\/index.php\/produkt\/akce-sapho-handicap-madlo-sklopne-s-opernou-nohou-813mm-nerez-lesk-xh523-58114\/\",\"url\":\"https:\/\/www.domkraftpro.com\/index.php\/produkt\/akce-sapho-handicap-madlo-sklopne-s-opernou-nohou-813mm-nerez-lesk-xh523-58114\/\",\"name\":\"Akce Sapho HANDICAP madlo sklopn\u00e9 s op\u011brnou nohou 813mm, nerez lesk XH523 - Koupelna &amp; N\u00e1\u0159ad\u00ed &amp; Osv\u011btlen\u00ed a Stavebn\u00ed pot\u0159by\",\"isPartOf\":{\"@id\":\"https:\/\/www.domkraftpro.com\/#website\"},\"primaryImageOfPage\":{\"@id\":\"https:\/\/www.domkraftpro.com\/index.php\/produkt\/akce-sapho-handicap-madlo-sklopne-s-opernou-nohou-813mm-nerez-lesk-xh523-58114\/#primaryimage\"},\"image\":{\"@id\":\"https:\/\/www.domkraftpro.com\/index.php\/produkt\/akce-sapho-handicap-madlo-sklopne-s-opernou-nohou-813mm-nerez-lesk-xh523-58114\/#primaryimage\"},\"thumbnailUrl\":\"https:\/\/www.domkraftpro.com\/wp-content\/uploads\/2026\/SK0009068-CZ20260425-093041-0-1777080643-322d0869f714142556af77ab33bc97c6.webp\",\"datePublished\":\"2026-04-27T04:43:02+00:00\",\"breadcrumb\":{\"@id\":\"https:\/\/www.domkraftpro.com\/index.php\/produkt\/akce-sapho-handicap-madlo-sklopne-s-opernou-nohou-813mm-nerez-lesk-xh523-58114\/#breadcrumb\"},\"inLanguage\":\"cs\",\"potentialAction\":[{\"@type\":\"ReadAction\",\"target\":[\"https:\/\/www.domkraftpro.com\/index.php\/produkt\/akce-sapho-handicap-madlo-sklopne-s-opernou-nohou-813mm-nerez-lesk-xh523-58114\/\"]}]},{\"@type\":\"ImageObject\",\"inLanguage\":\"cs\",\"@id\":\"https:\/\/www.domkraftpro.com\/index.php\/produkt\/akce-sapho-handicap-madlo-sklopne-s-opernou-nohou-813mm-nerez-lesk-xh523-58114\/#primaryimage\",\"url\":\"https:\/\/www.domkraftpro.com\/wp-content\/uploads\/2026\/SK0009068-CZ20260425-093041-0-1777080643-322d0869f714142556af77ab33bc97c6.webp\",\"contentUrl\":\"https:\/\/www.domkraftpro.com\/wp-content\/uploads\/2026\/SK0009068-CZ20260425-093041-0-1777080643-322d0869f714142556af77ab33bc97c6.webp\",\"width\":683,\"height\":800},{\"@type\":\"BreadcrumbList\",\"@id\":\"https:\/\/www.domkraftpro.com\/index.php\/produkt\/akce-sapho-handicap-madlo-sklopne-s-opernou-nohou-813mm-nerez-lesk-xh523-58114\/#breadcrumb\",\"itemListElement\":[{\"@type\":\"ListItem\",\"position\":1,\"name\":\"Home\",\"item\":\"https:\/\/www.domkraftpro.com\/\"},{\"@type\":\"ListItem\",\"position\":2,\"name\":\"Products\",\"item\":\"https:\/\/www.domkraftpro.com\/products\/\"},{\"@type\":\"ListItem\",\"position\":3,\"name\":\"Akce Sapho HANDICAP madlo sklopn\u00e9 s op\u011brnou nohou 813mm, nerez lesk XH523\"}]},{\"@type\":\"WebSite\",\"@id\":\"https:\/\/www.domkraftpro.com\/#website\",\"url\":\"https:\/\/www.domkraftpro.com\/\",\"name\":\"Koupelna &amp; N\u00e1\u0159ad\u00ed &amp; Osv\u011btlen\u00ed a Stavebn\u00ed pot\u0159by\",\"description\":\"Koupelna &amp; N\u00e1\u0159ad\u00ed &amp; Osv\u011btlen\u00ed a Stavebn\u00ed pot\u0159by\",\"publisher\":{\"@id\":\"https:\/\/www.domkraftpro.com\/#organization\"},\"potentialAction\":[{\"@type\":\"SearchAction\",\"target\":{\"@type\":\"EntryPoint\",\"urlTemplate\":\"https:\/\/www.domkraftpro.com\/?s={search_term_string}\"},\"query-input\":{\"@type\":\"PropertyValueSpecification\",\"valueRequired\":true,\"valueName\":\"search_term_string\"}}],\"inLanguage\":\"cs\"},{\"@type\":\"Organization\",\"@id\":\"https:\/\/www.domkraftpro.com\/#organization\",\"name\":\"Koupelna &amp; N\u00e1\u0159ad\u00ed &amp; Osv\u011btlen\u00ed a Stavebn\u00ed pot\u0159by\",\"url\":\"https:\/\/www.domkraftpro.com\/\",\"logo\":{\"@type\":\"ImageObject\",\"inLanguage\":\"cs\",\"@id\":\"https:\/\/www.domkraftpro.com\/#\/schema\/logo\/image\/\",\"url\":\"https:\/\/www.domkraftpro.com\/wp-content\/uploads\/2026\/04\/domkraftpro_logo.svg\",\"contentUrl\":\"https:\/\/www.domkraftpro.com\/wp-content\/uploads\/2026\/04\/domkraftpro_logo.svg\",\"width\":760,\"height\":180,\"caption\":\"Koupelna &amp; N\u00e1\u0159ad\u00ed &amp; Osv\u011btlen\u00ed a Stavebn\u00ed pot\u0159by\"},\"image\":{\"@id\":\"https:\/\/www.domkraftpro.com\/#\/schema\/logo\/image\/\"}}]}<\/script>\n<!-- \/ Yoast SEO plugin. -->","yoast_head_json":{"title":"Akce Sapho HANDICAP madlo sklopn\u00e9 s op\u011brnou nohou 813mm, nerez lesk XH523 - Koupelna &amp; N\u00e1\u0159ad\u00ed &amp; Osv\u011btlen\u00ed a Stavebn\u00ed pot\u0159by","robots":{"index":"index","follow":"follow","max-snippet":"max-snippet:-1","max-image-preview":"max-image-preview:large","max-video-preview":"max-video-preview:-1"},"canonical":"https:\/\/www.domkraftpro.com\/index.php\/produkt\/akce-sapho-handicap-madlo-sklopne-s-opernou-nohou-813mm-nerez-lesk-xh523-58114\/","og_locale":"cs_CZ","og_type":"article","og_title":"Akce Sapho HANDICAP madlo sklopn\u00e9 s op\u011brnou nohou 813mm, nerez lesk XH523 - Koupelna &amp; N\u00e1\u0159ad\u00ed &amp; Osv\u011btlen\u00ed a Stavebn\u00ed pot\u0159by","og_description":"Sapho HANDICAP madlo sklopn\u00e9 s op\u011brnou nohou 813mm, nerez lesk XH523 Vlastnosti Materi\u00e1l: Nerez Barva: Nerez le\u0161t\u011bn\u00fd Instalace: Vrt\u00e1n\u00ed Tvar: Ostatn\u00ed tvary Rozm\u011br: 100x800x829 mm Druh: Madlo \u0160\u00ed\u0159ka: 100 mm V\u00fd\u0161ka: 800 mm Hloubka: 829 mm Nosnost: 120 kg","og_url":"https:\/\/www.domkraftpro.com\/index.php\/produkt\/akce-sapho-handicap-madlo-sklopne-s-opernou-nohou-813mm-nerez-lesk-xh523-58114\/","og_site_name":"Koupelna &amp; N\u00e1\u0159ad\u00ed &amp; Osv\u011btlen\u00ed a Stavebn\u00ed pot\u0159by","og_image":[{"width":683,"height":800,"url":"https:\/\/www.domkraftpro.com\/wp-content\/uploads\/2026\/SK0009068-CZ20260425-093041-0-1777080643-322d0869f714142556af77ab33bc97c6.webp","type":"image\/webp"}],"twitter_card":"summary_large_image","schema":{"@context":"https:\/\/schema.org","@graph":[{"@type":"WebPage","@id":"https:\/\/www.domkraftpro.com\/index.php\/produkt\/akce-sapho-handicap-madlo-sklopne-s-opernou-nohou-813mm-nerez-lesk-xh523-58114\/","url":"https:\/\/www.domkraftpro.com\/index.php\/produkt\/akce-sapho-handicap-madlo-sklopne-s-opernou-nohou-813mm-nerez-lesk-xh523-58114\/","name":"Akce Sapho HANDICAP madlo sklopn\u00e9 s op\u011brnou nohou 813mm, nerez lesk XH523 - Koupelna &amp; N\u00e1\u0159ad\u00ed &amp; Osv\u011btlen\u00ed a Stavebn\u00ed pot\u0159by","isPartOf":{"@id":"https:\/\/www.domkraftpro.com\/#website"},"primaryImageOfPage":{"@id":"https:\/\/www.domkraftpro.com\/index.php\/produkt\/akce-sapho-handicap-madlo-sklopne-s-opernou-nohou-813mm-nerez-lesk-xh523-58114\/#primaryimage"},"image":{"@id":"https:\/\/www.domkraftpro.com\/index.php\/produkt\/akce-sapho-handicap-madlo-sklopne-s-opernou-nohou-813mm-nerez-lesk-xh523-58114\/#primaryimage"},"thumbnailUrl":"https:\/\/www.domkraftpro.com\/wp-content\/uploads\/2026\/SK0009068-CZ20260425-093041-0-1777080643-322d0869f714142556af77ab33bc97c6.webp","datePublished":"2026-04-27T04:43:02+00:00","breadcrumb":{"@id":"https:\/\/www.domkraftpro.com\/index.php\/produkt\/akce-sapho-handicap-madlo-sklopne-s-opernou-nohou-813mm-nerez-lesk-xh523-58114\/#breadcrumb"},"inLanguage":"cs","potentialAction":[{"@type":"ReadAction","target":["https:\/\/www.domkraftpro.com\/index.php\/produkt\/akce-sapho-handicap-madlo-sklopne-s-opernou-nohou-813mm-nerez-lesk-xh523-58114\/"]}]},{"@type":"ImageObject","inLanguage":"cs","@id":"https:\/\/www.domkraftpro.com\/index.php\/produkt\/akce-sapho-handicap-madlo-sklopne-s-opernou-nohou-813mm-nerez-lesk-xh523-58114\/#primaryimage","url":"https:\/\/www.domkraftpro.com\/wp-content\/uploads\/2026\/SK0009068-CZ20260425-093041-0-1777080643-322d0869f714142556af77ab33bc97c6.webp","contentUrl":"https:\/\/www.domkraftpro.com\/wp-content\/uploads\/2026\/SK0009068-CZ20260425-093041-0-1777080643-322d0869f714142556af77ab33bc97c6.webp","width":683,"height":800},{"@type":"BreadcrumbList","@id":"https:\/\/www.domkraftpro.com\/index.php\/produkt\/akce-sapho-handicap-madlo-sklopne-s-opernou-nohou-813mm-nerez-lesk-xh523-58114\/#breadcrumb","itemListElement":[{"@type":"ListItem","position":1,"name":"Home","item":"https:\/\/www.domkraftpro.com\/"},{"@type":"ListItem","position":2,"name":"Products","item":"https:\/\/www.domkraftpro.com\/products\/"},{"@type":"ListItem","position":3,"name":"Akce Sapho HANDICAP madlo sklopn\u00e9 s op\u011brnou nohou 813mm, nerez lesk XH523"}]},{"@type":"WebSite","@id":"https:\/\/www.domkraftpro.com\/#website","url":"https:\/\/www.domkraftpro.com\/","name":"Koupelna &amp; N\u00e1\u0159ad\u00ed &amp; Osv\u011btlen\u00ed a Stavebn\u00ed pot\u0159by","description":"Koupelna &amp; N\u00e1\u0159ad\u00ed &amp; Osv\u011btlen\u00ed a Stavebn\u00ed pot\u0159by","publisher":{"@id":"https:\/\/www.domkraftpro.com\/#organization"},"potentialAction":[{"@type":"SearchAction","target":{"@type":"EntryPoint","urlTemplate":"https:\/\/www.domkraftpro.com\/?s={search_term_string}"},"query-input":{"@type":"PropertyValueSpecification","valueRequired":true,"valueName":"search_term_string"}}],"inLanguage":"cs"},{"@type":"Organization","@id":"https:\/\/www.domkraftpro.com\/#organization","name":"Koupelna &amp; N\u00e1\u0159ad\u00ed &amp; Osv\u011btlen\u00ed a Stavebn\u00ed pot\u0159by","url":"https:\/\/www.domkraftpro.com\/","logo":{"@type":"ImageObject","inLanguage":"cs","@id":"https:\/\/www.domkraftpro.com\/#\/schema\/logo\/image\/","url":"https:\/\/www.domkraftpro.com\/wp-content\/uploads\/2026\/04\/domkraftpro_logo.svg","contentUrl":"https:\/\/www.domkraftpro.com\/wp-content\/uploads\/2026\/04\/domkraftpro_logo.svg","width":760,"height":180,"caption":"Koupelna &amp; N\u00e1\u0159ad\u00ed &amp; Osv\u011btlen\u00ed a Stavebn\u00ed pot\u0159by"},"image":{"@id":"https:\/\/www.domkraftpro.com\/#\/schema\/logo\/image\/"}}]}},"_links":{"self":[{"href":"https:\/\/www.domkraftpro.com\/wp-json\/wp\/v2\/product\/58114","targetHints":{"allow":["GET"]}}],"collection":[{"href":"https:\/\/www.domkraftpro.com\/wp-json\/wp\/v2\/product"}],"about":[{"href":"https:\/\/www.domkraftpro.com\/wp-json\/wp\/v2\/types\/product"}],"wp:featuredmedia":[{"embeddable":true,"href":"https:\/\/www.domkraftpro.com\/wp-json\/wp\/v2\/media\/58214"}],"wp:attachment":[{"href":"https:\/\/www.domkraftpro.com\/wp-json\/wp\/v2\/media?parent=58114"}],"wp:term":[{"taxonomy":"product_brand","embeddable":true,"href":"https:\/\/www.domkraftpro.com\/wp-json\/wp\/v2\/product_brand?post=58114"},{"taxonomy":"product_cat","embeddable":true,"href":"https:\/\/www.domkraftpro.com\/wp-json\/wp\/v2\/product_cat?post=58114"},{"taxonomy":"product_tag","embeddable":true,"href":"https:\/\/www.domkraftpro.com\/wp-json\/wp\/v2\/product_tag?post=58114"}],"curies":[{"name":"wp","href":"https:\/\/api.w.org\/{rel}","templated":true}]}}