{"id":5770,"date":"2026-04-27T04:40:35","date_gmt":"2026-04-27T04:40:35","guid":{"rendered":""},"modified":"2026-04-27T04:40:35","modified_gmt":"2026-04-27T04:40:35","slug":"akce-prosperplast-podstavec-prosperplast-pod-sud-na-destovou-vodu-basecan-antracit-5770","status":"publish","type":"product","link":"https:\/\/www.domkraftpro.com\/produkt\/akce-prosperplast-podstavec-prosperplast-pod-sud-na-destovou-vodu-basecan-antracit-5770\/","title":{"rendered":"Akce Prosperplast Podstavec Prosperplast pod sud na de\u0161\u0165ovou vodu BASECAN antracit"},"content":{"rendered":"<div class=\"detail-description__right\">\n<div class=\"parameters\">\n<div class=\"table table--simple\">\n<table>\n<tbody>\n<tr>\n<td colspan=\"2\">\n<h4>Vlastnosti<\/h4>\n<\/td>\n<\/tr>\n<tr>\n<td>Materi\u00e1l<\/td>\n<td>plast<\/td>\n<\/tr>\n<tr>\n<td>V\u00fd\u0161ka<\/td>\n<td>23 cm<\/td>\n<\/tr>\n<tr>\n<td>\u0160\u00ed\u0159ka<\/td>\n<td>51,2\u00a0cm<\/td>\n<\/tr>\n<tr>\n<td>D\u00e9lka<\/td>\n<td>51,2\u00a0cm<\/td>\n<\/tr>\n<tr>\n<td>Barva<\/td>\n<td>antracit<\/td>\n<\/tr>\n<tr>\n<td>Hmotnost<\/td>\n<td>1,5\u00a0kg<\/td>\n<\/tr>\n<tr>\n<td colspan=\"2\">\n<h4>Parametry<\/h4>\n<\/td>\n<\/tr>\n<tr>\n<td>P\u016fvod<\/td>\n<td>Vyrobeno v\u00a0PL<\/td>\n<\/tr>\n<tr>\n<td>Z\u00e1ruka<\/td>\n<td>2 roky<\/td>\n<\/tr>\n<tr>\n<td>Zna\u010dka<\/td>\n<td>Prosperplast<\/td>\n<\/tr>\n<\/tbody>\n<\/table><\/div>\n<\/div><\/div>\n<div class=\"detail-description__top\">\t\t\t\t<\/div>\n<div class=\"detail-description__left\">\n<div class=\"detail-description__left__overflow\">\n<div class=\"detail-description__left__head\">\t\t\t\t\t\tPopis:\t\t\t\t\t<\/div>\n<div class=\"ul-style ul-style--check\">\n<p>Podstavec dost\u00e1v\u00e1 sud do v\u011bt\u0161\u00ed v\u00fd\u0161ky, d\u00edky \u010demu\u017e\u00a0l\u00e9pe zp\u0159\u00edstup\u0148uje v\u00fdpus\u0165 sudu. T\u00edm usnad\u0148uje odpou\u0161t\u011bn\u00ed vody t\u0159eba do konve nebo k\u00fdble. <strong>Podstavec je vhodn\u00fd k sud\u016fm Waterform Aquacan Baby a Waterform Aquacan.<\/strong><\/p>\n<\/div>\n<div class=\"detail-description__left__more\">\t\t\t\t\t\t<span> <\/span><span> <\/span>\t\t\t\t\t<\/div>\n<\/p><\/div>\n<\/p><\/div>\n<div class=\"detail-description__more\"><span> <\/span><span> <\/span><\/div>\n<\/p><\/div>\n<\/p><\/div>\n","protected":false},"excerpt":{"rendered":"<p>Vlastnosti Materi\u00e1l plast V\u00fd\u0161ka 23 cm \u0160\u00ed\u0159ka 51,2\u00a0cm D\u00e9lka 51,2\u00a0cm Barva antracit Hmotnost 1,5\u00a0kg Parametry P\u016fvod Vyrobeno v\u00a0PL Z\u00e1ruka 2 roky Zna\u010dka Prosperplast Popis: Podstavec dost\u00e1v\u00e1 sud do v\u011bt\u0161\u00ed v\u00fd\u0161ky, d\u00edky \u010demu\u017e\u00a0l\u00e9pe zp\u0159\u00edstup\u0148uje v\u00fdpus\u0165 sudu. T\u00edm usnad\u0148uje odpou\u0161t\u011bn\u00ed vody t\u0159eba do konve nebo k\u00fdble. Podstavec je vhodn\u00fd k sud\u016fm Waterform Aquacan Baby a Waterform Aquacan.<\/p>\n","protected":false},"featured_media":5870,"template":"","meta":[],"product_brand":[],"product_cat":[47],"product_tag":[],"class_list":{"0":"post-5770","1":"product","2":"type-product","3":"status-publish","4":"has-post-thumbnail","6":"product_cat-zahrada","8":"first","9":"instock","10":"sale","11":"shipping-taxable","12":"purchasable","13":"product-type-simple"},"yoast_head":"<!-- This site is optimized with the Yoast SEO plugin v26.8 - https:\/\/yoast.com\/product\/yoast-seo-wordpress\/ -->\n<title>Akce Prosperplast Podstavec Prosperplast pod sud na de\u0161\u0165ovou vodu BASECAN antracit - Koupelna &amp; N\u00e1\u0159ad\u00ed &amp; Osv\u011btlen\u00ed a Stavebn\u00ed pot\u0159by<\/title>\n<meta name=\"robots\" content=\"index, follow, max-snippet:-1, max-image-preview:large, max-video-preview:-1\" \/>\n<link rel=\"canonical\" href=\"https:\/\/www.domkraftpro.com\/index.php\/produkt\/akce-prosperplast-podstavec-prosperplast-pod-sud-na-destovou-vodu-basecan-antracit-5770\/\" \/>\n<meta property=\"og:locale\" content=\"cs_CZ\" \/>\n<meta property=\"og:type\" content=\"article\" \/>\n<meta property=\"og:title\" content=\"Akce Prosperplast Podstavec Prosperplast pod sud na de\u0161\u0165ovou vodu BASECAN antracit - Koupelna &amp; N\u00e1\u0159ad\u00ed &amp; Osv\u011btlen\u00ed a Stavebn\u00ed pot\u0159by\" \/>\n<meta property=\"og:description\" content=\"Vlastnosti Materi\u00e1l plast V\u00fd\u0161ka 23 cm \u0160\u00ed\u0159ka 51,2\u00a0cm D\u00e9lka 51,2\u00a0cm Barva antracit Hmotnost 1,5\u00a0kg Parametry P\u016fvod Vyrobeno v\u00a0PL Z\u00e1ruka 2 roky Zna\u010dka Prosperplast Popis: Podstavec dost\u00e1v\u00e1 sud do v\u011bt\u0161\u00ed v\u00fd\u0161ky, d\u00edky \u010demu\u017e\u00a0l\u00e9pe zp\u0159\u00edstup\u0148uje v\u00fdpus\u0165 sudu. T\u00edm usnad\u0148uje odpou\u0161t\u011bn\u00ed vody t\u0159eba do konve nebo k\u00fdble. Podstavec je vhodn\u00fd k sud\u016fm Waterform Aquacan Baby a Waterform Aquacan.\" \/>\n<meta property=\"og:url\" content=\"https:\/\/www.domkraftpro.com\/index.php\/produkt\/akce-prosperplast-podstavec-prosperplast-pod-sud-na-destovou-vodu-basecan-antracit-5770\/\" \/>\n<meta property=\"og:site_name\" content=\"Koupelna &amp; N\u00e1\u0159ad\u00ed &amp; Osv\u011btlen\u00ed a Stavebn\u00ed pot\u0159by\" \/>\n<meta property=\"og:image\" content=\"https:\/\/www.domkraftpro.com\/wp-content\/uploads\/2026\/SK0009628-CZ20260425-091936-0-1777079982-podstavec-prosperplast-basecan-w1200-h628-f8-6fbb4c5d5468c6.webp\" \/>\n\t<meta property=\"og:image:width\" content=\"1000\" \/>\n\t<meta property=\"og:image:height\" content=\"523\" \/>\n\t<meta property=\"og:image:type\" content=\"image\/webp\" \/>\n<meta name=\"twitter:card\" content=\"summary_large_image\" \/>\n<script type=\"application\/ld+json\" class=\"yoast-schema-graph\">{\"@context\":\"https:\/\/schema.org\",\"@graph\":[{\"@type\":\"WebPage\",\"@id\":\"https:\/\/www.domkraftpro.com\/index.php\/produkt\/akce-prosperplast-podstavec-prosperplast-pod-sud-na-destovou-vodu-basecan-antracit-5770\/\",\"url\":\"https:\/\/www.domkraftpro.com\/index.php\/produkt\/akce-prosperplast-podstavec-prosperplast-pod-sud-na-destovou-vodu-basecan-antracit-5770\/\",\"name\":\"Akce Prosperplast Podstavec Prosperplast pod sud na de\u0161\u0165ovou vodu BASECAN antracit - Koupelna &amp; N\u00e1\u0159ad\u00ed &amp; Osv\u011btlen\u00ed a Stavebn\u00ed pot\u0159by\",\"isPartOf\":{\"@id\":\"https:\/\/www.domkraftpro.com\/#website\"},\"primaryImageOfPage\":{\"@id\":\"https:\/\/www.domkraftpro.com\/index.php\/produkt\/akce-prosperplast-podstavec-prosperplast-pod-sud-na-destovou-vodu-basecan-antracit-5770\/#primaryimage\"},\"image\":{\"@id\":\"https:\/\/www.domkraftpro.com\/index.php\/produkt\/akce-prosperplast-podstavec-prosperplast-pod-sud-na-destovou-vodu-basecan-antracit-5770\/#primaryimage\"},\"thumbnailUrl\":\"https:\/\/www.domkraftpro.com\/wp-content\/uploads\/2026\/SK0009628-CZ20260425-091936-0-1777079982-podstavec-prosperplast-basecan-w1200-h628-f8-6fbb4c5d5468c6.webp\",\"datePublished\":\"2026-04-27T04:40:35+00:00\",\"breadcrumb\":{\"@id\":\"https:\/\/www.domkraftpro.com\/index.php\/produkt\/akce-prosperplast-podstavec-prosperplast-pod-sud-na-destovou-vodu-basecan-antracit-5770\/#breadcrumb\"},\"inLanguage\":\"cs\",\"potentialAction\":[{\"@type\":\"ReadAction\",\"target\":[\"https:\/\/www.domkraftpro.com\/index.php\/produkt\/akce-prosperplast-podstavec-prosperplast-pod-sud-na-destovou-vodu-basecan-antracit-5770\/\"]}]},{\"@type\":\"ImageObject\",\"inLanguage\":\"cs\",\"@id\":\"https:\/\/www.domkraftpro.com\/index.php\/produkt\/akce-prosperplast-podstavec-prosperplast-pod-sud-na-destovou-vodu-basecan-antracit-5770\/#primaryimage\",\"url\":\"https:\/\/www.domkraftpro.com\/wp-content\/uploads\/2026\/SK0009628-CZ20260425-091936-0-1777079982-podstavec-prosperplast-basecan-w1200-h628-f8-6fbb4c5d5468c6.webp\",\"contentUrl\":\"https:\/\/www.domkraftpro.com\/wp-content\/uploads\/2026\/SK0009628-CZ20260425-091936-0-1777079982-podstavec-prosperplast-basecan-w1200-h628-f8-6fbb4c5d5468c6.webp\",\"width\":1000,\"height\":523},{\"@type\":\"BreadcrumbList\",\"@id\":\"https:\/\/www.domkraftpro.com\/index.php\/produkt\/akce-prosperplast-podstavec-prosperplast-pod-sud-na-destovou-vodu-basecan-antracit-5770\/#breadcrumb\",\"itemListElement\":[{\"@type\":\"ListItem\",\"position\":1,\"name\":\"Home\",\"item\":\"https:\/\/www.domkraftpro.com\/\"},{\"@type\":\"ListItem\",\"position\":2,\"name\":\"Products\",\"item\":\"https:\/\/www.domkraftpro.com\/products\/\"},{\"@type\":\"ListItem\",\"position\":3,\"name\":\"Akce Prosperplast Podstavec Prosperplast pod sud na de\u0161\u0165ovou vodu BASECAN antracit\"}]},{\"@type\":\"WebSite\",\"@id\":\"https:\/\/www.domkraftpro.com\/#website\",\"url\":\"https:\/\/www.domkraftpro.com\/\",\"name\":\"Koupelna &amp; N\u00e1\u0159ad\u00ed &amp; Osv\u011btlen\u00ed a Stavebn\u00ed pot\u0159by\",\"description\":\"Koupelna &amp; N\u00e1\u0159ad\u00ed &amp; Osv\u011btlen\u00ed a Stavebn\u00ed pot\u0159by\",\"publisher\":{\"@id\":\"https:\/\/www.domkraftpro.com\/#organization\"},\"potentialAction\":[{\"@type\":\"SearchAction\",\"target\":{\"@type\":\"EntryPoint\",\"urlTemplate\":\"https:\/\/www.domkraftpro.com\/?s={search_term_string}\"},\"query-input\":{\"@type\":\"PropertyValueSpecification\",\"valueRequired\":true,\"valueName\":\"search_term_string\"}}],\"inLanguage\":\"cs\"},{\"@type\":\"Organization\",\"@id\":\"https:\/\/www.domkraftpro.com\/#organization\",\"name\":\"Koupelna &amp; N\u00e1\u0159ad\u00ed &amp; Osv\u011btlen\u00ed a Stavebn\u00ed pot\u0159by\",\"url\":\"https:\/\/www.domkraftpro.com\/\",\"logo\":{\"@type\":\"ImageObject\",\"inLanguage\":\"cs\",\"@id\":\"https:\/\/www.domkraftpro.com\/#\/schema\/logo\/image\/\",\"url\":\"https:\/\/www.domkraftpro.com\/wp-content\/uploads\/2026\/04\/domkraftpro_logo.svg\",\"contentUrl\":\"https:\/\/www.domkraftpro.com\/wp-content\/uploads\/2026\/04\/domkraftpro_logo.svg\",\"width\":760,\"height\":180,\"caption\":\"Koupelna &amp; N\u00e1\u0159ad\u00ed &amp; Osv\u011btlen\u00ed a Stavebn\u00ed pot\u0159by\"},\"image\":{\"@id\":\"https:\/\/www.domkraftpro.com\/#\/schema\/logo\/image\/\"}}]}<\/script>\n<!-- \/ Yoast SEO plugin. -->","yoast_head_json":{"title":"Akce Prosperplast Podstavec Prosperplast pod sud na de\u0161\u0165ovou vodu BASECAN antracit - Koupelna &amp; N\u00e1\u0159ad\u00ed &amp; Osv\u011btlen\u00ed a Stavebn\u00ed pot\u0159by","robots":{"index":"index","follow":"follow","max-snippet":"max-snippet:-1","max-image-preview":"max-image-preview:large","max-video-preview":"max-video-preview:-1"},"canonical":"https:\/\/www.domkraftpro.com\/index.php\/produkt\/akce-prosperplast-podstavec-prosperplast-pod-sud-na-destovou-vodu-basecan-antracit-5770\/","og_locale":"cs_CZ","og_type":"article","og_title":"Akce Prosperplast Podstavec Prosperplast pod sud na de\u0161\u0165ovou vodu BASECAN antracit - Koupelna &amp; N\u00e1\u0159ad\u00ed &amp; Osv\u011btlen\u00ed a Stavebn\u00ed pot\u0159by","og_description":"Vlastnosti Materi\u00e1l plast V\u00fd\u0161ka 23 cm \u0160\u00ed\u0159ka 51,2\u00a0cm D\u00e9lka 51,2\u00a0cm Barva antracit Hmotnost 1,5\u00a0kg Parametry P\u016fvod Vyrobeno v\u00a0PL Z\u00e1ruka 2 roky Zna\u010dka Prosperplast Popis: Podstavec dost\u00e1v\u00e1 sud do v\u011bt\u0161\u00ed v\u00fd\u0161ky, d\u00edky \u010demu\u017e\u00a0l\u00e9pe zp\u0159\u00edstup\u0148uje v\u00fdpus\u0165 sudu. T\u00edm usnad\u0148uje odpou\u0161t\u011bn\u00ed vody t\u0159eba do konve nebo k\u00fdble. Podstavec je vhodn\u00fd k sud\u016fm Waterform Aquacan Baby a Waterform Aquacan.","og_url":"https:\/\/www.domkraftpro.com\/index.php\/produkt\/akce-prosperplast-podstavec-prosperplast-pod-sud-na-destovou-vodu-basecan-antracit-5770\/","og_site_name":"Koupelna &amp; N\u00e1\u0159ad\u00ed &amp; Osv\u011btlen\u00ed a Stavebn\u00ed pot\u0159by","og_image":[{"width":1000,"height":523,"url":"https:\/\/www.domkraftpro.com\/wp-content\/uploads\/2026\/SK0009628-CZ20260425-091936-0-1777079982-podstavec-prosperplast-basecan-w1200-h628-f8-6fbb4c5d5468c6.webp","type":"image\/webp"}],"twitter_card":"summary_large_image","schema":{"@context":"https:\/\/schema.org","@graph":[{"@type":"WebPage","@id":"https:\/\/www.domkraftpro.com\/index.php\/produkt\/akce-prosperplast-podstavec-prosperplast-pod-sud-na-destovou-vodu-basecan-antracit-5770\/","url":"https:\/\/www.domkraftpro.com\/index.php\/produkt\/akce-prosperplast-podstavec-prosperplast-pod-sud-na-destovou-vodu-basecan-antracit-5770\/","name":"Akce Prosperplast Podstavec Prosperplast pod sud na de\u0161\u0165ovou vodu BASECAN antracit - Koupelna &amp; N\u00e1\u0159ad\u00ed &amp; Osv\u011btlen\u00ed a Stavebn\u00ed pot\u0159by","isPartOf":{"@id":"https:\/\/www.domkraftpro.com\/#website"},"primaryImageOfPage":{"@id":"https:\/\/www.domkraftpro.com\/index.php\/produkt\/akce-prosperplast-podstavec-prosperplast-pod-sud-na-destovou-vodu-basecan-antracit-5770\/#primaryimage"},"image":{"@id":"https:\/\/www.domkraftpro.com\/index.php\/produkt\/akce-prosperplast-podstavec-prosperplast-pod-sud-na-destovou-vodu-basecan-antracit-5770\/#primaryimage"},"thumbnailUrl":"https:\/\/www.domkraftpro.com\/wp-content\/uploads\/2026\/SK0009628-CZ20260425-091936-0-1777079982-podstavec-prosperplast-basecan-w1200-h628-f8-6fbb4c5d5468c6.webp","datePublished":"2026-04-27T04:40:35+00:00","breadcrumb":{"@id":"https:\/\/www.domkraftpro.com\/index.php\/produkt\/akce-prosperplast-podstavec-prosperplast-pod-sud-na-destovou-vodu-basecan-antracit-5770\/#breadcrumb"},"inLanguage":"cs","potentialAction":[{"@type":"ReadAction","target":["https:\/\/www.domkraftpro.com\/index.php\/produkt\/akce-prosperplast-podstavec-prosperplast-pod-sud-na-destovou-vodu-basecan-antracit-5770\/"]}]},{"@type":"ImageObject","inLanguage":"cs","@id":"https:\/\/www.domkraftpro.com\/index.php\/produkt\/akce-prosperplast-podstavec-prosperplast-pod-sud-na-destovou-vodu-basecan-antracit-5770\/#primaryimage","url":"https:\/\/www.domkraftpro.com\/wp-content\/uploads\/2026\/SK0009628-CZ20260425-091936-0-1777079982-podstavec-prosperplast-basecan-w1200-h628-f8-6fbb4c5d5468c6.webp","contentUrl":"https:\/\/www.domkraftpro.com\/wp-content\/uploads\/2026\/SK0009628-CZ20260425-091936-0-1777079982-podstavec-prosperplast-basecan-w1200-h628-f8-6fbb4c5d5468c6.webp","width":1000,"height":523},{"@type":"BreadcrumbList","@id":"https:\/\/www.domkraftpro.com\/index.php\/produkt\/akce-prosperplast-podstavec-prosperplast-pod-sud-na-destovou-vodu-basecan-antracit-5770\/#breadcrumb","itemListElement":[{"@type":"ListItem","position":1,"name":"Home","item":"https:\/\/www.domkraftpro.com\/"},{"@type":"ListItem","position":2,"name":"Products","item":"https:\/\/www.domkraftpro.com\/products\/"},{"@type":"ListItem","position":3,"name":"Akce Prosperplast Podstavec Prosperplast pod sud na de\u0161\u0165ovou vodu BASECAN antracit"}]},{"@type":"WebSite","@id":"https:\/\/www.domkraftpro.com\/#website","url":"https:\/\/www.domkraftpro.com\/","name":"Koupelna &amp; N\u00e1\u0159ad\u00ed &amp; Osv\u011btlen\u00ed a Stavebn\u00ed pot\u0159by","description":"Koupelna &amp; N\u00e1\u0159ad\u00ed &amp; Osv\u011btlen\u00ed a Stavebn\u00ed pot\u0159by","publisher":{"@id":"https:\/\/www.domkraftpro.com\/#organization"},"potentialAction":[{"@type":"SearchAction","target":{"@type":"EntryPoint","urlTemplate":"https:\/\/www.domkraftpro.com\/?s={search_term_string}"},"query-input":{"@type":"PropertyValueSpecification","valueRequired":true,"valueName":"search_term_string"}}],"inLanguage":"cs"},{"@type":"Organization","@id":"https:\/\/www.domkraftpro.com\/#organization","name":"Koupelna &amp; N\u00e1\u0159ad\u00ed &amp; Osv\u011btlen\u00ed a Stavebn\u00ed pot\u0159by","url":"https:\/\/www.domkraftpro.com\/","logo":{"@type":"ImageObject","inLanguage":"cs","@id":"https:\/\/www.domkraftpro.com\/#\/schema\/logo\/image\/","url":"https:\/\/www.domkraftpro.com\/wp-content\/uploads\/2026\/04\/domkraftpro_logo.svg","contentUrl":"https:\/\/www.domkraftpro.com\/wp-content\/uploads\/2026\/04\/domkraftpro_logo.svg","width":760,"height":180,"caption":"Koupelna &amp; N\u00e1\u0159ad\u00ed &amp; Osv\u011btlen\u00ed a Stavebn\u00ed pot\u0159by"},"image":{"@id":"https:\/\/www.domkraftpro.com\/#\/schema\/logo\/image\/"}}]}},"_links":{"self":[{"href":"https:\/\/www.domkraftpro.com\/wp-json\/wp\/v2\/product\/5770","targetHints":{"allow":["GET"]}}],"collection":[{"href":"https:\/\/www.domkraftpro.com\/wp-json\/wp\/v2\/product"}],"about":[{"href":"https:\/\/www.domkraftpro.com\/wp-json\/wp\/v2\/types\/product"}],"wp:featuredmedia":[{"embeddable":true,"href":"https:\/\/www.domkraftpro.com\/wp-json\/wp\/v2\/media\/5870"}],"wp:attachment":[{"href":"https:\/\/www.domkraftpro.com\/wp-json\/wp\/v2\/media?parent=5770"}],"wp:term":[{"taxonomy":"product_brand","embeddable":true,"href":"https:\/\/www.domkraftpro.com\/wp-json\/wp\/v2\/product_brand?post=5770"},{"taxonomy":"product_cat","embeddable":true,"href":"https:\/\/www.domkraftpro.com\/wp-json\/wp\/v2\/product_cat?post=5770"},{"taxonomy":"product_tag","embeddable":true,"href":"https:\/\/www.domkraftpro.com\/wp-json\/wp\/v2\/product_tag?post=5770"}],"curies":[{"name":"wp","href":"https:\/\/api.w.org\/{rel}","templated":true}]}}