{"id":57380,"date":"2026-04-27T04:43:00","date_gmt":"2026-04-27T04:43:00","guid":{"rendered":""},"modified":"2026-04-27T04:43:00","modified_gmt":"2026-04-27T04:43:00","slug":"znackovy-kulate-zrcadlo-mexen-loft-40-cm-inox-ram-9850-040-040-000-10-57380","status":"publish","type":"product","link":"https:\/\/www.domkraftpro.com\/index.php\/produkt\/znackovy-kulate-zrcadlo-mexen-loft-40-cm-inox-ram-9850-040-040-000-10-57380\/","title":{"rendered":"Zna\u010dkov\u00fd Kulat\u00e9 zrcadlo MEXEN LOFT 40 cm &#8211; inox r\u00e1m, 9850-040-040-000-10"},"content":{"rendered":"<div class=\"tabs__content-outer\" id=\"tab_description\" data-hash=\"description\" data-tabindex=\"-1\">\n<div class=\"tabs__content toggle_description\" id=\"content_description\">\n<div class=\"wysiwyg-content\">\n<div class=\"product__tab product__description full-width\">\n<div class=\"container\">\n<div >\n<h3>Kulat\u00e9 zrcadlo LOFT 40 cm &#8211; inox r\u00e1m<\/h3>\n<p><span style=\"font-family: verdana, geneva, sans-serif; font-size: 12pt;\">Elegantn\u00ed a jednoduch\u00e9 kulat\u00e9 zrcadlo kolekce LOFT je vyroben\u00e9 z kvalitn\u00edho 4mm skla s tenk\u00fdm dekorativn\u00edm hlin\u00edkov\u00fdm r\u00e1me\u010dkem. Nab\u00edz\u00ed modern\u00ed a minimalistick\u00fd vzhled, kter\u00fd opticky zv\u011bt\u0161\u00ed koupelnu.\u00a0<\/span><\/p>\n<p><span style=\"font-family: verdana, geneva, sans-serif; font-size: 12pt;\"><strong>Parametry:\u00a0<\/strong><\/span><\/p>\n<ul>\n<li style=\"font-family: verdana, geneva, sans-serif; font-size: 12pt;\"><span style=\"font-family: verdana, geneva, sans-serif; font-size: 12pt;\">rozm\u011br: 40 x 40 cm\u00a0<\/span><\/li>\n<li style=\"font-family: verdana, geneva, sans-serif; font-size: 12pt;\"><span style=\"font-family: verdana, geneva, sans-serif; font-size: 12pt;\">s\u00edla skla: 4 mm\u00a0<\/span><\/li>\n<li style=\"font-family: verdana, geneva, sans-serif; font-size: 12pt;\"><span style=\"font-family: verdana, geneva, sans-serif; font-size: 12pt;\">hloubka: 20 mm\u00a0<\/span><\/li>\n<li style=\"font-family: verdana, geneva, sans-serif; font-size: 12pt;\"><span style=\"font-family: verdana, geneva, sans-serif; font-size: 12pt;\">materi\u00e1l: sklo, hlin\u00edk\u00a0<\/span><\/li>\n<\/ul>\n<\/div><\/div>\n<\/p><\/div>\n<\/p><\/div>\n<\/p><\/div>\n","protected":false},"excerpt":{"rendered":"<p>Kulat\u00e9 zrcadlo LOFT 40 cm &#8211; inox r\u00e1m Elegantn\u00ed a jednoduch\u00e9 kulat\u00e9 zrcadlo kolekce LOFT je vyroben\u00e9 z kvalitn\u00edho 4mm skla s tenk\u00fdm dekorativn\u00edm hlin\u00edkov\u00fdm r\u00e1me\u010dkem. Nab\u00edz\u00ed modern\u00ed a minimalistick\u00fd vzhled, kter\u00fd opticky zv\u011bt\u0161\u00ed koupelnu.\u00a0 Parametry:\u00a0 rozm\u011br: 40 x 40 cm\u00a0 s\u00edla skla: 4 mm\u00a0 hloubka: 20 mm\u00a0 materi\u00e1l: sklo, hlin\u00edk\u00a0<\/p>\n","protected":false},"featured_media":57480,"comment_status":"open","ping_status":"open","template":"","meta":[],"product_brand":[],"product_cat":[95],"product_tag":[],"class_list":{"0":"post-57380","1":"product","2":"type-product","3":"status-publish","4":"has-post-thumbnail","6":"product_cat-koupelna","8":"first","9":"instock","10":"sale","11":"shipping-taxable","12":"purchasable","13":"product-type-simple"},"yoast_head":"<!-- This site is optimized with the Yoast SEO plugin v26.8 - https:\/\/yoast.com\/product\/yoast-seo-wordpress\/ -->\n<title>Zna\u010dkov\u00fd Kulat\u00e9 zrcadlo MEXEN LOFT 40 cm - inox r\u00e1m, 9850-040-040-000-10 -<\/title>\n<meta name=\"robots\" content=\"index, follow, max-snippet:-1, max-image-preview:large, max-video-preview:-1\" \/>\n<link rel=\"canonical\" href=\"https:\/\/www.domkraftpro.com\/index.php\/produkt\/znackovy-kulate-zrcadlo-mexen-loft-40-cm-inox-ram-9850-040-040-000-10-57380\/\" \/>\n<meta property=\"og:locale\" content=\"cs_CZ\" \/>\n<meta property=\"og:type\" content=\"article\" \/>\n<meta property=\"og:title\" content=\"Zna\u010dkov\u00fd Kulat\u00e9 zrcadlo MEXEN LOFT 40 cm - inox r\u00e1m, 9850-040-040-000-10 -\" \/>\n<meta property=\"og:description\" content=\"Kulat\u00e9 zrcadlo LOFT 40 cm &#8211; inox r\u00e1m Elegantn\u00ed a jednoduch\u00e9 kulat\u00e9 zrcadlo kolekce LOFT je vyroben\u00e9 z kvalitn\u00edho 4mm skla s tenk\u00fdm dekorativn\u00edm hlin\u00edkov\u00fdm r\u00e1me\u010dkem. Nab\u00edz\u00ed modern\u00ed a minimalistick\u00fd vzhled, kter\u00fd opticky zv\u011bt\u0161\u00ed koupelnu.\u00a0 Parametry:\u00a0 rozm\u011br: 40 x 40 cm\u00a0 s\u00edla skla: 4 mm\u00a0 hloubka: 20 mm\u00a0 materi\u00e1l: sklo, hlin\u00edk\u00a0\" \/>\n<meta property=\"og:url\" content=\"https:\/\/www.domkraftpro.com\/index.php\/produkt\/znackovy-kulate-zrcadlo-mexen-loft-40-cm-inox-ram-9850-040-040-000-10-57380\/\" \/>\n<meta property=\"og:image\" content=\"https:\/\/www.domkraftpro.com\/wp-content\/uploads\/2026\/SK0008722-CZ20260425-093041-0-1777080643-export_7ka6-bu.webp\" \/>\n\t<meta property=\"og:image:width\" content=\"712\" \/>\n\t<meta property=\"og:image:height\" content=\"709\" \/>\n\t<meta property=\"og:image:type\" content=\"image\/webp\" \/>\n<meta name=\"twitter:card\" content=\"summary_large_image\" \/>\n<script type=\"application\/ld+json\" class=\"yoast-schema-graph\">{\"@context\":\"https:\/\/schema.org\",\"@graph\":[{\"@type\":\"WebPage\",\"@id\":\"https:\/\/www.domkraftpro.com\/index.php\/produkt\/znackovy-kulate-zrcadlo-mexen-loft-40-cm-inox-ram-9850-040-040-000-10-57380\/\",\"url\":\"https:\/\/www.domkraftpro.com\/index.php\/produkt\/znackovy-kulate-zrcadlo-mexen-loft-40-cm-inox-ram-9850-040-040-000-10-57380\/\",\"name\":\"Zna\u010dkov\u00fd Kulat\u00e9 zrcadlo MEXEN LOFT 40 cm - inox r\u00e1m, 9850-040-040-000-10 -\",\"isPartOf\":{\"@id\":\"https:\/\/www.domkraftpro.com\/#website\"},\"primaryImageOfPage\":{\"@id\":\"https:\/\/www.domkraftpro.com\/index.php\/produkt\/znackovy-kulate-zrcadlo-mexen-loft-40-cm-inox-ram-9850-040-040-000-10-57380\/#primaryimage\"},\"image\":{\"@id\":\"https:\/\/www.domkraftpro.com\/index.php\/produkt\/znackovy-kulate-zrcadlo-mexen-loft-40-cm-inox-ram-9850-040-040-000-10-57380\/#primaryimage\"},\"thumbnailUrl\":\"https:\/\/www.domkraftpro.com\/wp-content\/uploads\/2026\/SK0008722-CZ20260425-093041-0-1777080643-export_7ka6-bu.webp\",\"datePublished\":\"2026-04-27T04:43:00+00:00\",\"breadcrumb\":{\"@id\":\"https:\/\/www.domkraftpro.com\/index.php\/produkt\/znackovy-kulate-zrcadlo-mexen-loft-40-cm-inox-ram-9850-040-040-000-10-57380\/#breadcrumb\"},\"inLanguage\":\"cs\",\"potentialAction\":[{\"@type\":\"ReadAction\",\"target\":[\"https:\/\/www.domkraftpro.com\/index.php\/produkt\/znackovy-kulate-zrcadlo-mexen-loft-40-cm-inox-ram-9850-040-040-000-10-57380\/\"]}]},{\"@type\":\"ImageObject\",\"inLanguage\":\"cs\",\"@id\":\"https:\/\/www.domkraftpro.com\/index.php\/produkt\/znackovy-kulate-zrcadlo-mexen-loft-40-cm-inox-ram-9850-040-040-000-10-57380\/#primaryimage\",\"url\":\"https:\/\/www.domkraftpro.com\/wp-content\/uploads\/2026\/SK0008722-CZ20260425-093041-0-1777080643-export_7ka6-bu.webp\",\"contentUrl\":\"https:\/\/www.domkraftpro.com\/wp-content\/uploads\/2026\/SK0008722-CZ20260425-093041-0-1777080643-export_7ka6-bu.webp\",\"width\":712,\"height\":709},{\"@type\":\"BreadcrumbList\",\"@id\":\"https:\/\/www.domkraftpro.com\/index.php\/produkt\/znackovy-kulate-zrcadlo-mexen-loft-40-cm-inox-ram-9850-040-040-000-10-57380\/#breadcrumb\",\"itemListElement\":[{\"@type\":\"ListItem\",\"position\":1,\"name\":\"Home\",\"item\":\"https:\/\/www.domkraftpro.com\/\"},{\"@type\":\"ListItem\",\"position\":2,\"name\":\"Products\",\"item\":\"https:\/\/www.domkraftpro.com\/index.php\/products\/\"},{\"@type\":\"ListItem\",\"position\":3,\"name\":\"Zna\u010dkov\u00fd Kulat\u00e9 zrcadlo MEXEN LOFT 40 cm &#8211; inox r\u00e1m, 9850-040-040-000-10\"}]},{\"@type\":\"WebSite\",\"@id\":\"https:\/\/www.domkraftpro.com\/#website\",\"url\":\"https:\/\/www.domkraftpro.com\/\",\"name\":\"\",\"description\":\"\",\"potentialAction\":[{\"@type\":\"SearchAction\",\"target\":{\"@type\":\"EntryPoint\",\"urlTemplate\":\"https:\/\/www.domkraftpro.com\/?s={search_term_string}\"},\"query-input\":{\"@type\":\"PropertyValueSpecification\",\"valueRequired\":true,\"valueName\":\"search_term_string\"}}],\"inLanguage\":\"cs\"}]}<\/script>\n<!-- \/ Yoast SEO plugin. -->","yoast_head_json":{"title":"Zna\u010dkov\u00fd Kulat\u00e9 zrcadlo MEXEN LOFT 40 cm - inox r\u00e1m, 9850-040-040-000-10 -","robots":{"index":"index","follow":"follow","max-snippet":"max-snippet:-1","max-image-preview":"max-image-preview:large","max-video-preview":"max-video-preview:-1"},"canonical":"https:\/\/www.domkraftpro.com\/index.php\/produkt\/znackovy-kulate-zrcadlo-mexen-loft-40-cm-inox-ram-9850-040-040-000-10-57380\/","og_locale":"cs_CZ","og_type":"article","og_title":"Zna\u010dkov\u00fd Kulat\u00e9 zrcadlo MEXEN LOFT 40 cm - inox r\u00e1m, 9850-040-040-000-10 -","og_description":"Kulat\u00e9 zrcadlo LOFT 40 cm &#8211; inox r\u00e1m Elegantn\u00ed a jednoduch\u00e9 kulat\u00e9 zrcadlo kolekce LOFT je vyroben\u00e9 z kvalitn\u00edho 4mm skla s tenk\u00fdm dekorativn\u00edm hlin\u00edkov\u00fdm r\u00e1me\u010dkem. Nab\u00edz\u00ed modern\u00ed a minimalistick\u00fd vzhled, kter\u00fd opticky zv\u011bt\u0161\u00ed koupelnu.\u00a0 Parametry:\u00a0 rozm\u011br: 40 x 40 cm\u00a0 s\u00edla skla: 4 mm\u00a0 hloubka: 20 mm\u00a0 materi\u00e1l: sklo, hlin\u00edk\u00a0","og_url":"https:\/\/www.domkraftpro.com\/index.php\/produkt\/znackovy-kulate-zrcadlo-mexen-loft-40-cm-inox-ram-9850-040-040-000-10-57380\/","og_image":[{"width":712,"height":709,"url":"https:\/\/www.domkraftpro.com\/wp-content\/uploads\/2026\/SK0008722-CZ20260425-093041-0-1777080643-export_7ka6-bu.webp","type":"image\/webp"}],"twitter_card":"summary_large_image","schema":{"@context":"https:\/\/schema.org","@graph":[{"@type":"WebPage","@id":"https:\/\/www.domkraftpro.com\/index.php\/produkt\/znackovy-kulate-zrcadlo-mexen-loft-40-cm-inox-ram-9850-040-040-000-10-57380\/","url":"https:\/\/www.domkraftpro.com\/index.php\/produkt\/znackovy-kulate-zrcadlo-mexen-loft-40-cm-inox-ram-9850-040-040-000-10-57380\/","name":"Zna\u010dkov\u00fd Kulat\u00e9 zrcadlo MEXEN LOFT 40 cm - inox r\u00e1m, 9850-040-040-000-10 -","isPartOf":{"@id":"https:\/\/www.domkraftpro.com\/#website"},"primaryImageOfPage":{"@id":"https:\/\/www.domkraftpro.com\/index.php\/produkt\/znackovy-kulate-zrcadlo-mexen-loft-40-cm-inox-ram-9850-040-040-000-10-57380\/#primaryimage"},"image":{"@id":"https:\/\/www.domkraftpro.com\/index.php\/produkt\/znackovy-kulate-zrcadlo-mexen-loft-40-cm-inox-ram-9850-040-040-000-10-57380\/#primaryimage"},"thumbnailUrl":"https:\/\/www.domkraftpro.com\/wp-content\/uploads\/2026\/SK0008722-CZ20260425-093041-0-1777080643-export_7ka6-bu.webp","datePublished":"2026-04-27T04:43:00+00:00","breadcrumb":{"@id":"https:\/\/www.domkraftpro.com\/index.php\/produkt\/znackovy-kulate-zrcadlo-mexen-loft-40-cm-inox-ram-9850-040-040-000-10-57380\/#breadcrumb"},"inLanguage":"cs","potentialAction":[{"@type":"ReadAction","target":["https:\/\/www.domkraftpro.com\/index.php\/produkt\/znackovy-kulate-zrcadlo-mexen-loft-40-cm-inox-ram-9850-040-040-000-10-57380\/"]}]},{"@type":"ImageObject","inLanguage":"cs","@id":"https:\/\/www.domkraftpro.com\/index.php\/produkt\/znackovy-kulate-zrcadlo-mexen-loft-40-cm-inox-ram-9850-040-040-000-10-57380\/#primaryimage","url":"https:\/\/www.domkraftpro.com\/wp-content\/uploads\/2026\/SK0008722-CZ20260425-093041-0-1777080643-export_7ka6-bu.webp","contentUrl":"https:\/\/www.domkraftpro.com\/wp-content\/uploads\/2026\/SK0008722-CZ20260425-093041-0-1777080643-export_7ka6-bu.webp","width":712,"height":709},{"@type":"BreadcrumbList","@id":"https:\/\/www.domkraftpro.com\/index.php\/produkt\/znackovy-kulate-zrcadlo-mexen-loft-40-cm-inox-ram-9850-040-040-000-10-57380\/#breadcrumb","itemListElement":[{"@type":"ListItem","position":1,"name":"Home","item":"https:\/\/www.domkraftpro.com\/"},{"@type":"ListItem","position":2,"name":"Products","item":"https:\/\/www.domkraftpro.com\/index.php\/products\/"},{"@type":"ListItem","position":3,"name":"Zna\u010dkov\u00fd Kulat\u00e9 zrcadlo MEXEN LOFT 40 cm &#8211; inox r\u00e1m, 9850-040-040-000-10"}]},{"@type":"WebSite","@id":"https:\/\/www.domkraftpro.com\/#website","url":"https:\/\/www.domkraftpro.com\/","name":"","description":"","potentialAction":[{"@type":"SearchAction","target":{"@type":"EntryPoint","urlTemplate":"https:\/\/www.domkraftpro.com\/?s={search_term_string}"},"query-input":{"@type":"PropertyValueSpecification","valueRequired":true,"valueName":"search_term_string"}}],"inLanguage":"cs"}]}},"_links":{"self":[{"href":"https:\/\/www.domkraftpro.com\/index.php\/wp-json\/wp\/v2\/product\/57380","targetHints":{"allow":["GET"]}}],"collection":[{"href":"https:\/\/www.domkraftpro.com\/index.php\/wp-json\/wp\/v2\/product"}],"about":[{"href":"https:\/\/www.domkraftpro.com\/index.php\/wp-json\/wp\/v2\/types\/product"}],"replies":[{"embeddable":true,"href":"https:\/\/www.domkraftpro.com\/index.php\/wp-json\/wp\/v2\/comments?post=57380"}],"wp:featuredmedia":[{"embeddable":true,"href":"https:\/\/www.domkraftpro.com\/index.php\/wp-json\/wp\/v2\/media\/57480"}],"wp:attachment":[{"href":"https:\/\/www.domkraftpro.com\/index.php\/wp-json\/wp\/v2\/media?parent=57380"}],"wp:term":[{"taxonomy":"product_brand","embeddable":true,"href":"https:\/\/www.domkraftpro.com\/index.php\/wp-json\/wp\/v2\/product_brand?post=57380"},{"taxonomy":"product_cat","embeddable":true,"href":"https:\/\/www.domkraftpro.com\/index.php\/wp-json\/wp\/v2\/product_cat?post=57380"},{"taxonomy":"product_tag","embeddable":true,"href":"https:\/\/www.domkraftpro.com\/index.php\/wp-json\/wp\/v2\/product_tag?post=57380"}],"curies":[{"name":"wp","href":"https:\/\/api.w.org\/{rel}","templated":true}]}}