{"id":57343,"date":"2026-04-27T04:43:00","date_gmt":"2026-04-27T04:43:00","guid":{"rendered":""},"modified":"2026-04-27T04:43:00","modified_gmt":"2026-04-27T04:43:00","slug":"znackovy-drzak-na-rucniky-505x55x65-mm-57343","status":"publish","type":"product","link":"https:\/\/www.domkraftpro.com\/index.php\/produkt\/znackovy-drzak-na-rucniky-505x55x65-mm-57343\/","title":{"rendered":"Zna\u010dkov\u00fd Dr\u017e\u00e1k na ru\u010dn\u00edky &#8211; 505\u00d755\u00d765 mm"},"content":{"rendered":"<div class=\"tabs__content-outer\" id=\"tab_description\" data-hash=\"description\" data-tabindex=\"-1\">\n<div class=\"tabs__content toggle_description\" id=\"content_description\">\n<div class=\"wysiwyg-content\">\n<div class=\"product__tab product__description full-width\">\n<div class=\"container\">\n<div >\n<h3>Dr\u017e\u00e1k na ru\u010dn\u00edky &#8211; 505\u00d755\u00d765 mm<\/h3>\n<p><span style=\"color: #1a3138; font-family: 'Open Sans', Arial, Helvetica, sans-serif; font-size: 14px; background-color: #ffffff;\">Z\u00e1kladem ka\u017ed\u00e9ho <\/span><strong style=\"color: #1a3138; font-family: 'Open Sans', Arial, Helvetica, sans-serif; font-size: 14px;\">luxusn\u00edho koupelnov\u00e9ho interi\u00e9ru<\/strong><span style=\"color: #1a3138; font-family: 'Open Sans', Arial, Helvetica, sans-serif; font-size: 14px; background-color: #ffffff;\"> je dokonal\u00e1 harmonie. Sta\u010d\u00ed do n\u011bj zahrnout <\/span><strong style=\"color: #1a3138; font-family: 'Open Sans', Arial, Helvetica, sans-serif; font-size: 14px;\">precizn\u011b zpracovan\u00e9 dopl\u0148ky<\/strong><span style=\"color: #1a3138; font-family: 'Open Sans', Arial, Helvetica, sans-serif; font-size: 14px; background-color: #ffffff;\">, jako nap\u0159\u00edklad tento dr\u017e\u00e1k na ru\u010dn\u00edky. <\/span><strong style=\"color: #1a3138; font-family: 'Open Sans', Arial, Helvetica, sans-serif; font-size: 14px;\">Obsahuje odoln\u00fd, snadno udr\u017eovateln\u00fd povrch<\/strong><span style=\"color: #1a3138; font-family: 'Open Sans', Arial, Helvetica, sans-serif; font-size: 14px; background-color: #ffffff;\">, kter\u00fd si <\/span><strong style=\"color: #1a3138; font-family: 'Open Sans', Arial, Helvetica, sans-serif; font-size: 14px;\">zachov\u00e1 sv\u016fj lesk mnoho let<\/strong><span style=\"color: #1a3138; font-family: 'Open Sans', Arial, Helvetica, sans-serif; font-size: 14px; background-color: #ffffff;\">, a jeho<\/span><strong style=\"color: #1a3138; font-family: 'Open Sans', Arial, Helvetica, sans-serif; font-size: 14px;\"> instalace je velice snadn\u00e1<\/strong><span style=\"color: #1a3138; font-family: 'Open Sans', Arial, Helvetica, sans-serif; font-size: 14px; background-color: #ffffff;\">, Dr\u017e\u00e1k nab\u00edz\u00edme<\/span><strong style=\"color: #1a3138; font-family: 'Open Sans', Arial, Helvetica, sans-serif; font-size: 14px;\"> v n\u011bkolika barevn\u00fdch variant\u00e1ch, pro p\u0159izp\u016fsoben\u00ed jak\u00e9koliv koupelny.<\/strong><\/p>\n<p><strong>Informace o produktu:<\/strong><\/p>\n<ul>\n<li>rozm\u011br: 505\u00d755\u00d765 mm (\u0161\u00ed\u0159ka x v\u00fd\u0161ka x hloubka)<\/li>\n<li>dr\u017e\u00e1k rezervn\u00ed pro toaletn\u00ed pap\u00edr<\/li>\n<\/ul>\n<p><strong>Barevn\u00e9 proveden\u00ed:<\/strong><\/p>\n<ul>\n<li>grafit<\/li>\n<li>chrom<\/li>\n<li>b\u00edl\u00e1<\/li>\n<li>\u010dern\u00e1<\/li>\n<li>nerez<\/li>\n<li>zlat\u00e1 leskl\u00e1<\/li>\n<li>zlat\u00e1 brou\u0161en\u00e1 matn\u00e1<\/li>\n<li>r\u016f\u017eov\u00e9 zlato leskl\u00e1<\/li>\n<li>r\u016f\u017eov\u00e9 zlato brou\u0161en\u00e1<\/li>\n<li>hematit<\/li>\n<\/ul>\n<p><b>Vlastnosti<\/b><\/p>\n<ul>\n<li><span>Materi\u00e1l:<\/span> Kov<\/li>\n<li><span>Barva:<\/span> R\u016f\u017eov\u00e9 zlato leskl\u00e1,R\u016f\u017eov\u00e9 zlato brou\u0161en\u00e1,Hematit,B\u00edl\u00e1 leskl\u00e1,Chrom,Grafit,\u010cern\u00e1,Nerez,Zlat\u00e1 leskl\u00e1,Zlat\u00e1 matn\u00e1<\/li>\n<li><span>Instalace:<\/span> Vrt\u00e1n\u00ed<\/li>\n<li><span>Skupina_artiklu:<\/span> S12<\/li>\n<li><span>Katalog:<\/span> HOPA Koupelny<\/li>\n<li><span>Barva:<\/span> St\u0159\u00edbrn\u00e1, B\u00edl\u00e1, \u010cern\u00e1, Nerez, Zlat\u00e1 leskl\u00e1, Zlat\u00e1 brou\u0161en\u00e1 mat, R\u016f\u017eov\u00e9 zlato leskl\u00e1, R\u016f\u017eov\u00e9 zlato brou\u0161en\u00e1, Hematit, Grafit<\/li>\n<\/ul>\n<\/div><\/div>\n<\/p><\/div>\n<\/p><\/div>\n<\/p><\/div>\n","protected":false},"excerpt":{"rendered":"<p>Dr\u017e\u00e1k na ru\u010dn\u00edky &#8211; 505\u00d755\u00d765 mm Z\u00e1kladem ka\u017ed\u00e9ho luxusn\u00edho koupelnov\u00e9ho interi\u00e9ru je dokonal\u00e1 harmonie. Sta\u010d\u00ed do n\u011bj zahrnout precizn\u011b zpracovan\u00e9 dopl\u0148ky, jako nap\u0159\u00edklad tento dr\u017e\u00e1k na ru\u010dn\u00edky. Obsahuje odoln\u00fd, snadno udr\u017eovateln\u00fd povrch, kter\u00fd si zachov\u00e1 sv\u016fj lesk mnoho let, a jeho instalace je velice snadn\u00e1, Dr\u017e\u00e1k nab\u00edz\u00edme v n\u011bkolika barevn\u00fdch variant\u00e1ch, pro p\u0159izp\u016fsoben\u00ed jak\u00e9koliv koupelny. [&hellip;]<\/p>\n","protected":false},"featured_media":57443,"comment_status":"open","ping_status":"open","template":"","meta":[],"product_brand":[],"product_cat":[95],"product_tag":[],"class_list":{"0":"post-57343","1":"product","2":"type-product","3":"status-publish","4":"has-post-thumbnail","6":"product_cat-koupelna","8":"first","9":"instock","10":"sale","11":"shipping-taxable","12":"purchasable","13":"product-type-simple"},"yoast_head":"<!-- This site is optimized with the Yoast SEO plugin v26.8 - https:\/\/yoast.com\/product\/yoast-seo-wordpress\/ -->\n<title>Zna\u010dkov\u00fd Dr\u017e\u00e1k na ru\u010dn\u00edky - 505\u00d755\u00d765 mm -<\/title>\n<meta name=\"robots\" content=\"index, follow, max-snippet:-1, max-image-preview:large, max-video-preview:-1\" \/>\n<link rel=\"canonical\" href=\"https:\/\/www.domkraftpro.com\/index.php\/produkt\/znackovy-drzak-na-rucniky-505x55x65-mm-57343\/\" \/>\n<meta property=\"og:locale\" content=\"cs_CZ\" \/>\n<meta property=\"og:type\" content=\"article\" \/>\n<meta property=\"og:title\" content=\"Zna\u010dkov\u00fd Dr\u017e\u00e1k na ru\u010dn\u00edky - 505\u00d755\u00d765 mm -\" \/>\n<meta property=\"og:description\" content=\"Dr\u017e\u00e1k na ru\u010dn\u00edky &#8211; 505\u00d755\u00d765 mm Z\u00e1kladem ka\u017ed\u00e9ho luxusn\u00edho koupelnov\u00e9ho interi\u00e9ru je dokonal\u00e1 harmonie. Sta\u010d\u00ed do n\u011bj zahrnout precizn\u011b zpracovan\u00e9 dopl\u0148ky, jako nap\u0159\u00edklad tento dr\u017e\u00e1k na ru\u010dn\u00edky. Obsahuje odoln\u00fd, snadno udr\u017eovateln\u00fd povrch, kter\u00fd si zachov\u00e1 sv\u016fj lesk mnoho let, a jeho instalace je velice snadn\u00e1, Dr\u017e\u00e1k nab\u00edz\u00edme v n\u011bkolika barevn\u00fdch variant\u00e1ch, pro p\u0159izp\u016fsoben\u00ed jak\u00e9koliv koupelny. [&hellip;]\" \/>\n<meta property=\"og:url\" content=\"https:\/\/www.domkraftpro.com\/index.php\/produkt\/znackovy-drzak-na-rucniky-505x55x65-mm-57343\/\" \/>\n<meta property=\"og:image\" content=\"https:\/\/www.domkraftpro.com\/wp-content\/uploads\/2026\/SK0008684-CZ20260425-093041-0-1777080643-drzak-na-rucniky-5055565-mm_mwpd-qx.webp\" \/>\n\t<meta property=\"og:image:width\" content=\"997\" \/>\n\t<meta property=\"og:image:height\" content=\"367\" \/>\n\t<meta property=\"og:image:type\" content=\"image\/webp\" \/>\n<meta name=\"twitter:card\" content=\"summary_large_image\" \/>\n<meta name=\"twitter:label1\" content=\"Odhadovan\u00e1 doba \u010dten\u00ed\" \/>\n\t<meta name=\"twitter:data1\" content=\"1 minuta\" \/>\n<script type=\"application\/ld+json\" class=\"yoast-schema-graph\">{\"@context\":\"https:\/\/schema.org\",\"@graph\":[{\"@type\":\"WebPage\",\"@id\":\"https:\/\/www.domkraftpro.com\/index.php\/produkt\/znackovy-drzak-na-rucniky-505x55x65-mm-57343\/\",\"url\":\"https:\/\/www.domkraftpro.com\/index.php\/produkt\/znackovy-drzak-na-rucniky-505x55x65-mm-57343\/\",\"name\":\"Zna\u010dkov\u00fd Dr\u017e\u00e1k na ru\u010dn\u00edky - 505\u00d755\u00d765 mm -\",\"isPartOf\":{\"@id\":\"https:\/\/www.domkraftpro.com\/#website\"},\"primaryImageOfPage\":{\"@id\":\"https:\/\/www.domkraftpro.com\/index.php\/produkt\/znackovy-drzak-na-rucniky-505x55x65-mm-57343\/#primaryimage\"},\"image\":{\"@id\":\"https:\/\/www.domkraftpro.com\/index.php\/produkt\/znackovy-drzak-na-rucniky-505x55x65-mm-57343\/#primaryimage\"},\"thumbnailUrl\":\"https:\/\/www.domkraftpro.com\/wp-content\/uploads\/2026\/SK0008684-CZ20260425-093041-0-1777080643-drzak-na-rucniky-5055565-mm_mwpd-qx.webp\",\"datePublished\":\"2026-04-27T04:43:00+00:00\",\"breadcrumb\":{\"@id\":\"https:\/\/www.domkraftpro.com\/index.php\/produkt\/znackovy-drzak-na-rucniky-505x55x65-mm-57343\/#breadcrumb\"},\"inLanguage\":\"cs\",\"potentialAction\":[{\"@type\":\"ReadAction\",\"target\":[\"https:\/\/www.domkraftpro.com\/index.php\/produkt\/znackovy-drzak-na-rucniky-505x55x65-mm-57343\/\"]}]},{\"@type\":\"ImageObject\",\"inLanguage\":\"cs\",\"@id\":\"https:\/\/www.domkraftpro.com\/index.php\/produkt\/znackovy-drzak-na-rucniky-505x55x65-mm-57343\/#primaryimage\",\"url\":\"https:\/\/www.domkraftpro.com\/wp-content\/uploads\/2026\/SK0008684-CZ20260425-093041-0-1777080643-drzak-na-rucniky-5055565-mm_mwpd-qx.webp\",\"contentUrl\":\"https:\/\/www.domkraftpro.com\/wp-content\/uploads\/2026\/SK0008684-CZ20260425-093041-0-1777080643-drzak-na-rucniky-5055565-mm_mwpd-qx.webp\",\"width\":997,\"height\":367},{\"@type\":\"BreadcrumbList\",\"@id\":\"https:\/\/www.domkraftpro.com\/index.php\/produkt\/znackovy-drzak-na-rucniky-505x55x65-mm-57343\/#breadcrumb\",\"itemListElement\":[{\"@type\":\"ListItem\",\"position\":1,\"name\":\"Home\",\"item\":\"https:\/\/www.domkraftpro.com\/\"},{\"@type\":\"ListItem\",\"position\":2,\"name\":\"Products\",\"item\":\"https:\/\/www.domkraftpro.com\/index.php\/products\/\"},{\"@type\":\"ListItem\",\"position\":3,\"name\":\"Zna\u010dkov\u00fd Dr\u017e\u00e1k na ru\u010dn\u00edky &#8211; 505\u00d755\u00d765 mm\"}]},{\"@type\":\"WebSite\",\"@id\":\"https:\/\/www.domkraftpro.com\/#website\",\"url\":\"https:\/\/www.domkraftpro.com\/\",\"name\":\"\",\"description\":\"\",\"potentialAction\":[{\"@type\":\"SearchAction\",\"target\":{\"@type\":\"EntryPoint\",\"urlTemplate\":\"https:\/\/www.domkraftpro.com\/?s={search_term_string}\"},\"query-input\":{\"@type\":\"PropertyValueSpecification\",\"valueRequired\":true,\"valueName\":\"search_term_string\"}}],\"inLanguage\":\"cs\"}]}<\/script>\n<!-- \/ Yoast SEO plugin. -->","yoast_head_json":{"title":"Zna\u010dkov\u00fd Dr\u017e\u00e1k na ru\u010dn\u00edky - 505\u00d755\u00d765 mm -","robots":{"index":"index","follow":"follow","max-snippet":"max-snippet:-1","max-image-preview":"max-image-preview:large","max-video-preview":"max-video-preview:-1"},"canonical":"https:\/\/www.domkraftpro.com\/index.php\/produkt\/znackovy-drzak-na-rucniky-505x55x65-mm-57343\/","og_locale":"cs_CZ","og_type":"article","og_title":"Zna\u010dkov\u00fd Dr\u017e\u00e1k na ru\u010dn\u00edky - 505\u00d755\u00d765 mm -","og_description":"Dr\u017e\u00e1k na ru\u010dn\u00edky &#8211; 505\u00d755\u00d765 mm Z\u00e1kladem ka\u017ed\u00e9ho luxusn\u00edho koupelnov\u00e9ho interi\u00e9ru je dokonal\u00e1 harmonie. Sta\u010d\u00ed do n\u011bj zahrnout precizn\u011b zpracovan\u00e9 dopl\u0148ky, jako nap\u0159\u00edklad tento dr\u017e\u00e1k na ru\u010dn\u00edky. Obsahuje odoln\u00fd, snadno udr\u017eovateln\u00fd povrch, kter\u00fd si zachov\u00e1 sv\u016fj lesk mnoho let, a jeho instalace je velice snadn\u00e1, Dr\u017e\u00e1k nab\u00edz\u00edme v n\u011bkolika barevn\u00fdch variant\u00e1ch, pro p\u0159izp\u016fsoben\u00ed jak\u00e9koliv koupelny. [&hellip;]","og_url":"https:\/\/www.domkraftpro.com\/index.php\/produkt\/znackovy-drzak-na-rucniky-505x55x65-mm-57343\/","og_image":[{"width":997,"height":367,"url":"https:\/\/www.domkraftpro.com\/wp-content\/uploads\/2026\/SK0008684-CZ20260425-093041-0-1777080643-drzak-na-rucniky-5055565-mm_mwpd-qx.webp","type":"image\/webp"}],"twitter_card":"summary_large_image","twitter_misc":{"Odhadovan\u00e1 doba \u010dten\u00ed":"1 minuta"},"schema":{"@context":"https:\/\/schema.org","@graph":[{"@type":"WebPage","@id":"https:\/\/www.domkraftpro.com\/index.php\/produkt\/znackovy-drzak-na-rucniky-505x55x65-mm-57343\/","url":"https:\/\/www.domkraftpro.com\/index.php\/produkt\/znackovy-drzak-na-rucniky-505x55x65-mm-57343\/","name":"Zna\u010dkov\u00fd Dr\u017e\u00e1k na ru\u010dn\u00edky - 505\u00d755\u00d765 mm -","isPartOf":{"@id":"https:\/\/www.domkraftpro.com\/#website"},"primaryImageOfPage":{"@id":"https:\/\/www.domkraftpro.com\/index.php\/produkt\/znackovy-drzak-na-rucniky-505x55x65-mm-57343\/#primaryimage"},"image":{"@id":"https:\/\/www.domkraftpro.com\/index.php\/produkt\/znackovy-drzak-na-rucniky-505x55x65-mm-57343\/#primaryimage"},"thumbnailUrl":"https:\/\/www.domkraftpro.com\/wp-content\/uploads\/2026\/SK0008684-CZ20260425-093041-0-1777080643-drzak-na-rucniky-5055565-mm_mwpd-qx.webp","datePublished":"2026-04-27T04:43:00+00:00","breadcrumb":{"@id":"https:\/\/www.domkraftpro.com\/index.php\/produkt\/znackovy-drzak-na-rucniky-505x55x65-mm-57343\/#breadcrumb"},"inLanguage":"cs","potentialAction":[{"@type":"ReadAction","target":["https:\/\/www.domkraftpro.com\/index.php\/produkt\/znackovy-drzak-na-rucniky-505x55x65-mm-57343\/"]}]},{"@type":"ImageObject","inLanguage":"cs","@id":"https:\/\/www.domkraftpro.com\/index.php\/produkt\/znackovy-drzak-na-rucniky-505x55x65-mm-57343\/#primaryimage","url":"https:\/\/www.domkraftpro.com\/wp-content\/uploads\/2026\/SK0008684-CZ20260425-093041-0-1777080643-drzak-na-rucniky-5055565-mm_mwpd-qx.webp","contentUrl":"https:\/\/www.domkraftpro.com\/wp-content\/uploads\/2026\/SK0008684-CZ20260425-093041-0-1777080643-drzak-na-rucniky-5055565-mm_mwpd-qx.webp","width":997,"height":367},{"@type":"BreadcrumbList","@id":"https:\/\/www.domkraftpro.com\/index.php\/produkt\/znackovy-drzak-na-rucniky-505x55x65-mm-57343\/#breadcrumb","itemListElement":[{"@type":"ListItem","position":1,"name":"Home","item":"https:\/\/www.domkraftpro.com\/"},{"@type":"ListItem","position":2,"name":"Products","item":"https:\/\/www.domkraftpro.com\/index.php\/products\/"},{"@type":"ListItem","position":3,"name":"Zna\u010dkov\u00fd Dr\u017e\u00e1k na ru\u010dn\u00edky &#8211; 505\u00d755\u00d765 mm"}]},{"@type":"WebSite","@id":"https:\/\/www.domkraftpro.com\/#website","url":"https:\/\/www.domkraftpro.com\/","name":"","description":"","potentialAction":[{"@type":"SearchAction","target":{"@type":"EntryPoint","urlTemplate":"https:\/\/www.domkraftpro.com\/?s={search_term_string}"},"query-input":{"@type":"PropertyValueSpecification","valueRequired":true,"valueName":"search_term_string"}}],"inLanguage":"cs"}]}},"_links":{"self":[{"href":"https:\/\/www.domkraftpro.com\/index.php\/wp-json\/wp\/v2\/product\/57343","targetHints":{"allow":["GET"]}}],"collection":[{"href":"https:\/\/www.domkraftpro.com\/index.php\/wp-json\/wp\/v2\/product"}],"about":[{"href":"https:\/\/www.domkraftpro.com\/index.php\/wp-json\/wp\/v2\/types\/product"}],"replies":[{"embeddable":true,"href":"https:\/\/www.domkraftpro.com\/index.php\/wp-json\/wp\/v2\/comments?post=57343"}],"wp:featuredmedia":[{"embeddable":true,"href":"https:\/\/www.domkraftpro.com\/index.php\/wp-json\/wp\/v2\/media\/57443"}],"wp:attachment":[{"href":"https:\/\/www.domkraftpro.com\/index.php\/wp-json\/wp\/v2\/media?parent=57343"}],"wp:term":[{"taxonomy":"product_brand","embeddable":true,"href":"https:\/\/www.domkraftpro.com\/index.php\/wp-json\/wp\/v2\/product_brand?post=57343"},{"taxonomy":"product_cat","embeddable":true,"href":"https:\/\/www.domkraftpro.com\/index.php\/wp-json\/wp\/v2\/product_cat?post=57343"},{"taxonomy":"product_tag","embeddable":true,"href":"https:\/\/www.domkraftpro.com\/index.php\/wp-json\/wp\/v2\/product_tag?post=57343"}],"curies":[{"name":"wp","href":"https:\/\/api.w.org\/{rel}","templated":true}]}}