{"id":57131,"date":"2026-04-27T04:42:59","date_gmt":"2026-04-27T04:42:59","guid":{"rendered":""},"modified":"2026-04-27T04:42:59","modified_gmt":"2026-04-27T04:42:59","slug":"znackovy-umyvadlova-baterie-fonti-11l08-nikl-brouseny-57131","status":"publish","type":"product","link":"https:\/\/www.domkraftpro.com\/index.php\/produkt\/znackovy-umyvadlova-baterie-fonti-11l08-nikl-brouseny-57131\/","title":{"rendered":"Zna\u010dkov\u00fd Umyvadlov\u00e1 baterie FONTI 11L08 &#8211; nikl brou\u0161en\u00fd"},"content":{"rendered":"<div class=\"tabs__content-outer\" id=\"tab_description\" data-hash=\"description\" data-tabindex=\"-1\">\n<div class=\"tabs__content toggle_description\" id=\"content_description\">\n<div class=\"wysiwyg-content\">\n<div class=\"product__tab product__description full-width\">\n<div class=\"container\">\n<div >\n<h3>Umyvadlov\u00e1 baterie FONTI 11L08 &#8211; nikl brou\u0161en\u00fd<\/h3>\n<p>Vy\u0161\u0161\u00ed<strong> umyvadlov\u00e1 baterie FONTI 11L<\/strong> od p\u0159edn\u00edho evropsk\u00e9ho v\u00fdrobce. Baterie m\u00e1 <strong>vy\u0161\u0161\u00ed konstrukci &#8211; 170 mm<\/strong>, d\u00edky tomu poskytuje v\u011bt\u0161\u00ed prostor uvnit\u0159 va\u0161eho umyvadla. Co\u017e ocen\u00edte nap\u0159\u00edklad p\u0159i pran\u00ed pr\u00e1dla v umyvadle. \u00dasporn\u00e1 <strong>umyvadlov\u00e1 baterie<\/strong> s\u00e9rie FONTI.\u00a0Jsou ur\u010deny pro umyvadla, kter\u00e1 maj\u00ed otvor pro umyvadlovou baterii. P\u0159\u00edpadn\u011b pro sk\u0159\u00ed\u0148ky s umyvadlem.\u00a0<\/p>\n<p><strong>Upozorn\u011bn\u00ed<\/strong>: \u00davodn\u00ed fotografie je pouze ilustra\u010dn\u00ed, barevn\u00e9 proveden\u00ed je vyobrazeno v galerii.\u00a0<\/p>\n<p><strong>P\u0159ednosti umyvadlov\u00e9 baterie FONTI 11L08:<\/strong><\/p>\n<ul>\n<li><strong>Modern\u00ed\u00a0jednoduch\u00fd design<\/strong><\/li>\n<li><strong>Umyvadlov\u00e1\u00a0baterie\u00a0stoj\u00e1nkov\u00e1 vy\u0161\u0161\u00ed konstrukce<\/strong><\/li>\n<li><strong>V\u00fd\u0161ka:<\/strong>\u00a0170 mm<\/li>\n<li><strong>Anti line aretator\u00a0<\/strong>(proti usazov\u00e1n\u00ed vodn\u00edho kamene)<\/li>\n<li><strong>Proveden\u00ed:<\/strong>\u00a0nikl brou\u0161en\u00fd<\/li>\n<li><strong>Modern\u00ed perl\u00e1tor<\/strong><\/li>\n<li><strong>Prov\u011b\u0159en\u00e1<\/strong>\u00a0technologie<\/li>\n<li><strong>Keramick\u00e1 kartu\u0161e<\/strong><\/li>\n<li><strong>P\u00e1kov\u00e9 ovl\u00e1d\u00e1n\u00ed<\/strong><\/li>\n<li><strong>Sou\u010d\u00e1st\u00ed balen\u00ed:\u00a0<\/strong>baterie, p\u0159\u00edvodn\u00ed hadi\u010dky, upev\u0148ovac\u00ed sada<\/li>\n<li><strong>\u00daspora vody<\/strong><\/li>\n<li><strong>Z\u00c1RUKA 5 LET<\/strong><\/li>\n<\/ul>\n<p><b>Vlastnosti<\/b><\/p>\n<ul>\n<li><span>Materi\u00e1l:<\/span> Mosaz<\/li>\n<li><span>Barva:<\/span> St\u0159\u00edbrn\u00e1<\/li>\n<li><span>Ovl\u00e1d\u00e1n\u00ed_baterie:<\/span> P\u00e1kov\u00e9<\/li>\n<li><span>Druh baterie:<\/span> Stoj\u00e1nkov\u00e9<\/li>\n<li><span>Vyu\u017eit\u00ed_baterie:<\/span> Koupelnov\u00e9<\/li>\n<\/ul>\n<\/div><\/div>\n<\/p><\/div>\n<\/p><\/div>\n<\/p><\/div>\n","protected":false},"excerpt":{"rendered":"<p>Umyvadlov\u00e1 baterie FONTI 11L08 &#8211; nikl brou\u0161en\u00fd Vy\u0161\u0161\u00ed umyvadlov\u00e1 baterie FONTI 11L od p\u0159edn\u00edho evropsk\u00e9ho v\u00fdrobce. Baterie m\u00e1 vy\u0161\u0161\u00ed konstrukci &#8211; 170 mm, d\u00edky tomu poskytuje v\u011bt\u0161\u00ed prostor uvnit\u0159 va\u0161eho umyvadla. Co\u017e ocen\u00edte nap\u0159\u00edklad p\u0159i pran\u00ed pr\u00e1dla v umyvadle. \u00dasporn\u00e1 umyvadlov\u00e1 baterie s\u00e9rie FONTI.\u00a0Jsou ur\u010deny pro umyvadla, kter\u00e1 maj\u00ed otvor pro umyvadlovou baterii. P\u0159\u00edpadn\u011b pro [&hellip;]<\/p>\n","protected":false},"featured_media":57231,"comment_status":"open","ping_status":"open","template":"","meta":[],"product_brand":[],"product_cat":[95],"product_tag":[],"class_list":{"0":"post-57131","1":"product","2":"type-product","3":"status-publish","4":"has-post-thumbnail","6":"product_cat-koupelna","8":"first","9":"instock","10":"sale","11":"shipping-taxable","12":"purchasable","13":"product-type-simple"},"yoast_head":"<!-- This site is optimized with the Yoast SEO plugin v26.8 - https:\/\/yoast.com\/product\/yoast-seo-wordpress\/ -->\n<title>Zna\u010dkov\u00fd Umyvadlov\u00e1 baterie FONTI 11L08 - nikl brou\u0161en\u00fd -<\/title>\n<meta name=\"robots\" content=\"index, follow, max-snippet:-1, max-image-preview:large, max-video-preview:-1\" \/>\n<link rel=\"canonical\" href=\"https:\/\/www.domkraftpro.com\/index.php\/produkt\/znackovy-umyvadlova-baterie-fonti-11l08-nikl-brouseny-57131\/\" \/>\n<meta property=\"og:locale\" content=\"cs_CZ\" \/>\n<meta property=\"og:type\" content=\"article\" \/>\n<meta property=\"og:title\" content=\"Zna\u010dkov\u00fd Umyvadlov\u00e1 baterie FONTI 11L08 - nikl brou\u0161en\u00fd -\" \/>\n<meta property=\"og:description\" content=\"Umyvadlov\u00e1 baterie FONTI 11L08 &#8211; nikl brou\u0161en\u00fd Vy\u0161\u0161\u00ed umyvadlov\u00e1 baterie FONTI 11L od p\u0159edn\u00edho evropsk\u00e9ho v\u00fdrobce. Baterie m\u00e1 vy\u0161\u0161\u00ed konstrukci &#8211; 170 mm, d\u00edky tomu poskytuje v\u011bt\u0161\u00ed prostor uvnit\u0159 va\u0161eho umyvadla. Co\u017e ocen\u00edte nap\u0159\u00edklad p\u0159i pran\u00ed pr\u00e1dla v umyvadle. \u00dasporn\u00e1 umyvadlov\u00e1 baterie s\u00e9rie FONTI.\u00a0Jsou ur\u010deny pro umyvadla, kter\u00e1 maj\u00ed otvor pro umyvadlovou baterii. P\u0159\u00edpadn\u011b pro [&hellip;]\" \/>\n<meta property=\"og:url\" content=\"https:\/\/www.domkraftpro.com\/index.php\/produkt\/znackovy-umyvadlova-baterie-fonti-11l08-nikl-brouseny-57131\/\" \/>\n<meta property=\"og:image\" content=\"https:\/\/www.domkraftpro.com\/wp-content\/uploads\/2026\/SK0008570-CZ20260425-093041-0-1777080643-umyvadlova-baterie-fonti-11l08-nikl-brouseny.webp\" \/>\n\t<meta property=\"og:image:width\" content=\"500\" \/>\n\t<meta property=\"og:image:height\" content=\"516\" \/>\n\t<meta property=\"og:image:type\" content=\"image\/webp\" \/>\n<meta name=\"twitter:card\" content=\"summary_large_image\" \/>\n<meta name=\"twitter:label1\" content=\"Odhadovan\u00e1 doba \u010dten\u00ed\" \/>\n\t<meta name=\"twitter:data1\" content=\"1 minuta\" \/>\n<script type=\"application\/ld+json\" class=\"yoast-schema-graph\">{\"@context\":\"https:\/\/schema.org\",\"@graph\":[{\"@type\":\"WebPage\",\"@id\":\"https:\/\/www.domkraftpro.com\/index.php\/produkt\/znackovy-umyvadlova-baterie-fonti-11l08-nikl-brouseny-57131\/\",\"url\":\"https:\/\/www.domkraftpro.com\/index.php\/produkt\/znackovy-umyvadlova-baterie-fonti-11l08-nikl-brouseny-57131\/\",\"name\":\"Zna\u010dkov\u00fd Umyvadlov\u00e1 baterie FONTI 11L08 - nikl brou\u0161en\u00fd -\",\"isPartOf\":{\"@id\":\"https:\/\/www.domkraftpro.com\/#website\"},\"primaryImageOfPage\":{\"@id\":\"https:\/\/www.domkraftpro.com\/index.php\/produkt\/znackovy-umyvadlova-baterie-fonti-11l08-nikl-brouseny-57131\/#primaryimage\"},\"image\":{\"@id\":\"https:\/\/www.domkraftpro.com\/index.php\/produkt\/znackovy-umyvadlova-baterie-fonti-11l08-nikl-brouseny-57131\/#primaryimage\"},\"thumbnailUrl\":\"https:\/\/www.domkraftpro.com\/wp-content\/uploads\/2026\/SK0008570-CZ20260425-093041-0-1777080643-umyvadlova-baterie-fonti-11l08-nikl-brouseny.webp\",\"datePublished\":\"2026-04-27T04:42:59+00:00\",\"breadcrumb\":{\"@id\":\"https:\/\/www.domkraftpro.com\/index.php\/produkt\/znackovy-umyvadlova-baterie-fonti-11l08-nikl-brouseny-57131\/#breadcrumb\"},\"inLanguage\":\"cs\",\"potentialAction\":[{\"@type\":\"ReadAction\",\"target\":[\"https:\/\/www.domkraftpro.com\/index.php\/produkt\/znackovy-umyvadlova-baterie-fonti-11l08-nikl-brouseny-57131\/\"]}]},{\"@type\":\"ImageObject\",\"inLanguage\":\"cs\",\"@id\":\"https:\/\/www.domkraftpro.com\/index.php\/produkt\/znackovy-umyvadlova-baterie-fonti-11l08-nikl-brouseny-57131\/#primaryimage\",\"url\":\"https:\/\/www.domkraftpro.com\/wp-content\/uploads\/2026\/SK0008570-CZ20260425-093041-0-1777080643-umyvadlova-baterie-fonti-11l08-nikl-brouseny.webp\",\"contentUrl\":\"https:\/\/www.domkraftpro.com\/wp-content\/uploads\/2026\/SK0008570-CZ20260425-093041-0-1777080643-umyvadlova-baterie-fonti-11l08-nikl-brouseny.webp\",\"width\":500,\"height\":516},{\"@type\":\"BreadcrumbList\",\"@id\":\"https:\/\/www.domkraftpro.com\/index.php\/produkt\/znackovy-umyvadlova-baterie-fonti-11l08-nikl-brouseny-57131\/#breadcrumb\",\"itemListElement\":[{\"@type\":\"ListItem\",\"position\":1,\"name\":\"Home\",\"item\":\"https:\/\/www.domkraftpro.com\/\"},{\"@type\":\"ListItem\",\"position\":2,\"name\":\"Products\",\"item\":\"https:\/\/www.domkraftpro.com\/index.php\/products\/\"},{\"@type\":\"ListItem\",\"position\":3,\"name\":\"Zna\u010dkov\u00fd Umyvadlov\u00e1 baterie FONTI 11L08 &#8211; nikl brou\u0161en\u00fd\"}]},{\"@type\":\"WebSite\",\"@id\":\"https:\/\/www.domkraftpro.com\/#website\",\"url\":\"https:\/\/www.domkraftpro.com\/\",\"name\":\"\",\"description\":\"\",\"potentialAction\":[{\"@type\":\"SearchAction\",\"target\":{\"@type\":\"EntryPoint\",\"urlTemplate\":\"https:\/\/www.domkraftpro.com\/?s={search_term_string}\"},\"query-input\":{\"@type\":\"PropertyValueSpecification\",\"valueRequired\":true,\"valueName\":\"search_term_string\"}}],\"inLanguage\":\"cs\"}]}<\/script>\n<!-- \/ Yoast SEO plugin. -->","yoast_head_json":{"title":"Zna\u010dkov\u00fd Umyvadlov\u00e1 baterie FONTI 11L08 - nikl brou\u0161en\u00fd -","robots":{"index":"index","follow":"follow","max-snippet":"max-snippet:-1","max-image-preview":"max-image-preview:large","max-video-preview":"max-video-preview:-1"},"canonical":"https:\/\/www.domkraftpro.com\/index.php\/produkt\/znackovy-umyvadlova-baterie-fonti-11l08-nikl-brouseny-57131\/","og_locale":"cs_CZ","og_type":"article","og_title":"Zna\u010dkov\u00fd Umyvadlov\u00e1 baterie FONTI 11L08 - nikl brou\u0161en\u00fd -","og_description":"Umyvadlov\u00e1 baterie FONTI 11L08 &#8211; nikl brou\u0161en\u00fd Vy\u0161\u0161\u00ed umyvadlov\u00e1 baterie FONTI 11L od p\u0159edn\u00edho evropsk\u00e9ho v\u00fdrobce. Baterie m\u00e1 vy\u0161\u0161\u00ed konstrukci &#8211; 170 mm, d\u00edky tomu poskytuje v\u011bt\u0161\u00ed prostor uvnit\u0159 va\u0161eho umyvadla. Co\u017e ocen\u00edte nap\u0159\u00edklad p\u0159i pran\u00ed pr\u00e1dla v umyvadle. \u00dasporn\u00e1 umyvadlov\u00e1 baterie s\u00e9rie FONTI.\u00a0Jsou ur\u010deny pro umyvadla, kter\u00e1 maj\u00ed otvor pro umyvadlovou baterii. P\u0159\u00edpadn\u011b pro [&hellip;]","og_url":"https:\/\/www.domkraftpro.com\/index.php\/produkt\/znackovy-umyvadlova-baterie-fonti-11l08-nikl-brouseny-57131\/","og_image":[{"width":500,"height":516,"url":"https:\/\/www.domkraftpro.com\/wp-content\/uploads\/2026\/SK0008570-CZ20260425-093041-0-1777080643-umyvadlova-baterie-fonti-11l08-nikl-brouseny.webp","type":"image\/webp"}],"twitter_card":"summary_large_image","twitter_misc":{"Odhadovan\u00e1 doba \u010dten\u00ed":"1 minuta"},"schema":{"@context":"https:\/\/schema.org","@graph":[{"@type":"WebPage","@id":"https:\/\/www.domkraftpro.com\/index.php\/produkt\/znackovy-umyvadlova-baterie-fonti-11l08-nikl-brouseny-57131\/","url":"https:\/\/www.domkraftpro.com\/index.php\/produkt\/znackovy-umyvadlova-baterie-fonti-11l08-nikl-brouseny-57131\/","name":"Zna\u010dkov\u00fd Umyvadlov\u00e1 baterie FONTI 11L08 - nikl brou\u0161en\u00fd -","isPartOf":{"@id":"https:\/\/www.domkraftpro.com\/#website"},"primaryImageOfPage":{"@id":"https:\/\/www.domkraftpro.com\/index.php\/produkt\/znackovy-umyvadlova-baterie-fonti-11l08-nikl-brouseny-57131\/#primaryimage"},"image":{"@id":"https:\/\/www.domkraftpro.com\/index.php\/produkt\/znackovy-umyvadlova-baterie-fonti-11l08-nikl-brouseny-57131\/#primaryimage"},"thumbnailUrl":"https:\/\/www.domkraftpro.com\/wp-content\/uploads\/2026\/SK0008570-CZ20260425-093041-0-1777080643-umyvadlova-baterie-fonti-11l08-nikl-brouseny.webp","datePublished":"2026-04-27T04:42:59+00:00","breadcrumb":{"@id":"https:\/\/www.domkraftpro.com\/index.php\/produkt\/znackovy-umyvadlova-baterie-fonti-11l08-nikl-brouseny-57131\/#breadcrumb"},"inLanguage":"cs","potentialAction":[{"@type":"ReadAction","target":["https:\/\/www.domkraftpro.com\/index.php\/produkt\/znackovy-umyvadlova-baterie-fonti-11l08-nikl-brouseny-57131\/"]}]},{"@type":"ImageObject","inLanguage":"cs","@id":"https:\/\/www.domkraftpro.com\/index.php\/produkt\/znackovy-umyvadlova-baterie-fonti-11l08-nikl-brouseny-57131\/#primaryimage","url":"https:\/\/www.domkraftpro.com\/wp-content\/uploads\/2026\/SK0008570-CZ20260425-093041-0-1777080643-umyvadlova-baterie-fonti-11l08-nikl-brouseny.webp","contentUrl":"https:\/\/www.domkraftpro.com\/wp-content\/uploads\/2026\/SK0008570-CZ20260425-093041-0-1777080643-umyvadlova-baterie-fonti-11l08-nikl-brouseny.webp","width":500,"height":516},{"@type":"BreadcrumbList","@id":"https:\/\/www.domkraftpro.com\/index.php\/produkt\/znackovy-umyvadlova-baterie-fonti-11l08-nikl-brouseny-57131\/#breadcrumb","itemListElement":[{"@type":"ListItem","position":1,"name":"Home","item":"https:\/\/www.domkraftpro.com\/"},{"@type":"ListItem","position":2,"name":"Products","item":"https:\/\/www.domkraftpro.com\/index.php\/products\/"},{"@type":"ListItem","position":3,"name":"Zna\u010dkov\u00fd Umyvadlov\u00e1 baterie FONTI 11L08 &#8211; nikl brou\u0161en\u00fd"}]},{"@type":"WebSite","@id":"https:\/\/www.domkraftpro.com\/#website","url":"https:\/\/www.domkraftpro.com\/","name":"","description":"","potentialAction":[{"@type":"SearchAction","target":{"@type":"EntryPoint","urlTemplate":"https:\/\/www.domkraftpro.com\/?s={search_term_string}"},"query-input":{"@type":"PropertyValueSpecification","valueRequired":true,"valueName":"search_term_string"}}],"inLanguage":"cs"}]}},"_links":{"self":[{"href":"https:\/\/www.domkraftpro.com\/index.php\/wp-json\/wp\/v2\/product\/57131","targetHints":{"allow":["GET"]}}],"collection":[{"href":"https:\/\/www.domkraftpro.com\/index.php\/wp-json\/wp\/v2\/product"}],"about":[{"href":"https:\/\/www.domkraftpro.com\/index.php\/wp-json\/wp\/v2\/types\/product"}],"replies":[{"embeddable":true,"href":"https:\/\/www.domkraftpro.com\/index.php\/wp-json\/wp\/v2\/comments?post=57131"}],"wp:featuredmedia":[{"embeddable":true,"href":"https:\/\/www.domkraftpro.com\/index.php\/wp-json\/wp\/v2\/media\/57231"}],"wp:attachment":[{"href":"https:\/\/www.domkraftpro.com\/index.php\/wp-json\/wp\/v2\/media?parent=57131"}],"wp:term":[{"taxonomy":"product_brand","embeddable":true,"href":"https:\/\/www.domkraftpro.com\/index.php\/wp-json\/wp\/v2\/product_brand?post=57131"},{"taxonomy":"product_cat","embeddable":true,"href":"https:\/\/www.domkraftpro.com\/index.php\/wp-json\/wp\/v2\/product_cat?post=57131"},{"taxonomy":"product_tag","embeddable":true,"href":"https:\/\/www.domkraftpro.com\/index.php\/wp-json\/wp\/v2\/product_tag?post=57131"}],"curies":[{"name":"wp","href":"https:\/\/api.w.org\/{rel}","templated":true}]}}