{"id":56545,"date":"2026-04-27T04:42:57","date_gmt":"2026-04-27T04:42:57","guid":{"rendered":""},"modified":"2026-04-27T04:42:57","modified_gmt":"2026-04-27T04:42:57","slug":"akce-sapho-keramicke-umyvadlo-zapustne-prumer-43cm-bila-3041-56545","status":"publish","type":"product","link":"https:\/\/www.domkraftpro.com\/produkt\/akce-sapho-keramicke-umyvadlo-zapustne-prumer-43cm-bila-3041-56545\/","title":{"rendered":"Akce Sapho Keramick\u00e9 umyvadlo z\u00e1pustn\u00e9, pr\u016fm\u011br 43cm, b\u00edl\u00e1 3041"},"content":{"rendered":"<div class=\"tabs__content-outer\" id=\"tab_description\" data-hash=\"description\" data-tabindex=\"-1\">\n<div class=\"tabs__content toggle_description\" id=\"content_description\">\n<div class=\"wysiwyg-content\">\n<div class=\"product__tab product__description full-width\">\n<div class=\"container\">\n<div >\n<h3>Sapho Keramick\u00e9 umyvadlo z\u00e1pustn\u00e9, pr\u016fm\u011br 43cm, b\u00edl\u00e1 3041<\/h3>\n<p> <\/p>\n<p><strong>Vlastnosti<\/strong><\/p>\n<ul>\n<li><span>Materi\u00e1l:<\/span> Keramika<\/li>\n<li><span>Barva:<\/span> B\u00edl\u00e1<\/li>\n<li><span>Instalace:<\/span> Z\u00e1pustn\u00e9<\/li>\n<li><span>P\u0159epad:<\/span> Ne<\/li>\n<li><span>Tvar:<\/span> Kruh<\/li>\n<li><span>Otvor pro baterii:<\/span> Bez otvoru<\/li>\n<li><span>Rozm\u011br:<\/span> 43&#215;12,3 cm<\/li>\n<li><span>\u0160\u00ed\u0159ka:<\/span> 430 mm<\/li>\n<li><span>V\u00fd\u0161ka:<\/span> 123 mm<\/li>\n<li><span>Pr\u016fm\u011br:<\/span> 430 mm<\/li>\n<li><span>Hloubka:<\/span> 430 mm<\/li>\n<li><span>Typ umyvadla:<\/span> Z\u00e1pustn\u00e9 umyvadlo<\/li>\n<\/ul>\n<\/div><\/div>\n<\/p><\/div>\n<\/p><\/div>\n<\/p><\/div>\n","protected":false},"excerpt":{"rendered":"<p>Sapho Keramick\u00e9 umyvadlo z\u00e1pustn\u00e9, pr\u016fm\u011br 43cm, b\u00edl\u00e1 3041 Vlastnosti Materi\u00e1l: Keramika Barva: B\u00edl\u00e1 Instalace: Z\u00e1pustn\u00e9 P\u0159epad: Ne Tvar: Kruh Otvor pro baterii: Bez otvoru Rozm\u011br: 43&#215;12,3 cm \u0160\u00ed\u0159ka: 430 mm V\u00fd\u0161ka: 123 mm Pr\u016fm\u011br: 430 mm Hloubka: 430 mm Typ umyvadla: Z\u00e1pustn\u00e9 umyvadlo<\/p>\n","protected":false},"featured_media":56645,"template":"","meta":[],"product_brand":[],"product_cat":[95],"product_tag":[],"class_list":{"0":"post-56545","1":"product","2":"type-product","3":"status-publish","4":"has-post-thumbnail","6":"product_cat-koupelna","8":"first","9":"instock","10":"sale","11":"shipping-taxable","12":"purchasable","13":"product-type-simple"},"yoast_head":"<!-- This site is optimized with the Yoast SEO plugin v26.8 - https:\/\/yoast.com\/product\/yoast-seo-wordpress\/ -->\n<title>Akce Sapho Keramick\u00e9 umyvadlo z\u00e1pustn\u00e9, pr\u016fm\u011br 43cm, b\u00edl\u00e1 3041 - Koupelna &amp; N\u00e1\u0159ad\u00ed &amp; Osv\u011btlen\u00ed a Stavebn\u00ed pot\u0159by<\/title>\n<meta name=\"robots\" content=\"index, follow, max-snippet:-1, max-image-preview:large, max-video-preview:-1\" \/>\n<link rel=\"canonical\" href=\"https:\/\/www.domkraftpro.com\/index.php\/produkt\/akce-sapho-keramicke-umyvadlo-zapustne-prumer-43cm-bila-3041-56545\/\" \/>\n<meta property=\"og:locale\" content=\"cs_CZ\" \/>\n<meta property=\"og:type\" content=\"article\" \/>\n<meta property=\"og:title\" content=\"Akce Sapho Keramick\u00e9 umyvadlo z\u00e1pustn\u00e9, pr\u016fm\u011br 43cm, b\u00edl\u00e1 3041 - Koupelna &amp; N\u00e1\u0159ad\u00ed &amp; Osv\u011btlen\u00ed a Stavebn\u00ed pot\u0159by\" \/>\n<meta property=\"og:description\" content=\"Sapho Keramick\u00e9 umyvadlo z\u00e1pustn\u00e9, pr\u016fm\u011br 43cm, b\u00edl\u00e1 3041 Vlastnosti Materi\u00e1l: Keramika Barva: B\u00edl\u00e1 Instalace: Z\u00e1pustn\u00e9 P\u0159epad: Ne Tvar: Kruh Otvor pro baterii: Bez otvoru Rozm\u011br: 43&#215;12,3 cm \u0160\u00ed\u0159ka: 430 mm V\u00fd\u0161ka: 123 mm Pr\u016fm\u011br: 430 mm Hloubka: 430 mm Typ umyvadla: Z\u00e1pustn\u00e9 umyvadlo\" \/>\n<meta property=\"og:url\" content=\"https:\/\/www.domkraftpro.com\/index.php\/produkt\/akce-sapho-keramicke-umyvadlo-zapustne-prumer-43cm-bila-3041-56545\/\" \/>\n<meta property=\"og:site_name\" content=\"Koupelna &amp; N\u00e1\u0159ad\u00ed &amp; Osv\u011btlen\u00ed a Stavebn\u00ed pot\u0159by\" \/>\n<meta property=\"og:image\" content=\"https:\/\/www.domkraftpro.com\/wp-content\/uploads\/2026\/SK0008279-CZ20260425-093041-0-1777080643-5efb6c2052f5dba30751fb012665c83d.webp\" \/>\n\t<meta property=\"og:image:width\" content=\"1000\" \/>\n\t<meta property=\"og:image:height\" content=\"731\" \/>\n\t<meta property=\"og:image:type\" content=\"image\/webp\" \/>\n<meta name=\"twitter:card\" content=\"summary_large_image\" \/>\n<script type=\"application\/ld+json\" class=\"yoast-schema-graph\">{\"@context\":\"https:\/\/schema.org\",\"@graph\":[{\"@type\":\"WebPage\",\"@id\":\"https:\/\/www.domkraftpro.com\/index.php\/produkt\/akce-sapho-keramicke-umyvadlo-zapustne-prumer-43cm-bila-3041-56545\/\",\"url\":\"https:\/\/www.domkraftpro.com\/index.php\/produkt\/akce-sapho-keramicke-umyvadlo-zapustne-prumer-43cm-bila-3041-56545\/\",\"name\":\"Akce Sapho Keramick\u00e9 umyvadlo z\u00e1pustn\u00e9, pr\u016fm\u011br 43cm, b\u00edl\u00e1 3041 - Koupelna &amp; N\u00e1\u0159ad\u00ed &amp; Osv\u011btlen\u00ed a Stavebn\u00ed pot\u0159by\",\"isPartOf\":{\"@id\":\"https:\/\/www.domkraftpro.com\/#website\"},\"primaryImageOfPage\":{\"@id\":\"https:\/\/www.domkraftpro.com\/index.php\/produkt\/akce-sapho-keramicke-umyvadlo-zapustne-prumer-43cm-bila-3041-56545\/#primaryimage\"},\"image\":{\"@id\":\"https:\/\/www.domkraftpro.com\/index.php\/produkt\/akce-sapho-keramicke-umyvadlo-zapustne-prumer-43cm-bila-3041-56545\/#primaryimage\"},\"thumbnailUrl\":\"https:\/\/www.domkraftpro.com\/wp-content\/uploads\/2026\/SK0008279-CZ20260425-093041-0-1777080643-5efb6c2052f5dba30751fb012665c83d.webp\",\"datePublished\":\"2026-04-27T04:42:57+00:00\",\"breadcrumb\":{\"@id\":\"https:\/\/www.domkraftpro.com\/index.php\/produkt\/akce-sapho-keramicke-umyvadlo-zapustne-prumer-43cm-bila-3041-56545\/#breadcrumb\"},\"inLanguage\":\"cs\",\"potentialAction\":[{\"@type\":\"ReadAction\",\"target\":[\"https:\/\/www.domkraftpro.com\/index.php\/produkt\/akce-sapho-keramicke-umyvadlo-zapustne-prumer-43cm-bila-3041-56545\/\"]}]},{\"@type\":\"ImageObject\",\"inLanguage\":\"cs\",\"@id\":\"https:\/\/www.domkraftpro.com\/index.php\/produkt\/akce-sapho-keramicke-umyvadlo-zapustne-prumer-43cm-bila-3041-56545\/#primaryimage\",\"url\":\"https:\/\/www.domkraftpro.com\/wp-content\/uploads\/2026\/SK0008279-CZ20260425-093041-0-1777080643-5efb6c2052f5dba30751fb012665c83d.webp\",\"contentUrl\":\"https:\/\/www.domkraftpro.com\/wp-content\/uploads\/2026\/SK0008279-CZ20260425-093041-0-1777080643-5efb6c2052f5dba30751fb012665c83d.webp\",\"width\":1000,\"height\":731},{\"@type\":\"BreadcrumbList\",\"@id\":\"https:\/\/www.domkraftpro.com\/index.php\/produkt\/akce-sapho-keramicke-umyvadlo-zapustne-prumer-43cm-bila-3041-56545\/#breadcrumb\",\"itemListElement\":[{\"@type\":\"ListItem\",\"position\":1,\"name\":\"Home\",\"item\":\"https:\/\/www.domkraftpro.com\/\"},{\"@type\":\"ListItem\",\"position\":2,\"name\":\"Products\",\"item\":\"https:\/\/www.domkraftpro.com\/products\/\"},{\"@type\":\"ListItem\",\"position\":3,\"name\":\"Akce Sapho Keramick\u00e9 umyvadlo z\u00e1pustn\u00e9, pr\u016fm\u011br 43cm, b\u00edl\u00e1 3041\"}]},{\"@type\":\"WebSite\",\"@id\":\"https:\/\/www.domkraftpro.com\/#website\",\"url\":\"https:\/\/www.domkraftpro.com\/\",\"name\":\"Koupelna &amp; N\u00e1\u0159ad\u00ed &amp; Osv\u011btlen\u00ed a Stavebn\u00ed pot\u0159by\",\"description\":\"Koupelna &amp; N\u00e1\u0159ad\u00ed &amp; Osv\u011btlen\u00ed a Stavebn\u00ed pot\u0159by\",\"publisher\":{\"@id\":\"https:\/\/www.domkraftpro.com\/#organization\"},\"potentialAction\":[{\"@type\":\"SearchAction\",\"target\":{\"@type\":\"EntryPoint\",\"urlTemplate\":\"https:\/\/www.domkraftpro.com\/?s={search_term_string}\"},\"query-input\":{\"@type\":\"PropertyValueSpecification\",\"valueRequired\":true,\"valueName\":\"search_term_string\"}}],\"inLanguage\":\"cs\"},{\"@type\":\"Organization\",\"@id\":\"https:\/\/www.domkraftpro.com\/#organization\",\"name\":\"Koupelna &amp; N\u00e1\u0159ad\u00ed &amp; Osv\u011btlen\u00ed a Stavebn\u00ed pot\u0159by\",\"url\":\"https:\/\/www.domkraftpro.com\/\",\"logo\":{\"@type\":\"ImageObject\",\"inLanguage\":\"cs\",\"@id\":\"https:\/\/www.domkraftpro.com\/#\/schema\/logo\/image\/\",\"url\":\"https:\/\/www.domkraftpro.com\/wp-content\/uploads\/2026\/04\/domkraftpro_logo.svg\",\"contentUrl\":\"https:\/\/www.domkraftpro.com\/wp-content\/uploads\/2026\/04\/domkraftpro_logo.svg\",\"width\":760,\"height\":180,\"caption\":\"Koupelna &amp; N\u00e1\u0159ad\u00ed &amp; Osv\u011btlen\u00ed a Stavebn\u00ed pot\u0159by\"},\"image\":{\"@id\":\"https:\/\/www.domkraftpro.com\/#\/schema\/logo\/image\/\"}}]}<\/script>\n<!-- \/ Yoast SEO plugin. -->","yoast_head_json":{"title":"Akce Sapho Keramick\u00e9 umyvadlo z\u00e1pustn\u00e9, pr\u016fm\u011br 43cm, b\u00edl\u00e1 3041 - Koupelna &amp; N\u00e1\u0159ad\u00ed &amp; Osv\u011btlen\u00ed a Stavebn\u00ed pot\u0159by","robots":{"index":"index","follow":"follow","max-snippet":"max-snippet:-1","max-image-preview":"max-image-preview:large","max-video-preview":"max-video-preview:-1"},"canonical":"https:\/\/www.domkraftpro.com\/index.php\/produkt\/akce-sapho-keramicke-umyvadlo-zapustne-prumer-43cm-bila-3041-56545\/","og_locale":"cs_CZ","og_type":"article","og_title":"Akce Sapho Keramick\u00e9 umyvadlo z\u00e1pustn\u00e9, pr\u016fm\u011br 43cm, b\u00edl\u00e1 3041 - Koupelna &amp; N\u00e1\u0159ad\u00ed &amp; Osv\u011btlen\u00ed a Stavebn\u00ed pot\u0159by","og_description":"Sapho Keramick\u00e9 umyvadlo z\u00e1pustn\u00e9, pr\u016fm\u011br 43cm, b\u00edl\u00e1 3041 Vlastnosti Materi\u00e1l: Keramika Barva: B\u00edl\u00e1 Instalace: Z\u00e1pustn\u00e9 P\u0159epad: Ne Tvar: Kruh Otvor pro baterii: Bez otvoru Rozm\u011br: 43&#215;12,3 cm \u0160\u00ed\u0159ka: 430 mm V\u00fd\u0161ka: 123 mm Pr\u016fm\u011br: 430 mm Hloubka: 430 mm Typ umyvadla: Z\u00e1pustn\u00e9 umyvadlo","og_url":"https:\/\/www.domkraftpro.com\/index.php\/produkt\/akce-sapho-keramicke-umyvadlo-zapustne-prumer-43cm-bila-3041-56545\/","og_site_name":"Koupelna &amp; N\u00e1\u0159ad\u00ed &amp; Osv\u011btlen\u00ed a Stavebn\u00ed pot\u0159by","og_image":[{"width":1000,"height":731,"url":"https:\/\/www.domkraftpro.com\/wp-content\/uploads\/2026\/SK0008279-CZ20260425-093041-0-1777080643-5efb6c2052f5dba30751fb012665c83d.webp","type":"image\/webp"}],"twitter_card":"summary_large_image","schema":{"@context":"https:\/\/schema.org","@graph":[{"@type":"WebPage","@id":"https:\/\/www.domkraftpro.com\/index.php\/produkt\/akce-sapho-keramicke-umyvadlo-zapustne-prumer-43cm-bila-3041-56545\/","url":"https:\/\/www.domkraftpro.com\/index.php\/produkt\/akce-sapho-keramicke-umyvadlo-zapustne-prumer-43cm-bila-3041-56545\/","name":"Akce Sapho Keramick\u00e9 umyvadlo z\u00e1pustn\u00e9, pr\u016fm\u011br 43cm, b\u00edl\u00e1 3041 - Koupelna &amp; N\u00e1\u0159ad\u00ed &amp; Osv\u011btlen\u00ed a Stavebn\u00ed pot\u0159by","isPartOf":{"@id":"https:\/\/www.domkraftpro.com\/#website"},"primaryImageOfPage":{"@id":"https:\/\/www.domkraftpro.com\/index.php\/produkt\/akce-sapho-keramicke-umyvadlo-zapustne-prumer-43cm-bila-3041-56545\/#primaryimage"},"image":{"@id":"https:\/\/www.domkraftpro.com\/index.php\/produkt\/akce-sapho-keramicke-umyvadlo-zapustne-prumer-43cm-bila-3041-56545\/#primaryimage"},"thumbnailUrl":"https:\/\/www.domkraftpro.com\/wp-content\/uploads\/2026\/SK0008279-CZ20260425-093041-0-1777080643-5efb6c2052f5dba30751fb012665c83d.webp","datePublished":"2026-04-27T04:42:57+00:00","breadcrumb":{"@id":"https:\/\/www.domkraftpro.com\/index.php\/produkt\/akce-sapho-keramicke-umyvadlo-zapustne-prumer-43cm-bila-3041-56545\/#breadcrumb"},"inLanguage":"cs","potentialAction":[{"@type":"ReadAction","target":["https:\/\/www.domkraftpro.com\/index.php\/produkt\/akce-sapho-keramicke-umyvadlo-zapustne-prumer-43cm-bila-3041-56545\/"]}]},{"@type":"ImageObject","inLanguage":"cs","@id":"https:\/\/www.domkraftpro.com\/index.php\/produkt\/akce-sapho-keramicke-umyvadlo-zapustne-prumer-43cm-bila-3041-56545\/#primaryimage","url":"https:\/\/www.domkraftpro.com\/wp-content\/uploads\/2026\/SK0008279-CZ20260425-093041-0-1777080643-5efb6c2052f5dba30751fb012665c83d.webp","contentUrl":"https:\/\/www.domkraftpro.com\/wp-content\/uploads\/2026\/SK0008279-CZ20260425-093041-0-1777080643-5efb6c2052f5dba30751fb012665c83d.webp","width":1000,"height":731},{"@type":"BreadcrumbList","@id":"https:\/\/www.domkraftpro.com\/index.php\/produkt\/akce-sapho-keramicke-umyvadlo-zapustne-prumer-43cm-bila-3041-56545\/#breadcrumb","itemListElement":[{"@type":"ListItem","position":1,"name":"Home","item":"https:\/\/www.domkraftpro.com\/"},{"@type":"ListItem","position":2,"name":"Products","item":"https:\/\/www.domkraftpro.com\/products\/"},{"@type":"ListItem","position":3,"name":"Akce Sapho Keramick\u00e9 umyvadlo z\u00e1pustn\u00e9, pr\u016fm\u011br 43cm, b\u00edl\u00e1 3041"}]},{"@type":"WebSite","@id":"https:\/\/www.domkraftpro.com\/#website","url":"https:\/\/www.domkraftpro.com\/","name":"Koupelna &amp; N\u00e1\u0159ad\u00ed &amp; Osv\u011btlen\u00ed a Stavebn\u00ed pot\u0159by","description":"Koupelna &amp; N\u00e1\u0159ad\u00ed &amp; Osv\u011btlen\u00ed a Stavebn\u00ed pot\u0159by","publisher":{"@id":"https:\/\/www.domkraftpro.com\/#organization"},"potentialAction":[{"@type":"SearchAction","target":{"@type":"EntryPoint","urlTemplate":"https:\/\/www.domkraftpro.com\/?s={search_term_string}"},"query-input":{"@type":"PropertyValueSpecification","valueRequired":true,"valueName":"search_term_string"}}],"inLanguage":"cs"},{"@type":"Organization","@id":"https:\/\/www.domkraftpro.com\/#organization","name":"Koupelna &amp; N\u00e1\u0159ad\u00ed &amp; Osv\u011btlen\u00ed a Stavebn\u00ed pot\u0159by","url":"https:\/\/www.domkraftpro.com\/","logo":{"@type":"ImageObject","inLanguage":"cs","@id":"https:\/\/www.domkraftpro.com\/#\/schema\/logo\/image\/","url":"https:\/\/www.domkraftpro.com\/wp-content\/uploads\/2026\/04\/domkraftpro_logo.svg","contentUrl":"https:\/\/www.domkraftpro.com\/wp-content\/uploads\/2026\/04\/domkraftpro_logo.svg","width":760,"height":180,"caption":"Koupelna &amp; N\u00e1\u0159ad\u00ed &amp; Osv\u011btlen\u00ed a Stavebn\u00ed pot\u0159by"},"image":{"@id":"https:\/\/www.domkraftpro.com\/#\/schema\/logo\/image\/"}}]}},"_links":{"self":[{"href":"https:\/\/www.domkraftpro.com\/wp-json\/wp\/v2\/product\/56545","targetHints":{"allow":["GET"]}}],"collection":[{"href":"https:\/\/www.domkraftpro.com\/wp-json\/wp\/v2\/product"}],"about":[{"href":"https:\/\/www.domkraftpro.com\/wp-json\/wp\/v2\/types\/product"}],"wp:featuredmedia":[{"embeddable":true,"href":"https:\/\/www.domkraftpro.com\/wp-json\/wp\/v2\/media\/56645"}],"wp:attachment":[{"href":"https:\/\/www.domkraftpro.com\/wp-json\/wp\/v2\/media?parent=56545"}],"wp:term":[{"taxonomy":"product_brand","embeddable":true,"href":"https:\/\/www.domkraftpro.com\/wp-json\/wp\/v2\/product_brand?post=56545"},{"taxonomy":"product_cat","embeddable":true,"href":"https:\/\/www.domkraftpro.com\/wp-json\/wp\/v2\/product_cat?post=56545"},{"taxonomy":"product_tag","embeddable":true,"href":"https:\/\/www.domkraftpro.com\/wp-json\/wp\/v2\/product_tag?post=56545"}],"curies":[{"name":"wp","href":"https:\/\/api.w.org\/{rel}","templated":true}]}}