{"id":56390,"date":"2026-04-27T04:42:56","date_gmt":"2026-04-27T04:42:56","guid":{"rendered":""},"modified":"2026-04-27T04:42:56","modified_gmt":"2026-04-27T04:42:56","slug":"zlevneny-vanova-zastena-rea-agat-3-120x140-cm-brousena-zlata-56390","status":"publish","type":"product","link":"https:\/\/www.domkraftpro.com\/produkt\/zlevneny-vanova-zastena-rea-agat-3-120x140-cm-brousena-zlata-56390\/","title":{"rendered":"Zlevn\u011bn\u00fd Vanov\u00e1 z\u00e1st\u011bna Rea AGAT 3 &#8211; 120&#215;140 cm &#8211; brou\u0161en\u00e1 zlat\u00e1"},"content":{"rendered":"<div class=\"tabs__content-outer\" id=\"tab_description\" data-hash=\"description\" data-tabindex=\"-1\">\n<div class=\"tabs__content toggle_description\" id=\"content_description\">\n<div class=\"wysiwyg-content\">\n<div class=\"product__tab product__description full-width\">\n<div class=\"container\">\n<div >\n<h3>Vanov\u00e1 z\u00e1st\u011bna Rea AGAT 3 &#8211; 120&#215;140 cm &#8211; brou\u0161en\u00e1 zlat\u00e1<\/h3>\n<p><span style=\"font-family: verdana, geneva, sans-serif; font-size: 12pt;\"><strong>T\u0159\u00edd\u00edln\u00e1 vanov\u00e1 z\u00e1st\u011bna<\/strong> je vyrobena z 5 mm tlust\u00e9ho tvrzen\u00e9ho \u010dir\u00e9ho skla, kter\u00e9 je zasazeno do hlin\u00edkov\u00fdch profil\u016f ve zlat\u00e9 barv\u011b s kart\u00e1\u010dovan\u00fdm efektem. Z\u00e1st\u011bna se uchycuje pomoc\u00ed hlin\u00edkov\u00e9ho profilu do zdi, d\u00edky n\u011bmu tak\u00e9 mo\u017enost regulace pro vyrovn\u00e1n\u00ed p\u0159\u00edpadn\u00fdch nerovnost\u00ed st\u011bn. Pomoc\u00ed modern\u00edch kloub\u016f m\u016f\u017eete z\u00e1st\u011bnu snadno otev\u0159\u00edt na ob\u011b strany nebo ji sklopit ke zdi.<\/span><\/p>\n<p><span style=\"font-family: verdana, geneva, sans-serif; font-size: 12pt;\"><strong>Parametry:\u00a0<\/strong><\/span><\/p>\n<ul>\n<li style=\"font-family: verdana, geneva, sans-serif; font-size: 12pt;\"><span style=\"font-family: verdana, geneva, sans-serif; font-size: 12pt;\">\u0161\u00ed\u0159ka: 120 cm\u00a0<\/span><\/li>\n<li style=\"font-family: verdana, geneva, sans-serif; font-size: 12pt;\"><span style=\"font-family: verdana, geneva, sans-serif; font-size: 12pt;\">v\u00fd\u0161ka: 140 cm\u00a0<\/span><\/li>\n<li style=\"font-family: verdana, geneva, sans-serif; font-size: 12pt;\"><span style=\"font-family: verdana, geneva, sans-serif; font-size: 12pt;\">sklo: \u010dir\u00e9 bezpe\u010dnostn\u00ed tvrzen\u00e9 sklo o s\u00edle 5 mm\u00a0<\/span><\/li>\n<li style=\"font-family: verdana, geneva, sans-serif; font-size: 12pt;\"><span style=\"font-family: verdana, geneva, sans-serif; font-size: 12pt;\">profil: hlin\u00edkov\u00fd, zlat\u00fd brou\u0161en\u00fd, s oto\u010dn\u00fdmi klouby a s regulac\u00ed nerovnost\u00ed st\u011bny\u00a0<\/span><\/li>\n<li style=\"font-family: verdana, geneva, sans-serif; font-size: 12pt;\"><span style=\"font-family: verdana, geneva, sans-serif; font-size: 12pt;\">orientace:\u00a0univerz\u00e1ln\u00ed &#8211; mont\u00e1\u017e na levou nebo pravou stranu\u00a0<\/span><\/li>\n<\/ul>\n<\/div><\/div>\n<\/p><\/div>\n<\/p><\/div>\n<\/p><\/div>\n","protected":false},"excerpt":{"rendered":"<p>Vanov\u00e1 z\u00e1st\u011bna Rea AGAT 3 &#8211; 120&#215;140 cm &#8211; brou\u0161en\u00e1 zlat\u00e1 T\u0159\u00edd\u00edln\u00e1 vanov\u00e1 z\u00e1st\u011bna je vyrobena z 5 mm tlust\u00e9ho tvrzen\u00e9ho \u010dir\u00e9ho skla, kter\u00e9 je zasazeno do hlin\u00edkov\u00fdch profil\u016f ve zlat\u00e9 barv\u011b s kart\u00e1\u010dovan\u00fdm efektem. Z\u00e1st\u011bna se uchycuje pomoc\u00ed hlin\u00edkov\u00e9ho profilu do zdi, d\u00edky n\u011bmu tak\u00e9 mo\u017enost regulace pro vyrovn\u00e1n\u00ed p\u0159\u00edpadn\u00fdch nerovnost\u00ed st\u011bn. Pomoc\u00ed modern\u00edch [&hellip;]<\/p>\n","protected":false},"featured_media":56490,"comment_status":"open","ping_status":"open","template":"","meta":[],"product_brand":[],"product_cat":[95],"product_tag":[],"class_list":{"0":"post-56390","1":"product","2":"type-product","3":"status-publish","4":"has-post-thumbnail","6":"product_cat-koupelna","8":"first","9":"instock","10":"sale","11":"shipping-taxable","12":"purchasable","13":"product-type-simple"},"yoast_head":"<!-- This site is optimized with the Yoast SEO plugin v26.8 - https:\/\/yoast.com\/product\/yoast-seo-wordpress\/ -->\n<title>Zlevn\u011bn\u00fd Vanov\u00e1 z\u00e1st\u011bna Rea AGAT 3 - 120x140 cm - brou\u0161en\u00e1 zlat\u00e1 -<\/title>\n<meta name=\"robots\" content=\"index, follow, max-snippet:-1, max-image-preview:large, max-video-preview:-1\" \/>\n<link rel=\"canonical\" href=\"https:\/\/www.domkraftpro.com\/index.php\/produkt\/zlevneny-vanova-zastena-rea-agat-3-120x140-cm-brousena-zlata-56390\/\" \/>\n<meta property=\"og:locale\" content=\"cs_CZ\" \/>\n<meta property=\"og:type\" content=\"article\" \/>\n<meta property=\"og:title\" content=\"Zlevn\u011bn\u00fd Vanov\u00e1 z\u00e1st\u011bna Rea AGAT 3 - 120x140 cm - brou\u0161en\u00e1 zlat\u00e1 -\" \/>\n<meta property=\"og:description\" content=\"Vanov\u00e1 z\u00e1st\u011bna Rea AGAT 3 &#8211; 120&#215;140 cm &#8211; brou\u0161en\u00e1 zlat\u00e1 T\u0159\u00edd\u00edln\u00e1 vanov\u00e1 z\u00e1st\u011bna je vyrobena z 5 mm tlust\u00e9ho tvrzen\u00e9ho \u010dir\u00e9ho skla, kter\u00e9 je zasazeno do hlin\u00edkov\u00fdch profil\u016f ve zlat\u00e9 barv\u011b s kart\u00e1\u010dovan\u00fdm efektem. Z\u00e1st\u011bna se uchycuje pomoc\u00ed hlin\u00edkov\u00e9ho profilu do zdi, d\u00edky n\u011bmu tak\u00e9 mo\u017enost regulace pro vyrovn\u00e1n\u00ed p\u0159\u00edpadn\u00fdch nerovnost\u00ed st\u011bn. Pomoc\u00ed modern\u00edch [&hellip;]\" \/>\n<meta property=\"og:url\" content=\"https:\/\/www.domkraftpro.com\/index.php\/produkt\/zlevneny-vanova-zastena-rea-agat-3-120x140-cm-brousena-zlata-56390\/\" \/>\n<meta property=\"og:image\" content=\"https:\/\/www.domkraftpro.com\/wp-content\/uploads\/2026\/SK0008223-CZ20260425-093041-0-1777080643-15a0787be9e0e77d0287a8db664ac2d4.webp\" \/>\n\t<meta property=\"og:image:width\" content=\"818\" \/>\n\t<meta property=\"og:image:height\" content=\"800\" \/>\n\t<meta property=\"og:image:type\" content=\"image\/webp\" \/>\n<meta name=\"twitter:card\" content=\"summary_large_image\" \/>\n<meta name=\"twitter:label1\" content=\"Odhadovan\u00e1 doba \u010dten\u00ed\" \/>\n\t<meta name=\"twitter:data1\" content=\"1 minuta\" \/>\n<script type=\"application\/ld+json\" class=\"yoast-schema-graph\">{\"@context\":\"https:\/\/schema.org\",\"@graph\":[{\"@type\":\"WebPage\",\"@id\":\"https:\/\/www.domkraftpro.com\/index.php\/produkt\/zlevneny-vanova-zastena-rea-agat-3-120x140-cm-brousena-zlata-56390\/\",\"url\":\"https:\/\/www.domkraftpro.com\/index.php\/produkt\/zlevneny-vanova-zastena-rea-agat-3-120x140-cm-brousena-zlata-56390\/\",\"name\":\"Zlevn\u011bn\u00fd Vanov\u00e1 z\u00e1st\u011bna Rea AGAT 3 - 120x140 cm - brou\u0161en\u00e1 zlat\u00e1 -\",\"isPartOf\":{\"@id\":\"https:\/\/www.domkraftpro.com\/#website\"},\"primaryImageOfPage\":{\"@id\":\"https:\/\/www.domkraftpro.com\/index.php\/produkt\/zlevneny-vanova-zastena-rea-agat-3-120x140-cm-brousena-zlata-56390\/#primaryimage\"},\"image\":{\"@id\":\"https:\/\/www.domkraftpro.com\/index.php\/produkt\/zlevneny-vanova-zastena-rea-agat-3-120x140-cm-brousena-zlata-56390\/#primaryimage\"},\"thumbnailUrl\":\"https:\/\/www.domkraftpro.com\/wp-content\/uploads\/2026\/SK0008223-CZ20260425-093041-0-1777080643-15a0787be9e0e77d0287a8db664ac2d4.webp\",\"datePublished\":\"2026-04-27T04:42:56+00:00\",\"breadcrumb\":{\"@id\":\"https:\/\/www.domkraftpro.com\/index.php\/produkt\/zlevneny-vanova-zastena-rea-agat-3-120x140-cm-brousena-zlata-56390\/#breadcrumb\"},\"inLanguage\":\"cs\",\"potentialAction\":[{\"@type\":\"ReadAction\",\"target\":[\"https:\/\/www.domkraftpro.com\/index.php\/produkt\/zlevneny-vanova-zastena-rea-agat-3-120x140-cm-brousena-zlata-56390\/\"]}]},{\"@type\":\"ImageObject\",\"inLanguage\":\"cs\",\"@id\":\"https:\/\/www.domkraftpro.com\/index.php\/produkt\/zlevneny-vanova-zastena-rea-agat-3-120x140-cm-brousena-zlata-56390\/#primaryimage\",\"url\":\"https:\/\/www.domkraftpro.com\/wp-content\/uploads\/2026\/SK0008223-CZ20260425-093041-0-1777080643-15a0787be9e0e77d0287a8db664ac2d4.webp\",\"contentUrl\":\"https:\/\/www.domkraftpro.com\/wp-content\/uploads\/2026\/SK0008223-CZ20260425-093041-0-1777080643-15a0787be9e0e77d0287a8db664ac2d4.webp\",\"width\":818,\"height\":800},{\"@type\":\"BreadcrumbList\",\"@id\":\"https:\/\/www.domkraftpro.com\/index.php\/produkt\/zlevneny-vanova-zastena-rea-agat-3-120x140-cm-brousena-zlata-56390\/#breadcrumb\",\"itemListElement\":[{\"@type\":\"ListItem\",\"position\":1,\"name\":\"Home\",\"item\":\"https:\/\/www.domkraftpro.com\/\"},{\"@type\":\"ListItem\",\"position\":2,\"name\":\"Products\",\"item\":\"https:\/\/www.domkraftpro.com\/products\/\"},{\"@type\":\"ListItem\",\"position\":3,\"name\":\"Zlevn\u011bn\u00fd Vanov\u00e1 z\u00e1st\u011bna Rea AGAT 3 &#8211; 120&#215;140 cm &#8211; brou\u0161en\u00e1 zlat\u00e1\"}]},{\"@type\":\"WebSite\",\"@id\":\"https:\/\/www.domkraftpro.com\/#website\",\"url\":\"https:\/\/www.domkraftpro.com\/\",\"name\":\"\",\"description\":\"\",\"potentialAction\":[{\"@type\":\"SearchAction\",\"target\":{\"@type\":\"EntryPoint\",\"urlTemplate\":\"https:\/\/www.domkraftpro.com\/?s={search_term_string}\"},\"query-input\":{\"@type\":\"PropertyValueSpecification\",\"valueRequired\":true,\"valueName\":\"search_term_string\"}}],\"inLanguage\":\"cs\"}]}<\/script>\n<!-- \/ Yoast SEO plugin. -->","yoast_head_json":{"title":"Zlevn\u011bn\u00fd Vanov\u00e1 z\u00e1st\u011bna Rea AGAT 3 - 120x140 cm - brou\u0161en\u00e1 zlat\u00e1 -","robots":{"index":"index","follow":"follow","max-snippet":"max-snippet:-1","max-image-preview":"max-image-preview:large","max-video-preview":"max-video-preview:-1"},"canonical":"https:\/\/www.domkraftpro.com\/index.php\/produkt\/zlevneny-vanova-zastena-rea-agat-3-120x140-cm-brousena-zlata-56390\/","og_locale":"cs_CZ","og_type":"article","og_title":"Zlevn\u011bn\u00fd Vanov\u00e1 z\u00e1st\u011bna Rea AGAT 3 - 120x140 cm - brou\u0161en\u00e1 zlat\u00e1 -","og_description":"Vanov\u00e1 z\u00e1st\u011bna Rea AGAT 3 &#8211; 120&#215;140 cm &#8211; brou\u0161en\u00e1 zlat\u00e1 T\u0159\u00edd\u00edln\u00e1 vanov\u00e1 z\u00e1st\u011bna je vyrobena z 5 mm tlust\u00e9ho tvrzen\u00e9ho \u010dir\u00e9ho skla, kter\u00e9 je zasazeno do hlin\u00edkov\u00fdch profil\u016f ve zlat\u00e9 barv\u011b s kart\u00e1\u010dovan\u00fdm efektem. Z\u00e1st\u011bna se uchycuje pomoc\u00ed hlin\u00edkov\u00e9ho profilu do zdi, d\u00edky n\u011bmu tak\u00e9 mo\u017enost regulace pro vyrovn\u00e1n\u00ed p\u0159\u00edpadn\u00fdch nerovnost\u00ed st\u011bn. Pomoc\u00ed modern\u00edch [&hellip;]","og_url":"https:\/\/www.domkraftpro.com\/index.php\/produkt\/zlevneny-vanova-zastena-rea-agat-3-120x140-cm-brousena-zlata-56390\/","og_image":[{"width":818,"height":800,"url":"https:\/\/www.domkraftpro.com\/wp-content\/uploads\/2026\/SK0008223-CZ20260425-093041-0-1777080643-15a0787be9e0e77d0287a8db664ac2d4.webp","type":"image\/webp"}],"twitter_card":"summary_large_image","twitter_misc":{"Odhadovan\u00e1 doba \u010dten\u00ed":"1 minuta"},"schema":{"@context":"https:\/\/schema.org","@graph":[{"@type":"WebPage","@id":"https:\/\/www.domkraftpro.com\/index.php\/produkt\/zlevneny-vanova-zastena-rea-agat-3-120x140-cm-brousena-zlata-56390\/","url":"https:\/\/www.domkraftpro.com\/index.php\/produkt\/zlevneny-vanova-zastena-rea-agat-3-120x140-cm-brousena-zlata-56390\/","name":"Zlevn\u011bn\u00fd Vanov\u00e1 z\u00e1st\u011bna Rea AGAT 3 - 120x140 cm - brou\u0161en\u00e1 zlat\u00e1 -","isPartOf":{"@id":"https:\/\/www.domkraftpro.com\/#website"},"primaryImageOfPage":{"@id":"https:\/\/www.domkraftpro.com\/index.php\/produkt\/zlevneny-vanova-zastena-rea-agat-3-120x140-cm-brousena-zlata-56390\/#primaryimage"},"image":{"@id":"https:\/\/www.domkraftpro.com\/index.php\/produkt\/zlevneny-vanova-zastena-rea-agat-3-120x140-cm-brousena-zlata-56390\/#primaryimage"},"thumbnailUrl":"https:\/\/www.domkraftpro.com\/wp-content\/uploads\/2026\/SK0008223-CZ20260425-093041-0-1777080643-15a0787be9e0e77d0287a8db664ac2d4.webp","datePublished":"2026-04-27T04:42:56+00:00","breadcrumb":{"@id":"https:\/\/www.domkraftpro.com\/index.php\/produkt\/zlevneny-vanova-zastena-rea-agat-3-120x140-cm-brousena-zlata-56390\/#breadcrumb"},"inLanguage":"cs","potentialAction":[{"@type":"ReadAction","target":["https:\/\/www.domkraftpro.com\/index.php\/produkt\/zlevneny-vanova-zastena-rea-agat-3-120x140-cm-brousena-zlata-56390\/"]}]},{"@type":"ImageObject","inLanguage":"cs","@id":"https:\/\/www.domkraftpro.com\/index.php\/produkt\/zlevneny-vanova-zastena-rea-agat-3-120x140-cm-brousena-zlata-56390\/#primaryimage","url":"https:\/\/www.domkraftpro.com\/wp-content\/uploads\/2026\/SK0008223-CZ20260425-093041-0-1777080643-15a0787be9e0e77d0287a8db664ac2d4.webp","contentUrl":"https:\/\/www.domkraftpro.com\/wp-content\/uploads\/2026\/SK0008223-CZ20260425-093041-0-1777080643-15a0787be9e0e77d0287a8db664ac2d4.webp","width":818,"height":800},{"@type":"BreadcrumbList","@id":"https:\/\/www.domkraftpro.com\/index.php\/produkt\/zlevneny-vanova-zastena-rea-agat-3-120x140-cm-brousena-zlata-56390\/#breadcrumb","itemListElement":[{"@type":"ListItem","position":1,"name":"Home","item":"https:\/\/www.domkraftpro.com\/"},{"@type":"ListItem","position":2,"name":"Products","item":"https:\/\/www.domkraftpro.com\/products\/"},{"@type":"ListItem","position":3,"name":"Zlevn\u011bn\u00fd Vanov\u00e1 z\u00e1st\u011bna Rea AGAT 3 &#8211; 120&#215;140 cm &#8211; brou\u0161en\u00e1 zlat\u00e1"}]},{"@type":"WebSite","@id":"https:\/\/www.domkraftpro.com\/#website","url":"https:\/\/www.domkraftpro.com\/","name":"","description":"","potentialAction":[{"@type":"SearchAction","target":{"@type":"EntryPoint","urlTemplate":"https:\/\/www.domkraftpro.com\/?s={search_term_string}"},"query-input":{"@type":"PropertyValueSpecification","valueRequired":true,"valueName":"search_term_string"}}],"inLanguage":"cs"}]}},"_links":{"self":[{"href":"https:\/\/www.domkraftpro.com\/wp-json\/wp\/v2\/product\/56390","targetHints":{"allow":["GET"]}}],"collection":[{"href":"https:\/\/www.domkraftpro.com\/wp-json\/wp\/v2\/product"}],"about":[{"href":"https:\/\/www.domkraftpro.com\/wp-json\/wp\/v2\/types\/product"}],"replies":[{"embeddable":true,"href":"https:\/\/www.domkraftpro.com\/wp-json\/wp\/v2\/comments?post=56390"}],"wp:featuredmedia":[{"embeddable":true,"href":"https:\/\/www.domkraftpro.com\/wp-json\/wp\/v2\/media\/56490"}],"wp:attachment":[{"href":"https:\/\/www.domkraftpro.com\/wp-json\/wp\/v2\/media?parent=56390"}],"wp:term":[{"taxonomy":"product_brand","embeddable":true,"href":"https:\/\/www.domkraftpro.com\/wp-json\/wp\/v2\/product_brand?post=56390"},{"taxonomy":"product_cat","embeddable":true,"href":"https:\/\/www.domkraftpro.com\/wp-json\/wp\/v2\/product_cat?post=56390"},{"taxonomy":"product_tag","embeddable":true,"href":"https:\/\/www.domkraftpro.com\/wp-json\/wp\/v2\/product_tag?post=56390"}],"curies":[{"name":"wp","href":"https:\/\/api.w.org\/{rel}","templated":true}]}}