{"id":55976,"date":"2026-04-27T04:42:55","date_gmt":"2026-04-27T04:42:55","guid":{"rendered":""},"modified":"2026-04-27T04:42:55","modified_gmt":"2026-04-27T04:42:55","slug":"akce-koupelnovy-vesak-na-rucniky-gabina-s-prisavkou-chromovy-55976","status":"publish","type":"product","link":"https:\/\/www.domkraftpro.com\/index.php\/produkt\/akce-koupelnovy-vesak-na-rucniky-gabina-s-prisavkou-chromovy-55976\/","title":{"rendered":"Akce Koupelnov\u00fd v\u011b\u0161\u00e1k na ru\u010dn\u00edky G\u00c1BINA s p\u0159\u00edsavkou &#8211; chromov\u00fd"},"content":{"rendered":"<div class=\"tabs__content-outer\" id=\"tab_description\" data-hash=\"description\" data-tabindex=\"-1\">\n<div class=\"tabs__content toggle_description\" id=\"content_description\">\n<div class=\"wysiwyg-content\">\n<div class=\"product__tab product__description full-width\">\n<div class=\"container\">\n<div >\n<h3>Koupelnov\u00fd v\u011b\u0161\u00e1k na ru\u010dn\u00edky G\u00c1BINA s p\u0159\u00edsavkou &#8211; chromov\u00fd<\/h3>\n<p><span style=\"font-family: verdana, geneva, sans-serif; font-size: 12pt;\">Modern\u00ed a jednoduch\u00fd n\u00e1st\u011bnn\u00fd v\u011b\u0161\u00e1k na ru\u010dn\u00edky v kulat\u00e9m stylu s 1 jednoduch\u00fdm h\u00e1\u010dkem pro zav\u011b\u0161en\u00ed ru\u010dn\u00edk\u016f s poutkem. H\u00e1\u010dek d\u00edky modern\u00edmu designu dokonale lad\u00ed s jak\u00fdmkoli stylem koupelny. Snadn\u00e1 mont\u00e1\u017e bez vrt\u00e1n\u00ed na gumovou p\u0159\u00edsavku, kter\u00e1 snadno p\u0159ilne na hladk\u00e9 povrchy jako je sklo \u010di kachli\u010dky.\u00a0<\/span><\/p>\n<p><span style=\"font-family: verdana, geneva, sans-serif; font-size: 12pt;\"><strong>Instalace: <\/strong><\/span><\/p>\n<ol>\n<li style=\"font-family: verdana, geneva, sans-serif; font-size: 12pt;\"><span style=\"font-family: verdana, geneva, sans-serif; font-size: 12pt;\">D\u016fkladn\u011b omyjte a odmast\u011bte povrch, na kter\u00fd chcete poli\u010dku p\u0159ipevnit.<\/span><\/li>\n<li style=\"font-family: verdana, geneva, sans-serif; font-size: 12pt;\"><span style=\"font-family: verdana, geneva, sans-serif; font-size: 12pt;\">Od\u0161roubujte matici z p\u0159\u00edsavek.\u00a0<\/span><\/li>\n<li style=\"font-family: verdana, geneva, sans-serif; font-size: 12pt;\"><span style=\"font-family: verdana, geneva, sans-serif; font-size: 12pt;\">Odstra\u0148te plastovou ochranu p\u0159\u00edsavky.\u00a0<\/span><\/li>\n<li style=\"font-family: verdana, geneva, sans-serif; font-size: 12pt;\"><span style=\"font-family: verdana, geneva, sans-serif; font-size: 12pt;\">P\u0159\u00edsavky silou p\u0159itla\u010dte k mont\u00e1\u017en\u00edmu povrchu.<\/span><\/li>\n<li style=\"font-family: verdana, geneva, sans-serif; font-size: 12pt;\"><span style=\"font-family: verdana, geneva, sans-serif; font-size: 12pt;\">Nasa\u010fte poli\u010dku a mont\u00e1\u017en\u00ed matici. Matici nedotahujte plnou silou.\u00a0<\/span><\/li>\n<\/ol>\n<p><span style=\"font-family: verdana, geneva, sans-serif; font-size: 12pt;\"><strong>Parametry:\u00a0<\/strong><\/span><\/p>\n<ul>\n<li style=\"font-family: verdana, geneva, sans-serif; font-size: 12pt;\"><span style=\"font-family: verdana, geneva, sans-serif; font-size: 12pt;\">materi\u00e1l: nerezov\u00e1 ocel, plast PVC\u00a0<\/span><\/li>\n<li style=\"font-family: verdana, geneva, sans-serif; font-size: 12pt;\"><span style=\"font-family: verdana, geneva, sans-serif; font-size: 12pt;\">barva: chrom<\/span><\/li>\n<li style=\"font-family: verdana, geneva, sans-serif; font-size: 12pt;\"><span style=\"font-family: verdana, geneva, sans-serif; font-size: 12pt;\">v\u00fd\u0161ka: 110 mm\u00a0<\/span><\/li>\n<li style=\"font-family: verdana, geneva, sans-serif; font-size: 12pt;\"><span style=\"font-family: verdana, geneva, sans-serif; font-size: 12pt;\">pr\u016fm\u011br p\u0159\u00edsavky: 70 mm\u00a0<\/span><\/li>\n<\/ul>\n<\/div><\/div>\n<\/p><\/div>\n<\/p><\/div>\n<\/p><\/div>\n","protected":false},"excerpt":{"rendered":"<p>Koupelnov\u00fd v\u011b\u0161\u00e1k na ru\u010dn\u00edky G\u00c1BINA s p\u0159\u00edsavkou &#8211; chromov\u00fd Modern\u00ed a jednoduch\u00fd n\u00e1st\u011bnn\u00fd v\u011b\u0161\u00e1k na ru\u010dn\u00edky v kulat\u00e9m stylu s 1 jednoduch\u00fdm h\u00e1\u010dkem pro zav\u011b\u0161en\u00ed ru\u010dn\u00edk\u016f s poutkem. H\u00e1\u010dek d\u00edky modern\u00edmu designu dokonale lad\u00ed s jak\u00fdmkoli stylem koupelny. Snadn\u00e1 mont\u00e1\u017e bez vrt\u00e1n\u00ed na gumovou p\u0159\u00edsavku, kter\u00e1 snadno p\u0159ilne na hladk\u00e9 povrchy jako je sklo \u010di [&hellip;]<\/p>\n","protected":false},"featured_media":56076,"comment_status":"open","ping_status":"open","template":"","meta":[],"product_brand":[],"product_cat":[95],"product_tag":[],"class_list":{"0":"post-55976","1":"product","2":"type-product","3":"status-publish","4":"has-post-thumbnail","6":"product_cat-koupelna","8":"first","9":"instock","10":"sale","11":"shipping-taxable","12":"purchasable","13":"product-type-simple"},"yoast_head":"<!-- This site is optimized with the Yoast SEO plugin v26.8 - https:\/\/yoast.com\/product\/yoast-seo-wordpress\/ -->\n<title>Akce Koupelnov\u00fd v\u011b\u0161\u00e1k na ru\u010dn\u00edky G\u00c1BINA s p\u0159\u00edsavkou - chromov\u00fd -<\/title>\n<meta name=\"robots\" content=\"index, follow, max-snippet:-1, max-image-preview:large, max-video-preview:-1\" \/>\n<link rel=\"canonical\" href=\"https:\/\/www.domkraftpro.com\/index.php\/produkt\/akce-koupelnovy-vesak-na-rucniky-gabina-s-prisavkou-chromovy-55976\/\" \/>\n<meta property=\"og:locale\" content=\"cs_CZ\" \/>\n<meta property=\"og:type\" content=\"article\" \/>\n<meta property=\"og:title\" content=\"Akce Koupelnov\u00fd v\u011b\u0161\u00e1k na ru\u010dn\u00edky G\u00c1BINA s p\u0159\u00edsavkou - chromov\u00fd -\" \/>\n<meta property=\"og:description\" content=\"Koupelnov\u00fd v\u011b\u0161\u00e1k na ru\u010dn\u00edky G\u00c1BINA s p\u0159\u00edsavkou &#8211; chromov\u00fd Modern\u00ed a jednoduch\u00fd n\u00e1st\u011bnn\u00fd v\u011b\u0161\u00e1k na ru\u010dn\u00edky v kulat\u00e9m stylu s 1 jednoduch\u00fdm h\u00e1\u010dkem pro zav\u011b\u0161en\u00ed ru\u010dn\u00edk\u016f s poutkem. H\u00e1\u010dek d\u00edky modern\u00edmu designu dokonale lad\u00ed s jak\u00fdmkoli stylem koupelny. Snadn\u00e1 mont\u00e1\u017e bez vrt\u00e1n\u00ed na gumovou p\u0159\u00edsavku, kter\u00e1 snadno p\u0159ilne na hladk\u00e9 povrchy jako je sklo \u010di [&hellip;]\" \/>\n<meta property=\"og:url\" content=\"https:\/\/www.domkraftpro.com\/index.php\/produkt\/akce-koupelnovy-vesak-na-rucniky-gabina-s-prisavkou-chromovy-55976\/\" \/>\n<meta property=\"og:image\" content=\"https:\/\/www.domkraftpro.com\/wp-content\/uploads\/2026\/SK0008002-CZ20260425-093041-0-1777080643-wieszak-lazienkowy-na-przyssawke-uchwyt-na-recznik-yoka.webp\" \/>\n\t<meta property=\"og:image:width\" content=\"366\" \/>\n\t<meta property=\"og:image:height\" content=\"779\" \/>\n\t<meta property=\"og:image:type\" content=\"image\/webp\" \/>\n<meta name=\"twitter:card\" content=\"summary_large_image\" \/>\n<meta name=\"twitter:label1\" content=\"Odhadovan\u00e1 doba \u010dten\u00ed\" \/>\n\t<meta name=\"twitter:data1\" content=\"1 minuta\" \/>\n<script type=\"application\/ld+json\" class=\"yoast-schema-graph\">{\"@context\":\"https:\/\/schema.org\",\"@graph\":[{\"@type\":\"WebPage\",\"@id\":\"https:\/\/www.domkraftpro.com\/index.php\/produkt\/akce-koupelnovy-vesak-na-rucniky-gabina-s-prisavkou-chromovy-55976\/\",\"url\":\"https:\/\/www.domkraftpro.com\/index.php\/produkt\/akce-koupelnovy-vesak-na-rucniky-gabina-s-prisavkou-chromovy-55976\/\",\"name\":\"Akce Koupelnov\u00fd v\u011b\u0161\u00e1k na ru\u010dn\u00edky G\u00c1BINA s p\u0159\u00edsavkou - chromov\u00fd -\",\"isPartOf\":{\"@id\":\"https:\/\/www.domkraftpro.com\/#website\"},\"primaryImageOfPage\":{\"@id\":\"https:\/\/www.domkraftpro.com\/index.php\/produkt\/akce-koupelnovy-vesak-na-rucniky-gabina-s-prisavkou-chromovy-55976\/#primaryimage\"},\"image\":{\"@id\":\"https:\/\/www.domkraftpro.com\/index.php\/produkt\/akce-koupelnovy-vesak-na-rucniky-gabina-s-prisavkou-chromovy-55976\/#primaryimage\"},\"thumbnailUrl\":\"https:\/\/www.domkraftpro.com\/wp-content\/uploads\/2026\/SK0008002-CZ20260425-093041-0-1777080643-wieszak-lazienkowy-na-przyssawke-uchwyt-na-recznik-yoka.webp\",\"datePublished\":\"2026-04-27T04:42:55+00:00\",\"breadcrumb\":{\"@id\":\"https:\/\/www.domkraftpro.com\/index.php\/produkt\/akce-koupelnovy-vesak-na-rucniky-gabina-s-prisavkou-chromovy-55976\/#breadcrumb\"},\"inLanguage\":\"cs\",\"potentialAction\":[{\"@type\":\"ReadAction\",\"target\":[\"https:\/\/www.domkraftpro.com\/index.php\/produkt\/akce-koupelnovy-vesak-na-rucniky-gabina-s-prisavkou-chromovy-55976\/\"]}]},{\"@type\":\"ImageObject\",\"inLanguage\":\"cs\",\"@id\":\"https:\/\/www.domkraftpro.com\/index.php\/produkt\/akce-koupelnovy-vesak-na-rucniky-gabina-s-prisavkou-chromovy-55976\/#primaryimage\",\"url\":\"https:\/\/www.domkraftpro.com\/wp-content\/uploads\/2026\/SK0008002-CZ20260425-093041-0-1777080643-wieszak-lazienkowy-na-przyssawke-uchwyt-na-recznik-yoka.webp\",\"contentUrl\":\"https:\/\/www.domkraftpro.com\/wp-content\/uploads\/2026\/SK0008002-CZ20260425-093041-0-1777080643-wieszak-lazienkowy-na-przyssawke-uchwyt-na-recznik-yoka.webp\",\"width\":366,\"height\":779},{\"@type\":\"BreadcrumbList\",\"@id\":\"https:\/\/www.domkraftpro.com\/index.php\/produkt\/akce-koupelnovy-vesak-na-rucniky-gabina-s-prisavkou-chromovy-55976\/#breadcrumb\",\"itemListElement\":[{\"@type\":\"ListItem\",\"position\":1,\"name\":\"Home\",\"item\":\"https:\/\/www.domkraftpro.com\/\"},{\"@type\":\"ListItem\",\"position\":2,\"name\":\"Products\",\"item\":\"https:\/\/www.domkraftpro.com\/index.php\/products\/\"},{\"@type\":\"ListItem\",\"position\":3,\"name\":\"Akce Koupelnov\u00fd v\u011b\u0161\u00e1k na ru\u010dn\u00edky G\u00c1BINA s p\u0159\u00edsavkou &#8211; chromov\u00fd\"}]},{\"@type\":\"WebSite\",\"@id\":\"https:\/\/www.domkraftpro.com\/#website\",\"url\":\"https:\/\/www.domkraftpro.com\/\",\"name\":\"\",\"description\":\"\",\"potentialAction\":[{\"@type\":\"SearchAction\",\"target\":{\"@type\":\"EntryPoint\",\"urlTemplate\":\"https:\/\/www.domkraftpro.com\/?s={search_term_string}\"},\"query-input\":{\"@type\":\"PropertyValueSpecification\",\"valueRequired\":true,\"valueName\":\"search_term_string\"}}],\"inLanguage\":\"cs\"}]}<\/script>\n<!-- \/ Yoast SEO plugin. -->","yoast_head_json":{"title":"Akce Koupelnov\u00fd v\u011b\u0161\u00e1k na ru\u010dn\u00edky G\u00c1BINA s p\u0159\u00edsavkou - chromov\u00fd -","robots":{"index":"index","follow":"follow","max-snippet":"max-snippet:-1","max-image-preview":"max-image-preview:large","max-video-preview":"max-video-preview:-1"},"canonical":"https:\/\/www.domkraftpro.com\/index.php\/produkt\/akce-koupelnovy-vesak-na-rucniky-gabina-s-prisavkou-chromovy-55976\/","og_locale":"cs_CZ","og_type":"article","og_title":"Akce Koupelnov\u00fd v\u011b\u0161\u00e1k na ru\u010dn\u00edky G\u00c1BINA s p\u0159\u00edsavkou - chromov\u00fd -","og_description":"Koupelnov\u00fd v\u011b\u0161\u00e1k na ru\u010dn\u00edky G\u00c1BINA s p\u0159\u00edsavkou &#8211; chromov\u00fd Modern\u00ed a jednoduch\u00fd n\u00e1st\u011bnn\u00fd v\u011b\u0161\u00e1k na ru\u010dn\u00edky v kulat\u00e9m stylu s 1 jednoduch\u00fdm h\u00e1\u010dkem pro zav\u011b\u0161en\u00ed ru\u010dn\u00edk\u016f s poutkem. H\u00e1\u010dek d\u00edky modern\u00edmu designu dokonale lad\u00ed s jak\u00fdmkoli stylem koupelny. Snadn\u00e1 mont\u00e1\u017e bez vrt\u00e1n\u00ed na gumovou p\u0159\u00edsavku, kter\u00e1 snadno p\u0159ilne na hladk\u00e9 povrchy jako je sklo \u010di [&hellip;]","og_url":"https:\/\/www.domkraftpro.com\/index.php\/produkt\/akce-koupelnovy-vesak-na-rucniky-gabina-s-prisavkou-chromovy-55976\/","og_image":[{"width":366,"height":779,"url":"https:\/\/www.domkraftpro.com\/wp-content\/uploads\/2026\/SK0008002-CZ20260425-093041-0-1777080643-wieszak-lazienkowy-na-przyssawke-uchwyt-na-recznik-yoka.webp","type":"image\/webp"}],"twitter_card":"summary_large_image","twitter_misc":{"Odhadovan\u00e1 doba \u010dten\u00ed":"1 minuta"},"schema":{"@context":"https:\/\/schema.org","@graph":[{"@type":"WebPage","@id":"https:\/\/www.domkraftpro.com\/index.php\/produkt\/akce-koupelnovy-vesak-na-rucniky-gabina-s-prisavkou-chromovy-55976\/","url":"https:\/\/www.domkraftpro.com\/index.php\/produkt\/akce-koupelnovy-vesak-na-rucniky-gabina-s-prisavkou-chromovy-55976\/","name":"Akce Koupelnov\u00fd v\u011b\u0161\u00e1k na ru\u010dn\u00edky G\u00c1BINA s p\u0159\u00edsavkou - chromov\u00fd -","isPartOf":{"@id":"https:\/\/www.domkraftpro.com\/#website"},"primaryImageOfPage":{"@id":"https:\/\/www.domkraftpro.com\/index.php\/produkt\/akce-koupelnovy-vesak-na-rucniky-gabina-s-prisavkou-chromovy-55976\/#primaryimage"},"image":{"@id":"https:\/\/www.domkraftpro.com\/index.php\/produkt\/akce-koupelnovy-vesak-na-rucniky-gabina-s-prisavkou-chromovy-55976\/#primaryimage"},"thumbnailUrl":"https:\/\/www.domkraftpro.com\/wp-content\/uploads\/2026\/SK0008002-CZ20260425-093041-0-1777080643-wieszak-lazienkowy-na-przyssawke-uchwyt-na-recznik-yoka.webp","datePublished":"2026-04-27T04:42:55+00:00","breadcrumb":{"@id":"https:\/\/www.domkraftpro.com\/index.php\/produkt\/akce-koupelnovy-vesak-na-rucniky-gabina-s-prisavkou-chromovy-55976\/#breadcrumb"},"inLanguage":"cs","potentialAction":[{"@type":"ReadAction","target":["https:\/\/www.domkraftpro.com\/index.php\/produkt\/akce-koupelnovy-vesak-na-rucniky-gabina-s-prisavkou-chromovy-55976\/"]}]},{"@type":"ImageObject","inLanguage":"cs","@id":"https:\/\/www.domkraftpro.com\/index.php\/produkt\/akce-koupelnovy-vesak-na-rucniky-gabina-s-prisavkou-chromovy-55976\/#primaryimage","url":"https:\/\/www.domkraftpro.com\/wp-content\/uploads\/2026\/SK0008002-CZ20260425-093041-0-1777080643-wieszak-lazienkowy-na-przyssawke-uchwyt-na-recznik-yoka.webp","contentUrl":"https:\/\/www.domkraftpro.com\/wp-content\/uploads\/2026\/SK0008002-CZ20260425-093041-0-1777080643-wieszak-lazienkowy-na-przyssawke-uchwyt-na-recznik-yoka.webp","width":366,"height":779},{"@type":"BreadcrumbList","@id":"https:\/\/www.domkraftpro.com\/index.php\/produkt\/akce-koupelnovy-vesak-na-rucniky-gabina-s-prisavkou-chromovy-55976\/#breadcrumb","itemListElement":[{"@type":"ListItem","position":1,"name":"Home","item":"https:\/\/www.domkraftpro.com\/"},{"@type":"ListItem","position":2,"name":"Products","item":"https:\/\/www.domkraftpro.com\/index.php\/products\/"},{"@type":"ListItem","position":3,"name":"Akce Koupelnov\u00fd v\u011b\u0161\u00e1k na ru\u010dn\u00edky G\u00c1BINA s p\u0159\u00edsavkou &#8211; chromov\u00fd"}]},{"@type":"WebSite","@id":"https:\/\/www.domkraftpro.com\/#website","url":"https:\/\/www.domkraftpro.com\/","name":"","description":"","potentialAction":[{"@type":"SearchAction","target":{"@type":"EntryPoint","urlTemplate":"https:\/\/www.domkraftpro.com\/?s={search_term_string}"},"query-input":{"@type":"PropertyValueSpecification","valueRequired":true,"valueName":"search_term_string"}}],"inLanguage":"cs"}]}},"_links":{"self":[{"href":"https:\/\/www.domkraftpro.com\/index.php\/wp-json\/wp\/v2\/product\/55976","targetHints":{"allow":["GET"]}}],"collection":[{"href":"https:\/\/www.domkraftpro.com\/index.php\/wp-json\/wp\/v2\/product"}],"about":[{"href":"https:\/\/www.domkraftpro.com\/index.php\/wp-json\/wp\/v2\/types\/product"}],"replies":[{"embeddable":true,"href":"https:\/\/www.domkraftpro.com\/index.php\/wp-json\/wp\/v2\/comments?post=55976"}],"wp:featuredmedia":[{"embeddable":true,"href":"https:\/\/www.domkraftpro.com\/index.php\/wp-json\/wp\/v2\/media\/56076"}],"wp:attachment":[{"href":"https:\/\/www.domkraftpro.com\/index.php\/wp-json\/wp\/v2\/media?parent=55976"}],"wp:term":[{"taxonomy":"product_brand","embeddable":true,"href":"https:\/\/www.domkraftpro.com\/index.php\/wp-json\/wp\/v2\/product_brand?post=55976"},{"taxonomy":"product_cat","embeddable":true,"href":"https:\/\/www.domkraftpro.com\/index.php\/wp-json\/wp\/v2\/product_cat?post=55976"},{"taxonomy":"product_tag","embeddable":true,"href":"https:\/\/www.domkraftpro.com\/index.php\/wp-json\/wp\/v2\/product_tag?post=55976"}],"curies":[{"name":"wp","href":"https:\/\/api.w.org\/{rel}","templated":true}]}}