{"id":5578,"date":"2026-04-27T04:40:35","date_gmt":"2026-04-27T04:40:35","guid":{"rendered":""},"modified":"2026-04-27T04:40:35","modified_gmt":"2026-04-27T04:40:35","slug":"akce-bradas-hadicova-stopspojka-3-4-3-4-5578","status":"publish","type":"product","link":"https:\/\/www.domkraftpro.com\/index.php\/produkt\/akce-bradas-hadicova-stopspojka-3-4-3-4-5578\/","title":{"rendered":"Akce Bradas Hadicov\u00e1 stopspojka 3\/4&#8243; 3\/4&#8220;"},"content":{"rendered":"<div class=\"detail-description__right\">\n<div class=\"parameters\">\n<div class=\"table table--simple\">\n<table>\n<tbody>\n<tr>\n<td colspan=\"2\">\n<h4>Vlastnosti<\/h4>\n<\/td>\n<\/tr>\n<tr data-perex=\"1\">\n<td>Pr\u016fm\u011br<\/td>\n<td>3\/4&#8220;<\/td>\n<\/tr>\n<tr data-perex=\"1\">\n<td>Materi\u00e1l<\/td>\n<td>PVC<\/td>\n<\/tr>\n<tr>\n<td>Barva<\/td>\n<td>oran\u017eov\u00e1<\/td>\n<\/tr>\n<tr>\n<td>Hmotnost<\/td>\n<td>0,02\u00a0kg<\/td>\n<\/tr>\n<tr>\n<td colspan=\"2\">\n<h4>Parametry<\/h4>\n<\/td>\n<\/tr>\n<tr>\n<td>P\u016fvod<\/td>\n<td>Vyrobeno v\u00a0DE<\/td>\n<\/tr>\n<tr>\n<td>Z\u00e1ruka<\/td>\n<td>2 roky<\/td>\n<\/tr>\n<tr>\n<td>Zna\u010dka<\/td>\n<td>Bradas<\/td>\n<\/tr>\n<\/tbody>\n<\/table><\/div>\n<\/div><\/div>\n<div class=\"detail-description__top\">\t\t\t\t<\/div>\n<div class=\"detail-description__left\">\n<div class=\"detail-description__left__overflow\">\n<div class=\"detail-description__left__head\">\t\t\t\t\t\tPopis:\t\t\t\t\t<\/div>\n<div class=\"ul-style ul-style--check\">\n<p><strong>Po odpojen\u00ed dopl\u0148ku se<\/strong>\u00a0<strong>voda automaticky zastav\u00ed<\/strong>. Rychlospojka je vyrobena z kvalitn\u00edho PVC a je vhodn\u00e1 na\u00a0hadice o pr\u016fm\u011bru 3\/4 &#8220;. D\u00edky speci\u00e1ln\u011b vytvarovan\u00fdm zub\u016fm dr\u017e\u00ed pevn\u011b i a tenkost\u011bnn\u00fdch hadic\u00edch.<\/p>\n<\/div>\n<div class=\"detail-description__left__more\">\t\t\t\t\t\t<span> <\/span><span> <\/span>\t\t\t\t\t<\/div>\n<\/p><\/div>\n<\/p><\/div>\n<div class=\"detail-description__more\"><span> <\/span><span> <\/span><\/div>\n<\/p><\/div>\n<\/p><\/div>\n","protected":false},"excerpt":{"rendered":"<p>Vlastnosti Pr\u016fm\u011br 3\/4&#8220; Materi\u00e1l PVC Barva oran\u017eov\u00e1 Hmotnost 0,02\u00a0kg Parametry P\u016fvod Vyrobeno v\u00a0DE Z\u00e1ruka 2 roky Zna\u010dka Bradas Popis: Po odpojen\u00ed dopl\u0148ku se\u00a0voda automaticky zastav\u00ed. Rychlospojka je vyrobena z kvalitn\u00edho PVC a je vhodn\u00e1 na\u00a0hadice o pr\u016fm\u011bru 3\/4 &#8220;. D\u00edky speci\u00e1ln\u011b vytvarovan\u00fdm zub\u016fm dr\u017e\u00ed pevn\u011b i a tenkost\u011bnn\u00fdch hadic\u00edch.<\/p>\n","protected":false},"featured_media":5678,"comment_status":"open","ping_status":"open","template":"","meta":[],"product_brand":[],"product_cat":[47],"product_tag":[],"class_list":{"0":"post-5578","1":"product","2":"type-product","3":"status-publish","4":"has-post-thumbnail","6":"product_cat-zahrada","8":"first","9":"instock","10":"sale","11":"shipping-taxable","12":"purchasable","13":"product-type-simple"},"yoast_head":"<!-- This site is optimized with the Yoast SEO plugin v26.8 - https:\/\/yoast.com\/product\/yoast-seo-wordpress\/ -->\n<title>Akce Bradas Hadicov\u00e1 stopspojka 3\/4&quot; 3\/4&#039;&#039; -<\/title>\n<meta name=\"robots\" content=\"index, follow, max-snippet:-1, max-image-preview:large, max-video-preview:-1\" \/>\n<link rel=\"canonical\" href=\"https:\/\/www.domkraftpro.com\/index.php\/produkt\/akce-bradas-hadicova-stopspojka-3-4-3-4-5578\/\" \/>\n<meta property=\"og:locale\" content=\"cs_CZ\" \/>\n<meta property=\"og:type\" content=\"article\" \/>\n<meta property=\"og:title\" content=\"Akce Bradas Hadicov\u00e1 stopspojka 3\/4&quot; 3\/4&#039;&#039; -\" \/>\n<meta property=\"og:description\" content=\"Vlastnosti Pr\u016fm\u011br 3\/4&#8220; Materi\u00e1l PVC Barva oran\u017eov\u00e1 Hmotnost 0,02\u00a0kg Parametry P\u016fvod Vyrobeno v\u00a0DE Z\u00e1ruka 2 roky Zna\u010dka Bradas Popis: Po odpojen\u00ed dopl\u0148ku se\u00a0voda automaticky zastav\u00ed. Rychlospojka je vyrobena z kvalitn\u00edho PVC a je vhodn\u00e1 na\u00a0hadice o pr\u016fm\u011bru 3\/4 &#8220;. D\u00edky speci\u00e1ln\u011b vytvarovan\u00fdm zub\u016fm dr\u017e\u00ed pevn\u011b i a tenkost\u011bnn\u00fdch hadic\u00edch.\" \/>\n<meta property=\"og:url\" content=\"https:\/\/www.domkraftpro.com\/index.php\/produkt\/akce-bradas-hadicova-stopspojka-3-4-3-4-5578\/\" \/>\n<meta property=\"og:image\" content=\"https:\/\/www.domkraftpro.com\/wp-content\/uploads\/2026\/SK0009534-CZ20260425-091936-0-1777079982-hadicova-stopspojka-3-4-bradas-hadicova-stopspojka-3-4-3-4-.webp\" \/>\n\t<meta property=\"og:image:width\" content=\"1000\" \/>\n\t<meta property=\"og:image:height\" content=\"523\" \/>\n\t<meta property=\"og:image:type\" content=\"image\/webp\" \/>\n<meta name=\"twitter:card\" content=\"summary_large_image\" \/>\n<script type=\"application\/ld+json\" class=\"yoast-schema-graph\">{\"@context\":\"https:\/\/schema.org\",\"@graph\":[{\"@type\":\"WebPage\",\"@id\":\"https:\/\/www.domkraftpro.com\/index.php\/produkt\/akce-bradas-hadicova-stopspojka-3-4-3-4-5578\/\",\"url\":\"https:\/\/www.domkraftpro.com\/index.php\/produkt\/akce-bradas-hadicova-stopspojka-3-4-3-4-5578\/\",\"name\":\"Akce Bradas Hadicov\u00e1 stopspojka 3\/4\\\" 3\/4'' -\",\"isPartOf\":{\"@id\":\"https:\/\/www.domkraftpro.com\/#website\"},\"primaryImageOfPage\":{\"@id\":\"https:\/\/www.domkraftpro.com\/index.php\/produkt\/akce-bradas-hadicova-stopspojka-3-4-3-4-5578\/#primaryimage\"},\"image\":{\"@id\":\"https:\/\/www.domkraftpro.com\/index.php\/produkt\/akce-bradas-hadicova-stopspojka-3-4-3-4-5578\/#primaryimage\"},\"thumbnailUrl\":\"https:\/\/www.domkraftpro.com\/wp-content\/uploads\/2026\/SK0009534-CZ20260425-091936-0-1777079982-hadicova-stopspojka-3-4-bradas-hadicova-stopspojka-3-4-3-4-.webp\",\"datePublished\":\"2026-04-27T04:40:35+00:00\",\"breadcrumb\":{\"@id\":\"https:\/\/www.domkraftpro.com\/index.php\/produkt\/akce-bradas-hadicova-stopspojka-3-4-3-4-5578\/#breadcrumb\"},\"inLanguage\":\"cs\",\"potentialAction\":[{\"@type\":\"ReadAction\",\"target\":[\"https:\/\/www.domkraftpro.com\/index.php\/produkt\/akce-bradas-hadicova-stopspojka-3-4-3-4-5578\/\"]}]},{\"@type\":\"ImageObject\",\"inLanguage\":\"cs\",\"@id\":\"https:\/\/www.domkraftpro.com\/index.php\/produkt\/akce-bradas-hadicova-stopspojka-3-4-3-4-5578\/#primaryimage\",\"url\":\"https:\/\/www.domkraftpro.com\/wp-content\/uploads\/2026\/SK0009534-CZ20260425-091936-0-1777079982-hadicova-stopspojka-3-4-bradas-hadicova-stopspojka-3-4-3-4-.webp\",\"contentUrl\":\"https:\/\/www.domkraftpro.com\/wp-content\/uploads\/2026\/SK0009534-CZ20260425-091936-0-1777079982-hadicova-stopspojka-3-4-bradas-hadicova-stopspojka-3-4-3-4-.webp\",\"width\":1000,\"height\":523},{\"@type\":\"BreadcrumbList\",\"@id\":\"https:\/\/www.domkraftpro.com\/index.php\/produkt\/akce-bradas-hadicova-stopspojka-3-4-3-4-5578\/#breadcrumb\",\"itemListElement\":[{\"@type\":\"ListItem\",\"position\":1,\"name\":\"Home\",\"item\":\"https:\/\/www.domkraftpro.com\/\"},{\"@type\":\"ListItem\",\"position\":2,\"name\":\"Products\",\"item\":\"https:\/\/www.domkraftpro.com\/index.php\/products\/\"},{\"@type\":\"ListItem\",\"position\":3,\"name\":\"Akce Bradas Hadicov\u00e1 stopspojka 3\/4&#8243; 3\/4&#8220;\"}]},{\"@type\":\"WebSite\",\"@id\":\"https:\/\/www.domkraftpro.com\/#website\",\"url\":\"https:\/\/www.domkraftpro.com\/\",\"name\":\"\",\"description\":\"\",\"potentialAction\":[{\"@type\":\"SearchAction\",\"target\":{\"@type\":\"EntryPoint\",\"urlTemplate\":\"https:\/\/www.domkraftpro.com\/?s={search_term_string}\"},\"query-input\":{\"@type\":\"PropertyValueSpecification\",\"valueRequired\":true,\"valueName\":\"search_term_string\"}}],\"inLanguage\":\"cs\"}]}<\/script>\n<!-- \/ Yoast SEO plugin. -->","yoast_head_json":{"title":"Akce Bradas Hadicov\u00e1 stopspojka 3\/4\" 3\/4'' -","robots":{"index":"index","follow":"follow","max-snippet":"max-snippet:-1","max-image-preview":"max-image-preview:large","max-video-preview":"max-video-preview:-1"},"canonical":"https:\/\/www.domkraftpro.com\/index.php\/produkt\/akce-bradas-hadicova-stopspojka-3-4-3-4-5578\/","og_locale":"cs_CZ","og_type":"article","og_title":"Akce Bradas Hadicov\u00e1 stopspojka 3\/4\" 3\/4'' -","og_description":"Vlastnosti Pr\u016fm\u011br 3\/4&#8220; Materi\u00e1l PVC Barva oran\u017eov\u00e1 Hmotnost 0,02\u00a0kg Parametry P\u016fvod Vyrobeno v\u00a0DE Z\u00e1ruka 2 roky Zna\u010dka Bradas Popis: Po odpojen\u00ed dopl\u0148ku se\u00a0voda automaticky zastav\u00ed. Rychlospojka je vyrobena z kvalitn\u00edho PVC a je vhodn\u00e1 na\u00a0hadice o pr\u016fm\u011bru 3\/4 &#8220;. D\u00edky speci\u00e1ln\u011b vytvarovan\u00fdm zub\u016fm dr\u017e\u00ed pevn\u011b i a tenkost\u011bnn\u00fdch hadic\u00edch.","og_url":"https:\/\/www.domkraftpro.com\/index.php\/produkt\/akce-bradas-hadicova-stopspojka-3-4-3-4-5578\/","og_image":[{"width":1000,"height":523,"url":"https:\/\/www.domkraftpro.com\/wp-content\/uploads\/2026\/SK0009534-CZ20260425-091936-0-1777079982-hadicova-stopspojka-3-4-bradas-hadicova-stopspojka-3-4-3-4-.webp","type":"image\/webp"}],"twitter_card":"summary_large_image","schema":{"@context":"https:\/\/schema.org","@graph":[{"@type":"WebPage","@id":"https:\/\/www.domkraftpro.com\/index.php\/produkt\/akce-bradas-hadicova-stopspojka-3-4-3-4-5578\/","url":"https:\/\/www.domkraftpro.com\/index.php\/produkt\/akce-bradas-hadicova-stopspojka-3-4-3-4-5578\/","name":"Akce Bradas Hadicov\u00e1 stopspojka 3\/4\" 3\/4'' -","isPartOf":{"@id":"https:\/\/www.domkraftpro.com\/#website"},"primaryImageOfPage":{"@id":"https:\/\/www.domkraftpro.com\/index.php\/produkt\/akce-bradas-hadicova-stopspojka-3-4-3-4-5578\/#primaryimage"},"image":{"@id":"https:\/\/www.domkraftpro.com\/index.php\/produkt\/akce-bradas-hadicova-stopspojka-3-4-3-4-5578\/#primaryimage"},"thumbnailUrl":"https:\/\/www.domkraftpro.com\/wp-content\/uploads\/2026\/SK0009534-CZ20260425-091936-0-1777079982-hadicova-stopspojka-3-4-bradas-hadicova-stopspojka-3-4-3-4-.webp","datePublished":"2026-04-27T04:40:35+00:00","breadcrumb":{"@id":"https:\/\/www.domkraftpro.com\/index.php\/produkt\/akce-bradas-hadicova-stopspojka-3-4-3-4-5578\/#breadcrumb"},"inLanguage":"cs","potentialAction":[{"@type":"ReadAction","target":["https:\/\/www.domkraftpro.com\/index.php\/produkt\/akce-bradas-hadicova-stopspojka-3-4-3-4-5578\/"]}]},{"@type":"ImageObject","inLanguage":"cs","@id":"https:\/\/www.domkraftpro.com\/index.php\/produkt\/akce-bradas-hadicova-stopspojka-3-4-3-4-5578\/#primaryimage","url":"https:\/\/www.domkraftpro.com\/wp-content\/uploads\/2026\/SK0009534-CZ20260425-091936-0-1777079982-hadicova-stopspojka-3-4-bradas-hadicova-stopspojka-3-4-3-4-.webp","contentUrl":"https:\/\/www.domkraftpro.com\/wp-content\/uploads\/2026\/SK0009534-CZ20260425-091936-0-1777079982-hadicova-stopspojka-3-4-bradas-hadicova-stopspojka-3-4-3-4-.webp","width":1000,"height":523},{"@type":"BreadcrumbList","@id":"https:\/\/www.domkraftpro.com\/index.php\/produkt\/akce-bradas-hadicova-stopspojka-3-4-3-4-5578\/#breadcrumb","itemListElement":[{"@type":"ListItem","position":1,"name":"Home","item":"https:\/\/www.domkraftpro.com\/"},{"@type":"ListItem","position":2,"name":"Products","item":"https:\/\/www.domkraftpro.com\/index.php\/products\/"},{"@type":"ListItem","position":3,"name":"Akce Bradas Hadicov\u00e1 stopspojka 3\/4&#8243; 3\/4&#8220;"}]},{"@type":"WebSite","@id":"https:\/\/www.domkraftpro.com\/#website","url":"https:\/\/www.domkraftpro.com\/","name":"","description":"","potentialAction":[{"@type":"SearchAction","target":{"@type":"EntryPoint","urlTemplate":"https:\/\/www.domkraftpro.com\/?s={search_term_string}"},"query-input":{"@type":"PropertyValueSpecification","valueRequired":true,"valueName":"search_term_string"}}],"inLanguage":"cs"}]}},"_links":{"self":[{"href":"https:\/\/www.domkraftpro.com\/index.php\/wp-json\/wp\/v2\/product\/5578","targetHints":{"allow":["GET"]}}],"collection":[{"href":"https:\/\/www.domkraftpro.com\/index.php\/wp-json\/wp\/v2\/product"}],"about":[{"href":"https:\/\/www.domkraftpro.com\/index.php\/wp-json\/wp\/v2\/types\/product"}],"replies":[{"embeddable":true,"href":"https:\/\/www.domkraftpro.com\/index.php\/wp-json\/wp\/v2\/comments?post=5578"}],"wp:featuredmedia":[{"embeddable":true,"href":"https:\/\/www.domkraftpro.com\/index.php\/wp-json\/wp\/v2\/media\/5678"}],"wp:attachment":[{"href":"https:\/\/www.domkraftpro.com\/index.php\/wp-json\/wp\/v2\/media?parent=5578"}],"wp:term":[{"taxonomy":"product_brand","embeddable":true,"href":"https:\/\/www.domkraftpro.com\/index.php\/wp-json\/wp\/v2\/product_brand?post=5578"},{"taxonomy":"product_cat","embeddable":true,"href":"https:\/\/www.domkraftpro.com\/index.php\/wp-json\/wp\/v2\/product_cat?post=5578"},{"taxonomy":"product_tag","embeddable":true,"href":"https:\/\/www.domkraftpro.com\/index.php\/wp-json\/wp\/v2\/product_tag?post=5578"}],"curies":[{"name":"wp","href":"https:\/\/api.w.org\/{rel}","templated":true}]}}