{"id":55779,"date":"2026-04-27T04:42:55","date_gmt":"2026-04-27T04:42:55","guid":{"rendered":""},"modified":"2026-04-27T04:42:55","modified_gmt":"2026-04-27T04:42:55","slug":"akce-roltechnik-roth-sprchove-dvere-jednokridle-100cm-tcn1-1000-tower-line-stribro-sklo-intimglass-55779","status":"publish","type":"product","link":"https:\/\/www.domkraftpro.com\/produkt\/akce-roltechnik-roth-sprchove-dvere-jednokridle-100cm-tcn1-1000-tower-line-stribro-sklo-intimglass-55779\/","title":{"rendered":"Akce Roltechnik &#8211; Roth Sprchov\u00e9 dve\u0159e jednok\u0159\u00eddl\u00e9 100cm TCN1\/1000 Tower Line St\u0159\u00edbro sklo Intimglass"},"content":{"rendered":"<div class=\"ProductDetail-content NoFixImageContainer\" id=\"productDescription\">\n<div class=\"Heading\">\n<h2 class=\"Heading-title\">Popis produktu <span class=''>Roltechnik &#8211; Roth Sprchov\u00e9 dve\u0159e jednok\u0159\u00eddl\u00e9 100cm TCN1\/1000 Tower Line St\u0159\u00edbro sklo Intimglass<\/span><\/h2>\n<\/p><\/div>\n<div class=\"ProductDetailContent\">\n<p><span style=\"font-size:16px\"><strong>Sprchov\u00e9 dve\u0159e jednok\u0159\u00eddl\u00e9 TCN1 s mo\u017enost\u00ed instalace bo\u010dn\u00ed st\u011bny TCB<\/strong><\/span><\/p>\n<p><span style=\"font-size:16px\"><strong>Jednok\u0159\u00eddl\u00e9 oto\u010dn\u00e9 dve\u0159e do niky<\/strong>, nebo s bo\u010dn\u00ed st\u011bnou v\u00e1s nadchnou sv\u00fdm precizn\u00edm zpracov\u00e1n\u00edm, \u010dist\u00fdm designem a&nbsp;komfortem, kter\u00fd poskytuj\u00ed sv\u00e9mu u\u017eivateli. K&nbsp;v\u00fdrob\u011b t\u011bchto sprchov\u00fdch dve\u0159\u00ed jsme pou\u017eili nejmodern\u011bj\u0161\u00ed technologie, kter\u00e9 zaji\u0161\u0165uj\u00ed jejich dlouhou \u017eivotnost, odolnost a&nbsp;trvanlivost. Jako d\u016fkaz od n\u00e1s dost\u00e1v\u00e1te <strong>nadstandardn\u00ed 5letou z\u00e1ruku<\/strong> na sprchov\u00e9 dve\u0159e do niky TCN1.<\/span><\/p>\n<h3><span style=\"color:#3498db\"><span style=\"font-size:18px\">Technick\u00e9 parametry<\/span><\/span><\/h3>\n<ul>\n<li><span style=\"font-size:16px\">v\u00fdpln\u011b: 6 mm bezpe\u010dnostn\u00ed sklo Intimglass<\/span><\/li>\n<li><span style=\"font-size:16px\">barva profilu: st\u0159\u00edbro<\/span><\/li>\n<li><span style=\"font-size:16px\">povrchov\u00e1 \u00faprava skla RothETC ZDARMA<\/span><\/li>\n<li><span style=\"font-size:16px\">instala\u010dn\u00ed rozm\u011bry:&nbsp;975\u20131010 mm<\/span><\/li>\n<li><span style=\"font-size:16px\">v\u00fd\u0161ka: 2012 mm (v\u010detn\u011b kotv\u00edc\u00edch element\u016f)<\/span><\/li>\n<li><span style=\"font-size:16px\">\u0161\u00ed\u0159ka dve\u0159\u00ed: 880 mm<span style=\"font-size:16px\">\u200b<\/span><\/span><\/li>\n<\/ul>\n<h3><span style=\"color:#3498db\"><span style=\"font-size:18px\">V\u00fdhody<\/span><\/span><\/h3>\n<ul>\n<li><span style=\"font-size:16px\">Speci\u00e1ln\u00ed <strong>magnetick\u00e9 t\u011bsn\u011bn\u00ed<\/strong> zaji\u0161\u0165uje maxim\u00e1ln\u00ed t\u011bsnost, a&nbsp;to i&nbsp;v&nbsp;prahov\u00e9 \u010d\u00e1sti dve\u0159\u00ed.<\/span><\/li>\n<li><span style=\"font-size:16px\"><strong>Zdvihov\u00fd mechanismus<\/strong> umo\u017e\u0148uje 5mm zdvih dve\u0159\u00ed a&nbsp;jejich aretaci v&nbsp;poloze otev\u0159eno a&nbsp;zav\u0159eno.<\/span><\/li>\n<li><span style=\"font-size:16px\">6mm sklen\u011bn\u00e9 v\u00fdpln\u011b jsou opat\u0159eny <strong>povrchovou \u00fapravou RothETC<\/strong> pro efekt rychl\u00e9ho st\u00e9k\u00e1n\u00ed vody, kter\u00e1 m\u00e1 \u017eivotnost a\u017e 10 let.<\/span><\/li>\n<li><span style=\"font-size:16px\">Dve\u0159e lze otev\u00edrat na ob\u011b strany, dovnit\u0159 i&nbsp;ven, co\u017e v\u00e1m zajist\u00ed skute\u010dn\u011b velkorys\u00fd vstupn\u00ed prostor.<\/span><\/li>\n<\/ul>\n<h3><span style=\"color:#3498db\"><span style=\"font-size:18px\">RothETC ochr\u00e1n\u00ed sprchu p\u0159ed vodn\u00edm kamenem a \u0161p\u00ednou<\/span><\/span><\/h3>\n<div class=\"grid__item lap--two-thirds palm--one-whole two-thirds\">\n<div class=\"gridInner\">\n<div class=\"cText__text\">\n<p><span style=\"font-size:16px\">Poznejte unik\u00e1tn\u00ed patentovanou technologii RothETC, d\u00edky kter\u00e9 bude \u00fadr\u017eba sprchov\u00e9ho koutu hra\u010dka. Ochr\u00e1n\u00ed toti\u017e sklo p\u0159ed usazov\u00e1n\u00edm vodn\u00edho kamene a&nbsp;ne\u010distot.<\/span><\/p>\n<p><span style=\"font-size:16px\">\u00dadr\u017eba sprchov\u00e9ho koutu je n\u011bkdy skute\u010dn\u011b horor, a&nbsp;tak nen\u00ed divu, \u017ee si ji chce ka\u017ed\u00fd zjednodu\u0161it. A&nbsp;p\u0159esn\u011b proto vznikla technologie&nbsp;<strong>RothETC<\/strong>.&nbsp;Tato speci\u00e1ln\u00ed vrstva, kterou jsou opat\u0159en\u00e9 sprchov\u00e9 kouty Roth, zabr\u00e1n\u00ed usazov\u00e1n\u00ed vodn\u00edho kamene a&nbsp;ne\u010distot na skle.&nbsp;\u010ci\u0161t\u011bn\u00ed je pak mnohem jednodu\u0161\u0161\u00ed a&nbsp;rychlej\u0161\u00ed.&nbsp;<\/span><\/p>\n<p><span style=\"font-size:16px\">Uv\u011bdomte si, kolik \u010dasu tr\u00e1v\u00edte \u00fadr\u017ebou sprchov\u00e9ho koutu &#8211;&nbsp;za rok to jsou t\u0159eba 2&nbsp;v\u00edkendy! Nejv\u00edce n\u00e1m d\u00e1v\u00e1 zabrat vodn\u00ed k\u00e1men, m\u00fddlov\u00e9 usazeniny a&nbsp;mastnota.&nbsp;D\u00edky RothETC u\u0161et\u0159\u00edte 84&nbsp;%&nbsp;sv\u00e9ho \u010dasu, kter\u00fd m\u016f\u017eete v\u011bnovat jin\u00fdm, mnohem p\u0159\u00edjemn\u011bj\u0161\u00edm \u010dinnostem.<\/span><\/p>\n<div class=\"cText__text\">\n<h3><span style=\"color:#3498db\"><span style=\"font-size:18px\">Jak RothETC funguje<\/span><\/span><\/h3>\n<p><span style=\"font-size:16px\">Ochrann\u00e1 vrstva RothETC pracuje na b\u00e1zi nanotechnologie.&nbsp;Na povrchu skla se vytv\u00e1\u0159\u00ed kapky, kter\u00e9 na sebe v\u00e1\u017eou \u0161p\u00ednu, mastnotu a&nbsp;prach. Po takto o\u0161et\u0159en\u00e9m sklu st\u00e9k\u00e1 voda v&nbsp;pram\u00ednc\u00edch ihned pry\u010d a&nbsp;bere s&nbsp;sebou v\u011bt\u0161inu ne\u010distot i&nbsp;vodn\u00edho kamene. Vy pak usazenou \u0161p\u00ednu nemus\u00edte zdlouhav\u011b drhnout, sta\u010d\u00ed sklo b\u011b\u017en\u011b vy\u010distit.<\/span><\/p>\n<p><span style=\"font-size:16px\">\u017divotnost ochrann\u00e9 vrstvy RothETC je 10 let, ale budete-li o ni spr\u00e1vn\u011b pe\u010dovat, m\u016f\u017ee v\u00e1m vydr\u017eet je\u0161t\u011b d\u00e9le. Jak na to? Doporu\u010dujeme pou\u017e\u00edvat RothETC CLEANER, kter\u00fd sklo nejen \u010dist\u00ed, ale z\u00e1rove\u0148 tak\u00e9 o\u017eivuje (aktivuje hydrofobn\u00ed vlastnosti skla). Sta\u010d\u00ed, abyste ho pou\u017e\u00edvali zhruba 1\u00d7 za 14 dn\u00ed. RothETC CLEANER nan\u00e1\u0161ejte m\u011bkkou ut\u011brkou z mikrovl\u00e1kna na sklo a nechte ho p\u016fsobit 2 minuty. Sklo pak jen vyle\u0161t\u011bte jemnou ut\u011brkou a je to. D\u016fle\u017eit\u00e9 je, abyste se p\u0159i \u010di\u0161t\u011bn\u00ed vyh\u00fdbali abrasivn\u00edm prost\u0159edk\u016fm a hrub\u00fdm tkanin\u00e1m, kter\u00e9 mohou ochrannou vrstvu po\u0161kodit. RothETC CLEANER je ekologick\u00fd a pot\u011b\u0161\u00ed v\u00e1s i svou p\u0159\u00edjemnou v\u016fn\u00ed.<\/span><\/p>\n<\/div>\n<\/div>\n<\/div>\n<\/div><\/div>\n<div class=\"ProductDetailContent\">\n<div class=\"ProductDetailContent-item\">\n<div style=\"background-color:#f9f9f9; border-left:5px solid #4caf50; border-radius:8px; box-shadow:0 4px 12px rgba(0,0,0,0.1); font-family:Arial,sans-serif; margin-bottom:20px; padding:25px 20px 20px 20px; position:relative\"><!-- Ikona info v lev\u00e9m horn\u00edm rohu --><\/p>\n<div style=\"align-items:center; background-color:#4caf50; border-radius:50%; color:#ffffff; display:flex; font-size:18px; font-weight:bold; height:30px; justify-content:center; left:-10px; position:absolute; top:-10px; width:30px\">i<\/div>\n<h3 style=\"margin-left:15px\">\u2705 Nab\u00edz\u00edme profesion\u00e1ln\u00ed mont\u00e1\u017e sprchov\u00fdch dve\u0159\u00ed \u2013 precizn\u011b a bez starost\u00ed<\/h3>\n<p>Kvalitn\u00ed mont\u00e1\u017e <strong>sprchov\u00fdch dve\u0159\u00ed<\/strong> je kl\u00ed\u010dov\u00e1 pro jejich bezprobl\u00e9mov\u00e9 fungov\u00e1n\u00ed, dlouhou \u017eivotnost a maxim\u00e1ln\u00ed t\u011bsnost. A\u0165 u\u017e se jedn\u00e1 o <strong>posuvn\u00e9<\/strong>, <strong>k\u0159\u00eddlov\u00e9<\/strong>, <strong>oto\u010dn\u00e9<\/strong> nebo <strong>skl\u00e1dac\u00ed &#8211; zalamovac\u00ed<\/strong> dve\u0159e, spr\u00e1vn\u00e9 usazen\u00ed a ut\u011bsn\u011bn\u00ed jsou nezbytn\u00e9 pro komfortn\u00ed a bezpe\u010dn\u00e9 sprchov\u00e1n\u00ed.<\/p>\n<p><strong>Nab\u00edz\u00edme odbornou mont\u00e1\u017e sprchov\u00fdch dve\u0159\u00ed v\u0161ech typ\u016f i zna\u010dek<\/strong>. Provedeme p\u0159esn\u00e9 zam\u011b\u0159en\u00ed, p\u0159\u00edpravu podkladu a profesion\u00e1ln\u00ed instalaci na <strong>sprchovou vani\u010dku<\/strong> \u010di podlahu se <strong>sprchov\u00fdm \u017elabem<\/strong>. Samoz\u0159ejmost\u00ed je d\u016fsledn\u00e1 kontrola funk\u010dnosti a \u010dist\u00fd v\u00fdstup po dokon\u010den\u00ed prac\u00ed.<\/p>\n<p><strong>Mont\u00e1\u017e sprchov\u00fdch dve\u0159\u00ed p\u0159enechte odborn\u00edk\u016fm<\/strong>, vyhnete se tak zbyte\u010dn\u00fdm komplikac\u00edm a zajist\u00edte si precizn\u00ed v\u00fdsledek. Pracujeme rychle, spolehliv\u011b a db\u00e1me na ka\u017ed\u00fd detail. Kontaktujte n\u00e1s a sd\u011blte n\u00e1m sv\u00e9 po\u017eadavky, r\u00e1di v\u00e1m pom\u016f\u017eeme.<\/p>\n<p><strong>Mont\u00e1\u017e sprchov\u00fdch dve\u0159\u00ed<\/strong> nab\u00edz\u00edme pouze pro <strong>N\u00e1chodsko<\/strong> a <strong>Trutnovsko<\/strong>.<\/p>\n<\/div><\/div>\n<\/p><\/div>\n<\/p><\/div>\n<\/p><\/div>\n<\/p><\/div>\n","protected":false},"excerpt":{"rendered":"<p>Popis produktu Roltechnik &#8211; Roth Sprchov\u00e9 dve\u0159e jednok\u0159\u00eddl\u00e9 100cm TCN1\/1000 Tower Line St\u0159\u00edbro sklo Intimglass Sprchov\u00e9 dve\u0159e jednok\u0159\u00eddl\u00e9 TCN1 s mo\u017enost\u00ed instalace bo\u010dn\u00ed st\u011bny TCB Jednok\u0159\u00eddl\u00e9 oto\u010dn\u00e9 dve\u0159e do niky, nebo s bo\u010dn\u00ed st\u011bnou v\u00e1s nadchnou sv\u00fdm precizn\u00edm zpracov\u00e1n\u00edm, \u010dist\u00fdm designem a&nbsp;komfortem, kter\u00fd poskytuj\u00ed sv\u00e9mu u\u017eivateli. K&nbsp;v\u00fdrob\u011b t\u011bchto sprchov\u00fdch dve\u0159\u00ed jsme pou\u017eili nejmodern\u011bj\u0161\u00ed technologie, kter\u00e9 [&hellip;]<\/p>\n","protected":false},"featured_media":55879,"template":"","meta":[],"product_brand":[],"product_cat":[90],"product_tag":[],"class_list":{"0":"post-55779","1":"product","2":"type-product","3":"status-publish","4":"has-post-thumbnail","6":"product_cat-koupelny","8":"first","9":"instock","10":"sale","11":"shipping-taxable","12":"purchasable","13":"product-type-simple"},"yoast_head":"<!-- This site is optimized with the Yoast SEO plugin v26.8 - https:\/\/yoast.com\/product\/yoast-seo-wordpress\/ -->\n<title>Akce Roltechnik - Roth Sprchov\u00e9 dve\u0159e jednok\u0159\u00eddl\u00e9 100cm TCN1\/1000 Tower Line St\u0159\u00edbro sklo Intimglass - Koupelna &amp; N\u00e1\u0159ad\u00ed &amp; Osv\u011btlen\u00ed a Stavebn\u00ed pot\u0159by<\/title>\n<meta name=\"robots\" content=\"index, follow, max-snippet:-1, max-image-preview:large, max-video-preview:-1\" \/>\n<link rel=\"canonical\" href=\"https:\/\/www.domkraftpro.com\/index.php\/produkt\/akce-roltechnik-roth-sprchove-dvere-jednokridle-100cm-tcn1-1000-tower-line-stribro-sklo-intimglass-55779\/\" \/>\n<meta property=\"og:locale\" content=\"cs_CZ\" \/>\n<meta property=\"og:type\" content=\"article\" \/>\n<meta property=\"og:title\" content=\"Akce Roltechnik - Roth Sprchov\u00e9 dve\u0159e jednok\u0159\u00eddl\u00e9 100cm TCN1\/1000 Tower Line St\u0159\u00edbro sklo Intimglass - Koupelna &amp; N\u00e1\u0159ad\u00ed &amp; Osv\u011btlen\u00ed a Stavebn\u00ed pot\u0159by\" \/>\n<meta property=\"og:description\" content=\"Popis produktu Roltechnik &#8211; Roth Sprchov\u00e9 dve\u0159e jednok\u0159\u00eddl\u00e9 100cm TCN1\/1000 Tower Line St\u0159\u00edbro sklo Intimglass Sprchov\u00e9 dve\u0159e jednok\u0159\u00eddl\u00e9 TCN1 s mo\u017enost\u00ed instalace bo\u010dn\u00ed st\u011bny TCB Jednok\u0159\u00eddl\u00e9 oto\u010dn\u00e9 dve\u0159e do niky, nebo s bo\u010dn\u00ed st\u011bnou v\u00e1s nadchnou sv\u00fdm precizn\u00edm zpracov\u00e1n\u00edm, \u010dist\u00fdm designem a&nbsp;komfortem, kter\u00fd poskytuj\u00ed sv\u00e9mu u\u017eivateli. K&nbsp;v\u00fdrob\u011b t\u011bchto sprchov\u00fdch dve\u0159\u00ed jsme pou\u017eili nejmodern\u011bj\u0161\u00ed technologie, kter\u00e9 [&hellip;]\" \/>\n<meta property=\"og:url\" content=\"https:\/\/www.domkraftpro.com\/index.php\/produkt\/akce-roltechnik-roth-sprchove-dvere-jednokridle-100cm-tcn1-1000-tower-line-stribro-sklo-intimglass-55779\/\" \/>\n<meta property=\"og:site_name\" content=\"Koupelna &amp; N\u00e1\u0159ad\u00ed &amp; Osv\u011btlen\u00ed a Stavebn\u00ed pot\u0159by\" \/>\n<meta property=\"og:image\" content=\"https:\/\/www.domkraftpro.com\/wp-content\/uploads\/2026\/SK0009874-CZ20260425-092632-0-1777080397-roltechnik-roth-sprchove-dvere-jednokridle-100cm-tcn1-1000-.webp\" \/>\n\t<meta property=\"og:image:width\" content=\"410\" \/>\n\t<meta property=\"og:image:height\" content=\"600\" \/>\n\t<meta property=\"og:image:type\" content=\"image\/webp\" \/>\n<meta name=\"twitter:card\" content=\"summary_large_image\" \/>\n<meta name=\"twitter:label1\" content=\"Odhadovan\u00e1 doba \u010dten\u00ed\" \/>\n\t<meta name=\"twitter:data1\" content=\"4 minuty\" \/>\n<script type=\"application\/ld+json\" class=\"yoast-schema-graph\">{\"@context\":\"https:\/\/schema.org\",\"@graph\":[{\"@type\":\"WebPage\",\"@id\":\"https:\/\/www.domkraftpro.com\/index.php\/produkt\/akce-roltechnik-roth-sprchove-dvere-jednokridle-100cm-tcn1-1000-tower-line-stribro-sklo-intimglass-55779\/\",\"url\":\"https:\/\/www.domkraftpro.com\/index.php\/produkt\/akce-roltechnik-roth-sprchove-dvere-jednokridle-100cm-tcn1-1000-tower-line-stribro-sklo-intimglass-55779\/\",\"name\":\"Akce Roltechnik - Roth Sprchov\u00e9 dve\u0159e jednok\u0159\u00eddl\u00e9 100cm TCN1\/1000 Tower Line St\u0159\u00edbro sklo Intimglass - Koupelna &amp; N\u00e1\u0159ad\u00ed &amp; Osv\u011btlen\u00ed a Stavebn\u00ed pot\u0159by\",\"isPartOf\":{\"@id\":\"https:\/\/www.domkraftpro.com\/#website\"},\"primaryImageOfPage\":{\"@id\":\"https:\/\/www.domkraftpro.com\/index.php\/produkt\/akce-roltechnik-roth-sprchove-dvere-jednokridle-100cm-tcn1-1000-tower-line-stribro-sklo-intimglass-55779\/#primaryimage\"},\"image\":{\"@id\":\"https:\/\/www.domkraftpro.com\/index.php\/produkt\/akce-roltechnik-roth-sprchove-dvere-jednokridle-100cm-tcn1-1000-tower-line-stribro-sklo-intimglass-55779\/#primaryimage\"},\"thumbnailUrl\":\"https:\/\/www.domkraftpro.com\/wp-content\/uploads\/2026\/SK0009874-CZ20260425-092632-0-1777080397-roltechnik-roth-sprchove-dvere-jednokridle-100cm-tcn1-1000-.webp\",\"datePublished\":\"2026-04-27T04:42:55+00:00\",\"breadcrumb\":{\"@id\":\"https:\/\/www.domkraftpro.com\/index.php\/produkt\/akce-roltechnik-roth-sprchove-dvere-jednokridle-100cm-tcn1-1000-tower-line-stribro-sklo-intimglass-55779\/#breadcrumb\"},\"inLanguage\":\"cs\",\"potentialAction\":[{\"@type\":\"ReadAction\",\"target\":[\"https:\/\/www.domkraftpro.com\/index.php\/produkt\/akce-roltechnik-roth-sprchove-dvere-jednokridle-100cm-tcn1-1000-tower-line-stribro-sklo-intimglass-55779\/\"]}]},{\"@type\":\"ImageObject\",\"inLanguage\":\"cs\",\"@id\":\"https:\/\/www.domkraftpro.com\/index.php\/produkt\/akce-roltechnik-roth-sprchove-dvere-jednokridle-100cm-tcn1-1000-tower-line-stribro-sklo-intimglass-55779\/#primaryimage\",\"url\":\"https:\/\/www.domkraftpro.com\/wp-content\/uploads\/2026\/SK0009874-CZ20260425-092632-0-1777080397-roltechnik-roth-sprchove-dvere-jednokridle-100cm-tcn1-1000-.webp\",\"contentUrl\":\"https:\/\/www.domkraftpro.com\/wp-content\/uploads\/2026\/SK0009874-CZ20260425-092632-0-1777080397-roltechnik-roth-sprchove-dvere-jednokridle-100cm-tcn1-1000-.webp\",\"width\":410,\"height\":600},{\"@type\":\"BreadcrumbList\",\"@id\":\"https:\/\/www.domkraftpro.com\/index.php\/produkt\/akce-roltechnik-roth-sprchove-dvere-jednokridle-100cm-tcn1-1000-tower-line-stribro-sklo-intimglass-55779\/#breadcrumb\",\"itemListElement\":[{\"@type\":\"ListItem\",\"position\":1,\"name\":\"Home\",\"item\":\"https:\/\/www.domkraftpro.com\/\"},{\"@type\":\"ListItem\",\"position\":2,\"name\":\"Products\",\"item\":\"https:\/\/www.domkraftpro.com\/products\/\"},{\"@type\":\"ListItem\",\"position\":3,\"name\":\"Akce Roltechnik &#8211; Roth Sprchov\u00e9 dve\u0159e jednok\u0159\u00eddl\u00e9 100cm TCN1\/1000 Tower Line St\u0159\u00edbro sklo Intimglass\"}]},{\"@type\":\"WebSite\",\"@id\":\"https:\/\/www.domkraftpro.com\/#website\",\"url\":\"https:\/\/www.domkraftpro.com\/\",\"name\":\"Koupelna &amp; N\u00e1\u0159ad\u00ed &amp; Osv\u011btlen\u00ed a Stavebn\u00ed pot\u0159by\",\"description\":\"Koupelna &amp; N\u00e1\u0159ad\u00ed &amp; Osv\u011btlen\u00ed a Stavebn\u00ed pot\u0159by\",\"publisher\":{\"@id\":\"https:\/\/www.domkraftpro.com\/#organization\"},\"potentialAction\":[{\"@type\":\"SearchAction\",\"target\":{\"@type\":\"EntryPoint\",\"urlTemplate\":\"https:\/\/www.domkraftpro.com\/?s={search_term_string}\"},\"query-input\":{\"@type\":\"PropertyValueSpecification\",\"valueRequired\":true,\"valueName\":\"search_term_string\"}}],\"inLanguage\":\"cs\"},{\"@type\":\"Organization\",\"@id\":\"https:\/\/www.domkraftpro.com\/#organization\",\"name\":\"Koupelna &amp; N\u00e1\u0159ad\u00ed &amp; Osv\u011btlen\u00ed a Stavebn\u00ed pot\u0159by\",\"url\":\"https:\/\/www.domkraftpro.com\/\",\"logo\":{\"@type\":\"ImageObject\",\"inLanguage\":\"cs\",\"@id\":\"https:\/\/www.domkraftpro.com\/#\/schema\/logo\/image\/\",\"url\":\"https:\/\/www.domkraftpro.com\/wp-content\/uploads\/2026\/04\/domkraftpro_logo.svg\",\"contentUrl\":\"https:\/\/www.domkraftpro.com\/wp-content\/uploads\/2026\/04\/domkraftpro_logo.svg\",\"width\":760,\"height\":180,\"caption\":\"Koupelna &amp; N\u00e1\u0159ad\u00ed &amp; Osv\u011btlen\u00ed a Stavebn\u00ed pot\u0159by\"},\"image\":{\"@id\":\"https:\/\/www.domkraftpro.com\/#\/schema\/logo\/image\/\"}}]}<\/script>\n<!-- \/ Yoast SEO plugin. -->","yoast_head_json":{"title":"Akce Roltechnik - Roth Sprchov\u00e9 dve\u0159e jednok\u0159\u00eddl\u00e9 100cm TCN1\/1000 Tower Line St\u0159\u00edbro sklo Intimglass - Koupelna &amp; N\u00e1\u0159ad\u00ed &amp; Osv\u011btlen\u00ed a Stavebn\u00ed pot\u0159by","robots":{"index":"index","follow":"follow","max-snippet":"max-snippet:-1","max-image-preview":"max-image-preview:large","max-video-preview":"max-video-preview:-1"},"canonical":"https:\/\/www.domkraftpro.com\/index.php\/produkt\/akce-roltechnik-roth-sprchove-dvere-jednokridle-100cm-tcn1-1000-tower-line-stribro-sklo-intimglass-55779\/","og_locale":"cs_CZ","og_type":"article","og_title":"Akce Roltechnik - Roth Sprchov\u00e9 dve\u0159e jednok\u0159\u00eddl\u00e9 100cm TCN1\/1000 Tower Line St\u0159\u00edbro sklo Intimglass - Koupelna &amp; N\u00e1\u0159ad\u00ed &amp; Osv\u011btlen\u00ed a Stavebn\u00ed pot\u0159by","og_description":"Popis produktu Roltechnik &#8211; Roth Sprchov\u00e9 dve\u0159e jednok\u0159\u00eddl\u00e9 100cm TCN1\/1000 Tower Line St\u0159\u00edbro sklo Intimglass Sprchov\u00e9 dve\u0159e jednok\u0159\u00eddl\u00e9 TCN1 s mo\u017enost\u00ed instalace bo\u010dn\u00ed st\u011bny TCB Jednok\u0159\u00eddl\u00e9 oto\u010dn\u00e9 dve\u0159e do niky, nebo s bo\u010dn\u00ed st\u011bnou v\u00e1s nadchnou sv\u00fdm precizn\u00edm zpracov\u00e1n\u00edm, \u010dist\u00fdm designem a&nbsp;komfortem, kter\u00fd poskytuj\u00ed sv\u00e9mu u\u017eivateli. K&nbsp;v\u00fdrob\u011b t\u011bchto sprchov\u00fdch dve\u0159\u00ed jsme pou\u017eili nejmodern\u011bj\u0161\u00ed technologie, kter\u00e9 [&hellip;]","og_url":"https:\/\/www.domkraftpro.com\/index.php\/produkt\/akce-roltechnik-roth-sprchove-dvere-jednokridle-100cm-tcn1-1000-tower-line-stribro-sklo-intimglass-55779\/","og_site_name":"Koupelna &amp; N\u00e1\u0159ad\u00ed &amp; Osv\u011btlen\u00ed a Stavebn\u00ed pot\u0159by","og_image":[{"width":410,"height":600,"url":"https:\/\/www.domkraftpro.com\/wp-content\/uploads\/2026\/SK0009874-CZ20260425-092632-0-1777080397-roltechnik-roth-sprchove-dvere-jednokridle-100cm-tcn1-1000-.webp","type":"image\/webp"}],"twitter_card":"summary_large_image","twitter_misc":{"Odhadovan\u00e1 doba \u010dten\u00ed":"4 minuty"},"schema":{"@context":"https:\/\/schema.org","@graph":[{"@type":"WebPage","@id":"https:\/\/www.domkraftpro.com\/index.php\/produkt\/akce-roltechnik-roth-sprchove-dvere-jednokridle-100cm-tcn1-1000-tower-line-stribro-sklo-intimglass-55779\/","url":"https:\/\/www.domkraftpro.com\/index.php\/produkt\/akce-roltechnik-roth-sprchove-dvere-jednokridle-100cm-tcn1-1000-tower-line-stribro-sklo-intimglass-55779\/","name":"Akce Roltechnik - Roth Sprchov\u00e9 dve\u0159e jednok\u0159\u00eddl\u00e9 100cm TCN1\/1000 Tower Line St\u0159\u00edbro sklo Intimglass - Koupelna &amp; N\u00e1\u0159ad\u00ed &amp; Osv\u011btlen\u00ed a Stavebn\u00ed pot\u0159by","isPartOf":{"@id":"https:\/\/www.domkraftpro.com\/#website"},"primaryImageOfPage":{"@id":"https:\/\/www.domkraftpro.com\/index.php\/produkt\/akce-roltechnik-roth-sprchove-dvere-jednokridle-100cm-tcn1-1000-tower-line-stribro-sklo-intimglass-55779\/#primaryimage"},"image":{"@id":"https:\/\/www.domkraftpro.com\/index.php\/produkt\/akce-roltechnik-roth-sprchove-dvere-jednokridle-100cm-tcn1-1000-tower-line-stribro-sklo-intimglass-55779\/#primaryimage"},"thumbnailUrl":"https:\/\/www.domkraftpro.com\/wp-content\/uploads\/2026\/SK0009874-CZ20260425-092632-0-1777080397-roltechnik-roth-sprchove-dvere-jednokridle-100cm-tcn1-1000-.webp","datePublished":"2026-04-27T04:42:55+00:00","breadcrumb":{"@id":"https:\/\/www.domkraftpro.com\/index.php\/produkt\/akce-roltechnik-roth-sprchove-dvere-jednokridle-100cm-tcn1-1000-tower-line-stribro-sklo-intimglass-55779\/#breadcrumb"},"inLanguage":"cs","potentialAction":[{"@type":"ReadAction","target":["https:\/\/www.domkraftpro.com\/index.php\/produkt\/akce-roltechnik-roth-sprchove-dvere-jednokridle-100cm-tcn1-1000-tower-line-stribro-sklo-intimglass-55779\/"]}]},{"@type":"ImageObject","inLanguage":"cs","@id":"https:\/\/www.domkraftpro.com\/index.php\/produkt\/akce-roltechnik-roth-sprchove-dvere-jednokridle-100cm-tcn1-1000-tower-line-stribro-sklo-intimglass-55779\/#primaryimage","url":"https:\/\/www.domkraftpro.com\/wp-content\/uploads\/2026\/SK0009874-CZ20260425-092632-0-1777080397-roltechnik-roth-sprchove-dvere-jednokridle-100cm-tcn1-1000-.webp","contentUrl":"https:\/\/www.domkraftpro.com\/wp-content\/uploads\/2026\/SK0009874-CZ20260425-092632-0-1777080397-roltechnik-roth-sprchove-dvere-jednokridle-100cm-tcn1-1000-.webp","width":410,"height":600},{"@type":"BreadcrumbList","@id":"https:\/\/www.domkraftpro.com\/index.php\/produkt\/akce-roltechnik-roth-sprchove-dvere-jednokridle-100cm-tcn1-1000-tower-line-stribro-sklo-intimglass-55779\/#breadcrumb","itemListElement":[{"@type":"ListItem","position":1,"name":"Home","item":"https:\/\/www.domkraftpro.com\/"},{"@type":"ListItem","position":2,"name":"Products","item":"https:\/\/www.domkraftpro.com\/products\/"},{"@type":"ListItem","position":3,"name":"Akce Roltechnik &#8211; Roth Sprchov\u00e9 dve\u0159e jednok\u0159\u00eddl\u00e9 100cm TCN1\/1000 Tower Line St\u0159\u00edbro sklo Intimglass"}]},{"@type":"WebSite","@id":"https:\/\/www.domkraftpro.com\/#website","url":"https:\/\/www.domkraftpro.com\/","name":"Koupelna &amp; N\u00e1\u0159ad\u00ed &amp; Osv\u011btlen\u00ed a Stavebn\u00ed pot\u0159by","description":"Koupelna &amp; N\u00e1\u0159ad\u00ed &amp; Osv\u011btlen\u00ed a Stavebn\u00ed pot\u0159by","publisher":{"@id":"https:\/\/www.domkraftpro.com\/#organization"},"potentialAction":[{"@type":"SearchAction","target":{"@type":"EntryPoint","urlTemplate":"https:\/\/www.domkraftpro.com\/?s={search_term_string}"},"query-input":{"@type":"PropertyValueSpecification","valueRequired":true,"valueName":"search_term_string"}}],"inLanguage":"cs"},{"@type":"Organization","@id":"https:\/\/www.domkraftpro.com\/#organization","name":"Koupelna &amp; N\u00e1\u0159ad\u00ed &amp; Osv\u011btlen\u00ed a Stavebn\u00ed pot\u0159by","url":"https:\/\/www.domkraftpro.com\/","logo":{"@type":"ImageObject","inLanguage":"cs","@id":"https:\/\/www.domkraftpro.com\/#\/schema\/logo\/image\/","url":"https:\/\/www.domkraftpro.com\/wp-content\/uploads\/2026\/04\/domkraftpro_logo.svg","contentUrl":"https:\/\/www.domkraftpro.com\/wp-content\/uploads\/2026\/04\/domkraftpro_logo.svg","width":760,"height":180,"caption":"Koupelna &amp; N\u00e1\u0159ad\u00ed &amp; Osv\u011btlen\u00ed a Stavebn\u00ed pot\u0159by"},"image":{"@id":"https:\/\/www.domkraftpro.com\/#\/schema\/logo\/image\/"}}]}},"_links":{"self":[{"href":"https:\/\/www.domkraftpro.com\/wp-json\/wp\/v2\/product\/55779","targetHints":{"allow":["GET"]}}],"collection":[{"href":"https:\/\/www.domkraftpro.com\/wp-json\/wp\/v2\/product"}],"about":[{"href":"https:\/\/www.domkraftpro.com\/wp-json\/wp\/v2\/types\/product"}],"wp:featuredmedia":[{"embeddable":true,"href":"https:\/\/www.domkraftpro.com\/wp-json\/wp\/v2\/media\/55879"}],"wp:attachment":[{"href":"https:\/\/www.domkraftpro.com\/wp-json\/wp\/v2\/media?parent=55779"}],"wp:term":[{"taxonomy":"product_brand","embeddable":true,"href":"https:\/\/www.domkraftpro.com\/wp-json\/wp\/v2\/product_brand?post=55779"},{"taxonomy":"product_cat","embeddable":true,"href":"https:\/\/www.domkraftpro.com\/wp-json\/wp\/v2\/product_cat?post=55779"},{"taxonomy":"product_tag","embeddable":true,"href":"https:\/\/www.domkraftpro.com\/wp-json\/wp\/v2\/product_tag?post=55779"}],"curies":[{"name":"wp","href":"https:\/\/api.w.org\/{rel}","templated":true}]}}