{"id":55720,"date":"2026-04-27T04:42:55","date_gmt":"2026-04-27T04:42:55","guid":{"rendered":""},"modified":"2026-04-27T04:42:55","modified_gmt":"2026-04-27T04:42:55","slug":"akce-ravak-sprchove-dvere-otocne-116-121cm-pivot-pdop2-120-ram-alubright-sklo-transparent-55720","status":"publish","type":"product","link":"https:\/\/www.domkraftpro.com\/index.php\/produkt\/akce-ravak-sprchove-dvere-otocne-116-121cm-pivot-pdop2-120-ram-alubright-sklo-transparent-55720\/","title":{"rendered":"Akce Ravak Sprchov\u00e9 dve\u0159e oto\u010dn\u00e9 116-121cm Pivot PDOP2-120 r\u00e1m Alubright sklo transparent"},"content":{"rendered":"<div class=\"ProductDetail-content NoFixImageContainer\" id=\"productDescription\">\n<div class=\"Heading\">\n<h2 class=\"Heading-title\">Popis produktu <span class=''>Ravak Sprchov\u00e9 dve\u0159e oto\u010dn\u00e9 116-121cm Pivot PDOP2-120 r\u00e1m Alubright sklo transparent<\/span><\/h2>\n<\/p><\/div>\n<div class=\"ProductDetailContent\">\n<p><span style=\"font-size:16px\">Nejkr\u00e1sn\u011bj\u0161\u00ed b\u00fdv\u00e1 to nejjednodu\u0161\u0161\u00ed, p\u0159\u00edkladem m\u016f\u017ee b\u00fdt sprchov\u00fd kout Pivot. Samoz\u0159ejm\u00e1 elegance \u010dist\u00fdch ploch skla je zde je\u0161t\u011b zv\u00fdrazn\u011bna dokonale jednoduch\u00fdm technick\u00fdm \u0159e\u0161en\u00edm, kter\u00e9 p\u0159etrv\u00e1 po generace.&nbsp;Minimum kovov\u00fdch profil\u016f a maximum \u010dist\u00e9ho bezpe\u010dnostn\u00edho skla o tlou\u0161\u0165ce 6 mm. To jsou v\u00fdrobky \u0159ady Pivot. Hod\u00ed se v\u0161ude tam, kde chcete nechat vyniknout obklad st\u011bn.<\/span><\/p>\n<h3><span style=\"font-size:16px\">Nezni\u010diteln\u00fd mechanismus otev\u00edr\u00e1n\u00ed<\/span><\/h3>\n<p><span style=\"font-size:16px\">Jednoduch\u00fd a nezni\u010diteln\u00fd syst\u00e9m otev\u00edr\u00e1n\u00ed dve\u0159\u00ed, kter\u00fd nevy\u017eaduje \u017e\u00e1dnou \u00fadr\u017ebu. Vlastn\u00ed pant je tvo\u0159en kvalitn\u00ed nerezovou ocel\u00ed zasazenou do t\u011bla pantu. Pivot neboli nerezov\u00fd \u010dep zapad\u00e1 zcela p\u0159esn\u011b do plastov\u00e9ho pouzdra, ve kter\u00e9m se ot\u00e1\u010d\u00ed. D\u00edky pevnostn\u00edm a kluzn\u00fdm vlastnostem materi\u00e1l\u016f nen\u00ed nutn\u00e9 mechanismus mazat a d\u00edky pou\u017eit\u00ed pouze dvou p\u0159esn\u00fdch komponent je zaru\u010dena jeho nezni\u010ditelnost.<\/span><\/p>\n<h3><span style=\"font-size:16px\">Technick\u00e9 parametry:<\/span><\/h3>\n<ul>\n<li><span style=\"font-size:16px\">rozm\u011br 120 x 190 cm<\/span><\/li>\n<li><span style=\"font-size:16px\">proveden\u00ed r\u00e1mu: Alubright lesk<\/span><\/li>\n<li><span style=\"font-size:16px\">proveden\u00ed \u010dep\u016f a madel: chrome<\/span><\/li>\n<li><span style=\"font-size:16px\">v\u00fdpl\u0148 z bezpe\u010dnostn\u00edho skla transparent (bez dekoru)<\/span><\/li>\n<li><span style=\"font-size:16px\">v\u00fd\u0161ka v\u00fdrobku je 1900 mm<\/span><\/li>\n<li><span style=\"font-size:16px\">instala\u010dn\u00ed rozm\u011bry: 1161 &#8211; 1211 x 1900<\/span><\/li>\n<li><span style=\"font-size:16px\">vstup 592 mm<\/span><\/li>\n<li><span style=\"font-size:16px\">Tlou\u0161\u0165ka pou\u017eit\u00fdch sklen\u011bn\u00fdch v\u00fdpln\u00ed 8,6 mm u sprchov\u00fdch kout\u016f a dve\u0159\u00ed.<\/span><\/li>\n<li><span style=\"font-size:16px\">RAVAK AntiCalc\u00ae vytv\u00e1\u0159\u00ed na skle neviditeln\u00fd \u0161t\u00edt odpuzuj\u00edc\u00ed vodu a chr\u00e1n\u00ed tak sklo p\u0159ed usazov\u00e1n\u00edm ne\u010distot, jako je nap\u0159. vodn\u00ed k\u00e1men.<\/span><\/li>\n<li><span style=\"font-size:16px\">Levou nebo pravou variantu z\u00edsk\u00e1te oto\u010den\u00edm o 180\u00b0.<\/span>&nbsp;<\/li>\n<\/ul>\n<p><span style=\"font-size:16px\"><strong>V\u00fdrobek se skl\u00e1d\u00e1 z jednoho rovn\u00e9ho pevn\u00e9ho d\u00edlu a jednoho rovn\u00e9ho oto\u010dn\u00e9ho d\u00edlu, kter\u00fd tvo\u0159\u00ed oto\u010dn\u00e9 dve\u0159e. Oto\u010den\u00edm v\u00fdrobku o 180\u00b0 z\u00edsk\u00e1te levou nebo pravou variantu otev\u00edr\u00e1n\u00ed dve\u0159\u00ed.<\/strong><\/span><\/p>\n<p><span style=\"font-size:16px\">Montuje se do oblo\u017een\u00e9ho rohu koupelny (ide\u00e1ln\u011b do vyzd\u011bn\u00e9 niky nebo v kombinaci s pevnou st\u011bnou PPS) na vani\u010dky RAVAK Perseus, Perseus Pro, Perseus Pro Flat, Perseus Pro Chrome, Gigant Pro, Gigant Pro Flat, Gigant Pro Chrome nebo p\u0159\u00edmo na podlahu se zabudovan\u00fdm odtokov\u00fdm \u017elabem. Kombinac\u00ed se dv\u011bma pevn\u00fdmi st\u011bnami typu PPS vytvo\u0159\u00edte sprchov\u00fd kout ve tvaru \u201eU\u201c. Pou\u017eit\u00edm nastavovac\u00edho profilu PNPS lze v\u00fdrobky roz\u0161\u00ed\u0159it o 20 mm, proto se dokonale p\u0159izp\u016fsob\u00ed stavebn\u00edm nerovnostem a\u017e o 4 cm na ka\u017ed\u00e9 stran\u011b. V\u00fdrobek s ozna\u010den\u00edm b\u00edl\u00e1\/b\u00edl\u00e1 m\u00e1 r\u00e1m i \u010depy a madla v proveden\u00ed b\u00edl\u00e9 barvy, v ostatn\u00edch ozna\u010den\u00edch jsou sou\u010d\u00e1st\u00ed v\u00fdrobku \u010depy a madla v proveden\u00ed satin. Sprchov\u00e9 dve\u0159e um\u00edme \u0159e\u0161it i na m\u00edru.<\/span><\/p>\n<p><span style=\"font-size:16px\"><strong>R\u00e1m satin<\/strong><\/span><\/p>\n<\/p><\/div>\n<div class=\"ProductDetailContent\">\n<div class=\"ProductDetailContent-item\">\n<div style=\"background-color:#f9f9f9; border-left:5px solid #4caf50; border-radius:8px; box-shadow:0 4px 12px rgba(0,0,0,0.1); font-family:Arial,sans-serif; margin-bottom:20px; padding:25px 20px 20px 20px; position:relative\"><!-- Ikona info v lev\u00e9m horn\u00edm rohu --><\/p>\n<div style=\"align-items:center; background-color:#4caf50; border-radius:50%; color:#ffffff; display:flex; font-size:18px; font-weight:bold; height:30px; justify-content:center; left:-10px; position:absolute; top:-10px; width:30px\">i<\/div>\n<h3 style=\"margin-left:15px\">\u2705 Nab\u00edz\u00edme profesion\u00e1ln\u00ed mont\u00e1\u017e sprchov\u00fdch dve\u0159\u00ed \u2013 precizn\u011b a bez starost\u00ed<\/h3>\n<p>Kvalitn\u00ed mont\u00e1\u017e <strong>sprchov\u00fdch dve\u0159\u00ed<\/strong> je kl\u00ed\u010dov\u00e1 pro jejich bezprobl\u00e9mov\u00e9 fungov\u00e1n\u00ed, dlouhou \u017eivotnost a maxim\u00e1ln\u00ed t\u011bsnost. A\u0165 u\u017e se jedn\u00e1 o <strong>posuvn\u00e9<\/strong>, <strong>k\u0159\u00eddlov\u00e9<\/strong>, <strong>oto\u010dn\u00e9<\/strong> nebo <strong>skl\u00e1dac\u00ed &#8211; zalamovac\u00ed<\/strong> dve\u0159e, spr\u00e1vn\u00e9 usazen\u00ed a ut\u011bsn\u011bn\u00ed jsou nezbytn\u00e9 pro komfortn\u00ed a bezpe\u010dn\u00e9 sprchov\u00e1n\u00ed.<\/p>\n<p><strong>Nab\u00edz\u00edme odbornou mont\u00e1\u017e sprchov\u00fdch dve\u0159\u00ed v\u0161ech typ\u016f i zna\u010dek<\/strong>. Provedeme p\u0159esn\u00e9 zam\u011b\u0159en\u00ed, p\u0159\u00edpravu podkladu a profesion\u00e1ln\u00ed instalaci na <strong>sprchovou vani\u010dku<\/strong> \u010di podlahu se <strong>sprchov\u00fdm \u017elabem<\/strong>. Samoz\u0159ejmost\u00ed je d\u016fsledn\u00e1 kontrola funk\u010dnosti a \u010dist\u00fd v\u00fdstup po dokon\u010den\u00ed prac\u00ed.<\/p>\n<p><strong>Mont\u00e1\u017e sprchov\u00fdch dve\u0159\u00ed p\u0159enechte odborn\u00edk\u016fm<\/strong>, vyhnete se tak zbyte\u010dn\u00fdm komplikac\u00edm a zajist\u00edte si precizn\u00ed v\u00fdsledek. Pracujeme rychle, spolehliv\u011b a db\u00e1me na ka\u017ed\u00fd detail. Kontaktujte n\u00e1s a sd\u011blte n\u00e1m sv\u00e9 po\u017eadavky, r\u00e1di v\u00e1m pom\u016f\u017eeme.<\/p>\n<p><strong>Mont\u00e1\u017e sprchov\u00fdch dve\u0159\u00ed<\/strong> nab\u00edz\u00edme pouze pro <strong>N\u00e1chodsko<\/strong> a <strong>Trutnovsko<\/strong>.<\/p>\n<\/div><\/div>\n<\/p><\/div>\n<\/p><\/div>\n<\/p><\/div>\n<\/p><\/div>\n","protected":false},"excerpt":{"rendered":"<p>Popis produktu Ravak Sprchov\u00e9 dve\u0159e oto\u010dn\u00e9 116-121cm Pivot PDOP2-120 r\u00e1m Alubright sklo transparent Nejkr\u00e1sn\u011bj\u0161\u00ed b\u00fdv\u00e1 to nejjednodu\u0161\u0161\u00ed, p\u0159\u00edkladem m\u016f\u017ee b\u00fdt sprchov\u00fd kout Pivot. Samoz\u0159ejm\u00e1 elegance \u010dist\u00fdch ploch skla je zde je\u0161t\u011b zv\u00fdrazn\u011bna dokonale jednoduch\u00fdm technick\u00fdm \u0159e\u0161en\u00edm, kter\u00e9 p\u0159etrv\u00e1 po generace.&nbsp;Minimum kovov\u00fdch profil\u016f a maximum \u010dist\u00e9ho bezpe\u010dnostn\u00edho skla o tlou\u0161\u0165ce 6 mm. To jsou v\u00fdrobky \u0159ady [&hellip;]<\/p>\n","protected":false},"featured_media":55820,"comment_status":"open","ping_status":"open","template":"","meta":[],"product_brand":[],"product_cat":[90],"product_tag":[],"class_list":{"0":"post-55720","1":"product","2":"type-product","3":"status-publish","4":"has-post-thumbnail","6":"product_cat-koupelny","8":"first","9":"instock","10":"sale","11":"shipping-taxable","12":"purchasable","13":"product-type-simple"},"yoast_head":"<!-- This site is optimized with the Yoast SEO plugin v26.8 - https:\/\/yoast.com\/product\/yoast-seo-wordpress\/ -->\n<title>Akce Ravak Sprchov\u00e9 dve\u0159e oto\u010dn\u00e9 116-121cm Pivot PDOP2-120 r\u00e1m Alubright sklo transparent -<\/title>\n<meta name=\"robots\" content=\"index, follow, max-snippet:-1, max-image-preview:large, max-video-preview:-1\" \/>\n<link rel=\"canonical\" href=\"https:\/\/www.domkraftpro.com\/index.php\/produkt\/akce-ravak-sprchove-dvere-otocne-116-121cm-pivot-pdop2-120-ram-alubright-sklo-transparent-55720\/\" \/>\n<meta property=\"og:locale\" content=\"cs_CZ\" \/>\n<meta property=\"og:type\" content=\"article\" \/>\n<meta property=\"og:title\" content=\"Akce Ravak Sprchov\u00e9 dve\u0159e oto\u010dn\u00e9 116-121cm Pivot PDOP2-120 r\u00e1m Alubright sklo transparent -\" \/>\n<meta property=\"og:description\" content=\"Popis produktu Ravak Sprchov\u00e9 dve\u0159e oto\u010dn\u00e9 116-121cm Pivot PDOP2-120 r\u00e1m Alubright sklo transparent Nejkr\u00e1sn\u011bj\u0161\u00ed b\u00fdv\u00e1 to nejjednodu\u0161\u0161\u00ed, p\u0159\u00edkladem m\u016f\u017ee b\u00fdt sprchov\u00fd kout Pivot. Samoz\u0159ejm\u00e1 elegance \u010dist\u00fdch ploch skla je zde je\u0161t\u011b zv\u00fdrazn\u011bna dokonale jednoduch\u00fdm technick\u00fdm \u0159e\u0161en\u00edm, kter\u00e9 p\u0159etrv\u00e1 po generace.&nbsp;Minimum kovov\u00fdch profil\u016f a maximum \u010dist\u00e9ho bezpe\u010dnostn\u00edho skla o tlou\u0161\u0165ce 6 mm. To jsou v\u00fdrobky \u0159ady [&hellip;]\" \/>\n<meta property=\"og:url\" content=\"https:\/\/www.domkraftpro.com\/index.php\/produkt\/akce-ravak-sprchove-dvere-otocne-116-121cm-pivot-pdop2-120-ram-alubright-sklo-transparent-55720\/\" \/>\n<meta property=\"og:image\" content=\"https:\/\/www.domkraftpro.com\/wp-content\/uploads\/2026\/SK0009810-CZ20260425-092632-0-1777080397-ravak-sprchove-dvere-otocne-116-121cm-pivot-pdop2-120-ram-a.webp\" \/>\n\t<meta property=\"og:image:width\" content=\"600\" \/>\n\t<meta property=\"og:image:height\" content=\"500\" \/>\n\t<meta property=\"og:image:type\" content=\"image\/webp\" \/>\n<meta name=\"twitter:card\" content=\"summary_large_image\" \/>\n<meta name=\"twitter:label1\" content=\"Odhadovan\u00e1 doba \u010dten\u00ed\" \/>\n\t<meta name=\"twitter:data1\" content=\"3 minuty\" \/>\n<script type=\"application\/ld+json\" class=\"yoast-schema-graph\">{\"@context\":\"https:\/\/schema.org\",\"@graph\":[{\"@type\":\"WebPage\",\"@id\":\"https:\/\/www.domkraftpro.com\/index.php\/produkt\/akce-ravak-sprchove-dvere-otocne-116-121cm-pivot-pdop2-120-ram-alubright-sklo-transparent-55720\/\",\"url\":\"https:\/\/www.domkraftpro.com\/index.php\/produkt\/akce-ravak-sprchove-dvere-otocne-116-121cm-pivot-pdop2-120-ram-alubright-sklo-transparent-55720\/\",\"name\":\"Akce Ravak Sprchov\u00e9 dve\u0159e oto\u010dn\u00e9 116-121cm Pivot PDOP2-120 r\u00e1m Alubright sklo transparent -\",\"isPartOf\":{\"@id\":\"https:\/\/www.domkraftpro.com\/#website\"},\"primaryImageOfPage\":{\"@id\":\"https:\/\/www.domkraftpro.com\/index.php\/produkt\/akce-ravak-sprchove-dvere-otocne-116-121cm-pivot-pdop2-120-ram-alubright-sklo-transparent-55720\/#primaryimage\"},\"image\":{\"@id\":\"https:\/\/www.domkraftpro.com\/index.php\/produkt\/akce-ravak-sprchove-dvere-otocne-116-121cm-pivot-pdop2-120-ram-alubright-sklo-transparent-55720\/#primaryimage\"},\"thumbnailUrl\":\"https:\/\/www.domkraftpro.com\/wp-content\/uploads\/2026\/SK0009810-CZ20260425-092632-0-1777080397-ravak-sprchove-dvere-otocne-116-121cm-pivot-pdop2-120-ram-a.webp\",\"datePublished\":\"2026-04-27T04:42:55+00:00\",\"breadcrumb\":{\"@id\":\"https:\/\/www.domkraftpro.com\/index.php\/produkt\/akce-ravak-sprchove-dvere-otocne-116-121cm-pivot-pdop2-120-ram-alubright-sklo-transparent-55720\/#breadcrumb\"},\"inLanguage\":\"cs\",\"potentialAction\":[{\"@type\":\"ReadAction\",\"target\":[\"https:\/\/www.domkraftpro.com\/index.php\/produkt\/akce-ravak-sprchove-dvere-otocne-116-121cm-pivot-pdop2-120-ram-alubright-sklo-transparent-55720\/\"]}]},{\"@type\":\"ImageObject\",\"inLanguage\":\"cs\",\"@id\":\"https:\/\/www.domkraftpro.com\/index.php\/produkt\/akce-ravak-sprchove-dvere-otocne-116-121cm-pivot-pdop2-120-ram-alubright-sklo-transparent-55720\/#primaryimage\",\"url\":\"https:\/\/www.domkraftpro.com\/wp-content\/uploads\/2026\/SK0009810-CZ20260425-092632-0-1777080397-ravak-sprchove-dvere-otocne-116-121cm-pivot-pdop2-120-ram-a.webp\",\"contentUrl\":\"https:\/\/www.domkraftpro.com\/wp-content\/uploads\/2026\/SK0009810-CZ20260425-092632-0-1777080397-ravak-sprchove-dvere-otocne-116-121cm-pivot-pdop2-120-ram-a.webp\",\"width\":600,\"height\":500},{\"@type\":\"BreadcrumbList\",\"@id\":\"https:\/\/www.domkraftpro.com\/index.php\/produkt\/akce-ravak-sprchove-dvere-otocne-116-121cm-pivot-pdop2-120-ram-alubright-sklo-transparent-55720\/#breadcrumb\",\"itemListElement\":[{\"@type\":\"ListItem\",\"position\":1,\"name\":\"Home\",\"item\":\"https:\/\/www.domkraftpro.com\/\"},{\"@type\":\"ListItem\",\"position\":2,\"name\":\"Products\",\"item\":\"https:\/\/www.domkraftpro.com\/index.php\/products\/\"},{\"@type\":\"ListItem\",\"position\":3,\"name\":\"Akce Ravak Sprchov\u00e9 dve\u0159e oto\u010dn\u00e9 116-121cm Pivot PDOP2-120 r\u00e1m Alubright sklo transparent\"}]},{\"@type\":\"WebSite\",\"@id\":\"https:\/\/www.domkraftpro.com\/#website\",\"url\":\"https:\/\/www.domkraftpro.com\/\",\"name\":\"\",\"description\":\"\",\"potentialAction\":[{\"@type\":\"SearchAction\",\"target\":{\"@type\":\"EntryPoint\",\"urlTemplate\":\"https:\/\/www.domkraftpro.com\/?s={search_term_string}\"},\"query-input\":{\"@type\":\"PropertyValueSpecification\",\"valueRequired\":true,\"valueName\":\"search_term_string\"}}],\"inLanguage\":\"cs\"}]}<\/script>\n<!-- \/ Yoast SEO plugin. -->","yoast_head_json":{"title":"Akce Ravak Sprchov\u00e9 dve\u0159e oto\u010dn\u00e9 116-121cm Pivot PDOP2-120 r\u00e1m Alubright sklo transparent -","robots":{"index":"index","follow":"follow","max-snippet":"max-snippet:-1","max-image-preview":"max-image-preview:large","max-video-preview":"max-video-preview:-1"},"canonical":"https:\/\/www.domkraftpro.com\/index.php\/produkt\/akce-ravak-sprchove-dvere-otocne-116-121cm-pivot-pdop2-120-ram-alubright-sklo-transparent-55720\/","og_locale":"cs_CZ","og_type":"article","og_title":"Akce Ravak Sprchov\u00e9 dve\u0159e oto\u010dn\u00e9 116-121cm Pivot PDOP2-120 r\u00e1m Alubright sklo transparent -","og_description":"Popis produktu Ravak Sprchov\u00e9 dve\u0159e oto\u010dn\u00e9 116-121cm Pivot PDOP2-120 r\u00e1m Alubright sklo transparent Nejkr\u00e1sn\u011bj\u0161\u00ed b\u00fdv\u00e1 to nejjednodu\u0161\u0161\u00ed, p\u0159\u00edkladem m\u016f\u017ee b\u00fdt sprchov\u00fd kout Pivot. Samoz\u0159ejm\u00e1 elegance \u010dist\u00fdch ploch skla je zde je\u0161t\u011b zv\u00fdrazn\u011bna dokonale jednoduch\u00fdm technick\u00fdm \u0159e\u0161en\u00edm, kter\u00e9 p\u0159etrv\u00e1 po generace.&nbsp;Minimum kovov\u00fdch profil\u016f a maximum \u010dist\u00e9ho bezpe\u010dnostn\u00edho skla o tlou\u0161\u0165ce 6 mm. To jsou v\u00fdrobky \u0159ady [&hellip;]","og_url":"https:\/\/www.domkraftpro.com\/index.php\/produkt\/akce-ravak-sprchove-dvere-otocne-116-121cm-pivot-pdop2-120-ram-alubright-sklo-transparent-55720\/","og_image":[{"width":600,"height":500,"url":"https:\/\/www.domkraftpro.com\/wp-content\/uploads\/2026\/SK0009810-CZ20260425-092632-0-1777080397-ravak-sprchove-dvere-otocne-116-121cm-pivot-pdop2-120-ram-a.webp","type":"image\/webp"}],"twitter_card":"summary_large_image","twitter_misc":{"Odhadovan\u00e1 doba \u010dten\u00ed":"3 minuty"},"schema":{"@context":"https:\/\/schema.org","@graph":[{"@type":"WebPage","@id":"https:\/\/www.domkraftpro.com\/index.php\/produkt\/akce-ravak-sprchove-dvere-otocne-116-121cm-pivot-pdop2-120-ram-alubright-sklo-transparent-55720\/","url":"https:\/\/www.domkraftpro.com\/index.php\/produkt\/akce-ravak-sprchove-dvere-otocne-116-121cm-pivot-pdop2-120-ram-alubright-sklo-transparent-55720\/","name":"Akce Ravak Sprchov\u00e9 dve\u0159e oto\u010dn\u00e9 116-121cm Pivot PDOP2-120 r\u00e1m Alubright sklo transparent -","isPartOf":{"@id":"https:\/\/www.domkraftpro.com\/#website"},"primaryImageOfPage":{"@id":"https:\/\/www.domkraftpro.com\/index.php\/produkt\/akce-ravak-sprchove-dvere-otocne-116-121cm-pivot-pdop2-120-ram-alubright-sklo-transparent-55720\/#primaryimage"},"image":{"@id":"https:\/\/www.domkraftpro.com\/index.php\/produkt\/akce-ravak-sprchove-dvere-otocne-116-121cm-pivot-pdop2-120-ram-alubright-sklo-transparent-55720\/#primaryimage"},"thumbnailUrl":"https:\/\/www.domkraftpro.com\/wp-content\/uploads\/2026\/SK0009810-CZ20260425-092632-0-1777080397-ravak-sprchove-dvere-otocne-116-121cm-pivot-pdop2-120-ram-a.webp","datePublished":"2026-04-27T04:42:55+00:00","breadcrumb":{"@id":"https:\/\/www.domkraftpro.com\/index.php\/produkt\/akce-ravak-sprchove-dvere-otocne-116-121cm-pivot-pdop2-120-ram-alubright-sklo-transparent-55720\/#breadcrumb"},"inLanguage":"cs","potentialAction":[{"@type":"ReadAction","target":["https:\/\/www.domkraftpro.com\/index.php\/produkt\/akce-ravak-sprchove-dvere-otocne-116-121cm-pivot-pdop2-120-ram-alubright-sklo-transparent-55720\/"]}]},{"@type":"ImageObject","inLanguage":"cs","@id":"https:\/\/www.domkraftpro.com\/index.php\/produkt\/akce-ravak-sprchove-dvere-otocne-116-121cm-pivot-pdop2-120-ram-alubright-sklo-transparent-55720\/#primaryimage","url":"https:\/\/www.domkraftpro.com\/wp-content\/uploads\/2026\/SK0009810-CZ20260425-092632-0-1777080397-ravak-sprchove-dvere-otocne-116-121cm-pivot-pdop2-120-ram-a.webp","contentUrl":"https:\/\/www.domkraftpro.com\/wp-content\/uploads\/2026\/SK0009810-CZ20260425-092632-0-1777080397-ravak-sprchove-dvere-otocne-116-121cm-pivot-pdop2-120-ram-a.webp","width":600,"height":500},{"@type":"BreadcrumbList","@id":"https:\/\/www.domkraftpro.com\/index.php\/produkt\/akce-ravak-sprchove-dvere-otocne-116-121cm-pivot-pdop2-120-ram-alubright-sklo-transparent-55720\/#breadcrumb","itemListElement":[{"@type":"ListItem","position":1,"name":"Home","item":"https:\/\/www.domkraftpro.com\/"},{"@type":"ListItem","position":2,"name":"Products","item":"https:\/\/www.domkraftpro.com\/index.php\/products\/"},{"@type":"ListItem","position":3,"name":"Akce Ravak Sprchov\u00e9 dve\u0159e oto\u010dn\u00e9 116-121cm Pivot PDOP2-120 r\u00e1m Alubright sklo transparent"}]},{"@type":"WebSite","@id":"https:\/\/www.domkraftpro.com\/#website","url":"https:\/\/www.domkraftpro.com\/","name":"","description":"","potentialAction":[{"@type":"SearchAction","target":{"@type":"EntryPoint","urlTemplate":"https:\/\/www.domkraftpro.com\/?s={search_term_string}"},"query-input":{"@type":"PropertyValueSpecification","valueRequired":true,"valueName":"search_term_string"}}],"inLanguage":"cs"}]}},"_links":{"self":[{"href":"https:\/\/www.domkraftpro.com\/index.php\/wp-json\/wp\/v2\/product\/55720","targetHints":{"allow":["GET"]}}],"collection":[{"href":"https:\/\/www.domkraftpro.com\/index.php\/wp-json\/wp\/v2\/product"}],"about":[{"href":"https:\/\/www.domkraftpro.com\/index.php\/wp-json\/wp\/v2\/types\/product"}],"replies":[{"embeddable":true,"href":"https:\/\/www.domkraftpro.com\/index.php\/wp-json\/wp\/v2\/comments?post=55720"}],"wp:featuredmedia":[{"embeddable":true,"href":"https:\/\/www.domkraftpro.com\/index.php\/wp-json\/wp\/v2\/media\/55820"}],"wp:attachment":[{"href":"https:\/\/www.domkraftpro.com\/index.php\/wp-json\/wp\/v2\/media?parent=55720"}],"wp:term":[{"taxonomy":"product_brand","embeddable":true,"href":"https:\/\/www.domkraftpro.com\/index.php\/wp-json\/wp\/v2\/product_brand?post=55720"},{"taxonomy":"product_cat","embeddable":true,"href":"https:\/\/www.domkraftpro.com\/index.php\/wp-json\/wp\/v2\/product_cat?post=55720"},{"taxonomy":"product_tag","embeddable":true,"href":"https:\/\/www.domkraftpro.com\/index.php\/wp-json\/wp\/v2\/product_tag?post=55720"}],"curies":[{"name":"wp","href":"https:\/\/api.w.org\/{rel}","templated":true}]}}