{"id":55495,"date":"2026-04-27T04:42:54","date_gmt":"2026-04-27T04:42:54","guid":{"rendered":""},"modified":"2026-04-27T04:42:54","modified_gmt":"2026-04-27T04:42:54","slug":"akce-giacomini-w983-5-otocny-klip-pro-montaz-potrubi-na-kari-site-pro-trubky-o-prumeru-16-az-20-mm-55495","status":"publish","type":"product","link":"https:\/\/www.domkraftpro.com\/index.php\/produkt\/akce-giacomini-w983-5-otocny-klip-pro-montaz-potrubi-na-kari-site-pro-trubky-o-prumeru-16-az-20-mm-55495\/","title":{"rendered":"Akce Giacomini W983-5 Oto\u010dn\u00fd klip pro mont\u00e1\u017e potrub\u00ed na kari s\u00edt\u011b, pro trubky o pr\u016fm\u011bru 16 a\u017e 20 mm"},"content":{"rendered":"<div class=\"ProductDetail-content NoFixImageContainer\" id=\"productDescription\">\n<div class=\"Heading\">\n<h2 class=\"Heading-title\">Popis produktu <span class=''>Giacomini W983-5 Oto\u010dn\u00fd klip pro mont\u00e1\u017e potrub\u00ed na kari s\u00edt\u011b, pro trubky o pr\u016fm\u011bru 16 a\u017e 20 mm<\/span><\/h2>\n<\/p><\/div>\n<div class=\"ProductDetailContent\">\n<p><span style=\"font-size:16px\">Oto\u010dn\u00fd klip pro mont\u00e1\u017e trubek na kari s\u00edt\u011b, pro trubky o pr\u016fm\u011bru 16 a\u017e 20 mm.<\/span><\/p>\n<p><span style=\"font-size:16px\">Objednat lze pouze n\u00e1sobky 8 v ko\u0161\u00edku se automaticky p\u0159epo\u010d\u00edt\u00e1 1ks=8ks.<\/span><\/p>\n<\/p><\/div>\n<div class=\"ProductDetailContent\">                                                                    <\/div>\n<\/p><\/div>\n<\/p><\/div>\n<\/p><\/div>\n","protected":false},"excerpt":{"rendered":"<p>Popis produktu Giacomini W983-5 Oto\u010dn\u00fd klip pro mont\u00e1\u017e potrub\u00ed na kari s\u00edt\u011b, pro trubky o pr\u016fm\u011bru 16 a\u017e 20 mm Oto\u010dn\u00fd klip pro mont\u00e1\u017e trubek na kari s\u00edt\u011b, pro trubky o pr\u016fm\u011bru 16 a\u017e 20 mm. Objednat lze pouze n\u00e1sobky 8 v ko\u0161\u00edku se automaticky p\u0159epo\u010d\u00edt\u00e1 1ks=8ks.<\/p>\n","protected":false},"featured_media":55595,"comment_status":"open","ping_status":"open","template":"","meta":[],"product_brand":[],"product_cat":[91],"product_tag":[],"class_list":{"0":"post-55495","1":"product","2":"type-product","3":"status-publish","4":"has-post-thumbnail","6":"product_cat-topeni","8":"first","9":"instock","10":"sale","11":"shipping-taxable","12":"purchasable","13":"product-type-simple"},"yoast_head":"<!-- This site is optimized with the Yoast SEO plugin v26.8 - https:\/\/yoast.com\/product\/yoast-seo-wordpress\/ -->\n<title>Akce Giacomini W983-5 Oto\u010dn\u00fd klip pro mont\u00e1\u017e potrub\u00ed na kari s\u00edt\u011b, pro trubky o pr\u016fm\u011bru 16 a\u017e 20 mm -<\/title>\n<meta name=\"robots\" content=\"index, follow, max-snippet:-1, max-image-preview:large, max-video-preview:-1\" \/>\n<link rel=\"canonical\" href=\"https:\/\/www.domkraftpro.com\/index.php\/produkt\/akce-giacomini-w983-5-otocny-klip-pro-montaz-potrubi-na-kari-site-pro-trubky-o-prumeru-16-az-20-mm-55495\/\" \/>\n<meta property=\"og:locale\" content=\"cs_CZ\" \/>\n<meta property=\"og:type\" content=\"article\" \/>\n<meta property=\"og:title\" content=\"Akce Giacomini W983-5 Oto\u010dn\u00fd klip pro mont\u00e1\u017e potrub\u00ed na kari s\u00edt\u011b, pro trubky o pr\u016fm\u011bru 16 a\u017e 20 mm -\" \/>\n<meta property=\"og:description\" content=\"Popis produktu Giacomini W983-5 Oto\u010dn\u00fd klip pro mont\u00e1\u017e potrub\u00ed na kari s\u00edt\u011b, pro trubky o pr\u016fm\u011bru 16 a\u017e 20 mm Oto\u010dn\u00fd klip pro mont\u00e1\u017e trubek na kari s\u00edt\u011b, pro trubky o pr\u016fm\u011bru 16 a\u017e 20 mm. Objednat lze pouze n\u00e1sobky 8 v ko\u0161\u00edku se automaticky p\u0159epo\u010d\u00edt\u00e1 1ks=8ks.\" \/>\n<meta property=\"og:url\" content=\"https:\/\/www.domkraftpro.com\/index.php\/produkt\/akce-giacomini-w983-5-otocny-klip-pro-montaz-potrubi-na-kari-site-pro-trubky-o-prumeru-16-az-20-mm-55495\/\" \/>\n<meta property=\"og:image\" content=\"https:\/\/www.domkraftpro.com\/wp-content\/uploads\/2026\/SK0009669-CZ20260425-092632-0-1777080397-giacomini-w983-5-otocny-klip-pro-montaz-potrubi-na-kari-sit.webp\" \/>\n\t<meta property=\"og:image:width\" content=\"600\" \/>\n\t<meta property=\"og:image:height\" content=\"600\" \/>\n\t<meta property=\"og:image:type\" content=\"image\/webp\" \/>\n<meta name=\"twitter:card\" content=\"summary_large_image\" \/>\n<script type=\"application\/ld+json\" class=\"yoast-schema-graph\">{\"@context\":\"https:\/\/schema.org\",\"@graph\":[{\"@type\":\"WebPage\",\"@id\":\"https:\/\/www.domkraftpro.com\/index.php\/produkt\/akce-giacomini-w983-5-otocny-klip-pro-montaz-potrubi-na-kari-site-pro-trubky-o-prumeru-16-az-20-mm-55495\/\",\"url\":\"https:\/\/www.domkraftpro.com\/index.php\/produkt\/akce-giacomini-w983-5-otocny-klip-pro-montaz-potrubi-na-kari-site-pro-trubky-o-prumeru-16-az-20-mm-55495\/\",\"name\":\"Akce Giacomini W983-5 Oto\u010dn\u00fd klip pro mont\u00e1\u017e potrub\u00ed na kari s\u00edt\u011b, pro trubky o pr\u016fm\u011bru 16 a\u017e 20 mm -\",\"isPartOf\":{\"@id\":\"https:\/\/www.domkraftpro.com\/#website\"},\"primaryImageOfPage\":{\"@id\":\"https:\/\/www.domkraftpro.com\/index.php\/produkt\/akce-giacomini-w983-5-otocny-klip-pro-montaz-potrubi-na-kari-site-pro-trubky-o-prumeru-16-az-20-mm-55495\/#primaryimage\"},\"image\":{\"@id\":\"https:\/\/www.domkraftpro.com\/index.php\/produkt\/akce-giacomini-w983-5-otocny-klip-pro-montaz-potrubi-na-kari-site-pro-trubky-o-prumeru-16-az-20-mm-55495\/#primaryimage\"},\"thumbnailUrl\":\"https:\/\/www.domkraftpro.com\/wp-content\/uploads\/2026\/SK0009669-CZ20260425-092632-0-1777080397-giacomini-w983-5-otocny-klip-pro-montaz-potrubi-na-kari-sit.webp\",\"datePublished\":\"2026-04-27T04:42:54+00:00\",\"breadcrumb\":{\"@id\":\"https:\/\/www.domkraftpro.com\/index.php\/produkt\/akce-giacomini-w983-5-otocny-klip-pro-montaz-potrubi-na-kari-site-pro-trubky-o-prumeru-16-az-20-mm-55495\/#breadcrumb\"},\"inLanguage\":\"cs\",\"potentialAction\":[{\"@type\":\"ReadAction\",\"target\":[\"https:\/\/www.domkraftpro.com\/index.php\/produkt\/akce-giacomini-w983-5-otocny-klip-pro-montaz-potrubi-na-kari-site-pro-trubky-o-prumeru-16-az-20-mm-55495\/\"]}]},{\"@type\":\"ImageObject\",\"inLanguage\":\"cs\",\"@id\":\"https:\/\/www.domkraftpro.com\/index.php\/produkt\/akce-giacomini-w983-5-otocny-klip-pro-montaz-potrubi-na-kari-site-pro-trubky-o-prumeru-16-az-20-mm-55495\/#primaryimage\",\"url\":\"https:\/\/www.domkraftpro.com\/wp-content\/uploads\/2026\/SK0009669-CZ20260425-092632-0-1777080397-giacomini-w983-5-otocny-klip-pro-montaz-potrubi-na-kari-sit.webp\",\"contentUrl\":\"https:\/\/www.domkraftpro.com\/wp-content\/uploads\/2026\/SK0009669-CZ20260425-092632-0-1777080397-giacomini-w983-5-otocny-klip-pro-montaz-potrubi-na-kari-sit.webp\",\"width\":600,\"height\":600},{\"@type\":\"BreadcrumbList\",\"@id\":\"https:\/\/www.domkraftpro.com\/index.php\/produkt\/akce-giacomini-w983-5-otocny-klip-pro-montaz-potrubi-na-kari-site-pro-trubky-o-prumeru-16-az-20-mm-55495\/#breadcrumb\",\"itemListElement\":[{\"@type\":\"ListItem\",\"position\":1,\"name\":\"Home\",\"item\":\"https:\/\/www.domkraftpro.com\/\"},{\"@type\":\"ListItem\",\"position\":2,\"name\":\"Products\",\"item\":\"https:\/\/www.domkraftpro.com\/index.php\/products\/\"},{\"@type\":\"ListItem\",\"position\":3,\"name\":\"Akce Giacomini W983-5 Oto\u010dn\u00fd klip pro mont\u00e1\u017e potrub\u00ed na kari s\u00edt\u011b, pro trubky o pr\u016fm\u011bru 16 a\u017e 20 mm\"}]},{\"@type\":\"WebSite\",\"@id\":\"https:\/\/www.domkraftpro.com\/#website\",\"url\":\"https:\/\/www.domkraftpro.com\/\",\"name\":\"\",\"description\":\"\",\"potentialAction\":[{\"@type\":\"SearchAction\",\"target\":{\"@type\":\"EntryPoint\",\"urlTemplate\":\"https:\/\/www.domkraftpro.com\/?s={search_term_string}\"},\"query-input\":{\"@type\":\"PropertyValueSpecification\",\"valueRequired\":true,\"valueName\":\"search_term_string\"}}],\"inLanguage\":\"cs\"}]}<\/script>\n<!-- \/ Yoast SEO plugin. -->","yoast_head_json":{"title":"Akce Giacomini W983-5 Oto\u010dn\u00fd klip pro mont\u00e1\u017e potrub\u00ed na kari s\u00edt\u011b, pro trubky o pr\u016fm\u011bru 16 a\u017e 20 mm -","robots":{"index":"index","follow":"follow","max-snippet":"max-snippet:-1","max-image-preview":"max-image-preview:large","max-video-preview":"max-video-preview:-1"},"canonical":"https:\/\/www.domkraftpro.com\/index.php\/produkt\/akce-giacomini-w983-5-otocny-klip-pro-montaz-potrubi-na-kari-site-pro-trubky-o-prumeru-16-az-20-mm-55495\/","og_locale":"cs_CZ","og_type":"article","og_title":"Akce Giacomini W983-5 Oto\u010dn\u00fd klip pro mont\u00e1\u017e potrub\u00ed na kari s\u00edt\u011b, pro trubky o pr\u016fm\u011bru 16 a\u017e 20 mm -","og_description":"Popis produktu Giacomini W983-5 Oto\u010dn\u00fd klip pro mont\u00e1\u017e potrub\u00ed na kari s\u00edt\u011b, pro trubky o pr\u016fm\u011bru 16 a\u017e 20 mm Oto\u010dn\u00fd klip pro mont\u00e1\u017e trubek na kari s\u00edt\u011b, pro trubky o pr\u016fm\u011bru 16 a\u017e 20 mm. Objednat lze pouze n\u00e1sobky 8 v ko\u0161\u00edku se automaticky p\u0159epo\u010d\u00edt\u00e1 1ks=8ks.","og_url":"https:\/\/www.domkraftpro.com\/index.php\/produkt\/akce-giacomini-w983-5-otocny-klip-pro-montaz-potrubi-na-kari-site-pro-trubky-o-prumeru-16-az-20-mm-55495\/","og_image":[{"width":600,"height":600,"url":"https:\/\/www.domkraftpro.com\/wp-content\/uploads\/2026\/SK0009669-CZ20260425-092632-0-1777080397-giacomini-w983-5-otocny-klip-pro-montaz-potrubi-na-kari-sit.webp","type":"image\/webp"}],"twitter_card":"summary_large_image","schema":{"@context":"https:\/\/schema.org","@graph":[{"@type":"WebPage","@id":"https:\/\/www.domkraftpro.com\/index.php\/produkt\/akce-giacomini-w983-5-otocny-klip-pro-montaz-potrubi-na-kari-site-pro-trubky-o-prumeru-16-az-20-mm-55495\/","url":"https:\/\/www.domkraftpro.com\/index.php\/produkt\/akce-giacomini-w983-5-otocny-klip-pro-montaz-potrubi-na-kari-site-pro-trubky-o-prumeru-16-az-20-mm-55495\/","name":"Akce Giacomini W983-5 Oto\u010dn\u00fd klip pro mont\u00e1\u017e potrub\u00ed na kari s\u00edt\u011b, pro trubky o pr\u016fm\u011bru 16 a\u017e 20 mm -","isPartOf":{"@id":"https:\/\/www.domkraftpro.com\/#website"},"primaryImageOfPage":{"@id":"https:\/\/www.domkraftpro.com\/index.php\/produkt\/akce-giacomini-w983-5-otocny-klip-pro-montaz-potrubi-na-kari-site-pro-trubky-o-prumeru-16-az-20-mm-55495\/#primaryimage"},"image":{"@id":"https:\/\/www.domkraftpro.com\/index.php\/produkt\/akce-giacomini-w983-5-otocny-klip-pro-montaz-potrubi-na-kari-site-pro-trubky-o-prumeru-16-az-20-mm-55495\/#primaryimage"},"thumbnailUrl":"https:\/\/www.domkraftpro.com\/wp-content\/uploads\/2026\/SK0009669-CZ20260425-092632-0-1777080397-giacomini-w983-5-otocny-klip-pro-montaz-potrubi-na-kari-sit.webp","datePublished":"2026-04-27T04:42:54+00:00","breadcrumb":{"@id":"https:\/\/www.domkraftpro.com\/index.php\/produkt\/akce-giacomini-w983-5-otocny-klip-pro-montaz-potrubi-na-kari-site-pro-trubky-o-prumeru-16-az-20-mm-55495\/#breadcrumb"},"inLanguage":"cs","potentialAction":[{"@type":"ReadAction","target":["https:\/\/www.domkraftpro.com\/index.php\/produkt\/akce-giacomini-w983-5-otocny-klip-pro-montaz-potrubi-na-kari-site-pro-trubky-o-prumeru-16-az-20-mm-55495\/"]}]},{"@type":"ImageObject","inLanguage":"cs","@id":"https:\/\/www.domkraftpro.com\/index.php\/produkt\/akce-giacomini-w983-5-otocny-klip-pro-montaz-potrubi-na-kari-site-pro-trubky-o-prumeru-16-az-20-mm-55495\/#primaryimage","url":"https:\/\/www.domkraftpro.com\/wp-content\/uploads\/2026\/SK0009669-CZ20260425-092632-0-1777080397-giacomini-w983-5-otocny-klip-pro-montaz-potrubi-na-kari-sit.webp","contentUrl":"https:\/\/www.domkraftpro.com\/wp-content\/uploads\/2026\/SK0009669-CZ20260425-092632-0-1777080397-giacomini-w983-5-otocny-klip-pro-montaz-potrubi-na-kari-sit.webp","width":600,"height":600},{"@type":"BreadcrumbList","@id":"https:\/\/www.domkraftpro.com\/index.php\/produkt\/akce-giacomini-w983-5-otocny-klip-pro-montaz-potrubi-na-kari-site-pro-trubky-o-prumeru-16-az-20-mm-55495\/#breadcrumb","itemListElement":[{"@type":"ListItem","position":1,"name":"Home","item":"https:\/\/www.domkraftpro.com\/"},{"@type":"ListItem","position":2,"name":"Products","item":"https:\/\/www.domkraftpro.com\/index.php\/products\/"},{"@type":"ListItem","position":3,"name":"Akce Giacomini W983-5 Oto\u010dn\u00fd klip pro mont\u00e1\u017e potrub\u00ed na kari s\u00edt\u011b, pro trubky o pr\u016fm\u011bru 16 a\u017e 20 mm"}]},{"@type":"WebSite","@id":"https:\/\/www.domkraftpro.com\/#website","url":"https:\/\/www.domkraftpro.com\/","name":"","description":"","potentialAction":[{"@type":"SearchAction","target":{"@type":"EntryPoint","urlTemplate":"https:\/\/www.domkraftpro.com\/?s={search_term_string}"},"query-input":{"@type":"PropertyValueSpecification","valueRequired":true,"valueName":"search_term_string"}}],"inLanguage":"cs"}]}},"_links":{"self":[{"href":"https:\/\/www.domkraftpro.com\/index.php\/wp-json\/wp\/v2\/product\/55495","targetHints":{"allow":["GET"]}}],"collection":[{"href":"https:\/\/www.domkraftpro.com\/index.php\/wp-json\/wp\/v2\/product"}],"about":[{"href":"https:\/\/www.domkraftpro.com\/index.php\/wp-json\/wp\/v2\/types\/product"}],"replies":[{"embeddable":true,"href":"https:\/\/www.domkraftpro.com\/index.php\/wp-json\/wp\/v2\/comments?post=55495"}],"wp:featuredmedia":[{"embeddable":true,"href":"https:\/\/www.domkraftpro.com\/index.php\/wp-json\/wp\/v2\/media\/55595"}],"wp:attachment":[{"href":"https:\/\/www.domkraftpro.com\/index.php\/wp-json\/wp\/v2\/media?parent=55495"}],"wp:term":[{"taxonomy":"product_brand","embeddable":true,"href":"https:\/\/www.domkraftpro.com\/index.php\/wp-json\/wp\/v2\/product_brand?post=55495"},{"taxonomy":"product_cat","embeddable":true,"href":"https:\/\/www.domkraftpro.com\/index.php\/wp-json\/wp\/v2\/product_cat?post=55495"},{"taxonomy":"product_tag","embeddable":true,"href":"https:\/\/www.domkraftpro.com\/index.php\/wp-json\/wp\/v2\/product_tag?post=55495"}],"curies":[{"name":"wp","href":"https:\/\/api.w.org\/{rel}","templated":true}]}}