{"id":55353,"date":"2026-04-27T04:42:53","date_gmt":"2026-04-27T04:42:53","guid":{"rendered":""},"modified":"2026-04-27T04:42:53","modified_gmt":"2026-04-27T04:42:53","slug":"akce-sapho-antea-petiprvkova-baterie-na-okraj-vany-nikl-55353","status":"publish","type":"product","link":"https:\/\/www.domkraftpro.com\/produkt\/akce-sapho-antea-petiprvkova-baterie-na-okraj-vany-nikl-55353\/","title":{"rendered":"Akce Sapho Antea P\u011btiprvkov\u00e1 baterie na okraj vany nikl"},"content":{"rendered":"<div class=\"ProductDetail-content NoFixImageContainer\" id=\"productDescription\">\n<div class=\"Heading\">\n<h2 class=\"Heading-title\">Popis produktu <span class=''>Sapho Antea P\u011btiprvkov\u00e1 baterie na okraj vany nikl<\/span><\/h2>\n<\/p><\/div>\n<div class=\"ProductDetailContent\">                                                                    <\/div>\n<div class=\"ProductDetailContent\">\n<div class=\"ProductDetailContent-item\">                                            Barva: Nikl<br \/>Balen\u00ed: 1 ks<br \/>Materi\u00e1l: Mosaz<br \/>Z\u00e1ruka: 6 let<br \/>Instalace: Na okraj vany<br \/>Druh ovl\u00e1d\u00e1n\u00ed: Kohoutek<br \/>Tvar: Retro                                        <\/div>\n<div class=\"ProductDetailContent-item\">\n<p>Baterie na okraj vany lze um\u00edstit na jakoukoliv akryl\u00e1tovou vanu, kter\u00e1 m\u00e1 dostate\u010dn\u011b \u0161irok\u00fd okraj. Baterii, v\u00fdtokovou hubici a sprchu lze instalovat spole\u010dn\u011b nebo samostatn\u011b kamkoliv na okraj vany (propojen\u00ed flexi hadicemi). Baterie m\u016f\u017eete kombinovat s&nbsp;napou\u0161t\u011bn\u00edm v\u00fdtokovou hubic\u00ed, napou\u0161t\u011bn\u00edm p\u0159epadem nebo se sprchou na okraj vany.<\/p>\n<ul>\n<li>Pr\u016ftok vody 25 l\/m p\u0159i minim\u00e1ln\u00edm tlaku 3 bar<\/li>\n<li>Balen\u00ed obsahuje ru\u010dn\u00ed sprchu, hadici a v\u00fdtokovou hubici<\/li>\n<\/ul><\/div>\n<div class=\"ProductDetailContent-item\">\n<h3>Popis s\u00e9rie<\/h3>\n<p style=\"text-align: justify;\">V&nbsp;retro stylu si dnes m\u016f\u017eete vybavit celou koupelnu po\u010d\u00ednaje nap\u0159\u00edklad touto s\u00e9ri\u00ed p\u0159es vanu Retro, <span>dopl\u0148ky Diamond a\u017e po keramiku Retro nebo Classic. Dojem star\u0161\u00ed patiny m\u016f\u017ee umocnit bronzov\u00e1 povrchov\u00e1 \u00faprava, ve kter\u00e9 takt\u00e9\u017e nab\u00edz\u00edme ve\u0161ker\u00e9 p\u0159\u00edslu\u0161enstv\u00ed. Pro umocn\u011bn\u00ed star\u00fdch \u010das\u016f je v nab\u00eddce i proveden\u00ed v kombinaci chrom\/zlato a r\u016f\u017eov\u00e9 zlato. Novinkou je sprchov\u00fd sloup s masivn\u00ed sprchovou hlavic\u00ed.&nbsp;<\/span><\/p>\n<p style=\"text-align: justify;\"><strong>D\u016fle\u017eit\u00e9 informace k bateri\u00edm ze s\u00e9rie ANTEA<\/strong><br \/>V p\u0159\u00edslu\u0161enstv\u00ed naleznete n\u00e1hradn\u00ed keramick\u00fd vr\u0161ek <strong>VIT003<\/strong> k bateri\u00edm Antea dodan\u00fdm <strong>od 10\/2008<\/strong> nebo <strong>VIT004<\/strong> k bateri\u00edm Antea dodan\u00fdm <strong>p\u0159ed 10\/2008<\/strong>.<\/p>\n<p><span>&nbsp; &nbsp;<span>\u017d\u00e1dn\u00e9 dlouh\u00e9 ot\u00e1\u010den\u00ed \u010di regulace &#8211; oto\u010dte o&nbsp;90\u00b0 a je otev\u0159eno<\/span><\/span><\/p>\n<p><span>&nbsp; &nbsp;Prodlou\u017een\u00e1 z\u00e1ruka na t\u011bsnost bateri\u00ed<\/span><\/p>\n<\/p><\/div>\n<\/p><\/div>\n<\/p><\/div>\n<\/p><\/div>\n<\/p><\/div>\n","protected":false},"excerpt":{"rendered":"<p>Popis produktu Sapho Antea P\u011btiprvkov\u00e1 baterie na okraj vany nikl Barva: NiklBalen\u00ed: 1 ksMateri\u00e1l: MosazZ\u00e1ruka: 6 letInstalace: Na okraj vanyDruh ovl\u00e1d\u00e1n\u00ed: KohoutekTvar: Retro Baterie na okraj vany lze um\u00edstit na jakoukoliv akryl\u00e1tovou vanu, kter\u00e1 m\u00e1 dostate\u010dn\u011b \u0161irok\u00fd okraj. Baterii, v\u00fdtokovou hubici a sprchu lze instalovat spole\u010dn\u011b nebo samostatn\u011b kamkoliv na okraj vany (propojen\u00ed flexi hadicemi). [&hellip;]<\/p>\n","protected":false},"featured_media":55453,"comment_status":"open","ping_status":"open","template":"","meta":[],"product_brand":[],"product_cat":[90],"product_tag":[],"class_list":{"0":"post-55353","1":"product","2":"type-product","3":"status-publish","4":"has-post-thumbnail","6":"product_cat-koupelny","8":"first","9":"instock","10":"sale","11":"shipping-taxable","12":"purchasable","13":"product-type-simple"},"yoast_head":"<!-- This site is optimized with the Yoast SEO plugin v26.8 - https:\/\/yoast.com\/product\/yoast-seo-wordpress\/ -->\n<title>Akce Sapho Antea P\u011btiprvkov\u00e1 baterie na okraj vany nikl -<\/title>\n<meta name=\"robots\" content=\"index, follow, max-snippet:-1, max-image-preview:large, max-video-preview:-1\" \/>\n<link rel=\"canonical\" href=\"https:\/\/www.domkraftpro.com\/index.php\/produkt\/akce-sapho-antea-petiprvkova-baterie-na-okraj-vany-nikl-55353\/\" \/>\n<meta property=\"og:locale\" content=\"cs_CZ\" \/>\n<meta property=\"og:type\" content=\"article\" \/>\n<meta property=\"og:title\" content=\"Akce Sapho Antea P\u011btiprvkov\u00e1 baterie na okraj vany nikl -\" \/>\n<meta property=\"og:description\" content=\"Popis produktu Sapho Antea P\u011btiprvkov\u00e1 baterie na okraj vany nikl Barva: NiklBalen\u00ed: 1 ksMateri\u00e1l: MosazZ\u00e1ruka: 6 letInstalace: Na okraj vanyDruh ovl\u00e1d\u00e1n\u00ed: KohoutekTvar: Retro Baterie na okraj vany lze um\u00edstit na jakoukoliv akryl\u00e1tovou vanu, kter\u00e1 m\u00e1 dostate\u010dn\u011b \u0161irok\u00fd okraj. Baterii, v\u00fdtokovou hubici a sprchu lze instalovat spole\u010dn\u011b nebo samostatn\u011b kamkoliv na okraj vany (propojen\u00ed flexi hadicemi). [&hellip;]\" \/>\n<meta property=\"og:url\" content=\"https:\/\/www.domkraftpro.com\/index.php\/produkt\/akce-sapho-antea-petiprvkova-baterie-na-okraj-vany-nikl-55353\/\" \/>\n<meta property=\"og:image\" content=\"https:\/\/www.domkraftpro.com\/wp-content\/uploads\/2026\/SK0009625-CZ20260425-092632-0-1777080397-sapho-antea-petiprvkova-baterie-na-okraj-vany-nikl-450571.j.webp\" \/>\n\t<meta property=\"og:image:width\" content=\"600\" \/>\n\t<meta property=\"og:image:height\" content=\"266\" \/>\n\t<meta property=\"og:image:type\" content=\"image\/webp\" \/>\n<meta name=\"twitter:card\" content=\"summary_large_image\" \/>\n<meta name=\"twitter:label1\" content=\"Odhadovan\u00e1 doba \u010dten\u00ed\" \/>\n\t<meta name=\"twitter:data1\" content=\"1 minuta\" \/>\n<script type=\"application\/ld+json\" class=\"yoast-schema-graph\">{\"@context\":\"https:\/\/schema.org\",\"@graph\":[{\"@type\":\"WebPage\",\"@id\":\"https:\/\/www.domkraftpro.com\/index.php\/produkt\/akce-sapho-antea-petiprvkova-baterie-na-okraj-vany-nikl-55353\/\",\"url\":\"https:\/\/www.domkraftpro.com\/index.php\/produkt\/akce-sapho-antea-petiprvkova-baterie-na-okraj-vany-nikl-55353\/\",\"name\":\"Akce Sapho Antea P\u011btiprvkov\u00e1 baterie na okraj vany nikl -\",\"isPartOf\":{\"@id\":\"https:\/\/www.domkraftpro.com\/#website\"},\"primaryImageOfPage\":{\"@id\":\"https:\/\/www.domkraftpro.com\/index.php\/produkt\/akce-sapho-antea-petiprvkova-baterie-na-okraj-vany-nikl-55353\/#primaryimage\"},\"image\":{\"@id\":\"https:\/\/www.domkraftpro.com\/index.php\/produkt\/akce-sapho-antea-petiprvkova-baterie-na-okraj-vany-nikl-55353\/#primaryimage\"},\"thumbnailUrl\":\"https:\/\/www.domkraftpro.com\/wp-content\/uploads\/2026\/SK0009625-CZ20260425-092632-0-1777080397-sapho-antea-petiprvkova-baterie-na-okraj-vany-nikl-450571.j.webp\",\"datePublished\":\"2026-04-27T04:42:53+00:00\",\"breadcrumb\":{\"@id\":\"https:\/\/www.domkraftpro.com\/index.php\/produkt\/akce-sapho-antea-petiprvkova-baterie-na-okraj-vany-nikl-55353\/#breadcrumb\"},\"inLanguage\":\"cs\",\"potentialAction\":[{\"@type\":\"ReadAction\",\"target\":[\"https:\/\/www.domkraftpro.com\/index.php\/produkt\/akce-sapho-antea-petiprvkova-baterie-na-okraj-vany-nikl-55353\/\"]}]},{\"@type\":\"ImageObject\",\"inLanguage\":\"cs\",\"@id\":\"https:\/\/www.domkraftpro.com\/index.php\/produkt\/akce-sapho-antea-petiprvkova-baterie-na-okraj-vany-nikl-55353\/#primaryimage\",\"url\":\"https:\/\/www.domkraftpro.com\/wp-content\/uploads\/2026\/SK0009625-CZ20260425-092632-0-1777080397-sapho-antea-petiprvkova-baterie-na-okraj-vany-nikl-450571.j.webp\",\"contentUrl\":\"https:\/\/www.domkraftpro.com\/wp-content\/uploads\/2026\/SK0009625-CZ20260425-092632-0-1777080397-sapho-antea-petiprvkova-baterie-na-okraj-vany-nikl-450571.j.webp\",\"width\":600,\"height\":266},{\"@type\":\"BreadcrumbList\",\"@id\":\"https:\/\/www.domkraftpro.com\/index.php\/produkt\/akce-sapho-antea-petiprvkova-baterie-na-okraj-vany-nikl-55353\/#breadcrumb\",\"itemListElement\":[{\"@type\":\"ListItem\",\"position\":1,\"name\":\"Home\",\"item\":\"https:\/\/www.domkraftpro.com\/\"},{\"@type\":\"ListItem\",\"position\":2,\"name\":\"Products\",\"item\":\"https:\/\/www.domkraftpro.com\/products\/\"},{\"@type\":\"ListItem\",\"position\":3,\"name\":\"Akce Sapho Antea P\u011btiprvkov\u00e1 baterie na okraj vany nikl\"}]},{\"@type\":\"WebSite\",\"@id\":\"https:\/\/www.domkraftpro.com\/#website\",\"url\":\"https:\/\/www.domkraftpro.com\/\",\"name\":\"\",\"description\":\"\",\"potentialAction\":[{\"@type\":\"SearchAction\",\"target\":{\"@type\":\"EntryPoint\",\"urlTemplate\":\"https:\/\/www.domkraftpro.com\/?s={search_term_string}\"},\"query-input\":{\"@type\":\"PropertyValueSpecification\",\"valueRequired\":true,\"valueName\":\"search_term_string\"}}],\"inLanguage\":\"cs\"}]}<\/script>\n<!-- \/ Yoast SEO plugin. -->","yoast_head_json":{"title":"Akce Sapho Antea P\u011btiprvkov\u00e1 baterie na okraj vany nikl -","robots":{"index":"index","follow":"follow","max-snippet":"max-snippet:-1","max-image-preview":"max-image-preview:large","max-video-preview":"max-video-preview:-1"},"canonical":"https:\/\/www.domkraftpro.com\/index.php\/produkt\/akce-sapho-antea-petiprvkova-baterie-na-okraj-vany-nikl-55353\/","og_locale":"cs_CZ","og_type":"article","og_title":"Akce Sapho Antea P\u011btiprvkov\u00e1 baterie na okraj vany nikl -","og_description":"Popis produktu Sapho Antea P\u011btiprvkov\u00e1 baterie na okraj vany nikl Barva: NiklBalen\u00ed: 1 ksMateri\u00e1l: MosazZ\u00e1ruka: 6 letInstalace: Na okraj vanyDruh ovl\u00e1d\u00e1n\u00ed: KohoutekTvar: Retro Baterie na okraj vany lze um\u00edstit na jakoukoliv akryl\u00e1tovou vanu, kter\u00e1 m\u00e1 dostate\u010dn\u011b \u0161irok\u00fd okraj. Baterii, v\u00fdtokovou hubici a sprchu lze instalovat spole\u010dn\u011b nebo samostatn\u011b kamkoliv na okraj vany (propojen\u00ed flexi hadicemi). [&hellip;]","og_url":"https:\/\/www.domkraftpro.com\/index.php\/produkt\/akce-sapho-antea-petiprvkova-baterie-na-okraj-vany-nikl-55353\/","og_image":[{"width":600,"height":266,"url":"https:\/\/www.domkraftpro.com\/wp-content\/uploads\/2026\/SK0009625-CZ20260425-092632-0-1777080397-sapho-antea-petiprvkova-baterie-na-okraj-vany-nikl-450571.j.webp","type":"image\/webp"}],"twitter_card":"summary_large_image","twitter_misc":{"Odhadovan\u00e1 doba \u010dten\u00ed":"1 minuta"},"schema":{"@context":"https:\/\/schema.org","@graph":[{"@type":"WebPage","@id":"https:\/\/www.domkraftpro.com\/index.php\/produkt\/akce-sapho-antea-petiprvkova-baterie-na-okraj-vany-nikl-55353\/","url":"https:\/\/www.domkraftpro.com\/index.php\/produkt\/akce-sapho-antea-petiprvkova-baterie-na-okraj-vany-nikl-55353\/","name":"Akce Sapho Antea P\u011btiprvkov\u00e1 baterie na okraj vany nikl -","isPartOf":{"@id":"https:\/\/www.domkraftpro.com\/#website"},"primaryImageOfPage":{"@id":"https:\/\/www.domkraftpro.com\/index.php\/produkt\/akce-sapho-antea-petiprvkova-baterie-na-okraj-vany-nikl-55353\/#primaryimage"},"image":{"@id":"https:\/\/www.domkraftpro.com\/index.php\/produkt\/akce-sapho-antea-petiprvkova-baterie-na-okraj-vany-nikl-55353\/#primaryimage"},"thumbnailUrl":"https:\/\/www.domkraftpro.com\/wp-content\/uploads\/2026\/SK0009625-CZ20260425-092632-0-1777080397-sapho-antea-petiprvkova-baterie-na-okraj-vany-nikl-450571.j.webp","datePublished":"2026-04-27T04:42:53+00:00","breadcrumb":{"@id":"https:\/\/www.domkraftpro.com\/index.php\/produkt\/akce-sapho-antea-petiprvkova-baterie-na-okraj-vany-nikl-55353\/#breadcrumb"},"inLanguage":"cs","potentialAction":[{"@type":"ReadAction","target":["https:\/\/www.domkraftpro.com\/index.php\/produkt\/akce-sapho-antea-petiprvkova-baterie-na-okraj-vany-nikl-55353\/"]}]},{"@type":"ImageObject","inLanguage":"cs","@id":"https:\/\/www.domkraftpro.com\/index.php\/produkt\/akce-sapho-antea-petiprvkova-baterie-na-okraj-vany-nikl-55353\/#primaryimage","url":"https:\/\/www.domkraftpro.com\/wp-content\/uploads\/2026\/SK0009625-CZ20260425-092632-0-1777080397-sapho-antea-petiprvkova-baterie-na-okraj-vany-nikl-450571.j.webp","contentUrl":"https:\/\/www.domkraftpro.com\/wp-content\/uploads\/2026\/SK0009625-CZ20260425-092632-0-1777080397-sapho-antea-petiprvkova-baterie-na-okraj-vany-nikl-450571.j.webp","width":600,"height":266},{"@type":"BreadcrumbList","@id":"https:\/\/www.domkraftpro.com\/index.php\/produkt\/akce-sapho-antea-petiprvkova-baterie-na-okraj-vany-nikl-55353\/#breadcrumb","itemListElement":[{"@type":"ListItem","position":1,"name":"Home","item":"https:\/\/www.domkraftpro.com\/"},{"@type":"ListItem","position":2,"name":"Products","item":"https:\/\/www.domkraftpro.com\/products\/"},{"@type":"ListItem","position":3,"name":"Akce Sapho Antea P\u011btiprvkov\u00e1 baterie na okraj vany nikl"}]},{"@type":"WebSite","@id":"https:\/\/www.domkraftpro.com\/#website","url":"https:\/\/www.domkraftpro.com\/","name":"","description":"","potentialAction":[{"@type":"SearchAction","target":{"@type":"EntryPoint","urlTemplate":"https:\/\/www.domkraftpro.com\/?s={search_term_string}"},"query-input":{"@type":"PropertyValueSpecification","valueRequired":true,"valueName":"search_term_string"}}],"inLanguage":"cs"}]}},"_links":{"self":[{"href":"https:\/\/www.domkraftpro.com\/wp-json\/wp\/v2\/product\/55353","targetHints":{"allow":["GET"]}}],"collection":[{"href":"https:\/\/www.domkraftpro.com\/wp-json\/wp\/v2\/product"}],"about":[{"href":"https:\/\/www.domkraftpro.com\/wp-json\/wp\/v2\/types\/product"}],"replies":[{"embeddable":true,"href":"https:\/\/www.domkraftpro.com\/wp-json\/wp\/v2\/comments?post=55353"}],"wp:featuredmedia":[{"embeddable":true,"href":"https:\/\/www.domkraftpro.com\/wp-json\/wp\/v2\/media\/55453"}],"wp:attachment":[{"href":"https:\/\/www.domkraftpro.com\/wp-json\/wp\/v2\/media?parent=55353"}],"wp:term":[{"taxonomy":"product_brand","embeddable":true,"href":"https:\/\/www.domkraftpro.com\/wp-json\/wp\/v2\/product_brand?post=55353"},{"taxonomy":"product_cat","embeddable":true,"href":"https:\/\/www.domkraftpro.com\/wp-json\/wp\/v2\/product_cat?post=55353"},{"taxonomy":"product_tag","embeddable":true,"href":"https:\/\/www.domkraftpro.com\/wp-json\/wp\/v2\/product_tag?post=55353"}],"curies":[{"name":"wp","href":"https:\/\/api.w.org\/{rel}","templated":true}]}}