{"id":54931,"date":"2026-04-27T04:42:52","date_gmt":"2026-04-27T04:42:52","guid":{"rendered":""},"modified":"2026-04-27T04:42:52","modified_gmt":"2026-04-27T04:42:52","slug":"znackovy-optima-doza-marmo-54931","status":"publish","type":"product","link":"https:\/\/www.domkraftpro.com\/index.php\/produkt\/znackovy-optima-doza-marmo-54931\/","title":{"rendered":"Zna\u010dkov\u00fd Optima D\u00f3za Marmo"},"content":{"rendered":"<div class=\"ProductDetail-content NoFixImageContainer\" id=\"productDescription\">\n<div class=\"Heading\">\n<h2 class=\"Heading-title\">Popis produktu <span class=''>Optima D\u00f3za Marmo<\/span><\/h2>\n<\/p><\/div>\n<div class=\"ProductDetailContent\">\n<p><span style=\"font-size:16px\">S&eacute;rie&nbsp;Marmo&nbsp;&#8211; to jsou keramick&eacute;&nbsp;koupelnov&eacute; dopl\u0148ky&nbsp;s imitac&iacute; mramoru. Dopl\u0148ky skv\u011ble dopln&iacute; interi&eacute;r koupelny, kde byly pou\u017eity obklady nebo dla\u017eby s mramorov&yacute;m designem.&nbsp;<\/span><\/p>\n<p><strong><span style=\"font-size:16px\">D&oacute;za Marmo<\/span><\/strong><\/p>\n<ul>\n<li><span style=\"font-size:16px\">rozm\u011br <\/span><span style=\"font-family:arial,helvetica,sans-serif; font-size:16px\">10,5&#215;6,3&#215;6,3 cm<\/span><\/li>\n<li><span style=\"font-size:16px\">materi&aacute;l keramika.&nbsp;<\/span><\/li>\n<\/ul><\/div>\n<div class=\"ProductDetailContent\">                                                                    <\/div>\n<\/p><\/div>\n<\/p><\/div>\n<\/p><\/div>\n","protected":false},"excerpt":{"rendered":"<p>Popis produktu Optima D\u00f3za Marmo S&eacute;rie&nbsp;Marmo&nbsp;&#8211; to jsou keramick&eacute;&nbsp;koupelnov&eacute; dopl\u0148ky&nbsp;s imitac&iacute; mramoru. Dopl\u0148ky skv\u011ble dopln&iacute; interi&eacute;r koupelny, kde byly pou\u017eity obklady nebo dla\u017eby s mramorov&yacute;m designem.&nbsp; D&oacute;za Marmo rozm\u011br 10,5&#215;6,3&#215;6,3 cm materi&aacute;l keramika.&nbsp;<\/p>\n","protected":false},"featured_media":55031,"comment_status":"open","ping_status":"open","template":"","meta":[],"product_brand":[],"product_cat":[90],"product_tag":[],"class_list":{"0":"post-54931","1":"product","2":"type-product","3":"status-publish","4":"has-post-thumbnail","6":"product_cat-koupelny","8":"first","9":"instock","10":"sale","11":"shipping-taxable","12":"purchasable","13":"product-type-simple"},"yoast_head":"<!-- This site is optimized with the Yoast SEO plugin v26.8 - https:\/\/yoast.com\/product\/yoast-seo-wordpress\/ -->\n<title>Zna\u010dkov\u00fd Optima D\u00f3za Marmo -<\/title>\n<meta name=\"robots\" content=\"index, follow, max-snippet:-1, max-image-preview:large, max-video-preview:-1\" \/>\n<link rel=\"canonical\" href=\"https:\/\/www.domkraftpro.com\/index.php\/produkt\/znackovy-optima-doza-marmo-54931\/\" \/>\n<meta property=\"og:locale\" content=\"cs_CZ\" \/>\n<meta property=\"og:type\" content=\"article\" \/>\n<meta property=\"og:title\" content=\"Zna\u010dkov\u00fd Optima D\u00f3za Marmo -\" \/>\n<meta property=\"og:description\" content=\"Popis produktu Optima D\u00f3za Marmo S&eacute;rie&nbsp;Marmo&nbsp;&#8211; to jsou keramick&eacute;&nbsp;koupelnov&eacute; dopl\u0148ky&nbsp;s imitac&iacute; mramoru. Dopl\u0148ky skv\u011ble dopln&iacute; interi&eacute;r koupelny, kde byly pou\u017eity obklady nebo dla\u017eby s mramorov&yacute;m designem.&nbsp; D&oacute;za Marmo rozm\u011br 10,5&#215;6,3&#215;6,3 cm materi&aacute;l keramika.&nbsp;\" \/>\n<meta property=\"og:url\" content=\"https:\/\/www.domkraftpro.com\/index.php\/produkt\/znackovy-optima-doza-marmo-54931\/\" \/>\n<meta property=\"og:image\" content=\"https:\/\/www.domkraftpro.com\/wp-content\/uploads\/2026\/SK0009371-CZ20260425-092632-0-1777080397-optima-doza-marmo-151693.webp\" \/>\n\t<meta property=\"og:image:width\" content=\"400\" \/>\n\t<meta property=\"og:image:height\" content=\"400\" \/>\n\t<meta property=\"og:image:type\" content=\"image\/webp\" \/>\n<meta name=\"twitter:card\" content=\"summary_large_image\" \/>\n<script type=\"application\/ld+json\" class=\"yoast-schema-graph\">{\"@context\":\"https:\/\/schema.org\",\"@graph\":[{\"@type\":\"WebPage\",\"@id\":\"https:\/\/www.domkraftpro.com\/index.php\/produkt\/znackovy-optima-doza-marmo-54931\/\",\"url\":\"https:\/\/www.domkraftpro.com\/index.php\/produkt\/znackovy-optima-doza-marmo-54931\/\",\"name\":\"Zna\u010dkov\u00fd Optima D\u00f3za Marmo -\",\"isPartOf\":{\"@id\":\"https:\/\/www.domkraftpro.com\/#website\"},\"primaryImageOfPage\":{\"@id\":\"https:\/\/www.domkraftpro.com\/index.php\/produkt\/znackovy-optima-doza-marmo-54931\/#primaryimage\"},\"image\":{\"@id\":\"https:\/\/www.domkraftpro.com\/index.php\/produkt\/znackovy-optima-doza-marmo-54931\/#primaryimage\"},\"thumbnailUrl\":\"https:\/\/www.domkraftpro.com\/wp-content\/uploads\/2026\/SK0009371-CZ20260425-092632-0-1777080397-optima-doza-marmo-151693.webp\",\"datePublished\":\"2026-04-27T04:42:52+00:00\",\"breadcrumb\":{\"@id\":\"https:\/\/www.domkraftpro.com\/index.php\/produkt\/znackovy-optima-doza-marmo-54931\/#breadcrumb\"},\"inLanguage\":\"cs\",\"potentialAction\":[{\"@type\":\"ReadAction\",\"target\":[\"https:\/\/www.domkraftpro.com\/index.php\/produkt\/znackovy-optima-doza-marmo-54931\/\"]}]},{\"@type\":\"ImageObject\",\"inLanguage\":\"cs\",\"@id\":\"https:\/\/www.domkraftpro.com\/index.php\/produkt\/znackovy-optima-doza-marmo-54931\/#primaryimage\",\"url\":\"https:\/\/www.domkraftpro.com\/wp-content\/uploads\/2026\/SK0009371-CZ20260425-092632-0-1777080397-optima-doza-marmo-151693.webp\",\"contentUrl\":\"https:\/\/www.domkraftpro.com\/wp-content\/uploads\/2026\/SK0009371-CZ20260425-092632-0-1777080397-optima-doza-marmo-151693.webp\",\"width\":400,\"height\":400},{\"@type\":\"BreadcrumbList\",\"@id\":\"https:\/\/www.domkraftpro.com\/index.php\/produkt\/znackovy-optima-doza-marmo-54931\/#breadcrumb\",\"itemListElement\":[{\"@type\":\"ListItem\",\"position\":1,\"name\":\"Home\",\"item\":\"https:\/\/www.domkraftpro.com\/\"},{\"@type\":\"ListItem\",\"position\":2,\"name\":\"Products\",\"item\":\"https:\/\/www.domkraftpro.com\/index.php\/products\/\"},{\"@type\":\"ListItem\",\"position\":3,\"name\":\"Zna\u010dkov\u00fd Optima D\u00f3za Marmo\"}]},{\"@type\":\"WebSite\",\"@id\":\"https:\/\/www.domkraftpro.com\/#website\",\"url\":\"https:\/\/www.domkraftpro.com\/\",\"name\":\"\",\"description\":\"\",\"potentialAction\":[{\"@type\":\"SearchAction\",\"target\":{\"@type\":\"EntryPoint\",\"urlTemplate\":\"https:\/\/www.domkraftpro.com\/?s={search_term_string}\"},\"query-input\":{\"@type\":\"PropertyValueSpecification\",\"valueRequired\":true,\"valueName\":\"search_term_string\"}}],\"inLanguage\":\"cs\"}]}<\/script>\n<!-- \/ Yoast SEO plugin. -->","yoast_head_json":{"title":"Zna\u010dkov\u00fd Optima D\u00f3za Marmo -","robots":{"index":"index","follow":"follow","max-snippet":"max-snippet:-1","max-image-preview":"max-image-preview:large","max-video-preview":"max-video-preview:-1"},"canonical":"https:\/\/www.domkraftpro.com\/index.php\/produkt\/znackovy-optima-doza-marmo-54931\/","og_locale":"cs_CZ","og_type":"article","og_title":"Zna\u010dkov\u00fd Optima D\u00f3za Marmo -","og_description":"Popis produktu Optima D\u00f3za Marmo S&eacute;rie&nbsp;Marmo&nbsp;&#8211; to jsou keramick&eacute;&nbsp;koupelnov&eacute; dopl\u0148ky&nbsp;s imitac&iacute; mramoru. Dopl\u0148ky skv\u011ble dopln&iacute; interi&eacute;r koupelny, kde byly pou\u017eity obklady nebo dla\u017eby s mramorov&yacute;m designem.&nbsp; D&oacute;za Marmo rozm\u011br 10,5&#215;6,3&#215;6,3 cm materi&aacute;l keramika.&nbsp;","og_url":"https:\/\/www.domkraftpro.com\/index.php\/produkt\/znackovy-optima-doza-marmo-54931\/","og_image":[{"width":400,"height":400,"url":"https:\/\/www.domkraftpro.com\/wp-content\/uploads\/2026\/SK0009371-CZ20260425-092632-0-1777080397-optima-doza-marmo-151693.webp","type":"image\/webp"}],"twitter_card":"summary_large_image","schema":{"@context":"https:\/\/schema.org","@graph":[{"@type":"WebPage","@id":"https:\/\/www.domkraftpro.com\/index.php\/produkt\/znackovy-optima-doza-marmo-54931\/","url":"https:\/\/www.domkraftpro.com\/index.php\/produkt\/znackovy-optima-doza-marmo-54931\/","name":"Zna\u010dkov\u00fd Optima D\u00f3za Marmo -","isPartOf":{"@id":"https:\/\/www.domkraftpro.com\/#website"},"primaryImageOfPage":{"@id":"https:\/\/www.domkraftpro.com\/index.php\/produkt\/znackovy-optima-doza-marmo-54931\/#primaryimage"},"image":{"@id":"https:\/\/www.domkraftpro.com\/index.php\/produkt\/znackovy-optima-doza-marmo-54931\/#primaryimage"},"thumbnailUrl":"https:\/\/www.domkraftpro.com\/wp-content\/uploads\/2026\/SK0009371-CZ20260425-092632-0-1777080397-optima-doza-marmo-151693.webp","datePublished":"2026-04-27T04:42:52+00:00","breadcrumb":{"@id":"https:\/\/www.domkraftpro.com\/index.php\/produkt\/znackovy-optima-doza-marmo-54931\/#breadcrumb"},"inLanguage":"cs","potentialAction":[{"@type":"ReadAction","target":["https:\/\/www.domkraftpro.com\/index.php\/produkt\/znackovy-optima-doza-marmo-54931\/"]}]},{"@type":"ImageObject","inLanguage":"cs","@id":"https:\/\/www.domkraftpro.com\/index.php\/produkt\/znackovy-optima-doza-marmo-54931\/#primaryimage","url":"https:\/\/www.domkraftpro.com\/wp-content\/uploads\/2026\/SK0009371-CZ20260425-092632-0-1777080397-optima-doza-marmo-151693.webp","contentUrl":"https:\/\/www.domkraftpro.com\/wp-content\/uploads\/2026\/SK0009371-CZ20260425-092632-0-1777080397-optima-doza-marmo-151693.webp","width":400,"height":400},{"@type":"BreadcrumbList","@id":"https:\/\/www.domkraftpro.com\/index.php\/produkt\/znackovy-optima-doza-marmo-54931\/#breadcrumb","itemListElement":[{"@type":"ListItem","position":1,"name":"Home","item":"https:\/\/www.domkraftpro.com\/"},{"@type":"ListItem","position":2,"name":"Products","item":"https:\/\/www.domkraftpro.com\/index.php\/products\/"},{"@type":"ListItem","position":3,"name":"Zna\u010dkov\u00fd Optima D\u00f3za Marmo"}]},{"@type":"WebSite","@id":"https:\/\/www.domkraftpro.com\/#website","url":"https:\/\/www.domkraftpro.com\/","name":"","description":"","potentialAction":[{"@type":"SearchAction","target":{"@type":"EntryPoint","urlTemplate":"https:\/\/www.domkraftpro.com\/?s={search_term_string}"},"query-input":{"@type":"PropertyValueSpecification","valueRequired":true,"valueName":"search_term_string"}}],"inLanguage":"cs"}]}},"_links":{"self":[{"href":"https:\/\/www.domkraftpro.com\/index.php\/wp-json\/wp\/v2\/product\/54931","targetHints":{"allow":["GET"]}}],"collection":[{"href":"https:\/\/www.domkraftpro.com\/index.php\/wp-json\/wp\/v2\/product"}],"about":[{"href":"https:\/\/www.domkraftpro.com\/index.php\/wp-json\/wp\/v2\/types\/product"}],"replies":[{"embeddable":true,"href":"https:\/\/www.domkraftpro.com\/index.php\/wp-json\/wp\/v2\/comments?post=54931"}],"wp:featuredmedia":[{"embeddable":true,"href":"https:\/\/www.domkraftpro.com\/index.php\/wp-json\/wp\/v2\/media\/55031"}],"wp:attachment":[{"href":"https:\/\/www.domkraftpro.com\/index.php\/wp-json\/wp\/v2\/media?parent=54931"}],"wp:term":[{"taxonomy":"product_brand","embeddable":true,"href":"https:\/\/www.domkraftpro.com\/index.php\/wp-json\/wp\/v2\/product_brand?post=54931"},{"taxonomy":"product_cat","embeddable":true,"href":"https:\/\/www.domkraftpro.com\/index.php\/wp-json\/wp\/v2\/product_cat?post=54931"},{"taxonomy":"product_tag","embeddable":true,"href":"https:\/\/www.domkraftpro.com\/index.php\/wp-json\/wp\/v2\/product_tag?post=54931"}],"curies":[{"name":"wp","href":"https:\/\/api.w.org\/{rel}","templated":true}]}}