{"id":54789,"date":"2026-04-27T04:42:52","date_gmt":"2026-04-27T04:42:52","guid":{"rendered":""},"modified":"2026-04-27T04:42:52","modified_gmt":"2026-04-27T04:42:52","slug":"akce-mereo-lima-sprchove-dvere-100cm-dvoukridle-chrom-alu-sklo-point-54789","status":"publish","type":"product","link":"https:\/\/www.domkraftpro.com\/index.php\/produkt\/akce-mereo-lima-sprchove-dvere-100cm-dvoukridle-chrom-alu-sklo-point-54789\/","title":{"rendered":"Akce Mereo Lima Sprchov\u00e9 dve\u0159e 100cm dvouk\u0159\u00eddl\u00e9 chrom alu sklo Point"},"content":{"rendered":"<div class=\"ProductDetail-content NoFixImageContainer\" id=\"productDescription\">\n<div class=\"Heading\">\n<h2 class=\"Heading-title\">Popis produktu <span class=''>Mereo Lima Sprchov\u00e9 dve\u0159e 100cm dvouk\u0159\u00eddl\u00e9 chrom alu sklo Point<\/span><\/h2>\n<\/p><\/div>\n<div class=\"ProductDetailContent\">                                                                    <\/div>\n<div class=\"ProductDetailContent\">\n<div class=\"ProductDetailContent-item\">                                            Lima je \u0159ada sprchov\u00fdch kout\u016f Mereo, kter\u00e1 navod\u00ed pocit \u010dist\u00e9ho designu v ka\u017ed\u00e9 modern\u00ed koupeln\u011b. Rovn\u00e9 hladk\u00e9 plochy, \u010dist\u00e9 linie a ostr\u00e9 hrany profil\u016f umoc\u0148uj\u00ed pocit exkluzivity. Kvalitn\u00ed sklen\u011bn\u00e9 v\u00fdpln\u011b s bezpe\u010dnostn\u00edm sklem. Tento kout nab\u00edz\u00edme v nepr\u016fhledn\u00e9m proveden\u00ed se sklem Point, kter\u00e9 navod\u00ed lep\u0161\u00ed pocit intimity p\u0159i sprchov\u00e1n\u00ed.<\/p>\n<p>Snadn\u00e9 zav\u0159en\u00ed a t\u011bsnost zaji\u0161\u0165uj\u00ed silikonov\u00e9 li\u0161ty, opat\u0159en\u00e9 na vstupn\u00ed \u010d\u00e1sti magnetem, nejedn\u00e1 se v\u0161ak o hermeticky uzav\u0159en\u00fd v\u00fdrobek.<br \/>Dve\u0159e je mo\u017en\u00e9 otev\u00edrat i sm\u011brem dovnit\u0159, d\u00edky \u010demu\u017e z\u016fstane okol\u00ed va\u0161eho sprchov\u00e9ho koutu such\u00e9.<\/p>\n<p>Za zm\u00ednku pak jist\u011b stoj\u00ed inovativn\u00ed syst\u00e9m mont\u00e1\u017ee pomoc\u00ed CLICK syst\u00e9mu. Tento syst\u00e9m mont\u00e1\u017ee sni\u017euje po\u010det operac\u00ed, nutn\u00fdch pro sestaven\u00ed cel\u00e9ho koutu a odbour\u00e1v\u00e1 n\u011bkter\u00e9 slo\u017eit\u011bj\u0161\u00ed operace, jako je vrt\u00e1n\u00ed do profil\u016f. Tak\u00e9 dal\u0161\u00ed \u010d\u00e1sti koutu jsou dod\u00e1v\u00e1ny s ohledem na maxim\u00e1ln\u00ed rychlost mont\u00e1\u017ee sv\u00e9pomoc\u00ed.                                        <\/div>\n<div class=\"ProductDetailContent-item\">\n<ul>\n<li>Typ: <strong>Sprchov\u00e9 dve\u0159e<\/strong><\/li>\n<li>Sklo: <strong>Point<\/strong><\/li>\n<li>Barva: <strong>Chrom<\/strong><\/li>\n<li>S\u00e9rie: <strong>Lima<\/strong><\/li>\n<li>\u0160\u00ed\u0159ka: <strong>1000 mm<\/strong><\/li>\n<li>Materi\u00e1l: <strong>Hlin\u00edkov\u00e9 profily<\/strong><\/li>\n<li>Proveden\u00ed: <strong>L\/P univers\u00e1ln\u00ed<\/strong><\/li>\n<li>Konstrukce: <strong>Dve\u0159e<\/strong><\/li>\n<li>D\u00e9lka\/V\u00fd\u0161ka: <strong>1900 mm<\/strong><\/li>\n<li>Stavitelnost: <strong>980 &#8211; 1005<\/strong><\/li>\n<li>Tlou\u0161\u0165ka skla: <strong>6 mm<\/strong><\/li>\n<li>Vstupn\u00ed otvor: <strong>870<\/strong><\/li>\n<li>Zp\u016fsob otev\u00edr\u00e1n\u00ed: <strong>L\u00edtac\u00ed<\/strong><\/li>\n<\/ul><\/div>\n<div class=\"ProductDetailContent-item\">\n<div style=\"background-color:#f9f9f9; border-left:5px solid #4caf50; border-radius:8px; box-shadow:0 4px 12px rgba(0,0,0,0.1); font-family:Arial,sans-serif; margin-bottom:20px; padding:25px 20px 20px 20px; position:relative\"><!-- Ikona info v lev\u00e9m horn\u00edm rohu --><\/p>\n<div style=\"align-items:center; background-color:#4caf50; border-radius:50%; color:#ffffff; display:flex; font-size:18px; font-weight:bold; height:30px; justify-content:center; left:-10px; position:absolute; top:-10px; width:30px\">i<\/div>\n<h3 style=\"margin-left:15px\">\u2705 Nab\u00edz\u00edme profesion\u00e1ln\u00ed mont\u00e1\u017e sprchov\u00fdch dve\u0159\u00ed \u2013 precizn\u011b a bez starost\u00ed<\/h3>\n<p>Kvalitn\u00ed mont\u00e1\u017e <strong>sprchov\u00fdch dve\u0159\u00ed<\/strong> je kl\u00ed\u010dov\u00e1 pro jejich bezprobl\u00e9mov\u00e9 fungov\u00e1n\u00ed, dlouhou \u017eivotnost a maxim\u00e1ln\u00ed t\u011bsnost. A\u0165 u\u017e se jedn\u00e1 o <strong>posuvn\u00e9<\/strong>, <strong>k\u0159\u00eddlov\u00e9<\/strong>, <strong>oto\u010dn\u00e9<\/strong> nebo <strong>skl\u00e1dac\u00ed &#8211; zalamovac\u00ed<\/strong> dve\u0159e, spr\u00e1vn\u00e9 usazen\u00ed a ut\u011bsn\u011bn\u00ed jsou nezbytn\u00e9 pro komfortn\u00ed a bezpe\u010dn\u00e9 sprchov\u00e1n\u00ed.<\/p>\n<p><strong>Nab\u00edz\u00edme odbornou mont\u00e1\u017e sprchov\u00fdch dve\u0159\u00ed v\u0161ech typ\u016f i zna\u010dek<\/strong>. Provedeme p\u0159esn\u00e9 zam\u011b\u0159en\u00ed, p\u0159\u00edpravu podkladu a profesion\u00e1ln\u00ed instalaci na <strong>sprchovou vani\u010dku<\/strong> \u010di podlahu se <strong>sprchov\u00fdm \u017elabem<\/strong>. Samoz\u0159ejmost\u00ed je d\u016fsledn\u00e1 kontrola funk\u010dnosti a \u010dist\u00fd v\u00fdstup po dokon\u010den\u00ed prac\u00ed.<\/p>\n<p><strong>Mont\u00e1\u017e sprchov\u00fdch dve\u0159\u00ed p\u0159enechte odborn\u00edk\u016fm<\/strong>, vyhnete se tak zbyte\u010dn\u00fdm komplikac\u00edm a zajist\u00edte si precizn\u00ed v\u00fdsledek. Pracujeme rychle, spolehliv\u011b a db\u00e1me na ka\u017ed\u00fd detail. Kontaktujte n\u00e1s a sd\u011blte n\u00e1m sv\u00e9 po\u017eadavky, r\u00e1di v\u00e1m pom\u016f\u017eeme.<\/p>\n<p><strong>Mont\u00e1\u017e sprchov\u00fdch dve\u0159\u00ed<\/strong> nab\u00edz\u00edme pouze pro <strong>N\u00e1chodsko<\/strong> a <strong>Trutnovsko<\/strong>.<\/p>\n<\/div><\/div>\n<\/p><\/div>\n<\/p><\/div>\n<\/p><\/div>\n<\/p><\/div>\n","protected":false},"excerpt":{"rendered":"<p>Popis produktu Mereo Lima Sprchov\u00e9 dve\u0159e 100cm dvouk\u0159\u00eddl\u00e9 chrom alu sklo Point Lima je \u0159ada sprchov\u00fdch kout\u016f Mereo, kter\u00e1 navod\u00ed pocit \u010dist\u00e9ho designu v ka\u017ed\u00e9 modern\u00ed koupeln\u011b. Rovn\u00e9 hladk\u00e9 plochy, \u010dist\u00e9 linie a ostr\u00e9 hrany profil\u016f umoc\u0148uj\u00ed pocit exkluzivity. Kvalitn\u00ed sklen\u011bn\u00e9 v\u00fdpln\u011b s bezpe\u010dnostn\u00edm sklem. Tento kout nab\u00edz\u00edme v nepr\u016fhledn\u00e9m proveden\u00ed se sklem Point, kter\u00e9 [&hellip;]<\/p>\n","protected":false},"featured_media":54889,"comment_status":"open","ping_status":"open","template":"","meta":[],"product_brand":[],"product_cat":[90],"product_tag":[],"class_list":{"0":"post-54789","1":"product","2":"type-product","3":"status-publish","4":"has-post-thumbnail","6":"product_cat-koupelny","8":"first","9":"instock","10":"sale","11":"shipping-taxable","12":"purchasable","13":"product-type-simple"},"yoast_head":"<!-- This site is optimized with the Yoast SEO plugin v26.8 - https:\/\/yoast.com\/product\/yoast-seo-wordpress\/ -->\n<title>Akce Mereo Lima Sprchov\u00e9 dve\u0159e 100cm dvouk\u0159\u00eddl\u00e9 chrom alu sklo Point -<\/title>\n<meta name=\"robots\" content=\"index, follow, max-snippet:-1, max-image-preview:large, max-video-preview:-1\" \/>\n<link rel=\"canonical\" href=\"https:\/\/www.domkraftpro.com\/index.php\/produkt\/akce-mereo-lima-sprchove-dvere-100cm-dvoukridle-chrom-alu-sklo-point-54789\/\" \/>\n<meta property=\"og:locale\" content=\"cs_CZ\" \/>\n<meta property=\"og:type\" content=\"article\" \/>\n<meta property=\"og:title\" content=\"Akce Mereo Lima Sprchov\u00e9 dve\u0159e 100cm dvouk\u0159\u00eddl\u00e9 chrom alu sklo Point -\" \/>\n<meta property=\"og:description\" content=\"Popis produktu Mereo Lima Sprchov\u00e9 dve\u0159e 100cm dvouk\u0159\u00eddl\u00e9 chrom alu sklo Point Lima je \u0159ada sprchov\u00fdch kout\u016f Mereo, kter\u00e1 navod\u00ed pocit \u010dist\u00e9ho designu v ka\u017ed\u00e9 modern\u00ed koupeln\u011b. Rovn\u00e9 hladk\u00e9 plochy, \u010dist\u00e9 linie a ostr\u00e9 hrany profil\u016f umoc\u0148uj\u00ed pocit exkluzivity. Kvalitn\u00ed sklen\u011bn\u00e9 v\u00fdpln\u011b s bezpe\u010dnostn\u00edm sklem. Tento kout nab\u00edz\u00edme v nepr\u016fhledn\u00e9m proveden\u00ed se sklem Point, kter\u00e9 [&hellip;]\" \/>\n<meta property=\"og:url\" content=\"https:\/\/www.domkraftpro.com\/index.php\/produkt\/akce-mereo-lima-sprchove-dvere-100cm-dvoukridle-chrom-alu-sklo-point-54789\/\" \/>\n<meta property=\"og:image\" content=\"https:\/\/www.domkraftpro.com\/wp-content\/uploads\/2026\/SK0009329-CZ20260425-092632-0-1777080397-mereo-lima-sprchove-dvere-100cm-dvoukridle-chrom-alu-sklo-p.webp\" \/>\n\t<meta property=\"og:image:width\" content=\"600\" \/>\n\t<meta property=\"og:image:height\" content=\"600\" \/>\n\t<meta property=\"og:image:type\" content=\"image\/webp\" \/>\n<meta name=\"twitter:card\" content=\"summary_large_image\" \/>\n<meta name=\"twitter:label1\" content=\"Odhadovan\u00e1 doba \u010dten\u00ed\" \/>\n\t<meta name=\"twitter:data1\" content=\"2 minuty\" \/>\n<script type=\"application\/ld+json\" class=\"yoast-schema-graph\">{\"@context\":\"https:\/\/schema.org\",\"@graph\":[{\"@type\":\"WebPage\",\"@id\":\"https:\/\/www.domkraftpro.com\/index.php\/produkt\/akce-mereo-lima-sprchove-dvere-100cm-dvoukridle-chrom-alu-sklo-point-54789\/\",\"url\":\"https:\/\/www.domkraftpro.com\/index.php\/produkt\/akce-mereo-lima-sprchove-dvere-100cm-dvoukridle-chrom-alu-sklo-point-54789\/\",\"name\":\"Akce Mereo Lima Sprchov\u00e9 dve\u0159e 100cm dvouk\u0159\u00eddl\u00e9 chrom alu sklo Point -\",\"isPartOf\":{\"@id\":\"https:\/\/www.domkraftpro.com\/#website\"},\"primaryImageOfPage\":{\"@id\":\"https:\/\/www.domkraftpro.com\/index.php\/produkt\/akce-mereo-lima-sprchove-dvere-100cm-dvoukridle-chrom-alu-sklo-point-54789\/#primaryimage\"},\"image\":{\"@id\":\"https:\/\/www.domkraftpro.com\/index.php\/produkt\/akce-mereo-lima-sprchove-dvere-100cm-dvoukridle-chrom-alu-sklo-point-54789\/#primaryimage\"},\"thumbnailUrl\":\"https:\/\/www.domkraftpro.com\/wp-content\/uploads\/2026\/SK0009329-CZ20260425-092632-0-1777080397-mereo-lima-sprchove-dvere-100cm-dvoukridle-chrom-alu-sklo-p.webp\",\"datePublished\":\"2026-04-27T04:42:52+00:00\",\"breadcrumb\":{\"@id\":\"https:\/\/www.domkraftpro.com\/index.php\/produkt\/akce-mereo-lima-sprchove-dvere-100cm-dvoukridle-chrom-alu-sklo-point-54789\/#breadcrumb\"},\"inLanguage\":\"cs\",\"potentialAction\":[{\"@type\":\"ReadAction\",\"target\":[\"https:\/\/www.domkraftpro.com\/index.php\/produkt\/akce-mereo-lima-sprchove-dvere-100cm-dvoukridle-chrom-alu-sklo-point-54789\/\"]}]},{\"@type\":\"ImageObject\",\"inLanguage\":\"cs\",\"@id\":\"https:\/\/www.domkraftpro.com\/index.php\/produkt\/akce-mereo-lima-sprchove-dvere-100cm-dvoukridle-chrom-alu-sklo-point-54789\/#primaryimage\",\"url\":\"https:\/\/www.domkraftpro.com\/wp-content\/uploads\/2026\/SK0009329-CZ20260425-092632-0-1777080397-mereo-lima-sprchove-dvere-100cm-dvoukridle-chrom-alu-sklo-p.webp\",\"contentUrl\":\"https:\/\/www.domkraftpro.com\/wp-content\/uploads\/2026\/SK0009329-CZ20260425-092632-0-1777080397-mereo-lima-sprchove-dvere-100cm-dvoukridle-chrom-alu-sklo-p.webp\",\"width\":600,\"height\":600},{\"@type\":\"BreadcrumbList\",\"@id\":\"https:\/\/www.domkraftpro.com\/index.php\/produkt\/akce-mereo-lima-sprchove-dvere-100cm-dvoukridle-chrom-alu-sklo-point-54789\/#breadcrumb\",\"itemListElement\":[{\"@type\":\"ListItem\",\"position\":1,\"name\":\"Home\",\"item\":\"https:\/\/www.domkraftpro.com\/\"},{\"@type\":\"ListItem\",\"position\":2,\"name\":\"Products\",\"item\":\"https:\/\/www.domkraftpro.com\/index.php\/products\/\"},{\"@type\":\"ListItem\",\"position\":3,\"name\":\"Akce Mereo Lima Sprchov\u00e9 dve\u0159e 100cm dvouk\u0159\u00eddl\u00e9 chrom alu sklo Point\"}]},{\"@type\":\"WebSite\",\"@id\":\"https:\/\/www.domkraftpro.com\/#website\",\"url\":\"https:\/\/www.domkraftpro.com\/\",\"name\":\"\",\"description\":\"\",\"potentialAction\":[{\"@type\":\"SearchAction\",\"target\":{\"@type\":\"EntryPoint\",\"urlTemplate\":\"https:\/\/www.domkraftpro.com\/?s={search_term_string}\"},\"query-input\":{\"@type\":\"PropertyValueSpecification\",\"valueRequired\":true,\"valueName\":\"search_term_string\"}}],\"inLanguage\":\"cs\"}]}<\/script>\n<!-- \/ Yoast SEO plugin. -->","yoast_head_json":{"title":"Akce Mereo Lima Sprchov\u00e9 dve\u0159e 100cm dvouk\u0159\u00eddl\u00e9 chrom alu sklo Point -","robots":{"index":"index","follow":"follow","max-snippet":"max-snippet:-1","max-image-preview":"max-image-preview:large","max-video-preview":"max-video-preview:-1"},"canonical":"https:\/\/www.domkraftpro.com\/index.php\/produkt\/akce-mereo-lima-sprchove-dvere-100cm-dvoukridle-chrom-alu-sklo-point-54789\/","og_locale":"cs_CZ","og_type":"article","og_title":"Akce Mereo Lima Sprchov\u00e9 dve\u0159e 100cm dvouk\u0159\u00eddl\u00e9 chrom alu sklo Point -","og_description":"Popis produktu Mereo Lima Sprchov\u00e9 dve\u0159e 100cm dvouk\u0159\u00eddl\u00e9 chrom alu sklo Point Lima je \u0159ada sprchov\u00fdch kout\u016f Mereo, kter\u00e1 navod\u00ed pocit \u010dist\u00e9ho designu v ka\u017ed\u00e9 modern\u00ed koupeln\u011b. Rovn\u00e9 hladk\u00e9 plochy, \u010dist\u00e9 linie a ostr\u00e9 hrany profil\u016f umoc\u0148uj\u00ed pocit exkluzivity. Kvalitn\u00ed sklen\u011bn\u00e9 v\u00fdpln\u011b s bezpe\u010dnostn\u00edm sklem. Tento kout nab\u00edz\u00edme v nepr\u016fhledn\u00e9m proveden\u00ed se sklem Point, kter\u00e9 [&hellip;]","og_url":"https:\/\/www.domkraftpro.com\/index.php\/produkt\/akce-mereo-lima-sprchove-dvere-100cm-dvoukridle-chrom-alu-sklo-point-54789\/","og_image":[{"width":600,"height":600,"url":"https:\/\/www.domkraftpro.com\/wp-content\/uploads\/2026\/SK0009329-CZ20260425-092632-0-1777080397-mereo-lima-sprchove-dvere-100cm-dvoukridle-chrom-alu-sklo-p.webp","type":"image\/webp"}],"twitter_card":"summary_large_image","twitter_misc":{"Odhadovan\u00e1 doba \u010dten\u00ed":"2 minuty"},"schema":{"@context":"https:\/\/schema.org","@graph":[{"@type":"WebPage","@id":"https:\/\/www.domkraftpro.com\/index.php\/produkt\/akce-mereo-lima-sprchove-dvere-100cm-dvoukridle-chrom-alu-sklo-point-54789\/","url":"https:\/\/www.domkraftpro.com\/index.php\/produkt\/akce-mereo-lima-sprchove-dvere-100cm-dvoukridle-chrom-alu-sklo-point-54789\/","name":"Akce Mereo Lima Sprchov\u00e9 dve\u0159e 100cm dvouk\u0159\u00eddl\u00e9 chrom alu sklo Point -","isPartOf":{"@id":"https:\/\/www.domkraftpro.com\/#website"},"primaryImageOfPage":{"@id":"https:\/\/www.domkraftpro.com\/index.php\/produkt\/akce-mereo-lima-sprchove-dvere-100cm-dvoukridle-chrom-alu-sklo-point-54789\/#primaryimage"},"image":{"@id":"https:\/\/www.domkraftpro.com\/index.php\/produkt\/akce-mereo-lima-sprchove-dvere-100cm-dvoukridle-chrom-alu-sklo-point-54789\/#primaryimage"},"thumbnailUrl":"https:\/\/www.domkraftpro.com\/wp-content\/uploads\/2026\/SK0009329-CZ20260425-092632-0-1777080397-mereo-lima-sprchove-dvere-100cm-dvoukridle-chrom-alu-sklo-p.webp","datePublished":"2026-04-27T04:42:52+00:00","breadcrumb":{"@id":"https:\/\/www.domkraftpro.com\/index.php\/produkt\/akce-mereo-lima-sprchove-dvere-100cm-dvoukridle-chrom-alu-sklo-point-54789\/#breadcrumb"},"inLanguage":"cs","potentialAction":[{"@type":"ReadAction","target":["https:\/\/www.domkraftpro.com\/index.php\/produkt\/akce-mereo-lima-sprchove-dvere-100cm-dvoukridle-chrom-alu-sklo-point-54789\/"]}]},{"@type":"ImageObject","inLanguage":"cs","@id":"https:\/\/www.domkraftpro.com\/index.php\/produkt\/akce-mereo-lima-sprchove-dvere-100cm-dvoukridle-chrom-alu-sklo-point-54789\/#primaryimage","url":"https:\/\/www.domkraftpro.com\/wp-content\/uploads\/2026\/SK0009329-CZ20260425-092632-0-1777080397-mereo-lima-sprchove-dvere-100cm-dvoukridle-chrom-alu-sklo-p.webp","contentUrl":"https:\/\/www.domkraftpro.com\/wp-content\/uploads\/2026\/SK0009329-CZ20260425-092632-0-1777080397-mereo-lima-sprchove-dvere-100cm-dvoukridle-chrom-alu-sklo-p.webp","width":600,"height":600},{"@type":"BreadcrumbList","@id":"https:\/\/www.domkraftpro.com\/index.php\/produkt\/akce-mereo-lima-sprchove-dvere-100cm-dvoukridle-chrom-alu-sklo-point-54789\/#breadcrumb","itemListElement":[{"@type":"ListItem","position":1,"name":"Home","item":"https:\/\/www.domkraftpro.com\/"},{"@type":"ListItem","position":2,"name":"Products","item":"https:\/\/www.domkraftpro.com\/index.php\/products\/"},{"@type":"ListItem","position":3,"name":"Akce Mereo Lima Sprchov\u00e9 dve\u0159e 100cm dvouk\u0159\u00eddl\u00e9 chrom alu sklo Point"}]},{"@type":"WebSite","@id":"https:\/\/www.domkraftpro.com\/#website","url":"https:\/\/www.domkraftpro.com\/","name":"","description":"","potentialAction":[{"@type":"SearchAction","target":{"@type":"EntryPoint","urlTemplate":"https:\/\/www.domkraftpro.com\/?s={search_term_string}"},"query-input":{"@type":"PropertyValueSpecification","valueRequired":true,"valueName":"search_term_string"}}],"inLanguage":"cs"}]}},"_links":{"self":[{"href":"https:\/\/www.domkraftpro.com\/index.php\/wp-json\/wp\/v2\/product\/54789","targetHints":{"allow":["GET"]}}],"collection":[{"href":"https:\/\/www.domkraftpro.com\/index.php\/wp-json\/wp\/v2\/product"}],"about":[{"href":"https:\/\/www.domkraftpro.com\/index.php\/wp-json\/wp\/v2\/types\/product"}],"replies":[{"embeddable":true,"href":"https:\/\/www.domkraftpro.com\/index.php\/wp-json\/wp\/v2\/comments?post=54789"}],"wp:featuredmedia":[{"embeddable":true,"href":"https:\/\/www.domkraftpro.com\/index.php\/wp-json\/wp\/v2\/media\/54889"}],"wp:attachment":[{"href":"https:\/\/www.domkraftpro.com\/index.php\/wp-json\/wp\/v2\/media?parent=54789"}],"wp:term":[{"taxonomy":"product_brand","embeddable":true,"href":"https:\/\/www.domkraftpro.com\/index.php\/wp-json\/wp\/v2\/product_brand?post=54789"},{"taxonomy":"product_cat","embeddable":true,"href":"https:\/\/www.domkraftpro.com\/index.php\/wp-json\/wp\/v2\/product_cat?post=54789"},{"taxonomy":"product_tag","embeddable":true,"href":"https:\/\/www.domkraftpro.com\/index.php\/wp-json\/wp\/v2\/product_tag?post=54789"}],"curies":[{"name":"wp","href":"https:\/\/api.w.org\/{rel}","templated":true}]}}