{"id":54741,"date":"2026-04-27T04:42:52","date_gmt":"2026-04-27T04:42:52","guid":{"rendered":""},"modified":"2026-04-27T04:42:52","modified_gmt":"2026-04-27T04:42:52","slug":"nizka-cena-samonasavaci-cerpadlo-dab-jetinox-54741","status":"publish","type":"product","link":"https:\/\/www.domkraftpro.com\/produkt\/nizka-cena-samonasavaci-cerpadlo-dab-jetinox-54741\/","title":{"rendered":"N\u00edzk\u00e1 Cena Samonas\u00e1vac\u00ed \u010derpadlo DAB.JETINOX"},"content":{"rendered":"<div class=\"ProductDetail-content NoFixImageContainer\" id=\"productDescription\">\n<div class=\"Heading\">\n<h2 class=\"Heading-title\">Popis produktu <span class=''>Samonas\u00e1vac\u00ed \u010derpadlo DAB.JETINOX<\/span><\/h2>\n<\/p><\/div>\n<div class=\"ProductDetailContent\">\n<p><span style=\"font-size:16px\">JET: T\u011bleso \u010derpadla z&nbsp;litiny<\/span><\/p>\n<p><span style=\"font-size:16px\">JETINOX: T\u011bleso \u010derpadla z&nbsp;nerezu<\/span><\/p>\n<p><span style=\"font-size:16px\">JETCOM: T\u011bleso \u010derpadla z&nbsp;technopolymeru<\/span><\/p>\n<ul>\n<li><span style=\"font-size:16px\">\u010cerpadla typu JET s&nbsp;vestav\u011bn\u00fdm ejektorem a jedn\u00edm multifunk\u010dn\u00edm ob\u011b\u017en\u00fdm kolem.<\/span><\/li>\n<li><span style=\"font-size:16px\">Uzav\u0159en\u00fd asynchronn\u00ed motor chlazen\u00fd vn\u011bj\u0161\u00ed ventilac\u00ed.<\/span><\/li>\n<li><span style=\"font-size:16px\">Vestav\u011bn\u00e1 tepeln\u00e1 ochrana a kondenz\u00e1tor u&nbsp;jednof\u00e1zov\u00e9 verze.<\/span><\/li>\n<li><span style=\"font-size:16px\">Pro t\u0159\u00edf\u00e1zov\u00e9 motory je nutno pou\u017e\u00edt vhodn\u00e9 ochrany motoru proti p\u0159et\u00ed\u017een\u00ed.<\/span><\/li>\n<li><span style=\"font-size:16px\">Stupe\u0148 kryt\u00ed: IP44.<\/span><\/li>\n<li><span style=\"font-size:16px\">T\u0159\u00edda izolace: F.<\/span><\/li>\n<li><span style=\"font-size:16px\">Stupe\u0148 kryt\u00ed svorkovnice: IP55 pro jednof\u00e1zovou verzi.<\/span><\/li>\n<li><span style=\"font-size:16px\">Provedeno podle normy CEI 2-3 a CEI 61-69 (EN 60335-2-41).<\/span><\/li>\n<li><span style=\"font-size:16px\">Provozn\u00ed rozsah: od 0,4 a\u017e do&nbsp;10,5 m3\/h, s&nbsp;v\u00fdtlakem do 62 m.<\/span><\/li>\n<li><span style=\"font-size:16px\">Rozsah teploty kapaliny:<\/span><\/li>\n<\/ul>\n<p style=\"margin-left:3.75pt\"><span style=\"font-size:16px\">od 0 \u00b0C do +35 \u00b0C (EN 60335 &#8211; 2 &#8211; 41 pro dom\u00e1c\u00ed pou\u017eit\u00ed)<br \/>od 0 \u00b0C do +40 \u00b0C (pro ostatn\u00ed pou\u017eit\u00ed)<\/span><\/p>\n<ul>\n<li><span style=\"font-size:16px\">\u010cerpan\u00e1 kapalina: \u010dist\u00e1, bez pevn\u00fdch a abrazivn\u00edch l\u00e1tek, neagresivn\u00ed, nevisk\u00f3zn\u00ed, nekrystalizuj\u00edc\u00ed, chemicky neutr\u00e1ln\u00ed, vlastnostmi bl\u00edzk\u00e1 vod\u011b<\/span><\/li>\n<li><span style=\"font-size:16px\">Max. pracovn\u00ed tlak:<\/span><\/li>\n<\/ul>\n<p style=\"margin-left:3.75pt\"><span style=\"font-size:16px\">JET 6 bar (600 kPa)<br \/>JETINOX 8 bar (800 kPa)<br \/>JETCOM 6 bar (600 kPa)<br \/>JET 200-300-151-251 8 bar (800 kPa)<\/span><\/p>\n<\/p><\/div>\n<div class=\"ProductDetailContent\">                                                                    <\/div>\n<\/p><\/div>\n<\/p><\/div>\n<\/p><\/div>\n","protected":false},"excerpt":{"rendered":"<p>Popis produktu Samonas\u00e1vac\u00ed \u010derpadlo DAB.JETINOX JET: T\u011bleso \u010derpadla z&nbsp;litiny JETINOX: T\u011bleso \u010derpadla z&nbsp;nerezu JETCOM: T\u011bleso \u010derpadla z&nbsp;technopolymeru \u010cerpadla typu JET s&nbsp;vestav\u011bn\u00fdm ejektorem a jedn\u00edm multifunk\u010dn\u00edm ob\u011b\u017en\u00fdm kolem. Uzav\u0159en\u00fd asynchronn\u00ed motor chlazen\u00fd vn\u011bj\u0161\u00ed ventilac\u00ed. Vestav\u011bn\u00e1 tepeln\u00e1 ochrana a kondenz\u00e1tor u&nbsp;jednof\u00e1zov\u00e9 verze. Pro t\u0159\u00edf\u00e1zov\u00e9 motory je nutno pou\u017e\u00edt vhodn\u00e9 ochrany motoru proti p\u0159et\u00ed\u017een\u00ed. Stupe\u0148 kryt\u00ed: IP44. T\u0159\u00edda [&hellip;]<\/p>\n","protected":false},"featured_media":54841,"template":"","meta":[],"product_brand":[],"product_cat":[122],"product_tag":[],"class_list":{"0":"post-54741","1":"product","2":"type-product","3":"status-publish","4":"has-post-thumbnail","6":"product_cat-septiky-jimky-nadrze","8":"first","9":"instock","10":"sale","11":"shipping-taxable","12":"purchasable","13":"product-type-simple"},"yoast_head":"<!-- This site is optimized with the Yoast SEO plugin v26.8 - https:\/\/yoast.com\/product\/yoast-seo-wordpress\/ -->\n<title>N\u00edzk\u00e1 Cena Samonas\u00e1vac\u00ed \u010derpadlo DAB.JETINOX - Koupelna &amp; N\u00e1\u0159ad\u00ed &amp; Osv\u011btlen\u00ed a Stavebn\u00ed pot\u0159by<\/title>\n<meta name=\"robots\" content=\"index, follow, max-snippet:-1, max-image-preview:large, max-video-preview:-1\" \/>\n<link rel=\"canonical\" href=\"https:\/\/www.domkraftpro.com\/index.php\/produkt\/nizka-cena-samonasavaci-cerpadlo-dab-jetinox-54741\/\" \/>\n<meta property=\"og:locale\" content=\"cs_CZ\" \/>\n<meta property=\"og:type\" content=\"article\" \/>\n<meta property=\"og:title\" content=\"N\u00edzk\u00e1 Cena Samonas\u00e1vac\u00ed \u010derpadlo DAB.JETINOX - Koupelna &amp; N\u00e1\u0159ad\u00ed &amp; Osv\u011btlen\u00ed a Stavebn\u00ed pot\u0159by\" \/>\n<meta property=\"og:description\" content=\"Popis produktu Samonas\u00e1vac\u00ed \u010derpadlo DAB.JETINOX JET: T\u011bleso \u010derpadla z&nbsp;litiny JETINOX: T\u011bleso \u010derpadla z&nbsp;nerezu JETCOM: T\u011bleso \u010derpadla z&nbsp;technopolymeru \u010cerpadla typu JET s&nbsp;vestav\u011bn\u00fdm ejektorem a jedn\u00edm multifunk\u010dn\u00edm ob\u011b\u017en\u00fdm kolem. Uzav\u0159en\u00fd asynchronn\u00ed motor chlazen\u00fd vn\u011bj\u0161\u00ed ventilac\u00ed. Vestav\u011bn\u00e1 tepeln\u00e1 ochrana a kondenz\u00e1tor u&nbsp;jednof\u00e1zov\u00e9 verze. Pro t\u0159\u00edf\u00e1zov\u00e9 motory je nutno pou\u017e\u00edt vhodn\u00e9 ochrany motoru proti p\u0159et\u00ed\u017een\u00ed. Stupe\u0148 kryt\u00ed: IP44. T\u0159\u00edda [&hellip;]\" \/>\n<meta property=\"og:url\" content=\"https:\/\/www.domkraftpro.com\/index.php\/produkt\/nizka-cena-samonasavaci-cerpadlo-dab-jetinox-54741\/\" \/>\n<meta property=\"og:site_name\" content=\"Koupelna &amp; N\u00e1\u0159ad\u00ed &amp; Osv\u011btlen\u00ed a Stavebn\u00ed pot\u0159by\" \/>\n<meta property=\"og:image\" content=\"https:\/\/www.domkraftpro.com\/wp-content\/uploads\/2026\/SK0009274-CZ20260425-092632-0-1777080397-samonasavaci-cerpadlo-dab-jetinox-150141.webp\" \/>\n\t<meta property=\"og:image:width\" content=\"600\" \/>\n\t<meta property=\"og:image:height\" content=\"415\" \/>\n\t<meta property=\"og:image:type\" content=\"image\/webp\" \/>\n<meta name=\"twitter:card\" content=\"summary_large_image\" \/>\n<meta name=\"twitter:label1\" content=\"Odhadovan\u00e1 doba \u010dten\u00ed\" \/>\n\t<meta name=\"twitter:data1\" content=\"1 minuta\" \/>\n<script type=\"application\/ld+json\" class=\"yoast-schema-graph\">{\"@context\":\"https:\/\/schema.org\",\"@graph\":[{\"@type\":\"WebPage\",\"@id\":\"https:\/\/www.domkraftpro.com\/index.php\/produkt\/nizka-cena-samonasavaci-cerpadlo-dab-jetinox-54741\/\",\"url\":\"https:\/\/www.domkraftpro.com\/index.php\/produkt\/nizka-cena-samonasavaci-cerpadlo-dab-jetinox-54741\/\",\"name\":\"N\u00edzk\u00e1 Cena Samonas\u00e1vac\u00ed \u010derpadlo DAB.JETINOX - Koupelna &amp; N\u00e1\u0159ad\u00ed &amp; Osv\u011btlen\u00ed a Stavebn\u00ed pot\u0159by\",\"isPartOf\":{\"@id\":\"https:\/\/www.domkraftpro.com\/#website\"},\"primaryImageOfPage\":{\"@id\":\"https:\/\/www.domkraftpro.com\/index.php\/produkt\/nizka-cena-samonasavaci-cerpadlo-dab-jetinox-54741\/#primaryimage\"},\"image\":{\"@id\":\"https:\/\/www.domkraftpro.com\/index.php\/produkt\/nizka-cena-samonasavaci-cerpadlo-dab-jetinox-54741\/#primaryimage\"},\"thumbnailUrl\":\"https:\/\/www.domkraftpro.com\/wp-content\/uploads\/2026\/SK0009274-CZ20260425-092632-0-1777080397-samonasavaci-cerpadlo-dab-jetinox-150141.webp\",\"datePublished\":\"2026-04-27T04:42:52+00:00\",\"breadcrumb\":{\"@id\":\"https:\/\/www.domkraftpro.com\/index.php\/produkt\/nizka-cena-samonasavaci-cerpadlo-dab-jetinox-54741\/#breadcrumb\"},\"inLanguage\":\"cs\",\"potentialAction\":[{\"@type\":\"ReadAction\",\"target\":[\"https:\/\/www.domkraftpro.com\/index.php\/produkt\/nizka-cena-samonasavaci-cerpadlo-dab-jetinox-54741\/\"]}]},{\"@type\":\"ImageObject\",\"inLanguage\":\"cs\",\"@id\":\"https:\/\/www.domkraftpro.com\/index.php\/produkt\/nizka-cena-samonasavaci-cerpadlo-dab-jetinox-54741\/#primaryimage\",\"url\":\"https:\/\/www.domkraftpro.com\/wp-content\/uploads\/2026\/SK0009274-CZ20260425-092632-0-1777080397-samonasavaci-cerpadlo-dab-jetinox-150141.webp\",\"contentUrl\":\"https:\/\/www.domkraftpro.com\/wp-content\/uploads\/2026\/SK0009274-CZ20260425-092632-0-1777080397-samonasavaci-cerpadlo-dab-jetinox-150141.webp\",\"width\":600,\"height\":415},{\"@type\":\"BreadcrumbList\",\"@id\":\"https:\/\/www.domkraftpro.com\/index.php\/produkt\/nizka-cena-samonasavaci-cerpadlo-dab-jetinox-54741\/#breadcrumb\",\"itemListElement\":[{\"@type\":\"ListItem\",\"position\":1,\"name\":\"Home\",\"item\":\"https:\/\/www.domkraftpro.com\/\"},{\"@type\":\"ListItem\",\"position\":2,\"name\":\"Products\",\"item\":\"https:\/\/www.domkraftpro.com\/products\/\"},{\"@type\":\"ListItem\",\"position\":3,\"name\":\"N\u00edzk\u00e1 Cena Samonas\u00e1vac\u00ed \u010derpadlo DAB.JETINOX\"}]},{\"@type\":\"WebSite\",\"@id\":\"https:\/\/www.domkraftpro.com\/#website\",\"url\":\"https:\/\/www.domkraftpro.com\/\",\"name\":\"Koupelna &amp; N\u00e1\u0159ad\u00ed &amp; Osv\u011btlen\u00ed a Stavebn\u00ed pot\u0159by\",\"description\":\"Koupelna &amp; N\u00e1\u0159ad\u00ed &amp; Osv\u011btlen\u00ed a Stavebn\u00ed pot\u0159by\",\"publisher\":{\"@id\":\"https:\/\/www.domkraftpro.com\/#organization\"},\"potentialAction\":[{\"@type\":\"SearchAction\",\"target\":{\"@type\":\"EntryPoint\",\"urlTemplate\":\"https:\/\/www.domkraftpro.com\/?s={search_term_string}\"},\"query-input\":{\"@type\":\"PropertyValueSpecification\",\"valueRequired\":true,\"valueName\":\"search_term_string\"}}],\"inLanguage\":\"cs\"},{\"@type\":\"Organization\",\"@id\":\"https:\/\/www.domkraftpro.com\/#organization\",\"name\":\"Koupelna &amp; N\u00e1\u0159ad\u00ed &amp; Osv\u011btlen\u00ed a Stavebn\u00ed pot\u0159by\",\"url\":\"https:\/\/www.domkraftpro.com\/\",\"logo\":{\"@type\":\"ImageObject\",\"inLanguage\":\"cs\",\"@id\":\"https:\/\/www.domkraftpro.com\/#\/schema\/logo\/image\/\",\"url\":\"https:\/\/www.domkraftpro.com\/wp-content\/uploads\/2026\/04\/domkraftpro_logo.svg\",\"contentUrl\":\"https:\/\/www.domkraftpro.com\/wp-content\/uploads\/2026\/04\/domkraftpro_logo.svg\",\"width\":760,\"height\":180,\"caption\":\"Koupelna &amp; N\u00e1\u0159ad\u00ed &amp; Osv\u011btlen\u00ed a Stavebn\u00ed pot\u0159by\"},\"image\":{\"@id\":\"https:\/\/www.domkraftpro.com\/#\/schema\/logo\/image\/\"}}]}<\/script>\n<!-- \/ Yoast SEO plugin. -->","yoast_head_json":{"title":"N\u00edzk\u00e1 Cena Samonas\u00e1vac\u00ed \u010derpadlo DAB.JETINOX - Koupelna &amp; N\u00e1\u0159ad\u00ed &amp; Osv\u011btlen\u00ed a Stavebn\u00ed pot\u0159by","robots":{"index":"index","follow":"follow","max-snippet":"max-snippet:-1","max-image-preview":"max-image-preview:large","max-video-preview":"max-video-preview:-1"},"canonical":"https:\/\/www.domkraftpro.com\/index.php\/produkt\/nizka-cena-samonasavaci-cerpadlo-dab-jetinox-54741\/","og_locale":"cs_CZ","og_type":"article","og_title":"N\u00edzk\u00e1 Cena Samonas\u00e1vac\u00ed \u010derpadlo DAB.JETINOX - Koupelna &amp; N\u00e1\u0159ad\u00ed &amp; Osv\u011btlen\u00ed a Stavebn\u00ed pot\u0159by","og_description":"Popis produktu Samonas\u00e1vac\u00ed \u010derpadlo DAB.JETINOX JET: T\u011bleso \u010derpadla z&nbsp;litiny JETINOX: T\u011bleso \u010derpadla z&nbsp;nerezu JETCOM: T\u011bleso \u010derpadla z&nbsp;technopolymeru \u010cerpadla typu JET s&nbsp;vestav\u011bn\u00fdm ejektorem a jedn\u00edm multifunk\u010dn\u00edm ob\u011b\u017en\u00fdm kolem. Uzav\u0159en\u00fd asynchronn\u00ed motor chlazen\u00fd vn\u011bj\u0161\u00ed ventilac\u00ed. Vestav\u011bn\u00e1 tepeln\u00e1 ochrana a kondenz\u00e1tor u&nbsp;jednof\u00e1zov\u00e9 verze. Pro t\u0159\u00edf\u00e1zov\u00e9 motory je nutno pou\u017e\u00edt vhodn\u00e9 ochrany motoru proti p\u0159et\u00ed\u017een\u00ed. Stupe\u0148 kryt\u00ed: IP44. T\u0159\u00edda [&hellip;]","og_url":"https:\/\/www.domkraftpro.com\/index.php\/produkt\/nizka-cena-samonasavaci-cerpadlo-dab-jetinox-54741\/","og_site_name":"Koupelna &amp; N\u00e1\u0159ad\u00ed &amp; Osv\u011btlen\u00ed a Stavebn\u00ed pot\u0159by","og_image":[{"width":600,"height":415,"url":"https:\/\/www.domkraftpro.com\/wp-content\/uploads\/2026\/SK0009274-CZ20260425-092632-0-1777080397-samonasavaci-cerpadlo-dab-jetinox-150141.webp","type":"image\/webp"}],"twitter_card":"summary_large_image","twitter_misc":{"Odhadovan\u00e1 doba \u010dten\u00ed":"1 minuta"},"schema":{"@context":"https:\/\/schema.org","@graph":[{"@type":"WebPage","@id":"https:\/\/www.domkraftpro.com\/index.php\/produkt\/nizka-cena-samonasavaci-cerpadlo-dab-jetinox-54741\/","url":"https:\/\/www.domkraftpro.com\/index.php\/produkt\/nizka-cena-samonasavaci-cerpadlo-dab-jetinox-54741\/","name":"N\u00edzk\u00e1 Cena Samonas\u00e1vac\u00ed \u010derpadlo DAB.JETINOX - Koupelna &amp; N\u00e1\u0159ad\u00ed &amp; Osv\u011btlen\u00ed a Stavebn\u00ed pot\u0159by","isPartOf":{"@id":"https:\/\/www.domkraftpro.com\/#website"},"primaryImageOfPage":{"@id":"https:\/\/www.domkraftpro.com\/index.php\/produkt\/nizka-cena-samonasavaci-cerpadlo-dab-jetinox-54741\/#primaryimage"},"image":{"@id":"https:\/\/www.domkraftpro.com\/index.php\/produkt\/nizka-cena-samonasavaci-cerpadlo-dab-jetinox-54741\/#primaryimage"},"thumbnailUrl":"https:\/\/www.domkraftpro.com\/wp-content\/uploads\/2026\/SK0009274-CZ20260425-092632-0-1777080397-samonasavaci-cerpadlo-dab-jetinox-150141.webp","datePublished":"2026-04-27T04:42:52+00:00","breadcrumb":{"@id":"https:\/\/www.domkraftpro.com\/index.php\/produkt\/nizka-cena-samonasavaci-cerpadlo-dab-jetinox-54741\/#breadcrumb"},"inLanguage":"cs","potentialAction":[{"@type":"ReadAction","target":["https:\/\/www.domkraftpro.com\/index.php\/produkt\/nizka-cena-samonasavaci-cerpadlo-dab-jetinox-54741\/"]}]},{"@type":"ImageObject","inLanguage":"cs","@id":"https:\/\/www.domkraftpro.com\/index.php\/produkt\/nizka-cena-samonasavaci-cerpadlo-dab-jetinox-54741\/#primaryimage","url":"https:\/\/www.domkraftpro.com\/wp-content\/uploads\/2026\/SK0009274-CZ20260425-092632-0-1777080397-samonasavaci-cerpadlo-dab-jetinox-150141.webp","contentUrl":"https:\/\/www.domkraftpro.com\/wp-content\/uploads\/2026\/SK0009274-CZ20260425-092632-0-1777080397-samonasavaci-cerpadlo-dab-jetinox-150141.webp","width":600,"height":415},{"@type":"BreadcrumbList","@id":"https:\/\/www.domkraftpro.com\/index.php\/produkt\/nizka-cena-samonasavaci-cerpadlo-dab-jetinox-54741\/#breadcrumb","itemListElement":[{"@type":"ListItem","position":1,"name":"Home","item":"https:\/\/www.domkraftpro.com\/"},{"@type":"ListItem","position":2,"name":"Products","item":"https:\/\/www.domkraftpro.com\/products\/"},{"@type":"ListItem","position":3,"name":"N\u00edzk\u00e1 Cena Samonas\u00e1vac\u00ed \u010derpadlo DAB.JETINOX"}]},{"@type":"WebSite","@id":"https:\/\/www.domkraftpro.com\/#website","url":"https:\/\/www.domkraftpro.com\/","name":"Koupelna &amp; N\u00e1\u0159ad\u00ed &amp; Osv\u011btlen\u00ed a Stavebn\u00ed pot\u0159by","description":"Koupelna &amp; N\u00e1\u0159ad\u00ed &amp; Osv\u011btlen\u00ed a Stavebn\u00ed pot\u0159by","publisher":{"@id":"https:\/\/www.domkraftpro.com\/#organization"},"potentialAction":[{"@type":"SearchAction","target":{"@type":"EntryPoint","urlTemplate":"https:\/\/www.domkraftpro.com\/?s={search_term_string}"},"query-input":{"@type":"PropertyValueSpecification","valueRequired":true,"valueName":"search_term_string"}}],"inLanguage":"cs"},{"@type":"Organization","@id":"https:\/\/www.domkraftpro.com\/#organization","name":"Koupelna &amp; N\u00e1\u0159ad\u00ed &amp; Osv\u011btlen\u00ed a Stavebn\u00ed pot\u0159by","url":"https:\/\/www.domkraftpro.com\/","logo":{"@type":"ImageObject","inLanguage":"cs","@id":"https:\/\/www.domkraftpro.com\/#\/schema\/logo\/image\/","url":"https:\/\/www.domkraftpro.com\/wp-content\/uploads\/2026\/04\/domkraftpro_logo.svg","contentUrl":"https:\/\/www.domkraftpro.com\/wp-content\/uploads\/2026\/04\/domkraftpro_logo.svg","width":760,"height":180,"caption":"Koupelna &amp; N\u00e1\u0159ad\u00ed &amp; Osv\u011btlen\u00ed a Stavebn\u00ed pot\u0159by"},"image":{"@id":"https:\/\/www.domkraftpro.com\/#\/schema\/logo\/image\/"}}]}},"_links":{"self":[{"href":"https:\/\/www.domkraftpro.com\/wp-json\/wp\/v2\/product\/54741","targetHints":{"allow":["GET"]}}],"collection":[{"href":"https:\/\/www.domkraftpro.com\/wp-json\/wp\/v2\/product"}],"about":[{"href":"https:\/\/www.domkraftpro.com\/wp-json\/wp\/v2\/types\/product"}],"wp:featuredmedia":[{"embeddable":true,"href":"https:\/\/www.domkraftpro.com\/wp-json\/wp\/v2\/media\/54841"}],"wp:attachment":[{"href":"https:\/\/www.domkraftpro.com\/wp-json\/wp\/v2\/media?parent=54741"}],"wp:term":[{"taxonomy":"product_brand","embeddable":true,"href":"https:\/\/www.domkraftpro.com\/wp-json\/wp\/v2\/product_brand?post=54741"},{"taxonomy":"product_cat","embeddable":true,"href":"https:\/\/www.domkraftpro.com\/wp-json\/wp\/v2\/product_cat?post=54741"},{"taxonomy":"product_tag","embeddable":true,"href":"https:\/\/www.domkraftpro.com\/wp-json\/wp\/v2\/product_tag?post=54741"}],"curies":[{"name":"wp","href":"https:\/\/api.w.org\/{rel}","templated":true}]}}