{"id":54736,"date":"2026-04-27T04:42:52","date_gmt":"2026-04-27T04:42:52","guid":{"rendered":""},"modified":"2026-04-27T04:42:52","modified_gmt":"2026-04-27T04:42:52","slug":"cenova-bomba-esc-plus-system-rizeni-a-ochrany-dab-esc-plus-54736","status":"publish","type":"product","link":"https:\/\/www.domkraftpro.com\/produkt\/cenova-bomba-esc-plus-system-rizeni-a-ochrany-dab-esc-plus-54736\/","title":{"rendered":"Cenov\u00e1 Bomba ESC Plus syst\u00e9m \u0159\u00edzen\u00ed a ochrany DAB.ESC PLUS"},"content":{"rendered":"<div class=\"ProductDetail-content NoFixImageContainer\" id=\"productDescription\">\n<div class=\"Heading\">\n<h2 class=\"Heading-title\">Popis produktu <span class=''>ESC Plus syst\u00e9m \u0159\u00edzen\u00ed a ochrany DAB.ESC PLUS<\/span><\/h2>\n<\/p><\/div>\n<div class=\"ProductDetailContent\">\n<p><span style=\"font-size:16px\">Elektrick&eacute; za\u0159&iacute;zen&iacute; je ur\u010deno pro ochranu elektromotor\u016f a \u010derpadel pro vrtan&eacute; studny. Za\u0159&iacute;zen&iacute; chr&aacute;n&iacute; elektrick&aacute; \u010derpadle p\u0159ed:<\/span><\/p>\n<ul>\n<li><span style=\"font-size:16px\">nadproudem.<\/span><\/li>\n<li><span style=\"font-size:16px\">chyb\u011bj&iacute;c&iacute; f&aacute;z&iacute; (jen t\u0159&iacute;f&aacute;zov&aacute; verze).<\/span><\/li>\n<li><span style=\"font-size:16px\">zkratem.<\/span><\/li>\n<li><span style=\"font-size:16px\">chodem na sucho.<\/span><\/li>\n<li><span style=\"font-size:16px\">provozn&iacute; stav je signalizov&aacute;n LED diodami.<\/span><\/li>\n<\/ul>\n<p><span style=\"font-size:16px\">Hladina vody nen&iacute; kontrolov&aacute;na vodivostn&iacute;mi sondami, ale prost\u0159ednictv&iacute;m zm\u011bny cos &phi; (&uacute;\u010din&iacute;ku) motoru. V&nbsp;p\u0159&iacute;pad\u011b such&eacute;ho chodu je \u010derpadlo kr&aacute;tkodob\u011b vypnuto. Syst&eacute;m \u010dty\u0159ikr&aacute;t samo\u010dinn\u011b kontroluje, zda je po znovuspu&scaron;t\u011bn&iacute; dostatek vody pro provoz \u010derpadla. Potom z\u016fst&aacute;v&aacute; \u010derpadlo trvale vypnuto (bez vody).<\/span><\/p>\n<ul>\n<li><span style=\"font-size:16px\">Stupe\u0148 kryt&iacute;: IP54.<\/span><\/li>\n<li><span style=\"font-size:16px\">Provozn&iacute; teplota: od 0 &deg;C do +40 &deg;C.<\/span><\/li>\n<\/ul><\/div>\n<div class=\"ProductDetailContent\">                                                                    <\/div>\n<\/p><\/div>\n<\/p><\/div>\n<\/p><\/div>\n","protected":false},"excerpt":{"rendered":"<p>Popis produktu ESC Plus syst\u00e9m \u0159\u00edzen\u00ed a ochrany DAB.ESC PLUS Elektrick&eacute; za\u0159&iacute;zen&iacute; je ur\u010deno pro ochranu elektromotor\u016f a \u010derpadel pro vrtan&eacute; studny. Za\u0159&iacute;zen&iacute; chr&aacute;n&iacute; elektrick&aacute; \u010derpadle p\u0159ed: nadproudem. chyb\u011bj&iacute;c&iacute; f&aacute;z&iacute; (jen t\u0159&iacute;f&aacute;zov&aacute; verze). zkratem. chodem na sucho. provozn&iacute; stav je signalizov&aacute;n LED diodami. Hladina vody nen&iacute; kontrolov&aacute;na vodivostn&iacute;mi sondami, ale prost\u0159ednictv&iacute;m zm\u011bny cos &phi; (&uacute;\u010din&iacute;ku) [&hellip;]<\/p>\n","protected":false},"featured_media":54836,"template":"","meta":[],"product_brand":[],"product_cat":[122],"product_tag":[],"class_list":{"0":"post-54736","1":"product","2":"type-product","3":"status-publish","4":"has-post-thumbnail","6":"product_cat-septiky-jimky-nadrze","8":"first","9":"instock","10":"sale","11":"shipping-taxable","12":"purchasable","13":"product-type-simple"},"yoast_head":"<!-- This site is optimized with the Yoast SEO plugin v26.8 - https:\/\/yoast.com\/product\/yoast-seo-wordpress\/ -->\n<title>Cenov\u00e1 Bomba ESC Plus syst\u00e9m \u0159\u00edzen\u00ed a ochrany DAB.ESC PLUS - Koupelna &amp; N\u00e1\u0159ad\u00ed &amp; Osv\u011btlen\u00ed a Stavebn\u00ed pot\u0159by<\/title>\n<meta name=\"robots\" content=\"index, follow, max-snippet:-1, max-image-preview:large, max-video-preview:-1\" \/>\n<link rel=\"canonical\" href=\"https:\/\/www.domkraftpro.com\/index.php\/produkt\/cenova-bomba-esc-plus-system-rizeni-a-ochrany-dab-esc-plus-54736\/\" \/>\n<meta property=\"og:locale\" content=\"cs_CZ\" \/>\n<meta property=\"og:type\" content=\"article\" \/>\n<meta property=\"og:title\" content=\"Cenov\u00e1 Bomba ESC Plus syst\u00e9m \u0159\u00edzen\u00ed a ochrany DAB.ESC PLUS - Koupelna &amp; N\u00e1\u0159ad\u00ed &amp; Osv\u011btlen\u00ed a Stavebn\u00ed pot\u0159by\" \/>\n<meta property=\"og:description\" content=\"Popis produktu ESC Plus syst\u00e9m \u0159\u00edzen\u00ed a ochrany DAB.ESC PLUS Elektrick&eacute; za\u0159&iacute;zen&iacute; je ur\u010deno pro ochranu elektromotor\u016f a \u010derpadel pro vrtan&eacute; studny. Za\u0159&iacute;zen&iacute; chr&aacute;n&iacute; elektrick&aacute; \u010derpadle p\u0159ed: nadproudem. chyb\u011bj&iacute;c&iacute; f&aacute;z&iacute; (jen t\u0159&iacute;f&aacute;zov&aacute; verze). zkratem. chodem na sucho. provozn&iacute; stav je signalizov&aacute;n LED diodami. Hladina vody nen&iacute; kontrolov&aacute;na vodivostn&iacute;mi sondami, ale prost\u0159ednictv&iacute;m zm\u011bny cos &phi; (&uacute;\u010din&iacute;ku) [&hellip;]\" \/>\n<meta property=\"og:url\" content=\"https:\/\/www.domkraftpro.com\/index.php\/produkt\/cenova-bomba-esc-plus-system-rizeni-a-ochrany-dab-esc-plus-54736\/\" \/>\n<meta property=\"og:site_name\" content=\"Koupelna &amp; N\u00e1\u0159ad\u00ed &amp; Osv\u011btlen\u00ed a Stavebn\u00ed pot\u0159by\" \/>\n<meta property=\"og:image\" content=\"https:\/\/www.domkraftpro.com\/wp-content\/uploads\/2026\/SK0009268-CZ20260425-092632-0-1777080397-esc-plus-system-rizeni-a-ochrany-dab-esc-plus-150120.webp\" \/>\n\t<meta property=\"og:image:width\" content=\"566\" \/>\n\t<meta property=\"og:image:height\" content=\"600\" \/>\n\t<meta property=\"og:image:type\" content=\"image\/webp\" \/>\n<meta name=\"twitter:card\" content=\"summary_large_image\" \/>\n<meta name=\"twitter:label1\" content=\"Odhadovan\u00e1 doba \u010dten\u00ed\" \/>\n\t<meta name=\"twitter:data1\" content=\"1 minuta\" \/>\n<script type=\"application\/ld+json\" class=\"yoast-schema-graph\">{\"@context\":\"https:\/\/schema.org\",\"@graph\":[{\"@type\":\"WebPage\",\"@id\":\"https:\/\/www.domkraftpro.com\/index.php\/produkt\/cenova-bomba-esc-plus-system-rizeni-a-ochrany-dab-esc-plus-54736\/\",\"url\":\"https:\/\/www.domkraftpro.com\/index.php\/produkt\/cenova-bomba-esc-plus-system-rizeni-a-ochrany-dab-esc-plus-54736\/\",\"name\":\"Cenov\u00e1 Bomba ESC Plus syst\u00e9m \u0159\u00edzen\u00ed a ochrany DAB.ESC PLUS - Koupelna &amp; N\u00e1\u0159ad\u00ed &amp; Osv\u011btlen\u00ed a Stavebn\u00ed pot\u0159by\",\"isPartOf\":{\"@id\":\"https:\/\/www.domkraftpro.com\/#website\"},\"primaryImageOfPage\":{\"@id\":\"https:\/\/www.domkraftpro.com\/index.php\/produkt\/cenova-bomba-esc-plus-system-rizeni-a-ochrany-dab-esc-plus-54736\/#primaryimage\"},\"image\":{\"@id\":\"https:\/\/www.domkraftpro.com\/index.php\/produkt\/cenova-bomba-esc-plus-system-rizeni-a-ochrany-dab-esc-plus-54736\/#primaryimage\"},\"thumbnailUrl\":\"https:\/\/www.domkraftpro.com\/wp-content\/uploads\/2026\/SK0009268-CZ20260425-092632-0-1777080397-esc-plus-system-rizeni-a-ochrany-dab-esc-plus-150120.webp\",\"datePublished\":\"2026-04-27T04:42:52+00:00\",\"breadcrumb\":{\"@id\":\"https:\/\/www.domkraftpro.com\/index.php\/produkt\/cenova-bomba-esc-plus-system-rizeni-a-ochrany-dab-esc-plus-54736\/#breadcrumb\"},\"inLanguage\":\"cs\",\"potentialAction\":[{\"@type\":\"ReadAction\",\"target\":[\"https:\/\/www.domkraftpro.com\/index.php\/produkt\/cenova-bomba-esc-plus-system-rizeni-a-ochrany-dab-esc-plus-54736\/\"]}]},{\"@type\":\"ImageObject\",\"inLanguage\":\"cs\",\"@id\":\"https:\/\/www.domkraftpro.com\/index.php\/produkt\/cenova-bomba-esc-plus-system-rizeni-a-ochrany-dab-esc-plus-54736\/#primaryimage\",\"url\":\"https:\/\/www.domkraftpro.com\/wp-content\/uploads\/2026\/SK0009268-CZ20260425-092632-0-1777080397-esc-plus-system-rizeni-a-ochrany-dab-esc-plus-150120.webp\",\"contentUrl\":\"https:\/\/www.domkraftpro.com\/wp-content\/uploads\/2026\/SK0009268-CZ20260425-092632-0-1777080397-esc-plus-system-rizeni-a-ochrany-dab-esc-plus-150120.webp\",\"width\":566,\"height\":600},{\"@type\":\"BreadcrumbList\",\"@id\":\"https:\/\/www.domkraftpro.com\/index.php\/produkt\/cenova-bomba-esc-plus-system-rizeni-a-ochrany-dab-esc-plus-54736\/#breadcrumb\",\"itemListElement\":[{\"@type\":\"ListItem\",\"position\":1,\"name\":\"Home\",\"item\":\"https:\/\/www.domkraftpro.com\/\"},{\"@type\":\"ListItem\",\"position\":2,\"name\":\"Products\",\"item\":\"https:\/\/www.domkraftpro.com\/products\/\"},{\"@type\":\"ListItem\",\"position\":3,\"name\":\"Cenov\u00e1 Bomba ESC Plus syst\u00e9m \u0159\u00edzen\u00ed a ochrany DAB.ESC PLUS\"}]},{\"@type\":\"WebSite\",\"@id\":\"https:\/\/www.domkraftpro.com\/#website\",\"url\":\"https:\/\/www.domkraftpro.com\/\",\"name\":\"Koupelna &amp; N\u00e1\u0159ad\u00ed &amp; Osv\u011btlen\u00ed a Stavebn\u00ed pot\u0159by\",\"description\":\"Koupelna &amp; N\u00e1\u0159ad\u00ed &amp; Osv\u011btlen\u00ed a Stavebn\u00ed pot\u0159by\",\"publisher\":{\"@id\":\"https:\/\/www.domkraftpro.com\/#organization\"},\"potentialAction\":[{\"@type\":\"SearchAction\",\"target\":{\"@type\":\"EntryPoint\",\"urlTemplate\":\"https:\/\/www.domkraftpro.com\/?s={search_term_string}\"},\"query-input\":{\"@type\":\"PropertyValueSpecification\",\"valueRequired\":true,\"valueName\":\"search_term_string\"}}],\"inLanguage\":\"cs\"},{\"@type\":\"Organization\",\"@id\":\"https:\/\/www.domkraftpro.com\/#organization\",\"name\":\"Koupelna &amp; N\u00e1\u0159ad\u00ed &amp; Osv\u011btlen\u00ed a Stavebn\u00ed pot\u0159by\",\"url\":\"https:\/\/www.domkraftpro.com\/\",\"logo\":{\"@type\":\"ImageObject\",\"inLanguage\":\"cs\",\"@id\":\"https:\/\/www.domkraftpro.com\/#\/schema\/logo\/image\/\",\"url\":\"https:\/\/www.domkraftpro.com\/wp-content\/uploads\/2026\/04\/domkraftpro_logo.svg\",\"contentUrl\":\"https:\/\/www.domkraftpro.com\/wp-content\/uploads\/2026\/04\/domkraftpro_logo.svg\",\"width\":760,\"height\":180,\"caption\":\"Koupelna &amp; N\u00e1\u0159ad\u00ed &amp; Osv\u011btlen\u00ed a Stavebn\u00ed pot\u0159by\"},\"image\":{\"@id\":\"https:\/\/www.domkraftpro.com\/#\/schema\/logo\/image\/\"}}]}<\/script>\n<!-- \/ Yoast SEO plugin. -->","yoast_head_json":{"title":"Cenov\u00e1 Bomba ESC Plus syst\u00e9m \u0159\u00edzen\u00ed a ochrany DAB.ESC PLUS - Koupelna &amp; N\u00e1\u0159ad\u00ed &amp; Osv\u011btlen\u00ed a Stavebn\u00ed pot\u0159by","robots":{"index":"index","follow":"follow","max-snippet":"max-snippet:-1","max-image-preview":"max-image-preview:large","max-video-preview":"max-video-preview:-1"},"canonical":"https:\/\/www.domkraftpro.com\/index.php\/produkt\/cenova-bomba-esc-plus-system-rizeni-a-ochrany-dab-esc-plus-54736\/","og_locale":"cs_CZ","og_type":"article","og_title":"Cenov\u00e1 Bomba ESC Plus syst\u00e9m \u0159\u00edzen\u00ed a ochrany DAB.ESC PLUS - Koupelna &amp; N\u00e1\u0159ad\u00ed &amp; Osv\u011btlen\u00ed a Stavebn\u00ed pot\u0159by","og_description":"Popis produktu ESC Plus syst\u00e9m \u0159\u00edzen\u00ed a ochrany DAB.ESC PLUS Elektrick&eacute; za\u0159&iacute;zen&iacute; je ur\u010deno pro ochranu elektromotor\u016f a \u010derpadel pro vrtan&eacute; studny. Za\u0159&iacute;zen&iacute; chr&aacute;n&iacute; elektrick&aacute; \u010derpadle p\u0159ed: nadproudem. chyb\u011bj&iacute;c&iacute; f&aacute;z&iacute; (jen t\u0159&iacute;f&aacute;zov&aacute; verze). zkratem. chodem na sucho. provozn&iacute; stav je signalizov&aacute;n LED diodami. Hladina vody nen&iacute; kontrolov&aacute;na vodivostn&iacute;mi sondami, ale prost\u0159ednictv&iacute;m zm\u011bny cos &phi; (&uacute;\u010din&iacute;ku) [&hellip;]","og_url":"https:\/\/www.domkraftpro.com\/index.php\/produkt\/cenova-bomba-esc-plus-system-rizeni-a-ochrany-dab-esc-plus-54736\/","og_site_name":"Koupelna &amp; N\u00e1\u0159ad\u00ed &amp; Osv\u011btlen\u00ed a Stavebn\u00ed pot\u0159by","og_image":[{"width":566,"height":600,"url":"https:\/\/www.domkraftpro.com\/wp-content\/uploads\/2026\/SK0009268-CZ20260425-092632-0-1777080397-esc-plus-system-rizeni-a-ochrany-dab-esc-plus-150120.webp","type":"image\/webp"}],"twitter_card":"summary_large_image","twitter_misc":{"Odhadovan\u00e1 doba \u010dten\u00ed":"1 minuta"},"schema":{"@context":"https:\/\/schema.org","@graph":[{"@type":"WebPage","@id":"https:\/\/www.domkraftpro.com\/index.php\/produkt\/cenova-bomba-esc-plus-system-rizeni-a-ochrany-dab-esc-plus-54736\/","url":"https:\/\/www.domkraftpro.com\/index.php\/produkt\/cenova-bomba-esc-plus-system-rizeni-a-ochrany-dab-esc-plus-54736\/","name":"Cenov\u00e1 Bomba ESC Plus syst\u00e9m \u0159\u00edzen\u00ed a ochrany DAB.ESC PLUS - Koupelna &amp; N\u00e1\u0159ad\u00ed &amp; Osv\u011btlen\u00ed a Stavebn\u00ed pot\u0159by","isPartOf":{"@id":"https:\/\/www.domkraftpro.com\/#website"},"primaryImageOfPage":{"@id":"https:\/\/www.domkraftpro.com\/index.php\/produkt\/cenova-bomba-esc-plus-system-rizeni-a-ochrany-dab-esc-plus-54736\/#primaryimage"},"image":{"@id":"https:\/\/www.domkraftpro.com\/index.php\/produkt\/cenova-bomba-esc-plus-system-rizeni-a-ochrany-dab-esc-plus-54736\/#primaryimage"},"thumbnailUrl":"https:\/\/www.domkraftpro.com\/wp-content\/uploads\/2026\/SK0009268-CZ20260425-092632-0-1777080397-esc-plus-system-rizeni-a-ochrany-dab-esc-plus-150120.webp","datePublished":"2026-04-27T04:42:52+00:00","breadcrumb":{"@id":"https:\/\/www.domkraftpro.com\/index.php\/produkt\/cenova-bomba-esc-plus-system-rizeni-a-ochrany-dab-esc-plus-54736\/#breadcrumb"},"inLanguage":"cs","potentialAction":[{"@type":"ReadAction","target":["https:\/\/www.domkraftpro.com\/index.php\/produkt\/cenova-bomba-esc-plus-system-rizeni-a-ochrany-dab-esc-plus-54736\/"]}]},{"@type":"ImageObject","inLanguage":"cs","@id":"https:\/\/www.domkraftpro.com\/index.php\/produkt\/cenova-bomba-esc-plus-system-rizeni-a-ochrany-dab-esc-plus-54736\/#primaryimage","url":"https:\/\/www.domkraftpro.com\/wp-content\/uploads\/2026\/SK0009268-CZ20260425-092632-0-1777080397-esc-plus-system-rizeni-a-ochrany-dab-esc-plus-150120.webp","contentUrl":"https:\/\/www.domkraftpro.com\/wp-content\/uploads\/2026\/SK0009268-CZ20260425-092632-0-1777080397-esc-plus-system-rizeni-a-ochrany-dab-esc-plus-150120.webp","width":566,"height":600},{"@type":"BreadcrumbList","@id":"https:\/\/www.domkraftpro.com\/index.php\/produkt\/cenova-bomba-esc-plus-system-rizeni-a-ochrany-dab-esc-plus-54736\/#breadcrumb","itemListElement":[{"@type":"ListItem","position":1,"name":"Home","item":"https:\/\/www.domkraftpro.com\/"},{"@type":"ListItem","position":2,"name":"Products","item":"https:\/\/www.domkraftpro.com\/products\/"},{"@type":"ListItem","position":3,"name":"Cenov\u00e1 Bomba ESC Plus syst\u00e9m \u0159\u00edzen\u00ed a ochrany DAB.ESC PLUS"}]},{"@type":"WebSite","@id":"https:\/\/www.domkraftpro.com\/#website","url":"https:\/\/www.domkraftpro.com\/","name":"Koupelna &amp; N\u00e1\u0159ad\u00ed &amp; Osv\u011btlen\u00ed a Stavebn\u00ed pot\u0159by","description":"Koupelna &amp; N\u00e1\u0159ad\u00ed &amp; Osv\u011btlen\u00ed a Stavebn\u00ed pot\u0159by","publisher":{"@id":"https:\/\/www.domkraftpro.com\/#organization"},"potentialAction":[{"@type":"SearchAction","target":{"@type":"EntryPoint","urlTemplate":"https:\/\/www.domkraftpro.com\/?s={search_term_string}"},"query-input":{"@type":"PropertyValueSpecification","valueRequired":true,"valueName":"search_term_string"}}],"inLanguage":"cs"},{"@type":"Organization","@id":"https:\/\/www.domkraftpro.com\/#organization","name":"Koupelna &amp; N\u00e1\u0159ad\u00ed &amp; Osv\u011btlen\u00ed a Stavebn\u00ed pot\u0159by","url":"https:\/\/www.domkraftpro.com\/","logo":{"@type":"ImageObject","inLanguage":"cs","@id":"https:\/\/www.domkraftpro.com\/#\/schema\/logo\/image\/","url":"https:\/\/www.domkraftpro.com\/wp-content\/uploads\/2026\/04\/domkraftpro_logo.svg","contentUrl":"https:\/\/www.domkraftpro.com\/wp-content\/uploads\/2026\/04\/domkraftpro_logo.svg","width":760,"height":180,"caption":"Koupelna &amp; N\u00e1\u0159ad\u00ed &amp; Osv\u011btlen\u00ed a Stavebn\u00ed pot\u0159by"},"image":{"@id":"https:\/\/www.domkraftpro.com\/#\/schema\/logo\/image\/"}}]}},"_links":{"self":[{"href":"https:\/\/www.domkraftpro.com\/wp-json\/wp\/v2\/product\/54736","targetHints":{"allow":["GET"]}}],"collection":[{"href":"https:\/\/www.domkraftpro.com\/wp-json\/wp\/v2\/product"}],"about":[{"href":"https:\/\/www.domkraftpro.com\/wp-json\/wp\/v2\/types\/product"}],"wp:featuredmedia":[{"embeddable":true,"href":"https:\/\/www.domkraftpro.com\/wp-json\/wp\/v2\/media\/54836"}],"wp:attachment":[{"href":"https:\/\/www.domkraftpro.com\/wp-json\/wp\/v2\/media?parent=54736"}],"wp:term":[{"taxonomy":"product_brand","embeddable":true,"href":"https:\/\/www.domkraftpro.com\/wp-json\/wp\/v2\/product_brand?post=54736"},{"taxonomy":"product_cat","embeddable":true,"href":"https:\/\/www.domkraftpro.com\/wp-json\/wp\/v2\/product_cat?post=54736"},{"taxonomy":"product_tag","embeddable":true,"href":"https:\/\/www.domkraftpro.com\/wp-json\/wp\/v2\/product_tag?post=54736"}],"curies":[{"name":"wp","href":"https:\/\/api.w.org\/{rel}","templated":true}]}}