{"id":54730,"date":"2026-04-27T04:42:52","date_gmt":"2026-04-27T04:42:52","guid":{"rendered":""},"modified":"2026-04-27T04:42:52","modified_gmt":"2026-04-27T04:42:52","slug":"ponorne-6-quot-cerpadlo-do-vrtu-a-studni-dab-ss6a-finalni-vyprodej-54730","status":"publish","type":"product","link":"https:\/\/www.domkraftpro.com\/produkt\/ponorne-6-quot-cerpadlo-do-vrtu-a-studni-dab-ss6a-finalni-vyprodej-54730\/","title":{"rendered":"Ponorn\u00e9 6&quot; \u010derpadlo do vrt\u016f a studn\u00ed DAB.SS6A Fin\u00e1ln\u00ed V\u00fdprodej"},"content":{"rendered":"<div class=\"ProductDetail-content NoFixImageContainer\" id=\"productDescription\">\n<div class=\"Heading\">\n<h2 class=\"Heading-title\">Popis produktu <span class=''>Ponorn\u00e9 6&quot; \u010derpadlo do vrt\u016f a studn\u00ed DAB.SS6A<\/span><\/h2>\n<\/p><\/div>\n<div class=\"ProductDetailContent\">\n<p>V\u00edcestup\u0148ov\u00e1 ponorn\u00e1 \u010derpadla, kompletn\u011b vyrobena z&nbsp;nerezov\u00e9 oceli (AISI 304L nebo AISI 316 na&nbsp;vy\u017e\u00e1d\u00e1n\u00ed), pou\u017eiteln\u00e1 pro studny s&nbsp;dostate\u010dn\u011b velk\u00fdm pr\u016fm\u011brem v&nbsp;z\u00e1vislosti na&nbsp;velikosti \u010derpadla. Tato \u010derpadla mohou b\u00fdt pou\u017eita v&nbsp;\u0161irok\u00e9 \u0161k\u00e1le aplikac\u00ed: dom\u00e1c\u00ed a&nbsp;obecn\u011b z\u00e1sobov\u00e1n\u00ed vodou; sprinklerov\u00e9 a&nbsp;hydrantov\u00e9 po\u017e\u00e1rn\u00ed syst\u00e9my, zavla\u017eovac\u00ed syst\u00e9my, \u010derp\u00e1n\u00ed podzemn\u00ed vody v&nbsp;dom\u00e1c\u00edch i&nbsp;pr\u016fmyslov\u00fdch sektorech. Tato \u010derpadla jsou vhodn\u00e1 jak pro \u010derp\u00e1n\u00ed standardn\u00ed vody, tak i&nbsp;pro agresivn\u00ed vody s&nbsp;ohledem na&nbsp;spr\u00e1vn\u00fd v\u00fdb\u011br dle v\u00fdrobn\u00edho materi\u00e1lu (AISI 304L nebo AISI 316) hydraulick\u00e9 \u010d\u00e1sti a&nbsp;motoru \u010derpadla. Speci\u00e1ln\u00ed proveden\u00ed motor\u016f s&nbsp;PE2 + PA vinut\u00edm, kter\u00e9 mohou b\u00fdt pou\u017eity pro maxim\u00e1ln\u00ed teplotu kapaliny do&nbsp;50 \u00b0C. \u010cerpadla mohou b\u00fdt instalov\u00e1na&nbsp;jak vertik\u00e1ln\u011b, tak i&nbsp;horizont\u00e1ln\u011b s&nbsp;pou\u017eit\u00edm chlad\u00edc\u00edho pl\u00e1\u0161t\u011b (nutn\u00e9 zkontrolovat pou\u017eitelnost motoru pro horizont\u00e1ln\u00ed instalaci, viz. specifikace motoru).<\/p>\n<p><strong>KONSTRUKCE<\/strong>: ob\u011b\u017en\u00e1 kola, difuzory, kryt kabelu, sac\u00ed otvor a&nbsp;v\u00fdtla\u010dn\u00e9 t\u011bleso vyrobeny z&nbsp;nerezov\u00e9 oceli AISI 304, aby se zajistila maxim\u00e1ln\u00ed \u017eivotnost \u010derpadla. Pro pou\u017eit\u00ed s&nbsp;frekven\u010dn\u00edm m\u011bni\u010dem viz specifikace motoru.<\/p>\n<h3>Technick\u00e9 parametry<\/h3>\n<ul>\n<li><strong>Pracovn\u00ed rozsah:<\/strong> a\u017e 75&nbsp;m<sup>3<\/sup>\/h s&nbsp;v\u00fdtlakem a\u017e do&nbsp;670&nbsp;m<\/li>\n<li><strong>Max. mno\u017estv\u00ed p\u00edsku \/ bahna:<\/strong> 50 g\/m<sup>3<\/sup><\/li>\n<li><strong>Max. okoln\u00ed teplota:<\/strong> +30 \u00b0C (+50 \u00b0C k&nbsp;dispozici na&nbsp;vy\u017e\u00e1d\u00e1n\u00ed)<\/li>\n<li><strong>Zvl\u00e1\u0161tn\u00ed proveden\u00ed na&nbsp;vy\u017e\u00e1d\u00e1n\u00ed:<\/strong>\n<ul>\n<li>T\u011bleso \u010derpadla z&nbsp;nerezov\u00e9 oceli AISI 316 pro agresivn\u00ed vodu.<\/li>\n<li>Ob\u011b\u017en\u00e1 kola z&nbsp;nerezov\u00e9 oceli AISI 316.<\/li>\n<li>Motory z&nbsp;nerezov\u00e9 oceli AISI 316 pro agresivn\u00ed vodu.<\/li>\n<li>Spou\u0161t\u011bn\u00ed hv\u011bzda \/ troj\u00faheln\u00edk.<\/li>\n<li>Speci\u00e1ln\u00ed proveden\u00ed motoru pro vysok\u00e9 teploty.<\/li>\n<li>Nestandardn\u00ed kabelov\u00e1 spojka.<\/li>\n<\/ul>\n<\/li>\n<\/ul>\n<h3>P\u0159ipojen\u00ed<\/h3>\n<ul>\n<li>SSGA \/ SSGB: 21\/2&#8243;<\/li>\n<li>SSGC: 3&#8243;<\/li>\n<li>SSGD \/ SSGE: 4&#8243;<\/li>\n<\/ul>\n<p>Propojen\u00ed s&nbsp;motory 4&#8243;, 6&#8243; nebo 8&#8243; v&nbsp;z\u00e1vislosti na&nbsp;po\u017eadovan\u00e9m hydraulick\u00e9m v\u00fdkonu&nbsp;a&nbsp;dostupn\u00e9m standardn\u00edm nebo nerezov\u00e9m proveden\u00ed:&nbsp;<\/p>\n<ul>\n<li><strong>4GG:&nbsp;<\/strong>uzav\u0159en\u00fd 4&#8243; ponorn\u00fd motor<\/li>\n<li><strong>4OL:&nbsp;<\/strong>4&#8243; ponorn\u00fd motor v&nbsp;olejov\u00e9 l\u00e1zni<\/li>\n<li><strong>6GF:&nbsp;<\/strong>uzav\u0159en\u00fd 6&#8243; ponorn\u00fd motor<\/li>\n<li><strong>TR6:&nbsp;<\/strong>p\u0159evinuteln\u00fd 6&#8243; ponorn\u00fd motor<\/li>\n<li><strong>TR8:&nbsp;<\/strong>p\u0159evinuteln\u00fd 8&#8243; ponorn\u00fd motor<\/li>\n<\/ul>\n<h3>P\u0159ehled verz\u00ed \u010derpadel DAB SS6 A, B, C, D, E<\/h3>\n<table class=\"specs-bnp\">\n<thead>\n<tr>\n<th>Verze<\/th>\n<th>V\u00fdstup (hrdlo)<\/th>\n<th>Typick\u00fd pr\u016ftok<\/th>\n<th>Typick\u00fd v\u00fdtlak<\/th>\n<th>Charakteristika<\/th>\n<\/tr>\n<\/thead>\n<tbody>\n<tr>\n<th scope=\"row\">SS6 A<\/th>\n<td>2\u00bd&#8220;<\/td>\n<td>n\u00edzk\u00fd (cca 5\u201320 m\u00b3\/h)<\/td>\n<td>velmi vysok\u00fd (a\u017e stovky m)<\/td>\n<td>hlubok\u00e9 vrty, vysok\u00fd tlak<\/td>\n<\/tr>\n<tr>\n<th scope=\"row\">SS6 B<\/th>\n<td>2\u00bd&#8220;<\/td>\n<td>n\u00edzk\u00fd\u2013st\u0159edn\u00ed (cca 10\u201330 m\u00b3\/h)<\/td>\n<td>vysok\u00fd<\/td>\n<td>kompromis tlak\/pr\u016ftok<\/td>\n<\/tr>\n<tr>\n<th scope=\"row\">SS6 C<\/th>\n<td>3&#8243;<\/td>\n<td>st\u0159edn\u00ed (cca 20\u201350 m\u00b3\/h)<\/td>\n<td>st\u0159edn\u00ed<\/td>\n<td>b\u011b\u017en\u00e9 studny, RD<\/td>\n<\/tr>\n<tr>\n<th scope=\"row\">SS6 D<\/th>\n<td>4&#8243;<\/td>\n<td>vy\u0161\u0161\u00ed (cca 40\u201365 m\u00b3\/h)<\/td>\n<td>ni\u017e\u0161\u00ed ne\u017e A\u2013C<\/td>\n<td>z\u00e1vlahy, v\u011bt\u0161\u00ed odb\u011br<\/td>\n<\/tr>\n<tr>\n<th scope=\"row\">SS6 E<\/th>\n<td>4&#8243;<\/td>\n<td>velmi vysok\u00fd (a\u017e ~75 m\u00b3\/h)<\/td>\n<td>ni\u017e\u0161\u00ed<\/td>\n<td>pr\u016fmysl, velk\u00e9 syst\u00e9my<\/td>\n<\/tr>\n<\/tbody>\n<\/table><\/div>\n<div class=\"ProductDetailContent\">                                                                    <\/div>\n<\/p><\/div>\n<\/p><\/div>\n<\/p><\/div>\n","protected":false},"excerpt":{"rendered":"<p>Popis produktu Ponorn\u00e9 6&quot; \u010derpadlo do vrt\u016f a studn\u00ed DAB.SS6A V\u00edcestup\u0148ov\u00e1 ponorn\u00e1 \u010derpadla, kompletn\u011b vyrobena z&nbsp;nerezov\u00e9 oceli (AISI 304L nebo AISI 316 na&nbsp;vy\u017e\u00e1d\u00e1n\u00ed), pou\u017eiteln\u00e1 pro studny s&nbsp;dostate\u010dn\u011b velk\u00fdm pr\u016fm\u011brem v&nbsp;z\u00e1vislosti na&nbsp;velikosti \u010derpadla. Tato \u010derpadla mohou b\u00fdt pou\u017eita v&nbsp;\u0161irok\u00e9 \u0161k\u00e1le aplikac\u00ed: dom\u00e1c\u00ed a&nbsp;obecn\u011b z\u00e1sobov\u00e1n\u00ed vodou; sprinklerov\u00e9 a&nbsp;hydrantov\u00e9 po\u017e\u00e1rn\u00ed syst\u00e9my, zavla\u017eovac\u00ed syst\u00e9my, \u010derp\u00e1n\u00ed podzemn\u00ed vody v&nbsp;dom\u00e1c\u00edch i&nbsp;pr\u016fmyslov\u00fdch [&hellip;]<\/p>\n","protected":false},"featured_media":54830,"template":"","meta":[],"product_brand":[],"product_cat":[122],"product_tag":[],"class_list":{"0":"post-54730","1":"product","2":"type-product","3":"status-publish","4":"has-post-thumbnail","6":"product_cat-septiky-jimky-nadrze","8":"first","9":"instock","10":"sale","11":"shipping-taxable","12":"purchasable","13":"product-type-simple"},"yoast_head":"<!-- This site is optimized with the Yoast SEO plugin v26.8 - https:\/\/yoast.com\/product\/yoast-seo-wordpress\/ -->\n<title>Ponorn\u00e9 6&quot; \u010derpadlo do vrt\u016f a studn\u00ed DAB.SS6A Fin\u00e1ln\u00ed V\u00fdprodej - Koupelna &amp; N\u00e1\u0159ad\u00ed &amp; Osv\u011btlen\u00ed a Stavebn\u00ed pot\u0159by<\/title>\n<meta name=\"robots\" content=\"index, follow, max-snippet:-1, max-image-preview:large, max-video-preview:-1\" \/>\n<link rel=\"canonical\" href=\"https:\/\/www.domkraftpro.com\/index.php\/produkt\/ponorne-6-quot-cerpadlo-do-vrtu-a-studni-dab-ss6a-finalni-vyprodej-54730\/\" \/>\n<meta property=\"og:locale\" content=\"cs_CZ\" \/>\n<meta property=\"og:type\" content=\"article\" \/>\n<meta property=\"og:title\" content=\"Ponorn\u00e9 6&quot; \u010derpadlo do vrt\u016f a studn\u00ed DAB.SS6A Fin\u00e1ln\u00ed V\u00fdprodej - Koupelna &amp; N\u00e1\u0159ad\u00ed &amp; Osv\u011btlen\u00ed a Stavebn\u00ed pot\u0159by\" \/>\n<meta property=\"og:description\" content=\"Popis produktu Ponorn\u00e9 6&quot; \u010derpadlo do vrt\u016f a studn\u00ed DAB.SS6A V\u00edcestup\u0148ov\u00e1 ponorn\u00e1 \u010derpadla, kompletn\u011b vyrobena z&nbsp;nerezov\u00e9 oceli (AISI 304L nebo AISI 316 na&nbsp;vy\u017e\u00e1d\u00e1n\u00ed), pou\u017eiteln\u00e1 pro studny s&nbsp;dostate\u010dn\u011b velk\u00fdm pr\u016fm\u011brem v&nbsp;z\u00e1vislosti na&nbsp;velikosti \u010derpadla. Tato \u010derpadla mohou b\u00fdt pou\u017eita v&nbsp;\u0161irok\u00e9 \u0161k\u00e1le aplikac\u00ed: dom\u00e1c\u00ed a&nbsp;obecn\u011b z\u00e1sobov\u00e1n\u00ed vodou; sprinklerov\u00e9 a&nbsp;hydrantov\u00e9 po\u017e\u00e1rn\u00ed syst\u00e9my, zavla\u017eovac\u00ed syst\u00e9my, \u010derp\u00e1n\u00ed podzemn\u00ed vody v&nbsp;dom\u00e1c\u00edch i&nbsp;pr\u016fmyslov\u00fdch [&hellip;]\" \/>\n<meta property=\"og:url\" content=\"https:\/\/www.domkraftpro.com\/index.php\/produkt\/ponorne-6-quot-cerpadlo-do-vrtu-a-studni-dab-ss6a-finalni-vyprodej-54730\/\" \/>\n<meta property=\"og:site_name\" content=\"Koupelna &amp; N\u00e1\u0159ad\u00ed &amp; Osv\u011btlen\u00ed a Stavebn\u00ed pot\u0159by\" \/>\n<meta property=\"og:image\" content=\"https:\/\/www.domkraftpro.com\/wp-content\/uploads\/2026\/SK0009261-CZ20260425-092632-0-1777080397-ponorne-6-quot-cerpadlo-do-vrtu-a-studni-dab-ss6a-1304583.j.webp\" \/>\n\t<meta property=\"og:image:width\" content=\"600\" \/>\n\t<meta property=\"og:image:height\" content=\"600\" \/>\n\t<meta property=\"og:image:type\" content=\"image\/webp\" \/>\n<meta name=\"twitter:card\" content=\"summary_large_image\" \/>\n<meta name=\"twitter:label1\" content=\"Odhadovan\u00e1 doba \u010dten\u00ed\" \/>\n\t<meta name=\"twitter:data1\" content=\"3 minuty\" \/>\n<script type=\"application\/ld+json\" class=\"yoast-schema-graph\">{\"@context\":\"https:\/\/schema.org\",\"@graph\":[{\"@type\":\"WebPage\",\"@id\":\"https:\/\/www.domkraftpro.com\/index.php\/produkt\/ponorne-6-quot-cerpadlo-do-vrtu-a-studni-dab-ss6a-finalni-vyprodej-54730\/\",\"url\":\"https:\/\/www.domkraftpro.com\/index.php\/produkt\/ponorne-6-quot-cerpadlo-do-vrtu-a-studni-dab-ss6a-finalni-vyprodej-54730\/\",\"name\":\"Ponorn\u00e9 6&quot; \u010derpadlo do vrt\u016f a studn\u00ed DAB.SS6A Fin\u00e1ln\u00ed V\u00fdprodej - Koupelna &amp; N\u00e1\u0159ad\u00ed &amp; Osv\u011btlen\u00ed a Stavebn\u00ed pot\u0159by\",\"isPartOf\":{\"@id\":\"https:\/\/www.domkraftpro.com\/#website\"},\"primaryImageOfPage\":{\"@id\":\"https:\/\/www.domkraftpro.com\/index.php\/produkt\/ponorne-6-quot-cerpadlo-do-vrtu-a-studni-dab-ss6a-finalni-vyprodej-54730\/#primaryimage\"},\"image\":{\"@id\":\"https:\/\/www.domkraftpro.com\/index.php\/produkt\/ponorne-6-quot-cerpadlo-do-vrtu-a-studni-dab-ss6a-finalni-vyprodej-54730\/#primaryimage\"},\"thumbnailUrl\":\"https:\/\/www.domkraftpro.com\/wp-content\/uploads\/2026\/SK0009261-CZ20260425-092632-0-1777080397-ponorne-6-quot-cerpadlo-do-vrtu-a-studni-dab-ss6a-1304583.j.webp\",\"datePublished\":\"2026-04-27T04:42:52+00:00\",\"breadcrumb\":{\"@id\":\"https:\/\/www.domkraftpro.com\/index.php\/produkt\/ponorne-6-quot-cerpadlo-do-vrtu-a-studni-dab-ss6a-finalni-vyprodej-54730\/#breadcrumb\"},\"inLanguage\":\"cs\",\"potentialAction\":[{\"@type\":\"ReadAction\",\"target\":[\"https:\/\/www.domkraftpro.com\/index.php\/produkt\/ponorne-6-quot-cerpadlo-do-vrtu-a-studni-dab-ss6a-finalni-vyprodej-54730\/\"]}]},{\"@type\":\"ImageObject\",\"inLanguage\":\"cs\",\"@id\":\"https:\/\/www.domkraftpro.com\/index.php\/produkt\/ponorne-6-quot-cerpadlo-do-vrtu-a-studni-dab-ss6a-finalni-vyprodej-54730\/#primaryimage\",\"url\":\"https:\/\/www.domkraftpro.com\/wp-content\/uploads\/2026\/SK0009261-CZ20260425-092632-0-1777080397-ponorne-6-quot-cerpadlo-do-vrtu-a-studni-dab-ss6a-1304583.j.webp\",\"contentUrl\":\"https:\/\/www.domkraftpro.com\/wp-content\/uploads\/2026\/SK0009261-CZ20260425-092632-0-1777080397-ponorne-6-quot-cerpadlo-do-vrtu-a-studni-dab-ss6a-1304583.j.webp\",\"width\":600,\"height\":600},{\"@type\":\"BreadcrumbList\",\"@id\":\"https:\/\/www.domkraftpro.com\/index.php\/produkt\/ponorne-6-quot-cerpadlo-do-vrtu-a-studni-dab-ss6a-finalni-vyprodej-54730\/#breadcrumb\",\"itemListElement\":[{\"@type\":\"ListItem\",\"position\":1,\"name\":\"Home\",\"item\":\"https:\/\/www.domkraftpro.com\/\"},{\"@type\":\"ListItem\",\"position\":2,\"name\":\"Products\",\"item\":\"https:\/\/www.domkraftpro.com\/products\/\"},{\"@type\":\"ListItem\",\"position\":3,\"name\":\"Ponorn\u00e9 6&quot; \u010derpadlo do vrt\u016f a studn\u00ed DAB.SS6A Fin\u00e1ln\u00ed V\u00fdprodej\"}]},{\"@type\":\"WebSite\",\"@id\":\"https:\/\/www.domkraftpro.com\/#website\",\"url\":\"https:\/\/www.domkraftpro.com\/\",\"name\":\"Koupelna &amp; N\u00e1\u0159ad\u00ed &amp; Osv\u011btlen\u00ed a Stavebn\u00ed pot\u0159by\",\"description\":\"Koupelna &amp; N\u00e1\u0159ad\u00ed &amp; Osv\u011btlen\u00ed a Stavebn\u00ed pot\u0159by\",\"publisher\":{\"@id\":\"https:\/\/www.domkraftpro.com\/#organization\"},\"potentialAction\":[{\"@type\":\"SearchAction\",\"target\":{\"@type\":\"EntryPoint\",\"urlTemplate\":\"https:\/\/www.domkraftpro.com\/?s={search_term_string}\"},\"query-input\":{\"@type\":\"PropertyValueSpecification\",\"valueRequired\":true,\"valueName\":\"search_term_string\"}}],\"inLanguage\":\"cs\"},{\"@type\":\"Organization\",\"@id\":\"https:\/\/www.domkraftpro.com\/#organization\",\"name\":\"Koupelna &amp; N\u00e1\u0159ad\u00ed &amp; Osv\u011btlen\u00ed a Stavebn\u00ed pot\u0159by\",\"url\":\"https:\/\/www.domkraftpro.com\/\",\"logo\":{\"@type\":\"ImageObject\",\"inLanguage\":\"cs\",\"@id\":\"https:\/\/www.domkraftpro.com\/#\/schema\/logo\/image\/\",\"url\":\"https:\/\/www.domkraftpro.com\/wp-content\/uploads\/2026\/04\/domkraftpro_logo.svg\",\"contentUrl\":\"https:\/\/www.domkraftpro.com\/wp-content\/uploads\/2026\/04\/domkraftpro_logo.svg\",\"width\":760,\"height\":180,\"caption\":\"Koupelna &amp; N\u00e1\u0159ad\u00ed &amp; Osv\u011btlen\u00ed a Stavebn\u00ed pot\u0159by\"},\"image\":{\"@id\":\"https:\/\/www.domkraftpro.com\/#\/schema\/logo\/image\/\"}}]}<\/script>\n<!-- \/ Yoast SEO plugin. -->","yoast_head_json":{"title":"Ponorn\u00e9 6&quot; \u010derpadlo do vrt\u016f a studn\u00ed DAB.SS6A Fin\u00e1ln\u00ed V\u00fdprodej - Koupelna &amp; N\u00e1\u0159ad\u00ed &amp; Osv\u011btlen\u00ed a Stavebn\u00ed pot\u0159by","robots":{"index":"index","follow":"follow","max-snippet":"max-snippet:-1","max-image-preview":"max-image-preview:large","max-video-preview":"max-video-preview:-1"},"canonical":"https:\/\/www.domkraftpro.com\/index.php\/produkt\/ponorne-6-quot-cerpadlo-do-vrtu-a-studni-dab-ss6a-finalni-vyprodej-54730\/","og_locale":"cs_CZ","og_type":"article","og_title":"Ponorn\u00e9 6&quot; \u010derpadlo do vrt\u016f a studn\u00ed DAB.SS6A Fin\u00e1ln\u00ed V\u00fdprodej - Koupelna &amp; N\u00e1\u0159ad\u00ed &amp; Osv\u011btlen\u00ed a Stavebn\u00ed pot\u0159by","og_description":"Popis produktu Ponorn\u00e9 6&quot; \u010derpadlo do vrt\u016f a studn\u00ed DAB.SS6A V\u00edcestup\u0148ov\u00e1 ponorn\u00e1 \u010derpadla, kompletn\u011b vyrobena z&nbsp;nerezov\u00e9 oceli (AISI 304L nebo AISI 316 na&nbsp;vy\u017e\u00e1d\u00e1n\u00ed), pou\u017eiteln\u00e1 pro studny s&nbsp;dostate\u010dn\u011b velk\u00fdm pr\u016fm\u011brem v&nbsp;z\u00e1vislosti na&nbsp;velikosti \u010derpadla. Tato \u010derpadla mohou b\u00fdt pou\u017eita v&nbsp;\u0161irok\u00e9 \u0161k\u00e1le aplikac\u00ed: dom\u00e1c\u00ed a&nbsp;obecn\u011b z\u00e1sobov\u00e1n\u00ed vodou; sprinklerov\u00e9 a&nbsp;hydrantov\u00e9 po\u017e\u00e1rn\u00ed syst\u00e9my, zavla\u017eovac\u00ed syst\u00e9my, \u010derp\u00e1n\u00ed podzemn\u00ed vody v&nbsp;dom\u00e1c\u00edch i&nbsp;pr\u016fmyslov\u00fdch [&hellip;]","og_url":"https:\/\/www.domkraftpro.com\/index.php\/produkt\/ponorne-6-quot-cerpadlo-do-vrtu-a-studni-dab-ss6a-finalni-vyprodej-54730\/","og_site_name":"Koupelna &amp; N\u00e1\u0159ad\u00ed &amp; Osv\u011btlen\u00ed a Stavebn\u00ed pot\u0159by","og_image":[{"width":600,"height":600,"url":"https:\/\/www.domkraftpro.com\/wp-content\/uploads\/2026\/SK0009261-CZ20260425-092632-0-1777080397-ponorne-6-quot-cerpadlo-do-vrtu-a-studni-dab-ss6a-1304583.j.webp","type":"image\/webp"}],"twitter_card":"summary_large_image","twitter_misc":{"Odhadovan\u00e1 doba \u010dten\u00ed":"3 minuty"},"schema":{"@context":"https:\/\/schema.org","@graph":[{"@type":"WebPage","@id":"https:\/\/www.domkraftpro.com\/index.php\/produkt\/ponorne-6-quot-cerpadlo-do-vrtu-a-studni-dab-ss6a-finalni-vyprodej-54730\/","url":"https:\/\/www.domkraftpro.com\/index.php\/produkt\/ponorne-6-quot-cerpadlo-do-vrtu-a-studni-dab-ss6a-finalni-vyprodej-54730\/","name":"Ponorn\u00e9 6&quot; \u010derpadlo do vrt\u016f a studn\u00ed DAB.SS6A Fin\u00e1ln\u00ed V\u00fdprodej - Koupelna &amp; N\u00e1\u0159ad\u00ed &amp; Osv\u011btlen\u00ed a Stavebn\u00ed pot\u0159by","isPartOf":{"@id":"https:\/\/www.domkraftpro.com\/#website"},"primaryImageOfPage":{"@id":"https:\/\/www.domkraftpro.com\/index.php\/produkt\/ponorne-6-quot-cerpadlo-do-vrtu-a-studni-dab-ss6a-finalni-vyprodej-54730\/#primaryimage"},"image":{"@id":"https:\/\/www.domkraftpro.com\/index.php\/produkt\/ponorne-6-quot-cerpadlo-do-vrtu-a-studni-dab-ss6a-finalni-vyprodej-54730\/#primaryimage"},"thumbnailUrl":"https:\/\/www.domkraftpro.com\/wp-content\/uploads\/2026\/SK0009261-CZ20260425-092632-0-1777080397-ponorne-6-quot-cerpadlo-do-vrtu-a-studni-dab-ss6a-1304583.j.webp","datePublished":"2026-04-27T04:42:52+00:00","breadcrumb":{"@id":"https:\/\/www.domkraftpro.com\/index.php\/produkt\/ponorne-6-quot-cerpadlo-do-vrtu-a-studni-dab-ss6a-finalni-vyprodej-54730\/#breadcrumb"},"inLanguage":"cs","potentialAction":[{"@type":"ReadAction","target":["https:\/\/www.domkraftpro.com\/index.php\/produkt\/ponorne-6-quot-cerpadlo-do-vrtu-a-studni-dab-ss6a-finalni-vyprodej-54730\/"]}]},{"@type":"ImageObject","inLanguage":"cs","@id":"https:\/\/www.domkraftpro.com\/index.php\/produkt\/ponorne-6-quot-cerpadlo-do-vrtu-a-studni-dab-ss6a-finalni-vyprodej-54730\/#primaryimage","url":"https:\/\/www.domkraftpro.com\/wp-content\/uploads\/2026\/SK0009261-CZ20260425-092632-0-1777080397-ponorne-6-quot-cerpadlo-do-vrtu-a-studni-dab-ss6a-1304583.j.webp","contentUrl":"https:\/\/www.domkraftpro.com\/wp-content\/uploads\/2026\/SK0009261-CZ20260425-092632-0-1777080397-ponorne-6-quot-cerpadlo-do-vrtu-a-studni-dab-ss6a-1304583.j.webp","width":600,"height":600},{"@type":"BreadcrumbList","@id":"https:\/\/www.domkraftpro.com\/index.php\/produkt\/ponorne-6-quot-cerpadlo-do-vrtu-a-studni-dab-ss6a-finalni-vyprodej-54730\/#breadcrumb","itemListElement":[{"@type":"ListItem","position":1,"name":"Home","item":"https:\/\/www.domkraftpro.com\/"},{"@type":"ListItem","position":2,"name":"Products","item":"https:\/\/www.domkraftpro.com\/products\/"},{"@type":"ListItem","position":3,"name":"Ponorn\u00e9 6&quot; \u010derpadlo do vrt\u016f a studn\u00ed DAB.SS6A Fin\u00e1ln\u00ed V\u00fdprodej"}]},{"@type":"WebSite","@id":"https:\/\/www.domkraftpro.com\/#website","url":"https:\/\/www.domkraftpro.com\/","name":"Koupelna &amp; N\u00e1\u0159ad\u00ed &amp; Osv\u011btlen\u00ed a Stavebn\u00ed pot\u0159by","description":"Koupelna &amp; N\u00e1\u0159ad\u00ed &amp; Osv\u011btlen\u00ed a Stavebn\u00ed pot\u0159by","publisher":{"@id":"https:\/\/www.domkraftpro.com\/#organization"},"potentialAction":[{"@type":"SearchAction","target":{"@type":"EntryPoint","urlTemplate":"https:\/\/www.domkraftpro.com\/?s={search_term_string}"},"query-input":{"@type":"PropertyValueSpecification","valueRequired":true,"valueName":"search_term_string"}}],"inLanguage":"cs"},{"@type":"Organization","@id":"https:\/\/www.domkraftpro.com\/#organization","name":"Koupelna &amp; N\u00e1\u0159ad\u00ed &amp; Osv\u011btlen\u00ed a Stavebn\u00ed pot\u0159by","url":"https:\/\/www.domkraftpro.com\/","logo":{"@type":"ImageObject","inLanguage":"cs","@id":"https:\/\/www.domkraftpro.com\/#\/schema\/logo\/image\/","url":"https:\/\/www.domkraftpro.com\/wp-content\/uploads\/2026\/04\/domkraftpro_logo.svg","contentUrl":"https:\/\/www.domkraftpro.com\/wp-content\/uploads\/2026\/04\/domkraftpro_logo.svg","width":760,"height":180,"caption":"Koupelna &amp; N\u00e1\u0159ad\u00ed &amp; Osv\u011btlen\u00ed a Stavebn\u00ed pot\u0159by"},"image":{"@id":"https:\/\/www.domkraftpro.com\/#\/schema\/logo\/image\/"}}]}},"_links":{"self":[{"href":"https:\/\/www.domkraftpro.com\/wp-json\/wp\/v2\/product\/54730","targetHints":{"allow":["GET"]}}],"collection":[{"href":"https:\/\/www.domkraftpro.com\/wp-json\/wp\/v2\/product"}],"about":[{"href":"https:\/\/www.domkraftpro.com\/wp-json\/wp\/v2\/types\/product"}],"wp:featuredmedia":[{"embeddable":true,"href":"https:\/\/www.domkraftpro.com\/wp-json\/wp\/v2\/media\/54830"}],"wp:attachment":[{"href":"https:\/\/www.domkraftpro.com\/wp-json\/wp\/v2\/media?parent=54730"}],"wp:term":[{"taxonomy":"product_brand","embeddable":true,"href":"https:\/\/www.domkraftpro.com\/wp-json\/wp\/v2\/product_brand?post=54730"},{"taxonomy":"product_cat","embeddable":true,"href":"https:\/\/www.domkraftpro.com\/wp-json\/wp\/v2\/product_cat?post=54730"},{"taxonomy":"product_tag","embeddable":true,"href":"https:\/\/www.domkraftpro.com\/wp-json\/wp\/v2\/product_tag?post=54730"}],"curies":[{"name":"wp","href":"https:\/\/api.w.org\/{rel}","templated":true}]}}