{"id":54728,"date":"2026-04-27T04:42:52","date_gmt":"2026-04-27T04:42:52","guid":{"rendered":""},"modified":"2026-04-27T04:42:52","modified_gmt":"2026-04-27T04:42:52","slug":"vyprodej-ponorny-4-quot-motor-dab-motor-4ol-54728","status":"publish","type":"product","link":"https:\/\/www.domkraftpro.com\/index.php\/produkt\/vyprodej-ponorny-4-quot-motor-dab-motor-4ol-54728\/","title":{"rendered":"V\u00fdprodej Ponorn\u00fd 4&quot; motor DAB.MOTOR 4OL"},"content":{"rendered":"<div class=\"ProductDetail-content NoFixImageContainer\" id=\"productDescription\">\n<div class=\"Heading\">\n<h2 class=\"Heading-title\">Popis produktu <span class=''>Ponorn\u00fd 4&quot; motor DAB.MOTOR 4OL<\/span><\/h2>\n<\/p><\/div>\n<div class=\"ProductDetailContent\">\n<p style=\"text-align:justify\">Ponorn\u00fd dvoup\u00f3lov\u00fd asynchronn\u00ed p\u0159evinuteln\u00fd elektromotor s&nbsp;mechanick\u00fdmi d\u00edly je vyroben z&nbsp;nerezov\u00e9 oceli AISI 304. Rotor je ulo\u017een v&nbsp;kluzn\u00fdch radi\u00e1ln\u00edch lo\u017eisk\u00e1ch, axi\u00e1ln\u00ed zat\u00ed\u017een\u00ed je zachycov\u00e1no robustn\u00edm kluzn\u00fdm patn\u00edm lo\u017eiskem. Maz\u00e1n\u00ed a&nbsp;chlazen\u00ed radi\u00e1ln\u00edch lo\u017eisek a&nbsp;p\u00e1nve patn\u00edho lo\u017eiska je FDA olejovou n\u00e1pln\u00ed. Stator je hermeticky uzav\u0159en v&nbsp;nerezov\u00e9m pouzd\u0159e AISI 304L. Uzly vinut\u00ed (s&nbsp;ochrann\u00fdm vodi\u010dem) jsou p\u0159es t\u011bsn\u011bn\u00fd p\u0159ipojovac\u00ed konektor vyvedeny ploch\u00fdm \u010dty\u0159\u017eilov\u00fdm vodi\u010dem nad \u010derpadlo, kde je mo\u017en\u00e9 bezprobl\u00e9mov\u00e9 napojen\u00ed vlastn\u00edho p\u0159\u00edvodn\u00edho kabelu. Rozb\u011bh a&nbsp;ochrana jednof\u00e1zov\u00e9ho motoru se obecn\u011b \u0159e\u0161\u00ed nap\u0159.&nbsp;rozb\u011bhovou sk\u0159\u00ed\u0148kou&nbsp;<strong>CONTROL BOX<\/strong>, obsahuj\u00edc\u00ed rozb\u011bhov\u00fd kondenz\u00e1tor a&nbsp;ru\u010dn\u011b resetovatelnou ochranu motoru proti p\u0159et\u00ed\u017een\u00ed.&nbsp;Ochranu t\u0159\u00edf\u00e1zov\u00e9ho motoru si zaji\u0161\u0165uje u\u017eivatel s\u00e1m.<\/p>\n<h3 style=\"text-align:justify\">Technick\u00e9 parametry<\/h3>\n<ul>\n<li><strong>P\u0159ipojen\u00ed:<\/strong> NEMA 4&#8243;<\/li>\n<li><strong>T\u0159\u00edda izolace:<\/strong> F<\/li>\n<li><strong>Stupe\u0148 kryt\u00ed:<\/strong> IP68<\/li>\n<li><strong>Maxim\u00e1ln\u00ed pono\u0159en\u00ed:<\/strong> 250&nbsp;m<\/li>\n<li><strong>Typ instalace:&nbsp;<\/strong>vertik\u00e1ln\u00ed nebo horizont\u00e1ln\u00ed (horizont\u00e1ln\u00ed provoz 0,5 HP &#8211; 10 HP)<\/li>\n<\/ul><\/div>\n<div class=\"ProductDetailContent\">                                                                    <\/div>\n<\/p><\/div>\n<\/p><\/div>\n<\/p><\/div>\n","protected":false},"excerpt":{"rendered":"<p>Popis produktu Ponorn\u00fd 4&quot; motor DAB.MOTOR 4OL Ponorn\u00fd dvoup\u00f3lov\u00fd asynchronn\u00ed p\u0159evinuteln\u00fd elektromotor s&nbsp;mechanick\u00fdmi d\u00edly je vyroben z&nbsp;nerezov\u00e9 oceli AISI 304. Rotor je ulo\u017een v&nbsp;kluzn\u00fdch radi\u00e1ln\u00edch lo\u017eisk\u00e1ch, axi\u00e1ln\u00ed zat\u00ed\u017een\u00ed je zachycov\u00e1no robustn\u00edm kluzn\u00fdm patn\u00edm lo\u017eiskem. Maz\u00e1n\u00ed a&nbsp;chlazen\u00ed radi\u00e1ln\u00edch lo\u017eisek a&nbsp;p\u00e1nve patn\u00edho lo\u017eiska je FDA olejovou n\u00e1pln\u00ed. Stator je hermeticky uzav\u0159en v&nbsp;nerezov\u00e9m pouzd\u0159e AISI 304L. Uzly vinut\u00ed [&hellip;]<\/p>\n","protected":false},"featured_media":54828,"comment_status":"open","ping_status":"open","template":"","meta":[],"product_brand":[],"product_cat":[122],"product_tag":[],"class_list":{"0":"post-54728","1":"product","2":"type-product","3":"status-publish","4":"has-post-thumbnail","6":"product_cat-septiky-jimky-nadrze","8":"first","9":"instock","10":"sale","11":"shipping-taxable","12":"purchasable","13":"product-type-simple"},"yoast_head":"<!-- This site is optimized with the Yoast SEO plugin v26.8 - https:\/\/yoast.com\/product\/yoast-seo-wordpress\/ -->\n<title>V\u00fdprodej Ponorn\u00fd 4&quot; motor DAB.MOTOR 4OL -<\/title>\n<meta name=\"robots\" content=\"index, follow, max-snippet:-1, max-image-preview:large, max-video-preview:-1\" \/>\n<link rel=\"canonical\" href=\"https:\/\/www.domkraftpro.com\/index.php\/produkt\/vyprodej-ponorny-4-quot-motor-dab-motor-4ol-54728\/\" \/>\n<meta property=\"og:locale\" content=\"cs_CZ\" \/>\n<meta property=\"og:type\" content=\"article\" \/>\n<meta property=\"og:title\" content=\"V\u00fdprodej Ponorn\u00fd 4&quot; motor DAB.MOTOR 4OL -\" \/>\n<meta property=\"og:description\" content=\"Popis produktu Ponorn\u00fd 4&quot; motor DAB.MOTOR 4OL Ponorn\u00fd dvoup\u00f3lov\u00fd asynchronn\u00ed p\u0159evinuteln\u00fd elektromotor s&nbsp;mechanick\u00fdmi d\u00edly je vyroben z&nbsp;nerezov\u00e9 oceli AISI 304. Rotor je ulo\u017een v&nbsp;kluzn\u00fdch radi\u00e1ln\u00edch lo\u017eisk\u00e1ch, axi\u00e1ln\u00ed zat\u00ed\u017een\u00ed je zachycov\u00e1no robustn\u00edm kluzn\u00fdm patn\u00edm lo\u017eiskem. Maz\u00e1n\u00ed a&nbsp;chlazen\u00ed radi\u00e1ln\u00edch lo\u017eisek a&nbsp;p\u00e1nve patn\u00edho lo\u017eiska je FDA olejovou n\u00e1pln\u00ed. Stator je hermeticky uzav\u0159en v&nbsp;nerezov\u00e9m pouzd\u0159e AISI 304L. Uzly vinut\u00ed [&hellip;]\" \/>\n<meta property=\"og:url\" content=\"https:\/\/www.domkraftpro.com\/index.php\/produkt\/vyprodej-ponorny-4-quot-motor-dab-motor-4ol-54728\/\" \/>\n<meta property=\"og:image\" content=\"https:\/\/www.domkraftpro.com\/wp-content\/uploads\/2026\/SK0009258-CZ20260425-092632-0-1777080397-ponorny-4-quot-motor-dab-motor-4ol-1304586.webp\" \/>\n\t<meta property=\"og:image:width\" content=\"600\" \/>\n\t<meta property=\"og:image:height\" content=\"600\" \/>\n\t<meta property=\"og:image:type\" content=\"image\/webp\" \/>\n<meta name=\"twitter:card\" content=\"summary_large_image\" \/>\n<meta name=\"twitter:label1\" content=\"Odhadovan\u00e1 doba \u010dten\u00ed\" \/>\n\t<meta name=\"twitter:data1\" content=\"1 minuta\" \/>\n<script type=\"application\/ld+json\" class=\"yoast-schema-graph\">{\"@context\":\"https:\/\/schema.org\",\"@graph\":[{\"@type\":\"WebPage\",\"@id\":\"https:\/\/www.domkraftpro.com\/index.php\/produkt\/vyprodej-ponorny-4-quot-motor-dab-motor-4ol-54728\/\",\"url\":\"https:\/\/www.domkraftpro.com\/index.php\/produkt\/vyprodej-ponorny-4-quot-motor-dab-motor-4ol-54728\/\",\"name\":\"V\u00fdprodej Ponorn\u00fd 4&quot; motor DAB.MOTOR 4OL -\",\"isPartOf\":{\"@id\":\"https:\/\/www.domkraftpro.com\/#website\"},\"primaryImageOfPage\":{\"@id\":\"https:\/\/www.domkraftpro.com\/index.php\/produkt\/vyprodej-ponorny-4-quot-motor-dab-motor-4ol-54728\/#primaryimage\"},\"image\":{\"@id\":\"https:\/\/www.domkraftpro.com\/index.php\/produkt\/vyprodej-ponorny-4-quot-motor-dab-motor-4ol-54728\/#primaryimage\"},\"thumbnailUrl\":\"https:\/\/www.domkraftpro.com\/wp-content\/uploads\/2026\/SK0009258-CZ20260425-092632-0-1777080397-ponorny-4-quot-motor-dab-motor-4ol-1304586.webp\",\"datePublished\":\"2026-04-27T04:42:52+00:00\",\"breadcrumb\":{\"@id\":\"https:\/\/www.domkraftpro.com\/index.php\/produkt\/vyprodej-ponorny-4-quot-motor-dab-motor-4ol-54728\/#breadcrumb\"},\"inLanguage\":\"cs\",\"potentialAction\":[{\"@type\":\"ReadAction\",\"target\":[\"https:\/\/www.domkraftpro.com\/index.php\/produkt\/vyprodej-ponorny-4-quot-motor-dab-motor-4ol-54728\/\"]}]},{\"@type\":\"ImageObject\",\"inLanguage\":\"cs\",\"@id\":\"https:\/\/www.domkraftpro.com\/index.php\/produkt\/vyprodej-ponorny-4-quot-motor-dab-motor-4ol-54728\/#primaryimage\",\"url\":\"https:\/\/www.domkraftpro.com\/wp-content\/uploads\/2026\/SK0009258-CZ20260425-092632-0-1777080397-ponorny-4-quot-motor-dab-motor-4ol-1304586.webp\",\"contentUrl\":\"https:\/\/www.domkraftpro.com\/wp-content\/uploads\/2026\/SK0009258-CZ20260425-092632-0-1777080397-ponorny-4-quot-motor-dab-motor-4ol-1304586.webp\",\"width\":600,\"height\":600},{\"@type\":\"BreadcrumbList\",\"@id\":\"https:\/\/www.domkraftpro.com\/index.php\/produkt\/vyprodej-ponorny-4-quot-motor-dab-motor-4ol-54728\/#breadcrumb\",\"itemListElement\":[{\"@type\":\"ListItem\",\"position\":1,\"name\":\"Home\",\"item\":\"https:\/\/www.domkraftpro.com\/\"},{\"@type\":\"ListItem\",\"position\":2,\"name\":\"Products\",\"item\":\"https:\/\/www.domkraftpro.com\/index.php\/products\/\"},{\"@type\":\"ListItem\",\"position\":3,\"name\":\"V\u00fdprodej Ponorn\u00fd 4&quot; motor DAB.MOTOR 4OL\"}]},{\"@type\":\"WebSite\",\"@id\":\"https:\/\/www.domkraftpro.com\/#website\",\"url\":\"https:\/\/www.domkraftpro.com\/\",\"name\":\"\",\"description\":\"\",\"potentialAction\":[{\"@type\":\"SearchAction\",\"target\":{\"@type\":\"EntryPoint\",\"urlTemplate\":\"https:\/\/www.domkraftpro.com\/?s={search_term_string}\"},\"query-input\":{\"@type\":\"PropertyValueSpecification\",\"valueRequired\":true,\"valueName\":\"search_term_string\"}}],\"inLanguage\":\"cs\"}]}<\/script>\n<!-- \/ Yoast SEO plugin. -->","yoast_head_json":{"title":"V\u00fdprodej Ponorn\u00fd 4&quot; motor DAB.MOTOR 4OL -","robots":{"index":"index","follow":"follow","max-snippet":"max-snippet:-1","max-image-preview":"max-image-preview:large","max-video-preview":"max-video-preview:-1"},"canonical":"https:\/\/www.domkraftpro.com\/index.php\/produkt\/vyprodej-ponorny-4-quot-motor-dab-motor-4ol-54728\/","og_locale":"cs_CZ","og_type":"article","og_title":"V\u00fdprodej Ponorn\u00fd 4&quot; motor DAB.MOTOR 4OL -","og_description":"Popis produktu Ponorn\u00fd 4&quot; motor DAB.MOTOR 4OL Ponorn\u00fd dvoup\u00f3lov\u00fd asynchronn\u00ed p\u0159evinuteln\u00fd elektromotor s&nbsp;mechanick\u00fdmi d\u00edly je vyroben z&nbsp;nerezov\u00e9 oceli AISI 304. Rotor je ulo\u017een v&nbsp;kluzn\u00fdch radi\u00e1ln\u00edch lo\u017eisk\u00e1ch, axi\u00e1ln\u00ed zat\u00ed\u017een\u00ed je zachycov\u00e1no robustn\u00edm kluzn\u00fdm patn\u00edm lo\u017eiskem. Maz\u00e1n\u00ed a&nbsp;chlazen\u00ed radi\u00e1ln\u00edch lo\u017eisek a&nbsp;p\u00e1nve patn\u00edho lo\u017eiska je FDA olejovou n\u00e1pln\u00ed. Stator je hermeticky uzav\u0159en v&nbsp;nerezov\u00e9m pouzd\u0159e AISI 304L. Uzly vinut\u00ed [&hellip;]","og_url":"https:\/\/www.domkraftpro.com\/index.php\/produkt\/vyprodej-ponorny-4-quot-motor-dab-motor-4ol-54728\/","og_image":[{"width":600,"height":600,"url":"https:\/\/www.domkraftpro.com\/wp-content\/uploads\/2026\/SK0009258-CZ20260425-092632-0-1777080397-ponorny-4-quot-motor-dab-motor-4ol-1304586.webp","type":"image\/webp"}],"twitter_card":"summary_large_image","twitter_misc":{"Odhadovan\u00e1 doba \u010dten\u00ed":"1 minuta"},"schema":{"@context":"https:\/\/schema.org","@graph":[{"@type":"WebPage","@id":"https:\/\/www.domkraftpro.com\/index.php\/produkt\/vyprodej-ponorny-4-quot-motor-dab-motor-4ol-54728\/","url":"https:\/\/www.domkraftpro.com\/index.php\/produkt\/vyprodej-ponorny-4-quot-motor-dab-motor-4ol-54728\/","name":"V\u00fdprodej Ponorn\u00fd 4&quot; motor DAB.MOTOR 4OL -","isPartOf":{"@id":"https:\/\/www.domkraftpro.com\/#website"},"primaryImageOfPage":{"@id":"https:\/\/www.domkraftpro.com\/index.php\/produkt\/vyprodej-ponorny-4-quot-motor-dab-motor-4ol-54728\/#primaryimage"},"image":{"@id":"https:\/\/www.domkraftpro.com\/index.php\/produkt\/vyprodej-ponorny-4-quot-motor-dab-motor-4ol-54728\/#primaryimage"},"thumbnailUrl":"https:\/\/www.domkraftpro.com\/wp-content\/uploads\/2026\/SK0009258-CZ20260425-092632-0-1777080397-ponorny-4-quot-motor-dab-motor-4ol-1304586.webp","datePublished":"2026-04-27T04:42:52+00:00","breadcrumb":{"@id":"https:\/\/www.domkraftpro.com\/index.php\/produkt\/vyprodej-ponorny-4-quot-motor-dab-motor-4ol-54728\/#breadcrumb"},"inLanguage":"cs","potentialAction":[{"@type":"ReadAction","target":["https:\/\/www.domkraftpro.com\/index.php\/produkt\/vyprodej-ponorny-4-quot-motor-dab-motor-4ol-54728\/"]}]},{"@type":"ImageObject","inLanguage":"cs","@id":"https:\/\/www.domkraftpro.com\/index.php\/produkt\/vyprodej-ponorny-4-quot-motor-dab-motor-4ol-54728\/#primaryimage","url":"https:\/\/www.domkraftpro.com\/wp-content\/uploads\/2026\/SK0009258-CZ20260425-092632-0-1777080397-ponorny-4-quot-motor-dab-motor-4ol-1304586.webp","contentUrl":"https:\/\/www.domkraftpro.com\/wp-content\/uploads\/2026\/SK0009258-CZ20260425-092632-0-1777080397-ponorny-4-quot-motor-dab-motor-4ol-1304586.webp","width":600,"height":600},{"@type":"BreadcrumbList","@id":"https:\/\/www.domkraftpro.com\/index.php\/produkt\/vyprodej-ponorny-4-quot-motor-dab-motor-4ol-54728\/#breadcrumb","itemListElement":[{"@type":"ListItem","position":1,"name":"Home","item":"https:\/\/www.domkraftpro.com\/"},{"@type":"ListItem","position":2,"name":"Products","item":"https:\/\/www.domkraftpro.com\/index.php\/products\/"},{"@type":"ListItem","position":3,"name":"V\u00fdprodej Ponorn\u00fd 4&quot; motor DAB.MOTOR 4OL"}]},{"@type":"WebSite","@id":"https:\/\/www.domkraftpro.com\/#website","url":"https:\/\/www.domkraftpro.com\/","name":"","description":"","potentialAction":[{"@type":"SearchAction","target":{"@type":"EntryPoint","urlTemplate":"https:\/\/www.domkraftpro.com\/?s={search_term_string}"},"query-input":{"@type":"PropertyValueSpecification","valueRequired":true,"valueName":"search_term_string"}}],"inLanguage":"cs"}]}},"_links":{"self":[{"href":"https:\/\/www.domkraftpro.com\/index.php\/wp-json\/wp\/v2\/product\/54728","targetHints":{"allow":["GET"]}}],"collection":[{"href":"https:\/\/www.domkraftpro.com\/index.php\/wp-json\/wp\/v2\/product"}],"about":[{"href":"https:\/\/www.domkraftpro.com\/index.php\/wp-json\/wp\/v2\/types\/product"}],"replies":[{"embeddable":true,"href":"https:\/\/www.domkraftpro.com\/index.php\/wp-json\/wp\/v2\/comments?post=54728"}],"wp:featuredmedia":[{"embeddable":true,"href":"https:\/\/www.domkraftpro.com\/index.php\/wp-json\/wp\/v2\/media\/54828"}],"wp:attachment":[{"href":"https:\/\/www.domkraftpro.com\/index.php\/wp-json\/wp\/v2\/media?parent=54728"}],"wp:term":[{"taxonomy":"product_brand","embeddable":true,"href":"https:\/\/www.domkraftpro.com\/index.php\/wp-json\/wp\/v2\/product_brand?post=54728"},{"taxonomy":"product_cat","embeddable":true,"href":"https:\/\/www.domkraftpro.com\/index.php\/wp-json\/wp\/v2\/product_cat?post=54728"},{"taxonomy":"product_tag","embeddable":true,"href":"https:\/\/www.domkraftpro.com\/index.php\/wp-json\/wp\/v2\/product_tag?post=54728"}],"curies":[{"name":"wp","href":"https:\/\/api.w.org\/{rel}","templated":true}]}}