{"id":54716,"date":"2026-04-27T04:42:52","date_gmt":"2026-04-27T04:42:52","guid":{"rendered":""},"modified":"2026-04-27T04:42:52","modified_gmt":"2026-04-27T04:42:52","slug":"sapho-amelie-drzak-kartacku-na-postaveni-keramika-bezpecna-platba-54716","status":"publish","type":"product","link":"https:\/\/www.domkraftpro.com\/index.php\/produkt\/sapho-amelie-drzak-kartacku-na-postaveni-keramika-bezpecna-platba-54716\/","title":{"rendered":"Sapho AMELIE Dr\u017e\u00e1k kart\u00e1\u010dk\u016f na postaven\u00ed keramika Bezpe\u010dn\u00e1 Platba"},"content":{"rendered":"<div class=\"ProductDetail-content NoFixImageContainer\" id=\"productDescription\">\n<div class=\"Heading\">\n<h2 class=\"Heading-title\">Popis produktu <span class=''>Sapho AMELIE Dr\u017e\u00e1k kart\u00e1\u010dk\u016f na postaven\u00ed keramika<\/span><\/h2>\n<\/p><\/div>\n<div class=\"ProductDetailContent\">                                                                    <\/div>\n<div class=\"ProductDetailContent\">\n<div class=\"ProductDetailContent-item\">                                            Pr\u016fm\u011br: 80 mm<br \/>Barva: B\u00edl\u00e1<br \/>\u0160\u00ed\u0159ka: 80 mm<br \/>V\u00fd\u0161ka: 113 mm<br \/>Hloubka: 80 mm<br \/>Balen\u00ed: 1 ks<br \/>Rozm\u011br: 80x113x80 mm<br \/>Materi\u00e1l: Keramika<br \/>Z\u00e1ruka: 2 roky<br \/>Druh: Sklenka\/Dr\u017e\u00e1k kart\u00e1\u010dk\u016f<br \/>Instalace: Na postaven\u00ed<br \/>Tvar: Retro                                        <\/div>\n<div class=\"ProductDetailContent-item\">\n<ul>\n<li>Rozm\u011bry: 80x113x80 mm<\/li>\n<\/ul><\/div>\n<div class=\"ProductDetailContent-item\">\n<h3>Popis s\u00e9rie<\/h3>\n<p style=\"text-align: justify;\">S\u00e9rie koupelnov\u00fdch dopl\u0148k\u016f AMELIE na prvn\u00ed pohled zaujme neokoukan\u00fdm pojet\u00edm retro stylu. N\u00e1dobky z keramiky sv\u00fdm zdoben\u00edm navozuj\u00ed pocit star\u00fdch \u010das\u016f. Netradi\u010dn\u011b zvolen\u00e9 proveden\u00ed na no\u017ei\u010dk\u00e1ch zcela lad\u00ed s barevn\u00fdm proveden\u00edm a m\u00fddlenka ve tvaru vany na no\u017ei\u010dk\u00e1ch dod\u00e1v\u00e1 s\u00e9rii punc originality. Ur\u010deno pro v\u0161echny milovn\u00edky star\u00fdch \u010das\u016f. Pokud m\u00e1te koupelnu v retro stylu, rozhodn\u011b se nechte zl\u00e1kat ke koupi.<\/p>\n<\/p><\/div>\n<\/p><\/div>\n<\/p><\/div>\n<\/p><\/div>\n<\/p><\/div>\n","protected":false},"excerpt":{"rendered":"<p>Popis produktu Sapho AMELIE Dr\u017e\u00e1k kart\u00e1\u010dk\u016f na postaven\u00ed keramika Pr\u016fm\u011br: 80 mmBarva: B\u00edl\u00e1\u0160\u00ed\u0159ka: 80 mmV\u00fd\u0161ka: 113 mmHloubka: 80 mmBalen\u00ed: 1 ksRozm\u011br: 80x113x80 mmMateri\u00e1l: KeramikaZ\u00e1ruka: 2 rokyDruh: Sklenka\/Dr\u017e\u00e1k kart\u00e1\u010dk\u016fInstalace: Na postaven\u00edTvar: Retro Rozm\u011bry: 80x113x80 mm Popis s\u00e9rie S\u00e9rie koupelnov\u00fdch dopl\u0148k\u016f AMELIE na prvn\u00ed pohled zaujme neokoukan\u00fdm pojet\u00edm retro stylu. N\u00e1dobky z keramiky sv\u00fdm zdoben\u00edm navozuj\u00ed pocit [&hellip;]<\/p>\n","protected":false},"featured_media":54816,"comment_status":"open","ping_status":"open","template":"","meta":[],"product_brand":[],"product_cat":[42],"product_tag":[],"class_list":{"0":"post-54716","1":"product","2":"type-product","3":"status-publish","4":"has-post-thumbnail","6":"product_cat-novinky","8":"first","9":"instock","10":"sale","11":"shipping-taxable","12":"purchasable","13":"product-type-simple"},"yoast_head":"<!-- This site is optimized with the Yoast SEO plugin v26.8 - https:\/\/yoast.com\/product\/yoast-seo-wordpress\/ -->\n<title>Sapho AMELIE Dr\u017e\u00e1k kart\u00e1\u010dk\u016f na postaven\u00ed keramika Bezpe\u010dn\u00e1 Platba -<\/title>\n<meta name=\"robots\" content=\"index, follow, max-snippet:-1, max-image-preview:large, max-video-preview:-1\" \/>\n<link rel=\"canonical\" href=\"https:\/\/www.domkraftpro.com\/index.php\/produkt\/sapho-amelie-drzak-kartacku-na-postaveni-keramika-bezpecna-platba-54716\/\" \/>\n<meta property=\"og:locale\" content=\"cs_CZ\" \/>\n<meta property=\"og:type\" content=\"article\" \/>\n<meta property=\"og:title\" content=\"Sapho AMELIE Dr\u017e\u00e1k kart\u00e1\u010dk\u016f na postaven\u00ed keramika Bezpe\u010dn\u00e1 Platba -\" \/>\n<meta property=\"og:description\" content=\"Popis produktu Sapho AMELIE Dr\u017e\u00e1k kart\u00e1\u010dk\u016f na postaven\u00ed keramika Pr\u016fm\u011br: 80 mmBarva: B\u00edl\u00e1\u0160\u00ed\u0159ka: 80 mmV\u00fd\u0161ka: 113 mmHloubka: 80 mmBalen\u00ed: 1 ksRozm\u011br: 80x113x80 mmMateri\u00e1l: KeramikaZ\u00e1ruka: 2 rokyDruh: Sklenka\/Dr\u017e\u00e1k kart\u00e1\u010dk\u016fInstalace: Na postaven\u00edTvar: Retro Rozm\u011bry: 80x113x80 mm Popis s\u00e9rie S\u00e9rie koupelnov\u00fdch dopl\u0148k\u016f AMELIE na prvn\u00ed pohled zaujme neokoukan\u00fdm pojet\u00edm retro stylu. N\u00e1dobky z keramiky sv\u00fdm zdoben\u00edm navozuj\u00ed pocit [&hellip;]\" \/>\n<meta property=\"og:url\" content=\"https:\/\/www.domkraftpro.com\/index.php\/produkt\/sapho-amelie-drzak-kartacku-na-postaveni-keramika-bezpecna-platba-54716\/\" \/>\n<meta property=\"og:image\" content=\"https:\/\/www.domkraftpro.com\/wp-content\/uploads\/2026\/SK0009244-CZ20260425-092632-0-1777080397-sapho-amelie-drzak-kartacku-na-postaveni-keramika-449324.jp.webp\" \/>\n\t<meta property=\"og:image:width\" content=\"450\" \/>\n\t<meta property=\"og:image:height\" content=\"600\" \/>\n\t<meta property=\"og:image:type\" content=\"image\/webp\" \/>\n<meta name=\"twitter:card\" content=\"summary_large_image\" \/>\n<meta name=\"twitter:label1\" content=\"Odhadovan\u00e1 doba \u010dten\u00ed\" \/>\n\t<meta name=\"twitter:data1\" content=\"1 minuta\" \/>\n<script type=\"application\/ld+json\" class=\"yoast-schema-graph\">{\"@context\":\"https:\/\/schema.org\",\"@graph\":[{\"@type\":\"WebPage\",\"@id\":\"https:\/\/www.domkraftpro.com\/index.php\/produkt\/sapho-amelie-drzak-kartacku-na-postaveni-keramika-bezpecna-platba-54716\/\",\"url\":\"https:\/\/www.domkraftpro.com\/index.php\/produkt\/sapho-amelie-drzak-kartacku-na-postaveni-keramika-bezpecna-platba-54716\/\",\"name\":\"Sapho AMELIE Dr\u017e\u00e1k kart\u00e1\u010dk\u016f na postaven\u00ed keramika Bezpe\u010dn\u00e1 Platba -\",\"isPartOf\":{\"@id\":\"https:\/\/www.domkraftpro.com\/#website\"},\"primaryImageOfPage\":{\"@id\":\"https:\/\/www.domkraftpro.com\/index.php\/produkt\/sapho-amelie-drzak-kartacku-na-postaveni-keramika-bezpecna-platba-54716\/#primaryimage\"},\"image\":{\"@id\":\"https:\/\/www.domkraftpro.com\/index.php\/produkt\/sapho-amelie-drzak-kartacku-na-postaveni-keramika-bezpecna-platba-54716\/#primaryimage\"},\"thumbnailUrl\":\"https:\/\/www.domkraftpro.com\/wp-content\/uploads\/2026\/SK0009244-CZ20260425-092632-0-1777080397-sapho-amelie-drzak-kartacku-na-postaveni-keramika-449324.jp.webp\",\"datePublished\":\"2026-04-27T04:42:52+00:00\",\"breadcrumb\":{\"@id\":\"https:\/\/www.domkraftpro.com\/index.php\/produkt\/sapho-amelie-drzak-kartacku-na-postaveni-keramika-bezpecna-platba-54716\/#breadcrumb\"},\"inLanguage\":\"cs\",\"potentialAction\":[{\"@type\":\"ReadAction\",\"target\":[\"https:\/\/www.domkraftpro.com\/index.php\/produkt\/sapho-amelie-drzak-kartacku-na-postaveni-keramika-bezpecna-platba-54716\/\"]}]},{\"@type\":\"ImageObject\",\"inLanguage\":\"cs\",\"@id\":\"https:\/\/www.domkraftpro.com\/index.php\/produkt\/sapho-amelie-drzak-kartacku-na-postaveni-keramika-bezpecna-platba-54716\/#primaryimage\",\"url\":\"https:\/\/www.domkraftpro.com\/wp-content\/uploads\/2026\/SK0009244-CZ20260425-092632-0-1777080397-sapho-amelie-drzak-kartacku-na-postaveni-keramika-449324.jp.webp\",\"contentUrl\":\"https:\/\/www.domkraftpro.com\/wp-content\/uploads\/2026\/SK0009244-CZ20260425-092632-0-1777080397-sapho-amelie-drzak-kartacku-na-postaveni-keramika-449324.jp.webp\",\"width\":450,\"height\":600},{\"@type\":\"BreadcrumbList\",\"@id\":\"https:\/\/www.domkraftpro.com\/index.php\/produkt\/sapho-amelie-drzak-kartacku-na-postaveni-keramika-bezpecna-platba-54716\/#breadcrumb\",\"itemListElement\":[{\"@type\":\"ListItem\",\"position\":1,\"name\":\"Home\",\"item\":\"https:\/\/www.domkraftpro.com\/\"},{\"@type\":\"ListItem\",\"position\":2,\"name\":\"Products\",\"item\":\"https:\/\/www.domkraftpro.com\/index.php\/products\/\"},{\"@type\":\"ListItem\",\"position\":3,\"name\":\"Sapho AMELIE Dr\u017e\u00e1k kart\u00e1\u010dk\u016f na postaven\u00ed keramika Bezpe\u010dn\u00e1 Platba\"}]},{\"@type\":\"WebSite\",\"@id\":\"https:\/\/www.domkraftpro.com\/#website\",\"url\":\"https:\/\/www.domkraftpro.com\/\",\"name\":\"\",\"description\":\"\",\"potentialAction\":[{\"@type\":\"SearchAction\",\"target\":{\"@type\":\"EntryPoint\",\"urlTemplate\":\"https:\/\/www.domkraftpro.com\/?s={search_term_string}\"},\"query-input\":{\"@type\":\"PropertyValueSpecification\",\"valueRequired\":true,\"valueName\":\"search_term_string\"}}],\"inLanguage\":\"cs\"}]}<\/script>\n<!-- \/ Yoast SEO plugin. -->","yoast_head_json":{"title":"Sapho AMELIE Dr\u017e\u00e1k kart\u00e1\u010dk\u016f na postaven\u00ed keramika Bezpe\u010dn\u00e1 Platba -","robots":{"index":"index","follow":"follow","max-snippet":"max-snippet:-1","max-image-preview":"max-image-preview:large","max-video-preview":"max-video-preview:-1"},"canonical":"https:\/\/www.domkraftpro.com\/index.php\/produkt\/sapho-amelie-drzak-kartacku-na-postaveni-keramika-bezpecna-platba-54716\/","og_locale":"cs_CZ","og_type":"article","og_title":"Sapho AMELIE Dr\u017e\u00e1k kart\u00e1\u010dk\u016f na postaven\u00ed keramika Bezpe\u010dn\u00e1 Platba -","og_description":"Popis produktu Sapho AMELIE Dr\u017e\u00e1k kart\u00e1\u010dk\u016f na postaven\u00ed keramika Pr\u016fm\u011br: 80 mmBarva: B\u00edl\u00e1\u0160\u00ed\u0159ka: 80 mmV\u00fd\u0161ka: 113 mmHloubka: 80 mmBalen\u00ed: 1 ksRozm\u011br: 80x113x80 mmMateri\u00e1l: KeramikaZ\u00e1ruka: 2 rokyDruh: Sklenka\/Dr\u017e\u00e1k kart\u00e1\u010dk\u016fInstalace: Na postaven\u00edTvar: Retro Rozm\u011bry: 80x113x80 mm Popis s\u00e9rie S\u00e9rie koupelnov\u00fdch dopl\u0148k\u016f AMELIE na prvn\u00ed pohled zaujme neokoukan\u00fdm pojet\u00edm retro stylu. N\u00e1dobky z keramiky sv\u00fdm zdoben\u00edm navozuj\u00ed pocit [&hellip;]","og_url":"https:\/\/www.domkraftpro.com\/index.php\/produkt\/sapho-amelie-drzak-kartacku-na-postaveni-keramika-bezpecna-platba-54716\/","og_image":[{"width":450,"height":600,"url":"https:\/\/www.domkraftpro.com\/wp-content\/uploads\/2026\/SK0009244-CZ20260425-092632-0-1777080397-sapho-amelie-drzak-kartacku-na-postaveni-keramika-449324.jp.webp","type":"image\/webp"}],"twitter_card":"summary_large_image","twitter_misc":{"Odhadovan\u00e1 doba \u010dten\u00ed":"1 minuta"},"schema":{"@context":"https:\/\/schema.org","@graph":[{"@type":"WebPage","@id":"https:\/\/www.domkraftpro.com\/index.php\/produkt\/sapho-amelie-drzak-kartacku-na-postaveni-keramika-bezpecna-platba-54716\/","url":"https:\/\/www.domkraftpro.com\/index.php\/produkt\/sapho-amelie-drzak-kartacku-na-postaveni-keramika-bezpecna-platba-54716\/","name":"Sapho AMELIE Dr\u017e\u00e1k kart\u00e1\u010dk\u016f na postaven\u00ed keramika Bezpe\u010dn\u00e1 Platba -","isPartOf":{"@id":"https:\/\/www.domkraftpro.com\/#website"},"primaryImageOfPage":{"@id":"https:\/\/www.domkraftpro.com\/index.php\/produkt\/sapho-amelie-drzak-kartacku-na-postaveni-keramika-bezpecna-platba-54716\/#primaryimage"},"image":{"@id":"https:\/\/www.domkraftpro.com\/index.php\/produkt\/sapho-amelie-drzak-kartacku-na-postaveni-keramika-bezpecna-platba-54716\/#primaryimage"},"thumbnailUrl":"https:\/\/www.domkraftpro.com\/wp-content\/uploads\/2026\/SK0009244-CZ20260425-092632-0-1777080397-sapho-amelie-drzak-kartacku-na-postaveni-keramika-449324.jp.webp","datePublished":"2026-04-27T04:42:52+00:00","breadcrumb":{"@id":"https:\/\/www.domkraftpro.com\/index.php\/produkt\/sapho-amelie-drzak-kartacku-na-postaveni-keramika-bezpecna-platba-54716\/#breadcrumb"},"inLanguage":"cs","potentialAction":[{"@type":"ReadAction","target":["https:\/\/www.domkraftpro.com\/index.php\/produkt\/sapho-amelie-drzak-kartacku-na-postaveni-keramika-bezpecna-platba-54716\/"]}]},{"@type":"ImageObject","inLanguage":"cs","@id":"https:\/\/www.domkraftpro.com\/index.php\/produkt\/sapho-amelie-drzak-kartacku-na-postaveni-keramika-bezpecna-platba-54716\/#primaryimage","url":"https:\/\/www.domkraftpro.com\/wp-content\/uploads\/2026\/SK0009244-CZ20260425-092632-0-1777080397-sapho-amelie-drzak-kartacku-na-postaveni-keramika-449324.jp.webp","contentUrl":"https:\/\/www.domkraftpro.com\/wp-content\/uploads\/2026\/SK0009244-CZ20260425-092632-0-1777080397-sapho-amelie-drzak-kartacku-na-postaveni-keramika-449324.jp.webp","width":450,"height":600},{"@type":"BreadcrumbList","@id":"https:\/\/www.domkraftpro.com\/index.php\/produkt\/sapho-amelie-drzak-kartacku-na-postaveni-keramika-bezpecna-platba-54716\/#breadcrumb","itemListElement":[{"@type":"ListItem","position":1,"name":"Home","item":"https:\/\/www.domkraftpro.com\/"},{"@type":"ListItem","position":2,"name":"Products","item":"https:\/\/www.domkraftpro.com\/index.php\/products\/"},{"@type":"ListItem","position":3,"name":"Sapho AMELIE Dr\u017e\u00e1k kart\u00e1\u010dk\u016f na postaven\u00ed keramika Bezpe\u010dn\u00e1 Platba"}]},{"@type":"WebSite","@id":"https:\/\/www.domkraftpro.com\/#website","url":"https:\/\/www.domkraftpro.com\/","name":"","description":"","potentialAction":[{"@type":"SearchAction","target":{"@type":"EntryPoint","urlTemplate":"https:\/\/www.domkraftpro.com\/?s={search_term_string}"},"query-input":{"@type":"PropertyValueSpecification","valueRequired":true,"valueName":"search_term_string"}}],"inLanguage":"cs"}]}},"_links":{"self":[{"href":"https:\/\/www.domkraftpro.com\/index.php\/wp-json\/wp\/v2\/product\/54716","targetHints":{"allow":["GET"]}}],"collection":[{"href":"https:\/\/www.domkraftpro.com\/index.php\/wp-json\/wp\/v2\/product"}],"about":[{"href":"https:\/\/www.domkraftpro.com\/index.php\/wp-json\/wp\/v2\/types\/product"}],"replies":[{"embeddable":true,"href":"https:\/\/www.domkraftpro.com\/index.php\/wp-json\/wp\/v2\/comments?post=54716"}],"wp:featuredmedia":[{"embeddable":true,"href":"https:\/\/www.domkraftpro.com\/index.php\/wp-json\/wp\/v2\/media\/54816"}],"wp:attachment":[{"href":"https:\/\/www.domkraftpro.com\/index.php\/wp-json\/wp\/v2\/media?parent=54716"}],"wp:term":[{"taxonomy":"product_brand","embeddable":true,"href":"https:\/\/www.domkraftpro.com\/index.php\/wp-json\/wp\/v2\/product_brand?post=54716"},{"taxonomy":"product_cat","embeddable":true,"href":"https:\/\/www.domkraftpro.com\/index.php\/wp-json\/wp\/v2\/product_cat?post=54716"},{"taxonomy":"product_tag","embeddable":true,"href":"https:\/\/www.domkraftpro.com\/index.php\/wp-json\/wp\/v2\/product_tag?post=54716"}],"curies":[{"name":"wp","href":"https:\/\/api.w.org\/{rel}","templated":true}]}}