{"id":54706,"date":"2026-04-27T04:42:52","date_gmt":"2026-04-27T04:42:52","guid":{"rendered":""},"modified":"2026-04-27T04:42:52","modified_gmt":"2026-04-27T04:42:52","slug":"zlevneny-sapho-afrodite-miska-na-postaveni-cement-54706","status":"publish","type":"product","link":"https:\/\/www.domkraftpro.com\/index.php\/produkt\/zlevneny-sapho-afrodite-miska-na-postaveni-cement-54706\/","title":{"rendered":"Zlevn\u011bn\u00fd Sapho AFRODITE miska na postaven\u00ed, cement"},"content":{"rendered":"<div class=\"ProductDetail-content NoFixImageContainer\" id=\"productDescription\">\n<div class=\"Heading\">\n<h2 class=\"Heading-title\">Popis produktu <span class=''>Sapho AFRODITE miska na postaven\u00ed, cement<\/span><\/h2>\n<\/p><\/div>\n<div class=\"ProductDetailContent\">                                                                    <\/div>\n<div class=\"ProductDetailContent\">\n<div class=\"ProductDetailContent-item\">                                            Barva: B\u00e9\u017eov\u00e1<br \/>\u0160\u00ed\u0159ka: 305 mm<br \/>V\u00fd\u0161ka: 32 mm<br \/>Hloubka: 104 mm<br \/>Balen\u00ed: 1 ks<br \/>Rozm\u011br: 305x32x104 mm<br \/>Materi\u00e1l: Beton<br \/>Z\u00e1ruka: 2 roky<br \/>Druh: Miska<br \/>Instalace: Na postaven\u00ed<br \/>Tvar: Kruhov\u00e9                                        <\/div>\n<div class=\"ProductDetailContent-item\">\n<h3>Popis s\u00e9rie<\/h3>\n<p style=\"text-align: justify;\">Dopl\u0148ky na postaven\u00ed z netradi\u010dn\u00edho materi\u00e1lu v neot\u0159el\u00e9m italsk\u00e9m designu zajist\u00e9 zaujmou p\u0159\u00edznivce modern\u00edho stylu a jemn\u00fdch tlumen\u00fdch barev.<\/p>\n<\/p><\/div>\n<\/p><\/div>\n<\/p><\/div>\n<\/p><\/div>\n<\/p><\/div>\n","protected":false},"excerpt":{"rendered":"<p>Popis produktu Sapho AFRODITE miska na postaven\u00ed, cement Barva: B\u00e9\u017eov\u00e1\u0160\u00ed\u0159ka: 305 mmV\u00fd\u0161ka: 32 mmHloubka: 104 mmBalen\u00ed: 1 ksRozm\u011br: 305x32x104 mmMateri\u00e1l: BetonZ\u00e1ruka: 2 rokyDruh: MiskaInstalace: Na postaven\u00edTvar: Kruhov\u00e9 Popis s\u00e9rie Dopl\u0148ky na postaven\u00ed z netradi\u010dn\u00edho materi\u00e1lu v neot\u0159el\u00e9m italsk\u00e9m designu zajist\u00e9 zaujmou p\u0159\u00edznivce modern\u00edho stylu a jemn\u00fdch tlumen\u00fdch barev.<\/p>\n","protected":false},"featured_media":54806,"comment_status":"open","ping_status":"open","template":"","meta":[],"product_brand":[],"product_cat":[34],"product_tag":[],"class_list":{"0":"post-54706","1":"product","2":"type-product","3":"status-publish","4":"has-post-thumbnail","6":"product_cat-nejlepsi-prodejci","8":"first","9":"instock","10":"sale","11":"shipping-taxable","12":"purchasable","13":"product-type-simple"},"yoast_head":"<!-- This site is optimized with the Yoast SEO plugin v26.8 - https:\/\/yoast.com\/product\/yoast-seo-wordpress\/ -->\n<title>Zlevn\u011bn\u00fd Sapho AFRODITE miska na postaven\u00ed, cement -<\/title>\n<meta name=\"robots\" content=\"index, follow, max-snippet:-1, max-image-preview:large, max-video-preview:-1\" \/>\n<link rel=\"canonical\" href=\"https:\/\/www.domkraftpro.com\/index.php\/produkt\/zlevneny-sapho-afrodite-miska-na-postaveni-cement-54706\/\" \/>\n<meta property=\"og:locale\" content=\"cs_CZ\" \/>\n<meta property=\"og:type\" content=\"article\" \/>\n<meta property=\"og:title\" content=\"Zlevn\u011bn\u00fd Sapho AFRODITE miska na postaven\u00ed, cement -\" \/>\n<meta property=\"og:description\" content=\"Popis produktu Sapho AFRODITE miska na postaven\u00ed, cement Barva: B\u00e9\u017eov\u00e1\u0160\u00ed\u0159ka: 305 mmV\u00fd\u0161ka: 32 mmHloubka: 104 mmBalen\u00ed: 1 ksRozm\u011br: 305x32x104 mmMateri\u00e1l: BetonZ\u00e1ruka: 2 rokyDruh: MiskaInstalace: Na postaven\u00edTvar: Kruhov\u00e9 Popis s\u00e9rie Dopl\u0148ky na postaven\u00ed z netradi\u010dn\u00edho materi\u00e1lu v neot\u0159el\u00e9m italsk\u00e9m designu zajist\u00e9 zaujmou p\u0159\u00edznivce modern\u00edho stylu a jemn\u00fdch tlumen\u00fdch barev.\" \/>\n<meta property=\"og:url\" content=\"https:\/\/www.domkraftpro.com\/index.php\/produkt\/zlevneny-sapho-afrodite-miska-na-postaveni-cement-54706\/\" \/>\n<meta property=\"og:image\" content=\"https:\/\/www.domkraftpro.com\/wp-content\/uploads\/2026\/SK0009234-CZ20260425-092632-0-1777080397-sapho-afrodite-miska-na-postaveni-cement-449298.webp\" \/>\n\t<meta property=\"og:image:width\" content=\"600\" \/>\n\t<meta property=\"og:image:height\" content=\"329\" \/>\n\t<meta property=\"og:image:type\" content=\"image\/webp\" \/>\n<meta name=\"twitter:card\" content=\"summary_large_image\" \/>\n<script type=\"application\/ld+json\" class=\"yoast-schema-graph\">{\"@context\":\"https:\/\/schema.org\",\"@graph\":[{\"@type\":\"WebPage\",\"@id\":\"https:\/\/www.domkraftpro.com\/index.php\/produkt\/zlevneny-sapho-afrodite-miska-na-postaveni-cement-54706\/\",\"url\":\"https:\/\/www.domkraftpro.com\/index.php\/produkt\/zlevneny-sapho-afrodite-miska-na-postaveni-cement-54706\/\",\"name\":\"Zlevn\u011bn\u00fd Sapho AFRODITE miska na postaven\u00ed, cement -\",\"isPartOf\":{\"@id\":\"https:\/\/www.domkraftpro.com\/#website\"},\"primaryImageOfPage\":{\"@id\":\"https:\/\/www.domkraftpro.com\/index.php\/produkt\/zlevneny-sapho-afrodite-miska-na-postaveni-cement-54706\/#primaryimage\"},\"image\":{\"@id\":\"https:\/\/www.domkraftpro.com\/index.php\/produkt\/zlevneny-sapho-afrodite-miska-na-postaveni-cement-54706\/#primaryimage\"},\"thumbnailUrl\":\"https:\/\/www.domkraftpro.com\/wp-content\/uploads\/2026\/SK0009234-CZ20260425-092632-0-1777080397-sapho-afrodite-miska-na-postaveni-cement-449298.webp\",\"datePublished\":\"2026-04-27T04:42:52+00:00\",\"breadcrumb\":{\"@id\":\"https:\/\/www.domkraftpro.com\/index.php\/produkt\/zlevneny-sapho-afrodite-miska-na-postaveni-cement-54706\/#breadcrumb\"},\"inLanguage\":\"cs\",\"potentialAction\":[{\"@type\":\"ReadAction\",\"target\":[\"https:\/\/www.domkraftpro.com\/index.php\/produkt\/zlevneny-sapho-afrodite-miska-na-postaveni-cement-54706\/\"]}]},{\"@type\":\"ImageObject\",\"inLanguage\":\"cs\",\"@id\":\"https:\/\/www.domkraftpro.com\/index.php\/produkt\/zlevneny-sapho-afrodite-miska-na-postaveni-cement-54706\/#primaryimage\",\"url\":\"https:\/\/www.domkraftpro.com\/wp-content\/uploads\/2026\/SK0009234-CZ20260425-092632-0-1777080397-sapho-afrodite-miska-na-postaveni-cement-449298.webp\",\"contentUrl\":\"https:\/\/www.domkraftpro.com\/wp-content\/uploads\/2026\/SK0009234-CZ20260425-092632-0-1777080397-sapho-afrodite-miska-na-postaveni-cement-449298.webp\",\"width\":600,\"height\":329},{\"@type\":\"BreadcrumbList\",\"@id\":\"https:\/\/www.domkraftpro.com\/index.php\/produkt\/zlevneny-sapho-afrodite-miska-na-postaveni-cement-54706\/#breadcrumb\",\"itemListElement\":[{\"@type\":\"ListItem\",\"position\":1,\"name\":\"Home\",\"item\":\"https:\/\/www.domkraftpro.com\/\"},{\"@type\":\"ListItem\",\"position\":2,\"name\":\"Products\",\"item\":\"https:\/\/www.domkraftpro.com\/index.php\/products\/\"},{\"@type\":\"ListItem\",\"position\":3,\"name\":\"Zlevn\u011bn\u00fd Sapho AFRODITE miska na postaven\u00ed, cement\"}]},{\"@type\":\"WebSite\",\"@id\":\"https:\/\/www.domkraftpro.com\/#website\",\"url\":\"https:\/\/www.domkraftpro.com\/\",\"name\":\"\",\"description\":\"\",\"potentialAction\":[{\"@type\":\"SearchAction\",\"target\":{\"@type\":\"EntryPoint\",\"urlTemplate\":\"https:\/\/www.domkraftpro.com\/?s={search_term_string}\"},\"query-input\":{\"@type\":\"PropertyValueSpecification\",\"valueRequired\":true,\"valueName\":\"search_term_string\"}}],\"inLanguage\":\"cs\"}]}<\/script>\n<!-- \/ Yoast SEO plugin. -->","yoast_head_json":{"title":"Zlevn\u011bn\u00fd Sapho AFRODITE miska na postaven\u00ed, cement -","robots":{"index":"index","follow":"follow","max-snippet":"max-snippet:-1","max-image-preview":"max-image-preview:large","max-video-preview":"max-video-preview:-1"},"canonical":"https:\/\/www.domkraftpro.com\/index.php\/produkt\/zlevneny-sapho-afrodite-miska-na-postaveni-cement-54706\/","og_locale":"cs_CZ","og_type":"article","og_title":"Zlevn\u011bn\u00fd Sapho AFRODITE miska na postaven\u00ed, cement -","og_description":"Popis produktu Sapho AFRODITE miska na postaven\u00ed, cement Barva: B\u00e9\u017eov\u00e1\u0160\u00ed\u0159ka: 305 mmV\u00fd\u0161ka: 32 mmHloubka: 104 mmBalen\u00ed: 1 ksRozm\u011br: 305x32x104 mmMateri\u00e1l: BetonZ\u00e1ruka: 2 rokyDruh: MiskaInstalace: Na postaven\u00edTvar: Kruhov\u00e9 Popis s\u00e9rie Dopl\u0148ky na postaven\u00ed z netradi\u010dn\u00edho materi\u00e1lu v neot\u0159el\u00e9m italsk\u00e9m designu zajist\u00e9 zaujmou p\u0159\u00edznivce modern\u00edho stylu a jemn\u00fdch tlumen\u00fdch barev.","og_url":"https:\/\/www.domkraftpro.com\/index.php\/produkt\/zlevneny-sapho-afrodite-miska-na-postaveni-cement-54706\/","og_image":[{"width":600,"height":329,"url":"https:\/\/www.domkraftpro.com\/wp-content\/uploads\/2026\/SK0009234-CZ20260425-092632-0-1777080397-sapho-afrodite-miska-na-postaveni-cement-449298.webp","type":"image\/webp"}],"twitter_card":"summary_large_image","schema":{"@context":"https:\/\/schema.org","@graph":[{"@type":"WebPage","@id":"https:\/\/www.domkraftpro.com\/index.php\/produkt\/zlevneny-sapho-afrodite-miska-na-postaveni-cement-54706\/","url":"https:\/\/www.domkraftpro.com\/index.php\/produkt\/zlevneny-sapho-afrodite-miska-na-postaveni-cement-54706\/","name":"Zlevn\u011bn\u00fd Sapho AFRODITE miska na postaven\u00ed, cement -","isPartOf":{"@id":"https:\/\/www.domkraftpro.com\/#website"},"primaryImageOfPage":{"@id":"https:\/\/www.domkraftpro.com\/index.php\/produkt\/zlevneny-sapho-afrodite-miska-na-postaveni-cement-54706\/#primaryimage"},"image":{"@id":"https:\/\/www.domkraftpro.com\/index.php\/produkt\/zlevneny-sapho-afrodite-miska-na-postaveni-cement-54706\/#primaryimage"},"thumbnailUrl":"https:\/\/www.domkraftpro.com\/wp-content\/uploads\/2026\/SK0009234-CZ20260425-092632-0-1777080397-sapho-afrodite-miska-na-postaveni-cement-449298.webp","datePublished":"2026-04-27T04:42:52+00:00","breadcrumb":{"@id":"https:\/\/www.domkraftpro.com\/index.php\/produkt\/zlevneny-sapho-afrodite-miska-na-postaveni-cement-54706\/#breadcrumb"},"inLanguage":"cs","potentialAction":[{"@type":"ReadAction","target":["https:\/\/www.domkraftpro.com\/index.php\/produkt\/zlevneny-sapho-afrodite-miska-na-postaveni-cement-54706\/"]}]},{"@type":"ImageObject","inLanguage":"cs","@id":"https:\/\/www.domkraftpro.com\/index.php\/produkt\/zlevneny-sapho-afrodite-miska-na-postaveni-cement-54706\/#primaryimage","url":"https:\/\/www.domkraftpro.com\/wp-content\/uploads\/2026\/SK0009234-CZ20260425-092632-0-1777080397-sapho-afrodite-miska-na-postaveni-cement-449298.webp","contentUrl":"https:\/\/www.domkraftpro.com\/wp-content\/uploads\/2026\/SK0009234-CZ20260425-092632-0-1777080397-sapho-afrodite-miska-na-postaveni-cement-449298.webp","width":600,"height":329},{"@type":"BreadcrumbList","@id":"https:\/\/www.domkraftpro.com\/index.php\/produkt\/zlevneny-sapho-afrodite-miska-na-postaveni-cement-54706\/#breadcrumb","itemListElement":[{"@type":"ListItem","position":1,"name":"Home","item":"https:\/\/www.domkraftpro.com\/"},{"@type":"ListItem","position":2,"name":"Products","item":"https:\/\/www.domkraftpro.com\/index.php\/products\/"},{"@type":"ListItem","position":3,"name":"Zlevn\u011bn\u00fd Sapho AFRODITE miska na postaven\u00ed, cement"}]},{"@type":"WebSite","@id":"https:\/\/www.domkraftpro.com\/#website","url":"https:\/\/www.domkraftpro.com\/","name":"","description":"","potentialAction":[{"@type":"SearchAction","target":{"@type":"EntryPoint","urlTemplate":"https:\/\/www.domkraftpro.com\/?s={search_term_string}"},"query-input":{"@type":"PropertyValueSpecification","valueRequired":true,"valueName":"search_term_string"}}],"inLanguage":"cs"}]}},"_links":{"self":[{"href":"https:\/\/www.domkraftpro.com\/index.php\/wp-json\/wp\/v2\/product\/54706","targetHints":{"allow":["GET"]}}],"collection":[{"href":"https:\/\/www.domkraftpro.com\/index.php\/wp-json\/wp\/v2\/product"}],"about":[{"href":"https:\/\/www.domkraftpro.com\/index.php\/wp-json\/wp\/v2\/types\/product"}],"replies":[{"embeddable":true,"href":"https:\/\/www.domkraftpro.com\/index.php\/wp-json\/wp\/v2\/comments?post=54706"}],"wp:featuredmedia":[{"embeddable":true,"href":"https:\/\/www.domkraftpro.com\/index.php\/wp-json\/wp\/v2\/media\/54806"}],"wp:attachment":[{"href":"https:\/\/www.domkraftpro.com\/index.php\/wp-json\/wp\/v2\/media?parent=54706"}],"wp:term":[{"taxonomy":"product_brand","embeddable":true,"href":"https:\/\/www.domkraftpro.com\/index.php\/wp-json\/wp\/v2\/product_brand?post=54706"},{"taxonomy":"product_cat","embeddable":true,"href":"https:\/\/www.domkraftpro.com\/index.php\/wp-json\/wp\/v2\/product_cat?post=54706"},{"taxonomy":"product_tag","embeddable":true,"href":"https:\/\/www.domkraftpro.com\/index.php\/wp-json\/wp\/v2\/product_tag?post=54706"}],"curies":[{"name":"wp","href":"https:\/\/api.w.org\/{rel}","templated":true}]}}