{"id":54698,"date":"2026-04-27T04:42:52","date_gmt":"2026-04-27T04:42:52","guid":{"rendered":""},"modified":"2026-04-27T04:42:52","modified_gmt":"2026-04-27T04:42:52","slug":"posledni-sance-sapho-afrodite-drzak-kartacku-na-postaveni-cement-54698","status":"publish","type":"product","link":"https:\/\/www.domkraftpro.com\/index.php\/produkt\/posledni-sance-sapho-afrodite-drzak-kartacku-na-postaveni-cement-54698\/","title":{"rendered":"Posledn\u00ed \u0160ance Sapho AFRODITE Dr\u017e\u00e1k kart\u00e1\u010dk\u016f na postaven\u00ed cement"},"content":{"rendered":"<div class=\"ProductDetail-content NoFixImageContainer\" id=\"productDescription\">\n<div class=\"Heading\">\n<h2 class=\"Heading-title\">Popis produktu <span class=''>Sapho AFRODITE Dr\u017e\u00e1k kart\u00e1\u010dk\u016f na postaven\u00ed cement<\/span><\/h2>\n<\/p><\/div>\n<div class=\"ProductDetailContent\">                                                                    <\/div>\n<div class=\"ProductDetailContent\">\n<div class=\"ProductDetailContent-item\">                                            Pr\u016fm\u011br: 76 mm<br \/>Barva: B\u00e9\u017eov\u00e1<br \/>\u0160\u00ed\u0159ka: 76 mm<br \/>V\u00fd\u0161ka: 115 mm<br \/>Hloubka: 76 mm<br \/>Balen\u00ed: 1 ks<br \/>Rozm\u011br: 76&#215;115 mm<br \/>Materi\u00e1l: Beton<br \/>Z\u00e1ruka: 2 roky<br \/>Druh: Sklenka\/Dr\u017e\u00e1k kart\u00e1\u010dk\u016f<br \/>Instalace: Na postaven\u00ed<br \/>Tvar: Kruhov\u00e9                                        <\/div>\n<div class=\"ProductDetailContent-item\">\n<ul>\n<li>Rozm\u011br: <span>\u00d8<\/span>76&#215;115 mm<\/li>\n<\/ul>\n<div><\/div>\n<\/p><\/div>\n<div class=\"ProductDetailContent-item\">\n<h3>Popis s\u00e9rie<\/h3>\n<p style=\"text-align: justify;\">Dopl\u0148ky na postaven\u00ed z netradi\u010dn\u00edho materi\u00e1lu v neot\u0159el\u00e9m italsk\u00e9m designu zajist\u00e9 zaujmou p\u0159\u00edznivce modern\u00edho stylu a jemn\u00fdch tlumen\u00fdch barev.<\/p>\n<\/p><\/div>\n<\/p><\/div>\n<\/p><\/div>\n<\/p><\/div>\n<\/p><\/div>\n","protected":false},"excerpt":{"rendered":"<p>Popis produktu Sapho AFRODITE Dr\u017e\u00e1k kart\u00e1\u010dk\u016f na postaven\u00ed cement Pr\u016fm\u011br: 76 mmBarva: B\u00e9\u017eov\u00e1\u0160\u00ed\u0159ka: 76 mmV\u00fd\u0161ka: 115 mmHloubka: 76 mmBalen\u00ed: 1 ksRozm\u011br: 76&#215;115 mmMateri\u00e1l: BetonZ\u00e1ruka: 2 rokyDruh: Sklenka\/Dr\u017e\u00e1k kart\u00e1\u010dk\u016fInstalace: Na postaven\u00edTvar: Kruhov\u00e9 Rozm\u011br: \u00d876&#215;115 mm Popis s\u00e9rie Dopl\u0148ky na postaven\u00ed z netradi\u010dn\u00edho materi\u00e1lu v neot\u0159el\u00e9m italsk\u00e9m designu zajist\u00e9 zaujmou p\u0159\u00edznivce modern\u00edho stylu a jemn\u00fdch tlumen\u00fdch barev.<\/p>\n","protected":false},"featured_media":54798,"comment_status":"open","ping_status":"open","template":"","meta":[],"product_brand":[],"product_cat":[34],"product_tag":[],"class_list":{"0":"post-54698","1":"product","2":"type-product","3":"status-publish","4":"has-post-thumbnail","6":"product_cat-nejlepsi-prodejci","8":"first","9":"instock","10":"sale","11":"shipping-taxable","12":"purchasable","13":"product-type-simple"},"yoast_head":"<!-- This site is optimized with the Yoast SEO plugin v26.8 - https:\/\/yoast.com\/product\/yoast-seo-wordpress\/ -->\n<title>Posledn\u00ed \u0160ance Sapho AFRODITE Dr\u017e\u00e1k kart\u00e1\u010dk\u016f na postaven\u00ed cement -<\/title>\n<meta name=\"robots\" content=\"index, follow, max-snippet:-1, max-image-preview:large, max-video-preview:-1\" \/>\n<link rel=\"canonical\" href=\"https:\/\/www.domkraftpro.com\/index.php\/produkt\/posledni-sance-sapho-afrodite-drzak-kartacku-na-postaveni-cement-54698\/\" \/>\n<meta property=\"og:locale\" content=\"cs_CZ\" \/>\n<meta property=\"og:type\" content=\"article\" \/>\n<meta property=\"og:title\" content=\"Posledn\u00ed \u0160ance Sapho AFRODITE Dr\u017e\u00e1k kart\u00e1\u010dk\u016f na postaven\u00ed cement -\" \/>\n<meta property=\"og:description\" content=\"Popis produktu Sapho AFRODITE Dr\u017e\u00e1k kart\u00e1\u010dk\u016f na postaven\u00ed cement Pr\u016fm\u011br: 76 mmBarva: B\u00e9\u017eov\u00e1\u0160\u00ed\u0159ka: 76 mmV\u00fd\u0161ka: 115 mmHloubka: 76 mmBalen\u00ed: 1 ksRozm\u011br: 76&#215;115 mmMateri\u00e1l: BetonZ\u00e1ruka: 2 rokyDruh: Sklenka\/Dr\u017e\u00e1k kart\u00e1\u010dk\u016fInstalace: Na postaven\u00edTvar: Kruhov\u00e9 Rozm\u011br: \u00d876&#215;115 mm Popis s\u00e9rie Dopl\u0148ky na postaven\u00ed z netradi\u010dn\u00edho materi\u00e1lu v neot\u0159el\u00e9m italsk\u00e9m designu zajist\u00e9 zaujmou p\u0159\u00edznivce modern\u00edho stylu a jemn\u00fdch tlumen\u00fdch barev.\" \/>\n<meta property=\"og:url\" content=\"https:\/\/www.domkraftpro.com\/index.php\/produkt\/posledni-sance-sapho-afrodite-drzak-kartacku-na-postaveni-cement-54698\/\" \/>\n<meta property=\"og:image\" content=\"https:\/\/www.domkraftpro.com\/wp-content\/uploads\/2026\/SK0009226-CZ20260425-092632-0-1777080397-sapho-afrodite-drzak-kartacku-na-postaveni-cement-449291.jp.webp\" \/>\n\t<meta property=\"og:image:width\" content=\"385\" \/>\n\t<meta property=\"og:image:height\" content=\"600\" \/>\n\t<meta property=\"og:image:type\" content=\"image\/webp\" \/>\n<meta name=\"twitter:card\" content=\"summary_large_image\" \/>\n<script type=\"application\/ld+json\" class=\"yoast-schema-graph\">{\"@context\":\"https:\/\/schema.org\",\"@graph\":[{\"@type\":\"WebPage\",\"@id\":\"https:\/\/www.domkraftpro.com\/index.php\/produkt\/posledni-sance-sapho-afrodite-drzak-kartacku-na-postaveni-cement-54698\/\",\"url\":\"https:\/\/www.domkraftpro.com\/index.php\/produkt\/posledni-sance-sapho-afrodite-drzak-kartacku-na-postaveni-cement-54698\/\",\"name\":\"Posledn\u00ed \u0160ance Sapho AFRODITE Dr\u017e\u00e1k kart\u00e1\u010dk\u016f na postaven\u00ed cement -\",\"isPartOf\":{\"@id\":\"https:\/\/www.domkraftpro.com\/#website\"},\"primaryImageOfPage\":{\"@id\":\"https:\/\/www.domkraftpro.com\/index.php\/produkt\/posledni-sance-sapho-afrodite-drzak-kartacku-na-postaveni-cement-54698\/#primaryimage\"},\"image\":{\"@id\":\"https:\/\/www.domkraftpro.com\/index.php\/produkt\/posledni-sance-sapho-afrodite-drzak-kartacku-na-postaveni-cement-54698\/#primaryimage\"},\"thumbnailUrl\":\"https:\/\/www.domkraftpro.com\/wp-content\/uploads\/2026\/SK0009226-CZ20260425-092632-0-1777080397-sapho-afrodite-drzak-kartacku-na-postaveni-cement-449291.jp.webp\",\"datePublished\":\"2026-04-27T04:42:52+00:00\",\"breadcrumb\":{\"@id\":\"https:\/\/www.domkraftpro.com\/index.php\/produkt\/posledni-sance-sapho-afrodite-drzak-kartacku-na-postaveni-cement-54698\/#breadcrumb\"},\"inLanguage\":\"cs\",\"potentialAction\":[{\"@type\":\"ReadAction\",\"target\":[\"https:\/\/www.domkraftpro.com\/index.php\/produkt\/posledni-sance-sapho-afrodite-drzak-kartacku-na-postaveni-cement-54698\/\"]}]},{\"@type\":\"ImageObject\",\"inLanguage\":\"cs\",\"@id\":\"https:\/\/www.domkraftpro.com\/index.php\/produkt\/posledni-sance-sapho-afrodite-drzak-kartacku-na-postaveni-cement-54698\/#primaryimage\",\"url\":\"https:\/\/www.domkraftpro.com\/wp-content\/uploads\/2026\/SK0009226-CZ20260425-092632-0-1777080397-sapho-afrodite-drzak-kartacku-na-postaveni-cement-449291.jp.webp\",\"contentUrl\":\"https:\/\/www.domkraftpro.com\/wp-content\/uploads\/2026\/SK0009226-CZ20260425-092632-0-1777080397-sapho-afrodite-drzak-kartacku-na-postaveni-cement-449291.jp.webp\",\"width\":385,\"height\":600},{\"@type\":\"BreadcrumbList\",\"@id\":\"https:\/\/www.domkraftpro.com\/index.php\/produkt\/posledni-sance-sapho-afrodite-drzak-kartacku-na-postaveni-cement-54698\/#breadcrumb\",\"itemListElement\":[{\"@type\":\"ListItem\",\"position\":1,\"name\":\"Home\",\"item\":\"https:\/\/www.domkraftpro.com\/\"},{\"@type\":\"ListItem\",\"position\":2,\"name\":\"Products\",\"item\":\"https:\/\/www.domkraftpro.com\/index.php\/products\/\"},{\"@type\":\"ListItem\",\"position\":3,\"name\":\"Posledn\u00ed \u0160ance Sapho AFRODITE Dr\u017e\u00e1k kart\u00e1\u010dk\u016f na postaven\u00ed cement\"}]},{\"@type\":\"WebSite\",\"@id\":\"https:\/\/www.domkraftpro.com\/#website\",\"url\":\"https:\/\/www.domkraftpro.com\/\",\"name\":\"\",\"description\":\"\",\"potentialAction\":[{\"@type\":\"SearchAction\",\"target\":{\"@type\":\"EntryPoint\",\"urlTemplate\":\"https:\/\/www.domkraftpro.com\/?s={search_term_string}\"},\"query-input\":{\"@type\":\"PropertyValueSpecification\",\"valueRequired\":true,\"valueName\":\"search_term_string\"}}],\"inLanguage\":\"cs\"}]}<\/script>\n<!-- \/ Yoast SEO plugin. -->","yoast_head_json":{"title":"Posledn\u00ed \u0160ance Sapho AFRODITE Dr\u017e\u00e1k kart\u00e1\u010dk\u016f na postaven\u00ed cement -","robots":{"index":"index","follow":"follow","max-snippet":"max-snippet:-1","max-image-preview":"max-image-preview:large","max-video-preview":"max-video-preview:-1"},"canonical":"https:\/\/www.domkraftpro.com\/index.php\/produkt\/posledni-sance-sapho-afrodite-drzak-kartacku-na-postaveni-cement-54698\/","og_locale":"cs_CZ","og_type":"article","og_title":"Posledn\u00ed \u0160ance Sapho AFRODITE Dr\u017e\u00e1k kart\u00e1\u010dk\u016f na postaven\u00ed cement -","og_description":"Popis produktu Sapho AFRODITE Dr\u017e\u00e1k kart\u00e1\u010dk\u016f na postaven\u00ed cement Pr\u016fm\u011br: 76 mmBarva: B\u00e9\u017eov\u00e1\u0160\u00ed\u0159ka: 76 mmV\u00fd\u0161ka: 115 mmHloubka: 76 mmBalen\u00ed: 1 ksRozm\u011br: 76&#215;115 mmMateri\u00e1l: BetonZ\u00e1ruka: 2 rokyDruh: Sklenka\/Dr\u017e\u00e1k kart\u00e1\u010dk\u016fInstalace: Na postaven\u00edTvar: Kruhov\u00e9 Rozm\u011br: \u00d876&#215;115 mm Popis s\u00e9rie Dopl\u0148ky na postaven\u00ed z netradi\u010dn\u00edho materi\u00e1lu v neot\u0159el\u00e9m italsk\u00e9m designu zajist\u00e9 zaujmou p\u0159\u00edznivce modern\u00edho stylu a jemn\u00fdch tlumen\u00fdch barev.","og_url":"https:\/\/www.domkraftpro.com\/index.php\/produkt\/posledni-sance-sapho-afrodite-drzak-kartacku-na-postaveni-cement-54698\/","og_image":[{"width":385,"height":600,"url":"https:\/\/www.domkraftpro.com\/wp-content\/uploads\/2026\/SK0009226-CZ20260425-092632-0-1777080397-sapho-afrodite-drzak-kartacku-na-postaveni-cement-449291.jp.webp","type":"image\/webp"}],"twitter_card":"summary_large_image","schema":{"@context":"https:\/\/schema.org","@graph":[{"@type":"WebPage","@id":"https:\/\/www.domkraftpro.com\/index.php\/produkt\/posledni-sance-sapho-afrodite-drzak-kartacku-na-postaveni-cement-54698\/","url":"https:\/\/www.domkraftpro.com\/index.php\/produkt\/posledni-sance-sapho-afrodite-drzak-kartacku-na-postaveni-cement-54698\/","name":"Posledn\u00ed \u0160ance Sapho AFRODITE Dr\u017e\u00e1k kart\u00e1\u010dk\u016f na postaven\u00ed cement -","isPartOf":{"@id":"https:\/\/www.domkraftpro.com\/#website"},"primaryImageOfPage":{"@id":"https:\/\/www.domkraftpro.com\/index.php\/produkt\/posledni-sance-sapho-afrodite-drzak-kartacku-na-postaveni-cement-54698\/#primaryimage"},"image":{"@id":"https:\/\/www.domkraftpro.com\/index.php\/produkt\/posledni-sance-sapho-afrodite-drzak-kartacku-na-postaveni-cement-54698\/#primaryimage"},"thumbnailUrl":"https:\/\/www.domkraftpro.com\/wp-content\/uploads\/2026\/SK0009226-CZ20260425-092632-0-1777080397-sapho-afrodite-drzak-kartacku-na-postaveni-cement-449291.jp.webp","datePublished":"2026-04-27T04:42:52+00:00","breadcrumb":{"@id":"https:\/\/www.domkraftpro.com\/index.php\/produkt\/posledni-sance-sapho-afrodite-drzak-kartacku-na-postaveni-cement-54698\/#breadcrumb"},"inLanguage":"cs","potentialAction":[{"@type":"ReadAction","target":["https:\/\/www.domkraftpro.com\/index.php\/produkt\/posledni-sance-sapho-afrodite-drzak-kartacku-na-postaveni-cement-54698\/"]}]},{"@type":"ImageObject","inLanguage":"cs","@id":"https:\/\/www.domkraftpro.com\/index.php\/produkt\/posledni-sance-sapho-afrodite-drzak-kartacku-na-postaveni-cement-54698\/#primaryimage","url":"https:\/\/www.domkraftpro.com\/wp-content\/uploads\/2026\/SK0009226-CZ20260425-092632-0-1777080397-sapho-afrodite-drzak-kartacku-na-postaveni-cement-449291.jp.webp","contentUrl":"https:\/\/www.domkraftpro.com\/wp-content\/uploads\/2026\/SK0009226-CZ20260425-092632-0-1777080397-sapho-afrodite-drzak-kartacku-na-postaveni-cement-449291.jp.webp","width":385,"height":600},{"@type":"BreadcrumbList","@id":"https:\/\/www.domkraftpro.com\/index.php\/produkt\/posledni-sance-sapho-afrodite-drzak-kartacku-na-postaveni-cement-54698\/#breadcrumb","itemListElement":[{"@type":"ListItem","position":1,"name":"Home","item":"https:\/\/www.domkraftpro.com\/"},{"@type":"ListItem","position":2,"name":"Products","item":"https:\/\/www.domkraftpro.com\/index.php\/products\/"},{"@type":"ListItem","position":3,"name":"Posledn\u00ed \u0160ance Sapho AFRODITE Dr\u017e\u00e1k kart\u00e1\u010dk\u016f na postaven\u00ed cement"}]},{"@type":"WebSite","@id":"https:\/\/www.domkraftpro.com\/#website","url":"https:\/\/www.domkraftpro.com\/","name":"","description":"","potentialAction":[{"@type":"SearchAction","target":{"@type":"EntryPoint","urlTemplate":"https:\/\/www.domkraftpro.com\/?s={search_term_string}"},"query-input":{"@type":"PropertyValueSpecification","valueRequired":true,"valueName":"search_term_string"}}],"inLanguage":"cs"}]}},"_links":{"self":[{"href":"https:\/\/www.domkraftpro.com\/index.php\/wp-json\/wp\/v2\/product\/54698","targetHints":{"allow":["GET"]}}],"collection":[{"href":"https:\/\/www.domkraftpro.com\/index.php\/wp-json\/wp\/v2\/product"}],"about":[{"href":"https:\/\/www.domkraftpro.com\/index.php\/wp-json\/wp\/v2\/types\/product"}],"replies":[{"embeddable":true,"href":"https:\/\/www.domkraftpro.com\/index.php\/wp-json\/wp\/v2\/comments?post=54698"}],"wp:featuredmedia":[{"embeddable":true,"href":"https:\/\/www.domkraftpro.com\/index.php\/wp-json\/wp\/v2\/media\/54798"}],"wp:attachment":[{"href":"https:\/\/www.domkraftpro.com\/index.php\/wp-json\/wp\/v2\/media?parent=54698"}],"wp:term":[{"taxonomy":"product_brand","embeddable":true,"href":"https:\/\/www.domkraftpro.com\/index.php\/wp-json\/wp\/v2\/product_brand?post=54698"},{"taxonomy":"product_cat","embeddable":true,"href":"https:\/\/www.domkraftpro.com\/index.php\/wp-json\/wp\/v2\/product_cat?post=54698"},{"taxonomy":"product_tag","embeddable":true,"href":"https:\/\/www.domkraftpro.com\/index.php\/wp-json\/wp\/v2\/product_tag?post=54698"}],"curies":[{"name":"wp","href":"https:\/\/api.w.org\/{rel}","templated":true}]}}