{"id":54521,"date":"2026-04-27T04:42:51","date_gmt":"2026-04-27T04:42:51","guid":{"rendered":""},"modified":"2026-04-27T04:42:51","modified_gmt":"2026-04-27T04:42:51","slug":"akcni-nabidka-regulus-pojistny-ventil-6-bar-m-f-sol-1-2-mx3-4-f-6-bar-max-150degc-54521","status":"publish","type":"product","link":"https:\/\/www.domkraftpro.com\/index.php\/produkt\/akcni-nabidka-regulus-pojistny-ventil-6-bar-m-f-sol-1-2-mx3-4-f-6-bar-max-150degc-54521\/","title":{"rendered":"Ak\u010dn\u00ed Nab\u00eddka Regulus Pojistn\u00fd ventil 6 bar M\/F SOL, 1\/2\u201cMx3\/4\u201cF, 6 bar, max 150\u00b0C"},"content":{"rendered":"<div class=\"ProductDetail-content NoFixImageContainer\" id=\"productDescription\">\n<div class=\"Heading\">\n<h2 class=\"Heading-title\">Popis produktu <span class=''>Regulus Pojistn\u00fd ventil 6 bar M\/F SOL, 1\/2\u201cMx3\/4\u201cF, 6 bar, max 150\u00b0C<\/span><\/h2>\n<\/p><\/div>\n<div class=\"ProductDetailContent\">\n<p><span style=\"font-size:16px\">Pojistn&yacute; ventil zabra\u0148uje po&scaron;kozen&iacute; sol&aacute;rn&iacute;ho syst&eacute;mu p\u0159i p\u0159ekro\u010den&iacute; maxim&aacute;ln&iacute;ho tlaku zp\u016fsoben&eacute;m p\u0159eh\u0159&aacute;t&iacute;m syst&eacute;mu p\u0159i poru&scaron;e. Parametry: p\u0159ipojen&iacute; 1\/2&ldquo;Mx3\/4&ldquo;F, tlak 6 bar, teplota do 150&deg;C<\/span><\/p>\n<\/p><\/div>\n<div class=\"ProductDetailContent\">                                                                    <\/div>\n<\/p><\/div>\n<\/p><\/div>\n<\/p><\/div>\n","protected":false},"excerpt":{"rendered":"<p>Popis produktu Regulus Pojistn\u00fd ventil 6 bar M\/F SOL, 1\/2\u201cMx3\/4\u201cF, 6 bar, max 150\u00b0C Pojistn&yacute; ventil zabra\u0148uje po&scaron;kozen&iacute; sol&aacute;rn&iacute;ho syst&eacute;mu p\u0159i p\u0159ekro\u010den&iacute; maxim&aacute;ln&iacute;ho tlaku zp\u016fsoben&eacute;m p\u0159eh\u0159&aacute;t&iacute;m syst&eacute;mu p\u0159i poru&scaron;e. Parametry: p\u0159ipojen&iacute; 1\/2&ldquo;Mx3\/4&ldquo;F, tlak 6 bar, teplota do 150&deg;C<\/p>\n","protected":false},"featured_media":54621,"comment_status":"open","ping_status":"open","template":"","meta":[],"product_brand":[],"product_cat":[123],"product_tag":[],"class_list":{"0":"post-54521","1":"product","2":"type-product","3":"status-publish","4":"has-post-thumbnail","6":"product_cat-fotovoltaicke-a-solarni-systemy","8":"first","9":"instock","10":"sale","11":"shipping-taxable","12":"purchasable","13":"product-type-simple"},"yoast_head":"<!-- This site is optimized with the Yoast SEO plugin v26.8 - https:\/\/yoast.com\/product\/yoast-seo-wordpress\/ -->\n<title>Ak\u010dn\u00ed Nab\u00eddka Regulus Pojistn\u00fd ventil 6 bar M\/F SOL, 1\/2\u201cMx3\/4\u201cF, 6 bar, max 150\u00b0C -<\/title>\n<meta name=\"robots\" content=\"index, follow, max-snippet:-1, max-image-preview:large, max-video-preview:-1\" \/>\n<link rel=\"canonical\" href=\"https:\/\/www.domkraftpro.com\/index.php\/produkt\/akcni-nabidka-regulus-pojistny-ventil-6-bar-m-f-sol-1-2-mx3-4-f-6-bar-max-150degc-54521\/\" \/>\n<meta property=\"og:locale\" content=\"cs_CZ\" \/>\n<meta property=\"og:type\" content=\"article\" \/>\n<meta property=\"og:title\" content=\"Ak\u010dn\u00ed Nab\u00eddka Regulus Pojistn\u00fd ventil 6 bar M\/F SOL, 1\/2\u201cMx3\/4\u201cF, 6 bar, max 150\u00b0C -\" \/>\n<meta property=\"og:description\" content=\"Popis produktu Regulus Pojistn\u00fd ventil 6 bar M\/F SOL, 1\/2\u201cMx3\/4\u201cF, 6 bar, max 150\u00b0C Pojistn&yacute; ventil zabra\u0148uje po&scaron;kozen&iacute; sol&aacute;rn&iacute;ho syst&eacute;mu p\u0159i p\u0159ekro\u010den&iacute; maxim&aacute;ln&iacute;ho tlaku zp\u016fsoben&eacute;m p\u0159eh\u0159&aacute;t&iacute;m syst&eacute;mu p\u0159i poru&scaron;e. Parametry: p\u0159ipojen&iacute; 1\/2&ldquo;Mx3\/4&ldquo;F, tlak 6 bar, teplota do 150&deg;C\" \/>\n<meta property=\"og:url\" content=\"https:\/\/www.domkraftpro.com\/index.php\/produkt\/akcni-nabidka-regulus-pojistny-ventil-6-bar-m-f-sol-1-2-mx3-4-f-6-bar-max-150degc-54521\/\" \/>\n<meta property=\"og:image\" content=\"https:\/\/www.domkraftpro.com\/wp-content\/uploads\/2026\/SK0009146-CZ20260425-092632-0-1777080397-regulus-pojistny-ventil-6-bar-m-f-sol-1-2-mx3-4-f-6-bar-max.webp\" \/>\n\t<meta property=\"og:image:width\" content=\"392\" \/>\n\t<meta property=\"og:image:height\" content=\"569\" \/>\n\t<meta property=\"og:image:type\" content=\"image\/webp\" \/>\n<meta name=\"twitter:card\" content=\"summary_large_image\" \/>\n<script type=\"application\/ld+json\" class=\"yoast-schema-graph\">{\"@context\":\"https:\/\/schema.org\",\"@graph\":[{\"@type\":\"WebPage\",\"@id\":\"https:\/\/www.domkraftpro.com\/index.php\/produkt\/akcni-nabidka-regulus-pojistny-ventil-6-bar-m-f-sol-1-2-mx3-4-f-6-bar-max-150degc-54521\/\",\"url\":\"https:\/\/www.domkraftpro.com\/index.php\/produkt\/akcni-nabidka-regulus-pojistny-ventil-6-bar-m-f-sol-1-2-mx3-4-f-6-bar-max-150degc-54521\/\",\"name\":\"Ak\u010dn\u00ed Nab\u00eddka Regulus Pojistn\u00fd ventil 6 bar M\/F SOL, 1\/2\u201cMx3\/4\u201cF, 6 bar, max 150\u00b0C -\",\"isPartOf\":{\"@id\":\"https:\/\/www.domkraftpro.com\/#website\"},\"primaryImageOfPage\":{\"@id\":\"https:\/\/www.domkraftpro.com\/index.php\/produkt\/akcni-nabidka-regulus-pojistny-ventil-6-bar-m-f-sol-1-2-mx3-4-f-6-bar-max-150degc-54521\/#primaryimage\"},\"image\":{\"@id\":\"https:\/\/www.domkraftpro.com\/index.php\/produkt\/akcni-nabidka-regulus-pojistny-ventil-6-bar-m-f-sol-1-2-mx3-4-f-6-bar-max-150degc-54521\/#primaryimage\"},\"thumbnailUrl\":\"https:\/\/www.domkraftpro.com\/wp-content\/uploads\/2026\/SK0009146-CZ20260425-092632-0-1777080397-regulus-pojistny-ventil-6-bar-m-f-sol-1-2-mx3-4-f-6-bar-max.webp\",\"datePublished\":\"2026-04-27T04:42:51+00:00\",\"breadcrumb\":{\"@id\":\"https:\/\/www.domkraftpro.com\/index.php\/produkt\/akcni-nabidka-regulus-pojistny-ventil-6-bar-m-f-sol-1-2-mx3-4-f-6-bar-max-150degc-54521\/#breadcrumb\"},\"inLanguage\":\"cs\",\"potentialAction\":[{\"@type\":\"ReadAction\",\"target\":[\"https:\/\/www.domkraftpro.com\/index.php\/produkt\/akcni-nabidka-regulus-pojistny-ventil-6-bar-m-f-sol-1-2-mx3-4-f-6-bar-max-150degc-54521\/\"]}]},{\"@type\":\"ImageObject\",\"inLanguage\":\"cs\",\"@id\":\"https:\/\/www.domkraftpro.com\/index.php\/produkt\/akcni-nabidka-regulus-pojistny-ventil-6-bar-m-f-sol-1-2-mx3-4-f-6-bar-max-150degc-54521\/#primaryimage\",\"url\":\"https:\/\/www.domkraftpro.com\/wp-content\/uploads\/2026\/SK0009146-CZ20260425-092632-0-1777080397-regulus-pojistny-ventil-6-bar-m-f-sol-1-2-mx3-4-f-6-bar-max.webp\",\"contentUrl\":\"https:\/\/www.domkraftpro.com\/wp-content\/uploads\/2026\/SK0009146-CZ20260425-092632-0-1777080397-regulus-pojistny-ventil-6-bar-m-f-sol-1-2-mx3-4-f-6-bar-max.webp\",\"width\":392,\"height\":569},{\"@type\":\"BreadcrumbList\",\"@id\":\"https:\/\/www.domkraftpro.com\/index.php\/produkt\/akcni-nabidka-regulus-pojistny-ventil-6-bar-m-f-sol-1-2-mx3-4-f-6-bar-max-150degc-54521\/#breadcrumb\",\"itemListElement\":[{\"@type\":\"ListItem\",\"position\":1,\"name\":\"Home\",\"item\":\"https:\/\/www.domkraftpro.com\/\"},{\"@type\":\"ListItem\",\"position\":2,\"name\":\"Products\",\"item\":\"https:\/\/www.domkraftpro.com\/index.php\/products\/\"},{\"@type\":\"ListItem\",\"position\":3,\"name\":\"Ak\u010dn\u00ed Nab\u00eddka Regulus Pojistn\u00fd ventil 6 bar M\/F SOL, 1\/2\u201cMx3\/4\u201cF, 6 bar, max 150\u00b0C\"}]},{\"@type\":\"WebSite\",\"@id\":\"https:\/\/www.domkraftpro.com\/#website\",\"url\":\"https:\/\/www.domkraftpro.com\/\",\"name\":\"\",\"description\":\"\",\"potentialAction\":[{\"@type\":\"SearchAction\",\"target\":{\"@type\":\"EntryPoint\",\"urlTemplate\":\"https:\/\/www.domkraftpro.com\/?s={search_term_string}\"},\"query-input\":{\"@type\":\"PropertyValueSpecification\",\"valueRequired\":true,\"valueName\":\"search_term_string\"}}],\"inLanguage\":\"cs\"}]}<\/script>\n<!-- \/ Yoast SEO plugin. -->","yoast_head_json":{"title":"Ak\u010dn\u00ed Nab\u00eddka Regulus Pojistn\u00fd ventil 6 bar M\/F SOL, 1\/2\u201cMx3\/4\u201cF, 6 bar, max 150\u00b0C -","robots":{"index":"index","follow":"follow","max-snippet":"max-snippet:-1","max-image-preview":"max-image-preview:large","max-video-preview":"max-video-preview:-1"},"canonical":"https:\/\/www.domkraftpro.com\/index.php\/produkt\/akcni-nabidka-regulus-pojistny-ventil-6-bar-m-f-sol-1-2-mx3-4-f-6-bar-max-150degc-54521\/","og_locale":"cs_CZ","og_type":"article","og_title":"Ak\u010dn\u00ed Nab\u00eddka Regulus Pojistn\u00fd ventil 6 bar M\/F SOL, 1\/2\u201cMx3\/4\u201cF, 6 bar, max 150\u00b0C -","og_description":"Popis produktu Regulus Pojistn\u00fd ventil 6 bar M\/F SOL, 1\/2\u201cMx3\/4\u201cF, 6 bar, max 150\u00b0C Pojistn&yacute; ventil zabra\u0148uje po&scaron;kozen&iacute; sol&aacute;rn&iacute;ho syst&eacute;mu p\u0159i p\u0159ekro\u010den&iacute; maxim&aacute;ln&iacute;ho tlaku zp\u016fsoben&eacute;m p\u0159eh\u0159&aacute;t&iacute;m syst&eacute;mu p\u0159i poru&scaron;e. Parametry: p\u0159ipojen&iacute; 1\/2&ldquo;Mx3\/4&ldquo;F, tlak 6 bar, teplota do 150&deg;C","og_url":"https:\/\/www.domkraftpro.com\/index.php\/produkt\/akcni-nabidka-regulus-pojistny-ventil-6-bar-m-f-sol-1-2-mx3-4-f-6-bar-max-150degc-54521\/","og_image":[{"width":392,"height":569,"url":"https:\/\/www.domkraftpro.com\/wp-content\/uploads\/2026\/SK0009146-CZ20260425-092632-0-1777080397-regulus-pojistny-ventil-6-bar-m-f-sol-1-2-mx3-4-f-6-bar-max.webp","type":"image\/webp"}],"twitter_card":"summary_large_image","schema":{"@context":"https:\/\/schema.org","@graph":[{"@type":"WebPage","@id":"https:\/\/www.domkraftpro.com\/index.php\/produkt\/akcni-nabidka-regulus-pojistny-ventil-6-bar-m-f-sol-1-2-mx3-4-f-6-bar-max-150degc-54521\/","url":"https:\/\/www.domkraftpro.com\/index.php\/produkt\/akcni-nabidka-regulus-pojistny-ventil-6-bar-m-f-sol-1-2-mx3-4-f-6-bar-max-150degc-54521\/","name":"Ak\u010dn\u00ed Nab\u00eddka Regulus Pojistn\u00fd ventil 6 bar M\/F SOL, 1\/2\u201cMx3\/4\u201cF, 6 bar, max 150\u00b0C -","isPartOf":{"@id":"https:\/\/www.domkraftpro.com\/#website"},"primaryImageOfPage":{"@id":"https:\/\/www.domkraftpro.com\/index.php\/produkt\/akcni-nabidka-regulus-pojistny-ventil-6-bar-m-f-sol-1-2-mx3-4-f-6-bar-max-150degc-54521\/#primaryimage"},"image":{"@id":"https:\/\/www.domkraftpro.com\/index.php\/produkt\/akcni-nabidka-regulus-pojistny-ventil-6-bar-m-f-sol-1-2-mx3-4-f-6-bar-max-150degc-54521\/#primaryimage"},"thumbnailUrl":"https:\/\/www.domkraftpro.com\/wp-content\/uploads\/2026\/SK0009146-CZ20260425-092632-0-1777080397-regulus-pojistny-ventil-6-bar-m-f-sol-1-2-mx3-4-f-6-bar-max.webp","datePublished":"2026-04-27T04:42:51+00:00","breadcrumb":{"@id":"https:\/\/www.domkraftpro.com\/index.php\/produkt\/akcni-nabidka-regulus-pojistny-ventil-6-bar-m-f-sol-1-2-mx3-4-f-6-bar-max-150degc-54521\/#breadcrumb"},"inLanguage":"cs","potentialAction":[{"@type":"ReadAction","target":["https:\/\/www.domkraftpro.com\/index.php\/produkt\/akcni-nabidka-regulus-pojistny-ventil-6-bar-m-f-sol-1-2-mx3-4-f-6-bar-max-150degc-54521\/"]}]},{"@type":"ImageObject","inLanguage":"cs","@id":"https:\/\/www.domkraftpro.com\/index.php\/produkt\/akcni-nabidka-regulus-pojistny-ventil-6-bar-m-f-sol-1-2-mx3-4-f-6-bar-max-150degc-54521\/#primaryimage","url":"https:\/\/www.domkraftpro.com\/wp-content\/uploads\/2026\/SK0009146-CZ20260425-092632-0-1777080397-regulus-pojistny-ventil-6-bar-m-f-sol-1-2-mx3-4-f-6-bar-max.webp","contentUrl":"https:\/\/www.domkraftpro.com\/wp-content\/uploads\/2026\/SK0009146-CZ20260425-092632-0-1777080397-regulus-pojistny-ventil-6-bar-m-f-sol-1-2-mx3-4-f-6-bar-max.webp","width":392,"height":569},{"@type":"BreadcrumbList","@id":"https:\/\/www.domkraftpro.com\/index.php\/produkt\/akcni-nabidka-regulus-pojistny-ventil-6-bar-m-f-sol-1-2-mx3-4-f-6-bar-max-150degc-54521\/#breadcrumb","itemListElement":[{"@type":"ListItem","position":1,"name":"Home","item":"https:\/\/www.domkraftpro.com\/"},{"@type":"ListItem","position":2,"name":"Products","item":"https:\/\/www.domkraftpro.com\/index.php\/products\/"},{"@type":"ListItem","position":3,"name":"Ak\u010dn\u00ed Nab\u00eddka Regulus Pojistn\u00fd ventil 6 bar M\/F SOL, 1\/2\u201cMx3\/4\u201cF, 6 bar, max 150\u00b0C"}]},{"@type":"WebSite","@id":"https:\/\/www.domkraftpro.com\/#website","url":"https:\/\/www.domkraftpro.com\/","name":"","description":"","potentialAction":[{"@type":"SearchAction","target":{"@type":"EntryPoint","urlTemplate":"https:\/\/www.domkraftpro.com\/?s={search_term_string}"},"query-input":{"@type":"PropertyValueSpecification","valueRequired":true,"valueName":"search_term_string"}}],"inLanguage":"cs"}]}},"_links":{"self":[{"href":"https:\/\/www.domkraftpro.com\/index.php\/wp-json\/wp\/v2\/product\/54521","targetHints":{"allow":["GET"]}}],"collection":[{"href":"https:\/\/www.domkraftpro.com\/index.php\/wp-json\/wp\/v2\/product"}],"about":[{"href":"https:\/\/www.domkraftpro.com\/index.php\/wp-json\/wp\/v2\/types\/product"}],"replies":[{"embeddable":true,"href":"https:\/\/www.domkraftpro.com\/index.php\/wp-json\/wp\/v2\/comments?post=54521"}],"wp:featuredmedia":[{"embeddable":true,"href":"https:\/\/www.domkraftpro.com\/index.php\/wp-json\/wp\/v2\/media\/54621"}],"wp:attachment":[{"href":"https:\/\/www.domkraftpro.com\/index.php\/wp-json\/wp\/v2\/media?parent=54521"}],"wp:term":[{"taxonomy":"product_brand","embeddable":true,"href":"https:\/\/www.domkraftpro.com\/index.php\/wp-json\/wp\/v2\/product_brand?post=54521"},{"taxonomy":"product_cat","embeddable":true,"href":"https:\/\/www.domkraftpro.com\/index.php\/wp-json\/wp\/v2\/product_cat?post=54521"},{"taxonomy":"product_tag","embeddable":true,"href":"https:\/\/www.domkraftpro.com\/index.php\/wp-json\/wp\/v2\/product_tag?post=54521"}],"curies":[{"name":"wp","href":"https:\/\/api.w.org\/{rel}","templated":true}]}}