{"id":54517,"date":"2026-04-27T04:42:51","date_gmt":"2026-04-27T04:42:51","guid":{"rendered":""},"modified":"2026-04-27T04:42:51","modified_gmt":"2026-04-27T04:42:51","slug":"casove-omezene-ovladaci-panel-pro-jedno-cerpadlo-dab-prislusenstvi-ed-54517","status":"publish","type":"product","link":"https:\/\/www.domkraftpro.com\/produkt\/casove-omezene-ovladaci-panel-pro-jedno-cerpadlo-dab-prislusenstvi-ed-54517\/","title":{"rendered":"\u010casov\u011b Omezen\u00e9 Ovl\u00e1dac\u00ed panel pro jedno \u010derpadlo DAB.PRISLUSENSTVI ED"},"content":{"rendered":"<div class=\"ProductDetail-content NoFixImageContainer\" id=\"productDescription\">\n<div class=\"Heading\">\n<h2 class=\"Heading-title\">Popis produktu <span class=''>Ovl\u00e1dac\u00ed panel pro jedno \u010derpadlo DAB.PRISLUSENSTVI ED<\/span><\/h2>\n<\/p><\/div>\n<div class=\"ProductDetailContent\">\n<p><span style=\"font-size:16px\">Kontroln\u00ed panel chr\u00e1n\u00ed \u010derpadlo proti p\u0159et\u00ed\u017een\u00ed, zkratu nebo nadm\u011brn\u00e9mu oteplen\u00ed jist\u00edc\u00edmi p\u0159\u00edstroji s&nbsp;manu\u00e1ln\u00edm resetem. Typy ED3M, ED3MHS, od ED2,5 do ED30T SD umo\u017e\u0148uj\u00ed p\u0159ipojen\u00ed sign\u00e1lu p\u0159es tepelnou ochranu, pokud je j\u00edm \u010derpadlo opat\u0159eno. Panel je dod\u00e1v\u00e1n kompletn\u00ed se svorkami pro p\u0159ipojen\u00ed motoru \u010derpadla a plov\u00e1kov\u00fdch sp\u00edna\u010d\u016f. Je dopln\u011bn svorkami pro pou\u017eit\u00ed alarmov\u00e9ho plov\u00e1ku a svorkami (bezpotenci\u00e1ln\u00ed kontakt) pro d\u00e1lkov\u00e9 spou\u0161t\u011bn\u00ed akustick\u00e9ho nebo sv\u011bteln\u00e9ho alarmu. Typy ED3MHS a ED2, 4MHS jsou vybaveny automatick\u00fdm za\u0159\u00edzen\u00edm pro zv\u00fd\u0161en\u00ed rozb\u011bhov\u00e9ho momentu.<\/span><\/p>\n<p><span style=\"font-size:16px\">Sou\u010d\u00e1st\u00ed dod\u00e1vky:<\/span><\/p>\n<ul>\n<li><span style=\"font-size:16px\">Hlavn\u00ed sp\u00edna\u010d s&nbsp;uzamykateln\u00fdmi dv\u00ed\u0159ky (s v\u00fdjimkou jednof\u00e1zov\u00e9 verze)<\/span><\/li>\n<li><span style=\"font-size:16px\">Vlastn\u00ed ochrann\u00fd transform\u00e1tor pro nap\u00e1jen\u00ed<\/span><\/li>\n<li><span style=\"font-size:16px\">Tla\u010d\u00edtko na p\u0159edn\u00edm panelu pro ru\u010dn\u00ed provoz (jednof\u00e1zov\u00e9 verze)<\/span><\/li>\n<li><span style=\"font-size:16px\">Sp\u00edna\u010d na p\u0159edn\u00edm panelu pro ru\u010dn\u00ed provoz &#8211; O&nbsp;&#8211; Automatick\u00fd provoz<\/span><\/li>\n<li><span style=\"font-size:16px\">Chybov\u00e9 hl\u00e1\u0161en\u00ed<\/span><\/li>\n<li><span style=\"font-size:16px\">Signalizace chodu \u010derpadla<\/span><\/li>\n<li><span style=\"font-size:16px\">Signalizace stavu nap\u011bt\u00ed<\/span><\/li>\n<li><span style=\"font-size:16px\">Rozsah okoln\u00ed teploty: od -10 \u00b0C do + 40 \u00b0C<\/span><\/li>\n<li><span style=\"font-size:16px\">Stupe\u0148 kryt\u00ed: IP55<\/span><\/li>\n<\/ul><\/div>\n<div class=\"ProductDetailContent\">                                                                    <\/div>\n<\/p><\/div>\n<\/p><\/div>\n<\/p><\/div>\n","protected":false},"excerpt":{"rendered":"<p>Popis produktu Ovl\u00e1dac\u00ed panel pro jedno \u010derpadlo DAB.PRISLUSENSTVI ED Kontroln\u00ed panel chr\u00e1n\u00ed \u010derpadlo proti p\u0159et\u00ed\u017een\u00ed, zkratu nebo nadm\u011brn\u00e9mu oteplen\u00ed jist\u00edc\u00edmi p\u0159\u00edstroji s&nbsp;manu\u00e1ln\u00edm resetem. Typy ED3M, ED3MHS, od ED2,5 do ED30T SD umo\u017e\u0148uj\u00ed p\u0159ipojen\u00ed sign\u00e1lu p\u0159es tepelnou ochranu, pokud je j\u00edm \u010derpadlo opat\u0159eno. Panel je dod\u00e1v\u00e1n kompletn\u00ed se svorkami pro p\u0159ipojen\u00ed motoru \u010derpadla a plov\u00e1kov\u00fdch sp\u00edna\u010d\u016f. [&hellip;]<\/p>\n","protected":false},"featured_media":54617,"comment_status":"open","ping_status":"open","template":"","meta":[],"product_brand":[],"product_cat":[122],"product_tag":[],"class_list":{"0":"post-54517","1":"product","2":"type-product","3":"status-publish","4":"has-post-thumbnail","6":"product_cat-septiky-jimky-nadrze","8":"first","9":"instock","10":"sale","11":"shipping-taxable","12":"purchasable","13":"product-type-simple"},"yoast_head":"<!-- This site is optimized with the Yoast SEO plugin v26.8 - https:\/\/yoast.com\/product\/yoast-seo-wordpress\/ -->\n<title>\u010casov\u011b Omezen\u00e9 Ovl\u00e1dac\u00ed panel pro jedno \u010derpadlo DAB.PRISLUSENSTVI ED -<\/title>\n<meta name=\"robots\" content=\"index, follow, max-snippet:-1, max-image-preview:large, max-video-preview:-1\" \/>\n<link rel=\"canonical\" href=\"https:\/\/www.domkraftpro.com\/index.php\/produkt\/casove-omezene-ovladaci-panel-pro-jedno-cerpadlo-dab-prislusenstvi-ed-54517\/\" \/>\n<meta property=\"og:locale\" content=\"cs_CZ\" \/>\n<meta property=\"og:type\" content=\"article\" \/>\n<meta property=\"og:title\" content=\"\u010casov\u011b Omezen\u00e9 Ovl\u00e1dac\u00ed panel pro jedno \u010derpadlo DAB.PRISLUSENSTVI ED -\" \/>\n<meta property=\"og:description\" content=\"Popis produktu Ovl\u00e1dac\u00ed panel pro jedno \u010derpadlo DAB.PRISLUSENSTVI ED Kontroln\u00ed panel chr\u00e1n\u00ed \u010derpadlo proti p\u0159et\u00ed\u017een\u00ed, zkratu nebo nadm\u011brn\u00e9mu oteplen\u00ed jist\u00edc\u00edmi p\u0159\u00edstroji s&nbsp;manu\u00e1ln\u00edm resetem. Typy ED3M, ED3MHS, od ED2,5 do ED30T SD umo\u017e\u0148uj\u00ed p\u0159ipojen\u00ed sign\u00e1lu p\u0159es tepelnou ochranu, pokud je j\u00edm \u010derpadlo opat\u0159eno. Panel je dod\u00e1v\u00e1n kompletn\u00ed se svorkami pro p\u0159ipojen\u00ed motoru \u010derpadla a plov\u00e1kov\u00fdch sp\u00edna\u010d\u016f. [&hellip;]\" \/>\n<meta property=\"og:url\" content=\"https:\/\/www.domkraftpro.com\/index.php\/produkt\/casove-omezene-ovladaci-panel-pro-jedno-cerpadlo-dab-prislusenstvi-ed-54517\/\" \/>\n<meta property=\"og:image\" content=\"https:\/\/www.domkraftpro.com\/wp-content\/uploads\/2026\/SK0009138-CZ20260425-092632-0-1777080397-ovladaci-panel-pro-jedno-cerpadlo-dab-prislusenstvi-ed-1470.webp\" \/>\n\t<meta property=\"og:image:width\" content=\"600\" \/>\n\t<meta property=\"og:image:height\" content=\"571\" \/>\n\t<meta property=\"og:image:type\" content=\"image\/webp\" \/>\n<meta name=\"twitter:card\" content=\"summary_large_image\" \/>\n<meta name=\"twitter:label1\" content=\"Odhadovan\u00e1 doba \u010dten\u00ed\" \/>\n\t<meta name=\"twitter:data1\" content=\"1 minuta\" \/>\n<script type=\"application\/ld+json\" class=\"yoast-schema-graph\">{\"@context\":\"https:\/\/schema.org\",\"@graph\":[{\"@type\":\"WebPage\",\"@id\":\"https:\/\/www.domkraftpro.com\/index.php\/produkt\/casove-omezene-ovladaci-panel-pro-jedno-cerpadlo-dab-prislusenstvi-ed-54517\/\",\"url\":\"https:\/\/www.domkraftpro.com\/index.php\/produkt\/casove-omezene-ovladaci-panel-pro-jedno-cerpadlo-dab-prislusenstvi-ed-54517\/\",\"name\":\"\u010casov\u011b Omezen\u00e9 Ovl\u00e1dac\u00ed panel pro jedno \u010derpadlo DAB.PRISLUSENSTVI ED -\",\"isPartOf\":{\"@id\":\"https:\/\/www.domkraftpro.com\/#website\"},\"primaryImageOfPage\":{\"@id\":\"https:\/\/www.domkraftpro.com\/index.php\/produkt\/casove-omezene-ovladaci-panel-pro-jedno-cerpadlo-dab-prislusenstvi-ed-54517\/#primaryimage\"},\"image\":{\"@id\":\"https:\/\/www.domkraftpro.com\/index.php\/produkt\/casove-omezene-ovladaci-panel-pro-jedno-cerpadlo-dab-prislusenstvi-ed-54517\/#primaryimage\"},\"thumbnailUrl\":\"https:\/\/www.domkraftpro.com\/wp-content\/uploads\/2026\/SK0009138-CZ20260425-092632-0-1777080397-ovladaci-panel-pro-jedno-cerpadlo-dab-prislusenstvi-ed-1470.webp\",\"datePublished\":\"2026-04-27T04:42:51+00:00\",\"breadcrumb\":{\"@id\":\"https:\/\/www.domkraftpro.com\/index.php\/produkt\/casove-omezene-ovladaci-panel-pro-jedno-cerpadlo-dab-prislusenstvi-ed-54517\/#breadcrumb\"},\"inLanguage\":\"cs\",\"potentialAction\":[{\"@type\":\"ReadAction\",\"target\":[\"https:\/\/www.domkraftpro.com\/index.php\/produkt\/casove-omezene-ovladaci-panel-pro-jedno-cerpadlo-dab-prislusenstvi-ed-54517\/\"]}]},{\"@type\":\"ImageObject\",\"inLanguage\":\"cs\",\"@id\":\"https:\/\/www.domkraftpro.com\/index.php\/produkt\/casove-omezene-ovladaci-panel-pro-jedno-cerpadlo-dab-prislusenstvi-ed-54517\/#primaryimage\",\"url\":\"https:\/\/www.domkraftpro.com\/wp-content\/uploads\/2026\/SK0009138-CZ20260425-092632-0-1777080397-ovladaci-panel-pro-jedno-cerpadlo-dab-prislusenstvi-ed-1470.webp\",\"contentUrl\":\"https:\/\/www.domkraftpro.com\/wp-content\/uploads\/2026\/SK0009138-CZ20260425-092632-0-1777080397-ovladaci-panel-pro-jedno-cerpadlo-dab-prislusenstvi-ed-1470.webp\",\"width\":600,\"height\":571},{\"@type\":\"BreadcrumbList\",\"@id\":\"https:\/\/www.domkraftpro.com\/index.php\/produkt\/casove-omezene-ovladaci-panel-pro-jedno-cerpadlo-dab-prislusenstvi-ed-54517\/#breadcrumb\",\"itemListElement\":[{\"@type\":\"ListItem\",\"position\":1,\"name\":\"Home\",\"item\":\"https:\/\/www.domkraftpro.com\/\"},{\"@type\":\"ListItem\",\"position\":2,\"name\":\"Products\",\"item\":\"https:\/\/www.domkraftpro.com\/products\/\"},{\"@type\":\"ListItem\",\"position\":3,\"name\":\"\u010casov\u011b Omezen\u00e9 Ovl\u00e1dac\u00ed panel pro jedno \u010derpadlo DAB.PRISLUSENSTVI ED\"}]},{\"@type\":\"WebSite\",\"@id\":\"https:\/\/www.domkraftpro.com\/#website\",\"url\":\"https:\/\/www.domkraftpro.com\/\",\"name\":\"\",\"description\":\"\",\"potentialAction\":[{\"@type\":\"SearchAction\",\"target\":{\"@type\":\"EntryPoint\",\"urlTemplate\":\"https:\/\/www.domkraftpro.com\/?s={search_term_string}\"},\"query-input\":{\"@type\":\"PropertyValueSpecification\",\"valueRequired\":true,\"valueName\":\"search_term_string\"}}],\"inLanguage\":\"cs\"}]}<\/script>\n<!-- \/ Yoast SEO plugin. -->","yoast_head_json":{"title":"\u010casov\u011b Omezen\u00e9 Ovl\u00e1dac\u00ed panel pro jedno \u010derpadlo DAB.PRISLUSENSTVI ED -","robots":{"index":"index","follow":"follow","max-snippet":"max-snippet:-1","max-image-preview":"max-image-preview:large","max-video-preview":"max-video-preview:-1"},"canonical":"https:\/\/www.domkraftpro.com\/index.php\/produkt\/casove-omezene-ovladaci-panel-pro-jedno-cerpadlo-dab-prislusenstvi-ed-54517\/","og_locale":"cs_CZ","og_type":"article","og_title":"\u010casov\u011b Omezen\u00e9 Ovl\u00e1dac\u00ed panel pro jedno \u010derpadlo DAB.PRISLUSENSTVI ED -","og_description":"Popis produktu Ovl\u00e1dac\u00ed panel pro jedno \u010derpadlo DAB.PRISLUSENSTVI ED Kontroln\u00ed panel chr\u00e1n\u00ed \u010derpadlo proti p\u0159et\u00ed\u017een\u00ed, zkratu nebo nadm\u011brn\u00e9mu oteplen\u00ed jist\u00edc\u00edmi p\u0159\u00edstroji s&nbsp;manu\u00e1ln\u00edm resetem. Typy ED3M, ED3MHS, od ED2,5 do ED30T SD umo\u017e\u0148uj\u00ed p\u0159ipojen\u00ed sign\u00e1lu p\u0159es tepelnou ochranu, pokud je j\u00edm \u010derpadlo opat\u0159eno. Panel je dod\u00e1v\u00e1n kompletn\u00ed se svorkami pro p\u0159ipojen\u00ed motoru \u010derpadla a plov\u00e1kov\u00fdch sp\u00edna\u010d\u016f. [&hellip;]","og_url":"https:\/\/www.domkraftpro.com\/index.php\/produkt\/casove-omezene-ovladaci-panel-pro-jedno-cerpadlo-dab-prislusenstvi-ed-54517\/","og_image":[{"width":600,"height":571,"url":"https:\/\/www.domkraftpro.com\/wp-content\/uploads\/2026\/SK0009138-CZ20260425-092632-0-1777080397-ovladaci-panel-pro-jedno-cerpadlo-dab-prislusenstvi-ed-1470.webp","type":"image\/webp"}],"twitter_card":"summary_large_image","twitter_misc":{"Odhadovan\u00e1 doba \u010dten\u00ed":"1 minuta"},"schema":{"@context":"https:\/\/schema.org","@graph":[{"@type":"WebPage","@id":"https:\/\/www.domkraftpro.com\/index.php\/produkt\/casove-omezene-ovladaci-panel-pro-jedno-cerpadlo-dab-prislusenstvi-ed-54517\/","url":"https:\/\/www.domkraftpro.com\/index.php\/produkt\/casove-omezene-ovladaci-panel-pro-jedno-cerpadlo-dab-prislusenstvi-ed-54517\/","name":"\u010casov\u011b Omezen\u00e9 Ovl\u00e1dac\u00ed panel pro jedno \u010derpadlo DAB.PRISLUSENSTVI ED -","isPartOf":{"@id":"https:\/\/www.domkraftpro.com\/#website"},"primaryImageOfPage":{"@id":"https:\/\/www.domkraftpro.com\/index.php\/produkt\/casove-omezene-ovladaci-panel-pro-jedno-cerpadlo-dab-prislusenstvi-ed-54517\/#primaryimage"},"image":{"@id":"https:\/\/www.domkraftpro.com\/index.php\/produkt\/casove-omezene-ovladaci-panel-pro-jedno-cerpadlo-dab-prislusenstvi-ed-54517\/#primaryimage"},"thumbnailUrl":"https:\/\/www.domkraftpro.com\/wp-content\/uploads\/2026\/SK0009138-CZ20260425-092632-0-1777080397-ovladaci-panel-pro-jedno-cerpadlo-dab-prislusenstvi-ed-1470.webp","datePublished":"2026-04-27T04:42:51+00:00","breadcrumb":{"@id":"https:\/\/www.domkraftpro.com\/index.php\/produkt\/casove-omezene-ovladaci-panel-pro-jedno-cerpadlo-dab-prislusenstvi-ed-54517\/#breadcrumb"},"inLanguage":"cs","potentialAction":[{"@type":"ReadAction","target":["https:\/\/www.domkraftpro.com\/index.php\/produkt\/casove-omezene-ovladaci-panel-pro-jedno-cerpadlo-dab-prislusenstvi-ed-54517\/"]}]},{"@type":"ImageObject","inLanguage":"cs","@id":"https:\/\/www.domkraftpro.com\/index.php\/produkt\/casove-omezene-ovladaci-panel-pro-jedno-cerpadlo-dab-prislusenstvi-ed-54517\/#primaryimage","url":"https:\/\/www.domkraftpro.com\/wp-content\/uploads\/2026\/SK0009138-CZ20260425-092632-0-1777080397-ovladaci-panel-pro-jedno-cerpadlo-dab-prislusenstvi-ed-1470.webp","contentUrl":"https:\/\/www.domkraftpro.com\/wp-content\/uploads\/2026\/SK0009138-CZ20260425-092632-0-1777080397-ovladaci-panel-pro-jedno-cerpadlo-dab-prislusenstvi-ed-1470.webp","width":600,"height":571},{"@type":"BreadcrumbList","@id":"https:\/\/www.domkraftpro.com\/index.php\/produkt\/casove-omezene-ovladaci-panel-pro-jedno-cerpadlo-dab-prislusenstvi-ed-54517\/#breadcrumb","itemListElement":[{"@type":"ListItem","position":1,"name":"Home","item":"https:\/\/www.domkraftpro.com\/"},{"@type":"ListItem","position":2,"name":"Products","item":"https:\/\/www.domkraftpro.com\/products\/"},{"@type":"ListItem","position":3,"name":"\u010casov\u011b Omezen\u00e9 Ovl\u00e1dac\u00ed panel pro jedno \u010derpadlo DAB.PRISLUSENSTVI ED"}]},{"@type":"WebSite","@id":"https:\/\/www.domkraftpro.com\/#website","url":"https:\/\/www.domkraftpro.com\/","name":"","description":"","potentialAction":[{"@type":"SearchAction","target":{"@type":"EntryPoint","urlTemplate":"https:\/\/www.domkraftpro.com\/?s={search_term_string}"},"query-input":{"@type":"PropertyValueSpecification","valueRequired":true,"valueName":"search_term_string"}}],"inLanguage":"cs"}]}},"_links":{"self":[{"href":"https:\/\/www.domkraftpro.com\/wp-json\/wp\/v2\/product\/54517","targetHints":{"allow":["GET"]}}],"collection":[{"href":"https:\/\/www.domkraftpro.com\/wp-json\/wp\/v2\/product"}],"about":[{"href":"https:\/\/www.domkraftpro.com\/wp-json\/wp\/v2\/types\/product"}],"replies":[{"embeddable":true,"href":"https:\/\/www.domkraftpro.com\/wp-json\/wp\/v2\/comments?post=54517"}],"wp:featuredmedia":[{"embeddable":true,"href":"https:\/\/www.domkraftpro.com\/wp-json\/wp\/v2\/media\/54617"}],"wp:attachment":[{"href":"https:\/\/www.domkraftpro.com\/wp-json\/wp\/v2\/media?parent=54517"}],"wp:term":[{"taxonomy":"product_brand","embeddable":true,"href":"https:\/\/www.domkraftpro.com\/wp-json\/wp\/v2\/product_brand?post=54517"},{"taxonomy":"product_cat","embeddable":true,"href":"https:\/\/www.domkraftpro.com\/wp-json\/wp\/v2\/product_cat?post=54517"},{"taxonomy":"product_tag","embeddable":true,"href":"https:\/\/www.domkraftpro.com\/wp-json\/wp\/v2\/product_tag?post=54517"}],"curies":[{"name":"wp","href":"https:\/\/api.w.org\/{rel}","templated":true}]}}