{"id":54383,"date":"2026-04-27T04:42:50","date_gmt":"2026-04-27T04:42:50","guid":{"rendered":""},"modified":"2026-04-27T04:42:50","modified_gmt":"2026-04-27T04:42:50","slug":"ivar-cs-plochy-ramovy-solarni-kolektor-ivar-solar-260-m4-cenova-bomba-54383","status":"publish","type":"product","link":"https:\/\/www.domkraftpro.com\/index.php\/produkt\/ivar-cs-plochy-ramovy-solarni-kolektor-ivar-solar-260-m4-cenova-bomba-54383\/","title":{"rendered":"Ivar CS Ploch\u00fd r\u00e1mov\u00fd sol\u00e1rn\u00ed kolektor IVAR.SOLAR 260 M4 Cenov\u00e1 Bomba"},"content":{"rendered":"<div class=\"ProductDetail-content NoFixImageContainer\" id=\"productDescription\">\n<div class=\"Heading\">\n<h2 class=\"Heading-title\">Popis produktu <span class=''>Ivar CS Ploch\u00fd r\u00e1mov\u00fd sol\u00e1rn\u00ed kolektor IVAR.SOLAR 260 M4<\/span><\/h2>\n<\/p><\/div>\n<div class=\"ProductDetailContent\">\n<p><span style=\"font-size:16px\">Ploch\u00fd kolektor s trubkov\u00fdmi v\u00fdvody (Cu 22), ur\u010den\u00fd pro vertik\u00e1ln\u00ed mont\u00e1\u017e v sol\u00e1rn\u00edch syst\u00e9mech s ob\u011bhov\u00fdm \u010derpadlem. R\u00e1m kolektoru z hlin\u00edkov\u00e9ho profilu. Bezpe\u010dnostn\u00ed kryc\u00ed sklo o s\u00edle 3,2 mm. Vysoce selektivn\u00ed&nbsp;vrstva.<\/span><\/p>\n<ul>\n<li><span style=\"font-size:16px\">absorp\u010dn\u00ed plocha 2,44 m2<\/span><\/li>\n<li><span style=\"font-size:16px\">kolektory se p\u0159ipojuj\u00ed paraleln\u011b, max. 6 ks v \u0159ad\u011b<\/span><\/li>\n<li><span style=\"font-size:16px\">hmotnost 38 kg<\/span><\/li>\n<\/ul><\/div>\n<div class=\"ProductDetailContent\">                                                                    <\/div>\n<\/p><\/div>\n<\/p><\/div>\n<\/p><\/div>\n","protected":false},"excerpt":{"rendered":"<p>Popis produktu Ivar CS Ploch\u00fd r\u00e1mov\u00fd sol\u00e1rn\u00ed kolektor IVAR.SOLAR 260 M4 Ploch\u00fd kolektor s trubkov\u00fdmi v\u00fdvody (Cu 22), ur\u010den\u00fd pro vertik\u00e1ln\u00ed mont\u00e1\u017e v sol\u00e1rn\u00edch syst\u00e9mech s ob\u011bhov\u00fdm \u010derpadlem. R\u00e1m kolektoru z hlin\u00edkov\u00e9ho profilu. Bezpe\u010dnostn\u00ed kryc\u00ed sklo o s\u00edle 3,2 mm. Vysoce selektivn\u00ed&nbsp;vrstva. absorp\u010dn\u00ed plocha 2,44 m2 kolektory se p\u0159ipojuj\u00ed paraleln\u011b, max. 6 ks v \u0159ad\u011b [&hellip;]<\/p>\n","protected":false},"featured_media":54483,"comment_status":"open","ping_status":"open","template":"","meta":[],"product_brand":[],"product_cat":[123],"product_tag":[],"class_list":{"0":"post-54383","1":"product","2":"type-product","3":"status-publish","4":"has-post-thumbnail","6":"product_cat-fotovoltaicke-a-solarni-systemy","8":"first","9":"instock","10":"sale","11":"shipping-taxable","12":"purchasable","13":"product-type-simple"},"yoast_head":"<!-- This site is optimized with the Yoast SEO plugin v26.8 - https:\/\/yoast.com\/product\/yoast-seo-wordpress\/ -->\n<title>Ivar CS Ploch\u00fd r\u00e1mov\u00fd sol\u00e1rn\u00ed kolektor IVAR.SOLAR 260 M4 Cenov\u00e1 Bomba -<\/title>\n<meta name=\"robots\" content=\"index, follow, max-snippet:-1, max-image-preview:large, max-video-preview:-1\" \/>\n<link rel=\"canonical\" href=\"https:\/\/www.domkraftpro.com\/index.php\/produkt\/ivar-cs-plochy-ramovy-solarni-kolektor-ivar-solar-260-m4-cenova-bomba-54383\/\" \/>\n<meta property=\"og:locale\" content=\"cs_CZ\" \/>\n<meta property=\"og:type\" content=\"article\" \/>\n<meta property=\"og:title\" content=\"Ivar CS Ploch\u00fd r\u00e1mov\u00fd sol\u00e1rn\u00ed kolektor IVAR.SOLAR 260 M4 Cenov\u00e1 Bomba -\" \/>\n<meta property=\"og:description\" content=\"Popis produktu Ivar CS Ploch\u00fd r\u00e1mov\u00fd sol\u00e1rn\u00ed kolektor IVAR.SOLAR 260 M4 Ploch\u00fd kolektor s trubkov\u00fdmi v\u00fdvody (Cu 22), ur\u010den\u00fd pro vertik\u00e1ln\u00ed mont\u00e1\u017e v sol\u00e1rn\u00edch syst\u00e9mech s ob\u011bhov\u00fdm \u010derpadlem. R\u00e1m kolektoru z hlin\u00edkov\u00e9ho profilu. Bezpe\u010dnostn\u00ed kryc\u00ed sklo o s\u00edle 3,2 mm. Vysoce selektivn\u00ed&nbsp;vrstva. absorp\u010dn\u00ed plocha 2,44 m2 kolektory se p\u0159ipojuj\u00ed paraleln\u011b, max. 6 ks v \u0159ad\u011b [&hellip;]\" \/>\n<meta property=\"og:url\" content=\"https:\/\/www.domkraftpro.com\/index.php\/produkt\/ivar-cs-plochy-ramovy-solarni-kolektor-ivar-solar-260-m4-cenova-bomba-54383\/\" \/>\n<meta property=\"og:image\" content=\"https:\/\/www.domkraftpro.com\/wp-content\/uploads\/2026\/SK0009097-CZ20260425-092632-0-1777080397-ivar-cs-plochy-ramovy-solarni-kolektor-ivar-solar-260-m4-14.webp\" \/>\n\t<meta property=\"og:image:width\" content=\"600\" \/>\n\t<meta property=\"og:image:height\" content=\"572\" \/>\n\t<meta property=\"og:image:type\" content=\"image\/webp\" \/>\n<meta name=\"twitter:card\" content=\"summary_large_image\" \/>\n<script type=\"application\/ld+json\" class=\"yoast-schema-graph\">{\"@context\":\"https:\/\/schema.org\",\"@graph\":[{\"@type\":\"WebPage\",\"@id\":\"https:\/\/www.domkraftpro.com\/index.php\/produkt\/ivar-cs-plochy-ramovy-solarni-kolektor-ivar-solar-260-m4-cenova-bomba-54383\/\",\"url\":\"https:\/\/www.domkraftpro.com\/index.php\/produkt\/ivar-cs-plochy-ramovy-solarni-kolektor-ivar-solar-260-m4-cenova-bomba-54383\/\",\"name\":\"Ivar CS Ploch\u00fd r\u00e1mov\u00fd sol\u00e1rn\u00ed kolektor IVAR.SOLAR 260 M4 Cenov\u00e1 Bomba -\",\"isPartOf\":{\"@id\":\"https:\/\/www.domkraftpro.com\/#website\"},\"primaryImageOfPage\":{\"@id\":\"https:\/\/www.domkraftpro.com\/index.php\/produkt\/ivar-cs-plochy-ramovy-solarni-kolektor-ivar-solar-260-m4-cenova-bomba-54383\/#primaryimage\"},\"image\":{\"@id\":\"https:\/\/www.domkraftpro.com\/index.php\/produkt\/ivar-cs-plochy-ramovy-solarni-kolektor-ivar-solar-260-m4-cenova-bomba-54383\/#primaryimage\"},\"thumbnailUrl\":\"https:\/\/www.domkraftpro.com\/wp-content\/uploads\/2026\/SK0009097-CZ20260425-092632-0-1777080397-ivar-cs-plochy-ramovy-solarni-kolektor-ivar-solar-260-m4-14.webp\",\"datePublished\":\"2026-04-27T04:42:50+00:00\",\"breadcrumb\":{\"@id\":\"https:\/\/www.domkraftpro.com\/index.php\/produkt\/ivar-cs-plochy-ramovy-solarni-kolektor-ivar-solar-260-m4-cenova-bomba-54383\/#breadcrumb\"},\"inLanguage\":\"cs\",\"potentialAction\":[{\"@type\":\"ReadAction\",\"target\":[\"https:\/\/www.domkraftpro.com\/index.php\/produkt\/ivar-cs-plochy-ramovy-solarni-kolektor-ivar-solar-260-m4-cenova-bomba-54383\/\"]}]},{\"@type\":\"ImageObject\",\"inLanguage\":\"cs\",\"@id\":\"https:\/\/www.domkraftpro.com\/index.php\/produkt\/ivar-cs-plochy-ramovy-solarni-kolektor-ivar-solar-260-m4-cenova-bomba-54383\/#primaryimage\",\"url\":\"https:\/\/www.domkraftpro.com\/wp-content\/uploads\/2026\/SK0009097-CZ20260425-092632-0-1777080397-ivar-cs-plochy-ramovy-solarni-kolektor-ivar-solar-260-m4-14.webp\",\"contentUrl\":\"https:\/\/www.domkraftpro.com\/wp-content\/uploads\/2026\/SK0009097-CZ20260425-092632-0-1777080397-ivar-cs-plochy-ramovy-solarni-kolektor-ivar-solar-260-m4-14.webp\",\"width\":600,\"height\":572},{\"@type\":\"BreadcrumbList\",\"@id\":\"https:\/\/www.domkraftpro.com\/index.php\/produkt\/ivar-cs-plochy-ramovy-solarni-kolektor-ivar-solar-260-m4-cenova-bomba-54383\/#breadcrumb\",\"itemListElement\":[{\"@type\":\"ListItem\",\"position\":1,\"name\":\"Home\",\"item\":\"https:\/\/www.domkraftpro.com\/\"},{\"@type\":\"ListItem\",\"position\":2,\"name\":\"Products\",\"item\":\"https:\/\/www.domkraftpro.com\/index.php\/products\/\"},{\"@type\":\"ListItem\",\"position\":3,\"name\":\"Ivar CS Ploch\u00fd r\u00e1mov\u00fd sol\u00e1rn\u00ed kolektor IVAR.SOLAR 260 M4 Cenov\u00e1 Bomba\"}]},{\"@type\":\"WebSite\",\"@id\":\"https:\/\/www.domkraftpro.com\/#website\",\"url\":\"https:\/\/www.domkraftpro.com\/\",\"name\":\"\",\"description\":\"\",\"potentialAction\":[{\"@type\":\"SearchAction\",\"target\":{\"@type\":\"EntryPoint\",\"urlTemplate\":\"https:\/\/www.domkraftpro.com\/?s={search_term_string}\"},\"query-input\":{\"@type\":\"PropertyValueSpecification\",\"valueRequired\":true,\"valueName\":\"search_term_string\"}}],\"inLanguage\":\"cs\"}]}<\/script>\n<!-- \/ Yoast SEO plugin. -->","yoast_head_json":{"title":"Ivar CS Ploch\u00fd r\u00e1mov\u00fd sol\u00e1rn\u00ed kolektor IVAR.SOLAR 260 M4 Cenov\u00e1 Bomba -","robots":{"index":"index","follow":"follow","max-snippet":"max-snippet:-1","max-image-preview":"max-image-preview:large","max-video-preview":"max-video-preview:-1"},"canonical":"https:\/\/www.domkraftpro.com\/index.php\/produkt\/ivar-cs-plochy-ramovy-solarni-kolektor-ivar-solar-260-m4-cenova-bomba-54383\/","og_locale":"cs_CZ","og_type":"article","og_title":"Ivar CS Ploch\u00fd r\u00e1mov\u00fd sol\u00e1rn\u00ed kolektor IVAR.SOLAR 260 M4 Cenov\u00e1 Bomba -","og_description":"Popis produktu Ivar CS Ploch\u00fd r\u00e1mov\u00fd sol\u00e1rn\u00ed kolektor IVAR.SOLAR 260 M4 Ploch\u00fd kolektor s trubkov\u00fdmi v\u00fdvody (Cu 22), ur\u010den\u00fd pro vertik\u00e1ln\u00ed mont\u00e1\u017e v sol\u00e1rn\u00edch syst\u00e9mech s ob\u011bhov\u00fdm \u010derpadlem. R\u00e1m kolektoru z hlin\u00edkov\u00e9ho profilu. Bezpe\u010dnostn\u00ed kryc\u00ed sklo o s\u00edle 3,2 mm. Vysoce selektivn\u00ed&nbsp;vrstva. absorp\u010dn\u00ed plocha 2,44 m2 kolektory se p\u0159ipojuj\u00ed paraleln\u011b, max. 6 ks v \u0159ad\u011b [&hellip;]","og_url":"https:\/\/www.domkraftpro.com\/index.php\/produkt\/ivar-cs-plochy-ramovy-solarni-kolektor-ivar-solar-260-m4-cenova-bomba-54383\/","og_image":[{"width":600,"height":572,"url":"https:\/\/www.domkraftpro.com\/wp-content\/uploads\/2026\/SK0009097-CZ20260425-092632-0-1777080397-ivar-cs-plochy-ramovy-solarni-kolektor-ivar-solar-260-m4-14.webp","type":"image\/webp"}],"twitter_card":"summary_large_image","schema":{"@context":"https:\/\/schema.org","@graph":[{"@type":"WebPage","@id":"https:\/\/www.domkraftpro.com\/index.php\/produkt\/ivar-cs-plochy-ramovy-solarni-kolektor-ivar-solar-260-m4-cenova-bomba-54383\/","url":"https:\/\/www.domkraftpro.com\/index.php\/produkt\/ivar-cs-plochy-ramovy-solarni-kolektor-ivar-solar-260-m4-cenova-bomba-54383\/","name":"Ivar CS Ploch\u00fd r\u00e1mov\u00fd sol\u00e1rn\u00ed kolektor IVAR.SOLAR 260 M4 Cenov\u00e1 Bomba -","isPartOf":{"@id":"https:\/\/www.domkraftpro.com\/#website"},"primaryImageOfPage":{"@id":"https:\/\/www.domkraftpro.com\/index.php\/produkt\/ivar-cs-plochy-ramovy-solarni-kolektor-ivar-solar-260-m4-cenova-bomba-54383\/#primaryimage"},"image":{"@id":"https:\/\/www.domkraftpro.com\/index.php\/produkt\/ivar-cs-plochy-ramovy-solarni-kolektor-ivar-solar-260-m4-cenova-bomba-54383\/#primaryimage"},"thumbnailUrl":"https:\/\/www.domkraftpro.com\/wp-content\/uploads\/2026\/SK0009097-CZ20260425-092632-0-1777080397-ivar-cs-plochy-ramovy-solarni-kolektor-ivar-solar-260-m4-14.webp","datePublished":"2026-04-27T04:42:50+00:00","breadcrumb":{"@id":"https:\/\/www.domkraftpro.com\/index.php\/produkt\/ivar-cs-plochy-ramovy-solarni-kolektor-ivar-solar-260-m4-cenova-bomba-54383\/#breadcrumb"},"inLanguage":"cs","potentialAction":[{"@type":"ReadAction","target":["https:\/\/www.domkraftpro.com\/index.php\/produkt\/ivar-cs-plochy-ramovy-solarni-kolektor-ivar-solar-260-m4-cenova-bomba-54383\/"]}]},{"@type":"ImageObject","inLanguage":"cs","@id":"https:\/\/www.domkraftpro.com\/index.php\/produkt\/ivar-cs-plochy-ramovy-solarni-kolektor-ivar-solar-260-m4-cenova-bomba-54383\/#primaryimage","url":"https:\/\/www.domkraftpro.com\/wp-content\/uploads\/2026\/SK0009097-CZ20260425-092632-0-1777080397-ivar-cs-plochy-ramovy-solarni-kolektor-ivar-solar-260-m4-14.webp","contentUrl":"https:\/\/www.domkraftpro.com\/wp-content\/uploads\/2026\/SK0009097-CZ20260425-092632-0-1777080397-ivar-cs-plochy-ramovy-solarni-kolektor-ivar-solar-260-m4-14.webp","width":600,"height":572},{"@type":"BreadcrumbList","@id":"https:\/\/www.domkraftpro.com\/index.php\/produkt\/ivar-cs-plochy-ramovy-solarni-kolektor-ivar-solar-260-m4-cenova-bomba-54383\/#breadcrumb","itemListElement":[{"@type":"ListItem","position":1,"name":"Home","item":"https:\/\/www.domkraftpro.com\/"},{"@type":"ListItem","position":2,"name":"Products","item":"https:\/\/www.domkraftpro.com\/index.php\/products\/"},{"@type":"ListItem","position":3,"name":"Ivar CS Ploch\u00fd r\u00e1mov\u00fd sol\u00e1rn\u00ed kolektor IVAR.SOLAR 260 M4 Cenov\u00e1 Bomba"}]},{"@type":"WebSite","@id":"https:\/\/www.domkraftpro.com\/#website","url":"https:\/\/www.domkraftpro.com\/","name":"","description":"","potentialAction":[{"@type":"SearchAction","target":{"@type":"EntryPoint","urlTemplate":"https:\/\/www.domkraftpro.com\/?s={search_term_string}"},"query-input":{"@type":"PropertyValueSpecification","valueRequired":true,"valueName":"search_term_string"}}],"inLanguage":"cs"}]}},"_links":{"self":[{"href":"https:\/\/www.domkraftpro.com\/index.php\/wp-json\/wp\/v2\/product\/54383","targetHints":{"allow":["GET"]}}],"collection":[{"href":"https:\/\/www.domkraftpro.com\/index.php\/wp-json\/wp\/v2\/product"}],"about":[{"href":"https:\/\/www.domkraftpro.com\/index.php\/wp-json\/wp\/v2\/types\/product"}],"replies":[{"embeddable":true,"href":"https:\/\/www.domkraftpro.com\/index.php\/wp-json\/wp\/v2\/comments?post=54383"}],"wp:featuredmedia":[{"embeddable":true,"href":"https:\/\/www.domkraftpro.com\/index.php\/wp-json\/wp\/v2\/media\/54483"}],"wp:attachment":[{"href":"https:\/\/www.domkraftpro.com\/index.php\/wp-json\/wp\/v2\/media?parent=54383"}],"wp:term":[{"taxonomy":"product_brand","embeddable":true,"href":"https:\/\/www.domkraftpro.com\/index.php\/wp-json\/wp\/v2\/product_brand?post=54383"},{"taxonomy":"product_cat","embeddable":true,"href":"https:\/\/www.domkraftpro.com\/index.php\/wp-json\/wp\/v2\/product_cat?post=54383"},{"taxonomy":"product_tag","embeddable":true,"href":"https:\/\/www.domkraftpro.com\/index.php\/wp-json\/wp\/v2\/product_tag?post=54383"}],"curies":[{"name":"wp","href":"https:\/\/api.w.org\/{rel}","templated":true}]}}