{"id":54115,"date":"2026-04-27T04:42:50","date_gmt":"2026-04-27T04:42:50","guid":{"rendered":""},"modified":"2026-04-27T04:42:50","modified_gmt":"2026-04-27T04:42:50","slug":"ponorne-kalove-cerpadlo-pro-kapaliny-bez-vlaken-dab-nova-up-mae-oblibeny-54115","status":"publish","type":"product","link":"https:\/\/www.domkraftpro.com\/produkt\/ponorne-kalove-cerpadlo-pro-kapaliny-bez-vlaken-dab-nova-up-mae-oblibeny-54115\/","title":{"rendered":"Ponorn\u00e9 kalov\u00e9 \u010derpadlo pro kapaliny bez vl\u00e1ken DAB.NOVA UP MAE Obl\u00edben\u00fd"},"content":{"rendered":"<div class=\"ProductDetail-content NoFixImageContainer\" id=\"productDescription\">\n<div class=\"Heading\">\n<h2 class=\"Heading-title\">Popis produktu <span class=''>Ponorn\u00e9 kalov\u00e9 \u010derpadlo pro kapaliny bez vl\u00e1ken DAB.NOVA UP MAE<\/span><\/h2>\n<\/p><\/div>\n<div class=\"ProductDetailContent\">\n<p><span style=\"font-size:16px\"><strong>Elektronick\u00e9 dren\u00e1\u017en\u00ed \u010derpadlo s v\u00fd\u0161kov\u011b nastaviteln\u00fdm plov\u00e1kem<\/strong> (automatick\u00fd nebo ru\u010dn\u00ed provoz) s odn\u00edmateln\u00fdm filtrem pro \u010derp\u00e1n\u00ed a\u017e do 2 \/ 3 mm nevy\u010derpateln\u00e9ho zbytku. Staviteln\u00fd plov\u00e1k umo\u017e\u0148uje m\u011bnit \u00farove\u0148 sepnut\u00ed \u010derpadla. Vertik\u00e1ln\u00ed ulo\u017een\u00ed elektronick\u00e9ho plov\u00e1ku <strong>umo\u017e\u0148uje pou\u017eit\u00ed \u010derpadla v j\u00edmk\u00e1ch mal\u00fdch rozm\u011br\u016f<\/strong>. Tato \u010derpadla mohou b\u00fdt pou\u017eita s <strong>obsahem pevn\u00fdch \u010d\u00e1stic do maxim\u00e1ln\u00ed velikosti 10 mm<\/strong>. T\u011bleso \u010derpadla, <strong>ob\u011b\u017en\u00e9 kolo<\/strong> jsou z technopolymeru. Motor, h\u0159\u00eddel rotoru a \u0161rouby z nerezov\u00e9 oceli. Asynchronn\u00ed ponorn\u00fd motor pro nep\u0159etr\u017eit\u00fd provoz. Stator v uzav\u0159en\u00e9m pouzdru z nerezov\u00e9 oceli. Vestav\u011bn\u00e1 tepeln\u00e1 ochrana motoru a kondenz\u00e1tor u jednof\u00e1zov\u00e9 verze.<\/span><\/p>\n<h3>Technick\u00e9 parametry<\/h3>\n<ul>\n<li><span style=\"font-size:16px\">Provozn\u00ed rozsah od 1 do 15 m3\/h s v\u00fdtlakem a\u017e do 10 m<\/span><\/li>\n<li><span style=\"font-size:16px\">Rozsah teploty kapaliny: od 0 \u00b0C do +35 \u00b0C pro dom\u00e1c\u00ed pou\u017eit\u00ed<\/span><\/li>\n<li><span style=\"font-size:16px\">\u010cerpan\u00e1 kapalina: bez vl\u00e1ken<\/span><\/li>\n<li><span style=\"font-size:16px\">Minim\u00e1ln\u00ed hloubka ponoru:<\/span>\n<ul>\n<li><span style=\"font-size:16px\">NOVA UP 300 M-AE &#8211; 60mm<\/span><\/li>\n<li><span style=\"font-size:16px\">NOVA UP 600 M-AE &#8211; 70mm<\/span><\/li>\n<\/ul>\n<\/li>\n<li><span style=\"font-size:16px\">Maxim\u00e1ln\u00ed hloubka pono\u0159en\u00ed: 7m<\/span><\/li>\n<li><span style=\"font-size:16px\">Instalace: vertik\u00e1ln\u00ed, pevn\u00e1 nebo p\u0159enosn\u00e1<\/span><\/li>\n<li><span style=\"font-size:16px\">Stupe\u0148 kryt\u00ed: IP68<\/span><\/li>\n<li><span style=\"font-size:16px\">T\u0159\u00edda izolace: F<\/span><\/li>\n<\/ul>\n<h3>Zna\u010den\u00ed<\/h3>\n<ul>\n<li><strong>M:&nbsp;<\/strong>jednof\u00e1zov\u00e9<\/li>\n<li><strong>AE:&nbsp;<\/strong>automatick\u00e9 s&nbsp;elektronick\u00fdm plov\u00e1kem<\/li>\n<\/ul><\/div>\n<div class=\"ProductDetailContent\">                                                                    <\/div>\n<\/p><\/div>\n<\/p><\/div>\n<\/p><\/div>\n","protected":false},"excerpt":{"rendered":"<p>Popis produktu Ponorn\u00e9 kalov\u00e9 \u010derpadlo pro kapaliny bez vl\u00e1ken DAB.NOVA UP MAE Elektronick\u00e9 dren\u00e1\u017en\u00ed \u010derpadlo s v\u00fd\u0161kov\u011b nastaviteln\u00fdm plov\u00e1kem (automatick\u00fd nebo ru\u010dn\u00ed provoz) s odn\u00edmateln\u00fdm filtrem pro \u010derp\u00e1n\u00ed a\u017e do 2 \/ 3 mm nevy\u010derpateln\u00e9ho zbytku. Staviteln\u00fd plov\u00e1k umo\u017e\u0148uje m\u011bnit \u00farove\u0148 sepnut\u00ed \u010derpadla. Vertik\u00e1ln\u00ed ulo\u017een\u00ed elektronick\u00e9ho plov\u00e1ku umo\u017e\u0148uje pou\u017eit\u00ed \u010derpadla v j\u00edmk\u00e1ch mal\u00fdch rozm\u011br\u016f. Tato [&hellip;]<\/p>\n","protected":false},"featured_media":54215,"comment_status":"open","ping_status":"open","template":"","meta":[],"product_brand":[],"product_cat":[122],"product_tag":[],"class_list":{"0":"post-54115","1":"product","2":"type-product","3":"status-publish","4":"has-post-thumbnail","6":"product_cat-septiky-jimky-nadrze","8":"first","9":"instock","10":"sale","11":"shipping-taxable","12":"purchasable","13":"product-type-simple"},"yoast_head":"<!-- This site is optimized with the Yoast SEO plugin v26.8 - https:\/\/yoast.com\/product\/yoast-seo-wordpress\/ -->\n<title>Ponorn\u00e9 kalov\u00e9 \u010derpadlo pro kapaliny bez vl\u00e1ken DAB.NOVA UP MAE Obl\u00edben\u00fd -<\/title>\n<meta name=\"robots\" content=\"index, follow, max-snippet:-1, max-image-preview:large, max-video-preview:-1\" \/>\n<link rel=\"canonical\" href=\"https:\/\/www.domkraftpro.com\/index.php\/produkt\/ponorne-kalove-cerpadlo-pro-kapaliny-bez-vlaken-dab-nova-up-mae-oblibeny-54115\/\" \/>\n<meta property=\"og:locale\" content=\"cs_CZ\" \/>\n<meta property=\"og:type\" content=\"article\" \/>\n<meta property=\"og:title\" content=\"Ponorn\u00e9 kalov\u00e9 \u010derpadlo pro kapaliny bez vl\u00e1ken DAB.NOVA UP MAE Obl\u00edben\u00fd -\" \/>\n<meta property=\"og:description\" content=\"Popis produktu Ponorn\u00e9 kalov\u00e9 \u010derpadlo pro kapaliny bez vl\u00e1ken DAB.NOVA UP MAE Elektronick\u00e9 dren\u00e1\u017en\u00ed \u010derpadlo s v\u00fd\u0161kov\u011b nastaviteln\u00fdm plov\u00e1kem (automatick\u00fd nebo ru\u010dn\u00ed provoz) s odn\u00edmateln\u00fdm filtrem pro \u010derp\u00e1n\u00ed a\u017e do 2 \/ 3 mm nevy\u010derpateln\u00e9ho zbytku. Staviteln\u00fd plov\u00e1k umo\u017e\u0148uje m\u011bnit \u00farove\u0148 sepnut\u00ed \u010derpadla. Vertik\u00e1ln\u00ed ulo\u017een\u00ed elektronick\u00e9ho plov\u00e1ku umo\u017e\u0148uje pou\u017eit\u00ed \u010derpadla v j\u00edmk\u00e1ch mal\u00fdch rozm\u011br\u016f. Tato [&hellip;]\" \/>\n<meta property=\"og:url\" content=\"https:\/\/www.domkraftpro.com\/index.php\/produkt\/ponorne-kalove-cerpadlo-pro-kapaliny-bez-vlaken-dab-nova-up-mae-oblibeny-54115\/\" \/>\n<meta property=\"og:image\" content=\"https:\/\/www.domkraftpro.com\/wp-content\/uploads\/2026\/SK0008907-CZ20260425-092632-0-1777080397-ponorne-kalove-cerpadlo-pro-kapaliny-bez-vlaken-dab-nova-up.webp\" \/>\n\t<meta property=\"og:image:width\" content=\"600\" \/>\n\t<meta property=\"og:image:height\" content=\"583\" \/>\n\t<meta property=\"og:image:type\" content=\"image\/webp\" \/>\n<meta name=\"twitter:card\" content=\"summary_large_image\" \/>\n<meta name=\"twitter:label1\" content=\"Odhadovan\u00e1 doba \u010dten\u00ed\" \/>\n\t<meta name=\"twitter:data1\" content=\"1 minuta\" \/>\n<script type=\"application\/ld+json\" class=\"yoast-schema-graph\">{\"@context\":\"https:\/\/schema.org\",\"@graph\":[{\"@type\":\"WebPage\",\"@id\":\"https:\/\/www.domkraftpro.com\/index.php\/produkt\/ponorne-kalove-cerpadlo-pro-kapaliny-bez-vlaken-dab-nova-up-mae-oblibeny-54115\/\",\"url\":\"https:\/\/www.domkraftpro.com\/index.php\/produkt\/ponorne-kalove-cerpadlo-pro-kapaliny-bez-vlaken-dab-nova-up-mae-oblibeny-54115\/\",\"name\":\"Ponorn\u00e9 kalov\u00e9 \u010derpadlo pro kapaliny bez vl\u00e1ken DAB.NOVA UP MAE Obl\u00edben\u00fd -\",\"isPartOf\":{\"@id\":\"https:\/\/www.domkraftpro.com\/#website\"},\"primaryImageOfPage\":{\"@id\":\"https:\/\/www.domkraftpro.com\/index.php\/produkt\/ponorne-kalove-cerpadlo-pro-kapaliny-bez-vlaken-dab-nova-up-mae-oblibeny-54115\/#primaryimage\"},\"image\":{\"@id\":\"https:\/\/www.domkraftpro.com\/index.php\/produkt\/ponorne-kalove-cerpadlo-pro-kapaliny-bez-vlaken-dab-nova-up-mae-oblibeny-54115\/#primaryimage\"},\"thumbnailUrl\":\"https:\/\/www.domkraftpro.com\/wp-content\/uploads\/2026\/SK0008907-CZ20260425-092632-0-1777080397-ponorne-kalove-cerpadlo-pro-kapaliny-bez-vlaken-dab-nova-up.webp\",\"datePublished\":\"2026-04-27T04:42:50+00:00\",\"breadcrumb\":{\"@id\":\"https:\/\/www.domkraftpro.com\/index.php\/produkt\/ponorne-kalove-cerpadlo-pro-kapaliny-bez-vlaken-dab-nova-up-mae-oblibeny-54115\/#breadcrumb\"},\"inLanguage\":\"cs\",\"potentialAction\":[{\"@type\":\"ReadAction\",\"target\":[\"https:\/\/www.domkraftpro.com\/index.php\/produkt\/ponorne-kalove-cerpadlo-pro-kapaliny-bez-vlaken-dab-nova-up-mae-oblibeny-54115\/\"]}]},{\"@type\":\"ImageObject\",\"inLanguage\":\"cs\",\"@id\":\"https:\/\/www.domkraftpro.com\/index.php\/produkt\/ponorne-kalove-cerpadlo-pro-kapaliny-bez-vlaken-dab-nova-up-mae-oblibeny-54115\/#primaryimage\",\"url\":\"https:\/\/www.domkraftpro.com\/wp-content\/uploads\/2026\/SK0008907-CZ20260425-092632-0-1777080397-ponorne-kalove-cerpadlo-pro-kapaliny-bez-vlaken-dab-nova-up.webp\",\"contentUrl\":\"https:\/\/www.domkraftpro.com\/wp-content\/uploads\/2026\/SK0008907-CZ20260425-092632-0-1777080397-ponorne-kalove-cerpadlo-pro-kapaliny-bez-vlaken-dab-nova-up.webp\",\"width\":600,\"height\":583},{\"@type\":\"BreadcrumbList\",\"@id\":\"https:\/\/www.domkraftpro.com\/index.php\/produkt\/ponorne-kalove-cerpadlo-pro-kapaliny-bez-vlaken-dab-nova-up-mae-oblibeny-54115\/#breadcrumb\",\"itemListElement\":[{\"@type\":\"ListItem\",\"position\":1,\"name\":\"Home\",\"item\":\"https:\/\/www.domkraftpro.com\/\"},{\"@type\":\"ListItem\",\"position\":2,\"name\":\"Products\",\"item\":\"https:\/\/www.domkraftpro.com\/products\/\"},{\"@type\":\"ListItem\",\"position\":3,\"name\":\"Ponorn\u00e9 kalov\u00e9 \u010derpadlo pro kapaliny bez vl\u00e1ken DAB.NOVA UP MAE Obl\u00edben\u00fd\"}]},{\"@type\":\"WebSite\",\"@id\":\"https:\/\/www.domkraftpro.com\/#website\",\"url\":\"https:\/\/www.domkraftpro.com\/\",\"name\":\"\",\"description\":\"\",\"potentialAction\":[{\"@type\":\"SearchAction\",\"target\":{\"@type\":\"EntryPoint\",\"urlTemplate\":\"https:\/\/www.domkraftpro.com\/?s={search_term_string}\"},\"query-input\":{\"@type\":\"PropertyValueSpecification\",\"valueRequired\":true,\"valueName\":\"search_term_string\"}}],\"inLanguage\":\"cs\"}]}<\/script>\n<!-- \/ Yoast SEO plugin. -->","yoast_head_json":{"title":"Ponorn\u00e9 kalov\u00e9 \u010derpadlo pro kapaliny bez vl\u00e1ken DAB.NOVA UP MAE Obl\u00edben\u00fd -","robots":{"index":"index","follow":"follow","max-snippet":"max-snippet:-1","max-image-preview":"max-image-preview:large","max-video-preview":"max-video-preview:-1"},"canonical":"https:\/\/www.domkraftpro.com\/index.php\/produkt\/ponorne-kalove-cerpadlo-pro-kapaliny-bez-vlaken-dab-nova-up-mae-oblibeny-54115\/","og_locale":"cs_CZ","og_type":"article","og_title":"Ponorn\u00e9 kalov\u00e9 \u010derpadlo pro kapaliny bez vl\u00e1ken DAB.NOVA UP MAE Obl\u00edben\u00fd -","og_description":"Popis produktu Ponorn\u00e9 kalov\u00e9 \u010derpadlo pro kapaliny bez vl\u00e1ken DAB.NOVA UP MAE Elektronick\u00e9 dren\u00e1\u017en\u00ed \u010derpadlo s v\u00fd\u0161kov\u011b nastaviteln\u00fdm plov\u00e1kem (automatick\u00fd nebo ru\u010dn\u00ed provoz) s odn\u00edmateln\u00fdm filtrem pro \u010derp\u00e1n\u00ed a\u017e do 2 \/ 3 mm nevy\u010derpateln\u00e9ho zbytku. Staviteln\u00fd plov\u00e1k umo\u017e\u0148uje m\u011bnit \u00farove\u0148 sepnut\u00ed \u010derpadla. Vertik\u00e1ln\u00ed ulo\u017een\u00ed elektronick\u00e9ho plov\u00e1ku umo\u017e\u0148uje pou\u017eit\u00ed \u010derpadla v j\u00edmk\u00e1ch mal\u00fdch rozm\u011br\u016f. Tato [&hellip;]","og_url":"https:\/\/www.domkraftpro.com\/index.php\/produkt\/ponorne-kalove-cerpadlo-pro-kapaliny-bez-vlaken-dab-nova-up-mae-oblibeny-54115\/","og_image":[{"width":600,"height":583,"url":"https:\/\/www.domkraftpro.com\/wp-content\/uploads\/2026\/SK0008907-CZ20260425-092632-0-1777080397-ponorne-kalove-cerpadlo-pro-kapaliny-bez-vlaken-dab-nova-up.webp","type":"image\/webp"}],"twitter_card":"summary_large_image","twitter_misc":{"Odhadovan\u00e1 doba \u010dten\u00ed":"1 minuta"},"schema":{"@context":"https:\/\/schema.org","@graph":[{"@type":"WebPage","@id":"https:\/\/www.domkraftpro.com\/index.php\/produkt\/ponorne-kalove-cerpadlo-pro-kapaliny-bez-vlaken-dab-nova-up-mae-oblibeny-54115\/","url":"https:\/\/www.domkraftpro.com\/index.php\/produkt\/ponorne-kalove-cerpadlo-pro-kapaliny-bez-vlaken-dab-nova-up-mae-oblibeny-54115\/","name":"Ponorn\u00e9 kalov\u00e9 \u010derpadlo pro kapaliny bez vl\u00e1ken DAB.NOVA UP MAE Obl\u00edben\u00fd -","isPartOf":{"@id":"https:\/\/www.domkraftpro.com\/#website"},"primaryImageOfPage":{"@id":"https:\/\/www.domkraftpro.com\/index.php\/produkt\/ponorne-kalove-cerpadlo-pro-kapaliny-bez-vlaken-dab-nova-up-mae-oblibeny-54115\/#primaryimage"},"image":{"@id":"https:\/\/www.domkraftpro.com\/index.php\/produkt\/ponorne-kalove-cerpadlo-pro-kapaliny-bez-vlaken-dab-nova-up-mae-oblibeny-54115\/#primaryimage"},"thumbnailUrl":"https:\/\/www.domkraftpro.com\/wp-content\/uploads\/2026\/SK0008907-CZ20260425-092632-0-1777080397-ponorne-kalove-cerpadlo-pro-kapaliny-bez-vlaken-dab-nova-up.webp","datePublished":"2026-04-27T04:42:50+00:00","breadcrumb":{"@id":"https:\/\/www.domkraftpro.com\/index.php\/produkt\/ponorne-kalove-cerpadlo-pro-kapaliny-bez-vlaken-dab-nova-up-mae-oblibeny-54115\/#breadcrumb"},"inLanguage":"cs","potentialAction":[{"@type":"ReadAction","target":["https:\/\/www.domkraftpro.com\/index.php\/produkt\/ponorne-kalove-cerpadlo-pro-kapaliny-bez-vlaken-dab-nova-up-mae-oblibeny-54115\/"]}]},{"@type":"ImageObject","inLanguage":"cs","@id":"https:\/\/www.domkraftpro.com\/index.php\/produkt\/ponorne-kalove-cerpadlo-pro-kapaliny-bez-vlaken-dab-nova-up-mae-oblibeny-54115\/#primaryimage","url":"https:\/\/www.domkraftpro.com\/wp-content\/uploads\/2026\/SK0008907-CZ20260425-092632-0-1777080397-ponorne-kalove-cerpadlo-pro-kapaliny-bez-vlaken-dab-nova-up.webp","contentUrl":"https:\/\/www.domkraftpro.com\/wp-content\/uploads\/2026\/SK0008907-CZ20260425-092632-0-1777080397-ponorne-kalove-cerpadlo-pro-kapaliny-bez-vlaken-dab-nova-up.webp","width":600,"height":583},{"@type":"BreadcrumbList","@id":"https:\/\/www.domkraftpro.com\/index.php\/produkt\/ponorne-kalove-cerpadlo-pro-kapaliny-bez-vlaken-dab-nova-up-mae-oblibeny-54115\/#breadcrumb","itemListElement":[{"@type":"ListItem","position":1,"name":"Home","item":"https:\/\/www.domkraftpro.com\/"},{"@type":"ListItem","position":2,"name":"Products","item":"https:\/\/www.domkraftpro.com\/products\/"},{"@type":"ListItem","position":3,"name":"Ponorn\u00e9 kalov\u00e9 \u010derpadlo pro kapaliny bez vl\u00e1ken DAB.NOVA UP MAE Obl\u00edben\u00fd"}]},{"@type":"WebSite","@id":"https:\/\/www.domkraftpro.com\/#website","url":"https:\/\/www.domkraftpro.com\/","name":"","description":"","potentialAction":[{"@type":"SearchAction","target":{"@type":"EntryPoint","urlTemplate":"https:\/\/www.domkraftpro.com\/?s={search_term_string}"},"query-input":{"@type":"PropertyValueSpecification","valueRequired":true,"valueName":"search_term_string"}}],"inLanguage":"cs"}]}},"_links":{"self":[{"href":"https:\/\/www.domkraftpro.com\/wp-json\/wp\/v2\/product\/54115","targetHints":{"allow":["GET"]}}],"collection":[{"href":"https:\/\/www.domkraftpro.com\/wp-json\/wp\/v2\/product"}],"about":[{"href":"https:\/\/www.domkraftpro.com\/wp-json\/wp\/v2\/types\/product"}],"replies":[{"embeddable":true,"href":"https:\/\/www.domkraftpro.com\/wp-json\/wp\/v2\/comments?post=54115"}],"wp:featuredmedia":[{"embeddable":true,"href":"https:\/\/www.domkraftpro.com\/wp-json\/wp\/v2\/media\/54215"}],"wp:attachment":[{"href":"https:\/\/www.domkraftpro.com\/wp-json\/wp\/v2\/media?parent=54115"}],"wp:term":[{"taxonomy":"product_brand","embeddable":true,"href":"https:\/\/www.domkraftpro.com\/wp-json\/wp\/v2\/product_brand?post=54115"},{"taxonomy":"product_cat","embeddable":true,"href":"https:\/\/www.domkraftpro.com\/wp-json\/wp\/v2\/product_cat?post=54115"},{"taxonomy":"product_tag","embeddable":true,"href":"https:\/\/www.domkraftpro.com\/wp-json\/wp\/v2\/product_tag?post=54115"}],"curies":[{"name":"wp","href":"https:\/\/api.w.org\/{rel}","templated":true}]}}