{"id":53918,"date":"2026-04-27T04:42:49","date_gmt":"2026-04-27T04:42:49","guid":{"rendered":""},"modified":"2026-04-27T04:42:49","modified_gmt":"2026-04-27T04:42:49","slug":"sezonni-sleva-novaservis-rohova-koupelnova-policka-velka-metalia-chrom-6035-0-53918","status":"publish","type":"product","link":"https:\/\/www.domkraftpro.com\/index.php\/produkt\/sezonni-sleva-novaservis-rohova-koupelnova-policka-velka-metalia-chrom-6035-0-53918\/","title":{"rendered":"Sez\u00f3nn\u00ed Sleva Novaservis Rohov\u00e1 koupelnov\u00e1 poli\u010dka velk\u00e1 Metalia chrom 6035,0"},"content":{"rendered":"<div class=\"ProductDetail-content NoFixImageContainer\" id=\"productDescription\">\n<div class=\"Heading\">\n<h2 class=\"Heading-title\">Popis produktu <span class=''>Novaservis Rohov\u00e1 koupelnov\u00e1 poli\u010dka velk\u00e1 Metalia chrom 6035,0<\/span><\/h2>\n<\/p><\/div>\n<div class=\"ProductDetailContent\">                                                                    <\/div>\n<div class=\"ProductDetailContent\">\n<div class=\"ProductDetailContent-item\">                                            Jednoduch\u00fd styl a ov\u011b\u0159en\u00e1 kvalita. METALIA je tradi\u010dn\u00ed zna\u010dka \u010desk\u00fdch koupelnov\u00fdch dopl\u0148k\u016f <b>s\u00a0prodlou\u017eenou z\u00e1rukou na funk\u010dnost\u00a025\u00a0let<\/b>, kter\u00e9 p\u0159in\u00e1\u0161ej\u00ed do ka\u017ed\u00e9 koupelny dokonal\u00e9 pohodl\u00ed, funk\u010dnost a nab\u00edzej\u00ed origin\u00e1ln\u00ed styl, kter\u00fd na sebe pout\u00e1 pozornost jedine\u010dn\u00fdm stylem pro detail. Dopl\u0148ky jsou vyr\u00e1b\u011bny z mosazi, nerezu a kvalitn\u00edch materi\u00e1l\u016f. Jednotliv\u00e9 \u010d\u00e1sti jsou zhotoveny p\u0159edev\u0161\u00edm z mosazi, zaru\u010duj\u00ed 100% ochranu proti korozi. V\u0161echny \u0159ady maj\u00ed origin\u00e1ln\u00ed design, navr\u017een\u00fd p\u0159edn\u00edmi odborn\u00edky.                                        <\/div>\n<div class=\"ProductDetailContent-item\">                                            Rozm\u011br 250 mm x 250 mm <br \/>x 330 mm.                                         <\/div>\n<div class=\"ProductDetailContent-item\">\n<ul>\n<li>Hloubka krabice [mm]: <strong>45 mm<\/strong><\/li>\n<li>\u0160\u00ed\u0159ka krabice [mm]: <strong>205 mm<\/strong><\/li>\n<li>V\u00fd\u0161ka krabice [mm]: <strong>380 mm<\/strong><\/li>\n<li>Proveden\u00ed: <strong>chrom<\/strong><\/li>\n<li>V\u00fd\u0161ka [mm]: <strong>40 mm<\/strong><\/li>\n<li>\u0160\u00ed\u0159ka [mm]: <strong>330 mm<\/strong><\/li>\n<li>Hloubka [mm]: <strong>195 mm<\/strong><\/li>\n<li>Z\u00e1ruka na funk\u010dnost [rok]: <strong>25 rok<\/strong><\/li>\n<\/ul><\/div>\n<\/p><\/div>\n<\/p><\/div>\n<\/p><\/div>\n<\/p><\/div>\n","protected":false},"excerpt":{"rendered":"<p>Popis produktu Novaservis Rohov\u00e1 koupelnov\u00e1 poli\u010dka velk\u00e1 Metalia chrom 6035,0 Jednoduch\u00fd styl a ov\u011b\u0159en\u00e1 kvalita. METALIA je tradi\u010dn\u00ed zna\u010dka \u010desk\u00fdch koupelnov\u00fdch dopl\u0148k\u016f s\u00a0prodlou\u017eenou z\u00e1rukou na funk\u010dnost\u00a025\u00a0let, kter\u00e9 p\u0159in\u00e1\u0161ej\u00ed do ka\u017ed\u00e9 koupelny dokonal\u00e9 pohodl\u00ed, funk\u010dnost a nab\u00edzej\u00ed origin\u00e1ln\u00ed styl, kter\u00fd na sebe pout\u00e1 pozornost jedine\u010dn\u00fdm stylem pro detail. Dopl\u0148ky jsou vyr\u00e1b\u011bny z mosazi, nerezu a kvalitn\u00edch [&hellip;]<\/p>\n","protected":false},"featured_media":54018,"comment_status":"open","ping_status":"open","template":"","meta":[],"product_brand":[],"product_cat":[34],"product_tag":[],"class_list":{"0":"post-53918","1":"product","2":"type-product","3":"status-publish","4":"has-post-thumbnail","6":"product_cat-nejlepsi-prodejci","8":"first","9":"instock","10":"sale","11":"shipping-taxable","12":"purchasable","13":"product-type-simple"},"yoast_head":"<!-- This site is optimized with the Yoast SEO plugin v26.8 - https:\/\/yoast.com\/product\/yoast-seo-wordpress\/ -->\n<title>Sez\u00f3nn\u00ed Sleva Novaservis Rohov\u00e1 koupelnov\u00e1 poli\u010dka velk\u00e1 Metalia chrom 6035,0 -<\/title>\n<meta name=\"robots\" content=\"index, follow, max-snippet:-1, max-image-preview:large, max-video-preview:-1\" \/>\n<link rel=\"canonical\" href=\"https:\/\/www.domkraftpro.com\/index.php\/produkt\/sezonni-sleva-novaservis-rohova-koupelnova-policka-velka-metalia-chrom-6035-0-53918\/\" \/>\n<meta property=\"og:locale\" content=\"cs_CZ\" \/>\n<meta property=\"og:type\" content=\"article\" \/>\n<meta property=\"og:title\" content=\"Sez\u00f3nn\u00ed Sleva Novaservis Rohov\u00e1 koupelnov\u00e1 poli\u010dka velk\u00e1 Metalia chrom 6035,0 -\" \/>\n<meta property=\"og:description\" content=\"Popis produktu Novaservis Rohov\u00e1 koupelnov\u00e1 poli\u010dka velk\u00e1 Metalia chrom 6035,0 Jednoduch\u00fd styl a ov\u011b\u0159en\u00e1 kvalita. METALIA je tradi\u010dn\u00ed zna\u010dka \u010desk\u00fdch koupelnov\u00fdch dopl\u0148k\u016f s\u00a0prodlou\u017eenou z\u00e1rukou na funk\u010dnost\u00a025\u00a0let, kter\u00e9 p\u0159in\u00e1\u0161ej\u00ed do ka\u017ed\u00e9 koupelny dokonal\u00e9 pohodl\u00ed, funk\u010dnost a nab\u00edzej\u00ed origin\u00e1ln\u00ed styl, kter\u00fd na sebe pout\u00e1 pozornost jedine\u010dn\u00fdm stylem pro detail. Dopl\u0148ky jsou vyr\u00e1b\u011bny z mosazi, nerezu a kvalitn\u00edch [&hellip;]\" \/>\n<meta property=\"og:url\" content=\"https:\/\/www.domkraftpro.com\/index.php\/produkt\/sezonni-sleva-novaservis-rohova-koupelnova-policka-velka-metalia-chrom-6035-0-53918\/\" \/>\n<meta property=\"og:image\" content=\"https:\/\/www.domkraftpro.com\/wp-content\/uploads\/2026\/SK0008765-CZ20260425-092632-0-1777080397-novaservis-rohova-koupelnova-policka-velka-metalia-chrom-60.webp\" \/>\n\t<meta property=\"og:image:width\" content=\"600\" \/>\n\t<meta property=\"og:image:height\" content=\"431\" \/>\n\t<meta property=\"og:image:type\" content=\"image\/webp\" \/>\n<meta name=\"twitter:card\" content=\"summary_large_image\" \/>\n<meta name=\"twitter:label1\" content=\"Odhadovan\u00e1 doba \u010dten\u00ed\" \/>\n\t<meta name=\"twitter:data1\" content=\"1 minuta\" \/>\n<script type=\"application\/ld+json\" class=\"yoast-schema-graph\">{\"@context\":\"https:\/\/schema.org\",\"@graph\":[{\"@type\":\"WebPage\",\"@id\":\"https:\/\/www.domkraftpro.com\/index.php\/produkt\/sezonni-sleva-novaservis-rohova-koupelnova-policka-velka-metalia-chrom-6035-0-53918\/\",\"url\":\"https:\/\/www.domkraftpro.com\/index.php\/produkt\/sezonni-sleva-novaservis-rohova-koupelnova-policka-velka-metalia-chrom-6035-0-53918\/\",\"name\":\"Sez\u00f3nn\u00ed Sleva Novaservis Rohov\u00e1 koupelnov\u00e1 poli\u010dka velk\u00e1 Metalia chrom 6035,0 -\",\"isPartOf\":{\"@id\":\"https:\/\/www.domkraftpro.com\/#website\"},\"primaryImageOfPage\":{\"@id\":\"https:\/\/www.domkraftpro.com\/index.php\/produkt\/sezonni-sleva-novaservis-rohova-koupelnova-policka-velka-metalia-chrom-6035-0-53918\/#primaryimage\"},\"image\":{\"@id\":\"https:\/\/www.domkraftpro.com\/index.php\/produkt\/sezonni-sleva-novaservis-rohova-koupelnova-policka-velka-metalia-chrom-6035-0-53918\/#primaryimage\"},\"thumbnailUrl\":\"https:\/\/www.domkraftpro.com\/wp-content\/uploads\/2026\/SK0008765-CZ20260425-092632-0-1777080397-novaservis-rohova-koupelnova-policka-velka-metalia-chrom-60.webp\",\"datePublished\":\"2026-04-27T04:42:49+00:00\",\"breadcrumb\":{\"@id\":\"https:\/\/www.domkraftpro.com\/index.php\/produkt\/sezonni-sleva-novaservis-rohova-koupelnova-policka-velka-metalia-chrom-6035-0-53918\/#breadcrumb\"},\"inLanguage\":\"cs\",\"potentialAction\":[{\"@type\":\"ReadAction\",\"target\":[\"https:\/\/www.domkraftpro.com\/index.php\/produkt\/sezonni-sleva-novaservis-rohova-koupelnova-policka-velka-metalia-chrom-6035-0-53918\/\"]}]},{\"@type\":\"ImageObject\",\"inLanguage\":\"cs\",\"@id\":\"https:\/\/www.domkraftpro.com\/index.php\/produkt\/sezonni-sleva-novaservis-rohova-koupelnova-policka-velka-metalia-chrom-6035-0-53918\/#primaryimage\",\"url\":\"https:\/\/www.domkraftpro.com\/wp-content\/uploads\/2026\/SK0008765-CZ20260425-092632-0-1777080397-novaservis-rohova-koupelnova-policka-velka-metalia-chrom-60.webp\",\"contentUrl\":\"https:\/\/www.domkraftpro.com\/wp-content\/uploads\/2026\/SK0008765-CZ20260425-092632-0-1777080397-novaservis-rohova-koupelnova-policka-velka-metalia-chrom-60.webp\",\"width\":600,\"height\":431},{\"@type\":\"BreadcrumbList\",\"@id\":\"https:\/\/www.domkraftpro.com\/index.php\/produkt\/sezonni-sleva-novaservis-rohova-koupelnova-policka-velka-metalia-chrom-6035-0-53918\/#breadcrumb\",\"itemListElement\":[{\"@type\":\"ListItem\",\"position\":1,\"name\":\"Home\",\"item\":\"https:\/\/www.domkraftpro.com\/\"},{\"@type\":\"ListItem\",\"position\":2,\"name\":\"Products\",\"item\":\"https:\/\/www.domkraftpro.com\/index.php\/products\/\"},{\"@type\":\"ListItem\",\"position\":3,\"name\":\"Sez\u00f3nn\u00ed Sleva Novaservis Rohov\u00e1 koupelnov\u00e1 poli\u010dka velk\u00e1 Metalia chrom 6035,0\"}]},{\"@type\":\"WebSite\",\"@id\":\"https:\/\/www.domkraftpro.com\/#website\",\"url\":\"https:\/\/www.domkraftpro.com\/\",\"name\":\"\",\"description\":\"\",\"potentialAction\":[{\"@type\":\"SearchAction\",\"target\":{\"@type\":\"EntryPoint\",\"urlTemplate\":\"https:\/\/www.domkraftpro.com\/?s={search_term_string}\"},\"query-input\":{\"@type\":\"PropertyValueSpecification\",\"valueRequired\":true,\"valueName\":\"search_term_string\"}}],\"inLanguage\":\"cs\"}]}<\/script>\n<!-- \/ Yoast SEO plugin. -->","yoast_head_json":{"title":"Sez\u00f3nn\u00ed Sleva Novaservis Rohov\u00e1 koupelnov\u00e1 poli\u010dka velk\u00e1 Metalia chrom 6035,0 -","robots":{"index":"index","follow":"follow","max-snippet":"max-snippet:-1","max-image-preview":"max-image-preview:large","max-video-preview":"max-video-preview:-1"},"canonical":"https:\/\/www.domkraftpro.com\/index.php\/produkt\/sezonni-sleva-novaservis-rohova-koupelnova-policka-velka-metalia-chrom-6035-0-53918\/","og_locale":"cs_CZ","og_type":"article","og_title":"Sez\u00f3nn\u00ed Sleva Novaservis Rohov\u00e1 koupelnov\u00e1 poli\u010dka velk\u00e1 Metalia chrom 6035,0 -","og_description":"Popis produktu Novaservis Rohov\u00e1 koupelnov\u00e1 poli\u010dka velk\u00e1 Metalia chrom 6035,0 Jednoduch\u00fd styl a ov\u011b\u0159en\u00e1 kvalita. METALIA je tradi\u010dn\u00ed zna\u010dka \u010desk\u00fdch koupelnov\u00fdch dopl\u0148k\u016f s\u00a0prodlou\u017eenou z\u00e1rukou na funk\u010dnost\u00a025\u00a0let, kter\u00e9 p\u0159in\u00e1\u0161ej\u00ed do ka\u017ed\u00e9 koupelny dokonal\u00e9 pohodl\u00ed, funk\u010dnost a nab\u00edzej\u00ed origin\u00e1ln\u00ed styl, kter\u00fd na sebe pout\u00e1 pozornost jedine\u010dn\u00fdm stylem pro detail. Dopl\u0148ky jsou vyr\u00e1b\u011bny z mosazi, nerezu a kvalitn\u00edch [&hellip;]","og_url":"https:\/\/www.domkraftpro.com\/index.php\/produkt\/sezonni-sleva-novaservis-rohova-koupelnova-policka-velka-metalia-chrom-6035-0-53918\/","og_image":[{"width":600,"height":431,"url":"https:\/\/www.domkraftpro.com\/wp-content\/uploads\/2026\/SK0008765-CZ20260425-092632-0-1777080397-novaservis-rohova-koupelnova-policka-velka-metalia-chrom-60.webp","type":"image\/webp"}],"twitter_card":"summary_large_image","twitter_misc":{"Odhadovan\u00e1 doba \u010dten\u00ed":"1 minuta"},"schema":{"@context":"https:\/\/schema.org","@graph":[{"@type":"WebPage","@id":"https:\/\/www.domkraftpro.com\/index.php\/produkt\/sezonni-sleva-novaservis-rohova-koupelnova-policka-velka-metalia-chrom-6035-0-53918\/","url":"https:\/\/www.domkraftpro.com\/index.php\/produkt\/sezonni-sleva-novaservis-rohova-koupelnova-policka-velka-metalia-chrom-6035-0-53918\/","name":"Sez\u00f3nn\u00ed Sleva Novaservis Rohov\u00e1 koupelnov\u00e1 poli\u010dka velk\u00e1 Metalia chrom 6035,0 -","isPartOf":{"@id":"https:\/\/www.domkraftpro.com\/#website"},"primaryImageOfPage":{"@id":"https:\/\/www.domkraftpro.com\/index.php\/produkt\/sezonni-sleva-novaservis-rohova-koupelnova-policka-velka-metalia-chrom-6035-0-53918\/#primaryimage"},"image":{"@id":"https:\/\/www.domkraftpro.com\/index.php\/produkt\/sezonni-sleva-novaservis-rohova-koupelnova-policka-velka-metalia-chrom-6035-0-53918\/#primaryimage"},"thumbnailUrl":"https:\/\/www.domkraftpro.com\/wp-content\/uploads\/2026\/SK0008765-CZ20260425-092632-0-1777080397-novaservis-rohova-koupelnova-policka-velka-metalia-chrom-60.webp","datePublished":"2026-04-27T04:42:49+00:00","breadcrumb":{"@id":"https:\/\/www.domkraftpro.com\/index.php\/produkt\/sezonni-sleva-novaservis-rohova-koupelnova-policka-velka-metalia-chrom-6035-0-53918\/#breadcrumb"},"inLanguage":"cs","potentialAction":[{"@type":"ReadAction","target":["https:\/\/www.domkraftpro.com\/index.php\/produkt\/sezonni-sleva-novaservis-rohova-koupelnova-policka-velka-metalia-chrom-6035-0-53918\/"]}]},{"@type":"ImageObject","inLanguage":"cs","@id":"https:\/\/www.domkraftpro.com\/index.php\/produkt\/sezonni-sleva-novaservis-rohova-koupelnova-policka-velka-metalia-chrom-6035-0-53918\/#primaryimage","url":"https:\/\/www.domkraftpro.com\/wp-content\/uploads\/2026\/SK0008765-CZ20260425-092632-0-1777080397-novaservis-rohova-koupelnova-policka-velka-metalia-chrom-60.webp","contentUrl":"https:\/\/www.domkraftpro.com\/wp-content\/uploads\/2026\/SK0008765-CZ20260425-092632-0-1777080397-novaservis-rohova-koupelnova-policka-velka-metalia-chrom-60.webp","width":600,"height":431},{"@type":"BreadcrumbList","@id":"https:\/\/www.domkraftpro.com\/index.php\/produkt\/sezonni-sleva-novaservis-rohova-koupelnova-policka-velka-metalia-chrom-6035-0-53918\/#breadcrumb","itemListElement":[{"@type":"ListItem","position":1,"name":"Home","item":"https:\/\/www.domkraftpro.com\/"},{"@type":"ListItem","position":2,"name":"Products","item":"https:\/\/www.domkraftpro.com\/index.php\/products\/"},{"@type":"ListItem","position":3,"name":"Sez\u00f3nn\u00ed Sleva Novaservis Rohov\u00e1 koupelnov\u00e1 poli\u010dka velk\u00e1 Metalia chrom 6035,0"}]},{"@type":"WebSite","@id":"https:\/\/www.domkraftpro.com\/#website","url":"https:\/\/www.domkraftpro.com\/","name":"","description":"","potentialAction":[{"@type":"SearchAction","target":{"@type":"EntryPoint","urlTemplate":"https:\/\/www.domkraftpro.com\/?s={search_term_string}"},"query-input":{"@type":"PropertyValueSpecification","valueRequired":true,"valueName":"search_term_string"}}],"inLanguage":"cs"}]}},"_links":{"self":[{"href":"https:\/\/www.domkraftpro.com\/index.php\/wp-json\/wp\/v2\/product\/53918","targetHints":{"allow":["GET"]}}],"collection":[{"href":"https:\/\/www.domkraftpro.com\/index.php\/wp-json\/wp\/v2\/product"}],"about":[{"href":"https:\/\/www.domkraftpro.com\/index.php\/wp-json\/wp\/v2\/types\/product"}],"replies":[{"embeddable":true,"href":"https:\/\/www.domkraftpro.com\/index.php\/wp-json\/wp\/v2\/comments?post=53918"}],"wp:featuredmedia":[{"embeddable":true,"href":"https:\/\/www.domkraftpro.com\/index.php\/wp-json\/wp\/v2\/media\/54018"}],"wp:attachment":[{"href":"https:\/\/www.domkraftpro.com\/index.php\/wp-json\/wp\/v2\/media?parent=53918"}],"wp:term":[{"taxonomy":"product_brand","embeddable":true,"href":"https:\/\/www.domkraftpro.com\/index.php\/wp-json\/wp\/v2\/product_brand?post=53918"},{"taxonomy":"product_cat","embeddable":true,"href":"https:\/\/www.domkraftpro.com\/index.php\/wp-json\/wp\/v2\/product_cat?post=53918"},{"taxonomy":"product_tag","embeddable":true,"href":"https:\/\/www.domkraftpro.com\/index.php\/wp-json\/wp\/v2\/product_tag?post=53918"}],"curies":[{"name":"wp","href":"https:\/\/api.w.org\/{rel}","templated":true}]}}