{"id":53894,"date":"2026-04-27T04:42:49","date_gmt":"2026-04-27T04:42:49","guid":{"rendered":""},"modified":"2026-04-27T04:42:49","modified_gmt":"2026-04-27T04:42:49","slug":"faber-spojka-potrubi-s-klapkou-100-mm-87-494-nejlepsi-cena-53894","status":"publish","type":"product","link":"https:\/\/www.domkraftpro.com\/produkt\/faber-spojka-potrubi-s-klapkou-100-mm-87-494-nejlepsi-cena-53894\/","title":{"rendered":"Faber Spojka potrub\u00ed s klapkou 100 mm &#8211; 87.494 Nejlep\u0161\u00ed Cena"},"content":{"rendered":"<div class=\"ProductDetail-content NoFixImageContainer\" id=\"productDescription\">\n<div class=\"Heading\">\n<h2 class=\"Heading-title\">Popis produktu <span class=''>Faber Spojka potrub\u00ed s klapkou 100 mm &#8211; 87.494<\/span><\/h2>\n<\/p><\/div>\n<div class=\"ProductDetailContent\">                                                                    <\/div>\n<div class=\"ProductDetailContent\">\n<div class=\"ProductDetailContent-item\">\n<p>Spojka plastov\u00e1 kulat\u00e1, kter\u00e1 obsahuje zp\u011btnou klapku, je ur\u010dena ke spojov\u00e1n\u00ed plastov\u00fdch potrub\u00ed z vnit\u0159n\u00ed \u010d\u00e1sti a to tak, \u017ee se do sebe jednodu\u0161e zasunou. Spojka je ur\u010dena do max. teploty 45\u00b0C a je vyrobena z hmoty ABS v b\u00edl\u00e9 barv\u011b.  D\u016fle\u017eit\u00e9 upozorn\u011bn\u00ed: Tyto zp\u011btn\u00e9 klapky nejsou vhodn\u00e9 pro odsava\u010de FABER, ani jako sou\u010d\u00e1st jejich odtahov\u00e9ho syst\u00e9mu. V\u017edy v p\u0159\u00edpad\u011b odtahu vyu\u017eijte origin\u00e1ln\u00ed zp\u011btnou klapku FABER, kter\u00e1 je k p\u0159\u00edslu\u0161n\u00e9mu modelu ur\u010den\u00e1.<\/p>\n<\/p><\/div>\n<div class=\"ProductDetailContent-item\">\n<ul>\n<li>n\u00e1zev: <strong>Spojka s klapkou 100<\/strong><\/li>\n<li>z\u00e1ruka: <strong>2 let<\/strong><\/li>\n<li>hmotnost: <strong>0.05 kg<\/strong><\/li>\n<\/ul>\n<p><strong>Rozm\u011bry balen\u00ed<\/strong><\/p>\n<ul>\n<li>Hmotnost boxu: <strong>0.05 kg<\/strong><\/li>\n<li>V\u00fd\u0161ka boxu: <strong>60 mm<\/strong><\/li>\n<li>\u0160\u00ed\u0159ka boxu <strong>100 mm<\/strong><\/li>\n<\/ul><\/div>\n<\/p><\/div>\n<\/p><\/div>\n<\/p><\/div>\n<\/p><\/div>\n","protected":false},"excerpt":{"rendered":"<p>Popis produktu Faber Spojka potrub\u00ed s klapkou 100 mm &#8211; 87.494 Spojka plastov\u00e1 kulat\u00e1, kter\u00e1 obsahuje zp\u011btnou klapku, je ur\u010dena ke spojov\u00e1n\u00ed plastov\u00fdch potrub\u00ed z vnit\u0159n\u00ed \u010d\u00e1sti a to tak, \u017ee se do sebe jednodu\u0161e zasunou. Spojka je ur\u010dena do max. teploty 45\u00b0C a je vyrobena z hmoty ABS v b\u00edl\u00e9 barv\u011b. D\u016fle\u017eit\u00e9 upozorn\u011bn\u00ed: Tyto [&hellip;]<\/p>\n","protected":false},"featured_media":53994,"template":"","meta":[],"product_brand":[],"product_cat":[93],"product_tag":[],"class_list":{"0":"post-53894","1":"product","2":"type-product","3":"status-publish","4":"has-post-thumbnail","6":"product_cat-rekuperace-vzduchu-a-vody-vetrani","8":"first","9":"instock","10":"sale","11":"shipping-taxable","12":"purchasable","13":"product-type-simple"},"yoast_head":"<!-- This site is optimized with the Yoast SEO plugin v26.8 - https:\/\/yoast.com\/product\/yoast-seo-wordpress\/ -->\n<title>Faber Spojka potrub\u00ed s klapkou 100 mm - 87.494 Nejlep\u0161\u00ed Cena - Koupelna &amp; N\u00e1\u0159ad\u00ed &amp; Osv\u011btlen\u00ed a Stavebn\u00ed pot\u0159by<\/title>\n<meta name=\"robots\" content=\"index, follow, max-snippet:-1, max-image-preview:large, max-video-preview:-1\" \/>\n<link rel=\"canonical\" href=\"https:\/\/www.domkraftpro.com\/index.php\/produkt\/faber-spojka-potrubi-s-klapkou-100-mm-87-494-nejlepsi-cena-53894\/\" \/>\n<meta property=\"og:locale\" content=\"cs_CZ\" \/>\n<meta property=\"og:type\" content=\"article\" \/>\n<meta property=\"og:title\" content=\"Faber Spojka potrub\u00ed s klapkou 100 mm - 87.494 Nejlep\u0161\u00ed Cena - Koupelna &amp; N\u00e1\u0159ad\u00ed &amp; Osv\u011btlen\u00ed a Stavebn\u00ed pot\u0159by\" \/>\n<meta property=\"og:description\" content=\"Popis produktu Faber Spojka potrub\u00ed s klapkou 100 mm &#8211; 87.494 Spojka plastov\u00e1 kulat\u00e1, kter\u00e1 obsahuje zp\u011btnou klapku, je ur\u010dena ke spojov\u00e1n\u00ed plastov\u00fdch potrub\u00ed z vnit\u0159n\u00ed \u010d\u00e1sti a to tak, \u017ee se do sebe jednodu\u0161e zasunou. Spojka je ur\u010dena do max. teploty 45\u00b0C a je vyrobena z hmoty ABS v b\u00edl\u00e9 barv\u011b. D\u016fle\u017eit\u00e9 upozorn\u011bn\u00ed: Tyto [&hellip;]\" \/>\n<meta property=\"og:url\" content=\"https:\/\/www.domkraftpro.com\/index.php\/produkt\/faber-spojka-potrubi-s-klapkou-100-mm-87-494-nejlepsi-cena-53894\/\" \/>\n<meta property=\"og:site_name\" content=\"Koupelna &amp; N\u00e1\u0159ad\u00ed &amp; Osv\u011btlen\u00ed a Stavebn\u00ed pot\u0159by\" \/>\n<meta property=\"og:image\" content=\"https:\/\/www.domkraftpro.com\/wp-content\/uploads\/2026\/SK0008735-CZ20260425-092632-0-1777080397-faber-spojka-potrubi-s-klapkou-100-mm-87-494-502763.webp\" \/>\n\t<meta property=\"og:image:width\" content=\"600\" \/>\n\t<meta property=\"og:image:height\" content=\"600\" \/>\n\t<meta property=\"og:image:type\" content=\"image\/webp\" \/>\n<meta name=\"twitter:card\" content=\"summary_large_image\" \/>\n<meta name=\"twitter:label1\" content=\"Odhadovan\u00e1 doba \u010dten\u00ed\" \/>\n\t<meta name=\"twitter:data1\" content=\"1 minuta\" \/>\n<script type=\"application\/ld+json\" class=\"yoast-schema-graph\">{\"@context\":\"https:\/\/schema.org\",\"@graph\":[{\"@type\":\"WebPage\",\"@id\":\"https:\/\/www.domkraftpro.com\/index.php\/produkt\/faber-spojka-potrubi-s-klapkou-100-mm-87-494-nejlepsi-cena-53894\/\",\"url\":\"https:\/\/www.domkraftpro.com\/index.php\/produkt\/faber-spojka-potrubi-s-klapkou-100-mm-87-494-nejlepsi-cena-53894\/\",\"name\":\"Faber Spojka potrub\u00ed s klapkou 100 mm - 87.494 Nejlep\u0161\u00ed Cena - Koupelna &amp; N\u00e1\u0159ad\u00ed &amp; Osv\u011btlen\u00ed a Stavebn\u00ed pot\u0159by\",\"isPartOf\":{\"@id\":\"https:\/\/www.domkraftpro.com\/#website\"},\"primaryImageOfPage\":{\"@id\":\"https:\/\/www.domkraftpro.com\/index.php\/produkt\/faber-spojka-potrubi-s-klapkou-100-mm-87-494-nejlepsi-cena-53894\/#primaryimage\"},\"image\":{\"@id\":\"https:\/\/www.domkraftpro.com\/index.php\/produkt\/faber-spojka-potrubi-s-klapkou-100-mm-87-494-nejlepsi-cena-53894\/#primaryimage\"},\"thumbnailUrl\":\"https:\/\/www.domkraftpro.com\/wp-content\/uploads\/2026\/SK0008735-CZ20260425-092632-0-1777080397-faber-spojka-potrubi-s-klapkou-100-mm-87-494-502763.webp\",\"datePublished\":\"2026-04-27T04:42:49+00:00\",\"breadcrumb\":{\"@id\":\"https:\/\/www.domkraftpro.com\/index.php\/produkt\/faber-spojka-potrubi-s-klapkou-100-mm-87-494-nejlepsi-cena-53894\/#breadcrumb\"},\"inLanguage\":\"cs\",\"potentialAction\":[{\"@type\":\"ReadAction\",\"target\":[\"https:\/\/www.domkraftpro.com\/index.php\/produkt\/faber-spojka-potrubi-s-klapkou-100-mm-87-494-nejlepsi-cena-53894\/\"]}]},{\"@type\":\"ImageObject\",\"inLanguage\":\"cs\",\"@id\":\"https:\/\/www.domkraftpro.com\/index.php\/produkt\/faber-spojka-potrubi-s-klapkou-100-mm-87-494-nejlepsi-cena-53894\/#primaryimage\",\"url\":\"https:\/\/www.domkraftpro.com\/wp-content\/uploads\/2026\/SK0008735-CZ20260425-092632-0-1777080397-faber-spojka-potrubi-s-klapkou-100-mm-87-494-502763.webp\",\"contentUrl\":\"https:\/\/www.domkraftpro.com\/wp-content\/uploads\/2026\/SK0008735-CZ20260425-092632-0-1777080397-faber-spojka-potrubi-s-klapkou-100-mm-87-494-502763.webp\",\"width\":600,\"height\":600},{\"@type\":\"BreadcrumbList\",\"@id\":\"https:\/\/www.domkraftpro.com\/index.php\/produkt\/faber-spojka-potrubi-s-klapkou-100-mm-87-494-nejlepsi-cena-53894\/#breadcrumb\",\"itemListElement\":[{\"@type\":\"ListItem\",\"position\":1,\"name\":\"Home\",\"item\":\"https:\/\/www.domkraftpro.com\/\"},{\"@type\":\"ListItem\",\"position\":2,\"name\":\"Products\",\"item\":\"https:\/\/www.domkraftpro.com\/products\/\"},{\"@type\":\"ListItem\",\"position\":3,\"name\":\"Faber Spojka potrub\u00ed s klapkou 100 mm &#8211; 87.494 Nejlep\u0161\u00ed Cena\"}]},{\"@type\":\"WebSite\",\"@id\":\"https:\/\/www.domkraftpro.com\/#website\",\"url\":\"https:\/\/www.domkraftpro.com\/\",\"name\":\"Koupelna &amp; N\u00e1\u0159ad\u00ed &amp; Osv\u011btlen\u00ed a Stavebn\u00ed pot\u0159by\",\"description\":\"Koupelna &amp; N\u00e1\u0159ad\u00ed &amp; Osv\u011btlen\u00ed a Stavebn\u00ed pot\u0159by\",\"publisher\":{\"@id\":\"https:\/\/www.domkraftpro.com\/#organization\"},\"potentialAction\":[{\"@type\":\"SearchAction\",\"target\":{\"@type\":\"EntryPoint\",\"urlTemplate\":\"https:\/\/www.domkraftpro.com\/?s={search_term_string}\"},\"query-input\":{\"@type\":\"PropertyValueSpecification\",\"valueRequired\":true,\"valueName\":\"search_term_string\"}}],\"inLanguage\":\"cs\"},{\"@type\":\"Organization\",\"@id\":\"https:\/\/www.domkraftpro.com\/#organization\",\"name\":\"Koupelna &amp; N\u00e1\u0159ad\u00ed &amp; Osv\u011btlen\u00ed a Stavebn\u00ed pot\u0159by\",\"url\":\"https:\/\/www.domkraftpro.com\/\",\"logo\":{\"@type\":\"ImageObject\",\"inLanguage\":\"cs\",\"@id\":\"https:\/\/www.domkraftpro.com\/#\/schema\/logo\/image\/\",\"url\":\"https:\/\/www.domkraftpro.com\/wp-content\/uploads\/2026\/04\/domkraftpro_logo.svg\",\"contentUrl\":\"https:\/\/www.domkraftpro.com\/wp-content\/uploads\/2026\/04\/domkraftpro_logo.svg\",\"width\":760,\"height\":180,\"caption\":\"Koupelna &amp; N\u00e1\u0159ad\u00ed &amp; Osv\u011btlen\u00ed a Stavebn\u00ed pot\u0159by\"},\"image\":{\"@id\":\"https:\/\/www.domkraftpro.com\/#\/schema\/logo\/image\/\"}}]}<\/script>\n<!-- \/ Yoast SEO plugin. -->","yoast_head_json":{"title":"Faber Spojka potrub\u00ed s klapkou 100 mm - 87.494 Nejlep\u0161\u00ed Cena - Koupelna &amp; N\u00e1\u0159ad\u00ed &amp; Osv\u011btlen\u00ed a Stavebn\u00ed pot\u0159by","robots":{"index":"index","follow":"follow","max-snippet":"max-snippet:-1","max-image-preview":"max-image-preview:large","max-video-preview":"max-video-preview:-1"},"canonical":"https:\/\/www.domkraftpro.com\/index.php\/produkt\/faber-spojka-potrubi-s-klapkou-100-mm-87-494-nejlepsi-cena-53894\/","og_locale":"cs_CZ","og_type":"article","og_title":"Faber Spojka potrub\u00ed s klapkou 100 mm - 87.494 Nejlep\u0161\u00ed Cena - Koupelna &amp; N\u00e1\u0159ad\u00ed &amp; Osv\u011btlen\u00ed a Stavebn\u00ed pot\u0159by","og_description":"Popis produktu Faber Spojka potrub\u00ed s klapkou 100 mm &#8211; 87.494 Spojka plastov\u00e1 kulat\u00e1, kter\u00e1 obsahuje zp\u011btnou klapku, je ur\u010dena ke spojov\u00e1n\u00ed plastov\u00fdch potrub\u00ed z vnit\u0159n\u00ed \u010d\u00e1sti a to tak, \u017ee se do sebe jednodu\u0161e zasunou. Spojka je ur\u010dena do max. teploty 45\u00b0C a je vyrobena z hmoty ABS v b\u00edl\u00e9 barv\u011b. D\u016fle\u017eit\u00e9 upozorn\u011bn\u00ed: Tyto [&hellip;]","og_url":"https:\/\/www.domkraftpro.com\/index.php\/produkt\/faber-spojka-potrubi-s-klapkou-100-mm-87-494-nejlepsi-cena-53894\/","og_site_name":"Koupelna &amp; N\u00e1\u0159ad\u00ed &amp; Osv\u011btlen\u00ed a Stavebn\u00ed pot\u0159by","og_image":[{"width":600,"height":600,"url":"https:\/\/www.domkraftpro.com\/wp-content\/uploads\/2026\/SK0008735-CZ20260425-092632-0-1777080397-faber-spojka-potrubi-s-klapkou-100-mm-87-494-502763.webp","type":"image\/webp"}],"twitter_card":"summary_large_image","twitter_misc":{"Odhadovan\u00e1 doba \u010dten\u00ed":"1 minuta"},"schema":{"@context":"https:\/\/schema.org","@graph":[{"@type":"WebPage","@id":"https:\/\/www.domkraftpro.com\/index.php\/produkt\/faber-spojka-potrubi-s-klapkou-100-mm-87-494-nejlepsi-cena-53894\/","url":"https:\/\/www.domkraftpro.com\/index.php\/produkt\/faber-spojka-potrubi-s-klapkou-100-mm-87-494-nejlepsi-cena-53894\/","name":"Faber Spojka potrub\u00ed s klapkou 100 mm - 87.494 Nejlep\u0161\u00ed Cena - Koupelna &amp; N\u00e1\u0159ad\u00ed &amp; Osv\u011btlen\u00ed a Stavebn\u00ed pot\u0159by","isPartOf":{"@id":"https:\/\/www.domkraftpro.com\/#website"},"primaryImageOfPage":{"@id":"https:\/\/www.domkraftpro.com\/index.php\/produkt\/faber-spojka-potrubi-s-klapkou-100-mm-87-494-nejlepsi-cena-53894\/#primaryimage"},"image":{"@id":"https:\/\/www.domkraftpro.com\/index.php\/produkt\/faber-spojka-potrubi-s-klapkou-100-mm-87-494-nejlepsi-cena-53894\/#primaryimage"},"thumbnailUrl":"https:\/\/www.domkraftpro.com\/wp-content\/uploads\/2026\/SK0008735-CZ20260425-092632-0-1777080397-faber-spojka-potrubi-s-klapkou-100-mm-87-494-502763.webp","datePublished":"2026-04-27T04:42:49+00:00","breadcrumb":{"@id":"https:\/\/www.domkraftpro.com\/index.php\/produkt\/faber-spojka-potrubi-s-klapkou-100-mm-87-494-nejlepsi-cena-53894\/#breadcrumb"},"inLanguage":"cs","potentialAction":[{"@type":"ReadAction","target":["https:\/\/www.domkraftpro.com\/index.php\/produkt\/faber-spojka-potrubi-s-klapkou-100-mm-87-494-nejlepsi-cena-53894\/"]}]},{"@type":"ImageObject","inLanguage":"cs","@id":"https:\/\/www.domkraftpro.com\/index.php\/produkt\/faber-spojka-potrubi-s-klapkou-100-mm-87-494-nejlepsi-cena-53894\/#primaryimage","url":"https:\/\/www.domkraftpro.com\/wp-content\/uploads\/2026\/SK0008735-CZ20260425-092632-0-1777080397-faber-spojka-potrubi-s-klapkou-100-mm-87-494-502763.webp","contentUrl":"https:\/\/www.domkraftpro.com\/wp-content\/uploads\/2026\/SK0008735-CZ20260425-092632-0-1777080397-faber-spojka-potrubi-s-klapkou-100-mm-87-494-502763.webp","width":600,"height":600},{"@type":"BreadcrumbList","@id":"https:\/\/www.domkraftpro.com\/index.php\/produkt\/faber-spojka-potrubi-s-klapkou-100-mm-87-494-nejlepsi-cena-53894\/#breadcrumb","itemListElement":[{"@type":"ListItem","position":1,"name":"Home","item":"https:\/\/www.domkraftpro.com\/"},{"@type":"ListItem","position":2,"name":"Products","item":"https:\/\/www.domkraftpro.com\/products\/"},{"@type":"ListItem","position":3,"name":"Faber Spojka potrub\u00ed s klapkou 100 mm &#8211; 87.494 Nejlep\u0161\u00ed Cena"}]},{"@type":"WebSite","@id":"https:\/\/www.domkraftpro.com\/#website","url":"https:\/\/www.domkraftpro.com\/","name":"Koupelna &amp; N\u00e1\u0159ad\u00ed &amp; Osv\u011btlen\u00ed a Stavebn\u00ed pot\u0159by","description":"Koupelna &amp; N\u00e1\u0159ad\u00ed &amp; Osv\u011btlen\u00ed a Stavebn\u00ed pot\u0159by","publisher":{"@id":"https:\/\/www.domkraftpro.com\/#organization"},"potentialAction":[{"@type":"SearchAction","target":{"@type":"EntryPoint","urlTemplate":"https:\/\/www.domkraftpro.com\/?s={search_term_string}"},"query-input":{"@type":"PropertyValueSpecification","valueRequired":true,"valueName":"search_term_string"}}],"inLanguage":"cs"},{"@type":"Organization","@id":"https:\/\/www.domkraftpro.com\/#organization","name":"Koupelna &amp; N\u00e1\u0159ad\u00ed &amp; Osv\u011btlen\u00ed a Stavebn\u00ed pot\u0159by","url":"https:\/\/www.domkraftpro.com\/","logo":{"@type":"ImageObject","inLanguage":"cs","@id":"https:\/\/www.domkraftpro.com\/#\/schema\/logo\/image\/","url":"https:\/\/www.domkraftpro.com\/wp-content\/uploads\/2026\/04\/domkraftpro_logo.svg","contentUrl":"https:\/\/www.domkraftpro.com\/wp-content\/uploads\/2026\/04\/domkraftpro_logo.svg","width":760,"height":180,"caption":"Koupelna &amp; N\u00e1\u0159ad\u00ed &amp; Osv\u011btlen\u00ed a Stavebn\u00ed pot\u0159by"},"image":{"@id":"https:\/\/www.domkraftpro.com\/#\/schema\/logo\/image\/"}}]}},"_links":{"self":[{"href":"https:\/\/www.domkraftpro.com\/wp-json\/wp\/v2\/product\/53894","targetHints":{"allow":["GET"]}}],"collection":[{"href":"https:\/\/www.domkraftpro.com\/wp-json\/wp\/v2\/product"}],"about":[{"href":"https:\/\/www.domkraftpro.com\/wp-json\/wp\/v2\/types\/product"}],"wp:featuredmedia":[{"embeddable":true,"href":"https:\/\/www.domkraftpro.com\/wp-json\/wp\/v2\/media\/53994"}],"wp:attachment":[{"href":"https:\/\/www.domkraftpro.com\/wp-json\/wp\/v2\/media?parent=53894"}],"wp:term":[{"taxonomy":"product_brand","embeddable":true,"href":"https:\/\/www.domkraftpro.com\/wp-json\/wp\/v2\/product_brand?post=53894"},{"taxonomy":"product_cat","embeddable":true,"href":"https:\/\/www.domkraftpro.com\/wp-json\/wp\/v2\/product_cat?post=53894"},{"taxonomy":"product_tag","embeddable":true,"href":"https:\/\/www.domkraftpro.com\/wp-json\/wp\/v2\/product_tag?post=53894"}],"curies":[{"name":"wp","href":"https:\/\/api.w.org\/{rel}","templated":true}]}}